{"id":5513,"date":"2026-04-09T17:07:24","date_gmt":"2026-04-09T17:07:24","guid":{"rendered":"https:\/\/gayaessence.com\/?post_type=product&#038;p=5513"},"modified":"2026-04-09T17:14:07","modified_gmt":"2026-04-09T17:14:07","slug":"pulsera-psique","status":"publish","type":"product","link":"https:\/\/gayaessence.com\/index.php\/producto\/pulsera-psique\/","title":{"rendered":"Pulsera Psique"},"content":{"rendered":"\t\t<div data-elementor-type=\"wp-post\" data-elementor-id=\"5513\" class=\"elementor elementor-5513\">\n\t\t\t\t\t\t<section class=\"elementor-section elementor-top-section elementor-element elementor-element-ba79a43 elementor-section-boxed elementor-section-height-default elementor-section-height-default\" data-id=\"ba79a43\" data-element_type=\"section\">\n\t\t\t\t\t\t<div class=\"elementor-container elementor-column-gap-default\">\n\t\t\t\t\t<div class=\"elementor-column elementor-col-100 elementor-top-column elementor-element elementor-element-183df69\" data-id=\"183df69\" data-element_type=\"column\">\n\t\t\t<div class=\"elementor-widget-wrap elementor-element-populated\">\n\t\t\t\t\t\t<section class=\"elementor-section elementor-inner-section elementor-element elementor-element-f5dfea0 elementor-section-boxed elementor-section-height-default elementor-section-height-default\" data-id=\"f5dfea0\" data-element_type=\"section\">\n\t\t\t\t\t\t<div class=\"elementor-container elementor-column-gap-default\">\n\t\t\t\t\t<div class=\"elementor-column elementor-col-50 elementor-inner-column elementor-element elementor-element-a5c31cf\" data-id=\"a5c31cf\" data-element_type=\"column\">\n\t\t\t<div class=\"elementor-widget-wrap elementor-element-populated\">\n\t\t\t\t\t\t<div class=\"elementor-element elementor-element-88efd13 elementor-widget elementor-widget-heading\" data-id=\"88efd13\" data-element_type=\"widget\" data-widget_type=\"heading.default\">\n\t\t\t\t<div class=\"elementor-widget-container\">\n\t\t\t<h3 class=\"elementor-heading-title elementor-size-default\">Descripci\u00f3n<\/h3>\t\t<\/div>\n\t\t\t\t<\/div>\n\t\t\t\t<div class=\"elementor-element elementor-element-d4da46a elementor-widget elementor-widget-text-editor\" data-id=\"d4da46a\" data-element_type=\"widget\" data-widget_type=\"text-editor.default\">\n\t\t\t\t<div class=\"elementor-widget-container\">\n\t\t\t\t\t\t\t<div class=\"Y3BBE\" data-sfc-cp=\"\" data-sfc-root=\"c\" data-sfc-cb=\"\" data-hveid=\"CAEIBRAA\" data-complete=\"true\" data-processed=\"true\"><div class=\"Y3BBE\" data-sfc-cp=\"\" data-sfc-root=\"c\" data-sfc-cb=\"\" data-hveid=\"CAEIBxAA\" data-complete=\"true\" data-processed=\"true\"><div class=\"Y3BBE\" data-sfc-cp=\"\" data-sfc-root=\"c\" data-sfc-cb=\"\" data-hveid=\"CAEIBhAA\" data-processed=\"true\" data-complete=\"true\"><div class=\"Y3BBE\" data-sfc-cp=\"\" data-sfc-root=\"c\" data-sfc-cb=\"\" data-hveid=\"CAEICBAA\" data-processed=\"true\" data-complete=\"true\"><div class=\"Y3BBE\" data-sfc-cp=\"\" data-sfc-root=\"c\" data-sfc-cb=\"\" data-hveid=\"CAEIAxAA\" data-processed=\"true\" data-complete=\"true\">Una pieza minimalista y con car\u00e1cter que combina la fuerza de la piedra natural con la elegancia de los <strong class=\"Yjhzub\" data-sfc-root=\"c\" data-sfc-cb=\"\" data-complete=\"true\" data-processed=\"true\">dijes ba\u00f1ados en oro fino<\/strong>. Esta pulsera tiene una medida de <strong class=\"Yjhzub\" data-sfc-root=\"c\" data-sfc-cb=\"\" data-complete=\"true\" data-processed=\"true\">16 cm y cuenta con una extensi\u00f3n de 2 cm<\/strong> para que la ajustes c\u00f3modamente a tu medida.<\/div><div data-sfc-cp=\"\" data-sfc-root=\"c\" data-sfc-cb=\"\" data-hveid=\"CAEIAxAA\" data-processed=\"true\" data-complete=\"true\">\u00a0<\/div><div class=\"Y3BBE\" data-sfc-cp=\"\" data-sfc-root=\"c\" data-sfc-cb=\"\" data-hveid=\"CAEIBBAA\" data-processed=\"true\" data-complete=\"true\"><strong class=\"Yjhzub\" data-sfc-root=\"c\" data-sfc-cb=\"\" data-complete=\"true\" data-processed=\"true\">Propiedades de la Labradorita:<\/strong><br data-sfc-root=\"c\" data-sfc-pl=\"|[]\" data-sfc-cb=\"\" data-complete=\"true\" data-processed=\"true\" \/>Es conocida como una piedra de <strong class=\"Yjhzub\" data-sfc-root=\"c\" data-sfc-cb=\"\" data-complete=\"true\" data-processed=\"true\">protecci\u00f3n y transformaci\u00f3n<\/strong>. Act\u00faa como un escudo para tu energ\u00eda, ayudando a mantener el equilibrio y a fortalecer la intuici\u00f3n en el d\u00eda a d\u00eda. Sus reflejos met\u00e1licos naturales la convierten en una gema fascinante y vers\u00e1til.<\/div><div data-sfc-cp=\"\" data-sfc-root=\"c\" data-sfc-cb=\"\" data-hveid=\"CAEIBBAA\" data-processed=\"true\" data-complete=\"true\">\u00a0<\/div><div class=\"Y3BBE\" data-sfc-cp=\"\" data-sfc-root=\"c\" data-sfc-cb=\"\" data-hveid=\"CAEIBRAA\" data-processed=\"true\" data-complete=\"true\">Al trabajar con piedras aut\u00e9nticas, cada labradorita presenta sus propios destellos azules o dorados y vetas naturales. Esto significa que recibir\u00e1s una joya exclusiva, con matices que pueden variar ligeramente respecto a la foto.<\/div><\/div><\/div><\/div><\/div><div class=\"Fsg96\" data-sfc-cp=\"\" data-sfc-root=\"c\" data-sfc-cb=\"\" data-complete=\"true\" data-processed=\"true\">\u00a0<\/div>\t\t\t\t\t\t<\/div>\n\t\t\t\t<\/div>\n\t\t\t\t\t<\/div>\n\t\t<\/div>\n\t\t\t\t<div class=\"elementor-column elementor-col-50 elementor-inner-column elementor-element elementor-element-a967996\" data-id=\"a967996\" data-element_type=\"column\">\n\t\t\t<div class=\"elementor-widget-wrap elementor-element-populated\">\n\t\t\t\t\t\t<div class=\"elementor-element elementor-element-38791ca elementor-widget elementor-widget-image\" data-id=\"38791ca\" data-element_type=\"widget\" data-widget_type=\"image.default\">\n\t\t\t\t<div class=\"elementor-widget-container\">\n\t\t\t\t\t\t\t\t\t\t\t\t\t<img fetchpriority=\"high\" decoding=\"async\" width=\"1200\" height=\"1123\" src=\"https:\/\/gayaessence.com\/wp-content\/uploads\/2026\/04\/Captura-de-pantalla-2026-04-09-a-las-14.08.55-1200x1123.png\" class=\"attachment-large size-large wp-image-5514\" alt=\"\" srcset=\"https:\/\/gayaessence.com\/wp-content\/uploads\/2026\/04\/Captura-de-pantalla-2026-04-09-a-las-14.08.55-1200x1123.png 1200w, https:\/\/gayaessence.com\/wp-content\/uploads\/2026\/04\/Captura-de-pantalla-2026-04-09-a-las-14.08.55-500x468.png 500w, https:\/\/gayaessence.com\/wp-content\/uploads\/2026\/04\/Captura-de-pantalla-2026-04-09-a-las-14.08.55-300x281.png 300w, https:\/\/gayaessence.com\/wp-content\/uploads\/2026\/04\/Captura-de-pantalla-2026-04-09-a-las-14.08.55-768x719.png 768w, https:\/\/gayaessence.com\/wp-content\/uploads\/2026\/04\/Captura-de-pantalla-2026-04-09-a-las-14.08.55-80x75.png 80w, https:\/\/gayaessence.com\/wp-content\/uploads\/2026\/04\/Captura-de-pantalla-2026-04-09-a-las-14.08.55-480x449.png 480w, https:\/\/gayaessence.com\/wp-content\/uploads\/2026\/04\/Captura-de-pantalla-2026-04-09-a-las-14.08.55-800x749.png 800w, https:\/\/gayaessence.com\/wp-content\/uploads\/2026\/04\/Captura-de-pantalla-2026-04-09-a-las-14.08.55.png 1534w\" sizes=\"(max-width:767px) 480px, (max-width:1200px) 100vw, 1200px\" \/>\t\t\t\t\t\t\t\t\t\t\t\t\t<\/div>\n\t\t\t\t<\/div>\n\t\t\t\t\t<\/div>\n\t\t<\/div>\n\t\t\t\t\t<\/div>\n\t\t<\/section>\n\t\t\t\t\t<\/div>\n\t\t<\/div>\n\t\t\t\t\t<\/div>\n\t\t<\/section>\n\t\t\t\t<\/div>\n\t\t","protected":false},"excerpt":{"rendered":"<p>Descripci\u00f3n Una pieza minimalista y con car\u00e1cter que combina la fuerza de la piedra natural con la elegancia de los dijes ba\u00f1ados en oro fino. Esta<span class=\"excerpt-hellip\"> [\u2026]<\/span><\/p>\n","protected":false},"featured_media":5514,"template":"","meta":[],"product_brand":[],"product_cat":[224],"product_tag":[],"class_list":{"0":"post-5513","1":"product","2":"type-product","3":"status-publish","4":"has-post-thumbnail","6":"product_cat-joyas","8":"first","9":"instock","10":"shipping-taxable","11":"purchasable","12":"product-type-simple"},"yoast_head":"<!-- This site is optimized with the Yoast SEO plugin v23.9 - https:\/\/yoast.com\/wordpress\/plugins\/seo\/ -->\n<title>Pulsera Psique - Gaya Essence<\/title>\n<meta name=\"robots\" content=\"index, follow, max-snippet:-1, max-image-preview:large, max-video-preview:-1\" \/>\n<link rel=\"canonical\" href=\"https:\/\/gayaessence.com\/index.php\/producto\/pulsera-psique\/\" \/>\n<meta property=\"og:locale\" content=\"es_ES\" \/>\n<meta property=\"og:type\" content=\"article\" \/>\n<meta property=\"og:title\" content=\"Pulsera Psique - Gaya Essence\" \/>\n<meta property=\"og:description\" content=\"Descripci\u00f3n Una pieza minimalista y con car\u00e1cter que combina la fuerza de la piedra natural con la elegancia de los dijes ba\u00f1ados en oro fino. Esta [\u2026]\" \/>\n<meta property=\"og:url\" content=\"https:\/\/gayaessence.com\/index.php\/producto\/pulsera-psique\/\" \/>\n<meta property=\"og:site_name\" content=\"Gaya Essence\" \/>\n<meta property=\"article:modified_time\" content=\"2026-04-09T17:14:07+00:00\" \/>\n<meta property=\"og:image\" content=\"https:\/\/gayaessence.com\/wp-content\/uploads\/2026\/04\/Captura-de-pantalla-2026-04-09-a-las-14.08.55-1200x1123.png\" \/>\n\t<meta property=\"og:image:width\" content=\"1200\" \/>\n\t<meta property=\"og:image:height\" content=\"1123\" \/>\n\t<meta property=\"og:image:type\" content=\"image\/png\" \/>\n<meta name=\"twitter:card\" content=\"summary_large_image\" \/>\n<meta name=\"twitter:label1\" content=\"Tiempo de lectura\" \/>\n\t<meta name=\"twitter:data1\" content=\"1 minuto\" \/>\n<script type=\"application\/ld+json\" class=\"yoast-schema-graph\">{\"@context\":\"https:\/\/schema.org\",\"@graph\":[{\"@type\":\"WebPage\",\"@id\":\"https:\/\/gayaessence.com\/index.php\/producto\/pulsera-psique\/\",\"url\":\"https:\/\/gayaessence.com\/index.php\/producto\/pulsera-psique\/\",\"name\":\"Pulsera Psique - Gaya Essence\",\"isPartOf\":{\"@id\":\"https:\/\/gayaessence.com\/#website\"},\"primaryImageOfPage\":{\"@id\":\"https:\/\/gayaessence.com\/index.php\/producto\/pulsera-psique\/#primaryimage\"},\"image\":{\"@id\":\"https:\/\/gayaessence.com\/index.php\/producto\/pulsera-psique\/#primaryimage\"},\"thumbnailUrl\":\"https:\/\/gayaessence.com\/wp-content\/uploads\/2026\/04\/Captura-de-pantalla-2026-04-09-a-las-14.08.55.png\",\"datePublished\":\"2026-04-09T17:07:24+00:00\",\"dateModified\":\"2026-04-09T17:14:07+00:00\",\"breadcrumb\":{\"@id\":\"https:\/\/gayaessence.com\/index.php\/producto\/pulsera-psique\/#breadcrumb\"},\"inLanguage\":\"es\",\"potentialAction\":[{\"@type\":\"ReadAction\",\"target\":[\"https:\/\/gayaessence.com\/index.php\/producto\/pulsera-psique\/\"]}]},{\"@type\":\"ImageObject\",\"inLanguage\":\"es\",\"@id\":\"https:\/\/gayaessence.com\/index.php\/producto\/pulsera-psique\/#primaryimage\",\"url\":\"https:\/\/gayaessence.com\/wp-content\/uploads\/2026\/04\/Captura-de-pantalla-2026-04-09-a-las-14.08.55.png\",\"contentUrl\":\"https:\/\/gayaessence.com\/wp-content\/uploads\/2026\/04\/Captura-de-pantalla-2026-04-09-a-las-14.08.55.png\",\"width\":1534,\"height\":1436},{\"@type\":\"BreadcrumbList\",\"@id\":\"https:\/\/gayaessence.com\/index.php\/producto\/pulsera-psique\/#breadcrumb\",\"itemListElement\":[{\"@type\":\"ListItem\",\"position\":1,\"name\":\"Portada\",\"item\":\"https:\/\/gayaessence.com\/\"},{\"@type\":\"ListItem\",\"position\":2,\"name\":\"Tienda\",\"item\":\"https:\/\/gayaessence.com\/index.php\/shop\/\"},{\"@type\":\"ListItem\",\"position\":3,\"name\":\"Pulsera Psique\"}]},{\"@type\":\"WebSite\",\"@id\":\"https:\/\/gayaessence.com\/#website\",\"url\":\"https:\/\/gayaessence.com\/\",\"name\":\"Gaya Essence\",\"description\":\"Cuida, Protege y Eleva tu Vibraci\u00f3n\",\"publisher\":{\"@id\":\"https:\/\/gayaessence.com\/#organization\"},\"potentialAction\":[{\"@type\":\"SearchAction\",\"target\":{\"@type\":\"EntryPoint\",\"urlTemplate\":\"https:\/\/gayaessence.com\/?s={search_term_string}\"},\"query-input\":{\"@type\":\"PropertyValueSpecification\",\"valueRequired\":true,\"valueName\":\"search_term_string\"}}],\"inLanguage\":\"es\"},{\"@type\":\"Organization\",\"@id\":\"https:\/\/gayaessence.com\/#organization\",\"name\":\"Gaya Essence\",\"url\":\"https:\/\/gayaessence.com\/\",\"logo\":{\"@type\":\"ImageObject\",\"inLanguage\":\"es\",\"@id\":\"https:\/\/gayaessence.com\/#\/schema\/logo\/image\/\",\"url\":\"https:\/\/gayaessence.com\/wp-content\/uploads\/2024\/10\/cropped-logo-transp-1.png\",\"contentUrl\":\"https:\/\/gayaessence.com\/wp-content\/uploads\/2024\/10\/cropped-logo-transp-1.png\",\"width\":500,\"height\":196,\"caption\":\"Gaya Essence\"},\"image\":{\"@id\":\"https:\/\/gayaessence.com\/#\/schema\/logo\/image\/\"}}]}<\/script>\n<!-- \/ Yoast SEO plugin. -->","yoast_head_json":{"title":"Pulsera Psique - Gaya Essence","robots":{"index":"index","follow":"follow","max-snippet":"max-snippet:-1","max-image-preview":"max-image-preview:large","max-video-preview":"max-video-preview:-1"},"canonical":"https:\/\/gayaessence.com\/index.php\/producto\/pulsera-psique\/","og_locale":"es_ES","og_type":"article","og_title":"Pulsera Psique - Gaya Essence","og_description":"Descripci\u00f3n Una pieza minimalista y con car\u00e1cter que combina la fuerza de la piedra natural con la elegancia de los dijes ba\u00f1ados en oro fino. Esta [\u2026]","og_url":"https:\/\/gayaessence.com\/index.php\/producto\/pulsera-psique\/","og_site_name":"Gaya Essence","article_modified_time":"2026-04-09T17:14:07+00:00","og_image":[{"width":1200,"height":1123,"url":"https:\/\/gayaessence.com\/wp-content\/uploads\/2026\/04\/Captura-de-pantalla-2026-04-09-a-las-14.08.55-1200x1123.png","type":"image\/png"}],"twitter_card":"summary_large_image","twitter_misc":{"Tiempo de lectura":"1 minuto"},"schema":{"@context":"https:\/\/schema.org","@graph":[{"@type":"WebPage","@id":"https:\/\/gayaessence.com\/index.php\/producto\/pulsera-psique\/","url":"https:\/\/gayaessence.com\/index.php\/producto\/pulsera-psique\/","name":"Pulsera Psique - Gaya Essence","isPartOf":{"@id":"https:\/\/gayaessence.com\/#website"},"primaryImageOfPage":{"@id":"https:\/\/gayaessence.com\/index.php\/producto\/pulsera-psique\/#primaryimage"},"image":{"@id":"https:\/\/gayaessence.com\/index.php\/producto\/pulsera-psique\/#primaryimage"},"thumbnailUrl":"https:\/\/gayaessence.com\/wp-content\/uploads\/2026\/04\/Captura-de-pantalla-2026-04-09-a-las-14.08.55.png","datePublished":"2026-04-09T17:07:24+00:00","dateModified":"2026-04-09T17:14:07+00:00","breadcrumb":{"@id":"https:\/\/gayaessence.com\/index.php\/producto\/pulsera-psique\/#breadcrumb"},"inLanguage":"es","potentialAction":[{"@type":"ReadAction","target":["https:\/\/gayaessence.com\/index.php\/producto\/pulsera-psique\/"]}]},{"@type":"ImageObject","inLanguage":"es","@id":"https:\/\/gayaessence.com\/index.php\/producto\/pulsera-psique\/#primaryimage","url":"https:\/\/gayaessence.com\/wp-content\/uploads\/2026\/04\/Captura-de-pantalla-2026-04-09-a-las-14.08.55.png","contentUrl":"https:\/\/gayaessence.com\/wp-content\/uploads\/2026\/04\/Captura-de-pantalla-2026-04-09-a-las-14.08.55.png","width":1534,"height":1436},{"@type":"BreadcrumbList","@id":"https:\/\/gayaessence.com\/index.php\/producto\/pulsera-psique\/#breadcrumb","itemListElement":[{"@type":"ListItem","position":1,"name":"Portada","item":"https:\/\/gayaessence.com\/"},{"@type":"ListItem","position":2,"name":"Tienda","item":"https:\/\/gayaessence.com\/index.php\/shop\/"},{"@type":"ListItem","position":3,"name":"Pulsera Psique"}]},{"@type":"WebSite","@id":"https:\/\/gayaessence.com\/#website","url":"https:\/\/gayaessence.com\/","name":"Gaya Essence","description":"Cuida, Protege y Eleva tu Vibraci\u00f3n","publisher":{"@id":"https:\/\/gayaessence.com\/#organization"},"potentialAction":[{"@type":"SearchAction","target":{"@type":"EntryPoint","urlTemplate":"https:\/\/gayaessence.com\/?s={search_term_string}"},"query-input":{"@type":"PropertyValueSpecification","valueRequired":true,"valueName":"search_term_string"}}],"inLanguage":"es"},{"@type":"Organization","@id":"https:\/\/gayaessence.com\/#organization","name":"Gaya Essence","url":"https:\/\/gayaessence.com\/","logo":{"@type":"ImageObject","inLanguage":"es","@id":"https:\/\/gayaessence.com\/#\/schema\/logo\/image\/","url":"https:\/\/gayaessence.com\/wp-content\/uploads\/2024\/10\/cropped-logo-transp-1.png","contentUrl":"https:\/\/gayaessence.com\/wp-content\/uploads\/2024\/10\/cropped-logo-transp-1.png","width":500,"height":196,"caption":"Gaya Essence"},"image":{"@id":"https:\/\/gayaessence.com\/#\/schema\/logo\/image\/"}}]}},"jetpack_sharing_enabled":true,"_links":{"self":[{"href":"https:\/\/gayaessence.com\/index.php\/wp-json\/wp\/v2\/product\/5513","targetHints":{"allow":["GET"]}}],"collection":[{"href":"https:\/\/gayaessence.com\/index.php\/wp-json\/wp\/v2\/product"}],"about":[{"href":"https:\/\/gayaessence.com\/index.php\/wp-json\/wp\/v2\/types\/product"}],"version-history":[{"count":4,"href":"https:\/\/gayaessence.com\/index.php\/wp-json\/wp\/v2\/product\/5513\/revisions"}],"predecessor-version":[{"id":5519,"href":"https:\/\/gayaessence.com\/index.php\/wp-json\/wp\/v2\/product\/5513\/revisions\/5519"}],"wp:featuredmedia":[{"embeddable":true,"href":"https:\/\/gayaessence.com\/index.php\/wp-json\/wp\/v2\/media\/5514"}],"wp:attachment":[{"href":"https:\/\/gayaessence.com\/index.php\/wp-json\/wp\/v2\/media?parent=5513"}],"wp:term":[{"taxonomy":"product_brand","embeddable":true,"href":"https:\/\/gayaessence.com\/index.php\/wp-json\/wp\/v2\/product_brand?post=5513"},{"taxonomy":"product_cat","embeddable":true,"href":"https:\/\/gayaessence.com\/index.php\/wp-json\/wp\/v2\/product_cat?post=5513"},{"taxonomy":"product_tag","embeddable":true,"href":"https:\/\/gayaessence.com\/index.php\/wp-json\/wp\/v2\/product_tag?post=5513"}],"curies":[{"name":"wp","href":"https:\/\/api.w.org\/{rel}","templated":true}]}}