{"id":5493,"date":"2026-04-09T16:44:58","date_gmt":"2026-04-09T16:44:58","guid":{"rendered":"https:\/\/gayaessence.com\/?post_type=product&#038;p=5493"},"modified":"2026-04-09T16:49:49","modified_gmt":"2026-04-09T16:49:49","slug":"pulsera-dana","status":"publish","type":"product","link":"https:\/\/gayaessence.com\/index.php\/producto\/pulsera-dana\/","title":{"rendered":"Pulsera Dana"},"content":{"rendered":"\t\t<div data-elementor-type=\"wp-post\" data-elementor-id=\"5493\" class=\"elementor elementor-5493\">\n\t\t\t\t\t\t<section class=\"elementor-section elementor-top-section elementor-element elementor-element-ba79a43 elementor-section-boxed elementor-section-height-default elementor-section-height-default\" data-id=\"ba79a43\" data-element_type=\"section\">\n\t\t\t\t\t\t<div class=\"elementor-container elementor-column-gap-default\">\n\t\t\t\t\t<div class=\"elementor-column elementor-col-100 elementor-top-column elementor-element elementor-element-183df69\" data-id=\"183df69\" data-element_type=\"column\">\n\t\t\t<div class=\"elementor-widget-wrap elementor-element-populated\">\n\t\t\t\t\t\t<section class=\"elementor-section elementor-inner-section elementor-element elementor-element-f5dfea0 elementor-section-boxed elementor-section-height-default elementor-section-height-default\" data-id=\"f5dfea0\" data-element_type=\"section\">\n\t\t\t\t\t\t<div class=\"elementor-container elementor-column-gap-default\">\n\t\t\t\t\t<div class=\"elementor-column elementor-col-50 elementor-inner-column elementor-element elementor-element-a5c31cf\" data-id=\"a5c31cf\" data-element_type=\"column\">\n\t\t\t<div class=\"elementor-widget-wrap elementor-element-populated\">\n\t\t\t\t\t\t<div class=\"elementor-element elementor-element-88efd13 elementor-widget elementor-widget-heading\" data-id=\"88efd13\" data-element_type=\"widget\" data-widget_type=\"heading.default\">\n\t\t\t\t<div class=\"elementor-widget-container\">\n\t\t\t<h3 class=\"elementor-heading-title elementor-size-default\">Descripci\u00f3n<\/h3>\t\t<\/div>\n\t\t\t\t<\/div>\n\t\t\t\t<div class=\"elementor-element elementor-element-d4da46a elementor-widget elementor-widget-text-editor\" data-id=\"d4da46a\" data-element_type=\"widget\" data-widget_type=\"text-editor.default\">\n\t\t\t\t<div class=\"elementor-widget-container\">\n\t\t\t\t\t\t\t<div class=\"Y3BBE\" data-sfc-cp=\"\" data-sfc-root=\"c\" data-sfc-cb=\"\" data-hveid=\"CAEIBRAA\" data-complete=\"true\" data-processed=\"true\"><div class=\"Y3BBE\" data-sfc-cp=\"\" data-sfc-root=\"c\" data-sfc-cb=\"\" data-hveid=\"CAEIBxAA\" data-complete=\"true\" data-processed=\"true\"><div class=\"Y3BBE\" data-sfc-cp=\"\" data-sfc-root=\"c\" data-sfc-cb=\"\" data-hveid=\"CAEIBhAA\" data-processed=\"true\" data-complete=\"true\"><div class=\"Y3BBE\" data-sfc-cp=\"\" data-sfc-root=\"c\" data-sfc-cb=\"\" data-hveid=\"CAEICBAA\" data-processed=\"true\" data-complete=\"true\"><div class=\"Y3BBE\" data-sfc-cp=\"\" data-sfc-root=\"c\" data-sfc-cb=\"\" data-hveid=\"CAEIAxAA\" data-processed=\"true\" data-complete=\"true\">Una pieza delicada y llena de simbolismo para acompa\u00f1arte en tu d\u00eda a d\u00eda. Esta pulsera combina la elegancia de sus <strong class=\"Yjhzub\" data-sfc-root=\"c\" data-sfc-cb=\"\" data-complete=\"true\" data-processed=\"true\">detalles dorados<\/strong> con la fuerza de los cristales naturales, dise\u00f1ada con una medida de <strong class=\"Yjhzub\" data-sfc-root=\"c\" data-sfc-cb=\"\" data-complete=\"true\" data-processed=\"true\">16 cm m\u00e1s un alargador de 2 cm<\/strong> para que se ajuste perfectamente a tu mu\u00f1eca.<\/div><div data-sfc-cp=\"\" data-sfc-root=\"c\" data-sfc-cb=\"\" data-hveid=\"CAEIAxAA\" data-processed=\"true\" data-complete=\"true\">\u00a0<\/div><div class=\"Y3BBE\" data-sfc-cp=\"\" data-sfc-root=\"c\" data-sfc-cb=\"\" data-hveid=\"CAEIBBAA\" data-complete=\"true\" data-processed=\"true\"><strong class=\"Yjhzub\" data-sfc-root=\"c\" data-sfc-cb=\"\" data-complete=\"true\" data-processed=\"true\">Elige tu amuleto:<\/strong><\/div><div data-sfc-cp=\"\" data-sfc-root=\"c\" data-sfc-cb=\"\" data-hveid=\"CAEIBBAA\" data-complete=\"true\" data-processed=\"true\">\u00a0<\/div><div class=\"Y3BBE\" data-sfc-cp=\"\" data-sfc-root=\"c\" data-sfc-cb=\"\" data-hveid=\"CAEIBRAA\" data-processed=\"true\" data-complete=\"true\"><strong class=\"Yjhzub\" data-sfc-root=\"c\" data-sfc-cb=\"\" data-complete=\"true\" data-processed=\"true\">Con Cuarzo Ahumado (Equilibrio y Tierra):<\/strong> Sus tonos terrosos y trasl\u00facidos te ayudan a mantener los pies en el suelo. Es la piedra ideal para soltar el estr\u00e9s, aportando una sensaci\u00f3n de estabilidad y protecci\u00f3n que te hace sentir segura en cada paso.<\/div><div data-sfc-cp=\"\" data-sfc-root=\"c\" data-sfc-cb=\"\" data-hveid=\"CAEIBRAA\" data-processed=\"true\" data-complete=\"true\">\u00a0<\/div><div class=\"Y3BBE\" data-sfc-cp=\"\" data-sfc-root=\"c\" data-sfc-cb=\"\" data-hveid=\"CAEIBhAA\" data-processed=\"true\" data-complete=\"true\"><strong class=\"Yjhzub\" data-sfc-root=\"c\" data-sfc-cb=\"\" data-complete=\"true\" data-processed=\"true\">Con Piedra Luna (Intuici\u00f3n y Magia):<\/strong> Con su caracter\u00edstico brillo m\u00edstico, esta gema te conecta con tu lado m\u00e1s intuitivo. Es la gu\u00eda perfecta para los nuevos comienzos, aportando calma emocional y ayud\u00e1ndote a fluir con tus propios ritmos.<\/div><div data-sfc-cp=\"\" data-sfc-root=\"c\" data-sfc-cb=\"\" data-hveid=\"CAEIBhAA\" data-processed=\"true\" data-complete=\"true\">\u00a0<\/div><div class=\"Y3BBE\" data-sfc-cp=\"\" data-sfc-root=\"c\" data-sfc-cb=\"\" data-hveid=\"CAEIBxAA\" data-processed=\"true\" data-complete=\"true\">Cada cristal ha sido creado por la naturaleza, por lo que tu pulsera puede presentar ligeras variaciones en el tono o las vetas respecto a la foto. Esa es la magia de lo aut\u00e9ntico: tendr\u00e1s una joya \u00fanica, creada especialmente para ti.<\/div><\/div><\/div><\/div><\/div><div class=\"Fsg96\" data-sfc-cp=\"\" data-sfc-root=\"c\" data-sfc-cb=\"\" data-complete=\"true\" data-processed=\"true\">\u00a0<\/div>\t\t\t\t\t\t<\/div>\n\t\t\t\t<\/div>\n\t\t\t\t\t<\/div>\n\t\t<\/div>\n\t\t\t\t<div class=\"elementor-column elementor-col-50 elementor-inner-column elementor-element elementor-element-a967996\" data-id=\"a967996\" data-element_type=\"column\">\n\t\t\t<div class=\"elementor-widget-wrap elementor-element-populated\">\n\t\t\t\t\t\t<div class=\"elementor-element elementor-element-38791ca elementor-widget elementor-widget-image\" data-id=\"38791ca\" data-element_type=\"widget\" data-widget_type=\"image.default\">\n\t\t\t\t<div class=\"elementor-widget-container\">\n\t\t\t\t\t\t\t\t\t\t\t\t\t<img fetchpriority=\"high\" decoding=\"async\" width=\"1182\" height=\"1200\" src=\"https:\/\/gayaessence.com\/wp-content\/uploads\/2026\/04\/Captura-de-pantalla-2026-04-09-a-las-14.10.34-1182x1200.png\" class=\"attachment-large size-large wp-image-5495\" alt=\"\" srcset=\"https:\/\/gayaessence.com\/wp-content\/uploads\/2026\/04\/Captura-de-pantalla-2026-04-09-a-las-14.10.34-1182x1200.png 1182w, https:\/\/gayaessence.com\/wp-content\/uploads\/2026\/04\/Captura-de-pantalla-2026-04-09-a-las-14.10.34-493x500.png 493w, https:\/\/gayaessence.com\/wp-content\/uploads\/2026\/04\/Captura-de-pantalla-2026-04-09-a-las-14.10.34-296x300.png 296w, https:\/\/gayaessence.com\/wp-content\/uploads\/2026\/04\/Captura-de-pantalla-2026-04-09-a-las-14.10.34-768x779.png 768w, https:\/\/gayaessence.com\/wp-content\/uploads\/2026\/04\/Captura-de-pantalla-2026-04-09-a-las-14.10.34-74x75.png 74w, https:\/\/gayaessence.com\/wp-content\/uploads\/2026\/04\/Captura-de-pantalla-2026-04-09-a-las-14.10.34-480x487.png 480w, https:\/\/gayaessence.com\/wp-content\/uploads\/2026\/04\/Captura-de-pantalla-2026-04-09-a-las-14.10.34-800x812.png 800w, https:\/\/gayaessence.com\/wp-content\/uploads\/2026\/04\/Captura-de-pantalla-2026-04-09-a-las-14.10.34.png 1472w\" sizes=\"(max-width:767px) 480px, (max-width:1182px) 100vw, 1182px\" \/>\t\t\t\t\t\t\t\t\t\t\t\t\t<\/div>\n\t\t\t\t<\/div>\n\t\t\t\t\t<\/div>\n\t\t<\/div>\n\t\t\t\t\t<\/div>\n\t\t<\/section>\n\t\t\t\t\t<\/div>\n\t\t<\/div>\n\t\t\t\t\t<\/div>\n\t\t<\/section>\n\t\t\t\t<\/div>\n\t\t","protected":false},"excerpt":{"rendered":"<p>Descripci\u00f3n Una pieza delicada y llena de simbolismo para acompa\u00f1arte en tu d\u00eda a d\u00eda. Esta pulsera combina la elegancia de sus detalles dorados con la<span class=\"excerpt-hellip\"> [\u2026]<\/span><\/p>\n","protected":false},"featured_media":5494,"template":"","meta":[],"product_brand":[],"product_cat":[224],"product_tag":[],"class_list":{"0":"post-5493","1":"product","2":"type-product","3":"status-publish","4":"has-post-thumbnail","6":"product_cat-joyas","8":"first","9":"instock","10":"shipping-taxable","11":"purchasable","12":"product-type-variable"},"yoast_head":"<!-- This site is optimized with the Yoast SEO plugin v23.9 - https:\/\/yoast.com\/wordpress\/plugins\/seo\/ -->\n<title>Pulsera Dana - Gaya Essence<\/title>\n<meta name=\"robots\" content=\"index, follow, max-snippet:-1, max-image-preview:large, max-video-preview:-1\" \/>\n<link rel=\"canonical\" href=\"https:\/\/gayaessence.com\/index.php\/producto\/pulsera-dana\/\" \/>\n<meta property=\"og:locale\" content=\"es_ES\" \/>\n<meta property=\"og:type\" content=\"article\" \/>\n<meta property=\"og:title\" content=\"Pulsera Dana - Gaya Essence\" \/>\n<meta property=\"og:description\" content=\"Descripci\u00f3n Una pieza delicada y llena de simbolismo para acompa\u00f1arte en tu d\u00eda a d\u00eda. Esta pulsera combina la elegancia de sus detalles dorados con la [\u2026]\" \/>\n<meta property=\"og:url\" content=\"https:\/\/gayaessence.com\/index.php\/producto\/pulsera-dana\/\" \/>\n<meta property=\"og:site_name\" content=\"Gaya Essence\" \/>\n<meta property=\"article:modified_time\" content=\"2026-04-09T16:49:49+00:00\" \/>\n<meta property=\"og:image\" content=\"https:\/\/gayaessence.com\/wp-content\/uploads\/2026\/04\/Captura-de-pantalla-2026-04-09-a-las-14.05.15-1200x1144.png\" \/>\n\t<meta property=\"og:image:width\" content=\"1200\" \/>\n\t<meta property=\"og:image:height\" content=\"1144\" \/>\n\t<meta property=\"og:image:type\" content=\"image\/png\" \/>\n<meta name=\"twitter:card\" content=\"summary_large_image\" \/>\n<meta name=\"twitter:label1\" content=\"Tiempo de lectura\" \/>\n\t<meta name=\"twitter:data1\" content=\"2 minutos\" \/>\n<script type=\"application\/ld+json\" class=\"yoast-schema-graph\">{\"@context\":\"https:\/\/schema.org\",\"@graph\":[{\"@type\":\"WebPage\",\"@id\":\"https:\/\/gayaessence.com\/index.php\/producto\/pulsera-dana\/\",\"url\":\"https:\/\/gayaessence.com\/index.php\/producto\/pulsera-dana\/\",\"name\":\"Pulsera Dana - Gaya Essence\",\"isPartOf\":{\"@id\":\"https:\/\/gayaessence.com\/#website\"},\"primaryImageOfPage\":{\"@id\":\"https:\/\/gayaessence.com\/index.php\/producto\/pulsera-dana\/#primaryimage\"},\"image\":{\"@id\":\"https:\/\/gayaessence.com\/index.php\/producto\/pulsera-dana\/#primaryimage\"},\"thumbnailUrl\":\"https:\/\/gayaessence.com\/wp-content\/uploads\/2026\/04\/Captura-de-pantalla-2026-04-09-a-las-14.05.15.png\",\"datePublished\":\"2026-04-09T16:44:58+00:00\",\"dateModified\":\"2026-04-09T16:49:49+00:00\",\"breadcrumb\":{\"@id\":\"https:\/\/gayaessence.com\/index.php\/producto\/pulsera-dana\/#breadcrumb\"},\"inLanguage\":\"es\",\"potentialAction\":[{\"@type\":\"ReadAction\",\"target\":[\"https:\/\/gayaessence.com\/index.php\/producto\/pulsera-dana\/\"]}]},{\"@type\":\"ImageObject\",\"inLanguage\":\"es\",\"@id\":\"https:\/\/gayaessence.com\/index.php\/producto\/pulsera-dana\/#primaryimage\",\"url\":\"https:\/\/gayaessence.com\/wp-content\/uploads\/2026\/04\/Captura-de-pantalla-2026-04-09-a-las-14.05.15.png\",\"contentUrl\":\"https:\/\/gayaessence.com\/wp-content\/uploads\/2026\/04\/Captura-de-pantalla-2026-04-09-a-las-14.05.15.png\",\"width\":1536,\"height\":1464},{\"@type\":\"BreadcrumbList\",\"@id\":\"https:\/\/gayaessence.com\/index.php\/producto\/pulsera-dana\/#breadcrumb\",\"itemListElement\":[{\"@type\":\"ListItem\",\"position\":1,\"name\":\"Portada\",\"item\":\"https:\/\/gayaessence.com\/\"},{\"@type\":\"ListItem\",\"position\":2,\"name\":\"Tienda\",\"item\":\"https:\/\/gayaessence.com\/index.php\/shop\/\"},{\"@type\":\"ListItem\",\"position\":3,\"name\":\"Pulsera Dana\"}]},{\"@type\":\"WebSite\",\"@id\":\"https:\/\/gayaessence.com\/#website\",\"url\":\"https:\/\/gayaessence.com\/\",\"name\":\"Gaya Essence\",\"description\":\"Cuida, Protege y Eleva tu Vibraci\u00f3n\",\"publisher\":{\"@id\":\"https:\/\/gayaessence.com\/#organization\"},\"potentialAction\":[{\"@type\":\"SearchAction\",\"target\":{\"@type\":\"EntryPoint\",\"urlTemplate\":\"https:\/\/gayaessence.com\/?s={search_term_string}\"},\"query-input\":{\"@type\":\"PropertyValueSpecification\",\"valueRequired\":true,\"valueName\":\"search_term_string\"}}],\"inLanguage\":\"es\"},{\"@type\":\"Organization\",\"@id\":\"https:\/\/gayaessence.com\/#organization\",\"name\":\"Gaya Essence\",\"url\":\"https:\/\/gayaessence.com\/\",\"logo\":{\"@type\":\"ImageObject\",\"inLanguage\":\"es\",\"@id\":\"https:\/\/gayaessence.com\/#\/schema\/logo\/image\/\",\"url\":\"https:\/\/gayaessence.com\/wp-content\/uploads\/2024\/10\/cropped-logo-transp-1.png\",\"contentUrl\":\"https:\/\/gayaessence.com\/wp-content\/uploads\/2024\/10\/cropped-logo-transp-1.png\",\"width\":500,\"height\":196,\"caption\":\"Gaya Essence\"},\"image\":{\"@id\":\"https:\/\/gayaessence.com\/#\/schema\/logo\/image\/\"}}]}<\/script>\n<!-- \/ Yoast SEO plugin. -->","yoast_head_json":{"title":"Pulsera Dana - Gaya Essence","robots":{"index":"index","follow":"follow","max-snippet":"max-snippet:-1","max-image-preview":"max-image-preview:large","max-video-preview":"max-video-preview:-1"},"canonical":"https:\/\/gayaessence.com\/index.php\/producto\/pulsera-dana\/","og_locale":"es_ES","og_type":"article","og_title":"Pulsera Dana - Gaya Essence","og_description":"Descripci\u00f3n Una pieza delicada y llena de simbolismo para acompa\u00f1arte en tu d\u00eda a d\u00eda. Esta pulsera combina la elegancia de sus detalles dorados con la [\u2026]","og_url":"https:\/\/gayaessence.com\/index.php\/producto\/pulsera-dana\/","og_site_name":"Gaya Essence","article_modified_time":"2026-04-09T16:49:49+00:00","og_image":[{"width":1200,"height":1144,"url":"https:\/\/gayaessence.com\/wp-content\/uploads\/2026\/04\/Captura-de-pantalla-2026-04-09-a-las-14.05.15-1200x1144.png","type":"image\/png"}],"twitter_card":"summary_large_image","twitter_misc":{"Tiempo de lectura":"2 minutos"},"schema":{"@context":"https:\/\/schema.org","@graph":[{"@type":"WebPage","@id":"https:\/\/gayaessence.com\/index.php\/producto\/pulsera-dana\/","url":"https:\/\/gayaessence.com\/index.php\/producto\/pulsera-dana\/","name":"Pulsera Dana - Gaya Essence","isPartOf":{"@id":"https:\/\/gayaessence.com\/#website"},"primaryImageOfPage":{"@id":"https:\/\/gayaessence.com\/index.php\/producto\/pulsera-dana\/#primaryimage"},"image":{"@id":"https:\/\/gayaessence.com\/index.php\/producto\/pulsera-dana\/#primaryimage"},"thumbnailUrl":"https:\/\/gayaessence.com\/wp-content\/uploads\/2026\/04\/Captura-de-pantalla-2026-04-09-a-las-14.05.15.png","datePublished":"2026-04-09T16:44:58+00:00","dateModified":"2026-04-09T16:49:49+00:00","breadcrumb":{"@id":"https:\/\/gayaessence.com\/index.php\/producto\/pulsera-dana\/#breadcrumb"},"inLanguage":"es","potentialAction":[{"@type":"ReadAction","target":["https:\/\/gayaessence.com\/index.php\/producto\/pulsera-dana\/"]}]},{"@type":"ImageObject","inLanguage":"es","@id":"https:\/\/gayaessence.com\/index.php\/producto\/pulsera-dana\/#primaryimage","url":"https:\/\/gayaessence.com\/wp-content\/uploads\/2026\/04\/Captura-de-pantalla-2026-04-09-a-las-14.05.15.png","contentUrl":"https:\/\/gayaessence.com\/wp-content\/uploads\/2026\/04\/Captura-de-pantalla-2026-04-09-a-las-14.05.15.png","width":1536,"height":1464},{"@type":"BreadcrumbList","@id":"https:\/\/gayaessence.com\/index.php\/producto\/pulsera-dana\/#breadcrumb","itemListElement":[{"@type":"ListItem","position":1,"name":"Portada","item":"https:\/\/gayaessence.com\/"},{"@type":"ListItem","position":2,"name":"Tienda","item":"https:\/\/gayaessence.com\/index.php\/shop\/"},{"@type":"ListItem","position":3,"name":"Pulsera Dana"}]},{"@type":"WebSite","@id":"https:\/\/gayaessence.com\/#website","url":"https:\/\/gayaessence.com\/","name":"Gaya Essence","description":"Cuida, Protege y Eleva tu Vibraci\u00f3n","publisher":{"@id":"https:\/\/gayaessence.com\/#organization"},"potentialAction":[{"@type":"SearchAction","target":{"@type":"EntryPoint","urlTemplate":"https:\/\/gayaessence.com\/?s={search_term_string}"},"query-input":{"@type":"PropertyValueSpecification","valueRequired":true,"valueName":"search_term_string"}}],"inLanguage":"es"},{"@type":"Organization","@id":"https:\/\/gayaessence.com\/#organization","name":"Gaya Essence","url":"https:\/\/gayaessence.com\/","logo":{"@type":"ImageObject","inLanguage":"es","@id":"https:\/\/gayaessence.com\/#\/schema\/logo\/image\/","url":"https:\/\/gayaessence.com\/wp-content\/uploads\/2024\/10\/cropped-logo-transp-1.png","contentUrl":"https:\/\/gayaessence.com\/wp-content\/uploads\/2024\/10\/cropped-logo-transp-1.png","width":500,"height":196,"caption":"Gaya Essence"},"image":{"@id":"https:\/\/gayaessence.com\/#\/schema\/logo\/image\/"}}]}},"jetpack_sharing_enabled":true,"_links":{"self":[{"href":"https:\/\/gayaessence.com\/index.php\/wp-json\/wp\/v2\/product\/5493","targetHints":{"allow":["GET"]}}],"collection":[{"href":"https:\/\/gayaessence.com\/index.php\/wp-json\/wp\/v2\/product"}],"about":[{"href":"https:\/\/gayaessence.com\/index.php\/wp-json\/wp\/v2\/types\/product"}],"version-history":[{"count":4,"href":"https:\/\/gayaessence.com\/index.php\/wp-json\/wp\/v2\/product\/5493\/revisions"}],"predecessor-version":[{"id":5501,"href":"https:\/\/gayaessence.com\/index.php\/wp-json\/wp\/v2\/product\/5493\/revisions\/5501"}],"wp:featuredmedia":[{"embeddable":true,"href":"https:\/\/gayaessence.com\/index.php\/wp-json\/wp\/v2\/media\/5494"}],"wp:attachment":[{"href":"https:\/\/gayaessence.com\/index.php\/wp-json\/wp\/v2\/media?parent=5493"}],"wp:term":[{"taxonomy":"product_brand","embeddable":true,"href":"https:\/\/gayaessence.com\/index.php\/wp-json\/wp\/v2\/product_brand?post=5493"},{"taxonomy":"product_cat","embeddable":true,"href":"https:\/\/gayaessence.com\/index.php\/wp-json\/wp\/v2\/product_cat?post=5493"},{"taxonomy":"product_tag","embeddable":true,"href":"https:\/\/gayaessence.com\/index.php\/wp-json\/wp\/v2\/product_tag?post=5493"}],"curies":[{"name":"wp","href":"https:\/\/api.w.org\/{rel}","templated":true}]}}