{"id":5417,"date":"2026-03-12T15:42:23","date_gmt":"2026-03-12T15:42:23","guid":{"rendered":"https:\/\/gayaessence.com\/?post_type=product&#038;p=5417"},"modified":"2026-03-12T15:49:57","modified_gmt":"2026-03-12T15:49:57","slug":"kit-florece","status":"publish","type":"product","link":"https:\/\/gayaessence.com\/index.php\/producto\/kit-florece\/","title":{"rendered":"KIT FLORECE"},"content":{"rendered":"\t\t<div data-elementor-type=\"wp-post\" data-elementor-id=\"5417\" class=\"elementor elementor-5417\">\n\t\t\t\t\t\t<section class=\"elementor-section elementor-top-section elementor-element elementor-element-ba79a43 elementor-section-boxed elementor-section-height-default elementor-section-height-default\" data-id=\"ba79a43\" data-element_type=\"section\">\n\t\t\t\t\t\t<div class=\"elementor-container elementor-column-gap-default\">\n\t\t\t\t\t<div class=\"elementor-column elementor-col-100 elementor-top-column elementor-element elementor-element-183df69\" data-id=\"183df69\" data-element_type=\"column\">\n\t\t\t<div class=\"elementor-widget-wrap elementor-element-populated\">\n\t\t\t\t\t\t<section class=\"elementor-section elementor-inner-section elementor-element elementor-element-f5dfea0 elementor-section-boxed elementor-section-height-default elementor-section-height-default\" data-id=\"f5dfea0\" data-element_type=\"section\">\n\t\t\t\t\t\t<div class=\"elementor-container elementor-column-gap-default\">\n\t\t\t\t\t<div class=\"elementor-column elementor-col-50 elementor-inner-column elementor-element elementor-element-a5c31cf\" data-id=\"a5c31cf\" data-element_type=\"column\">\n\t\t\t<div class=\"elementor-widget-wrap elementor-element-populated\">\n\t\t\t\t\t\t<div class=\"elementor-element elementor-element-ae33da0 elementor-widget elementor-widget-heading\" data-id=\"ae33da0\" data-element_type=\"widget\" data-widget_type=\"heading.default\">\n\t\t\t\t<div class=\"elementor-widget-container\">\n\t\t\t<h3 class=\"elementor-heading-title elementor-size-default\">Kit FLORECE<\/h3>\t\t<\/div>\n\t\t\t\t<\/div>\n\t\t\t\t<div class=\"elementor-element elementor-element-96035f9 elementor-widget elementor-widget-text-editor\" data-id=\"96035f9\" data-element_type=\"widget\" data-widget_type=\"text-editor.default\">\n\t\t\t\t<div class=\"elementor-widget-container\">\n\t\t\t\t\t\t\t<div class=\"Y3BBE\" data-sfc-cp=\"\" data-sfc-cb=\"\" data-hveid=\"CAEIBBAA\" data-processed=\"true\" data-complete=\"true\">La primavera no es un evento en el calendario, es una energ\u00eda que despierta en la tierra y, si te permites escucharla, tambi\u00e9n en ti.<\/div><div data-sfc-cp=\"\" data-sfc-cb=\"\" data-hveid=\"CAEIBBAA\" data-processed=\"true\" data-complete=\"true\">\u00a0<\/div><div class=\"Y3BBE\" data-sfc-cp=\"\" data-sfc-cb=\"\" data-hveid=\"CAEIBRAA\" data-processed=\"true\" data-complete=\"true\">Como cada a\u00f1o en <strong class=\"Yjhzub\" data-sfc-cb=\"\" data-complete=\"true\" data-processed=\"true\">Gaya Essence<\/strong>, nos hace mucha ilusi\u00f3n presentaros el nuevo <strong class=\"Yjhzub\" data-sfc-cb=\"\" data-complete=\"true\" data-processed=\"true\">Kit Florecer<\/strong>. Sabemos que muchas de vosotras esper\u00e1is este momento para renovar el compromiso con vuestros ciclos, por eso cada edici\u00f3n es una experiencia y un ritual completamente diferente y \u00fanico.<\/div><div data-sfc-cp=\"\" data-sfc-cb=\"\" data-hveid=\"CAEIBRAA\" data-processed=\"true\" data-complete=\"true\">\u00a0<\/div><div class=\"Y3BBE\" data-sfc-cp=\"\" data-sfc-cb=\"\" data-hveid=\"CAEIBhAA\" data-processed=\"true\" data-complete=\"true\">\u2728 <strong class=\"Yjhzub\" data-sfc-cb=\"\" data-complete=\"true\" data-processed=\"true\">El momento es tuyo, no del reloj.<\/strong><br data-sfc-pl=\"|[]\" data-sfc-cb=\"\" data-complete=\"true\" data-processed=\"true\" \/>Aunque el 20 de marzo celebramos el equinoccio de primavera, no te dejes llevar por la inmediatez exterior. Este ritual es para ti. Si no puedes realizarlo ese d\u00eda, el 21, el 22 o cualquier momento en el que sientas calma y presencia ser\u00e1 el instante perfecto.<\/div><div data-sfc-cp=\"\" data-sfc-cb=\"\" data-hveid=\"CAEIBhAA\" data-processed=\"true\" data-complete=\"true\">\u00a0<\/div><div class=\"Y3BBE\" data-sfc-cp=\"\" data-sfc-cb=\"\" data-hveid=\"CAEIBxAA\" data-processed=\"true\" data-complete=\"true\">Lo sagrado no entiende de prisas, sino de <strong class=\"Yjhzub\" data-sfc-cb=\"\" data-complete=\"true\" data-processed=\"true\">intenci\u00f3n<\/strong>.<\/div><div data-sfc-cp=\"\" data-sfc-cb=\"\" data-hveid=\"CAEIBxAA\" data-processed=\"true\" data-complete=\"true\">\u00a0<\/div><div class=\"Y3BBE\" data-sfc-cp=\"\" data-sfc-cb=\"\" data-hveid=\"CAEICBAA\" data-processed=\"true\" data-complete=\"true\"><strong class=\"Yjhzub\" data-sfc-cb=\"\" data-complete=\"true\" data-processed=\"true\">\u00bfQu\u00e9 incluye este viaje de apertura?<\/strong><\/div><ol class=\"IaGLZe VimKh\" data-sfc-cb=\"\" data-processed=\"true\" data-complete=\"true\"><li class=\"dF3vjf\" data-sfc-cb=\"\" data-hveid=\"CAEICRAA\" data-complete=\"true\" data-sae=\"\"><span class=\"T286Pc\" data-sfc-cp=\"\" data-sfc-cb=\"\" data-complete=\"true\">\ud83d\udd6f\ufe0f <strong class=\"Yjhzub\" data-sfc-cb=\"\" data-complete=\"true\">Vela ritualizada FLORECE<\/strong>: Dise\u00f1ada y creada artesanalmente para este kit.<\/span><\/li><li class=\"dF3vjf\" data-sfc-cb=\"\" data-hveid=\"CAEICRAB\" data-sae=\"\" data-complete=\"true\"><span class=\"T286Pc\" data-sfc-cp=\"\" data-sfc-cb=\"\" data-complete=\"true\">\ud83c\udf19 <strong class=\"Yjhzub\" data-sfc-cb=\"\" data-complete=\"true\">Roll-on con la Sinergia FLORECE (jazm\u00edn, geranio, pomelo, ylang ylang y m\u00e1s)<\/strong>: Creado por nosotras con <strong class=\"Yjhzub\" data-sfc-cb=\"\" data-complete=\"true\">Piedra Luna<\/strong>, el cristal de la energ\u00eda femenina y los nuevos comienzos.<\/span><\/li><li class=\"dF3vjf\" data-sfc-cb=\"\" data-hveid=\"CAEICRAC\" data-complete=\"true\" data-processed=\"true\" data-sae=\"\"><span class=\"T286Pc\" data-sfc-cp=\"\" data-sfc-cb=\"\" data-complete=\"true\">\u2601\ufe0f <strong class=\"Yjhzub\" data-sfc-cb=\"\" data-complete=\"true\">Incienso sagrado<\/strong>: Para limpiar tu espacio durante el ritual.<\/span><\/li><li class=\"dF3vjf\" data-sfc-cb=\"\" data-hveid=\"CAEICRAD\" data-complete=\"true\" data-processed=\"true\" data-sae=\"\"><span class=\"T286Pc\" data-sfc-cp=\"\" data-sfc-cb=\"\" data-complete=\"true\">\ud83c\udfa7 <strong class=\"Yjhzub\" data-sfc-cb=\"\" data-complete=\"true\">Meditaci\u00f3n Florece<\/strong>: Creada por nosotras para que la escuches siempre que lo sientas. <strong>IMPORTANTE: El enlace de la meditaci\u00f3n se enviar\u00e1 el d\u00eda 20 \ud83d\ude42\u00a0<\/strong><\/span><\/li><li class=\"dF3vjf\" data-sfc-cb=\"\" data-hveid=\"CAEICRAE\" data-processed=\"true\" data-sae=\"\" data-complete=\"true\"><span class=\"T286Pc\" data-sfc-cp=\"\" data-sfc-cb=\"\" data-complete=\"true\">\ud83d\udcdc <strong class=\"Yjhzub\" data-sfc-cb=\"\" data-complete=\"true\">Gu\u00eda del Ritual<\/strong>: Un documento paso a paso para acompa\u00f1ar tu proceso.<\/span><\/li><\/ol><div class=\"Y3BBE\" data-sfc-cp=\"\" data-sfc-cb=\"\" data-hveid=\"CAEIChAA\" data-processed=\"true\" data-complete=\"true\">\ud83c\udf3f <strong class=\"Yjhzub\" data-sfc-cb=\"\" data-complete=\"true\" data-processed=\"true\">Es hora de soltar el recogimiento y dejar que tu luz brote.<\/strong><\/div><div data-sfc-cp=\"\" data-sfc-cb=\"\" data-hveid=\"CAEIChAA\" data-processed=\"true\" data-complete=\"true\">\u00a0<\/div><div class=\"Y3BBE\" data-sfc-cp=\"\" data-sfc-cb=\"\" data-hveid=\"CAEICxAA\" data-processed=\"true\" data-complete=\"true\">\u26a0\ufe0f <strong class=\"Yjhzub\" data-sfc-cb=\"\" data-complete=\"true\" data-processed=\"true\">IMPORTANTE:<\/strong> Este a\u00f1o, entre tantos proyectos bonitos, hemos ido un poquito justas de tiempo. Por este motivo, <strong class=\"Yjhzub\" data-sfc-cb=\"\" data-complete=\"true\" data-processed=\"true\">no habr\u00e1 una segunda tirada<\/strong>. Estar\u00e1 disponible estrictamente hasta agotar existencias, as\u00ed que si sientes que este ritual es para ti, te recomendamos reservarlo cuanto antes.<\/div><div class=\"Y3BBE\" data-sfc-cp=\"\" data-sfc-cb=\"\" data-hveid=\"CAEIDBAA\" data-processed=\"true\" data-complete=\"true\">\u00a0<\/div><div class=\"Y3BBE\" data-sfc-cp=\"\" data-sfc-cb=\"\" data-hveid=\"CAEIDRAA\" data-processed=\"true\" data-complete=\"true\">\u00bfLista para encarnar tu propio renacer?<\/div><p data-start=\"1268\" data-end=\"1443\">\u00a0<\/p>\t\t\t\t\t\t<\/div>\n\t\t\t\t<\/div>\n\t\t\t\t\t<\/div>\n\t\t<\/div>\n\t\t\t\t<div class=\"elementor-column elementor-col-50 elementor-inner-column elementor-element elementor-element-a967996\" data-id=\"a967996\" data-element_type=\"column\">\n\t\t\t<div class=\"elementor-widget-wrap elementor-element-populated\">\n\t\t\t\t\t\t<div class=\"elementor-element elementor-element-38791ca elementor-widget elementor-widget-image\" data-id=\"38791ca\" data-element_type=\"widget\" data-widget_type=\"image.default\">\n\t\t\t\t<div class=\"elementor-widget-container\">\n\t\t\t\t\t\t\t\t\t\t\t\t\t<img fetchpriority=\"high\" decoding=\"async\" width=\"900\" height=\"1200\" src=\"https:\/\/gayaessence.com\/wp-content\/uploads\/2026\/03\/3317e529-10f3-4a64-9666-7aaeaf936f33-2-900x1200.jpg\" class=\"attachment-large size-large wp-image-5425\" alt=\"\" srcset=\"https:\/\/gayaessence.com\/wp-content\/uploads\/2026\/03\/3317e529-10f3-4a64-9666-7aaeaf936f33-2-900x1200.jpg 900w, https:\/\/gayaessence.com\/wp-content\/uploads\/2026\/03\/3317e529-10f3-4a64-9666-7aaeaf936f33-2-375x500.jpg 375w, https:\/\/gayaessence.com\/wp-content\/uploads\/2026\/03\/3317e529-10f3-4a64-9666-7aaeaf936f33-2-225x300.jpg 225w, https:\/\/gayaessence.com\/wp-content\/uploads\/2026\/03\/3317e529-10f3-4a64-9666-7aaeaf936f33-2-768x1024.jpg 768w, https:\/\/gayaessence.com\/wp-content\/uploads\/2026\/03\/3317e529-10f3-4a64-9666-7aaeaf936f33-2-1152x1536.jpg 1152w, https:\/\/gayaessence.com\/wp-content\/uploads\/2026\/03\/3317e529-10f3-4a64-9666-7aaeaf936f33-2-1536x2048.jpg 1536w, https:\/\/gayaessence.com\/wp-content\/uploads\/2026\/03\/3317e529-10f3-4a64-9666-7aaeaf936f33-2-56x75.jpg 56w, https:\/\/gayaessence.com\/wp-content\/uploads\/2026\/03\/3317e529-10f3-4a64-9666-7aaeaf936f33-2-480x640.jpg 480w, https:\/\/gayaessence.com\/wp-content\/uploads\/2026\/03\/3317e529-10f3-4a64-9666-7aaeaf936f33-2-800x1067.jpg 800w, https:\/\/gayaessence.com\/wp-content\/uploads\/2026\/03\/3317e529-10f3-4a64-9666-7aaeaf936f33-2-scaled.jpg 1920w\" sizes=\"(max-width:767px) 480px, (max-width:900px) 100vw, 900px\" \/>\t\t\t\t\t\t\t\t\t\t\t\t\t<\/div>\n\t\t\t\t<\/div>\n\t\t\t\t\t<\/div>\n\t\t<\/div>\n\t\t\t\t\t<\/div>\n\t\t<\/section>\n\t\t\t\t\t<\/div>\n\t\t<\/div>\n\t\t\t\t\t<\/div>\n\t\t<\/section>\n\t\t\t\t<\/div>\n\t\t","protected":false},"excerpt":{"rendered":"<p>Kit FLORECE La primavera no es un evento en el calendario, es una energ\u00eda que despierta en la tierra y, si te permites escucharla, tambi\u00e9n en<span class=\"excerpt-hellip\"> [\u2026]<\/span><\/p>\n","protected":false},"featured_media":5420,"template":"","meta":[],"product_brand":[],"product_cat":[26],"product_tag":[],"class_list":{"0":"post-5417","1":"product","2":"type-product","3":"status-publish","4":"has-post-thumbnail","6":"product_cat-kits","8":"first","9":"instock","10":"shipping-taxable","11":"purchasable","12":"product-type-simple"},"yoast_head":"<!-- This site is optimized with the Yoast SEO plugin v23.9 - https:\/\/yoast.com\/wordpress\/plugins\/seo\/ -->\n<title>KIT FLORECE - Gaya Essence<\/title>\n<meta name=\"robots\" content=\"index, follow, max-snippet:-1, max-image-preview:large, max-video-preview:-1\" \/>\n<link rel=\"canonical\" href=\"https:\/\/gayaessence.com\/index.php\/producto\/kit-florece\/\" \/>\n<meta property=\"og:locale\" content=\"es_ES\" \/>\n<meta property=\"og:type\" content=\"article\" \/>\n<meta property=\"og:title\" content=\"KIT FLORECE - Gaya Essence\" \/>\n<meta property=\"og:description\" content=\"Kit FLORECE La primavera no es un evento en el calendario, es una energ\u00eda que despierta en la tierra y, si te permites escucharla, tambi\u00e9n en [\u2026]\" \/>\n<meta property=\"og:url\" content=\"https:\/\/gayaessence.com\/index.php\/producto\/kit-florece\/\" \/>\n<meta property=\"og:site_name\" content=\"Gaya Essence\" \/>\n<meta property=\"article:modified_time\" content=\"2026-03-12T15:49:57+00:00\" \/>\n<meta property=\"og:image\" content=\"https:\/\/gayaessence.com\/wp-content\/uploads\/2026\/03\/a0eb2e4b-a6c1-423e-90ad-fd8dddd6474b-2-scaled.jpg\" \/>\n\t<meta property=\"og:image:width\" content=\"1920\" \/>\n\t<meta property=\"og:image:height\" content=\"2560\" \/>\n\t<meta property=\"og:image:type\" content=\"image\/jpeg\" \/>\n<meta name=\"twitter:card\" content=\"summary_large_image\" \/>\n<meta name=\"twitter:label1\" content=\"Tiempo de lectura\" \/>\n\t<meta name=\"twitter:data1\" content=\"4 minutos\" \/>\n<script type=\"application\/ld+json\" class=\"yoast-schema-graph\">{\"@context\":\"https:\/\/schema.org\",\"@graph\":[{\"@type\":\"WebPage\",\"@id\":\"https:\/\/gayaessence.com\/index.php\/producto\/kit-florece\/\",\"url\":\"https:\/\/gayaessence.com\/index.php\/producto\/kit-florece\/\",\"name\":\"KIT FLORECE - Gaya Essence\",\"isPartOf\":{\"@id\":\"https:\/\/gayaessence.com\/#website\"},\"primaryImageOfPage\":{\"@id\":\"https:\/\/gayaessence.com\/index.php\/producto\/kit-florece\/#primaryimage\"},\"image\":{\"@id\":\"https:\/\/gayaessence.com\/index.php\/producto\/kit-florece\/#primaryimage\"},\"thumbnailUrl\":\"https:\/\/gayaessence.com\/wp-content\/uploads\/2026\/03\/a0eb2e4b-a6c1-423e-90ad-fd8dddd6474b-2-scaled.jpg\",\"datePublished\":\"2026-03-12T15:42:23+00:00\",\"dateModified\":\"2026-03-12T15:49:57+00:00\",\"breadcrumb\":{\"@id\":\"https:\/\/gayaessence.com\/index.php\/producto\/kit-florece\/#breadcrumb\"},\"inLanguage\":\"es\",\"potentialAction\":[{\"@type\":\"ReadAction\",\"target\":[\"https:\/\/gayaessence.com\/index.php\/producto\/kit-florece\/\"]}]},{\"@type\":\"ImageObject\",\"inLanguage\":\"es\",\"@id\":\"https:\/\/gayaessence.com\/index.php\/producto\/kit-florece\/#primaryimage\",\"url\":\"https:\/\/gayaessence.com\/wp-content\/uploads\/2026\/03\/a0eb2e4b-a6c1-423e-90ad-fd8dddd6474b-2-scaled.jpg\",\"contentUrl\":\"https:\/\/gayaessence.com\/wp-content\/uploads\/2026\/03\/a0eb2e4b-a6c1-423e-90ad-fd8dddd6474b-2-scaled.jpg\",\"width\":1920,\"height\":2560},{\"@type\":\"BreadcrumbList\",\"@id\":\"https:\/\/gayaessence.com\/index.php\/producto\/kit-florece\/#breadcrumb\",\"itemListElement\":[{\"@type\":\"ListItem\",\"position\":1,\"name\":\"Portada\",\"item\":\"https:\/\/gayaessence.com\/\"},{\"@type\":\"ListItem\",\"position\":2,\"name\":\"Tienda\",\"item\":\"https:\/\/gayaessence.com\/index.php\/shop\/\"},{\"@type\":\"ListItem\",\"position\":3,\"name\":\"KIT FLORECE\"}]},{\"@type\":\"WebSite\",\"@id\":\"https:\/\/gayaessence.com\/#website\",\"url\":\"https:\/\/gayaessence.com\/\",\"name\":\"Gaya Essence\",\"description\":\"Cuida, Protege y Eleva tu Vibraci\u00f3n\",\"publisher\":{\"@id\":\"https:\/\/gayaessence.com\/#organization\"},\"potentialAction\":[{\"@type\":\"SearchAction\",\"target\":{\"@type\":\"EntryPoint\",\"urlTemplate\":\"https:\/\/gayaessence.com\/?s={search_term_string}\"},\"query-input\":{\"@type\":\"PropertyValueSpecification\",\"valueRequired\":true,\"valueName\":\"search_term_string\"}}],\"inLanguage\":\"es\"},{\"@type\":\"Organization\",\"@id\":\"https:\/\/gayaessence.com\/#organization\",\"name\":\"Gaya Essence\",\"url\":\"https:\/\/gayaessence.com\/\",\"logo\":{\"@type\":\"ImageObject\",\"inLanguage\":\"es\",\"@id\":\"https:\/\/gayaessence.com\/#\/schema\/logo\/image\/\",\"url\":\"https:\/\/gayaessence.com\/wp-content\/uploads\/2024\/10\/cropped-logo-transp-1.png\",\"contentUrl\":\"https:\/\/gayaessence.com\/wp-content\/uploads\/2024\/10\/cropped-logo-transp-1.png\",\"width\":500,\"height\":196,\"caption\":\"Gaya Essence\"},\"image\":{\"@id\":\"https:\/\/gayaessence.com\/#\/schema\/logo\/image\/\"}}]}<\/script>\n<!-- \/ Yoast SEO plugin. -->","yoast_head_json":{"title":"KIT FLORECE - Gaya Essence","robots":{"index":"index","follow":"follow","max-snippet":"max-snippet:-1","max-image-preview":"max-image-preview:large","max-video-preview":"max-video-preview:-1"},"canonical":"https:\/\/gayaessence.com\/index.php\/producto\/kit-florece\/","og_locale":"es_ES","og_type":"article","og_title":"KIT FLORECE - Gaya Essence","og_description":"Kit FLORECE La primavera no es un evento en el calendario, es una energ\u00eda que despierta en la tierra y, si te permites escucharla, tambi\u00e9n en [\u2026]","og_url":"https:\/\/gayaessence.com\/index.php\/producto\/kit-florece\/","og_site_name":"Gaya Essence","article_modified_time":"2026-03-12T15:49:57+00:00","og_image":[{"width":1920,"height":2560,"url":"https:\/\/gayaessence.com\/wp-content\/uploads\/2026\/03\/a0eb2e4b-a6c1-423e-90ad-fd8dddd6474b-2-scaled.jpg","type":"image\/jpeg"}],"twitter_card":"summary_large_image","twitter_misc":{"Tiempo de lectura":"4 minutos"},"schema":{"@context":"https:\/\/schema.org","@graph":[{"@type":"WebPage","@id":"https:\/\/gayaessence.com\/index.php\/producto\/kit-florece\/","url":"https:\/\/gayaessence.com\/index.php\/producto\/kit-florece\/","name":"KIT FLORECE - Gaya Essence","isPartOf":{"@id":"https:\/\/gayaessence.com\/#website"},"primaryImageOfPage":{"@id":"https:\/\/gayaessence.com\/index.php\/producto\/kit-florece\/#primaryimage"},"image":{"@id":"https:\/\/gayaessence.com\/index.php\/producto\/kit-florece\/#primaryimage"},"thumbnailUrl":"https:\/\/gayaessence.com\/wp-content\/uploads\/2026\/03\/a0eb2e4b-a6c1-423e-90ad-fd8dddd6474b-2-scaled.jpg","datePublished":"2026-03-12T15:42:23+00:00","dateModified":"2026-03-12T15:49:57+00:00","breadcrumb":{"@id":"https:\/\/gayaessence.com\/index.php\/producto\/kit-florece\/#breadcrumb"},"inLanguage":"es","potentialAction":[{"@type":"ReadAction","target":["https:\/\/gayaessence.com\/index.php\/producto\/kit-florece\/"]}]},{"@type":"ImageObject","inLanguage":"es","@id":"https:\/\/gayaessence.com\/index.php\/producto\/kit-florece\/#primaryimage","url":"https:\/\/gayaessence.com\/wp-content\/uploads\/2026\/03\/a0eb2e4b-a6c1-423e-90ad-fd8dddd6474b-2-scaled.jpg","contentUrl":"https:\/\/gayaessence.com\/wp-content\/uploads\/2026\/03\/a0eb2e4b-a6c1-423e-90ad-fd8dddd6474b-2-scaled.jpg","width":1920,"height":2560},{"@type":"BreadcrumbList","@id":"https:\/\/gayaessence.com\/index.php\/producto\/kit-florece\/#breadcrumb","itemListElement":[{"@type":"ListItem","position":1,"name":"Portada","item":"https:\/\/gayaessence.com\/"},{"@type":"ListItem","position":2,"name":"Tienda","item":"https:\/\/gayaessence.com\/index.php\/shop\/"},{"@type":"ListItem","position":3,"name":"KIT FLORECE"}]},{"@type":"WebSite","@id":"https:\/\/gayaessence.com\/#website","url":"https:\/\/gayaessence.com\/","name":"Gaya Essence","description":"Cuida, Protege y Eleva tu Vibraci\u00f3n","publisher":{"@id":"https:\/\/gayaessence.com\/#organization"},"potentialAction":[{"@type":"SearchAction","target":{"@type":"EntryPoint","urlTemplate":"https:\/\/gayaessence.com\/?s={search_term_string}"},"query-input":{"@type":"PropertyValueSpecification","valueRequired":true,"valueName":"search_term_string"}}],"inLanguage":"es"},{"@type":"Organization","@id":"https:\/\/gayaessence.com\/#organization","name":"Gaya Essence","url":"https:\/\/gayaessence.com\/","logo":{"@type":"ImageObject","inLanguage":"es","@id":"https:\/\/gayaessence.com\/#\/schema\/logo\/image\/","url":"https:\/\/gayaessence.com\/wp-content\/uploads\/2024\/10\/cropped-logo-transp-1.png","contentUrl":"https:\/\/gayaessence.com\/wp-content\/uploads\/2024\/10\/cropped-logo-transp-1.png","width":500,"height":196,"caption":"Gaya Essence"},"image":{"@id":"https:\/\/gayaessence.com\/#\/schema\/logo\/image\/"}}]}},"jetpack_sharing_enabled":true,"_links":{"self":[{"href":"https:\/\/gayaessence.com\/index.php\/wp-json\/wp\/v2\/product\/5417","targetHints":{"allow":["GET"]}}],"collection":[{"href":"https:\/\/gayaessence.com\/index.php\/wp-json\/wp\/v2\/product"}],"about":[{"href":"https:\/\/gayaessence.com\/index.php\/wp-json\/wp\/v2\/types\/product"}],"version-history":[{"count":4,"href":"https:\/\/gayaessence.com\/index.php\/wp-json\/wp\/v2\/product\/5417\/revisions"}],"predecessor-version":[{"id":5428,"href":"https:\/\/gayaessence.com\/index.php\/wp-json\/wp\/v2\/product\/5417\/revisions\/5428"}],"wp:featuredmedia":[{"embeddable":true,"href":"https:\/\/gayaessence.com\/index.php\/wp-json\/wp\/v2\/media\/5420"}],"wp:attachment":[{"href":"https:\/\/gayaessence.com\/index.php\/wp-json\/wp\/v2\/media?parent=5417"}],"wp:term":[{"taxonomy":"product_brand","embeddable":true,"href":"https:\/\/gayaessence.com\/index.php\/wp-json\/wp\/v2\/product_brand?post=5417"},{"taxonomy":"product_cat","embeddable":true,"href":"https:\/\/gayaessence.com\/index.php\/wp-json\/wp\/v2\/product_cat?post=5417"},{"taxonomy":"product_tag","embeddable":true,"href":"https:\/\/gayaessence.com\/index.php\/wp-json\/wp\/v2\/product_tag?post=5417"}],"curies":[{"name":"wp","href":"https:\/\/api.w.org\/{rel}","templated":true}]}}