{"id":5241,"date":"2026-02-12T20:28:42","date_gmt":"2026-02-12T20:28:42","guid":{"rendered":"https:\/\/gayaessence.com\/?post_type=product&#038;p=5241"},"modified":"2026-03-13T13:32:02","modified_gmt":"2026-03-13T13:32:02","slug":"collar-akasha","status":"publish","type":"product","link":"https:\/\/gayaessence.com\/index.php\/producto\/collar-akasha\/","title":{"rendered":"Collar Akasha"},"content":{"rendered":"\t\t<div data-elementor-type=\"wp-post\" data-elementor-id=\"5241\" class=\"elementor elementor-5241\">\n\t\t\t\t\t\t<section class=\"elementor-section elementor-top-section elementor-element elementor-element-ba79a43 elementor-section-boxed elementor-section-height-default elementor-section-height-default\" data-id=\"ba79a43\" data-element_type=\"section\">\n\t\t\t\t\t\t<div class=\"elementor-container elementor-column-gap-default\">\n\t\t\t\t\t<div class=\"elementor-column elementor-col-100 elementor-top-column elementor-element elementor-element-183df69\" data-id=\"183df69\" data-element_type=\"column\">\n\t\t\t<div class=\"elementor-widget-wrap elementor-element-populated\">\n\t\t\t\t\t\t<section class=\"elementor-section elementor-inner-section elementor-element elementor-element-f5dfea0 elementor-section-boxed elementor-section-height-default elementor-section-height-default\" data-id=\"f5dfea0\" data-element_type=\"section\">\n\t\t\t\t\t\t<div class=\"elementor-container elementor-column-gap-default\">\n\t\t\t\t\t<div class=\"elementor-column elementor-col-50 elementor-inner-column elementor-element elementor-element-a5c31cf\" data-id=\"a5c31cf\" data-element_type=\"column\">\n\t\t\t<div class=\"elementor-widget-wrap elementor-element-populated\">\n\t\t\t\t\t\t<div class=\"elementor-element elementor-element-88efd13 elementor-widget elementor-widget-heading\" data-id=\"88efd13\" data-element_type=\"widget\" data-widget_type=\"heading.default\">\n\t\t\t\t<div class=\"elementor-widget-container\">\n\t\t\t<h3 class=\"elementor-heading-title elementor-size-default\">Descripci\u00f3n<\/h3>\t\t<\/div>\n\t\t\t\t<\/div>\n\t\t\t\t<div class=\"elementor-element elementor-element-d4da46a elementor-widget elementor-widget-text-editor\" data-id=\"d4da46a\" data-element_type=\"widget\" data-widget_type=\"text-editor.default\">\n\t\t\t\t<div class=\"elementor-widget-container\">\n\t\t\t\t\t\t\t<p data-start=\"103\" data-end=\"315\">Collar de acero inoxidable con una hermosa cadena de estilo vintage, elegante y atemporal. Disponible a elegir con <strong data-start=\"218\" data-end=\"233\">piedra luna<\/strong> o <strong data-start=\"236\" data-end=\"247\">citrino<\/strong>, para que puedas conectar con la energ\u00eda que m\u00e1s resuene contigo.<\/p><p data-start=\"317\" data-end=\"407\">Mide aproximadamente <strong data-start=\"338\" data-end=\"347\">40 cm<\/strong>, ideal para lucir solo o en combinaci\u00f3n con otros collares.<\/p><p data-start=\"409\" data-end=\"557\">La <strong data-start=\"412\" data-end=\"427\">piedra luna<\/strong> potencia la intuici\u00f3n y el equilibrio emocional, acompa\u00f1ando los ciclos y favoreciendo nuevos comienzos con suavidad y armon\u00eda.<\/p><p data-start=\"559\" data-end=\"685\">El <strong data-start=\"562\" data-end=\"573\">citrino<\/strong> irradia energ\u00eda positiva, estimula la confianza y atrae abundancia, aportando vitalidad, claridad y motivaci\u00f3n.<\/p><p data-start=\"687\" data-end=\"829\">Al tratarse de piedras naturales, cada pieza puede presentar ligeras variaciones respecto a la fotograf\u00eda, haciendo que tu collar sea \u00fanico. \u2728<\/p>\t\t\t\t\t\t<\/div>\n\t\t\t\t<\/div>\n\t\t\t\t\t<\/div>\n\t\t<\/div>\n\t\t\t\t<div class=\"elementor-column elementor-col-50 elementor-inner-column elementor-element elementor-element-a967996\" data-id=\"a967996\" data-element_type=\"column\">\n\t\t\t<div class=\"elementor-widget-wrap elementor-element-populated\">\n\t\t\t\t\t\t<div class=\"elementor-element elementor-element-38791ca elementor-widget elementor-widget-image\" data-id=\"38791ca\" data-element_type=\"widget\" data-widget_type=\"image.default\">\n\t\t\t\t<div class=\"elementor-widget-container\">\n\t\t\t\t\t\t\t\t\t\t\t\t\t<img fetchpriority=\"high\" decoding=\"async\" width=\"1188\" height=\"1200\" src=\"https:\/\/gayaessence.com\/wp-content\/uploads\/2026\/02\/Captura-de-pantalla-2026-02-12-a-las-17.35.06-1188x1200.png\" class=\"attachment-large size-large wp-image-5243\" alt=\"\" srcset=\"https:\/\/gayaessence.com\/wp-content\/uploads\/2026\/02\/Captura-de-pantalla-2026-02-12-a-las-17.35.06-1188x1200.png 1188w, https:\/\/gayaessence.com\/wp-content\/uploads\/2026\/02\/Captura-de-pantalla-2026-02-12-a-las-17.35.06-495x500.png 495w, https:\/\/gayaessence.com\/wp-content\/uploads\/2026\/02\/Captura-de-pantalla-2026-02-12-a-las-17.35.06-297x300.png 297w, https:\/\/gayaessence.com\/wp-content\/uploads\/2026\/02\/Captura-de-pantalla-2026-02-12-a-las-17.35.06-768x776.png 768w, https:\/\/gayaessence.com\/wp-content\/uploads\/2026\/02\/Captura-de-pantalla-2026-02-12-a-las-17.35.06-1521x1536.png 1521w, https:\/\/gayaessence.com\/wp-content\/uploads\/2026\/02\/Captura-de-pantalla-2026-02-12-a-las-17.35.06-74x75.png 74w, https:\/\/gayaessence.com\/wp-content\/uploads\/2026\/02\/Captura-de-pantalla-2026-02-12-a-las-17.35.06-480x485.png 480w, https:\/\/gayaessence.com\/wp-content\/uploads\/2026\/02\/Captura-de-pantalla-2026-02-12-a-las-17.35.06-800x808.png 800w, https:\/\/gayaessence.com\/wp-content\/uploads\/2026\/02\/Captura-de-pantalla-2026-02-12-a-las-17.35.06.png 1820w\" sizes=\"(max-width:767px) 480px, (max-width:1188px) 100vw, 1188px\" \/>\t\t\t\t\t\t\t\t\t\t\t\t\t<\/div>\n\t\t\t\t<\/div>\n\t\t\t\t\t<\/div>\n\t\t<\/div>\n\t\t\t\t\t<\/div>\n\t\t<\/section>\n\t\t\t\t\t<\/div>\n\t\t<\/div>\n\t\t\t\t\t<\/div>\n\t\t<\/section>\n\t\t\t\t<\/div>\n\t\t","protected":false},"excerpt":{"rendered":"<p>Descripci\u00f3n Collar de acero inoxidable con una hermosa cadena de estilo vintage, elegante y atemporal. Disponible a elegir con piedra luna o citrino, para que puedas<span class=\"excerpt-hellip\"> [\u2026]<\/span><\/p>\n","protected":false},"featured_media":5242,"template":"","meta":[],"product_brand":[],"product_cat":[224],"product_tag":[],"class_list":{"0":"post-5241","1":"product","2":"type-product","3":"status-publish","4":"has-post-thumbnail","6":"product_cat-joyas","8":"first","9":"instock","10":"shipping-taxable","11":"purchasable","12":"product-type-variable"},"yoast_head":"<!-- This site is optimized with the Yoast SEO plugin v23.9 - https:\/\/yoast.com\/wordpress\/plugins\/seo\/ -->\n<title>Collar Akasha - Gaya Essence<\/title>\n<meta name=\"robots\" content=\"index, follow, max-snippet:-1, max-image-preview:large, max-video-preview:-1\" \/>\n<link rel=\"canonical\" href=\"https:\/\/gayaessence.com\/index.php\/producto\/collar-akasha\/\" \/>\n<meta property=\"og:locale\" content=\"es_ES\" \/>\n<meta property=\"og:type\" content=\"article\" \/>\n<meta property=\"og:title\" content=\"Collar Akasha - Gaya Essence\" \/>\n<meta property=\"og:description\" content=\"Descripci\u00f3n Collar de acero inoxidable con una hermosa cadena de estilo vintage, elegante y atemporal. Disponible a elegir con piedra luna o citrino, para que puedas [\u2026]\" \/>\n<meta property=\"og:url\" content=\"https:\/\/gayaessence.com\/index.php\/producto\/collar-akasha\/\" \/>\n<meta property=\"og:site_name\" content=\"Gaya Essence\" \/>\n<meta property=\"article:modified_time\" content=\"2026-03-13T13:32:02+00:00\" \/>\n<meta property=\"og:image\" content=\"https:\/\/gayaessence.com\/wp-content\/uploads\/2026\/02\/Captura-de-pantalla-2026-02-12-a-las-17.34.56.png\" \/>\n\t<meta property=\"og:image:width\" content=\"748\" \/>\n\t<meta property=\"og:image:height\" content=\"750\" \/>\n\t<meta property=\"og:image:type\" content=\"image\/png\" \/>\n<meta name=\"twitter:card\" content=\"summary_large_image\" \/>\n<meta name=\"twitter:label1\" content=\"Tiempo de lectura\" \/>\n\t<meta name=\"twitter:data1\" content=\"1 minuto\" \/>\n<script type=\"application\/ld+json\" class=\"yoast-schema-graph\">{\"@context\":\"https:\/\/schema.org\",\"@graph\":[{\"@type\":\"WebPage\",\"@id\":\"https:\/\/gayaessence.com\/index.php\/producto\/collar-akasha\/\",\"url\":\"https:\/\/gayaessence.com\/index.php\/producto\/collar-akasha\/\",\"name\":\"Collar Akasha - Gaya Essence\",\"isPartOf\":{\"@id\":\"https:\/\/gayaessence.com\/#website\"},\"primaryImageOfPage\":{\"@id\":\"https:\/\/gayaessence.com\/index.php\/producto\/collar-akasha\/#primaryimage\"},\"image\":{\"@id\":\"https:\/\/gayaessence.com\/index.php\/producto\/collar-akasha\/#primaryimage\"},\"thumbnailUrl\":\"https:\/\/gayaessence.com\/wp-content\/uploads\/2026\/02\/Captura-de-pantalla-2026-02-12-a-las-17.34.56.png\",\"datePublished\":\"2026-02-12T20:28:42+00:00\",\"dateModified\":\"2026-03-13T13:32:02+00:00\",\"breadcrumb\":{\"@id\":\"https:\/\/gayaessence.com\/index.php\/producto\/collar-akasha\/#breadcrumb\"},\"inLanguage\":\"es\",\"potentialAction\":[{\"@type\":\"ReadAction\",\"target\":[\"https:\/\/gayaessence.com\/index.php\/producto\/collar-akasha\/\"]}]},{\"@type\":\"ImageObject\",\"inLanguage\":\"es\",\"@id\":\"https:\/\/gayaessence.com\/index.php\/producto\/collar-akasha\/#primaryimage\",\"url\":\"https:\/\/gayaessence.com\/wp-content\/uploads\/2026\/02\/Captura-de-pantalla-2026-02-12-a-las-17.34.56.png\",\"contentUrl\":\"https:\/\/gayaessence.com\/wp-content\/uploads\/2026\/02\/Captura-de-pantalla-2026-02-12-a-las-17.34.56.png\",\"width\":748,\"height\":750},{\"@type\":\"BreadcrumbList\",\"@id\":\"https:\/\/gayaessence.com\/index.php\/producto\/collar-akasha\/#breadcrumb\",\"itemListElement\":[{\"@type\":\"ListItem\",\"position\":1,\"name\":\"Portada\",\"item\":\"https:\/\/gayaessence.com\/\"},{\"@type\":\"ListItem\",\"position\":2,\"name\":\"Tienda\",\"item\":\"https:\/\/gayaessence.com\/index.php\/shop\/\"},{\"@type\":\"ListItem\",\"position\":3,\"name\":\"Collar Akasha\"}]},{\"@type\":\"WebSite\",\"@id\":\"https:\/\/gayaessence.com\/#website\",\"url\":\"https:\/\/gayaessence.com\/\",\"name\":\"Gaya Essence\",\"description\":\"Cuida, Protege y Eleva tu Vibraci\u00f3n\",\"publisher\":{\"@id\":\"https:\/\/gayaessence.com\/#organization\"},\"potentialAction\":[{\"@type\":\"SearchAction\",\"target\":{\"@type\":\"EntryPoint\",\"urlTemplate\":\"https:\/\/gayaessence.com\/?s={search_term_string}\"},\"query-input\":{\"@type\":\"PropertyValueSpecification\",\"valueRequired\":true,\"valueName\":\"search_term_string\"}}],\"inLanguage\":\"es\"},{\"@type\":\"Organization\",\"@id\":\"https:\/\/gayaessence.com\/#organization\",\"name\":\"Gaya Essence\",\"url\":\"https:\/\/gayaessence.com\/\",\"logo\":{\"@type\":\"ImageObject\",\"inLanguage\":\"es\",\"@id\":\"https:\/\/gayaessence.com\/#\/schema\/logo\/image\/\",\"url\":\"https:\/\/gayaessence.com\/wp-content\/uploads\/2024\/10\/cropped-logo-transp-1.png\",\"contentUrl\":\"https:\/\/gayaessence.com\/wp-content\/uploads\/2024\/10\/cropped-logo-transp-1.png\",\"width\":500,\"height\":196,\"caption\":\"Gaya Essence\"},\"image\":{\"@id\":\"https:\/\/gayaessence.com\/#\/schema\/logo\/image\/\"}}]}<\/script>\n<!-- \/ Yoast SEO plugin. -->","yoast_head_json":{"title":"Collar Akasha - Gaya Essence","robots":{"index":"index","follow":"follow","max-snippet":"max-snippet:-1","max-image-preview":"max-image-preview:large","max-video-preview":"max-video-preview:-1"},"canonical":"https:\/\/gayaessence.com\/index.php\/producto\/collar-akasha\/","og_locale":"es_ES","og_type":"article","og_title":"Collar Akasha - Gaya Essence","og_description":"Descripci\u00f3n Collar de acero inoxidable con una hermosa cadena de estilo vintage, elegante y atemporal. Disponible a elegir con piedra luna o citrino, para que puedas [\u2026]","og_url":"https:\/\/gayaessence.com\/index.php\/producto\/collar-akasha\/","og_site_name":"Gaya Essence","article_modified_time":"2026-03-13T13:32:02+00:00","og_image":[{"width":748,"height":750,"url":"https:\/\/gayaessence.com\/wp-content\/uploads\/2026\/02\/Captura-de-pantalla-2026-02-12-a-las-17.34.56.png","type":"image\/png"}],"twitter_card":"summary_large_image","twitter_misc":{"Tiempo de lectura":"1 minuto"},"schema":{"@context":"https:\/\/schema.org","@graph":[{"@type":"WebPage","@id":"https:\/\/gayaessence.com\/index.php\/producto\/collar-akasha\/","url":"https:\/\/gayaessence.com\/index.php\/producto\/collar-akasha\/","name":"Collar Akasha - Gaya Essence","isPartOf":{"@id":"https:\/\/gayaessence.com\/#website"},"primaryImageOfPage":{"@id":"https:\/\/gayaessence.com\/index.php\/producto\/collar-akasha\/#primaryimage"},"image":{"@id":"https:\/\/gayaessence.com\/index.php\/producto\/collar-akasha\/#primaryimage"},"thumbnailUrl":"https:\/\/gayaessence.com\/wp-content\/uploads\/2026\/02\/Captura-de-pantalla-2026-02-12-a-las-17.34.56.png","datePublished":"2026-02-12T20:28:42+00:00","dateModified":"2026-03-13T13:32:02+00:00","breadcrumb":{"@id":"https:\/\/gayaessence.com\/index.php\/producto\/collar-akasha\/#breadcrumb"},"inLanguage":"es","potentialAction":[{"@type":"ReadAction","target":["https:\/\/gayaessence.com\/index.php\/producto\/collar-akasha\/"]}]},{"@type":"ImageObject","inLanguage":"es","@id":"https:\/\/gayaessence.com\/index.php\/producto\/collar-akasha\/#primaryimage","url":"https:\/\/gayaessence.com\/wp-content\/uploads\/2026\/02\/Captura-de-pantalla-2026-02-12-a-las-17.34.56.png","contentUrl":"https:\/\/gayaessence.com\/wp-content\/uploads\/2026\/02\/Captura-de-pantalla-2026-02-12-a-las-17.34.56.png","width":748,"height":750},{"@type":"BreadcrumbList","@id":"https:\/\/gayaessence.com\/index.php\/producto\/collar-akasha\/#breadcrumb","itemListElement":[{"@type":"ListItem","position":1,"name":"Portada","item":"https:\/\/gayaessence.com\/"},{"@type":"ListItem","position":2,"name":"Tienda","item":"https:\/\/gayaessence.com\/index.php\/shop\/"},{"@type":"ListItem","position":3,"name":"Collar Akasha"}]},{"@type":"WebSite","@id":"https:\/\/gayaessence.com\/#website","url":"https:\/\/gayaessence.com\/","name":"Gaya Essence","description":"Cuida, Protege y Eleva tu Vibraci\u00f3n","publisher":{"@id":"https:\/\/gayaessence.com\/#organization"},"potentialAction":[{"@type":"SearchAction","target":{"@type":"EntryPoint","urlTemplate":"https:\/\/gayaessence.com\/?s={search_term_string}"},"query-input":{"@type":"PropertyValueSpecification","valueRequired":true,"valueName":"search_term_string"}}],"inLanguage":"es"},{"@type":"Organization","@id":"https:\/\/gayaessence.com\/#organization","name":"Gaya Essence","url":"https:\/\/gayaessence.com\/","logo":{"@type":"ImageObject","inLanguage":"es","@id":"https:\/\/gayaessence.com\/#\/schema\/logo\/image\/","url":"https:\/\/gayaessence.com\/wp-content\/uploads\/2024\/10\/cropped-logo-transp-1.png","contentUrl":"https:\/\/gayaessence.com\/wp-content\/uploads\/2024\/10\/cropped-logo-transp-1.png","width":500,"height":196,"caption":"Gaya Essence"},"image":{"@id":"https:\/\/gayaessence.com\/#\/schema\/logo\/image\/"}}]}},"jetpack_sharing_enabled":true,"_links":{"self":[{"href":"https:\/\/gayaessence.com\/index.php\/wp-json\/wp\/v2\/product\/5241","targetHints":{"allow":["GET"]}}],"collection":[{"href":"https:\/\/gayaessence.com\/index.php\/wp-json\/wp\/v2\/product"}],"about":[{"href":"https:\/\/gayaessence.com\/index.php\/wp-json\/wp\/v2\/types\/product"}],"version-history":[{"count":5,"href":"https:\/\/gayaessence.com\/index.php\/wp-json\/wp\/v2\/product\/5241\/revisions"}],"predecessor-version":[{"id":5431,"href":"https:\/\/gayaessence.com\/index.php\/wp-json\/wp\/v2\/product\/5241\/revisions\/5431"}],"wp:featuredmedia":[{"embeddable":true,"href":"https:\/\/gayaessence.com\/index.php\/wp-json\/wp\/v2\/media\/5242"}],"wp:attachment":[{"href":"https:\/\/gayaessence.com\/index.php\/wp-json\/wp\/v2\/media?parent=5241"}],"wp:term":[{"taxonomy":"product_brand","embeddable":true,"href":"https:\/\/gayaessence.com\/index.php\/wp-json\/wp\/v2\/product_brand?post=5241"},{"taxonomy":"product_cat","embeddable":true,"href":"https:\/\/gayaessence.com\/index.php\/wp-json\/wp\/v2\/product_cat?post=5241"},{"taxonomy":"product_tag","embeddable":true,"href":"https:\/\/gayaessence.com\/index.php\/wp-json\/wp\/v2\/product_tag?post=5241"}],"curies":[{"name":"wp","href":"https:\/\/api.w.org\/{rel}","templated":true}]}}