{"id":5235,"date":"2026-02-12T20:24:39","date_gmt":"2026-02-12T20:24:39","guid":{"rendered":"https:\/\/gayaessence.com\/?post_type=product&#038;p=5235"},"modified":"2026-02-12T20:27:29","modified_gmt":"2026-02-12T20:27:29","slug":"pendientes-iris","status":"publish","type":"product","link":"https:\/\/gayaessence.com\/index.php\/producto\/pendientes-iris\/","title":{"rendered":"Pendientes Iris"},"content":{"rendered":"\t\t<div data-elementor-type=\"wp-post\" data-elementor-id=\"5235\" class=\"elementor elementor-5235\">\n\t\t\t\t\t\t<section class=\"elementor-section elementor-top-section elementor-element elementor-element-ba79a43 elementor-section-boxed elementor-section-height-default elementor-section-height-default\" data-id=\"ba79a43\" data-element_type=\"section\">\n\t\t\t\t\t\t<div class=\"elementor-container elementor-column-gap-default\">\n\t\t\t\t\t<div class=\"elementor-column elementor-col-100 elementor-top-column elementor-element elementor-element-183df69\" data-id=\"183df69\" data-element_type=\"column\">\n\t\t\t<div class=\"elementor-widget-wrap elementor-element-populated\">\n\t\t\t\t\t\t<section class=\"elementor-section elementor-inner-section elementor-element elementor-element-f5dfea0 elementor-section-boxed elementor-section-height-default elementor-section-height-default\" data-id=\"f5dfea0\" data-element_type=\"section\">\n\t\t\t\t\t\t<div class=\"elementor-container elementor-column-gap-default\">\n\t\t\t\t\t<div class=\"elementor-column elementor-col-50 elementor-inner-column elementor-element elementor-element-a5c31cf\" data-id=\"a5c31cf\" data-element_type=\"column\">\n\t\t\t<div class=\"elementor-widget-wrap elementor-element-populated\">\n\t\t\t\t\t\t<div class=\"elementor-element elementor-element-88efd13 elementor-widget elementor-widget-heading\" data-id=\"88efd13\" data-element_type=\"widget\" data-widget_type=\"heading.default\">\n\t\t\t\t<div class=\"elementor-widget-container\">\n\t\t\t<h3 class=\"elementor-heading-title elementor-size-default\">Descripci\u00f3n<\/h3>\t\t<\/div>\n\t\t\t\t<\/div>\n\t\t\t\t<div class=\"elementor-element elementor-element-d4da46a elementor-widget elementor-widget-text-editor\" data-id=\"d4da46a\" data-element_type=\"widget\" data-widget_type=\"text-editor.default\">\n\t\t\t\t<div class=\"elementor-widget-container\">\n\t\t\t\t\t\t\t<p data-start=\"97\" data-end=\"337\">Criollas semiabiertas de acero inoxidable de 12 mm, delicadamente compuestas con calcedonia natural. Un dise\u00f1o sutil y vers\u00e1til que combina minimalismo y energ\u00eda, perfecto para el d\u00eda a d\u00eda o para complementar una combinaci\u00f3n de pendientes.<\/p><p data-start=\"339\" data-end=\"600\">La <strong data-start=\"342\" data-end=\"356\">calcedonia<\/strong> es una piedra asociada a la calma y la comunicaci\u00f3n armoniosa. Su energ\u00eda suave ayuda a equilibrar las emociones, fomentar la serenidad y potenciar la expresi\u00f3n sincera y fluida. Es ideal para aportar paz interior y claridad en las relaciones.<\/p><p data-start=\"602\" data-end=\"737\">Al tratarse de piedra natural, cada pieza puede presentar ligeras variaciones en tono y forma, haciendo que tus criollas sean \u00fanicas. \u2728<\/p>\t\t\t\t\t\t<\/div>\n\t\t\t\t<\/div>\n\t\t\t\t\t<\/div>\n\t\t<\/div>\n\t\t\t\t<div class=\"elementor-column elementor-col-50 elementor-inner-column elementor-element elementor-element-a967996\" data-id=\"a967996\" data-element_type=\"column\">\n\t\t\t<div class=\"elementor-widget-wrap elementor-element-populated\">\n\t\t\t\t\t\t<div class=\"elementor-element elementor-element-38791ca elementor-widget elementor-widget-image\" data-id=\"38791ca\" data-element_type=\"widget\" data-widget_type=\"image.default\">\n\t\t\t\t<div class=\"elementor-widget-container\">\n\t\t\t\t\t\t\t\t\t\t\t\t\t<img fetchpriority=\"high\" decoding=\"async\" width=\"1200\" height=\"1165\" src=\"https:\/\/gayaessence.com\/wp-content\/uploads\/2026\/02\/Captura-de-pantalla-2026-02-12-a-las-21.25.41-1200x1165.png\" class=\"attachment-large size-large wp-image-5236\" alt=\"\" srcset=\"https:\/\/gayaessence.com\/wp-content\/uploads\/2026\/02\/Captura-de-pantalla-2026-02-12-a-las-21.25.41-1200x1165.png 1200w, https:\/\/gayaessence.com\/wp-content\/uploads\/2026\/02\/Captura-de-pantalla-2026-02-12-a-las-21.25.41-500x485.png 500w, https:\/\/gayaessence.com\/wp-content\/uploads\/2026\/02\/Captura-de-pantalla-2026-02-12-a-las-21.25.41-300x291.png 300w, https:\/\/gayaessence.com\/wp-content\/uploads\/2026\/02\/Captura-de-pantalla-2026-02-12-a-las-21.25.41-768x746.png 768w, https:\/\/gayaessence.com\/wp-content\/uploads\/2026\/02\/Captura-de-pantalla-2026-02-12-a-las-21.25.41-77x75.png 77w, https:\/\/gayaessence.com\/wp-content\/uploads\/2026\/02\/Captura-de-pantalla-2026-02-12-a-las-21.25.41-480x466.png 480w, https:\/\/gayaessence.com\/wp-content\/uploads\/2026\/02\/Captura-de-pantalla-2026-02-12-a-las-21.25.41-800x777.png 800w, https:\/\/gayaessence.com\/wp-content\/uploads\/2026\/02\/Captura-de-pantalla-2026-02-12-a-las-21.25.41.png 1514w\" sizes=\"(max-width:767px) 480px, (max-width:1200px) 100vw, 1200px\" \/>\t\t\t\t\t\t\t\t\t\t\t\t\t<\/div>\n\t\t\t\t<\/div>\n\t\t\t\t\t<\/div>\n\t\t<\/div>\n\t\t\t\t\t<\/div>\n\t\t<\/section>\n\t\t\t\t\t<\/div>\n\t\t<\/div>\n\t\t\t\t\t<\/div>\n\t\t<\/section>\n\t\t\t\t<\/div>\n\t\t","protected":false},"excerpt":{"rendered":"<p>Descripci\u00f3n Criollas semiabiertas de acero inoxidable de 12 mm, delicadamente compuestas con calcedonia natural. Un dise\u00f1o sutil y vers\u00e1til que combina minimalismo y energ\u00eda, perfecto para<span class=\"excerpt-hellip\"> [\u2026]<\/span><\/p>\n","protected":false},"featured_media":5236,"template":"","meta":[],"product_brand":[],"product_cat":[224],"product_tag":[],"class_list":{"0":"post-5235","1":"product","2":"type-product","3":"status-publish","4":"has-post-thumbnail","6":"product_cat-joyas","8":"first","9":"instock","10":"shipping-taxable","11":"purchasable","12":"product-type-simple"},"yoast_head":"<!-- This site is optimized with the Yoast SEO plugin v23.9 - https:\/\/yoast.com\/wordpress\/plugins\/seo\/ -->\n<title>Pendientes Iris - Gaya Essence<\/title>\n<meta name=\"robots\" content=\"index, follow, max-snippet:-1, max-image-preview:large, max-video-preview:-1\" \/>\n<link rel=\"canonical\" href=\"https:\/\/gayaessence.com\/index.php\/producto\/pendientes-iris\/\" \/>\n<meta property=\"og:locale\" content=\"es_ES\" \/>\n<meta property=\"og:type\" content=\"article\" \/>\n<meta property=\"og:title\" content=\"Pendientes Iris - Gaya Essence\" \/>\n<meta property=\"og:description\" content=\"Descripci\u00f3n Criollas semiabiertas de acero inoxidable de 12 mm, delicadamente compuestas con calcedonia natural. Un dise\u00f1o sutil y vers\u00e1til que combina minimalismo y energ\u00eda, perfecto para [\u2026]\" \/>\n<meta property=\"og:url\" content=\"https:\/\/gayaessence.com\/index.php\/producto\/pendientes-iris\/\" \/>\n<meta property=\"og:site_name\" content=\"Gaya Essence\" \/>\n<meta property=\"article:modified_time\" content=\"2026-02-12T20:27:29+00:00\" \/>\n<meta property=\"og:image\" content=\"https:\/\/gayaessence.com\/wp-content\/uploads\/2026\/02\/Captura-de-pantalla-2026-02-12-a-las-21.25.41-1200x1165.png\" \/>\n\t<meta property=\"og:image:width\" content=\"1200\" \/>\n\t<meta property=\"og:image:height\" content=\"1165\" \/>\n\t<meta property=\"og:image:type\" content=\"image\/png\" \/>\n<meta name=\"twitter:card\" content=\"summary_large_image\" \/>\n<meta name=\"twitter:label1\" content=\"Tiempo de lectura\" \/>\n\t<meta name=\"twitter:data1\" content=\"1 minuto\" \/>\n<script type=\"application\/ld+json\" class=\"yoast-schema-graph\">{\"@context\":\"https:\/\/schema.org\",\"@graph\":[{\"@type\":\"WebPage\",\"@id\":\"https:\/\/gayaessence.com\/index.php\/producto\/pendientes-iris\/\",\"url\":\"https:\/\/gayaessence.com\/index.php\/producto\/pendientes-iris\/\",\"name\":\"Pendientes Iris - Gaya Essence\",\"isPartOf\":{\"@id\":\"https:\/\/gayaessence.com\/#website\"},\"primaryImageOfPage\":{\"@id\":\"https:\/\/gayaessence.com\/index.php\/producto\/pendientes-iris\/#primaryimage\"},\"image\":{\"@id\":\"https:\/\/gayaessence.com\/index.php\/producto\/pendientes-iris\/#primaryimage\"},\"thumbnailUrl\":\"https:\/\/gayaessence.com\/wp-content\/uploads\/2026\/02\/Captura-de-pantalla-2026-02-12-a-las-21.25.41.png\",\"datePublished\":\"2026-02-12T20:24:39+00:00\",\"dateModified\":\"2026-02-12T20:27:29+00:00\",\"breadcrumb\":{\"@id\":\"https:\/\/gayaessence.com\/index.php\/producto\/pendientes-iris\/#breadcrumb\"},\"inLanguage\":\"es\",\"potentialAction\":[{\"@type\":\"ReadAction\",\"target\":[\"https:\/\/gayaessence.com\/index.php\/producto\/pendientes-iris\/\"]}]},{\"@type\":\"ImageObject\",\"inLanguage\":\"es\",\"@id\":\"https:\/\/gayaessence.com\/index.php\/producto\/pendientes-iris\/#primaryimage\",\"url\":\"https:\/\/gayaessence.com\/wp-content\/uploads\/2026\/02\/Captura-de-pantalla-2026-02-12-a-las-21.25.41.png\",\"contentUrl\":\"https:\/\/gayaessence.com\/wp-content\/uploads\/2026\/02\/Captura-de-pantalla-2026-02-12-a-las-21.25.41.png\",\"width\":1514,\"height\":1470},{\"@type\":\"BreadcrumbList\",\"@id\":\"https:\/\/gayaessence.com\/index.php\/producto\/pendientes-iris\/#breadcrumb\",\"itemListElement\":[{\"@type\":\"ListItem\",\"position\":1,\"name\":\"Portada\",\"item\":\"https:\/\/gayaessence.com\/\"},{\"@type\":\"ListItem\",\"position\":2,\"name\":\"Tienda\",\"item\":\"https:\/\/gayaessence.com\/index.php\/shop\/\"},{\"@type\":\"ListItem\",\"position\":3,\"name\":\"Pendientes Iris\"}]},{\"@type\":\"WebSite\",\"@id\":\"https:\/\/gayaessence.com\/#website\",\"url\":\"https:\/\/gayaessence.com\/\",\"name\":\"Gaya Essence\",\"description\":\"Cuida, Protege y Eleva tu Vibraci\u00f3n\",\"publisher\":{\"@id\":\"https:\/\/gayaessence.com\/#organization\"},\"potentialAction\":[{\"@type\":\"SearchAction\",\"target\":{\"@type\":\"EntryPoint\",\"urlTemplate\":\"https:\/\/gayaessence.com\/?s={search_term_string}\"},\"query-input\":{\"@type\":\"PropertyValueSpecification\",\"valueRequired\":true,\"valueName\":\"search_term_string\"}}],\"inLanguage\":\"es\"},{\"@type\":\"Organization\",\"@id\":\"https:\/\/gayaessence.com\/#organization\",\"name\":\"Gaya Essence\",\"url\":\"https:\/\/gayaessence.com\/\",\"logo\":{\"@type\":\"ImageObject\",\"inLanguage\":\"es\",\"@id\":\"https:\/\/gayaessence.com\/#\/schema\/logo\/image\/\",\"url\":\"https:\/\/gayaessence.com\/wp-content\/uploads\/2024\/10\/cropped-logo-transp-1.png\",\"contentUrl\":\"https:\/\/gayaessence.com\/wp-content\/uploads\/2024\/10\/cropped-logo-transp-1.png\",\"width\":500,\"height\":196,\"caption\":\"Gaya Essence\"},\"image\":{\"@id\":\"https:\/\/gayaessence.com\/#\/schema\/logo\/image\/\"}}]}<\/script>\n<!-- \/ Yoast SEO plugin. -->","yoast_head_json":{"title":"Pendientes Iris - Gaya Essence","robots":{"index":"index","follow":"follow","max-snippet":"max-snippet:-1","max-image-preview":"max-image-preview:large","max-video-preview":"max-video-preview:-1"},"canonical":"https:\/\/gayaessence.com\/index.php\/producto\/pendientes-iris\/","og_locale":"es_ES","og_type":"article","og_title":"Pendientes Iris - Gaya Essence","og_description":"Descripci\u00f3n Criollas semiabiertas de acero inoxidable de 12 mm, delicadamente compuestas con calcedonia natural. Un dise\u00f1o sutil y vers\u00e1til que combina minimalismo y energ\u00eda, perfecto para [\u2026]","og_url":"https:\/\/gayaessence.com\/index.php\/producto\/pendientes-iris\/","og_site_name":"Gaya Essence","article_modified_time":"2026-02-12T20:27:29+00:00","og_image":[{"width":1200,"height":1165,"url":"https:\/\/gayaessence.com\/wp-content\/uploads\/2026\/02\/Captura-de-pantalla-2026-02-12-a-las-21.25.41-1200x1165.png","type":"image\/png"}],"twitter_card":"summary_large_image","twitter_misc":{"Tiempo de lectura":"1 minuto"},"schema":{"@context":"https:\/\/schema.org","@graph":[{"@type":"WebPage","@id":"https:\/\/gayaessence.com\/index.php\/producto\/pendientes-iris\/","url":"https:\/\/gayaessence.com\/index.php\/producto\/pendientes-iris\/","name":"Pendientes Iris - Gaya Essence","isPartOf":{"@id":"https:\/\/gayaessence.com\/#website"},"primaryImageOfPage":{"@id":"https:\/\/gayaessence.com\/index.php\/producto\/pendientes-iris\/#primaryimage"},"image":{"@id":"https:\/\/gayaessence.com\/index.php\/producto\/pendientes-iris\/#primaryimage"},"thumbnailUrl":"https:\/\/gayaessence.com\/wp-content\/uploads\/2026\/02\/Captura-de-pantalla-2026-02-12-a-las-21.25.41.png","datePublished":"2026-02-12T20:24:39+00:00","dateModified":"2026-02-12T20:27:29+00:00","breadcrumb":{"@id":"https:\/\/gayaessence.com\/index.php\/producto\/pendientes-iris\/#breadcrumb"},"inLanguage":"es","potentialAction":[{"@type":"ReadAction","target":["https:\/\/gayaessence.com\/index.php\/producto\/pendientes-iris\/"]}]},{"@type":"ImageObject","inLanguage":"es","@id":"https:\/\/gayaessence.com\/index.php\/producto\/pendientes-iris\/#primaryimage","url":"https:\/\/gayaessence.com\/wp-content\/uploads\/2026\/02\/Captura-de-pantalla-2026-02-12-a-las-21.25.41.png","contentUrl":"https:\/\/gayaessence.com\/wp-content\/uploads\/2026\/02\/Captura-de-pantalla-2026-02-12-a-las-21.25.41.png","width":1514,"height":1470},{"@type":"BreadcrumbList","@id":"https:\/\/gayaessence.com\/index.php\/producto\/pendientes-iris\/#breadcrumb","itemListElement":[{"@type":"ListItem","position":1,"name":"Portada","item":"https:\/\/gayaessence.com\/"},{"@type":"ListItem","position":2,"name":"Tienda","item":"https:\/\/gayaessence.com\/index.php\/shop\/"},{"@type":"ListItem","position":3,"name":"Pendientes Iris"}]},{"@type":"WebSite","@id":"https:\/\/gayaessence.com\/#website","url":"https:\/\/gayaessence.com\/","name":"Gaya Essence","description":"Cuida, Protege y Eleva tu Vibraci\u00f3n","publisher":{"@id":"https:\/\/gayaessence.com\/#organization"},"potentialAction":[{"@type":"SearchAction","target":{"@type":"EntryPoint","urlTemplate":"https:\/\/gayaessence.com\/?s={search_term_string}"},"query-input":{"@type":"PropertyValueSpecification","valueRequired":true,"valueName":"search_term_string"}}],"inLanguage":"es"},{"@type":"Organization","@id":"https:\/\/gayaessence.com\/#organization","name":"Gaya Essence","url":"https:\/\/gayaessence.com\/","logo":{"@type":"ImageObject","inLanguage":"es","@id":"https:\/\/gayaessence.com\/#\/schema\/logo\/image\/","url":"https:\/\/gayaessence.com\/wp-content\/uploads\/2024\/10\/cropped-logo-transp-1.png","contentUrl":"https:\/\/gayaessence.com\/wp-content\/uploads\/2024\/10\/cropped-logo-transp-1.png","width":500,"height":196,"caption":"Gaya Essence"},"image":{"@id":"https:\/\/gayaessence.com\/#\/schema\/logo\/image\/"}}]}},"jetpack_sharing_enabled":true,"_links":{"self":[{"href":"https:\/\/gayaessence.com\/index.php\/wp-json\/wp\/v2\/product\/5235","targetHints":{"allow":["GET"]}}],"collection":[{"href":"https:\/\/gayaessence.com\/index.php\/wp-json\/wp\/v2\/product"}],"about":[{"href":"https:\/\/gayaessence.com\/index.php\/wp-json\/wp\/v2\/types\/product"}],"version-history":[{"count":4,"href":"https:\/\/gayaessence.com\/index.php\/wp-json\/wp\/v2\/product\/5235\/revisions"}],"predecessor-version":[{"id":5240,"href":"https:\/\/gayaessence.com\/index.php\/wp-json\/wp\/v2\/product\/5235\/revisions\/5240"}],"wp:featuredmedia":[{"embeddable":true,"href":"https:\/\/gayaessence.com\/index.php\/wp-json\/wp\/v2\/media\/5236"}],"wp:attachment":[{"href":"https:\/\/gayaessence.com\/index.php\/wp-json\/wp\/v2\/media?parent=5235"}],"wp:term":[{"taxonomy":"product_brand","embeddable":true,"href":"https:\/\/gayaessence.com\/index.php\/wp-json\/wp\/v2\/product_brand?post=5235"},{"taxonomy":"product_cat","embeddable":true,"href":"https:\/\/gayaessence.com\/index.php\/wp-json\/wp\/v2\/product_cat?post=5235"},{"taxonomy":"product_tag","embeddable":true,"href":"https:\/\/gayaessence.com\/index.php\/wp-json\/wp\/v2\/product_tag?post=5235"}],"curies":[{"name":"wp","href":"https:\/\/api.w.org\/{rel}","templated":true}]}}