{"id":5222,"date":"2026-02-12T20:05:37","date_gmt":"2026-02-12T20:05:37","guid":{"rendered":"https:\/\/gayaessence.com\/?post_type=product&#038;p=5222"},"modified":"2026-02-12T20:18:38","modified_gmt":"2026-02-12T20:18:38","slug":"collar-eter","status":"publish","type":"product","link":"https:\/\/gayaessence.com\/index.php\/producto\/collar-eter\/","title":{"rendered":"Collar Eter"},"content":{"rendered":"\t\t<div data-elementor-type=\"wp-post\" data-elementor-id=\"5222\" class=\"elementor elementor-5222\">\n\t\t\t\t\t\t<section class=\"elementor-section elementor-top-section elementor-element elementor-element-ba79a43 elementor-section-boxed elementor-section-height-default elementor-section-height-default\" data-id=\"ba79a43\" data-element_type=\"section\">\n\t\t\t\t\t\t<div class=\"elementor-container elementor-column-gap-default\">\n\t\t\t\t\t<div class=\"elementor-column elementor-col-100 elementor-top-column elementor-element elementor-element-183df69\" data-id=\"183df69\" data-element_type=\"column\">\n\t\t\t<div class=\"elementor-widget-wrap elementor-element-populated\">\n\t\t\t\t\t\t<section class=\"elementor-section elementor-inner-section elementor-element elementor-element-f5dfea0 elementor-section-boxed elementor-section-height-default elementor-section-height-default\" data-id=\"f5dfea0\" data-element_type=\"section\">\n\t\t\t\t\t\t<div class=\"elementor-container elementor-column-gap-default\">\n\t\t\t\t\t<div class=\"elementor-column elementor-col-50 elementor-inner-column elementor-element elementor-element-a5c31cf\" data-id=\"a5c31cf\" data-element_type=\"column\">\n\t\t\t<div class=\"elementor-widget-wrap elementor-element-populated\">\n\t\t\t\t\t\t<div class=\"elementor-element elementor-element-88efd13 elementor-widget elementor-widget-heading\" data-id=\"88efd13\" data-element_type=\"widget\" data-widget_type=\"heading.default\">\n\t\t\t\t<div class=\"elementor-widget-container\">\n\t\t\t<h3 class=\"elementor-heading-title elementor-size-default\">Descripci\u00f3n<\/h3>\t\t<\/div>\n\t\t\t\t<\/div>\n\t\t\t\t<div class=\"elementor-element elementor-element-d4da46a elementor-widget elementor-widget-text-editor\" data-id=\"d4da46a\" data-element_type=\"widget\" data-widget_type=\"text-editor.default\">\n\t\t\t\t<div class=\"elementor-widget-container\">\n\t\t\t\t\t\t\t<p data-start=\"182\" data-end=\"427\">Collar de acero inoxidable con labradoritas, piedras lunares blancas y piedras lunares naranjas, acompa\u00f1ado de delicados dijes dorados que aportan un brillo sutil y elegante. Una pieza luminosa y femenina que combina energ\u00eda, intenci\u00f3n y estilo.<\/p><p data-start=\"429\" data-end=\"620\">La <strong data-start=\"432\" data-end=\"447\">labradorita<\/strong> es conocida como la piedra de la protecci\u00f3n y la transformaci\u00f3n. Act\u00faa como escudo energ\u00e9tico, potencia la intuici\u00f3n y acompa\u00f1a procesos de cambio y crecimiento personal.<\/p><p data-start=\"622\" data-end=\"767\">La <strong data-start=\"625\" data-end=\"640\">piedra luna<\/strong> favorece el equilibrio emocional y la conexi\u00f3n con los ciclos naturales, potenciando la sensibilidad y los nuevos comienzos.<\/p><p data-start=\"769\" data-end=\"897\">La <strong data-start=\"772\" data-end=\"795\">piedra luna naranja<\/strong> aporta vitalidad, creatividad y energ\u00eda femenina, ayudando a conectar con la pasi\u00f3n y la inspiraci\u00f3n.<\/p><p data-start=\"899\" data-end=\"1006\">Mide aproximadamente <strong data-start=\"920\" data-end=\"929\">37 cm<\/strong>, con una extensi\u00f3n adicional de <strong data-start=\"962\" data-end=\"970\">5 cm<\/strong> para ajustarlo a la medida deseada.<\/p><p data-start=\"1008\" data-end=\"1178\">Cada piedra es \u00fanica, por lo que tu joya puede presentar ligeras variaciones respecto a la fotograf\u00eda, haciendo que tu collar sea verdaderamente especial e irrepetible. \u2728<\/p>\t\t\t\t\t\t<\/div>\n\t\t\t\t<\/div>\n\t\t\t\t\t<\/div>\n\t\t<\/div>\n\t\t\t\t<div class=\"elementor-column elementor-col-50 elementor-inner-column elementor-element elementor-element-a967996\" data-id=\"a967996\" data-element_type=\"column\">\n\t\t\t<div class=\"elementor-widget-wrap elementor-element-populated\">\n\t\t\t\t\t\t<div class=\"elementor-element elementor-element-38791ca elementor-widget elementor-widget-image\" data-id=\"38791ca\" data-element_type=\"widget\" data-widget_type=\"image.default\">\n\t\t\t\t<div class=\"elementor-widget-container\">\n\t\t\t\t\t\t\t\t\t\t\t\t\t<img fetchpriority=\"high\" decoding=\"async\" width=\"1200\" height=\"1138\" src=\"https:\/\/gayaessence.com\/wp-content\/uploads\/2026\/02\/Captura-de-pantalla-2026-02-12-a-las-21.07.23-1200x1138.png\" class=\"attachment-large size-large wp-image-5224\" alt=\"\" srcset=\"https:\/\/gayaessence.com\/wp-content\/uploads\/2026\/02\/Captura-de-pantalla-2026-02-12-a-las-21.07.23-1200x1138.png 1200w, https:\/\/gayaessence.com\/wp-content\/uploads\/2026\/02\/Captura-de-pantalla-2026-02-12-a-las-21.07.23-500x474.png 500w, https:\/\/gayaessence.com\/wp-content\/uploads\/2026\/02\/Captura-de-pantalla-2026-02-12-a-las-21.07.23-300x284.png 300w, https:\/\/gayaessence.com\/wp-content\/uploads\/2026\/02\/Captura-de-pantalla-2026-02-12-a-las-21.07.23-768x728.png 768w, https:\/\/gayaessence.com\/wp-content\/uploads\/2026\/02\/Captura-de-pantalla-2026-02-12-a-las-21.07.23-1536x1456.png 1536w, https:\/\/gayaessence.com\/wp-content\/uploads\/2026\/02\/Captura-de-pantalla-2026-02-12-a-las-21.07.23-79x75.png 79w, https:\/\/gayaessence.com\/wp-content\/uploads\/2026\/02\/Captura-de-pantalla-2026-02-12-a-las-21.07.23-480x455.png 480w, https:\/\/gayaessence.com\/wp-content\/uploads\/2026\/02\/Captura-de-pantalla-2026-02-12-a-las-21.07.23-800x758.png 800w, https:\/\/gayaessence.com\/wp-content\/uploads\/2026\/02\/Captura-de-pantalla-2026-02-12-a-las-21.07.23.png 1772w\" sizes=\"(max-width:767px) 480px, (max-width:1200px) 100vw, 1200px\" \/>\t\t\t\t\t\t\t\t\t\t\t\t\t<\/div>\n\t\t\t\t<\/div>\n\t\t\t\t\t<\/div>\n\t\t<\/div>\n\t\t\t\t\t<\/div>\n\t\t<\/section>\n\t\t\t\t\t<\/div>\n\t\t<\/div>\n\t\t\t\t\t<\/div>\n\t\t<\/section>\n\t\t\t\t<\/div>\n\t\t","protected":false},"excerpt":{"rendered":"<p>Descripci\u00f3n Collar de acero inoxidable con labradoritas, piedras lunares blancas y piedras lunares naranjas, acompa\u00f1ado de delicados dijes dorados que aportan un brillo sutil y elegante.<span class=\"excerpt-hellip\"> [\u2026]<\/span><\/p>\n","protected":false},"featured_media":5223,"template":"","meta":[],"product_brand":[],"product_cat":[224],"product_tag":[],"class_list":{"0":"post-5222","1":"product","2":"type-product","3":"status-publish","4":"has-post-thumbnail","6":"product_cat-joyas","8":"first","9":"instock","10":"shipping-taxable","11":"purchasable","12":"product-type-simple"},"yoast_head":"<!-- This site is optimized with the Yoast SEO plugin v23.9 - https:\/\/yoast.com\/wordpress\/plugins\/seo\/ -->\n<title>Collar Eter - Gaya Essence<\/title>\n<meta name=\"robots\" content=\"index, follow, max-snippet:-1, max-image-preview:large, max-video-preview:-1\" \/>\n<link rel=\"canonical\" href=\"https:\/\/gayaessence.com\/index.php\/producto\/collar-eter\/\" \/>\n<meta property=\"og:locale\" content=\"es_ES\" \/>\n<meta property=\"og:type\" content=\"article\" \/>\n<meta property=\"og:title\" content=\"Collar Eter - Gaya Essence\" \/>\n<meta property=\"og:description\" content=\"Descripci\u00f3n Collar de acero inoxidable con labradoritas, piedras lunares blancas y piedras lunares naranjas, acompa\u00f1ado de delicados dijes dorados que aportan un brillo sutil y elegante. [\u2026]\" \/>\n<meta property=\"og:url\" content=\"https:\/\/gayaessence.com\/index.php\/producto\/collar-eter\/\" \/>\n<meta property=\"og:site_name\" content=\"Gaya Essence\" \/>\n<meta property=\"article:modified_time\" content=\"2026-02-12T20:18:38+00:00\" \/>\n<meta property=\"og:image\" content=\"https:\/\/gayaessence.com\/wp-content\/uploads\/2026\/02\/Captura-de-pantalla-2026-02-12-a-las-17.35.20.png\" \/>\n\t<meta property=\"og:image:width\" content=\"758\" \/>\n\t<meta property=\"og:image:height\" content=\"758\" \/>\n\t<meta property=\"og:image:type\" content=\"image\/png\" \/>\n<meta name=\"twitter:card\" content=\"summary_large_image\" \/>\n<meta name=\"twitter:label1\" content=\"Tiempo de lectura\" \/>\n\t<meta name=\"twitter:data1\" content=\"2 minutos\" \/>\n<script type=\"application\/ld+json\" class=\"yoast-schema-graph\">{\"@context\":\"https:\/\/schema.org\",\"@graph\":[{\"@type\":\"WebPage\",\"@id\":\"https:\/\/gayaessence.com\/index.php\/producto\/collar-eter\/\",\"url\":\"https:\/\/gayaessence.com\/index.php\/producto\/collar-eter\/\",\"name\":\"Collar Eter - Gaya Essence\",\"isPartOf\":{\"@id\":\"https:\/\/gayaessence.com\/#website\"},\"primaryImageOfPage\":{\"@id\":\"https:\/\/gayaessence.com\/index.php\/producto\/collar-eter\/#primaryimage\"},\"image\":{\"@id\":\"https:\/\/gayaessence.com\/index.php\/producto\/collar-eter\/#primaryimage\"},\"thumbnailUrl\":\"https:\/\/gayaessence.com\/wp-content\/uploads\/2026\/02\/Captura-de-pantalla-2026-02-12-a-las-17.35.20.png\",\"datePublished\":\"2026-02-12T20:05:37+00:00\",\"dateModified\":\"2026-02-12T20:18:38+00:00\",\"breadcrumb\":{\"@id\":\"https:\/\/gayaessence.com\/index.php\/producto\/collar-eter\/#breadcrumb\"},\"inLanguage\":\"es\",\"potentialAction\":[{\"@type\":\"ReadAction\",\"target\":[\"https:\/\/gayaessence.com\/index.php\/producto\/collar-eter\/\"]}]},{\"@type\":\"ImageObject\",\"inLanguage\":\"es\",\"@id\":\"https:\/\/gayaessence.com\/index.php\/producto\/collar-eter\/#primaryimage\",\"url\":\"https:\/\/gayaessence.com\/wp-content\/uploads\/2026\/02\/Captura-de-pantalla-2026-02-12-a-las-17.35.20.png\",\"contentUrl\":\"https:\/\/gayaessence.com\/wp-content\/uploads\/2026\/02\/Captura-de-pantalla-2026-02-12-a-las-17.35.20.png\",\"width\":758,\"height\":758},{\"@type\":\"BreadcrumbList\",\"@id\":\"https:\/\/gayaessence.com\/index.php\/producto\/collar-eter\/#breadcrumb\",\"itemListElement\":[{\"@type\":\"ListItem\",\"position\":1,\"name\":\"Portada\",\"item\":\"https:\/\/gayaessence.com\/\"},{\"@type\":\"ListItem\",\"position\":2,\"name\":\"Tienda\",\"item\":\"https:\/\/gayaessence.com\/index.php\/shop\/\"},{\"@type\":\"ListItem\",\"position\":3,\"name\":\"Collar Eter\"}]},{\"@type\":\"WebSite\",\"@id\":\"https:\/\/gayaessence.com\/#website\",\"url\":\"https:\/\/gayaessence.com\/\",\"name\":\"Gaya Essence\",\"description\":\"Cuida, Protege y Eleva tu Vibraci\u00f3n\",\"publisher\":{\"@id\":\"https:\/\/gayaessence.com\/#organization\"},\"potentialAction\":[{\"@type\":\"SearchAction\",\"target\":{\"@type\":\"EntryPoint\",\"urlTemplate\":\"https:\/\/gayaessence.com\/?s={search_term_string}\"},\"query-input\":{\"@type\":\"PropertyValueSpecification\",\"valueRequired\":true,\"valueName\":\"search_term_string\"}}],\"inLanguage\":\"es\"},{\"@type\":\"Organization\",\"@id\":\"https:\/\/gayaessence.com\/#organization\",\"name\":\"Gaya Essence\",\"url\":\"https:\/\/gayaessence.com\/\",\"logo\":{\"@type\":\"ImageObject\",\"inLanguage\":\"es\",\"@id\":\"https:\/\/gayaessence.com\/#\/schema\/logo\/image\/\",\"url\":\"https:\/\/gayaessence.com\/wp-content\/uploads\/2024\/10\/cropped-logo-transp-1.png\",\"contentUrl\":\"https:\/\/gayaessence.com\/wp-content\/uploads\/2024\/10\/cropped-logo-transp-1.png\",\"width\":500,\"height\":196,\"caption\":\"Gaya Essence\"},\"image\":{\"@id\":\"https:\/\/gayaessence.com\/#\/schema\/logo\/image\/\"}}]}<\/script>\n<!-- \/ Yoast SEO plugin. -->","yoast_head_json":{"title":"Collar Eter - Gaya Essence","robots":{"index":"index","follow":"follow","max-snippet":"max-snippet:-1","max-image-preview":"max-image-preview:large","max-video-preview":"max-video-preview:-1"},"canonical":"https:\/\/gayaessence.com\/index.php\/producto\/collar-eter\/","og_locale":"es_ES","og_type":"article","og_title":"Collar Eter - Gaya Essence","og_description":"Descripci\u00f3n Collar de acero inoxidable con labradoritas, piedras lunares blancas y piedras lunares naranjas, acompa\u00f1ado de delicados dijes dorados que aportan un brillo sutil y elegante. [\u2026]","og_url":"https:\/\/gayaessence.com\/index.php\/producto\/collar-eter\/","og_site_name":"Gaya Essence","article_modified_time":"2026-02-12T20:18:38+00:00","og_image":[{"width":758,"height":758,"url":"https:\/\/gayaessence.com\/wp-content\/uploads\/2026\/02\/Captura-de-pantalla-2026-02-12-a-las-17.35.20.png","type":"image\/png"}],"twitter_card":"summary_large_image","twitter_misc":{"Tiempo de lectura":"2 minutos"},"schema":{"@context":"https:\/\/schema.org","@graph":[{"@type":"WebPage","@id":"https:\/\/gayaessence.com\/index.php\/producto\/collar-eter\/","url":"https:\/\/gayaessence.com\/index.php\/producto\/collar-eter\/","name":"Collar Eter - Gaya Essence","isPartOf":{"@id":"https:\/\/gayaessence.com\/#website"},"primaryImageOfPage":{"@id":"https:\/\/gayaessence.com\/index.php\/producto\/collar-eter\/#primaryimage"},"image":{"@id":"https:\/\/gayaessence.com\/index.php\/producto\/collar-eter\/#primaryimage"},"thumbnailUrl":"https:\/\/gayaessence.com\/wp-content\/uploads\/2026\/02\/Captura-de-pantalla-2026-02-12-a-las-17.35.20.png","datePublished":"2026-02-12T20:05:37+00:00","dateModified":"2026-02-12T20:18:38+00:00","breadcrumb":{"@id":"https:\/\/gayaessence.com\/index.php\/producto\/collar-eter\/#breadcrumb"},"inLanguage":"es","potentialAction":[{"@type":"ReadAction","target":["https:\/\/gayaessence.com\/index.php\/producto\/collar-eter\/"]}]},{"@type":"ImageObject","inLanguage":"es","@id":"https:\/\/gayaessence.com\/index.php\/producto\/collar-eter\/#primaryimage","url":"https:\/\/gayaessence.com\/wp-content\/uploads\/2026\/02\/Captura-de-pantalla-2026-02-12-a-las-17.35.20.png","contentUrl":"https:\/\/gayaessence.com\/wp-content\/uploads\/2026\/02\/Captura-de-pantalla-2026-02-12-a-las-17.35.20.png","width":758,"height":758},{"@type":"BreadcrumbList","@id":"https:\/\/gayaessence.com\/index.php\/producto\/collar-eter\/#breadcrumb","itemListElement":[{"@type":"ListItem","position":1,"name":"Portada","item":"https:\/\/gayaessence.com\/"},{"@type":"ListItem","position":2,"name":"Tienda","item":"https:\/\/gayaessence.com\/index.php\/shop\/"},{"@type":"ListItem","position":3,"name":"Collar Eter"}]},{"@type":"WebSite","@id":"https:\/\/gayaessence.com\/#website","url":"https:\/\/gayaessence.com\/","name":"Gaya Essence","description":"Cuida, Protege y Eleva tu Vibraci\u00f3n","publisher":{"@id":"https:\/\/gayaessence.com\/#organization"},"potentialAction":[{"@type":"SearchAction","target":{"@type":"EntryPoint","urlTemplate":"https:\/\/gayaessence.com\/?s={search_term_string}"},"query-input":{"@type":"PropertyValueSpecification","valueRequired":true,"valueName":"search_term_string"}}],"inLanguage":"es"},{"@type":"Organization","@id":"https:\/\/gayaessence.com\/#organization","name":"Gaya Essence","url":"https:\/\/gayaessence.com\/","logo":{"@type":"ImageObject","inLanguage":"es","@id":"https:\/\/gayaessence.com\/#\/schema\/logo\/image\/","url":"https:\/\/gayaessence.com\/wp-content\/uploads\/2024\/10\/cropped-logo-transp-1.png","contentUrl":"https:\/\/gayaessence.com\/wp-content\/uploads\/2024\/10\/cropped-logo-transp-1.png","width":500,"height":196,"caption":"Gaya Essence"},"image":{"@id":"https:\/\/gayaessence.com\/#\/schema\/logo\/image\/"}}]}},"jetpack_sharing_enabled":true,"_links":{"self":[{"href":"https:\/\/gayaessence.com\/index.php\/wp-json\/wp\/v2\/product\/5222","targetHints":{"allow":["GET"]}}],"collection":[{"href":"https:\/\/gayaessence.com\/index.php\/wp-json\/wp\/v2\/product"}],"about":[{"href":"https:\/\/gayaessence.com\/index.php\/wp-json\/wp\/v2\/types\/product"}],"version-history":[{"count":4,"href":"https:\/\/gayaessence.com\/index.php\/wp-json\/wp\/v2\/product\/5222\/revisions"}],"predecessor-version":[{"id":5228,"href":"https:\/\/gayaessence.com\/index.php\/wp-json\/wp\/v2\/product\/5222\/revisions\/5228"}],"wp:featuredmedia":[{"embeddable":true,"href":"https:\/\/gayaessence.com\/index.php\/wp-json\/wp\/v2\/media\/5223"}],"wp:attachment":[{"href":"https:\/\/gayaessence.com\/index.php\/wp-json\/wp\/v2\/media?parent=5222"}],"wp:term":[{"taxonomy":"product_brand","embeddable":true,"href":"https:\/\/gayaessence.com\/index.php\/wp-json\/wp\/v2\/product_brand?post=5222"},{"taxonomy":"product_cat","embeddable":true,"href":"https:\/\/gayaessence.com\/index.php\/wp-json\/wp\/v2\/product_cat?post=5222"},{"taxonomy":"product_tag","embeddable":true,"href":"https:\/\/gayaessence.com\/index.php\/wp-json\/wp\/v2\/product_tag?post=5222"}],"curies":[{"name":"wp","href":"https:\/\/api.w.org\/{rel}","templated":true}]}}