{"id":5179,"date":"2026-02-04T15:36:41","date_gmt":"2026-02-04T15:36:41","guid":{"rendered":"https:\/\/gayaessence.com\/?post_type=product&#038;p=5179"},"modified":"2026-02-04T18:00:15","modified_gmt":"2026-02-04T18:00:15","slug":"ritual-rosa","status":"publish","type":"product","link":"https:\/\/gayaessence.com\/index.php\/producto\/ritual-rosa\/","title":{"rendered":"Ritual Rosa"},"content":{"rendered":"\t\t<div data-elementor-type=\"wp-post\" data-elementor-id=\"5179\" class=\"elementor elementor-5179\">\n\t\t\t\t\t\t<section class=\"elementor-section elementor-top-section elementor-element elementor-element-ba79a43 elementor-section-boxed elementor-section-height-default elementor-section-height-default\" data-id=\"ba79a43\" data-element_type=\"section\">\n\t\t\t\t\t\t<div class=\"elementor-container elementor-column-gap-default\">\n\t\t\t\t\t<div class=\"elementor-column elementor-col-100 elementor-top-column elementor-element elementor-element-183df69\" data-id=\"183df69\" data-element_type=\"column\">\n\t\t\t<div class=\"elementor-widget-wrap elementor-element-populated\">\n\t\t\t\t\t\t<section class=\"elementor-section elementor-inner-section elementor-element elementor-element-f5dfea0 elementor-section-boxed elementor-section-height-default elementor-section-height-default\" data-id=\"f5dfea0\" data-element_type=\"section\">\n\t\t\t\t\t\t<div class=\"elementor-container elementor-column-gap-default\">\n\t\t\t\t\t<div class=\"elementor-column elementor-col-50 elementor-inner-column elementor-element elementor-element-a5c31cf\" data-id=\"a5c31cf\" data-element_type=\"column\">\n\t\t\t<div class=\"elementor-widget-wrap elementor-element-populated\">\n\t\t\t\t\t\t<div class=\"elementor-element elementor-element-ae33da0 elementor-widget elementor-widget-heading\" data-id=\"ae33da0\" data-element_type=\"widget\" data-widget_type=\"heading.default\">\n\t\t\t\t<div class=\"elementor-widget-container\">\n\t\t\t<h3 class=\"elementor-heading-title elementor-size-default\">Ritual Rosa<\/h3>\t\t<\/div>\n\t\t\t\t<\/div>\n\t\t\t\t<div class=\"elementor-element elementor-element-96035f9 elementor-widget elementor-widget-text-editor\" data-id=\"96035f9\" data-element_type=\"widget\" data-widget_type=\"text-editor.default\">\n\t\t\t\t<div class=\"elementor-widget-container\">\n\t\t\t\t\t\t\t<p><span style=\"text-decoration: underline\"><strong>\u2728ARTESANA Y 100 % NATURAL<\/strong><\/span><\/p><p>Esta vela de 200gr es una creaci\u00f3n artesana, vegana y 100% natural, elaborada a mano con ingredientes org\u00e1nicos y terap\u00e9uticos seleccionados para honrar el cuerpo, la piel y la energ\u00eda.<\/p><p>Cada vela nace de un proceso lento, consciente y profundamente intencional. No hay dos iguales, porque ninguna se produce en serie: cada una es \u00fanica, como el ritual que crea y la persona que la recibe.<\/p><p>Las peque\u00f1as variaciones en forma, textura y acabado son la huella viva de lo hecho a mano, un recordatorio de que el verdadero lujo reside en lo aut\u00e9ntico, lo imperfecto y lo humano.<\/p><p>M\u00e1s que una vela, es un ritual.<br \/>Un gesto de autocuidado.<br \/>Un masaje para tu alma.<\/p><p><span style=\"text-decoration: underline\"><strong>\u27285 SENTIDOS<\/strong><\/span><\/p><p>Dise\u00f1ada para acompa\u00f1arte en los momentos en los que eliges volver a ti, esta vela te invita a ritualizar el momento ducha, a regalarte un masaje de amor propio o a compartir un instante \u00edntimo con tu persona especial.<\/p><p>Al encenderla, comienza una experiencia que envuelve y despierta tus cinco sentidos.<\/p><p>La danza del fuego activa tu presencia y te ancla al ahora.<br \/>El crepitar de la llama despierta una sensaci\u00f3n de refugio y calma.<br \/>La cera tibia se transforma en un gesto de amor propio, desliz\u00e1ndose sobre la piel como un masaje que nutre y reconforta.<br \/>El aroma natural de rosas despierta tu suavidad, tu sensibilidad y tu energ\u00eda femenina.<br \/>Finalmente, la experiencia se completa con una infusi\u00f3n de p\u00e9talos de rosa comestibles para acompa\u00f1ar el ritual y elevar cada instante.<\/p><p><span style=\"text-decoration: underline\"><strong>\u2728RITUAL DE USO<\/strong><\/span><\/p><ul><li data-start=\"249\" data-end=\"370\"><p data-start=\"252\" data-end=\"370\">No es necesario, pero si prefieres una quema m\u00e1s despejada, puedes retirar los p\u00e9talos de rosa antes de encender la vela.<\/p><\/li><li data-start=\"372\" data-end=\"859\"><p data-start=\"375\" data-end=\"859\">Inclina ligeramente la vela y acerca el fuego a la base de la mecha, justo donde entra en contacto con la cera. Mant\u00e9n la llama unos segundos hasta que prenda bien y vuelve a colocarla en posici\u00f3n recta.<br data-start=\"578\" data-end=\"581\" \/>Esta es una vela diferente: es normal que necesite reencenderse o que la llama se apague tras pocos minutos. Esto forma parte de su dise\u00f1o y permite conservar intactas las propiedades de los aceites, evitar un exceso de temperatura y alargar la vida del ritual.<\/p><\/li><li data-start=\"861\" data-end=\"1101\"><p data-start=\"864\" data-end=\"1101\">Para evitar que se forme un t\u00fanel en el centro, utiliza la cuchara de madera para recoger la cera tibia de los bordes. Puedes aplicarla en rostro, cuerpo, manos o pies y, al mismo tiempo, ayudar a que la vela se funda de manera uniforme.<\/p><\/li><\/ul><p><span style=\"text-decoration: underline\"><strong>\u2728INCLUYE<\/strong><\/span><\/p><p>\u2013 Vela Ritual Rosa 200gr<br \/>\u2013 Cuchara de madera<br \/>\u2013 Infusi\u00f3n de p\u00e9talos de rosa comestibles sin gluten y sin az\u00facar<br \/>\u2013 Virutas de gel de ducha s\u00f3lido con p\u00e9talos de rosa, pensado para purificar la piel, preparando el cuerpo para recibir el masaje y el cuidado<\/p><p>\u2728<span style=\"text-decoration: underline\"><strong>INGREDIENTES<\/strong><\/span><\/p><p>Elaborada con cera de candelilla 100% pura, aceites vegetales org\u00e1nicos, mantecas bot\u00e1nicas nutritivas, extractos de plantas y aceite esencial puro de rosa damascena.<\/p><p><strong>Nutritiva \u00b7 Hidratante \u00b7 Regeneradora \u00b7 Calmante \u00b7 Antioxidante \u00b7 Mejora la elasticidad \u00b7 Revitalizante \u00b7 Iluminadora<\/strong><\/p><p data-start=\"1268\" data-end=\"1443\">\u00a0<\/p>\t\t\t\t\t\t<\/div>\n\t\t\t\t<\/div>\n\t\t\t\t\t<\/div>\n\t\t<\/div>\n\t\t\t\t<div class=\"elementor-column elementor-col-50 elementor-inner-column elementor-element elementor-element-a967996\" data-id=\"a967996\" data-element_type=\"column\">\n\t\t\t<div class=\"elementor-widget-wrap elementor-element-populated\">\n\t\t\t\t\t\t<div class=\"elementor-element elementor-element-38791ca elementor-widget elementor-widget-image\" data-id=\"38791ca\" data-element_type=\"widget\" data-widget_type=\"image.default\">\n\t\t\t\t<div class=\"elementor-widget-container\">\n\t\t\t\t\t\t\t\t\t\t\t\t\t<img fetchpriority=\"high\" decoding=\"async\" width=\"737\" height=\"1106\" src=\"https:\/\/gayaessence.com\/wp-content\/uploads\/2026\/02\/FCE0D9B9-A8F3-4CC7-871E-132C616D95D0.jpg\" class=\"attachment-large size-large wp-image-5180\" alt=\"\" srcset=\"https:\/\/gayaessence.com\/wp-content\/uploads\/2026\/02\/FCE0D9B9-A8F3-4CC7-871E-132C616D95D0.jpg 737w, https:\/\/gayaessence.com\/wp-content\/uploads\/2026\/02\/FCE0D9B9-A8F3-4CC7-871E-132C616D95D0-333x500.jpg 333w, https:\/\/gayaessence.com\/wp-content\/uploads\/2026\/02\/FCE0D9B9-A8F3-4CC7-871E-132C616D95D0-200x300.jpg 200w, https:\/\/gayaessence.com\/wp-content\/uploads\/2026\/02\/FCE0D9B9-A8F3-4CC7-871E-132C616D95D0-50x75.jpg 50w, https:\/\/gayaessence.com\/wp-content\/uploads\/2026\/02\/FCE0D9B9-A8F3-4CC7-871E-132C616D95D0-480x720.jpg 480w\" sizes=\"(max-width:767px) 480px, 737px\" \/>\t\t\t\t\t\t\t\t\t\t\t\t\t<\/div>\n\t\t\t\t<\/div>\n\t\t\t\t\t<\/div>\n\t\t<\/div>\n\t\t\t\t\t<\/div>\n\t\t<\/section>\n\t\t\t\t\t<\/div>\n\t\t<\/div>\n\t\t\t\t\t<\/div>\n\t\t<\/section>\n\t\t\t\t<\/div>\n\t\t","protected":false},"excerpt":{"rendered":"<p>Ritual Rosa \u2728ARTESANA Y 100 % NATURAL Esta vela de 200gr es una creaci\u00f3n artesana, vegana y 100% natural, elaborada a mano con ingredientes org\u00e1nicos y<span class=\"excerpt-hellip\"> [\u2026]<\/span><\/p>\n","protected":false},"featured_media":5181,"template":"","meta":[],"product_brand":[],"product_cat":[26],"product_tag":[],"class_list":{"0":"post-5179","1":"product","2":"type-product","3":"status-publish","4":"has-post-thumbnail","6":"product_cat-kits","8":"first","9":"instock","10":"shipping-taxable","11":"purchasable","12":"product-type-simple"},"yoast_head":"<!-- This site is optimized with the Yoast SEO plugin v23.9 - https:\/\/yoast.com\/wordpress\/plugins\/seo\/ -->\n<title>Ritual Rosa - Gaya Essence<\/title>\n<meta name=\"robots\" content=\"index, follow, max-snippet:-1, max-image-preview:large, max-video-preview:-1\" \/>\n<link rel=\"canonical\" href=\"https:\/\/gayaessence.com\/index.php\/producto\/ritual-rosa\/\" \/>\n<meta property=\"og:locale\" content=\"es_ES\" \/>\n<meta property=\"og:type\" content=\"article\" \/>\n<meta property=\"og:title\" content=\"Ritual Rosa - Gaya Essence\" \/>\n<meta property=\"og:description\" content=\"Ritual Rosa \u2728ARTESANA Y 100 % NATURAL Esta vela de 200gr es una creaci\u00f3n artesana, vegana y 100% natural, elaborada a mano con ingredientes org\u00e1nicos y [\u2026]\" \/>\n<meta property=\"og:url\" content=\"https:\/\/gayaessence.com\/index.php\/producto\/ritual-rosa\/\" \/>\n<meta property=\"og:site_name\" content=\"Gaya Essence\" \/>\n<meta property=\"article:modified_time\" content=\"2026-02-04T18:00:15+00:00\" \/>\n<meta property=\"og:image\" content=\"https:\/\/gayaessence.com\/wp-content\/uploads\/2026\/02\/AC9F8427-7229-4160-949C-A030555918D9.jpg\" \/>\n\t<meta property=\"og:image:width\" content=\"809\" \/>\n\t<meta property=\"og:image:height\" content=\"1213\" \/>\n\t<meta property=\"og:image:type\" content=\"image\/jpeg\" \/>\n<meta name=\"twitter:card\" content=\"summary_large_image\" \/>\n<meta name=\"twitter:label1\" content=\"Tiempo de lectura\" \/>\n\t<meta name=\"twitter:data1\" content=\"4 minutos\" \/>\n<script type=\"application\/ld+json\" class=\"yoast-schema-graph\">{\"@context\":\"https:\/\/schema.org\",\"@graph\":[{\"@type\":\"WebPage\",\"@id\":\"https:\/\/gayaessence.com\/index.php\/producto\/ritual-rosa\/\",\"url\":\"https:\/\/gayaessence.com\/index.php\/producto\/ritual-rosa\/\",\"name\":\"Ritual Rosa - Gaya Essence\",\"isPartOf\":{\"@id\":\"https:\/\/gayaessence.com\/#website\"},\"primaryImageOfPage\":{\"@id\":\"https:\/\/gayaessence.com\/index.php\/producto\/ritual-rosa\/#primaryimage\"},\"image\":{\"@id\":\"https:\/\/gayaessence.com\/index.php\/producto\/ritual-rosa\/#primaryimage\"},\"thumbnailUrl\":\"https:\/\/gayaessence.com\/wp-content\/uploads\/2026\/02\/AC9F8427-7229-4160-949C-A030555918D9.jpg\",\"datePublished\":\"2026-02-04T15:36:41+00:00\",\"dateModified\":\"2026-02-04T18:00:15+00:00\",\"breadcrumb\":{\"@id\":\"https:\/\/gayaessence.com\/index.php\/producto\/ritual-rosa\/#breadcrumb\"},\"inLanguage\":\"es\",\"potentialAction\":[{\"@type\":\"ReadAction\",\"target\":[\"https:\/\/gayaessence.com\/index.php\/producto\/ritual-rosa\/\"]}]},{\"@type\":\"ImageObject\",\"inLanguage\":\"es\",\"@id\":\"https:\/\/gayaessence.com\/index.php\/producto\/ritual-rosa\/#primaryimage\",\"url\":\"https:\/\/gayaessence.com\/wp-content\/uploads\/2026\/02\/AC9F8427-7229-4160-949C-A030555918D9.jpg\",\"contentUrl\":\"https:\/\/gayaessence.com\/wp-content\/uploads\/2026\/02\/AC9F8427-7229-4160-949C-A030555918D9.jpg\",\"width\":809,\"height\":1213},{\"@type\":\"BreadcrumbList\",\"@id\":\"https:\/\/gayaessence.com\/index.php\/producto\/ritual-rosa\/#breadcrumb\",\"itemListElement\":[{\"@type\":\"ListItem\",\"position\":1,\"name\":\"Portada\",\"item\":\"https:\/\/gayaessence.com\/\"},{\"@type\":\"ListItem\",\"position\":2,\"name\":\"Tienda\",\"item\":\"https:\/\/gayaessence.com\/index.php\/shop\/\"},{\"@type\":\"ListItem\",\"position\":3,\"name\":\"Ritual Rosa\"}]},{\"@type\":\"WebSite\",\"@id\":\"https:\/\/gayaessence.com\/#website\",\"url\":\"https:\/\/gayaessence.com\/\",\"name\":\"Gaya Essence\",\"description\":\"Cuida, Protege y Eleva tu Vibraci\u00f3n\",\"publisher\":{\"@id\":\"https:\/\/gayaessence.com\/#organization\"},\"potentialAction\":[{\"@type\":\"SearchAction\",\"target\":{\"@type\":\"EntryPoint\",\"urlTemplate\":\"https:\/\/gayaessence.com\/?s={search_term_string}\"},\"query-input\":{\"@type\":\"PropertyValueSpecification\",\"valueRequired\":true,\"valueName\":\"search_term_string\"}}],\"inLanguage\":\"es\"},{\"@type\":\"Organization\",\"@id\":\"https:\/\/gayaessence.com\/#organization\",\"name\":\"Gaya Essence\",\"url\":\"https:\/\/gayaessence.com\/\",\"logo\":{\"@type\":\"ImageObject\",\"inLanguage\":\"es\",\"@id\":\"https:\/\/gayaessence.com\/#\/schema\/logo\/image\/\",\"url\":\"https:\/\/gayaessence.com\/wp-content\/uploads\/2024\/10\/cropped-logo-transp-1.png\",\"contentUrl\":\"https:\/\/gayaessence.com\/wp-content\/uploads\/2024\/10\/cropped-logo-transp-1.png\",\"width\":500,\"height\":196,\"caption\":\"Gaya Essence\"},\"image\":{\"@id\":\"https:\/\/gayaessence.com\/#\/schema\/logo\/image\/\"}}]}<\/script>\n<!-- \/ Yoast SEO plugin. -->","yoast_head_json":{"title":"Ritual Rosa - Gaya Essence","robots":{"index":"index","follow":"follow","max-snippet":"max-snippet:-1","max-image-preview":"max-image-preview:large","max-video-preview":"max-video-preview:-1"},"canonical":"https:\/\/gayaessence.com\/index.php\/producto\/ritual-rosa\/","og_locale":"es_ES","og_type":"article","og_title":"Ritual Rosa - Gaya Essence","og_description":"Ritual Rosa \u2728ARTESANA Y 100 % NATURAL Esta vela de 200gr es una creaci\u00f3n artesana, vegana y 100% natural, elaborada a mano con ingredientes org\u00e1nicos y [\u2026]","og_url":"https:\/\/gayaessence.com\/index.php\/producto\/ritual-rosa\/","og_site_name":"Gaya Essence","article_modified_time":"2026-02-04T18:00:15+00:00","og_image":[{"width":809,"height":1213,"url":"https:\/\/gayaessence.com\/wp-content\/uploads\/2026\/02\/AC9F8427-7229-4160-949C-A030555918D9.jpg","type":"image\/jpeg"}],"twitter_card":"summary_large_image","twitter_misc":{"Tiempo de lectura":"4 minutos"},"schema":{"@context":"https:\/\/schema.org","@graph":[{"@type":"WebPage","@id":"https:\/\/gayaessence.com\/index.php\/producto\/ritual-rosa\/","url":"https:\/\/gayaessence.com\/index.php\/producto\/ritual-rosa\/","name":"Ritual Rosa - Gaya Essence","isPartOf":{"@id":"https:\/\/gayaessence.com\/#website"},"primaryImageOfPage":{"@id":"https:\/\/gayaessence.com\/index.php\/producto\/ritual-rosa\/#primaryimage"},"image":{"@id":"https:\/\/gayaessence.com\/index.php\/producto\/ritual-rosa\/#primaryimage"},"thumbnailUrl":"https:\/\/gayaessence.com\/wp-content\/uploads\/2026\/02\/AC9F8427-7229-4160-949C-A030555918D9.jpg","datePublished":"2026-02-04T15:36:41+00:00","dateModified":"2026-02-04T18:00:15+00:00","breadcrumb":{"@id":"https:\/\/gayaessence.com\/index.php\/producto\/ritual-rosa\/#breadcrumb"},"inLanguage":"es","potentialAction":[{"@type":"ReadAction","target":["https:\/\/gayaessence.com\/index.php\/producto\/ritual-rosa\/"]}]},{"@type":"ImageObject","inLanguage":"es","@id":"https:\/\/gayaessence.com\/index.php\/producto\/ritual-rosa\/#primaryimage","url":"https:\/\/gayaessence.com\/wp-content\/uploads\/2026\/02\/AC9F8427-7229-4160-949C-A030555918D9.jpg","contentUrl":"https:\/\/gayaessence.com\/wp-content\/uploads\/2026\/02\/AC9F8427-7229-4160-949C-A030555918D9.jpg","width":809,"height":1213},{"@type":"BreadcrumbList","@id":"https:\/\/gayaessence.com\/index.php\/producto\/ritual-rosa\/#breadcrumb","itemListElement":[{"@type":"ListItem","position":1,"name":"Portada","item":"https:\/\/gayaessence.com\/"},{"@type":"ListItem","position":2,"name":"Tienda","item":"https:\/\/gayaessence.com\/index.php\/shop\/"},{"@type":"ListItem","position":3,"name":"Ritual Rosa"}]},{"@type":"WebSite","@id":"https:\/\/gayaessence.com\/#website","url":"https:\/\/gayaessence.com\/","name":"Gaya Essence","description":"Cuida, Protege y Eleva tu Vibraci\u00f3n","publisher":{"@id":"https:\/\/gayaessence.com\/#organization"},"potentialAction":[{"@type":"SearchAction","target":{"@type":"EntryPoint","urlTemplate":"https:\/\/gayaessence.com\/?s={search_term_string}"},"query-input":{"@type":"PropertyValueSpecification","valueRequired":true,"valueName":"search_term_string"}}],"inLanguage":"es"},{"@type":"Organization","@id":"https:\/\/gayaessence.com\/#organization","name":"Gaya Essence","url":"https:\/\/gayaessence.com\/","logo":{"@type":"ImageObject","inLanguage":"es","@id":"https:\/\/gayaessence.com\/#\/schema\/logo\/image\/","url":"https:\/\/gayaessence.com\/wp-content\/uploads\/2024\/10\/cropped-logo-transp-1.png","contentUrl":"https:\/\/gayaessence.com\/wp-content\/uploads\/2024\/10\/cropped-logo-transp-1.png","width":500,"height":196,"caption":"Gaya Essence"},"image":{"@id":"https:\/\/gayaessence.com\/#\/schema\/logo\/image\/"}}]}},"jetpack_sharing_enabled":true,"_links":{"self":[{"href":"https:\/\/gayaessence.com\/index.php\/wp-json\/wp\/v2\/product\/5179","targetHints":{"allow":["GET"]}}],"collection":[{"href":"https:\/\/gayaessence.com\/index.php\/wp-json\/wp\/v2\/product"}],"about":[{"href":"https:\/\/gayaessence.com\/index.php\/wp-json\/wp\/v2\/types\/product"}],"version-history":[{"count":14,"href":"https:\/\/gayaessence.com\/index.php\/wp-json\/wp\/v2\/product\/5179\/revisions"}],"predecessor-version":[{"id":5196,"href":"https:\/\/gayaessence.com\/index.php\/wp-json\/wp\/v2\/product\/5179\/revisions\/5196"}],"wp:featuredmedia":[{"embeddable":true,"href":"https:\/\/gayaessence.com\/index.php\/wp-json\/wp\/v2\/media\/5181"}],"wp:attachment":[{"href":"https:\/\/gayaessence.com\/index.php\/wp-json\/wp\/v2\/media?parent=5179"}],"wp:term":[{"taxonomy":"product_brand","embeddable":true,"href":"https:\/\/gayaessence.com\/index.php\/wp-json\/wp\/v2\/product_brand?post=5179"},{"taxonomy":"product_cat","embeddable":true,"href":"https:\/\/gayaessence.com\/index.php\/wp-json\/wp\/v2\/product_cat?post=5179"},{"taxonomy":"product_tag","embeddable":true,"href":"https:\/\/gayaessence.com\/index.php\/wp-json\/wp\/v2\/product_tag?post=5179"}],"curies":[{"name":"wp","href":"https:\/\/api.w.org\/{rel}","templated":true}]}}