{"id":5157,"date":"2026-01-21T17:58:26","date_gmt":"2026-01-21T17:58:26","guid":{"rendered":"https:\/\/gayaessence.com\/?post_type=product&#038;p=5157"},"modified":"2026-01-22T11:05:22","modified_gmt":"2026-01-22T11:05:22","slug":"serena","status":"publish","type":"product","link":"https:\/\/gayaessence.com\/index.php\/producto\/serena\/","title":{"rendered":"SERENA"},"content":{"rendered":"\t\t<div data-elementor-type=\"wp-post\" data-elementor-id=\"5157\" class=\"elementor elementor-5157\">\n\t\t\t\t\t\t<section class=\"elementor-section elementor-top-section elementor-element elementor-element-ba79a43 elementor-section-boxed elementor-section-height-default elementor-section-height-default\" data-id=\"ba79a43\" data-element_type=\"section\">\n\t\t\t\t\t\t<div class=\"elementor-container elementor-column-gap-default\">\n\t\t\t\t\t<div class=\"elementor-column elementor-col-100 elementor-top-column elementor-element elementor-element-183df69\" data-id=\"183df69\" data-element_type=\"column\">\n\t\t\t<div class=\"elementor-widget-wrap elementor-element-populated\">\n\t\t\t\t\t\t<section class=\"elementor-section elementor-inner-section elementor-element elementor-element-f5dfea0 elementor-section-boxed elementor-section-height-default elementor-section-height-default\" data-id=\"f5dfea0\" data-element_type=\"section\">\n\t\t\t\t\t\t<div class=\"elementor-container elementor-column-gap-default\">\n\t\t\t\t\t<div class=\"elementor-column elementor-col-50 elementor-inner-column elementor-element elementor-element-a5c31cf\" data-id=\"a5c31cf\" data-element_type=\"column\">\n\t\t\t<div class=\"elementor-widget-wrap elementor-element-populated\">\n\t\t\t\t\t\t<div class=\"elementor-element elementor-element-88efd13 elementor-widget elementor-widget-heading\" data-id=\"88efd13\" data-element_type=\"widget\" data-widget_type=\"heading.default\">\n\t\t\t\t<div class=\"elementor-widget-container\">\n\t\t\t<h3 class=\"elementor-heading-title elementor-size-default\">SERENA<\/h3>\t\t<\/div>\n\t\t\t\t<\/div>\n\t\t\t\t<div class=\"elementor-element elementor-element-d4da46a elementor-widget elementor-widget-text-editor\" data-id=\"d4da46a\" data-element_type=\"widget\" data-widget_type=\"text-editor.default\">\n\t\t\t\t<div class=\"elementor-widget-container\">\n\t\t\t\t\t\t\t<p data-start=\"275\" data-end=\"383\">Sum\u00e9rgete en <strong data-start=\"288\" data-end=\"300\">SERENA<\/strong>, una fragancia que despierta tu suavidad, feminidad y serenidad.<\/p><h3 data-start=\"385\" data-end=\"413\"><strong data-start=\"389\" data-end=\"411\">Pir\u00e1mide olfativa:<\/strong><\/h3><ul><li><strong>Notas superiores:<\/strong> Rosa, Pimienta rosa<\/li><li><strong>Notas medias:<\/strong> Peon\u00eda, Violeta, Flor de naranjo africana<\/li><li><strong>Notas de base:<\/strong> Almizcle blanco, Notas amaderadas, S\u00e1ndalo<\/li><\/ul><h3 data-start=\"645\" data-end=\"676\"><strong data-start=\"649\" data-end=\"674\">Formatos disponibles:<\/strong><\/h3><p data-start=\"678\" data-end=\"689\"><strong data-start=\"678\" data-end=\"687\">Bruma<\/strong><\/p><ul><li>50ml<\/li><\/ul><p data-start=\"678\" data-end=\"689\"><strong data-start=\"678\" data-end=\"687\">Velas<\/strong><\/p><ul data-start=\"690\" data-end=\"959\"><li data-start=\"690\" data-end=\"719\"><p data-start=\"692\" data-end=\"719\">Cera de soja y coco 100% natural<\/p><\/li><li data-start=\"720\" data-end=\"786\"><p data-start=\"722\" data-end=\"786\">Mecha de algod\u00f3n: llama limpia, silenciosa y sin humo excesivo<\/p><\/li><li data-start=\"787\" data-end=\"864\"><p data-start=\"789\" data-end=\"864\">Eco-friendly: materiales sostenibles y responsables con el medio ambiente<\/p><\/li><li data-start=\"865\" data-end=\"959\"><p data-start=\"867\" data-end=\"881\"><strong data-start=\"867\" data-end=\"879\">Tama\u00f1os:<\/strong><\/p><ul data-start=\"884\" data-end=\"959\"><li data-start=\"884\" data-end=\"920\"><p data-start=\"886\" data-end=\"920\">160 ml \u2014 hasta 30 horas de quema<\/p><\/li><\/ul><\/li><\/ul><p data-start=\"961\" data-end=\"973\">\u00a0<\/p>\t\t\t\t\t\t<\/div>\n\t\t\t\t<\/div>\n\t\t\t\t<div class=\"elementor-element elementor-element-0c4e2c2 elementor-widget elementor-widget-text-editor\" data-id=\"0c4e2c2\" data-element_type=\"widget\" data-widget_type=\"text-editor.default\">\n\t\t\t\t<div class=\"elementor-widget-container\">\n\t\t\t\t\t\t\t<p>\u00a0<\/p><p><br style=\"font-weight: 400\" \/><br style=\"font-weight: 400\" \/><\/p>\t\t\t\t\t\t<\/div>\n\t\t\t\t<\/div>\n\t\t\t\t\t<\/div>\n\t\t<\/div>\n\t\t\t\t<div class=\"elementor-column elementor-col-50 elementor-inner-column elementor-element elementor-element-a967996\" data-id=\"a967996\" data-element_type=\"column\">\n\t\t\t<div class=\"elementor-widget-wrap elementor-element-populated\">\n\t\t\t\t\t\t<div class=\"elementor-element elementor-element-38791ca elementor-widget elementor-widget-image\" data-id=\"38791ca\" data-element_type=\"widget\" data-widget_type=\"image.default\">\n\t\t\t\t<div class=\"elementor-widget-container\">\n\t\t\t\t\t\t\t\t\t\t\t\t\t<img decoding=\"async\" src=\"https:\/\/gayaessence.com\/wp-content\/uploads\/2025\/10\/IMG_5894.heic\" class=\"attachment-large size-large wp-image-5147\" alt=\"\" \/>\t\t\t\t\t\t\t\t\t\t\t\t\t<\/div>\n\t\t\t\t<\/div>\n\t\t\t\t\t<\/div>\n\t\t<\/div>\n\t\t\t\t\t<\/div>\n\t\t<\/section>\n\t\t\t\t\t<\/div>\n\t\t<\/div>\n\t\t\t\t\t<\/div>\n\t\t<\/section>\n\t\t\t\t<\/div>\n\t\t","protected":false},"excerpt":{"rendered":"<p>SERENA Sum\u00e9rgete en SERENA, una fragancia que despierta tu suavidad, feminidad y serenidad. Pir\u00e1mide olfativa: Notas superiores: Rosa, Pimienta rosa Notas medias: Peon\u00eda, Violeta, Flor de<span class=\"excerpt-hellip\"> [\u2026]<\/span><\/p>\n","protected":false},"featured_media":5168,"template":"","meta":[],"product_brand":[],"product_cat":[228],"product_tag":[],"class_list":{"0":"post-5157","1":"product","2":"type-product","3":"status-publish","4":"has-post-thumbnail","6":"product_cat-velas-aromaticas","8":"first","9":"instock","10":"shipping-taxable","11":"purchasable","12":"product-type-variable"},"yoast_head":"<!-- This site is optimized with the Yoast SEO plugin v23.9 - https:\/\/yoast.com\/wordpress\/plugins\/seo\/ -->\n<title>SERENA - Gaya Essence<\/title>\n<meta name=\"robots\" content=\"index, follow, max-snippet:-1, max-image-preview:large, max-video-preview:-1\" \/>\n<link rel=\"canonical\" href=\"https:\/\/gayaessence.com\/index.php\/producto\/serena\/\" \/>\n<meta property=\"og:locale\" content=\"es_ES\" \/>\n<meta property=\"og:type\" content=\"article\" \/>\n<meta property=\"og:title\" content=\"SERENA - Gaya Essence\" \/>\n<meta property=\"og:description\" content=\"SERENA Sum\u00e9rgete en SERENA, una fragancia que despierta tu suavidad, feminidad y serenidad. Pir\u00e1mide olfativa: Notas superiores: Rosa, Pimienta rosa Notas medias: Peon\u00eda, Violeta, Flor de [\u2026]\" \/>\n<meta property=\"og:url\" content=\"https:\/\/gayaessence.com\/index.php\/producto\/serena\/\" \/>\n<meta property=\"og:site_name\" content=\"Gaya Essence\" \/>\n<meta property=\"article:modified_time\" content=\"2026-01-22T11:05:22+00:00\" \/>\n<meta property=\"og:image\" content=\"https:\/\/gayaessence.com\/wp-content\/uploads\/2026\/01\/FE42B3E8-A5E5-414F-91DE-4451118E8BED-800x1200.png\" \/>\n\t<meta property=\"og:image:width\" content=\"800\" \/>\n\t<meta property=\"og:image:height\" content=\"1200\" \/>\n\t<meta property=\"og:image:type\" content=\"image\/png\" \/>\n<meta name=\"twitter:card\" content=\"summary_large_image\" \/>\n<meta name=\"twitter:label1\" content=\"Tiempo de lectura\" \/>\n\t<meta name=\"twitter:data1\" content=\"1 minuto\" \/>\n<script type=\"application\/ld+json\" class=\"yoast-schema-graph\">{\"@context\":\"https:\/\/schema.org\",\"@graph\":[{\"@type\":\"WebPage\",\"@id\":\"https:\/\/gayaessence.com\/index.php\/producto\/serena\/\",\"url\":\"https:\/\/gayaessence.com\/index.php\/producto\/serena\/\",\"name\":\"SERENA - Gaya Essence\",\"isPartOf\":{\"@id\":\"https:\/\/gayaessence.com\/#website\"},\"primaryImageOfPage\":{\"@id\":\"https:\/\/gayaessence.com\/index.php\/producto\/serena\/#primaryimage\"},\"image\":{\"@id\":\"https:\/\/gayaessence.com\/index.php\/producto\/serena\/#primaryimage\"},\"thumbnailUrl\":\"https:\/\/gayaessence.com\/wp-content\/uploads\/2026\/01\/FE42B3E8-A5E5-414F-91DE-4451118E8BED.png\",\"datePublished\":\"2026-01-21T17:58:26+00:00\",\"dateModified\":\"2026-01-22T11:05:22+00:00\",\"breadcrumb\":{\"@id\":\"https:\/\/gayaessence.com\/index.php\/producto\/serena\/#breadcrumb\"},\"inLanguage\":\"es\",\"potentialAction\":[{\"@type\":\"ReadAction\",\"target\":[\"https:\/\/gayaessence.com\/index.php\/producto\/serena\/\"]}]},{\"@type\":\"ImageObject\",\"inLanguage\":\"es\",\"@id\":\"https:\/\/gayaessence.com\/index.php\/producto\/serena\/#primaryimage\",\"url\":\"https:\/\/gayaessence.com\/wp-content\/uploads\/2026\/01\/FE42B3E8-A5E5-414F-91DE-4451118E8BED.png\",\"contentUrl\":\"https:\/\/gayaessence.com\/wp-content\/uploads\/2026\/01\/FE42B3E8-A5E5-414F-91DE-4451118E8BED.png\",\"width\":1024,\"height\":1536},{\"@type\":\"BreadcrumbList\",\"@id\":\"https:\/\/gayaessence.com\/index.php\/producto\/serena\/#breadcrumb\",\"itemListElement\":[{\"@type\":\"ListItem\",\"position\":1,\"name\":\"Portada\",\"item\":\"https:\/\/gayaessence.com\/\"},{\"@type\":\"ListItem\",\"position\":2,\"name\":\"Tienda\",\"item\":\"https:\/\/gayaessence.com\/index.php\/shop\/\"},{\"@type\":\"ListItem\",\"position\":3,\"name\":\"SERENA\"}]},{\"@type\":\"WebSite\",\"@id\":\"https:\/\/gayaessence.com\/#website\",\"url\":\"https:\/\/gayaessence.com\/\",\"name\":\"Gaya Essence\",\"description\":\"Cuida, Protege y Eleva tu Vibraci\u00f3n\",\"publisher\":{\"@id\":\"https:\/\/gayaessence.com\/#organization\"},\"potentialAction\":[{\"@type\":\"SearchAction\",\"target\":{\"@type\":\"EntryPoint\",\"urlTemplate\":\"https:\/\/gayaessence.com\/?s={search_term_string}\"},\"query-input\":{\"@type\":\"PropertyValueSpecification\",\"valueRequired\":true,\"valueName\":\"search_term_string\"}}],\"inLanguage\":\"es\"},{\"@type\":\"Organization\",\"@id\":\"https:\/\/gayaessence.com\/#organization\",\"name\":\"Gaya Essence\",\"url\":\"https:\/\/gayaessence.com\/\",\"logo\":{\"@type\":\"ImageObject\",\"inLanguage\":\"es\",\"@id\":\"https:\/\/gayaessence.com\/#\/schema\/logo\/image\/\",\"url\":\"https:\/\/gayaessence.com\/wp-content\/uploads\/2024\/10\/cropped-logo-transp-1.png\",\"contentUrl\":\"https:\/\/gayaessence.com\/wp-content\/uploads\/2024\/10\/cropped-logo-transp-1.png\",\"width\":500,\"height\":196,\"caption\":\"Gaya Essence\"},\"image\":{\"@id\":\"https:\/\/gayaessence.com\/#\/schema\/logo\/image\/\"}}]}<\/script>\n<!-- \/ Yoast SEO plugin. -->","yoast_head_json":{"title":"SERENA - Gaya Essence","robots":{"index":"index","follow":"follow","max-snippet":"max-snippet:-1","max-image-preview":"max-image-preview:large","max-video-preview":"max-video-preview:-1"},"canonical":"https:\/\/gayaessence.com\/index.php\/producto\/serena\/","og_locale":"es_ES","og_type":"article","og_title":"SERENA - Gaya Essence","og_description":"SERENA Sum\u00e9rgete en SERENA, una fragancia que despierta tu suavidad, feminidad y serenidad. Pir\u00e1mide olfativa: Notas superiores: Rosa, Pimienta rosa Notas medias: Peon\u00eda, Violeta, Flor de [\u2026]","og_url":"https:\/\/gayaessence.com\/index.php\/producto\/serena\/","og_site_name":"Gaya Essence","article_modified_time":"2026-01-22T11:05:22+00:00","og_image":[{"width":800,"height":1200,"url":"https:\/\/gayaessence.com\/wp-content\/uploads\/2026\/01\/FE42B3E8-A5E5-414F-91DE-4451118E8BED-800x1200.png","type":"image\/png"}],"twitter_card":"summary_large_image","twitter_misc":{"Tiempo de lectura":"1 minuto"},"schema":{"@context":"https:\/\/schema.org","@graph":[{"@type":"WebPage","@id":"https:\/\/gayaessence.com\/index.php\/producto\/serena\/","url":"https:\/\/gayaessence.com\/index.php\/producto\/serena\/","name":"SERENA - Gaya Essence","isPartOf":{"@id":"https:\/\/gayaessence.com\/#website"},"primaryImageOfPage":{"@id":"https:\/\/gayaessence.com\/index.php\/producto\/serena\/#primaryimage"},"image":{"@id":"https:\/\/gayaessence.com\/index.php\/producto\/serena\/#primaryimage"},"thumbnailUrl":"https:\/\/gayaessence.com\/wp-content\/uploads\/2026\/01\/FE42B3E8-A5E5-414F-91DE-4451118E8BED.png","datePublished":"2026-01-21T17:58:26+00:00","dateModified":"2026-01-22T11:05:22+00:00","breadcrumb":{"@id":"https:\/\/gayaessence.com\/index.php\/producto\/serena\/#breadcrumb"},"inLanguage":"es","potentialAction":[{"@type":"ReadAction","target":["https:\/\/gayaessence.com\/index.php\/producto\/serena\/"]}]},{"@type":"ImageObject","inLanguage":"es","@id":"https:\/\/gayaessence.com\/index.php\/producto\/serena\/#primaryimage","url":"https:\/\/gayaessence.com\/wp-content\/uploads\/2026\/01\/FE42B3E8-A5E5-414F-91DE-4451118E8BED.png","contentUrl":"https:\/\/gayaessence.com\/wp-content\/uploads\/2026\/01\/FE42B3E8-A5E5-414F-91DE-4451118E8BED.png","width":1024,"height":1536},{"@type":"BreadcrumbList","@id":"https:\/\/gayaessence.com\/index.php\/producto\/serena\/#breadcrumb","itemListElement":[{"@type":"ListItem","position":1,"name":"Portada","item":"https:\/\/gayaessence.com\/"},{"@type":"ListItem","position":2,"name":"Tienda","item":"https:\/\/gayaessence.com\/index.php\/shop\/"},{"@type":"ListItem","position":3,"name":"SERENA"}]},{"@type":"WebSite","@id":"https:\/\/gayaessence.com\/#website","url":"https:\/\/gayaessence.com\/","name":"Gaya Essence","description":"Cuida, Protege y Eleva tu Vibraci\u00f3n","publisher":{"@id":"https:\/\/gayaessence.com\/#organization"},"potentialAction":[{"@type":"SearchAction","target":{"@type":"EntryPoint","urlTemplate":"https:\/\/gayaessence.com\/?s={search_term_string}"},"query-input":{"@type":"PropertyValueSpecification","valueRequired":true,"valueName":"search_term_string"}}],"inLanguage":"es"},{"@type":"Organization","@id":"https:\/\/gayaessence.com\/#organization","name":"Gaya Essence","url":"https:\/\/gayaessence.com\/","logo":{"@type":"ImageObject","inLanguage":"es","@id":"https:\/\/gayaessence.com\/#\/schema\/logo\/image\/","url":"https:\/\/gayaessence.com\/wp-content\/uploads\/2024\/10\/cropped-logo-transp-1.png","contentUrl":"https:\/\/gayaessence.com\/wp-content\/uploads\/2024\/10\/cropped-logo-transp-1.png","width":500,"height":196,"caption":"Gaya Essence"},"image":{"@id":"https:\/\/gayaessence.com\/#\/schema\/logo\/image\/"}}]}},"jetpack_sharing_enabled":true,"_links":{"self":[{"href":"https:\/\/gayaessence.com\/index.php\/wp-json\/wp\/v2\/product\/5157","targetHints":{"allow":["GET"]}}],"collection":[{"href":"https:\/\/gayaessence.com\/index.php\/wp-json\/wp\/v2\/product"}],"about":[{"href":"https:\/\/gayaessence.com\/index.php\/wp-json\/wp\/v2\/types\/product"}],"version-history":[{"count":6,"href":"https:\/\/gayaessence.com\/index.php\/wp-json\/wp\/v2\/product\/5157\/revisions"}],"predecessor-version":[{"id":5169,"href":"https:\/\/gayaessence.com\/index.php\/wp-json\/wp\/v2\/product\/5157\/revisions\/5169"}],"wp:featuredmedia":[{"embeddable":true,"href":"https:\/\/gayaessence.com\/index.php\/wp-json\/wp\/v2\/media\/5168"}],"wp:attachment":[{"href":"https:\/\/gayaessence.com\/index.php\/wp-json\/wp\/v2\/media?parent=5157"}],"wp:term":[{"taxonomy":"product_brand","embeddable":true,"href":"https:\/\/gayaessence.com\/index.php\/wp-json\/wp\/v2\/product_brand?post=5157"},{"taxonomy":"product_cat","embeddable":true,"href":"https:\/\/gayaessence.com\/index.php\/wp-json\/wp\/v2\/product_cat?post=5157"},{"taxonomy":"product_tag","embeddable":true,"href":"https:\/\/gayaessence.com\/index.php\/wp-json\/wp\/v2\/product_tag?post=5157"}],"curies":[{"name":"wp","href":"https:\/\/api.w.org\/{rel}","templated":true}]}}