{"id":5031,"date":"2025-12-18T19:57:38","date_gmt":"2025-12-18T19:57:38","guid":{"rendered":"https:\/\/gayaessence.com\/?post_type=product&#038;p=5031"},"modified":"2026-03-01T18:01:15","modified_gmt":"2026-03-01T18:01:15","slug":"libreta-de-escritura-terapeutica-mi-ritual-sagrado","status":"publish","type":"product","link":"https:\/\/gayaessence.com\/index.php\/producto\/libreta-de-escritura-terapeutica-mi-ritual-sagrado\/","title":{"rendered":"Libreta Mi Ritual Sagrado"},"content":{"rendered":"\t\t<div data-elementor-type=\"wp-post\" data-elementor-id=\"5031\" class=\"elementor elementor-5031\">\n\t\t\t\t\t\t<section class=\"elementor-section elementor-top-section elementor-element elementor-element-ba79a43 elementor-section-boxed elementor-section-height-default elementor-section-height-default\" data-id=\"ba79a43\" data-element_type=\"section\">\n\t\t\t\t\t\t<div class=\"elementor-container elementor-column-gap-default\">\n\t\t\t\t\t<div class=\"elementor-column elementor-col-100 elementor-top-column elementor-element elementor-element-183df69\" data-id=\"183df69\" data-element_type=\"column\">\n\t\t\t<div class=\"elementor-widget-wrap elementor-element-populated\">\n\t\t\t\t\t\t<section class=\"elementor-section elementor-inner-section elementor-element elementor-element-f5dfea0 elementor-section-boxed elementor-section-height-default elementor-section-height-default\" data-id=\"f5dfea0\" data-element_type=\"section\">\n\t\t\t\t\t\t<div class=\"elementor-container elementor-column-gap-default\">\n\t\t\t\t\t<div class=\"elementor-column elementor-col-50 elementor-inner-column elementor-element elementor-element-a5c31cf\" data-id=\"a5c31cf\" data-element_type=\"column\">\n\t\t\t<div class=\"elementor-widget-wrap elementor-element-populated\">\n\t\t\t\t\t\t<div class=\"elementor-element elementor-element-ae33da0 elementor-widget elementor-widget-heading\" data-id=\"ae33da0\" data-element_type=\"widget\" data-widget_type=\"heading.default\">\n\t\t\t\t<div class=\"elementor-widget-container\">\n\t\t\t<h3 class=\"elementor-heading-title elementor-size-default\">Descripci\u00f3n<\/h3>\t\t<\/div>\n\t\t\t\t<\/div>\n\t\t\t\t<div class=\"elementor-element elementor-element-d4da46a elementor-widget elementor-widget-text-editor\" data-id=\"d4da46a\" data-element_type=\"widget\" data-widget_type=\"text-editor.default\">\n\t\t\t\t<div class=\"elementor-widget-container\">\n\t\t\t\t\t\t\t<p>Hubo una peque\u00f1a confusi\u00f3n con la imprenta y parte de la tirada se imprimi\u00f3 con una versi\u00f3n no actualizada\ud83d\ude05 Esto hace que esas libretas tengan algunas imperfecciones m\u00ednimas, son detalles, que no afectan en absoluto ni al contenido ni al uso de la libreta.\ud83d\udc8c<\/p><p>Pero nos gusta ser completamente honestas con vosotras, por eso os explicamos la situaci\u00f3n con total transparencia, y si estas peque\u00f1as imperfecciones no te suponen inconveniente, puedes adquirirla y disfrutarla igualmente\ud83e\uddda\ud83c\udffc\u200d\u2640\ufe0f<\/p><p>Por estos detalles, hemos ajustado un poquito el precio, como agradecimiento por aceptar ese 1% de imperfecci\u00f3n\ud83d\udd4a\ufe0f<\/p><p data-start=\"264\" data-end=\"534\">Esta libreta es un <strong data-start=\"283\" data-end=\"324\">ritual diario de escritura consciente<\/strong>, creado para acompa\u00f1arte en un proceso profundo de autoconocimiento, sanaci\u00f3n y crecimiento personal.<br data-start=\"426\" data-end=\"429\" \/>P\u00e1gina tras p\u00e1gina, te invita a volver a ti, escucharte y tener conversaciones poderosas contigo misma \ud83c\udf39<\/p><p data-start=\"536\" data-end=\"750\">Dise\u00f1ada con intenci\u00f3n, cuidado y amor por los detalles, se convierte en un <strong data-start=\"612\" data-end=\"630\">espacio seguro<\/strong> donde poner en palabras lo que sientes, liberar lo que pesa, visualizar, manifestar y conectar con tu mundo interno \ud83d\udddd\ufe0f<\/p><h3 data-start=\"752\" data-end=\"791\">\ud83d\udcd6 \u00bfQu\u00e9 encontrar\u00e1s en su interior?<\/h3><p data-start=\"793\" data-end=\"988\">\ud83c\udf19 <strong data-start=\"796\" data-end=\"858\">10 herramientas de autoconocimiento y crecimiento personal<\/strong><br data-start=\"858\" data-end=\"861\" \/>Ejercicios cuidadosamente seleccionados para profundizar en qui\u00e9n eres, qu\u00e9 sientes y qu\u00e9 necesitas en este momento de tu vida.<\/p><p data-start=\"990\" data-end=\"1359\">\ud83c\udf19 <strong data-start=\"993\" data-end=\"1031\">P\u00e1ginas de escritura diaria guiada<\/strong><br data-start=\"1031\" data-end=\"1034\" \/>Incluyen frases para completar que te acompa\u00f1an si est\u00e1s comenzando con la escritura terap\u00e9utica y te ayudan a superar el bloqueo de la p\u00e1gina en blanco.<br data-start=\"1187\" data-end=\"1190\" \/>Son breves pero intensas: ideales tanto si te est\u00e1s iniciando como si ya escribes y deseas aprovechar tu tiempo al m\u00e1ximo, tocando los puntos m\u00e1s esenciales y poderosos.<\/p><p data-start=\"1361\" data-end=\"1600\">\ud83c\udf19 <strong data-start=\"1364\" data-end=\"1399\">P\u00e1ginas en blanco por tem\u00e1ticas<\/strong><br data-start=\"1399\" data-end=\"1402\" \/>Para esos momentos en los que necesitas escribir sin l\u00edmites ni estructura, solo t\u00fa y la hoja en blanco.<br data-start=\"1506\" data-end=\"1509\" \/>Estas p\u00e1ginas est\u00e1n organizadas por temas que te ayudar\u00e1n a enfocar lo que deseas trabajar:<\/p><p data-start=\"1602\" data-end=\"1722\">\u00b7 Carta para el desahogo<br data-start=\"1626\" data-end=\"1629\" \/>\u00b7 Carta para sanar<br data-start=\"1647\" data-end=\"1650\" \/>\u00b7 Carta para mi sombra<br data-start=\"1672\" data-end=\"1675\" \/>\u00b7 Carta para manifestar<br data-start=\"1698\" data-end=\"1701\" \/>\u00b7 Carta para soltar<\/p><p data-start=\"1724\" data-end=\"2026\">\ud83c\udf1e <strong data-start=\"1727\" data-end=\"1764\">Ritual de cierre y transformaci\u00f3n<\/strong><br data-start=\"1764\" data-end=\"1767\" \/>Al final de la libreta encontrar\u00e1s un ritual especial para <strong data-start=\"1826\" data-end=\"1859\">honrar la nueva versi\u00f3n de ti<\/strong> que ha florecido a lo largo del proceso.<br data-start=\"1900\" data-end=\"1903\" \/>Un cierre consciente para integrar lo vivido, agradecer el camino recorrido p\u00e1gina tras p\u00e1gina y conectar con tu evoluci\u00f3n.<\/p><hr data-start=\"2028\" data-end=\"2031\" \/><h3 data-start=\"2033\" data-end=\"2069\">\ud83d\udcd6 Caracter\u00edsticas de la libreta<\/h3><ul data-start=\"2071\" data-end=\"2213\"><li data-start=\"2071\" data-end=\"2107\"><p data-start=\"2073\" data-end=\"2107\">Encuadernaci\u00f3n: Tapa dura cosida<\/p><\/li><li data-start=\"2108\" data-end=\"2138\"><p data-start=\"2110\" data-end=\"2138\">Formato: A5 (148 x 210 mm)<\/p><\/li><li data-start=\"2139\" data-end=\"2164\"><p data-start=\"2141\" data-end=\"2164\">Total de p\u00e1ginas: 305<\/p><\/li><li data-start=\"2165\" data-end=\"2213\"><p data-start=\"2167\" data-end=\"2213\">Papel interior: Offset blanco est\u00e1ndar 100 g<\/p><\/li><\/ul><hr data-start=\"2215\" data-end=\"2218\" \/><p data-start=\"2220\" data-end=\"2386\">\u2615\ud83e\uddd8\ud83c\udffc\u200d\u2640\ufe0f <strong data-start=\"2229\" data-end=\"2287\">Una libreta para escribirte, sentirte y transformarte.<\/strong><br data-start=\"2287\" data-end=\"2290\" \/><em data-start=\"2290\" data-end=\"2309\">Mi Ritual Sagrado<\/em> se convertir\u00e1 en tu espacio \u00edntimo, y sus p\u00e1ginas en tus mejores consejeras.<\/p><p data-start=\"2388\" data-end=\"2448\">\u00bfLista para abrir este ritual y empezar el viaje hacia ti? \u2728<\/p>\t\t\t\t\t\t<\/div>\n\t\t\t\t<\/div>\n\t\t\t\t\t<\/div>\n\t\t<\/div>\n\t\t\t\t<div class=\"elementor-column elementor-col-50 elementor-inner-column elementor-element elementor-element-a967996\" data-id=\"a967996\" data-element_type=\"column\">\n\t\t\t<div class=\"elementor-widget-wrap elementor-element-populated\">\n\t\t\t\t\t\t<div class=\"elementor-element elementor-element-38791ca elementor-widget elementor-widget-image\" data-id=\"38791ca\" data-element_type=\"widget\" data-widget_type=\"image.default\">\n\t\t\t\t<div class=\"elementor-widget-container\">\n\t\t\t\t\t\t\t\t\t\t\t\t\t<img decoding=\"async\" src=\"https:\/\/gayaessence.com\/wp-content\/uploads\/2025\/12\/IMG_4702.heic\" class=\"attachment-large size-large wp-image-5036\" alt=\"\" \/>\t\t\t\t\t\t\t\t\t\t\t\t\t<\/div>\n\t\t\t\t<\/div>\n\t\t\t\t\t<\/div>\n\t\t<\/div>\n\t\t\t\t\t<\/div>\n\t\t<\/section>\n\t\t\t\t\t<\/div>\n\t\t<\/div>\n\t\t\t\t\t<\/div>\n\t\t<\/section>\n\t\t\t\t<\/div>\n\t\t","protected":false},"excerpt":{"rendered":"<p>Descripci\u00f3n Hubo una peque\u00f1a confusi\u00f3n con la imprenta y parte de la tirada se imprimi\u00f3 con una versi\u00f3n no actualizada\ud83d\ude05 Esto hace que esas libretas tengan<span class=\"excerpt-hellip\"> [\u2026]<\/span><\/p>\n","protected":false},"featured_media":5339,"template":"","meta":[],"product_brand":[],"product_cat":[32],"product_tag":[],"class_list":{"0":"post-5031","1":"product","2":"type-product","3":"status-publish","4":"has-post-thumbnail","6":"product_cat-libros-oraculos","8":"first","9":"instock","10":"sale","11":"shipping-taxable","12":"purchasable","13":"product-type-simple"},"yoast_head":"<!-- This site is optimized with the Yoast SEO plugin v23.9 - https:\/\/yoast.com\/wordpress\/plugins\/seo\/ -->\n<title>Libreta Mi Ritual Sagrado - Gaya Essence<\/title>\n<meta name=\"robots\" content=\"index, follow, max-snippet:-1, max-image-preview:large, max-video-preview:-1\" \/>\n<link rel=\"canonical\" href=\"https:\/\/gayaessence.com\/index.php\/producto\/libreta-de-escritura-terapeutica-mi-ritual-sagrado\/\" \/>\n<meta property=\"og:locale\" content=\"es_ES\" \/>\n<meta property=\"og:type\" content=\"article\" \/>\n<meta property=\"og:title\" content=\"Libreta Mi Ritual Sagrado - Gaya Essence\" \/>\n<meta property=\"og:description\" content=\"Descripci\u00f3n Hubo una peque\u00f1a confusi\u00f3n con la imprenta y parte de la tirada se imprimi\u00f3 con una versi\u00f3n no actualizada\ud83d\ude05 Esto hace que esas libretas tengan [\u2026]\" \/>\n<meta property=\"og:url\" content=\"https:\/\/gayaessence.com\/index.php\/producto\/libreta-de-escritura-terapeutica-mi-ritual-sagrado\/\" \/>\n<meta property=\"og:site_name\" content=\"Gaya Essence\" \/>\n<meta property=\"article:modified_time\" content=\"2026-03-01T18:01:15+00:00\" \/>\n<meta property=\"og:image\" content=\"https:\/\/gayaessence.com\/wp-content\/uploads\/2025\/12\/GAYA-LOGO-8.png\" \/>\n\t<meta property=\"og:image:width\" content=\"500\" \/>\n\t<meta property=\"og:image:height\" content=\"500\" \/>\n\t<meta property=\"og:image:type\" content=\"image\/png\" \/>\n<meta name=\"twitter:card\" content=\"summary_large_image\" \/>\n<meta name=\"twitter:label1\" content=\"Tiempo de lectura\" \/>\n\t<meta name=\"twitter:data1\" content=\"6 minutos\" \/>\n<script type=\"application\/ld+json\" class=\"yoast-schema-graph\">{\"@context\":\"https:\/\/schema.org\",\"@graph\":[{\"@type\":\"WebPage\",\"@id\":\"https:\/\/gayaessence.com\/index.php\/producto\/libreta-de-escritura-terapeutica-mi-ritual-sagrado\/\",\"url\":\"https:\/\/gayaessence.com\/index.php\/producto\/libreta-de-escritura-terapeutica-mi-ritual-sagrado\/\",\"name\":\"Libreta Mi Ritual Sagrado - Gaya Essence\",\"isPartOf\":{\"@id\":\"https:\/\/gayaessence.com\/#website\"},\"primaryImageOfPage\":{\"@id\":\"https:\/\/gayaessence.com\/index.php\/producto\/libreta-de-escritura-terapeutica-mi-ritual-sagrado\/#primaryimage\"},\"image\":{\"@id\":\"https:\/\/gayaessence.com\/index.php\/producto\/libreta-de-escritura-terapeutica-mi-ritual-sagrado\/#primaryimage\"},\"thumbnailUrl\":\"https:\/\/gayaessence.com\/wp-content\/uploads\/2025\/12\/GAYA-LOGO-8.png\",\"datePublished\":\"2025-12-18T19:57:38+00:00\",\"dateModified\":\"2026-03-01T18:01:15+00:00\",\"breadcrumb\":{\"@id\":\"https:\/\/gayaessence.com\/index.php\/producto\/libreta-de-escritura-terapeutica-mi-ritual-sagrado\/#breadcrumb\"},\"inLanguage\":\"es\",\"potentialAction\":[{\"@type\":\"ReadAction\",\"target\":[\"https:\/\/gayaessence.com\/index.php\/producto\/libreta-de-escritura-terapeutica-mi-ritual-sagrado\/\"]}]},{\"@type\":\"ImageObject\",\"inLanguage\":\"es\",\"@id\":\"https:\/\/gayaessence.com\/index.php\/producto\/libreta-de-escritura-terapeutica-mi-ritual-sagrado\/#primaryimage\",\"url\":\"https:\/\/gayaessence.com\/wp-content\/uploads\/2025\/12\/GAYA-LOGO-8.png\",\"contentUrl\":\"https:\/\/gayaessence.com\/wp-content\/uploads\/2025\/12\/GAYA-LOGO-8.png\",\"width\":500,\"height\":500},{\"@type\":\"BreadcrumbList\",\"@id\":\"https:\/\/gayaessence.com\/index.php\/producto\/libreta-de-escritura-terapeutica-mi-ritual-sagrado\/#breadcrumb\",\"itemListElement\":[{\"@type\":\"ListItem\",\"position\":1,\"name\":\"Portada\",\"item\":\"https:\/\/gayaessence.com\/\"},{\"@type\":\"ListItem\",\"position\":2,\"name\":\"Tienda\",\"item\":\"https:\/\/gayaessence.com\/index.php\/shop\/\"},{\"@type\":\"ListItem\",\"position\":3,\"name\":\"Libreta Mi Ritual Sagrado\"}]},{\"@type\":\"WebSite\",\"@id\":\"https:\/\/gayaessence.com\/#website\",\"url\":\"https:\/\/gayaessence.com\/\",\"name\":\"Gaya Essence\",\"description\":\"Cuida, Protege y Eleva tu Vibraci\u00f3n\",\"publisher\":{\"@id\":\"https:\/\/gayaessence.com\/#organization\"},\"potentialAction\":[{\"@type\":\"SearchAction\",\"target\":{\"@type\":\"EntryPoint\",\"urlTemplate\":\"https:\/\/gayaessence.com\/?s={search_term_string}\"},\"query-input\":{\"@type\":\"PropertyValueSpecification\",\"valueRequired\":true,\"valueName\":\"search_term_string\"}}],\"inLanguage\":\"es\"},{\"@type\":\"Organization\",\"@id\":\"https:\/\/gayaessence.com\/#organization\",\"name\":\"Gaya Essence\",\"url\":\"https:\/\/gayaessence.com\/\",\"logo\":{\"@type\":\"ImageObject\",\"inLanguage\":\"es\",\"@id\":\"https:\/\/gayaessence.com\/#\/schema\/logo\/image\/\",\"url\":\"https:\/\/gayaessence.com\/wp-content\/uploads\/2024\/10\/cropped-logo-transp-1.png\",\"contentUrl\":\"https:\/\/gayaessence.com\/wp-content\/uploads\/2024\/10\/cropped-logo-transp-1.png\",\"width\":500,\"height\":196,\"caption\":\"Gaya Essence\"},\"image\":{\"@id\":\"https:\/\/gayaessence.com\/#\/schema\/logo\/image\/\"}}]}<\/script>\n<!-- \/ Yoast SEO plugin. -->","yoast_head_json":{"title":"Libreta Mi Ritual Sagrado - Gaya Essence","robots":{"index":"index","follow":"follow","max-snippet":"max-snippet:-1","max-image-preview":"max-image-preview:large","max-video-preview":"max-video-preview:-1"},"canonical":"https:\/\/gayaessence.com\/index.php\/producto\/libreta-de-escritura-terapeutica-mi-ritual-sagrado\/","og_locale":"es_ES","og_type":"article","og_title":"Libreta Mi Ritual Sagrado - Gaya Essence","og_description":"Descripci\u00f3n Hubo una peque\u00f1a confusi\u00f3n con la imprenta y parte de la tirada se imprimi\u00f3 con una versi\u00f3n no actualizada\ud83d\ude05 Esto hace que esas libretas tengan [\u2026]","og_url":"https:\/\/gayaessence.com\/index.php\/producto\/libreta-de-escritura-terapeutica-mi-ritual-sagrado\/","og_site_name":"Gaya Essence","article_modified_time":"2026-03-01T18:01:15+00:00","og_image":[{"width":500,"height":500,"url":"https:\/\/gayaessence.com\/wp-content\/uploads\/2025\/12\/GAYA-LOGO-8.png","type":"image\/png"}],"twitter_card":"summary_large_image","twitter_misc":{"Tiempo de lectura":"6 minutos"},"schema":{"@context":"https:\/\/schema.org","@graph":[{"@type":"WebPage","@id":"https:\/\/gayaessence.com\/index.php\/producto\/libreta-de-escritura-terapeutica-mi-ritual-sagrado\/","url":"https:\/\/gayaessence.com\/index.php\/producto\/libreta-de-escritura-terapeutica-mi-ritual-sagrado\/","name":"Libreta Mi Ritual Sagrado - Gaya Essence","isPartOf":{"@id":"https:\/\/gayaessence.com\/#website"},"primaryImageOfPage":{"@id":"https:\/\/gayaessence.com\/index.php\/producto\/libreta-de-escritura-terapeutica-mi-ritual-sagrado\/#primaryimage"},"image":{"@id":"https:\/\/gayaessence.com\/index.php\/producto\/libreta-de-escritura-terapeutica-mi-ritual-sagrado\/#primaryimage"},"thumbnailUrl":"https:\/\/gayaessence.com\/wp-content\/uploads\/2025\/12\/GAYA-LOGO-8.png","datePublished":"2025-12-18T19:57:38+00:00","dateModified":"2026-03-01T18:01:15+00:00","breadcrumb":{"@id":"https:\/\/gayaessence.com\/index.php\/producto\/libreta-de-escritura-terapeutica-mi-ritual-sagrado\/#breadcrumb"},"inLanguage":"es","potentialAction":[{"@type":"ReadAction","target":["https:\/\/gayaessence.com\/index.php\/producto\/libreta-de-escritura-terapeutica-mi-ritual-sagrado\/"]}]},{"@type":"ImageObject","inLanguage":"es","@id":"https:\/\/gayaessence.com\/index.php\/producto\/libreta-de-escritura-terapeutica-mi-ritual-sagrado\/#primaryimage","url":"https:\/\/gayaessence.com\/wp-content\/uploads\/2025\/12\/GAYA-LOGO-8.png","contentUrl":"https:\/\/gayaessence.com\/wp-content\/uploads\/2025\/12\/GAYA-LOGO-8.png","width":500,"height":500},{"@type":"BreadcrumbList","@id":"https:\/\/gayaessence.com\/index.php\/producto\/libreta-de-escritura-terapeutica-mi-ritual-sagrado\/#breadcrumb","itemListElement":[{"@type":"ListItem","position":1,"name":"Portada","item":"https:\/\/gayaessence.com\/"},{"@type":"ListItem","position":2,"name":"Tienda","item":"https:\/\/gayaessence.com\/index.php\/shop\/"},{"@type":"ListItem","position":3,"name":"Libreta Mi Ritual Sagrado"}]},{"@type":"WebSite","@id":"https:\/\/gayaessence.com\/#website","url":"https:\/\/gayaessence.com\/","name":"Gaya Essence","description":"Cuida, Protege y Eleva tu Vibraci\u00f3n","publisher":{"@id":"https:\/\/gayaessence.com\/#organization"},"potentialAction":[{"@type":"SearchAction","target":{"@type":"EntryPoint","urlTemplate":"https:\/\/gayaessence.com\/?s={search_term_string}"},"query-input":{"@type":"PropertyValueSpecification","valueRequired":true,"valueName":"search_term_string"}}],"inLanguage":"es"},{"@type":"Organization","@id":"https:\/\/gayaessence.com\/#organization","name":"Gaya Essence","url":"https:\/\/gayaessence.com\/","logo":{"@type":"ImageObject","inLanguage":"es","@id":"https:\/\/gayaessence.com\/#\/schema\/logo\/image\/","url":"https:\/\/gayaessence.com\/wp-content\/uploads\/2024\/10\/cropped-logo-transp-1.png","contentUrl":"https:\/\/gayaessence.com\/wp-content\/uploads\/2024\/10\/cropped-logo-transp-1.png","width":500,"height":196,"caption":"Gaya Essence"},"image":{"@id":"https:\/\/gayaessence.com\/#\/schema\/logo\/image\/"}}]}},"jetpack_sharing_enabled":true,"_links":{"self":[{"href":"https:\/\/gayaessence.com\/index.php\/wp-json\/wp\/v2\/product\/5031","targetHints":{"allow":["GET"]}}],"collection":[{"href":"https:\/\/gayaessence.com\/index.php\/wp-json\/wp\/v2\/product"}],"about":[{"href":"https:\/\/gayaessence.com\/index.php\/wp-json\/wp\/v2\/types\/product"}],"version-history":[{"count":12,"href":"https:\/\/gayaessence.com\/index.php\/wp-json\/wp\/v2\/product\/5031\/revisions"}],"predecessor-version":[{"id":5361,"href":"https:\/\/gayaessence.com\/index.php\/wp-json\/wp\/v2\/product\/5031\/revisions\/5361"}],"wp:featuredmedia":[{"embeddable":true,"href":"https:\/\/gayaessence.com\/index.php\/wp-json\/wp\/v2\/media\/5339"}],"wp:attachment":[{"href":"https:\/\/gayaessence.com\/index.php\/wp-json\/wp\/v2\/media?parent=5031"}],"wp:term":[{"taxonomy":"product_brand","embeddable":true,"href":"https:\/\/gayaessence.com\/index.php\/wp-json\/wp\/v2\/product_brand?post=5031"},{"taxonomy":"product_cat","embeddable":true,"href":"https:\/\/gayaessence.com\/index.php\/wp-json\/wp\/v2\/product_cat?post=5031"},{"taxonomy":"product_tag","embeddable":true,"href":"https:\/\/gayaessence.com\/index.php\/wp-json\/wp\/v2\/product_tag?post=5031"}],"curies":[{"name":"wp","href":"https:\/\/api.w.org\/{rel}","templated":true}]}}