{"id":5013,"date":"2025-12-12T12:43:12","date_gmt":"2025-12-12T12:43:12","guid":{"rendered":"https:\/\/gayaessence.com\/?post_type=product&#038;p=5013"},"modified":"2025-12-12T12:45:26","modified_gmt":"2025-12-12T12:45:26","slug":"anillo-vesta","status":"publish","type":"product","link":"https:\/\/gayaessence.com\/index.php\/producto\/anillo-vesta\/","title":{"rendered":"Anillo Vesta"},"content":{"rendered":"\t\t<div data-elementor-type=\"wp-post\" data-elementor-id=\"5013\" class=\"elementor elementor-5013\">\n\t\t\t\t\t\t<section class=\"elementor-section elementor-top-section elementor-element elementor-element-ba79a43 elementor-section-boxed elementor-section-height-default elementor-section-height-default\" data-id=\"ba79a43\" data-element_type=\"section\">\n\t\t\t\t\t\t<div class=\"elementor-container elementor-column-gap-default\">\n\t\t\t\t\t<div class=\"elementor-column elementor-col-100 elementor-top-column elementor-element elementor-element-183df69\" data-id=\"183df69\" data-element_type=\"column\">\n\t\t\t<div class=\"elementor-widget-wrap elementor-element-populated\">\n\t\t\t\t\t\t<section class=\"elementor-section elementor-inner-section elementor-element elementor-element-f5dfea0 elementor-section-boxed elementor-section-height-default elementor-section-height-default\" data-id=\"f5dfea0\" data-element_type=\"section\">\n\t\t\t\t\t\t<div class=\"elementor-container elementor-column-gap-default\">\n\t\t\t\t\t<div class=\"elementor-column elementor-col-50 elementor-inner-column elementor-element elementor-element-a5c31cf\" data-id=\"a5c31cf\" data-element_type=\"column\">\n\t\t\t<div class=\"elementor-widget-wrap elementor-element-populated\">\n\t\t\t\t\t\t<div class=\"elementor-element elementor-element-88efd13 elementor-widget elementor-widget-heading\" data-id=\"88efd13\" data-element_type=\"widget\" data-widget_type=\"heading.default\">\n\t\t\t\t<div class=\"elementor-widget-container\">\n\t\t\t<h3 class=\"elementor-heading-title elementor-size-default\">Descripci\u00f3n<\/h3>\t\t<\/div>\n\t\t\t\t<\/div>\n\t\t\t\t<div class=\"elementor-element elementor-element-d4da46a elementor-widget elementor-widget-text-editor\" data-id=\"d4da46a\" data-element_type=\"widget\" data-widget_type=\"text-editor.default\">\n\t\t\t\t<div class=\"elementor-widget-container\">\n\t\t\t\t\t\t\t<p data-start=\"103\" data-end=\"326\">Anillo <strong data-start=\"110\" data-end=\"123\">ajustable<\/strong> en <strong data-start=\"127\" data-end=\"163\">lat\u00f3n chapado en oro de 2 micras<\/strong>, adornado con <strong data-start=\"178\" data-end=\"193\">labradorita<\/strong> y <strong data-start=\"196\" data-end=\"223\">turmalinas multicolores<\/strong>, combinando elegancia y energ\u00eda en una sola pieza. Se ajusta c\u00f3modamente de la <strong data-start=\"303\" data-end=\"323\">talla 58 a la 62<\/strong>.<\/p><p data-start=\"328\" data-end=\"342\"><strong data-start=\"328\" data-end=\"340\">Piedras:<\/strong><\/p><ul data-start=\"343\" data-end=\"531\"><li data-start=\"343\" data-end=\"443\"><p data-start=\"345\" data-end=\"443\"><strong data-start=\"345\" data-end=\"360\">Labradorita<\/strong> \u2013 protege la energ\u00eda personal, potencia la intuici\u00f3n y aporta claridad interior.<\/p><\/li><li data-start=\"444\" data-end=\"531\"><p data-start=\"446\" data-end=\"531\"><strong data-start=\"446\" data-end=\"473\">Turmalinas multicolores<\/strong> \u2013 equilibrio energ\u00e9tico, vitalidad y armon\u00eda emocional.<\/p><\/li><\/ul>\t\t\t\t\t\t<\/div>\n\t\t\t\t<\/div>\n\t\t\t\t\t<\/div>\n\t\t<\/div>\n\t\t\t\t<div class=\"elementor-column elementor-col-50 elementor-inner-column elementor-element elementor-element-a967996\" data-id=\"a967996\" data-element_type=\"column\">\n\t\t\t<div class=\"elementor-widget-wrap elementor-element-populated\">\n\t\t\t\t\t\t<div class=\"elementor-element elementor-element-38791ca elementor-widget elementor-widget-image\" data-id=\"38791ca\" data-element_type=\"widget\" data-widget_type=\"image.default\">\n\t\t\t\t<div class=\"elementor-widget-container\">\n\t\t\t\t\t\t\t\t\t\t\t\t\t<img fetchpriority=\"high\" decoding=\"async\" width=\"1200\" height=\"1163\" src=\"https:\/\/gayaessence.com\/wp-content\/uploads\/2025\/12\/Captura-de-pantalla-2025-12-11-a-las-20.49.15-1200x1163.png\" class=\"attachment-large size-large wp-image-5014\" alt=\"\" srcset=\"https:\/\/gayaessence.com\/wp-content\/uploads\/2025\/12\/Captura-de-pantalla-2025-12-11-a-las-20.49.15-1200x1163.png 1200w, https:\/\/gayaessence.com\/wp-content\/uploads\/2025\/12\/Captura-de-pantalla-2025-12-11-a-las-20.49.15-500x484.png 500w, https:\/\/gayaessence.com\/wp-content\/uploads\/2025\/12\/Captura-de-pantalla-2025-12-11-a-las-20.49.15-300x291.png 300w, https:\/\/gayaessence.com\/wp-content\/uploads\/2025\/12\/Captura-de-pantalla-2025-12-11-a-las-20.49.15-768x744.png 768w, https:\/\/gayaessence.com\/wp-content\/uploads\/2025\/12\/Captura-de-pantalla-2025-12-11-a-las-20.49.15-1536x1488.png 1536w, https:\/\/gayaessence.com\/wp-content\/uploads\/2025\/12\/Captura-de-pantalla-2025-12-11-a-las-20.49.15-77x75.png 77w, https:\/\/gayaessence.com\/wp-content\/uploads\/2025\/12\/Captura-de-pantalla-2025-12-11-a-las-20.49.15-480x465.png 480w, https:\/\/gayaessence.com\/wp-content\/uploads\/2025\/12\/Captura-de-pantalla-2025-12-11-a-las-20.49.15-800x775.png 800w, https:\/\/gayaessence.com\/wp-content\/uploads\/2025\/12\/Captura-de-pantalla-2025-12-11-a-las-20.49.15.png 1740w\" sizes=\"(max-width:767px) 480px, (max-width:1200px) 100vw, 1200px\" \/>\t\t\t\t\t\t\t\t\t\t\t\t\t<\/div>\n\t\t\t\t<\/div>\n\t\t\t\t\t<\/div>\n\t\t<\/div>\n\t\t\t\t\t<\/div>\n\t\t<\/section>\n\t\t\t\t\t<\/div>\n\t\t<\/div>\n\t\t\t\t\t<\/div>\n\t\t<\/section>\n\t\t\t\t<\/div>\n\t\t","protected":false},"excerpt":{"rendered":"<p>Descripci\u00f3n Anillo ajustable en lat\u00f3n chapado en oro de 2 micras, adornado con labradorita y turmalinas multicolores, combinando elegancia y energ\u00eda en una sola pieza. Se<span class=\"excerpt-hellip\"> [\u2026]<\/span><\/p>\n","protected":false},"featured_media":5014,"template":"","meta":[],"product_brand":[],"product_cat":[224],"product_tag":[],"class_list":{"0":"post-5013","1":"product","2":"type-product","3":"status-publish","4":"has-post-thumbnail","6":"product_cat-joyas","8":"first","9":"instock","10":"shipping-taxable","11":"purchasable","12":"product-type-simple"},"yoast_head":"<!-- This site is optimized with the Yoast SEO plugin v23.9 - https:\/\/yoast.com\/wordpress\/plugins\/seo\/ -->\n<title>Anillo Vesta - Gaya Essence<\/title>\n<meta name=\"robots\" content=\"index, follow, max-snippet:-1, max-image-preview:large, max-video-preview:-1\" \/>\n<link rel=\"canonical\" href=\"https:\/\/gayaessence.com\/index.php\/producto\/anillo-vesta\/\" \/>\n<meta property=\"og:locale\" content=\"es_ES\" \/>\n<meta property=\"og:type\" content=\"article\" \/>\n<meta property=\"og:title\" content=\"Anillo Vesta - Gaya Essence\" \/>\n<meta property=\"og:description\" content=\"Descripci\u00f3n Anillo ajustable en lat\u00f3n chapado en oro de 2 micras, adornado con labradorita y turmalinas multicolores, combinando elegancia y energ\u00eda en una sola pieza. Se [\u2026]\" \/>\n<meta property=\"og:url\" content=\"https:\/\/gayaessence.com\/index.php\/producto\/anillo-vesta\/\" \/>\n<meta property=\"og:site_name\" content=\"Gaya Essence\" \/>\n<meta property=\"article:modified_time\" content=\"2025-12-12T12:45:26+00:00\" \/>\n<meta property=\"og:image\" content=\"https:\/\/gayaessence.com\/wp-content\/uploads\/2025\/12\/Captura-de-pantalla-2025-12-11-a-las-20.49.15-1200x1163.png\" \/>\n\t<meta property=\"og:image:width\" content=\"1200\" \/>\n\t<meta property=\"og:image:height\" content=\"1163\" \/>\n\t<meta property=\"og:image:type\" content=\"image\/png\" \/>\n<meta name=\"twitter:card\" content=\"summary_large_image\" \/>\n<meta name=\"twitter:label1\" content=\"Tiempo de lectura\" \/>\n\t<meta name=\"twitter:data1\" content=\"1 minuto\" \/>\n<script type=\"application\/ld+json\" class=\"yoast-schema-graph\">{\"@context\":\"https:\/\/schema.org\",\"@graph\":[{\"@type\":\"WebPage\",\"@id\":\"https:\/\/gayaessence.com\/index.php\/producto\/anillo-vesta\/\",\"url\":\"https:\/\/gayaessence.com\/index.php\/producto\/anillo-vesta\/\",\"name\":\"Anillo Vesta - Gaya Essence\",\"isPartOf\":{\"@id\":\"https:\/\/gayaessence.com\/#website\"},\"primaryImageOfPage\":{\"@id\":\"https:\/\/gayaessence.com\/index.php\/producto\/anillo-vesta\/#primaryimage\"},\"image\":{\"@id\":\"https:\/\/gayaessence.com\/index.php\/producto\/anillo-vesta\/#primaryimage\"},\"thumbnailUrl\":\"https:\/\/gayaessence.com\/wp-content\/uploads\/2025\/12\/Captura-de-pantalla-2025-12-11-a-las-20.49.15.png\",\"datePublished\":\"2025-12-12T12:43:12+00:00\",\"dateModified\":\"2025-12-12T12:45:26+00:00\",\"breadcrumb\":{\"@id\":\"https:\/\/gayaessence.com\/index.php\/producto\/anillo-vesta\/#breadcrumb\"},\"inLanguage\":\"es\",\"potentialAction\":[{\"@type\":\"ReadAction\",\"target\":[\"https:\/\/gayaessence.com\/index.php\/producto\/anillo-vesta\/\"]}]},{\"@type\":\"ImageObject\",\"inLanguage\":\"es\",\"@id\":\"https:\/\/gayaessence.com\/index.php\/producto\/anillo-vesta\/#primaryimage\",\"url\":\"https:\/\/gayaessence.com\/wp-content\/uploads\/2025\/12\/Captura-de-pantalla-2025-12-11-a-las-20.49.15.png\",\"contentUrl\":\"https:\/\/gayaessence.com\/wp-content\/uploads\/2025\/12\/Captura-de-pantalla-2025-12-11-a-las-20.49.15.png\",\"width\":1740,\"height\":1686},{\"@type\":\"BreadcrumbList\",\"@id\":\"https:\/\/gayaessence.com\/index.php\/producto\/anillo-vesta\/#breadcrumb\",\"itemListElement\":[{\"@type\":\"ListItem\",\"position\":1,\"name\":\"Portada\",\"item\":\"https:\/\/gayaessence.com\/\"},{\"@type\":\"ListItem\",\"position\":2,\"name\":\"Tienda\",\"item\":\"https:\/\/gayaessence.com\/index.php\/shop\/\"},{\"@type\":\"ListItem\",\"position\":3,\"name\":\"Anillo Vesta\"}]},{\"@type\":\"WebSite\",\"@id\":\"https:\/\/gayaessence.com\/#website\",\"url\":\"https:\/\/gayaessence.com\/\",\"name\":\"Gaya Essence\",\"description\":\"Cuida, Protege y Eleva tu Vibraci\u00f3n\",\"publisher\":{\"@id\":\"https:\/\/gayaessence.com\/#organization\"},\"potentialAction\":[{\"@type\":\"SearchAction\",\"target\":{\"@type\":\"EntryPoint\",\"urlTemplate\":\"https:\/\/gayaessence.com\/?s={search_term_string}\"},\"query-input\":{\"@type\":\"PropertyValueSpecification\",\"valueRequired\":true,\"valueName\":\"search_term_string\"}}],\"inLanguage\":\"es\"},{\"@type\":\"Organization\",\"@id\":\"https:\/\/gayaessence.com\/#organization\",\"name\":\"Gaya Essence\",\"url\":\"https:\/\/gayaessence.com\/\",\"logo\":{\"@type\":\"ImageObject\",\"inLanguage\":\"es\",\"@id\":\"https:\/\/gayaessence.com\/#\/schema\/logo\/image\/\",\"url\":\"https:\/\/gayaessence.com\/wp-content\/uploads\/2024\/10\/cropped-logo-transp-1.png\",\"contentUrl\":\"https:\/\/gayaessence.com\/wp-content\/uploads\/2024\/10\/cropped-logo-transp-1.png\",\"width\":500,\"height\":196,\"caption\":\"Gaya Essence\"},\"image\":{\"@id\":\"https:\/\/gayaessence.com\/#\/schema\/logo\/image\/\"}}]}<\/script>\n<!-- \/ Yoast SEO plugin. -->","yoast_head_json":{"title":"Anillo Vesta - Gaya Essence","robots":{"index":"index","follow":"follow","max-snippet":"max-snippet:-1","max-image-preview":"max-image-preview:large","max-video-preview":"max-video-preview:-1"},"canonical":"https:\/\/gayaessence.com\/index.php\/producto\/anillo-vesta\/","og_locale":"es_ES","og_type":"article","og_title":"Anillo Vesta - Gaya Essence","og_description":"Descripci\u00f3n Anillo ajustable en lat\u00f3n chapado en oro de 2 micras, adornado con labradorita y turmalinas multicolores, combinando elegancia y energ\u00eda en una sola pieza. Se [\u2026]","og_url":"https:\/\/gayaessence.com\/index.php\/producto\/anillo-vesta\/","og_site_name":"Gaya Essence","article_modified_time":"2025-12-12T12:45:26+00:00","og_image":[{"width":1200,"height":1163,"url":"https:\/\/gayaessence.com\/wp-content\/uploads\/2025\/12\/Captura-de-pantalla-2025-12-11-a-las-20.49.15-1200x1163.png","type":"image\/png"}],"twitter_card":"summary_large_image","twitter_misc":{"Tiempo de lectura":"1 minuto"},"schema":{"@context":"https:\/\/schema.org","@graph":[{"@type":"WebPage","@id":"https:\/\/gayaessence.com\/index.php\/producto\/anillo-vesta\/","url":"https:\/\/gayaessence.com\/index.php\/producto\/anillo-vesta\/","name":"Anillo Vesta - Gaya Essence","isPartOf":{"@id":"https:\/\/gayaessence.com\/#website"},"primaryImageOfPage":{"@id":"https:\/\/gayaessence.com\/index.php\/producto\/anillo-vesta\/#primaryimage"},"image":{"@id":"https:\/\/gayaessence.com\/index.php\/producto\/anillo-vesta\/#primaryimage"},"thumbnailUrl":"https:\/\/gayaessence.com\/wp-content\/uploads\/2025\/12\/Captura-de-pantalla-2025-12-11-a-las-20.49.15.png","datePublished":"2025-12-12T12:43:12+00:00","dateModified":"2025-12-12T12:45:26+00:00","breadcrumb":{"@id":"https:\/\/gayaessence.com\/index.php\/producto\/anillo-vesta\/#breadcrumb"},"inLanguage":"es","potentialAction":[{"@type":"ReadAction","target":["https:\/\/gayaessence.com\/index.php\/producto\/anillo-vesta\/"]}]},{"@type":"ImageObject","inLanguage":"es","@id":"https:\/\/gayaessence.com\/index.php\/producto\/anillo-vesta\/#primaryimage","url":"https:\/\/gayaessence.com\/wp-content\/uploads\/2025\/12\/Captura-de-pantalla-2025-12-11-a-las-20.49.15.png","contentUrl":"https:\/\/gayaessence.com\/wp-content\/uploads\/2025\/12\/Captura-de-pantalla-2025-12-11-a-las-20.49.15.png","width":1740,"height":1686},{"@type":"BreadcrumbList","@id":"https:\/\/gayaessence.com\/index.php\/producto\/anillo-vesta\/#breadcrumb","itemListElement":[{"@type":"ListItem","position":1,"name":"Portada","item":"https:\/\/gayaessence.com\/"},{"@type":"ListItem","position":2,"name":"Tienda","item":"https:\/\/gayaessence.com\/index.php\/shop\/"},{"@type":"ListItem","position":3,"name":"Anillo Vesta"}]},{"@type":"WebSite","@id":"https:\/\/gayaessence.com\/#website","url":"https:\/\/gayaessence.com\/","name":"Gaya Essence","description":"Cuida, Protege y Eleva tu Vibraci\u00f3n","publisher":{"@id":"https:\/\/gayaessence.com\/#organization"},"potentialAction":[{"@type":"SearchAction","target":{"@type":"EntryPoint","urlTemplate":"https:\/\/gayaessence.com\/?s={search_term_string}"},"query-input":{"@type":"PropertyValueSpecification","valueRequired":true,"valueName":"search_term_string"}}],"inLanguage":"es"},{"@type":"Organization","@id":"https:\/\/gayaessence.com\/#organization","name":"Gaya Essence","url":"https:\/\/gayaessence.com\/","logo":{"@type":"ImageObject","inLanguage":"es","@id":"https:\/\/gayaessence.com\/#\/schema\/logo\/image\/","url":"https:\/\/gayaessence.com\/wp-content\/uploads\/2024\/10\/cropped-logo-transp-1.png","contentUrl":"https:\/\/gayaessence.com\/wp-content\/uploads\/2024\/10\/cropped-logo-transp-1.png","width":500,"height":196,"caption":"Gaya Essence"},"image":{"@id":"https:\/\/gayaessence.com\/#\/schema\/logo\/image\/"}}]}},"jetpack_sharing_enabled":true,"_links":{"self":[{"href":"https:\/\/gayaessence.com\/index.php\/wp-json\/wp\/v2\/product\/5013","targetHints":{"allow":["GET"]}}],"collection":[{"href":"https:\/\/gayaessence.com\/index.php\/wp-json\/wp\/v2\/product"}],"about":[{"href":"https:\/\/gayaessence.com\/index.php\/wp-json\/wp\/v2\/types\/product"}],"version-history":[{"count":4,"href":"https:\/\/gayaessence.com\/index.php\/wp-json\/wp\/v2\/product\/5013\/revisions"}],"predecessor-version":[{"id":5018,"href":"https:\/\/gayaessence.com\/index.php\/wp-json\/wp\/v2\/product\/5013\/revisions\/5018"}],"wp:featuredmedia":[{"embeddable":true,"href":"https:\/\/gayaessence.com\/index.php\/wp-json\/wp\/v2\/media\/5014"}],"wp:attachment":[{"href":"https:\/\/gayaessence.com\/index.php\/wp-json\/wp\/v2\/media?parent=5013"}],"wp:term":[{"taxonomy":"product_brand","embeddable":true,"href":"https:\/\/gayaessence.com\/index.php\/wp-json\/wp\/v2\/product_brand?post=5013"},{"taxonomy":"product_cat","embeddable":true,"href":"https:\/\/gayaessence.com\/index.php\/wp-json\/wp\/v2\/product_cat?post=5013"},{"taxonomy":"product_tag","embeddable":true,"href":"https:\/\/gayaessence.com\/index.php\/wp-json\/wp\/v2\/product_tag?post=5013"}],"curies":[{"name":"wp","href":"https:\/\/api.w.org\/{rel}","templated":true}]}}