{"id":4989,"date":"2025-12-12T12:30:19","date_gmt":"2025-12-12T12:30:19","guid":{"rendered":"https:\/\/gayaessence.com\/?post_type=product&#038;p=4989"},"modified":"2025-12-12T12:33:25","modified_gmt":"2025-12-12T12:33:25","slug":"anillo-sophia","status":"publish","type":"product","link":"https:\/\/gayaessence.com\/index.php\/producto\/anillo-sophia\/","title":{"rendered":"Anillo Sophia"},"content":{"rendered":"\t\t<div data-elementor-type=\"wp-post\" data-elementor-id=\"4989\" class=\"elementor elementor-4989\">\n\t\t\t\t\t\t<section class=\"elementor-section elementor-top-section elementor-element elementor-element-ba79a43 elementor-section-boxed elementor-section-height-default elementor-section-height-default\" data-id=\"ba79a43\" data-element_type=\"section\">\n\t\t\t\t\t\t<div class=\"elementor-container elementor-column-gap-default\">\n\t\t\t\t\t<div class=\"elementor-column elementor-col-100 elementor-top-column elementor-element elementor-element-183df69\" data-id=\"183df69\" data-element_type=\"column\">\n\t\t\t<div class=\"elementor-widget-wrap elementor-element-populated\">\n\t\t\t\t\t\t<section class=\"elementor-section elementor-inner-section elementor-element elementor-element-f5dfea0 elementor-section-boxed elementor-section-height-default elementor-section-height-default\" data-id=\"f5dfea0\" data-element_type=\"section\">\n\t\t\t\t\t\t<div class=\"elementor-container elementor-column-gap-default\">\n\t\t\t\t\t<div class=\"elementor-column elementor-col-50 elementor-inner-column elementor-element elementor-element-a5c31cf\" data-id=\"a5c31cf\" data-element_type=\"column\">\n\t\t\t<div class=\"elementor-widget-wrap elementor-element-populated\">\n\t\t\t\t\t\t<div class=\"elementor-element elementor-element-88efd13 elementor-widget elementor-widget-heading\" data-id=\"88efd13\" data-element_type=\"widget\" data-widget_type=\"heading.default\">\n\t\t\t\t<div class=\"elementor-widget-container\">\n\t\t\t<h3 class=\"elementor-heading-title elementor-size-default\">Descripci\u00f3n<\/h3>\t\t<\/div>\n\t\t\t\t<\/div>\n\t\t\t\t<div class=\"elementor-element elementor-element-d4da46a elementor-widget elementor-widget-text-editor\" data-id=\"d4da46a\" data-element_type=\"widget\" data-widget_type=\"text-editor.default\">\n\t\t\t\t<div class=\"elementor-widget-container\">\n\t\t\t\t\t\t\t<p data-start=\"103\" data-end=\"339\">Anillo <strong data-start=\"110\" data-end=\"123\">ajustable<\/strong> en <strong data-start=\"127\" data-end=\"163\">lat\u00f3n chapado en oro de 2 micras<\/strong>, engastado con <strong data-start=\"179\" data-end=\"197\">turmalina rosa<\/strong> y <strong data-start=\"200\" data-end=\"215\">labradorita<\/strong>, combinando elegancia y energ\u00eda en una sola pieza. Su dise\u00f1o ajustable permite adaptarse c\u00f3modamente a diferentes tallas.<\/p><ul data-start=\"356\" data-end=\"545\"><li data-start=\"356\" data-end=\"444\"><p data-start=\"358\" data-end=\"444\"><strong data-start=\"358\" data-end=\"376\">Turmalina Rosa<\/strong> \u2013 promueve amor propio, apertura del coraz\u00f3n y armon\u00eda emocional.<\/p><\/li><li data-start=\"356\" data-end=\"444\"><p data-start=\"358\" data-end=\"444\"><strong data-start=\"447\" data-end=\"462\">Labradorita<\/strong> \u2013 protege la energ\u00eda personal, potencia la intuici\u00f3n y aporta claridad interior.<\/p><\/li><\/ul><p data-start=\"547\" data-end=\"668\">\u00a0<\/p>\t\t\t\t\t\t<\/div>\n\t\t\t\t<\/div>\n\t\t\t\t\t<\/div>\n\t\t<\/div>\n\t\t\t\t<div class=\"elementor-column elementor-col-50 elementor-inner-column elementor-element elementor-element-a967996\" data-id=\"a967996\" data-element_type=\"column\">\n\t\t\t<div class=\"elementor-widget-wrap elementor-element-populated\">\n\t\t\t\t\t\t<div class=\"elementor-element elementor-element-38791ca elementor-widget elementor-widget-image\" data-id=\"38791ca\" data-element_type=\"widget\" data-widget_type=\"image.default\">\n\t\t\t\t<div class=\"elementor-widget-container\">\n\t\t\t\t\t\t\t\t\t\t\t\t\t<img fetchpriority=\"high\" decoding=\"async\" width=\"1200\" height=\"1137\" src=\"https:\/\/gayaessence.com\/wp-content\/uploads\/2025\/12\/Captura-de-pantalla-2025-12-11-a-las-20.47.02-1200x1137.png\" class=\"attachment-large size-large wp-image-4990\" alt=\"\" srcset=\"https:\/\/gayaessence.com\/wp-content\/uploads\/2025\/12\/Captura-de-pantalla-2025-12-11-a-las-20.47.02-1200x1137.png 1200w, https:\/\/gayaessence.com\/wp-content\/uploads\/2025\/12\/Captura-de-pantalla-2025-12-11-a-las-20.47.02-500x474.png 500w, https:\/\/gayaessence.com\/wp-content\/uploads\/2025\/12\/Captura-de-pantalla-2025-12-11-a-las-20.47.02-300x284.png 300w, https:\/\/gayaessence.com\/wp-content\/uploads\/2025\/12\/Captura-de-pantalla-2025-12-11-a-las-20.47.02-768x727.png 768w, https:\/\/gayaessence.com\/wp-content\/uploads\/2025\/12\/Captura-de-pantalla-2025-12-11-a-las-20.47.02-79x75.png 79w, https:\/\/gayaessence.com\/wp-content\/uploads\/2025\/12\/Captura-de-pantalla-2025-12-11-a-las-20.47.02-480x455.png 480w, https:\/\/gayaessence.com\/wp-content\/uploads\/2025\/12\/Captura-de-pantalla-2025-12-11-a-las-20.47.02-800x758.png 800w, https:\/\/gayaessence.com\/wp-content\/uploads\/2025\/12\/Captura-de-pantalla-2025-12-11-a-las-20.47.02.png 1326w\" sizes=\"(max-width:767px) 480px, (max-width:1200px) 100vw, 1200px\" \/>\t\t\t\t\t\t\t\t\t\t\t\t\t<\/div>\n\t\t\t\t<\/div>\n\t\t\t\t\t<\/div>\n\t\t<\/div>\n\t\t\t\t\t<\/div>\n\t\t<\/section>\n\t\t\t\t\t<\/div>\n\t\t<\/div>\n\t\t\t\t\t<\/div>\n\t\t<\/section>\n\t\t\t\t<\/div>\n\t\t","protected":false},"excerpt":{"rendered":"<p>Descripci\u00f3n Anillo ajustable en lat\u00f3n chapado en oro de 2 micras, engastado con turmalina rosa y labradorita, combinando elegancia y energ\u00eda en una sola pieza. Su<span class=\"excerpt-hellip\"> [\u2026]<\/span><\/p>\n","protected":false},"featured_media":4990,"template":"","meta":[],"product_brand":[],"product_cat":[224],"product_tag":[],"class_list":{"0":"post-4989","1":"product","2":"type-product","3":"status-publish","4":"has-post-thumbnail","6":"product_cat-joyas","8":"first","9":"instock","10":"shipping-taxable","11":"purchasable","12":"product-type-simple"},"yoast_head":"<!-- This site is optimized with the Yoast SEO plugin v23.9 - https:\/\/yoast.com\/wordpress\/plugins\/seo\/ -->\n<title>Anillo Sophia - Gaya Essence<\/title>\n<meta name=\"robots\" content=\"index, follow, max-snippet:-1, max-image-preview:large, max-video-preview:-1\" \/>\n<link rel=\"canonical\" href=\"https:\/\/gayaessence.com\/index.php\/producto\/anillo-sophia\/\" \/>\n<meta property=\"og:locale\" content=\"es_ES\" \/>\n<meta property=\"og:type\" content=\"article\" \/>\n<meta property=\"og:title\" content=\"Anillo Sophia - Gaya Essence\" \/>\n<meta property=\"og:description\" content=\"Descripci\u00f3n Anillo ajustable en lat\u00f3n chapado en oro de 2 micras, engastado con turmalina rosa y labradorita, combinando elegancia y energ\u00eda en una sola pieza. Su [\u2026]\" \/>\n<meta property=\"og:url\" content=\"https:\/\/gayaessence.com\/index.php\/producto\/anillo-sophia\/\" \/>\n<meta property=\"og:site_name\" content=\"Gaya Essence\" \/>\n<meta property=\"article:modified_time\" content=\"2025-12-12T12:33:25+00:00\" \/>\n<meta property=\"og:image\" content=\"https:\/\/gayaessence.com\/wp-content\/uploads\/2025\/12\/Captura-de-pantalla-2025-12-11-a-las-20.47.02-1200x1137.png\" \/>\n\t<meta property=\"og:image:width\" content=\"1200\" \/>\n\t<meta property=\"og:image:height\" content=\"1137\" \/>\n\t<meta property=\"og:image:type\" content=\"image\/png\" \/>\n<meta name=\"twitter:card\" content=\"summary_large_image\" \/>\n<meta name=\"twitter:label1\" content=\"Tiempo de lectura\" \/>\n\t<meta name=\"twitter:data1\" content=\"1 minuto\" \/>\n<script type=\"application\/ld+json\" class=\"yoast-schema-graph\">{\"@context\":\"https:\/\/schema.org\",\"@graph\":[{\"@type\":\"WebPage\",\"@id\":\"https:\/\/gayaessence.com\/index.php\/producto\/anillo-sophia\/\",\"url\":\"https:\/\/gayaessence.com\/index.php\/producto\/anillo-sophia\/\",\"name\":\"Anillo Sophia - Gaya Essence\",\"isPartOf\":{\"@id\":\"https:\/\/gayaessence.com\/#website\"},\"primaryImageOfPage\":{\"@id\":\"https:\/\/gayaessence.com\/index.php\/producto\/anillo-sophia\/#primaryimage\"},\"image\":{\"@id\":\"https:\/\/gayaessence.com\/index.php\/producto\/anillo-sophia\/#primaryimage\"},\"thumbnailUrl\":\"https:\/\/gayaessence.com\/wp-content\/uploads\/2025\/12\/Captura-de-pantalla-2025-12-11-a-las-20.47.02.png\",\"datePublished\":\"2025-12-12T12:30:19+00:00\",\"dateModified\":\"2025-12-12T12:33:25+00:00\",\"breadcrumb\":{\"@id\":\"https:\/\/gayaessence.com\/index.php\/producto\/anillo-sophia\/#breadcrumb\"},\"inLanguage\":\"es\",\"potentialAction\":[{\"@type\":\"ReadAction\",\"target\":[\"https:\/\/gayaessence.com\/index.php\/producto\/anillo-sophia\/\"]}]},{\"@type\":\"ImageObject\",\"inLanguage\":\"es\",\"@id\":\"https:\/\/gayaessence.com\/index.php\/producto\/anillo-sophia\/#primaryimage\",\"url\":\"https:\/\/gayaessence.com\/wp-content\/uploads\/2025\/12\/Captura-de-pantalla-2025-12-11-a-las-20.47.02.png\",\"contentUrl\":\"https:\/\/gayaessence.com\/wp-content\/uploads\/2025\/12\/Captura-de-pantalla-2025-12-11-a-las-20.47.02.png\",\"width\":1326,\"height\":1256},{\"@type\":\"BreadcrumbList\",\"@id\":\"https:\/\/gayaessence.com\/index.php\/producto\/anillo-sophia\/#breadcrumb\",\"itemListElement\":[{\"@type\":\"ListItem\",\"position\":1,\"name\":\"Portada\",\"item\":\"https:\/\/gayaessence.com\/\"},{\"@type\":\"ListItem\",\"position\":2,\"name\":\"Tienda\",\"item\":\"https:\/\/gayaessence.com\/index.php\/shop\/\"},{\"@type\":\"ListItem\",\"position\":3,\"name\":\"Anillo Sophia\"}]},{\"@type\":\"WebSite\",\"@id\":\"https:\/\/gayaessence.com\/#website\",\"url\":\"https:\/\/gayaessence.com\/\",\"name\":\"Gaya Essence\",\"description\":\"Cuida, Protege y Eleva tu Vibraci\u00f3n\",\"publisher\":{\"@id\":\"https:\/\/gayaessence.com\/#organization\"},\"potentialAction\":[{\"@type\":\"SearchAction\",\"target\":{\"@type\":\"EntryPoint\",\"urlTemplate\":\"https:\/\/gayaessence.com\/?s={search_term_string}\"},\"query-input\":{\"@type\":\"PropertyValueSpecification\",\"valueRequired\":true,\"valueName\":\"search_term_string\"}}],\"inLanguage\":\"es\"},{\"@type\":\"Organization\",\"@id\":\"https:\/\/gayaessence.com\/#organization\",\"name\":\"Gaya Essence\",\"url\":\"https:\/\/gayaessence.com\/\",\"logo\":{\"@type\":\"ImageObject\",\"inLanguage\":\"es\",\"@id\":\"https:\/\/gayaessence.com\/#\/schema\/logo\/image\/\",\"url\":\"https:\/\/gayaessence.com\/wp-content\/uploads\/2024\/10\/cropped-logo-transp-1.png\",\"contentUrl\":\"https:\/\/gayaessence.com\/wp-content\/uploads\/2024\/10\/cropped-logo-transp-1.png\",\"width\":500,\"height\":196,\"caption\":\"Gaya Essence\"},\"image\":{\"@id\":\"https:\/\/gayaessence.com\/#\/schema\/logo\/image\/\"}}]}<\/script>\n<!-- \/ Yoast SEO plugin. -->","yoast_head_json":{"title":"Anillo Sophia - Gaya Essence","robots":{"index":"index","follow":"follow","max-snippet":"max-snippet:-1","max-image-preview":"max-image-preview:large","max-video-preview":"max-video-preview:-1"},"canonical":"https:\/\/gayaessence.com\/index.php\/producto\/anillo-sophia\/","og_locale":"es_ES","og_type":"article","og_title":"Anillo Sophia - Gaya Essence","og_description":"Descripci\u00f3n Anillo ajustable en lat\u00f3n chapado en oro de 2 micras, engastado con turmalina rosa y labradorita, combinando elegancia y energ\u00eda en una sola pieza. Su [\u2026]","og_url":"https:\/\/gayaessence.com\/index.php\/producto\/anillo-sophia\/","og_site_name":"Gaya Essence","article_modified_time":"2025-12-12T12:33:25+00:00","og_image":[{"width":1200,"height":1137,"url":"https:\/\/gayaessence.com\/wp-content\/uploads\/2025\/12\/Captura-de-pantalla-2025-12-11-a-las-20.47.02-1200x1137.png","type":"image\/png"}],"twitter_card":"summary_large_image","twitter_misc":{"Tiempo de lectura":"1 minuto"},"schema":{"@context":"https:\/\/schema.org","@graph":[{"@type":"WebPage","@id":"https:\/\/gayaessence.com\/index.php\/producto\/anillo-sophia\/","url":"https:\/\/gayaessence.com\/index.php\/producto\/anillo-sophia\/","name":"Anillo Sophia - Gaya Essence","isPartOf":{"@id":"https:\/\/gayaessence.com\/#website"},"primaryImageOfPage":{"@id":"https:\/\/gayaessence.com\/index.php\/producto\/anillo-sophia\/#primaryimage"},"image":{"@id":"https:\/\/gayaessence.com\/index.php\/producto\/anillo-sophia\/#primaryimage"},"thumbnailUrl":"https:\/\/gayaessence.com\/wp-content\/uploads\/2025\/12\/Captura-de-pantalla-2025-12-11-a-las-20.47.02.png","datePublished":"2025-12-12T12:30:19+00:00","dateModified":"2025-12-12T12:33:25+00:00","breadcrumb":{"@id":"https:\/\/gayaessence.com\/index.php\/producto\/anillo-sophia\/#breadcrumb"},"inLanguage":"es","potentialAction":[{"@type":"ReadAction","target":["https:\/\/gayaessence.com\/index.php\/producto\/anillo-sophia\/"]}]},{"@type":"ImageObject","inLanguage":"es","@id":"https:\/\/gayaessence.com\/index.php\/producto\/anillo-sophia\/#primaryimage","url":"https:\/\/gayaessence.com\/wp-content\/uploads\/2025\/12\/Captura-de-pantalla-2025-12-11-a-las-20.47.02.png","contentUrl":"https:\/\/gayaessence.com\/wp-content\/uploads\/2025\/12\/Captura-de-pantalla-2025-12-11-a-las-20.47.02.png","width":1326,"height":1256},{"@type":"BreadcrumbList","@id":"https:\/\/gayaessence.com\/index.php\/producto\/anillo-sophia\/#breadcrumb","itemListElement":[{"@type":"ListItem","position":1,"name":"Portada","item":"https:\/\/gayaessence.com\/"},{"@type":"ListItem","position":2,"name":"Tienda","item":"https:\/\/gayaessence.com\/index.php\/shop\/"},{"@type":"ListItem","position":3,"name":"Anillo Sophia"}]},{"@type":"WebSite","@id":"https:\/\/gayaessence.com\/#website","url":"https:\/\/gayaessence.com\/","name":"Gaya Essence","description":"Cuida, Protege y Eleva tu Vibraci\u00f3n","publisher":{"@id":"https:\/\/gayaessence.com\/#organization"},"potentialAction":[{"@type":"SearchAction","target":{"@type":"EntryPoint","urlTemplate":"https:\/\/gayaessence.com\/?s={search_term_string}"},"query-input":{"@type":"PropertyValueSpecification","valueRequired":true,"valueName":"search_term_string"}}],"inLanguage":"es"},{"@type":"Organization","@id":"https:\/\/gayaessence.com\/#organization","name":"Gaya Essence","url":"https:\/\/gayaessence.com\/","logo":{"@type":"ImageObject","inLanguage":"es","@id":"https:\/\/gayaessence.com\/#\/schema\/logo\/image\/","url":"https:\/\/gayaessence.com\/wp-content\/uploads\/2024\/10\/cropped-logo-transp-1.png","contentUrl":"https:\/\/gayaessence.com\/wp-content\/uploads\/2024\/10\/cropped-logo-transp-1.png","width":500,"height":196,"caption":"Gaya Essence"},"image":{"@id":"https:\/\/gayaessence.com\/#\/schema\/logo\/image\/"}}]}},"jetpack_sharing_enabled":true,"_links":{"self":[{"href":"https:\/\/gayaessence.com\/index.php\/wp-json\/wp\/v2\/product\/4989","targetHints":{"allow":["GET"]}}],"collection":[{"href":"https:\/\/gayaessence.com\/index.php\/wp-json\/wp\/v2\/product"}],"about":[{"href":"https:\/\/gayaessence.com\/index.php\/wp-json\/wp\/v2\/types\/product"}],"version-history":[{"count":4,"href":"https:\/\/gayaessence.com\/index.php\/wp-json\/wp\/v2\/product\/4989\/revisions"}],"predecessor-version":[{"id":4994,"href":"https:\/\/gayaessence.com\/index.php\/wp-json\/wp\/v2\/product\/4989\/revisions\/4994"}],"wp:featuredmedia":[{"embeddable":true,"href":"https:\/\/gayaessence.com\/index.php\/wp-json\/wp\/v2\/media\/4990"}],"wp:attachment":[{"href":"https:\/\/gayaessence.com\/index.php\/wp-json\/wp\/v2\/media?parent=4989"}],"wp:term":[{"taxonomy":"product_brand","embeddable":true,"href":"https:\/\/gayaessence.com\/index.php\/wp-json\/wp\/v2\/product_brand?post=4989"},{"taxonomy":"product_cat","embeddable":true,"href":"https:\/\/gayaessence.com\/index.php\/wp-json\/wp\/v2\/product_cat?post=4989"},{"taxonomy":"product_tag","embeddable":true,"href":"https:\/\/gayaessence.com\/index.php\/wp-json\/wp\/v2\/product_tag?post=4989"}],"curies":[{"name":"wp","href":"https:\/\/api.w.org\/{rel}","templated":true}]}}