{"id":4967,"date":"2025-12-12T12:17:22","date_gmt":"2025-12-12T12:17:22","guid":{"rendered":"https:\/\/gayaessence.com\/?post_type=product&#038;p=4967"},"modified":"2025-12-12T12:20:53","modified_gmt":"2025-12-12T12:20:53","slug":"pulsera-saraswati","status":"publish","type":"product","link":"https:\/\/gayaessence.com\/index.php\/producto\/pulsera-saraswati\/","title":{"rendered":"Pulsera Saraswati"},"content":{"rendered":"\t\t<div data-elementor-type=\"wp-post\" data-elementor-id=\"4967\" class=\"elementor elementor-4967\">\n\t\t\t\t\t\t<section class=\"elementor-section elementor-top-section elementor-element elementor-element-ba79a43 elementor-section-boxed elementor-section-height-default elementor-section-height-default\" data-id=\"ba79a43\" data-element_type=\"section\">\n\t\t\t\t\t\t<div class=\"elementor-container elementor-column-gap-default\">\n\t\t\t\t\t<div class=\"elementor-column elementor-col-100 elementor-top-column elementor-element elementor-element-183df69\" data-id=\"183df69\" data-element_type=\"column\">\n\t\t\t<div class=\"elementor-widget-wrap elementor-element-populated\">\n\t\t\t\t\t\t<section class=\"elementor-section elementor-inner-section elementor-element elementor-element-f5dfea0 elementor-section-boxed elementor-section-height-default elementor-section-height-default\" data-id=\"f5dfea0\" data-element_type=\"section\">\n\t\t\t\t\t\t<div class=\"elementor-container elementor-column-gap-default\">\n\t\t\t\t\t<div class=\"elementor-column elementor-col-50 elementor-inner-column elementor-element elementor-element-a5c31cf\" data-id=\"a5c31cf\" data-element_type=\"column\">\n\t\t\t<div class=\"elementor-widget-wrap elementor-element-populated\">\n\t\t\t\t\t\t<div class=\"elementor-element elementor-element-88efd13 elementor-widget elementor-widget-heading\" data-id=\"88efd13\" data-element_type=\"widget\" data-widget_type=\"heading.default\">\n\t\t\t\t<div class=\"elementor-widget-container\">\n\t\t\t<h3 class=\"elementor-heading-title elementor-size-default\">Descripci\u00f3n<\/h3>\t\t<\/div>\n\t\t\t\t<\/div>\n\t\t\t\t<div class=\"elementor-element elementor-element-d4da46a elementor-widget elementor-widget-text-editor\" data-id=\"d4da46a\" data-element_type=\"widget\" data-widget_type=\"text-editor.default\">\n\t\t\t\t<div class=\"elementor-widget-container\">\n\t\t\t\t\t\t\t<p data-start=\"133\" data-end=\"401\">Brazalete de <strong data-start=\"146\" data-end=\"166\">acero inoxidable<\/strong> adornado con peque\u00f1as <strong data-start=\"189\" data-end=\"215\">labradoritas naturales<\/strong> y <strong data-start=\"218\" data-end=\"235\">dijes dorados<\/strong>, creando una pieza ligera, resistente y con un toque m\u00edstico. La labradorita aporta destellos iridiscentes \u00fanicos, por lo que cada brazalete es ligeramente distinto.<\/p><p data-start=\"403\" data-end=\"488\"><strong data-start=\"403\" data-end=\"426\">Piedra: Labradorita<\/strong> \u2013 protecci\u00f3n energ\u00e9tica, intuici\u00f3n y transformaci\u00f3n interior.<\/p>\t\t\t\t\t\t<\/div>\n\t\t\t\t<\/div>\n\t\t\t\t\t<\/div>\n\t\t<\/div>\n\t\t\t\t<div class=\"elementor-column elementor-col-50 elementor-inner-column elementor-element elementor-element-a967996\" data-id=\"a967996\" data-element_type=\"column\">\n\t\t\t<div class=\"elementor-widget-wrap elementor-element-populated\">\n\t\t\t\t\t\t<div class=\"elementor-element elementor-element-38791ca elementor-widget elementor-widget-image\" data-id=\"38791ca\" data-element_type=\"widget\" data-widget_type=\"image.default\">\n\t\t\t\t<div class=\"elementor-widget-container\">\n\t\t\t\t\t\t\t\t\t\t\t\t\t<img fetchpriority=\"high\" decoding=\"async\" width=\"1196\" height=\"1200\" src=\"https:\/\/gayaessence.com\/wp-content\/uploads\/2025\/12\/Captura-de-pantalla-2025-12-11-a-las-20.51.47-1196x1200.png\" class=\"attachment-large size-large wp-image-4968\" alt=\"\" srcset=\"https:\/\/gayaessence.com\/wp-content\/uploads\/2025\/12\/Captura-de-pantalla-2025-12-11-a-las-20.51.47-1196x1200.png 1196w, https:\/\/gayaessence.com\/wp-content\/uploads\/2025\/12\/Captura-de-pantalla-2025-12-11-a-las-20.51.47-498x500.png 498w, https:\/\/gayaessence.com\/wp-content\/uploads\/2025\/12\/Captura-de-pantalla-2025-12-11-a-las-20.51.47-300x300.png 300w, https:\/\/gayaessence.com\/wp-content\/uploads\/2025\/12\/Captura-de-pantalla-2025-12-11-a-las-20.51.47-768x771.png 768w, https:\/\/gayaessence.com\/wp-content\/uploads\/2025\/12\/Captura-de-pantalla-2025-12-11-a-las-20.51.47-1531x1536.png 1531w, https:\/\/gayaessence.com\/wp-content\/uploads\/2025\/12\/Captura-de-pantalla-2025-12-11-a-las-20.51.47-150x150.png 150w, https:\/\/gayaessence.com\/wp-content\/uploads\/2025\/12\/Captura-de-pantalla-2025-12-11-a-las-20.51.47-75x75.png 75w, https:\/\/gayaessence.com\/wp-content\/uploads\/2025\/12\/Captura-de-pantalla-2025-12-11-a-las-20.51.47-480x482.png 480w, https:\/\/gayaessence.com\/wp-content\/uploads\/2025\/12\/Captura-de-pantalla-2025-12-11-a-las-20.51.47-800x803.png 800w, https:\/\/gayaessence.com\/wp-content\/uploads\/2025\/12\/Captura-de-pantalla-2025-12-11-a-las-20.51.47.png 1782w\" sizes=\"(max-width:767px) 480px, (max-width:1196px) 100vw, 1196px\" \/>\t\t\t\t\t\t\t\t\t\t\t\t\t<\/div>\n\t\t\t\t<\/div>\n\t\t\t\t\t<\/div>\n\t\t<\/div>\n\t\t\t\t\t<\/div>\n\t\t<\/section>\n\t\t\t\t\t<\/div>\n\t\t<\/div>\n\t\t\t\t\t<\/div>\n\t\t<\/section>\n\t\t\t\t<\/div>\n\t\t","protected":false},"excerpt":{"rendered":"<p>Descripci\u00f3n Brazalete de acero inoxidable adornado con peque\u00f1as labradoritas naturales y dijes dorados, creando una pieza ligera, resistente y con un toque m\u00edstico. La labradorita aporta<span class=\"excerpt-hellip\"> [\u2026]<\/span><\/p>\n","protected":false},"featured_media":4968,"template":"","meta":[],"product_brand":[],"product_cat":[224],"product_tag":[],"class_list":{"0":"post-4967","1":"product","2":"type-product","3":"status-publish","4":"has-post-thumbnail","6":"product_cat-joyas","8":"first","9":"instock","10":"shipping-taxable","11":"purchasable","12":"product-type-simple"},"yoast_head":"<!-- This site is optimized with the Yoast SEO plugin v23.9 - https:\/\/yoast.com\/wordpress\/plugins\/seo\/ -->\n<title>Pulsera Saraswati - Gaya Essence<\/title>\n<meta name=\"robots\" content=\"index, follow, max-snippet:-1, max-image-preview:large, max-video-preview:-1\" \/>\n<link rel=\"canonical\" href=\"https:\/\/gayaessence.com\/index.php\/producto\/pulsera-saraswati\/\" \/>\n<meta property=\"og:locale\" content=\"es_ES\" \/>\n<meta property=\"og:type\" content=\"article\" \/>\n<meta property=\"og:title\" content=\"Pulsera Saraswati - Gaya Essence\" \/>\n<meta property=\"og:description\" content=\"Descripci\u00f3n Brazalete de acero inoxidable adornado con peque\u00f1as labradoritas naturales y dijes dorados, creando una pieza ligera, resistente y con un toque m\u00edstico. La labradorita aporta [\u2026]\" \/>\n<meta property=\"og:url\" content=\"https:\/\/gayaessence.com\/index.php\/producto\/pulsera-saraswati\/\" \/>\n<meta property=\"og:site_name\" content=\"Gaya Essence\" \/>\n<meta property=\"article:modified_time\" content=\"2025-12-12T12:20:53+00:00\" \/>\n<meta property=\"og:image\" content=\"https:\/\/gayaessence.com\/wp-content\/uploads\/2025\/12\/Captura-de-pantalla-2025-12-11-a-las-20.51.47-1196x1200.png\" \/>\n\t<meta property=\"og:image:width\" content=\"1196\" \/>\n\t<meta property=\"og:image:height\" content=\"1200\" \/>\n\t<meta property=\"og:image:type\" content=\"image\/png\" \/>\n<meta name=\"twitter:card\" content=\"summary_large_image\" \/>\n<meta name=\"twitter:label1\" content=\"Tiempo de lectura\" \/>\n\t<meta name=\"twitter:data1\" content=\"1 minuto\" \/>\n<script type=\"application\/ld+json\" class=\"yoast-schema-graph\">{\"@context\":\"https:\/\/schema.org\",\"@graph\":[{\"@type\":\"WebPage\",\"@id\":\"https:\/\/gayaessence.com\/index.php\/producto\/pulsera-saraswati\/\",\"url\":\"https:\/\/gayaessence.com\/index.php\/producto\/pulsera-saraswati\/\",\"name\":\"Pulsera Saraswati - Gaya Essence\",\"isPartOf\":{\"@id\":\"https:\/\/gayaessence.com\/#website\"},\"primaryImageOfPage\":{\"@id\":\"https:\/\/gayaessence.com\/index.php\/producto\/pulsera-saraswati\/#primaryimage\"},\"image\":{\"@id\":\"https:\/\/gayaessence.com\/index.php\/producto\/pulsera-saraswati\/#primaryimage\"},\"thumbnailUrl\":\"https:\/\/gayaessence.com\/wp-content\/uploads\/2025\/12\/Captura-de-pantalla-2025-12-11-a-las-20.51.47.png\",\"datePublished\":\"2025-12-12T12:17:22+00:00\",\"dateModified\":\"2025-12-12T12:20:53+00:00\",\"breadcrumb\":{\"@id\":\"https:\/\/gayaessence.com\/index.php\/producto\/pulsera-saraswati\/#breadcrumb\"},\"inLanguage\":\"es\",\"potentialAction\":[{\"@type\":\"ReadAction\",\"target\":[\"https:\/\/gayaessence.com\/index.php\/producto\/pulsera-saraswati\/\"]}]},{\"@type\":\"ImageObject\",\"inLanguage\":\"es\",\"@id\":\"https:\/\/gayaessence.com\/index.php\/producto\/pulsera-saraswati\/#primaryimage\",\"url\":\"https:\/\/gayaessence.com\/wp-content\/uploads\/2025\/12\/Captura-de-pantalla-2025-12-11-a-las-20.51.47.png\",\"contentUrl\":\"https:\/\/gayaessence.com\/wp-content\/uploads\/2025\/12\/Captura-de-pantalla-2025-12-11-a-las-20.51.47.png\",\"width\":1782,\"height\":1788},{\"@type\":\"BreadcrumbList\",\"@id\":\"https:\/\/gayaessence.com\/index.php\/producto\/pulsera-saraswati\/#breadcrumb\",\"itemListElement\":[{\"@type\":\"ListItem\",\"position\":1,\"name\":\"Portada\",\"item\":\"https:\/\/gayaessence.com\/\"},{\"@type\":\"ListItem\",\"position\":2,\"name\":\"Tienda\",\"item\":\"https:\/\/gayaessence.com\/index.php\/shop\/\"},{\"@type\":\"ListItem\",\"position\":3,\"name\":\"Pulsera Saraswati\"}]},{\"@type\":\"WebSite\",\"@id\":\"https:\/\/gayaessence.com\/#website\",\"url\":\"https:\/\/gayaessence.com\/\",\"name\":\"Gaya Essence\",\"description\":\"Cuida, Protege y Eleva tu Vibraci\u00f3n\",\"publisher\":{\"@id\":\"https:\/\/gayaessence.com\/#organization\"},\"potentialAction\":[{\"@type\":\"SearchAction\",\"target\":{\"@type\":\"EntryPoint\",\"urlTemplate\":\"https:\/\/gayaessence.com\/?s={search_term_string}\"},\"query-input\":{\"@type\":\"PropertyValueSpecification\",\"valueRequired\":true,\"valueName\":\"search_term_string\"}}],\"inLanguage\":\"es\"},{\"@type\":\"Organization\",\"@id\":\"https:\/\/gayaessence.com\/#organization\",\"name\":\"Gaya Essence\",\"url\":\"https:\/\/gayaessence.com\/\",\"logo\":{\"@type\":\"ImageObject\",\"inLanguage\":\"es\",\"@id\":\"https:\/\/gayaessence.com\/#\/schema\/logo\/image\/\",\"url\":\"https:\/\/gayaessence.com\/wp-content\/uploads\/2024\/10\/cropped-logo-transp-1.png\",\"contentUrl\":\"https:\/\/gayaessence.com\/wp-content\/uploads\/2024\/10\/cropped-logo-transp-1.png\",\"width\":500,\"height\":196,\"caption\":\"Gaya Essence\"},\"image\":{\"@id\":\"https:\/\/gayaessence.com\/#\/schema\/logo\/image\/\"}}]}<\/script>\n<!-- \/ Yoast SEO plugin. -->","yoast_head_json":{"title":"Pulsera Saraswati - Gaya Essence","robots":{"index":"index","follow":"follow","max-snippet":"max-snippet:-1","max-image-preview":"max-image-preview:large","max-video-preview":"max-video-preview:-1"},"canonical":"https:\/\/gayaessence.com\/index.php\/producto\/pulsera-saraswati\/","og_locale":"es_ES","og_type":"article","og_title":"Pulsera Saraswati - Gaya Essence","og_description":"Descripci\u00f3n Brazalete de acero inoxidable adornado con peque\u00f1as labradoritas naturales y dijes dorados, creando una pieza ligera, resistente y con un toque m\u00edstico. La labradorita aporta [\u2026]","og_url":"https:\/\/gayaessence.com\/index.php\/producto\/pulsera-saraswati\/","og_site_name":"Gaya Essence","article_modified_time":"2025-12-12T12:20:53+00:00","og_image":[{"width":1196,"height":1200,"url":"https:\/\/gayaessence.com\/wp-content\/uploads\/2025\/12\/Captura-de-pantalla-2025-12-11-a-las-20.51.47-1196x1200.png","type":"image\/png"}],"twitter_card":"summary_large_image","twitter_misc":{"Tiempo de lectura":"1 minuto"},"schema":{"@context":"https:\/\/schema.org","@graph":[{"@type":"WebPage","@id":"https:\/\/gayaessence.com\/index.php\/producto\/pulsera-saraswati\/","url":"https:\/\/gayaessence.com\/index.php\/producto\/pulsera-saraswati\/","name":"Pulsera Saraswati - Gaya Essence","isPartOf":{"@id":"https:\/\/gayaessence.com\/#website"},"primaryImageOfPage":{"@id":"https:\/\/gayaessence.com\/index.php\/producto\/pulsera-saraswati\/#primaryimage"},"image":{"@id":"https:\/\/gayaessence.com\/index.php\/producto\/pulsera-saraswati\/#primaryimage"},"thumbnailUrl":"https:\/\/gayaessence.com\/wp-content\/uploads\/2025\/12\/Captura-de-pantalla-2025-12-11-a-las-20.51.47.png","datePublished":"2025-12-12T12:17:22+00:00","dateModified":"2025-12-12T12:20:53+00:00","breadcrumb":{"@id":"https:\/\/gayaessence.com\/index.php\/producto\/pulsera-saraswati\/#breadcrumb"},"inLanguage":"es","potentialAction":[{"@type":"ReadAction","target":["https:\/\/gayaessence.com\/index.php\/producto\/pulsera-saraswati\/"]}]},{"@type":"ImageObject","inLanguage":"es","@id":"https:\/\/gayaessence.com\/index.php\/producto\/pulsera-saraswati\/#primaryimage","url":"https:\/\/gayaessence.com\/wp-content\/uploads\/2025\/12\/Captura-de-pantalla-2025-12-11-a-las-20.51.47.png","contentUrl":"https:\/\/gayaessence.com\/wp-content\/uploads\/2025\/12\/Captura-de-pantalla-2025-12-11-a-las-20.51.47.png","width":1782,"height":1788},{"@type":"BreadcrumbList","@id":"https:\/\/gayaessence.com\/index.php\/producto\/pulsera-saraswati\/#breadcrumb","itemListElement":[{"@type":"ListItem","position":1,"name":"Portada","item":"https:\/\/gayaessence.com\/"},{"@type":"ListItem","position":2,"name":"Tienda","item":"https:\/\/gayaessence.com\/index.php\/shop\/"},{"@type":"ListItem","position":3,"name":"Pulsera Saraswati"}]},{"@type":"WebSite","@id":"https:\/\/gayaessence.com\/#website","url":"https:\/\/gayaessence.com\/","name":"Gaya Essence","description":"Cuida, Protege y Eleva tu Vibraci\u00f3n","publisher":{"@id":"https:\/\/gayaessence.com\/#organization"},"potentialAction":[{"@type":"SearchAction","target":{"@type":"EntryPoint","urlTemplate":"https:\/\/gayaessence.com\/?s={search_term_string}"},"query-input":{"@type":"PropertyValueSpecification","valueRequired":true,"valueName":"search_term_string"}}],"inLanguage":"es"},{"@type":"Organization","@id":"https:\/\/gayaessence.com\/#organization","name":"Gaya Essence","url":"https:\/\/gayaessence.com\/","logo":{"@type":"ImageObject","inLanguage":"es","@id":"https:\/\/gayaessence.com\/#\/schema\/logo\/image\/","url":"https:\/\/gayaessence.com\/wp-content\/uploads\/2024\/10\/cropped-logo-transp-1.png","contentUrl":"https:\/\/gayaessence.com\/wp-content\/uploads\/2024\/10\/cropped-logo-transp-1.png","width":500,"height":196,"caption":"Gaya Essence"},"image":{"@id":"https:\/\/gayaessence.com\/#\/schema\/logo\/image\/"}}]}},"jetpack_sharing_enabled":true,"_links":{"self":[{"href":"https:\/\/gayaessence.com\/index.php\/wp-json\/wp\/v2\/product\/4967","targetHints":{"allow":["GET"]}}],"collection":[{"href":"https:\/\/gayaessence.com\/index.php\/wp-json\/wp\/v2\/product"}],"about":[{"href":"https:\/\/gayaessence.com\/index.php\/wp-json\/wp\/v2\/types\/product"}],"version-history":[{"count":4,"href":"https:\/\/gayaessence.com\/index.php\/wp-json\/wp\/v2\/product\/4967\/revisions"}],"predecessor-version":[{"id":4972,"href":"https:\/\/gayaessence.com\/index.php\/wp-json\/wp\/v2\/product\/4967\/revisions\/4972"}],"wp:featuredmedia":[{"embeddable":true,"href":"https:\/\/gayaessence.com\/index.php\/wp-json\/wp\/v2\/media\/4968"}],"wp:attachment":[{"href":"https:\/\/gayaessence.com\/index.php\/wp-json\/wp\/v2\/media?parent=4967"}],"wp:term":[{"taxonomy":"product_brand","embeddable":true,"href":"https:\/\/gayaessence.com\/index.php\/wp-json\/wp\/v2\/product_brand?post=4967"},{"taxonomy":"product_cat","embeddable":true,"href":"https:\/\/gayaessence.com\/index.php\/wp-json\/wp\/v2\/product_cat?post=4967"},{"taxonomy":"product_tag","embeddable":true,"href":"https:\/\/gayaessence.com\/index.php\/wp-json\/wp\/v2\/product_tag?post=4967"}],"curies":[{"name":"wp","href":"https:\/\/api.w.org\/{rel}","templated":true}]}}