{"id":4948,"date":"2025-12-12T12:03:01","date_gmt":"2025-12-12T12:03:01","guid":{"rendered":"https:\/\/gayaessence.com\/?post_type=product&#038;p=4948"},"modified":"2025-12-12T12:06:08","modified_gmt":"2025-12-12T12:06:08","slug":"pendientes-isis","status":"publish","type":"product","link":"https:\/\/gayaessence.com\/index.php\/producto\/pendientes-isis\/","title":{"rendered":"Pendientes Isis"},"content":{"rendered":"\t\t<div data-elementor-type=\"wp-post\" data-elementor-id=\"4948\" class=\"elementor elementor-4948\">\n\t\t\t\t\t\t<section class=\"elementor-section elementor-top-section elementor-element elementor-element-ba79a43 elementor-section-boxed elementor-section-height-default elementor-section-height-default\" data-id=\"ba79a43\" data-element_type=\"section\">\n\t\t\t\t\t\t<div class=\"elementor-container elementor-column-gap-default\">\n\t\t\t\t\t<div class=\"elementor-column elementor-col-100 elementor-top-column elementor-element elementor-element-183df69\" data-id=\"183df69\" data-element_type=\"column\">\n\t\t\t<div class=\"elementor-widget-wrap elementor-element-populated\">\n\t\t\t\t\t\t<section class=\"elementor-section elementor-inner-section elementor-element elementor-element-f5dfea0 elementor-section-boxed elementor-section-height-default elementor-section-height-default\" data-id=\"f5dfea0\" data-element_type=\"section\">\n\t\t\t\t\t\t<div class=\"elementor-container elementor-column-gap-default\">\n\t\t\t\t\t<div class=\"elementor-column elementor-col-50 elementor-inner-column elementor-element elementor-element-a5c31cf\" data-id=\"a5c31cf\" data-element_type=\"column\">\n\t\t\t<div class=\"elementor-widget-wrap elementor-element-populated\">\n\t\t\t\t\t\t<div class=\"elementor-element elementor-element-88efd13 elementor-widget elementor-widget-heading\" data-id=\"88efd13\" data-element_type=\"widget\" data-widget_type=\"heading.default\">\n\t\t\t\t<div class=\"elementor-widget-container\">\n\t\t\t<h3 class=\"elementor-heading-title elementor-size-default\">Descripci\u00f3n<\/h3>\t\t<\/div>\n\t\t\t\t<\/div>\n\t\t\t\t<div class=\"elementor-element elementor-element-d4da46a elementor-widget elementor-widget-text-editor\" data-id=\"d4da46a\" data-element_type=\"widget\" data-widget_type=\"text-editor.default\">\n\t\t\t\t<div class=\"elementor-widget-container\">\n\t\t\t\t\t\t\t<p><span style=\"font-style: normal;font-size: medium\">Pendientes de\u00a0<\/span><strong style=\"font-style: normal\" data-start=\"129\" data-end=\"149\">acero inoxidable<\/strong><span style=\"font-style: normal;font-size: medium\">\u00a0con piezas de\u00a0<\/span><strong style=\"font-style: normal\" data-start=\"164\" data-end=\"178\">\u00f3nix negro<\/strong><span style=\"font-style: normal;font-size: medium\">, dise\u00f1ados para aportar un toque elegante y protector. Miden aproximadamente\u00a0<\/span><strong style=\"font-style: normal\" data-start=\"256\" data-end=\"265\">45 mm<\/strong><span style=\"font-style: normal;font-size: medium\">\u00a0de altura.<\/span><\/p><h3 style=\"font-style: normal;letter-spacing: normal;color: #000000\" data-start=\"126\" data-end=\"160\"><strong data-start=\"130\" data-end=\"160\">Propiedades del \u00d3nix Negro<\/strong><\/h3><p style=\"font-style: normal\" data-start=\"162\" data-end=\"410\">El\u00a0<strong data-start=\"165\" data-end=\"179\">\u00f3nix negro<\/strong>\u00a0es una piedra asociada a la\u00a0<strong data-start=\"208\" data-end=\"222\">protecci\u00f3n<\/strong>, la\u00a0<strong data-start=\"227\" data-end=\"242\">estabilidad<\/strong>\u00a0y la\u00a0<strong data-start=\"248\" data-end=\"270\">fortaleza interior<\/strong>. Se considera un mineral que ayuda a mantener los pies en la tierra, aportando claridad y concentraci\u00f3n en momentos de estr\u00e9s o dispersi\u00f3n.<\/p><ul style=\"font-style: normal\" data-start=\"412\" data-end=\"1008\"><li data-start=\"412\" data-end=\"538\"><p data-start=\"414\" data-end=\"538\"><strong data-start=\"414\" data-end=\"440\">Protecci\u00f3n energ\u00e9tica:<\/strong>\u00a0Act\u00faa como un escudo frente a energ\u00edas densas o negativas, ayudando a mantener el aura estable.<\/p><\/li><li data-start=\"539\" data-end=\"669\"><p data-start=\"541\" data-end=\"669\"><strong data-start=\"541\" data-end=\"559\">Enraizamiento:<\/strong>\u00a0Favorece la conexi\u00f3n con la tierra, aportando sensaci\u00f3n de seguridad y firmeza ante decisiones importantes.<\/p><\/li><li data-start=\"670\" data-end=\"808\"><p data-start=\"672\" data-end=\"808\"><strong data-start=\"672\" data-end=\"697\">Fuerza y autocontrol:<\/strong>\u00a0Ayuda a recuperar el foco, la disciplina y la constancia, ideal para quienes necesitan mantenerse centrados.<\/p><\/li><li data-start=\"809\" data-end=\"911\"><p data-start=\"811\" data-end=\"911\"><strong data-start=\"811\" data-end=\"837\">Estabilidad emocional:<\/strong>\u00a0Facilita el manejo de emociones intensas, aportando calma y equilibrio.<\/p><\/li><li data-start=\"912\" data-end=\"1008\"><p data-start=\"914\" data-end=\"1008\"><strong data-start=\"914\" data-end=\"944\">Confianza y determinaci\u00f3n:<\/strong>\u00a0Se relaciona con la perseverancia y el empoderamiento personal.<\/p><\/li><\/ul>\t\t\t\t\t\t<\/div>\n\t\t\t\t<\/div>\n\t\t\t\t\t<\/div>\n\t\t<\/div>\n\t\t\t\t<div class=\"elementor-column elementor-col-50 elementor-inner-column elementor-element elementor-element-a967996\" data-id=\"a967996\" data-element_type=\"column\">\n\t\t\t<div class=\"elementor-widget-wrap elementor-element-populated\">\n\t\t\t\t\t\t<div class=\"elementor-element elementor-element-38791ca elementor-widget elementor-widget-image\" data-id=\"38791ca\" data-element_type=\"widget\" data-widget_type=\"image.default\">\n\t\t\t\t<div class=\"elementor-widget-container\">\n\t\t\t\t\t\t\t\t\t\t\t\t\t<img fetchpriority=\"high\" decoding=\"async\" width=\"1175\" height=\"1200\" src=\"https:\/\/gayaessence.com\/wp-content\/uploads\/2025\/12\/Captura-de-pantalla-2025-12-11-a-las-20.51.31-1175x1200.png\" class=\"attachment-large size-large wp-image-4949\" alt=\"\" srcset=\"https:\/\/gayaessence.com\/wp-content\/uploads\/2025\/12\/Captura-de-pantalla-2025-12-11-a-las-20.51.31-1175x1200.png 1175w, https:\/\/gayaessence.com\/wp-content\/uploads\/2025\/12\/Captura-de-pantalla-2025-12-11-a-las-20.51.31-489x500.png 489w, https:\/\/gayaessence.com\/wp-content\/uploads\/2025\/12\/Captura-de-pantalla-2025-12-11-a-las-20.51.31-294x300.png 294w, https:\/\/gayaessence.com\/wp-content\/uploads\/2025\/12\/Captura-de-pantalla-2025-12-11-a-las-20.51.31-768x784.png 768w, https:\/\/gayaessence.com\/wp-content\/uploads\/2025\/12\/Captura-de-pantalla-2025-12-11-a-las-20.51.31-73x75.png 73w, https:\/\/gayaessence.com\/wp-content\/uploads\/2025\/12\/Captura-de-pantalla-2025-12-11-a-las-20.51.31-480x490.png 480w, https:\/\/gayaessence.com\/wp-content\/uploads\/2025\/12\/Captura-de-pantalla-2025-12-11-a-las-20.51.31-800x817.png 800w, https:\/\/gayaessence.com\/wp-content\/uploads\/2025\/12\/Captura-de-pantalla-2025-12-11-a-las-20.51.31.png 1490w\" sizes=\"(max-width:767px) 480px, (max-width:1175px) 100vw, 1175px\" \/>\t\t\t\t\t\t\t\t\t\t\t\t\t<\/div>\n\t\t\t\t<\/div>\n\t\t\t\t\t<\/div>\n\t\t<\/div>\n\t\t\t\t\t<\/div>\n\t\t<\/section>\n\t\t\t\t\t<\/div>\n\t\t<\/div>\n\t\t\t\t\t<\/div>\n\t\t<\/section>\n\t\t\t\t<\/div>\n\t\t","protected":false},"excerpt":{"rendered":"<p>Descripci\u00f3n Pendientes de\u00a0acero inoxidable\u00a0con piezas de\u00a0\u00f3nix negro, dise\u00f1ados para aportar un toque elegante y protector. Miden aproximadamente\u00a045 mm\u00a0de altura. Propiedades del \u00d3nix Negro El\u00a0\u00f3nix negro\u00a0es una<span class=\"excerpt-hellip\"> [\u2026]<\/span><\/p>\n","protected":false},"featured_media":4949,"template":"","meta":[],"product_brand":[],"product_cat":[224],"product_tag":[],"class_list":{"0":"post-4948","1":"product","2":"type-product","3":"status-publish","4":"has-post-thumbnail","6":"product_cat-joyas","8":"first","9":"instock","10":"shipping-taxable","11":"purchasable","12":"product-type-simple"},"yoast_head":"<!-- This site is optimized with the Yoast SEO plugin v23.9 - https:\/\/yoast.com\/wordpress\/plugins\/seo\/ -->\n<title>Pendientes Isis - Gaya Essence<\/title>\n<meta name=\"robots\" content=\"index, follow, max-snippet:-1, max-image-preview:large, max-video-preview:-1\" \/>\n<link rel=\"canonical\" href=\"https:\/\/gayaessence.com\/index.php\/producto\/pendientes-isis\/\" \/>\n<meta property=\"og:locale\" content=\"es_ES\" \/>\n<meta property=\"og:type\" content=\"article\" \/>\n<meta property=\"og:title\" content=\"Pendientes Isis - Gaya Essence\" \/>\n<meta property=\"og:description\" content=\"Descripci\u00f3n Pendientes de\u00a0acero inoxidable\u00a0con piezas de\u00a0\u00f3nix negro, dise\u00f1ados para aportar un toque elegante y protector. Miden aproximadamente\u00a045 mm\u00a0de altura. Propiedades del \u00d3nix Negro El\u00a0\u00f3nix negro\u00a0es una [\u2026]\" \/>\n<meta property=\"og:url\" content=\"https:\/\/gayaessence.com\/index.php\/producto\/pendientes-isis\/\" \/>\n<meta property=\"og:site_name\" content=\"Gaya Essence\" \/>\n<meta property=\"article:modified_time\" content=\"2025-12-12T12:06:08+00:00\" \/>\n<meta property=\"og:image\" content=\"https:\/\/gayaessence.com\/wp-content\/uploads\/2025\/12\/Captura-de-pantalla-2025-12-11-a-las-20.51.31-1175x1200.png\" \/>\n\t<meta property=\"og:image:width\" content=\"1175\" \/>\n\t<meta property=\"og:image:height\" content=\"1200\" \/>\n\t<meta property=\"og:image:type\" content=\"image\/png\" \/>\n<meta name=\"twitter:card\" content=\"summary_large_image\" \/>\n<meta name=\"twitter:label1\" content=\"Tiempo de lectura\" \/>\n\t<meta name=\"twitter:data1\" content=\"2 minutos\" \/>\n<script type=\"application\/ld+json\" class=\"yoast-schema-graph\">{\"@context\":\"https:\/\/schema.org\",\"@graph\":[{\"@type\":\"WebPage\",\"@id\":\"https:\/\/gayaessence.com\/index.php\/producto\/pendientes-isis\/\",\"url\":\"https:\/\/gayaessence.com\/index.php\/producto\/pendientes-isis\/\",\"name\":\"Pendientes Isis - Gaya Essence\",\"isPartOf\":{\"@id\":\"https:\/\/gayaessence.com\/#website\"},\"primaryImageOfPage\":{\"@id\":\"https:\/\/gayaessence.com\/index.php\/producto\/pendientes-isis\/#primaryimage\"},\"image\":{\"@id\":\"https:\/\/gayaessence.com\/index.php\/producto\/pendientes-isis\/#primaryimage\"},\"thumbnailUrl\":\"https:\/\/gayaessence.com\/wp-content\/uploads\/2025\/12\/Captura-de-pantalla-2025-12-11-a-las-20.51.31.png\",\"datePublished\":\"2025-12-12T12:03:01+00:00\",\"dateModified\":\"2025-12-12T12:06:08+00:00\",\"breadcrumb\":{\"@id\":\"https:\/\/gayaessence.com\/index.php\/producto\/pendientes-isis\/#breadcrumb\"},\"inLanguage\":\"es\",\"potentialAction\":[{\"@type\":\"ReadAction\",\"target\":[\"https:\/\/gayaessence.com\/index.php\/producto\/pendientes-isis\/\"]}]},{\"@type\":\"ImageObject\",\"inLanguage\":\"es\",\"@id\":\"https:\/\/gayaessence.com\/index.php\/producto\/pendientes-isis\/#primaryimage\",\"url\":\"https:\/\/gayaessence.com\/wp-content\/uploads\/2025\/12\/Captura-de-pantalla-2025-12-11-a-las-20.51.31.png\",\"contentUrl\":\"https:\/\/gayaessence.com\/wp-content\/uploads\/2025\/12\/Captura-de-pantalla-2025-12-11-a-las-20.51.31.png\",\"width\":1490,\"height\":1522},{\"@type\":\"BreadcrumbList\",\"@id\":\"https:\/\/gayaessence.com\/index.php\/producto\/pendientes-isis\/#breadcrumb\",\"itemListElement\":[{\"@type\":\"ListItem\",\"position\":1,\"name\":\"Portada\",\"item\":\"https:\/\/gayaessence.com\/\"},{\"@type\":\"ListItem\",\"position\":2,\"name\":\"Tienda\",\"item\":\"https:\/\/gayaessence.com\/index.php\/shop\/\"},{\"@type\":\"ListItem\",\"position\":3,\"name\":\"Pendientes Isis\"}]},{\"@type\":\"WebSite\",\"@id\":\"https:\/\/gayaessence.com\/#website\",\"url\":\"https:\/\/gayaessence.com\/\",\"name\":\"Gaya Essence\",\"description\":\"Cuida, Protege y Eleva tu Vibraci\u00f3n\",\"publisher\":{\"@id\":\"https:\/\/gayaessence.com\/#organization\"},\"potentialAction\":[{\"@type\":\"SearchAction\",\"target\":{\"@type\":\"EntryPoint\",\"urlTemplate\":\"https:\/\/gayaessence.com\/?s={search_term_string}\"},\"query-input\":{\"@type\":\"PropertyValueSpecification\",\"valueRequired\":true,\"valueName\":\"search_term_string\"}}],\"inLanguage\":\"es\"},{\"@type\":\"Organization\",\"@id\":\"https:\/\/gayaessence.com\/#organization\",\"name\":\"Gaya Essence\",\"url\":\"https:\/\/gayaessence.com\/\",\"logo\":{\"@type\":\"ImageObject\",\"inLanguage\":\"es\",\"@id\":\"https:\/\/gayaessence.com\/#\/schema\/logo\/image\/\",\"url\":\"https:\/\/gayaessence.com\/wp-content\/uploads\/2024\/10\/cropped-logo-transp-1.png\",\"contentUrl\":\"https:\/\/gayaessence.com\/wp-content\/uploads\/2024\/10\/cropped-logo-transp-1.png\",\"width\":500,\"height\":196,\"caption\":\"Gaya Essence\"},\"image\":{\"@id\":\"https:\/\/gayaessence.com\/#\/schema\/logo\/image\/\"}}]}<\/script>\n<!-- \/ Yoast SEO plugin. -->","yoast_head_json":{"title":"Pendientes Isis - Gaya Essence","robots":{"index":"index","follow":"follow","max-snippet":"max-snippet:-1","max-image-preview":"max-image-preview:large","max-video-preview":"max-video-preview:-1"},"canonical":"https:\/\/gayaessence.com\/index.php\/producto\/pendientes-isis\/","og_locale":"es_ES","og_type":"article","og_title":"Pendientes Isis - Gaya Essence","og_description":"Descripci\u00f3n Pendientes de\u00a0acero inoxidable\u00a0con piezas de\u00a0\u00f3nix negro, dise\u00f1ados para aportar un toque elegante y protector. Miden aproximadamente\u00a045 mm\u00a0de altura. Propiedades del \u00d3nix Negro El\u00a0\u00f3nix negro\u00a0es una [\u2026]","og_url":"https:\/\/gayaessence.com\/index.php\/producto\/pendientes-isis\/","og_site_name":"Gaya Essence","article_modified_time":"2025-12-12T12:06:08+00:00","og_image":[{"width":1175,"height":1200,"url":"https:\/\/gayaessence.com\/wp-content\/uploads\/2025\/12\/Captura-de-pantalla-2025-12-11-a-las-20.51.31-1175x1200.png","type":"image\/png"}],"twitter_card":"summary_large_image","twitter_misc":{"Tiempo de lectura":"2 minutos"},"schema":{"@context":"https:\/\/schema.org","@graph":[{"@type":"WebPage","@id":"https:\/\/gayaessence.com\/index.php\/producto\/pendientes-isis\/","url":"https:\/\/gayaessence.com\/index.php\/producto\/pendientes-isis\/","name":"Pendientes Isis - Gaya Essence","isPartOf":{"@id":"https:\/\/gayaessence.com\/#website"},"primaryImageOfPage":{"@id":"https:\/\/gayaessence.com\/index.php\/producto\/pendientes-isis\/#primaryimage"},"image":{"@id":"https:\/\/gayaessence.com\/index.php\/producto\/pendientes-isis\/#primaryimage"},"thumbnailUrl":"https:\/\/gayaessence.com\/wp-content\/uploads\/2025\/12\/Captura-de-pantalla-2025-12-11-a-las-20.51.31.png","datePublished":"2025-12-12T12:03:01+00:00","dateModified":"2025-12-12T12:06:08+00:00","breadcrumb":{"@id":"https:\/\/gayaessence.com\/index.php\/producto\/pendientes-isis\/#breadcrumb"},"inLanguage":"es","potentialAction":[{"@type":"ReadAction","target":["https:\/\/gayaessence.com\/index.php\/producto\/pendientes-isis\/"]}]},{"@type":"ImageObject","inLanguage":"es","@id":"https:\/\/gayaessence.com\/index.php\/producto\/pendientes-isis\/#primaryimage","url":"https:\/\/gayaessence.com\/wp-content\/uploads\/2025\/12\/Captura-de-pantalla-2025-12-11-a-las-20.51.31.png","contentUrl":"https:\/\/gayaessence.com\/wp-content\/uploads\/2025\/12\/Captura-de-pantalla-2025-12-11-a-las-20.51.31.png","width":1490,"height":1522},{"@type":"BreadcrumbList","@id":"https:\/\/gayaessence.com\/index.php\/producto\/pendientes-isis\/#breadcrumb","itemListElement":[{"@type":"ListItem","position":1,"name":"Portada","item":"https:\/\/gayaessence.com\/"},{"@type":"ListItem","position":2,"name":"Tienda","item":"https:\/\/gayaessence.com\/index.php\/shop\/"},{"@type":"ListItem","position":3,"name":"Pendientes Isis"}]},{"@type":"WebSite","@id":"https:\/\/gayaessence.com\/#website","url":"https:\/\/gayaessence.com\/","name":"Gaya Essence","description":"Cuida, Protege y Eleva tu Vibraci\u00f3n","publisher":{"@id":"https:\/\/gayaessence.com\/#organization"},"potentialAction":[{"@type":"SearchAction","target":{"@type":"EntryPoint","urlTemplate":"https:\/\/gayaessence.com\/?s={search_term_string}"},"query-input":{"@type":"PropertyValueSpecification","valueRequired":true,"valueName":"search_term_string"}}],"inLanguage":"es"},{"@type":"Organization","@id":"https:\/\/gayaessence.com\/#organization","name":"Gaya Essence","url":"https:\/\/gayaessence.com\/","logo":{"@type":"ImageObject","inLanguage":"es","@id":"https:\/\/gayaessence.com\/#\/schema\/logo\/image\/","url":"https:\/\/gayaessence.com\/wp-content\/uploads\/2024\/10\/cropped-logo-transp-1.png","contentUrl":"https:\/\/gayaessence.com\/wp-content\/uploads\/2024\/10\/cropped-logo-transp-1.png","width":500,"height":196,"caption":"Gaya Essence"},"image":{"@id":"https:\/\/gayaessence.com\/#\/schema\/logo\/image\/"}}]}},"jetpack_sharing_enabled":true,"_links":{"self":[{"href":"https:\/\/gayaessence.com\/index.php\/wp-json\/wp\/v2\/product\/4948","targetHints":{"allow":["GET"]}}],"collection":[{"href":"https:\/\/gayaessence.com\/index.php\/wp-json\/wp\/v2\/product"}],"about":[{"href":"https:\/\/gayaessence.com\/index.php\/wp-json\/wp\/v2\/types\/product"}],"version-history":[{"count":5,"href":"https:\/\/gayaessence.com\/index.php\/wp-json\/wp\/v2\/product\/4948\/revisions"}],"predecessor-version":[{"id":4954,"href":"https:\/\/gayaessence.com\/index.php\/wp-json\/wp\/v2\/product\/4948\/revisions\/4954"}],"wp:featuredmedia":[{"embeddable":true,"href":"https:\/\/gayaessence.com\/index.php\/wp-json\/wp\/v2\/media\/4949"}],"wp:attachment":[{"href":"https:\/\/gayaessence.com\/index.php\/wp-json\/wp\/v2\/media?parent=4948"}],"wp:term":[{"taxonomy":"product_brand","embeddable":true,"href":"https:\/\/gayaessence.com\/index.php\/wp-json\/wp\/v2\/product_brand?post=4948"},{"taxonomy":"product_cat","embeddable":true,"href":"https:\/\/gayaessence.com\/index.php\/wp-json\/wp\/v2\/product_cat?post=4948"},{"taxonomy":"product_tag","embeddable":true,"href":"https:\/\/gayaessence.com\/index.php\/wp-json\/wp\/v2\/product_tag?post=4948"}],"curies":[{"name":"wp","href":"https:\/\/api.w.org\/{rel}","templated":true}]}}