{"id":4676,"date":"2025-10-14T21:43:15","date_gmt":"2025-10-14T21:43:15","guid":{"rendered":"https:\/\/gayaessence.com\/?post_type=product&#038;p=4676"},"modified":"2026-01-21T17:44:15","modified_gmt":"2026-01-21T17:44:15","slug":"abundancia-divina","status":"publish","type":"product","link":"https:\/\/gayaessence.com\/index.php\/producto\/abundancia-divina\/","title":{"rendered":"ABUNDANCIA DIVINA"},"content":{"rendered":"\t\t<div data-elementor-type=\"wp-post\" data-elementor-id=\"4676\" class=\"elementor elementor-4676\">\n\t\t\t\t\t\t<section class=\"elementor-section elementor-top-section elementor-element elementor-element-ba79a43 elementor-section-boxed elementor-section-height-default elementor-section-height-default\" data-id=\"ba79a43\" data-element_type=\"section\">\n\t\t\t\t\t\t<div class=\"elementor-container elementor-column-gap-default\">\n\t\t\t\t\t<div class=\"elementor-column elementor-col-100 elementor-top-column elementor-element elementor-element-183df69\" data-id=\"183df69\" data-element_type=\"column\">\n\t\t\t<div class=\"elementor-widget-wrap elementor-element-populated\">\n\t\t\t\t\t\t<section class=\"elementor-section elementor-inner-section elementor-element elementor-element-f5dfea0 elementor-section-boxed elementor-section-height-default elementor-section-height-default\" data-id=\"f5dfea0\" data-element_type=\"section\">\n\t\t\t\t\t\t<div class=\"elementor-container elementor-column-gap-default\">\n\t\t\t\t\t<div class=\"elementor-column elementor-col-50 elementor-inner-column elementor-element elementor-element-a5c31cf\" data-id=\"a5c31cf\" data-element_type=\"column\">\n\t\t\t<div class=\"elementor-widget-wrap elementor-element-populated\">\n\t\t\t\t\t\t<div class=\"elementor-element elementor-element-88efd13 elementor-widget elementor-widget-heading\" data-id=\"88efd13\" data-element_type=\"widget\" data-widget_type=\"heading.default\">\n\t\t\t\t<div class=\"elementor-widget-container\">\n\t\t\t<h3 class=\"elementor-heading-title elementor-size-default\">ABUNDANCIA DIVINA<\/h3>\t\t<\/div>\n\t\t\t\t<\/div>\n\t\t\t\t<div class=\"elementor-element elementor-element-d4da46a elementor-widget elementor-widget-text-editor\" data-id=\"d4da46a\" data-element_type=\"widget\" data-widget_type=\"text-editor.default\">\n\t\t\t\t<div class=\"elementor-widget-container\">\n\t\t\t\t\t\t\t<p data-start=\"173\" data-end=\"455\">Sum\u00e9rgete en <strong data-start=\"186\" data-end=\"207\">ABUNDANCIA DIVINA<\/strong>, una fragancia que invita a la prosperidad, la gratitud y la armon\u00eda. Su aroma frutal y dulce despierta sensaciones de bienestar y abundancia, ideal para momentos de meditaci\u00f3n, rituales de atracci\u00f3n o para llenar tu espacio de energ\u00eda positiva.<\/p>\n<h3 data-start=\"457\" data-end=\"485\"><strong data-start=\"461\" data-end=\"483\">Pir\u00e1mide olfativa:<\/strong><\/h3>\n<ul data-start=\"486\" data-end=\"658\">\n<li data-start=\"486\" data-end=\"579\">\n<p data-start=\"488\" data-end=\"579\"><strong data-start=\"488\" data-end=\"509\">Notas de salida:<\/strong> Maracuy\u00e1, Melocot\u00f3n, Pera, Frambuesa, Hoja de grosella negra, Arena<\/p>\n<\/li>\n<li data-start=\"580\" data-end=\"607\">\n<p data-start=\"582\" data-end=\"607\"><strong data-start=\"582\" data-end=\"599\">Notas medias:<\/strong> Lirio<\/p>\n<\/li>\n<li data-start=\"608\" data-end=\"658\">\n<p data-start=\"610\" data-end=\"658\"><strong data-start=\"610\" data-end=\"628\">Notas de base:<\/strong> Vainilla, Almizcle, S\u00e1ndalo<\/p>\n<\/li>\n<\/ul>\n<h3 data-start=\"660\" data-end=\"691\"><strong data-start=\"664\" data-end=\"689\">Formatos disponibles:<\/strong><\/h3>\n<p data-start=\"693\" data-end=\"704\"><strong data-start=\"693\" data-end=\"702\">Velas<\/strong><\/p>\n<ul data-start=\"705\" data-end=\"974\">\n<li data-start=\"705\" data-end=\"734\">\n<p data-start=\"707\" data-end=\"734\">Cera de coco 100% natural<\/p>\n<\/li>\n<li data-start=\"735\" data-end=\"801\">\n<p data-start=\"737\" data-end=\"801\">Mecha de algod\u00f3n: llama limpia, silenciosa y sin humo excesivo<\/p>\n<\/li>\n<li data-start=\"802\" data-end=\"879\">\n<p data-start=\"804\" data-end=\"879\">Eco-friendly: materiales sostenibles y responsables con el medio ambiente<\/p>\n<\/li>\n<li data-start=\"880\" data-end=\"974\">\n<p data-start=\"882\" data-end=\"896\"><strong data-start=\"882\" data-end=\"894\">Tama\u00f1os:<\/strong><\/p>\n<ul data-start=\"899\" data-end=\"974\">\n<li data-start=\"899\" data-end=\"935\">\n<p data-start=\"901\" data-end=\"935\">160 ml \u2014 hasta 30 horas de quema<\/p>\n<\/li>\n<li data-start=\"938\" data-end=\"974\">\n<p data-start=\"940\" data-end=\"974\">500 ml \u2014 hasta 60 horas de quema<\/p>\n<\/li>\n<\/ul>\n<\/li>\n<\/ul>\n<p data-start=\"976\" data-end=\"988\"><strong data-start=\"976\" data-end=\"986\">Mikado<\/strong><\/p>\n<ul data-start=\"989\" data-end=\"1196\">\n<li data-start=\"989\" data-end=\"1039\">\n<p data-start=\"991\" data-end=\"1039\">Formato: 125 ml \u2014 incluye 10 varillas de 25 cm<\/p>\n<\/li>\n<li data-start=\"1040\" data-end=\"1130\">\n<p data-start=\"1042\" data-end=\"1130\">Fragancia intensa y duradera gracias a la alta concentraci\u00f3n de componentes arom\u00e1ticos<\/p>\n<\/li>\n<li data-start=\"1131\" data-end=\"1196\">\n<p data-start=\"1133\" data-end=\"1196\">Varillas de microfibra: difusi\u00f3n uniforme e intensa del aroma<\/p>\n<\/li>\n<\/ul>\t\t\t\t\t\t<\/div>\n\t\t\t\t<\/div>\n\t\t\t\t<div class=\"elementor-element elementor-element-0c4e2c2 elementor-widget elementor-widget-text-editor\" data-id=\"0c4e2c2\" data-element_type=\"widget\" data-widget_type=\"text-editor.default\">\n\t\t\t\t<div class=\"elementor-widget-container\">\n\t\t\t\t\t\t\t<p>\u00a0<\/p><p><br style=\"font-weight: 400\" \/><br style=\"font-weight: 400\" \/><\/p>\t\t\t\t\t\t<\/div>\n\t\t\t\t<\/div>\n\t\t\t\t\t<\/div>\n\t\t<\/div>\n\t\t\t\t<div class=\"elementor-column elementor-col-50 elementor-inner-column elementor-element elementor-element-a967996\" data-id=\"a967996\" data-element_type=\"column\">\n\t\t\t<div class=\"elementor-widget-wrap elementor-element-populated\">\n\t\t\t\t\t\t<div class=\"elementor-element elementor-element-38791ca elementor-widget elementor-widget-image\" data-id=\"38791ca\" data-element_type=\"widget\" data-widget_type=\"image.default\">\n\t\t\t\t<div class=\"elementor-widget-container\">\n\t\t\t\t\t\t\t\t\t\t\t\t\t<img decoding=\"async\" src=\"https:\/\/gayaessence.com\/wp-content\/uploads\/2025\/10\/IMG_2858.heic\" class=\"attachment-large size-large wp-image-4716\" alt=\"\" \/>\t\t\t\t\t\t\t\t\t\t\t\t\t<\/div>\n\t\t\t\t<\/div>\n\t\t\t\t\t<\/div>\n\t\t<\/div>\n\t\t\t\t\t<\/div>\n\t\t<\/section>\n\t\t\t\t\t<\/div>\n\t\t<\/div>\n\t\t\t\t\t<\/div>\n\t\t<\/section>\n\t\t\t\t<\/div>\n\t\t","protected":false},"excerpt":{"rendered":"<p>ABUNDANCIA DIVINA Sum\u00e9rgete en ABUNDANCIA DIVINA, una fragancia que invita a la prosperidad, la gratitud y la armon\u00eda. Su aroma frutal y dulce despierta sensaciones de<span class=\"excerpt-hellip\"> [\u2026]<\/span><\/p>\n","protected":false},"featured_media":4704,"template":"","meta":[],"product_brand":[],"product_cat":[228],"product_tag":[],"class_list":{"0":"post-4676","1":"product","2":"type-product","3":"status-publish","4":"has-post-thumbnail","6":"product_cat-velas-aromaticas","8":"first","9":"instock","10":"shipping-taxable","11":"purchasable","12":"product-type-variable"},"yoast_head":"<!-- This site is optimized with the Yoast SEO plugin v23.9 - https:\/\/yoast.com\/wordpress\/plugins\/seo\/ -->\n<title>ABUNDANCIA DIVINA - Gaya Essence<\/title>\n<meta name=\"robots\" content=\"index, follow, max-snippet:-1, max-image-preview:large, max-video-preview:-1\" \/>\n<link rel=\"canonical\" href=\"https:\/\/gayaessence.com\/index.php\/producto\/abundancia-divina\/\" \/>\n<meta property=\"og:locale\" content=\"es_ES\" \/>\n<meta property=\"og:type\" content=\"article\" \/>\n<meta property=\"og:title\" content=\"ABUNDANCIA DIVINA - Gaya Essence\" \/>\n<meta property=\"og:description\" content=\"ABUNDANCIA DIVINA Sum\u00e9rgete en ABUNDANCIA DIVINA, una fragancia que invita a la prosperidad, la gratitud y la armon\u00eda. Su aroma frutal y dulce despierta sensaciones de [\u2026]\" \/>\n<meta property=\"og:url\" content=\"https:\/\/gayaessence.com\/index.php\/producto\/abundancia-divina\/\" \/>\n<meta property=\"og:site_name\" content=\"Gaya Essence\" \/>\n<meta property=\"article:modified_time\" content=\"2026-01-21T17:44:15+00:00\" \/>\n<meta property=\"og:image\" content=\"https:\/\/gayaessence.com\/wp-content\/uploads\/2025\/10\/8e340772-8a3f-4b4c-852e-3ebdc6741a79-1-scaled.jpg\" \/>\n\t<meta property=\"og:image:width\" content=\"1440\" \/>\n\t<meta property=\"og:image:height\" content=\"2560\" \/>\n\t<meta property=\"og:image:type\" content=\"image\/jpeg\" \/>\n<meta name=\"twitter:card\" content=\"summary_large_image\" \/>\n<meta name=\"twitter:label1\" content=\"Tiempo de lectura\" \/>\n\t<meta name=\"twitter:data1\" content=\"2 minutos\" \/>\n<script type=\"application\/ld+json\" class=\"yoast-schema-graph\">{\"@context\":\"https:\/\/schema.org\",\"@graph\":[{\"@type\":\"WebPage\",\"@id\":\"https:\/\/gayaessence.com\/index.php\/producto\/abundancia-divina\/\",\"url\":\"https:\/\/gayaessence.com\/index.php\/producto\/abundancia-divina\/\",\"name\":\"ABUNDANCIA DIVINA - Gaya Essence\",\"isPartOf\":{\"@id\":\"https:\/\/gayaessence.com\/#website\"},\"primaryImageOfPage\":{\"@id\":\"https:\/\/gayaessence.com\/index.php\/producto\/abundancia-divina\/#primaryimage\"},\"image\":{\"@id\":\"https:\/\/gayaessence.com\/index.php\/producto\/abundancia-divina\/#primaryimage\"},\"thumbnailUrl\":\"https:\/\/gayaessence.com\/wp-content\/uploads\/2025\/10\/8e340772-8a3f-4b4c-852e-3ebdc6741a79-1-scaled.jpg\",\"datePublished\":\"2025-10-14T21:43:15+00:00\",\"dateModified\":\"2026-01-21T17:44:15+00:00\",\"breadcrumb\":{\"@id\":\"https:\/\/gayaessence.com\/index.php\/producto\/abundancia-divina\/#breadcrumb\"},\"inLanguage\":\"es\",\"potentialAction\":[{\"@type\":\"ReadAction\",\"target\":[\"https:\/\/gayaessence.com\/index.php\/producto\/abundancia-divina\/\"]}]},{\"@type\":\"ImageObject\",\"inLanguage\":\"es\",\"@id\":\"https:\/\/gayaessence.com\/index.php\/producto\/abundancia-divina\/#primaryimage\",\"url\":\"https:\/\/gayaessence.com\/wp-content\/uploads\/2025\/10\/8e340772-8a3f-4b4c-852e-3ebdc6741a79-1-scaled.jpg\",\"contentUrl\":\"https:\/\/gayaessence.com\/wp-content\/uploads\/2025\/10\/8e340772-8a3f-4b4c-852e-3ebdc6741a79-1-scaled.jpg\",\"width\":1440,\"height\":2560},{\"@type\":\"BreadcrumbList\",\"@id\":\"https:\/\/gayaessence.com\/index.php\/producto\/abundancia-divina\/#breadcrumb\",\"itemListElement\":[{\"@type\":\"ListItem\",\"position\":1,\"name\":\"Portada\",\"item\":\"https:\/\/gayaessence.com\/\"},{\"@type\":\"ListItem\",\"position\":2,\"name\":\"Tienda\",\"item\":\"https:\/\/gayaessence.com\/index.php\/shop\/\"},{\"@type\":\"ListItem\",\"position\":3,\"name\":\"ABUNDANCIA DIVINA\"}]},{\"@type\":\"WebSite\",\"@id\":\"https:\/\/gayaessence.com\/#website\",\"url\":\"https:\/\/gayaessence.com\/\",\"name\":\"Gaya Essence\",\"description\":\"Cuida, Protege y Eleva tu Vibraci\u00f3n\",\"publisher\":{\"@id\":\"https:\/\/gayaessence.com\/#organization\"},\"potentialAction\":[{\"@type\":\"SearchAction\",\"target\":{\"@type\":\"EntryPoint\",\"urlTemplate\":\"https:\/\/gayaessence.com\/?s={search_term_string}\"},\"query-input\":{\"@type\":\"PropertyValueSpecification\",\"valueRequired\":true,\"valueName\":\"search_term_string\"}}],\"inLanguage\":\"es\"},{\"@type\":\"Organization\",\"@id\":\"https:\/\/gayaessence.com\/#organization\",\"name\":\"Gaya Essence\",\"url\":\"https:\/\/gayaessence.com\/\",\"logo\":{\"@type\":\"ImageObject\",\"inLanguage\":\"es\",\"@id\":\"https:\/\/gayaessence.com\/#\/schema\/logo\/image\/\",\"url\":\"https:\/\/gayaessence.com\/wp-content\/uploads\/2024\/10\/cropped-logo-transp-1.png\",\"contentUrl\":\"https:\/\/gayaessence.com\/wp-content\/uploads\/2024\/10\/cropped-logo-transp-1.png\",\"width\":500,\"height\":196,\"caption\":\"Gaya Essence\"},\"image\":{\"@id\":\"https:\/\/gayaessence.com\/#\/schema\/logo\/image\/\"}}]}<\/script>\n<!-- \/ Yoast SEO plugin. -->","yoast_head_json":{"title":"ABUNDANCIA DIVINA - Gaya Essence","robots":{"index":"index","follow":"follow","max-snippet":"max-snippet:-1","max-image-preview":"max-image-preview:large","max-video-preview":"max-video-preview:-1"},"canonical":"https:\/\/gayaessence.com\/index.php\/producto\/abundancia-divina\/","og_locale":"es_ES","og_type":"article","og_title":"ABUNDANCIA DIVINA - Gaya Essence","og_description":"ABUNDANCIA DIVINA Sum\u00e9rgete en ABUNDANCIA DIVINA, una fragancia que invita a la prosperidad, la gratitud y la armon\u00eda. Su aroma frutal y dulce despierta sensaciones de [\u2026]","og_url":"https:\/\/gayaessence.com\/index.php\/producto\/abundancia-divina\/","og_site_name":"Gaya Essence","article_modified_time":"2026-01-21T17:44:15+00:00","og_image":[{"width":1440,"height":2560,"url":"https:\/\/gayaessence.com\/wp-content\/uploads\/2025\/10\/8e340772-8a3f-4b4c-852e-3ebdc6741a79-1-scaled.jpg","type":"image\/jpeg"}],"twitter_card":"summary_large_image","twitter_misc":{"Tiempo de lectura":"2 minutos"},"schema":{"@context":"https:\/\/schema.org","@graph":[{"@type":"WebPage","@id":"https:\/\/gayaessence.com\/index.php\/producto\/abundancia-divina\/","url":"https:\/\/gayaessence.com\/index.php\/producto\/abundancia-divina\/","name":"ABUNDANCIA DIVINA - Gaya Essence","isPartOf":{"@id":"https:\/\/gayaessence.com\/#website"},"primaryImageOfPage":{"@id":"https:\/\/gayaessence.com\/index.php\/producto\/abundancia-divina\/#primaryimage"},"image":{"@id":"https:\/\/gayaessence.com\/index.php\/producto\/abundancia-divina\/#primaryimage"},"thumbnailUrl":"https:\/\/gayaessence.com\/wp-content\/uploads\/2025\/10\/8e340772-8a3f-4b4c-852e-3ebdc6741a79-1-scaled.jpg","datePublished":"2025-10-14T21:43:15+00:00","dateModified":"2026-01-21T17:44:15+00:00","breadcrumb":{"@id":"https:\/\/gayaessence.com\/index.php\/producto\/abundancia-divina\/#breadcrumb"},"inLanguage":"es","potentialAction":[{"@type":"ReadAction","target":["https:\/\/gayaessence.com\/index.php\/producto\/abundancia-divina\/"]}]},{"@type":"ImageObject","inLanguage":"es","@id":"https:\/\/gayaessence.com\/index.php\/producto\/abundancia-divina\/#primaryimage","url":"https:\/\/gayaessence.com\/wp-content\/uploads\/2025\/10\/8e340772-8a3f-4b4c-852e-3ebdc6741a79-1-scaled.jpg","contentUrl":"https:\/\/gayaessence.com\/wp-content\/uploads\/2025\/10\/8e340772-8a3f-4b4c-852e-3ebdc6741a79-1-scaled.jpg","width":1440,"height":2560},{"@type":"BreadcrumbList","@id":"https:\/\/gayaessence.com\/index.php\/producto\/abundancia-divina\/#breadcrumb","itemListElement":[{"@type":"ListItem","position":1,"name":"Portada","item":"https:\/\/gayaessence.com\/"},{"@type":"ListItem","position":2,"name":"Tienda","item":"https:\/\/gayaessence.com\/index.php\/shop\/"},{"@type":"ListItem","position":3,"name":"ABUNDANCIA DIVINA"}]},{"@type":"WebSite","@id":"https:\/\/gayaessence.com\/#website","url":"https:\/\/gayaessence.com\/","name":"Gaya Essence","description":"Cuida, Protege y Eleva tu Vibraci\u00f3n","publisher":{"@id":"https:\/\/gayaessence.com\/#organization"},"potentialAction":[{"@type":"SearchAction","target":{"@type":"EntryPoint","urlTemplate":"https:\/\/gayaessence.com\/?s={search_term_string}"},"query-input":{"@type":"PropertyValueSpecification","valueRequired":true,"valueName":"search_term_string"}}],"inLanguage":"es"},{"@type":"Organization","@id":"https:\/\/gayaessence.com\/#organization","name":"Gaya Essence","url":"https:\/\/gayaessence.com\/","logo":{"@type":"ImageObject","inLanguage":"es","@id":"https:\/\/gayaessence.com\/#\/schema\/logo\/image\/","url":"https:\/\/gayaessence.com\/wp-content\/uploads\/2024\/10\/cropped-logo-transp-1.png","contentUrl":"https:\/\/gayaessence.com\/wp-content\/uploads\/2024\/10\/cropped-logo-transp-1.png","width":500,"height":196,"caption":"Gaya Essence"},"image":{"@id":"https:\/\/gayaessence.com\/#\/schema\/logo\/image\/"}}]}},"jetpack_sharing_enabled":true,"_links":{"self":[{"href":"https:\/\/gayaessence.com\/index.php\/wp-json\/wp\/v2\/product\/4676","targetHints":{"allow":["GET"]}}],"collection":[{"href":"https:\/\/gayaessence.com\/index.php\/wp-json\/wp\/v2\/product"}],"about":[{"href":"https:\/\/gayaessence.com\/index.php\/wp-json\/wp\/v2\/types\/product"}],"version-history":[{"count":9,"href":"https:\/\/gayaessence.com\/index.php\/wp-json\/wp\/v2\/product\/4676\/revisions"}],"predecessor-version":[{"id":5149,"href":"https:\/\/gayaessence.com\/index.php\/wp-json\/wp\/v2\/product\/4676\/revisions\/5149"}],"wp:featuredmedia":[{"embeddable":true,"href":"https:\/\/gayaessence.com\/index.php\/wp-json\/wp\/v2\/media\/4704"}],"wp:attachment":[{"href":"https:\/\/gayaessence.com\/index.php\/wp-json\/wp\/v2\/media?parent=4676"}],"wp:term":[{"taxonomy":"product_brand","embeddable":true,"href":"https:\/\/gayaessence.com\/index.php\/wp-json\/wp\/v2\/product_brand?post=4676"},{"taxonomy":"product_cat","embeddable":true,"href":"https:\/\/gayaessence.com\/index.php\/wp-json\/wp\/v2\/product_cat?post=4676"},{"taxonomy":"product_tag","embeddable":true,"href":"https:\/\/gayaessence.com\/index.php\/wp-json\/wp\/v2\/product_tag?post=4676"}],"curies":[{"name":"wp","href":"https:\/\/api.w.org\/{rel}","templated":true}]}}