{"id":4669,"date":"2025-10-14T21:41:09","date_gmt":"2025-10-14T21:41:09","guid":{"rendered":"https:\/\/gayaessence.com\/?post_type=product&#038;p=4669"},"modified":"2026-01-21T18:17:26","modified_gmt":"2026-01-21T18:17:26","slug":"renacer","status":"publish","type":"product","link":"https:\/\/gayaessence.com\/index.php\/producto\/renacer\/","title":{"rendered":"RENACER"},"content":{"rendered":"\t\t<div data-elementor-type=\"wp-post\" data-elementor-id=\"4669\" class=\"elementor elementor-4669\">\n\t\t\t\t\t\t<section class=\"elementor-section elementor-top-section elementor-element elementor-element-ba79a43 elementor-section-boxed elementor-section-height-default elementor-section-height-default\" data-id=\"ba79a43\" data-element_type=\"section\">\n\t\t\t\t\t\t<div class=\"elementor-container elementor-column-gap-default\">\n\t\t\t\t\t<div class=\"elementor-column elementor-col-100 elementor-top-column elementor-element elementor-element-183df69\" data-id=\"183df69\" data-element_type=\"column\">\n\t\t\t<div class=\"elementor-widget-wrap elementor-element-populated\">\n\t\t\t\t\t\t<section class=\"elementor-section elementor-inner-section elementor-element elementor-element-f5dfea0 elementor-section-boxed elementor-section-height-default elementor-section-height-default\" data-id=\"f5dfea0\" data-element_type=\"section\">\n\t\t\t\t\t\t<div class=\"elementor-container elementor-column-gap-default\">\n\t\t\t\t\t<div class=\"elementor-column elementor-col-50 elementor-inner-column elementor-element elementor-element-a5c31cf\" data-id=\"a5c31cf\" data-element_type=\"column\">\n\t\t\t<div class=\"elementor-widget-wrap elementor-element-populated\">\n\t\t\t\t\t\t<div class=\"elementor-element elementor-element-88efd13 elementor-widget elementor-widget-heading\" data-id=\"88efd13\" data-element_type=\"widget\" data-widget_type=\"heading.default\">\n\t\t\t\t<div class=\"elementor-widget-container\">\n\t\t\t<h3 class=\"elementor-heading-title elementor-size-default\">RENACER<\/h3>\t\t<\/div>\n\t\t\t\t<\/div>\n\t\t\t\t<div class=\"elementor-element elementor-element-d4da46a elementor-widget elementor-widget-text-editor\" data-id=\"d4da46a\" data-element_type=\"widget\" data-widget_type=\"text-editor.default\">\n\t\t\t\t<div class=\"elementor-widget-container\">\n\t\t\t\t\t\t\t<p data-start=\"144\" data-end=\"355\">Sum\u00e9rgete en <strong data-start=\"157\" data-end=\"168\">RENACER<\/strong>, una fragancia delicada y femenina que envuelve tus sentidos en un bouquet floral y afrutado. Ideal para momentos de calma, inspiraci\u00f3n y conexi\u00f3n con tu esencia m\u00e1s suave y armoniosa.<\/p><h3 data-start=\"357\" data-end=\"385\"><strong data-start=\"361\" data-end=\"383\">Pir\u00e1mide olfativa:<\/strong><\/h3><ul data-start=\"386\" data-end=\"550\"><li data-start=\"386\" data-end=\"439\"><p data-start=\"388\" data-end=\"439\"><strong data-start=\"388\" data-end=\"409\">Notas de salida:<\/strong> Bergamota, Lichi, Melocot\u00f3n<\/p><\/li><li data-start=\"440\" data-end=\"493\"><p data-start=\"442\" data-end=\"493\"><strong data-start=\"442\" data-end=\"459\">Notas medias:<\/strong> Flor de naranjo, Jazm\u00edn, Peon\u00eda<\/p><\/li><li data-start=\"494\" data-end=\"550\"><p data-start=\"496\" data-end=\"550\"><strong data-start=\"496\" data-end=\"514\">Notas de base:<\/strong> Notas amaderadas, Musgo, Almizcle<\/p><\/li><\/ul><h3 data-start=\"552\" data-end=\"583\"><strong data-start=\"556\" data-end=\"581\">Formatos disponibles:<\/strong><\/h3><p data-start=\"585\" data-end=\"596\"><strong data-start=\"585\" data-end=\"594\">Velas<\/strong><\/p><ul data-start=\"597\" data-end=\"866\"><li data-start=\"597\" data-end=\"626\"><p data-start=\"599\" data-end=\"626\">Cera de coco 100% natural<\/p><\/li><li data-start=\"627\" data-end=\"693\"><p data-start=\"629\" data-end=\"693\">Mecha de algod\u00f3n: llama limpia, silenciosa y sin humo excesivo<\/p><\/li><li data-start=\"694\" data-end=\"771\"><p data-start=\"696\" data-end=\"771\">Eco-friendly: materiales sostenibles y responsables con el medio ambiente<\/p><\/li><li data-start=\"772\" data-end=\"866\"><p data-start=\"774\" data-end=\"788\"><strong data-start=\"774\" data-end=\"786\">Tama\u00f1os:<\/strong><\/p><ul data-start=\"791\" data-end=\"866\"><li data-start=\"791\" data-end=\"827\"><p data-start=\"793\" data-end=\"827\">160 ml \u2014 hasta 30 horas de quema<\/p><\/li><li data-start=\"830\" data-end=\"866\"><p data-start=\"832\" data-end=\"866\">500 ml \u2014 hasta 60 horas de quema<\/p><\/li><\/ul><\/li><\/ul><p data-start=\"868\" data-end=\"880\"><strong data-start=\"868\" data-end=\"878\">Mikado<\/strong><\/p><ul data-start=\"881\" data-end=\"1088\"><li data-start=\"881\" data-end=\"931\"><p data-start=\"883\" data-end=\"931\">Formato: 125 ml \u2014 incluye 10 varillas de 25 cm<\/p><\/li><li data-start=\"932\" data-end=\"1022\"><p data-start=\"934\" data-end=\"1022\">Fragancia intensa y duradera gracias a la alta concentraci\u00f3n de componentes arom\u00e1ticos<\/p><\/li><li data-start=\"1023\" data-end=\"1088\"><p data-start=\"1025\" data-end=\"1088\">Varillas de microfibra: difusi\u00f3n uniforme e intensa del aroma<\/p><\/li><\/ul>\t\t\t\t\t\t<\/div>\n\t\t\t\t<\/div>\n\t\t\t\t<div class=\"elementor-element elementor-element-0c4e2c2 elementor-widget elementor-widget-text-editor\" data-id=\"0c4e2c2\" data-element_type=\"widget\" data-widget_type=\"text-editor.default\">\n\t\t\t\t<div class=\"elementor-widget-container\">\n\t\t\t\t\t\t\t<p>\u00a0<\/p><p><br style=\"font-weight: 400\" \/><br style=\"font-weight: 400\" \/><\/p>\t\t\t\t\t\t<\/div>\n\t\t\t\t<\/div>\n\t\t\t\t\t<\/div>\n\t\t<\/div>\n\t\t\t\t<div class=\"elementor-column elementor-col-50 elementor-inner-column elementor-element elementor-element-a967996\" data-id=\"a967996\" data-element_type=\"column\">\n\t\t\t<div class=\"elementor-widget-wrap elementor-element-populated\">\n\t\t\t\t\t\t<div class=\"elementor-element elementor-element-38791ca elementor-widget elementor-widget-image\" data-id=\"38791ca\" data-element_type=\"widget\" data-widget_type=\"image.default\">\n\t\t\t\t<div class=\"elementor-widget-container\">\n\t\t\t\t\t\t\t\t\t\t\t\t\t<img decoding=\"async\" src=\"https:\/\/gayaessence.com\/wp-content\/uploads\/2025\/10\/IMG_2858.heic\" class=\"attachment-large size-large wp-image-4716\" alt=\"\" \/>\t\t\t\t\t\t\t\t\t\t\t\t\t<\/div>\n\t\t\t\t<\/div>\n\t\t\t\t\t<\/div>\n\t\t<\/div>\n\t\t\t\t\t<\/div>\n\t\t<\/section>\n\t\t\t\t\t<\/div>\n\t\t<\/div>\n\t\t\t\t\t<\/div>\n\t\t<\/section>\n\t\t\t\t<\/div>\n\t\t","protected":false},"excerpt":{"rendered":"<p>RENACER Sum\u00e9rgete en RENACER, una fragancia delicada y femenina que envuelve tus sentidos en un bouquet floral y afrutado. Ideal para momentos de calma, inspiraci\u00f3n y<span class=\"excerpt-hellip\"> [\u2026]<\/span><\/p>\n","protected":false},"featured_media":4706,"template":"","meta":[],"product_brand":[],"product_cat":[228],"product_tag":[],"class_list":{"0":"post-4669","1":"product","2":"type-product","3":"status-publish","4":"has-post-thumbnail","6":"product_cat-velas-aromaticas","8":"first","9":"instock","10":"shipping-taxable","11":"purchasable","12":"product-type-variable"},"yoast_head":"<!-- This site is optimized with the Yoast SEO plugin v23.9 - https:\/\/yoast.com\/wordpress\/plugins\/seo\/ -->\n<title>RENACER - Gaya Essence<\/title>\n<meta name=\"robots\" content=\"index, follow, max-snippet:-1, max-image-preview:large, max-video-preview:-1\" \/>\n<link rel=\"canonical\" href=\"https:\/\/gayaessence.com\/index.php\/producto\/renacer\/\" \/>\n<meta property=\"og:locale\" content=\"es_ES\" \/>\n<meta property=\"og:type\" content=\"article\" \/>\n<meta property=\"og:title\" content=\"RENACER - Gaya Essence\" \/>\n<meta property=\"og:description\" content=\"RENACER Sum\u00e9rgete en RENACER, una fragancia delicada y femenina que envuelve tus sentidos en un bouquet floral y afrutado. Ideal para momentos de calma, inspiraci\u00f3n y [\u2026]\" \/>\n<meta property=\"og:url\" content=\"https:\/\/gayaessence.com\/index.php\/producto\/renacer\/\" \/>\n<meta property=\"og:site_name\" content=\"Gaya Essence\" \/>\n<meta property=\"article:modified_time\" content=\"2026-01-21T18:17:26+00:00\" \/>\n<meta property=\"og:image\" content=\"https:\/\/gayaessence.com\/wp-content\/uploads\/2025\/10\/64f37cc2-e771-4656-bc55-edb65dcf0ee1-1-scaled.jpg\" \/>\n\t<meta property=\"og:image:width\" content=\"1439\" \/>\n\t<meta property=\"og:image:height\" content=\"2560\" \/>\n\t<meta property=\"og:image:type\" content=\"image\/jpeg\" \/>\n<meta name=\"twitter:card\" content=\"summary_large_image\" \/>\n<meta name=\"twitter:label1\" content=\"Tiempo de lectura\" \/>\n\t<meta name=\"twitter:data1\" content=\"1 minuto\" \/>\n<script type=\"application\/ld+json\" class=\"yoast-schema-graph\">{\"@context\":\"https:\/\/schema.org\",\"@graph\":[{\"@type\":\"WebPage\",\"@id\":\"https:\/\/gayaessence.com\/index.php\/producto\/renacer\/\",\"url\":\"https:\/\/gayaessence.com\/index.php\/producto\/renacer\/\",\"name\":\"RENACER - Gaya Essence\",\"isPartOf\":{\"@id\":\"https:\/\/gayaessence.com\/#website\"},\"primaryImageOfPage\":{\"@id\":\"https:\/\/gayaessence.com\/index.php\/producto\/renacer\/#primaryimage\"},\"image\":{\"@id\":\"https:\/\/gayaessence.com\/index.php\/producto\/renacer\/#primaryimage\"},\"thumbnailUrl\":\"https:\/\/gayaessence.com\/wp-content\/uploads\/2025\/10\/64f37cc2-e771-4656-bc55-edb65dcf0ee1-1-scaled.jpg\",\"datePublished\":\"2025-10-14T21:41:09+00:00\",\"dateModified\":\"2026-01-21T18:17:26+00:00\",\"breadcrumb\":{\"@id\":\"https:\/\/gayaessence.com\/index.php\/producto\/renacer\/#breadcrumb\"},\"inLanguage\":\"es\",\"potentialAction\":[{\"@type\":\"ReadAction\",\"target\":[\"https:\/\/gayaessence.com\/index.php\/producto\/renacer\/\"]}]},{\"@type\":\"ImageObject\",\"inLanguage\":\"es\",\"@id\":\"https:\/\/gayaessence.com\/index.php\/producto\/renacer\/#primaryimage\",\"url\":\"https:\/\/gayaessence.com\/wp-content\/uploads\/2025\/10\/64f37cc2-e771-4656-bc55-edb65dcf0ee1-1-scaled.jpg\",\"contentUrl\":\"https:\/\/gayaessence.com\/wp-content\/uploads\/2025\/10\/64f37cc2-e771-4656-bc55-edb65dcf0ee1-1-scaled.jpg\",\"width\":1439,\"height\":2560},{\"@type\":\"BreadcrumbList\",\"@id\":\"https:\/\/gayaessence.com\/index.php\/producto\/renacer\/#breadcrumb\",\"itemListElement\":[{\"@type\":\"ListItem\",\"position\":1,\"name\":\"Portada\",\"item\":\"https:\/\/gayaessence.com\/\"},{\"@type\":\"ListItem\",\"position\":2,\"name\":\"Tienda\",\"item\":\"https:\/\/gayaessence.com\/index.php\/shop\/\"},{\"@type\":\"ListItem\",\"position\":3,\"name\":\"RENACER\"}]},{\"@type\":\"WebSite\",\"@id\":\"https:\/\/gayaessence.com\/#website\",\"url\":\"https:\/\/gayaessence.com\/\",\"name\":\"Gaya Essence\",\"description\":\"Cuida, Protege y Eleva tu Vibraci\u00f3n\",\"publisher\":{\"@id\":\"https:\/\/gayaessence.com\/#organization\"},\"potentialAction\":[{\"@type\":\"SearchAction\",\"target\":{\"@type\":\"EntryPoint\",\"urlTemplate\":\"https:\/\/gayaessence.com\/?s={search_term_string}\"},\"query-input\":{\"@type\":\"PropertyValueSpecification\",\"valueRequired\":true,\"valueName\":\"search_term_string\"}}],\"inLanguage\":\"es\"},{\"@type\":\"Organization\",\"@id\":\"https:\/\/gayaessence.com\/#organization\",\"name\":\"Gaya Essence\",\"url\":\"https:\/\/gayaessence.com\/\",\"logo\":{\"@type\":\"ImageObject\",\"inLanguage\":\"es\",\"@id\":\"https:\/\/gayaessence.com\/#\/schema\/logo\/image\/\",\"url\":\"https:\/\/gayaessence.com\/wp-content\/uploads\/2024\/10\/cropped-logo-transp-1.png\",\"contentUrl\":\"https:\/\/gayaessence.com\/wp-content\/uploads\/2024\/10\/cropped-logo-transp-1.png\",\"width\":500,\"height\":196,\"caption\":\"Gaya Essence\"},\"image\":{\"@id\":\"https:\/\/gayaessence.com\/#\/schema\/logo\/image\/\"}}]}<\/script>\n<!-- \/ Yoast SEO plugin. -->","yoast_head_json":{"title":"RENACER - Gaya Essence","robots":{"index":"index","follow":"follow","max-snippet":"max-snippet:-1","max-image-preview":"max-image-preview:large","max-video-preview":"max-video-preview:-1"},"canonical":"https:\/\/gayaessence.com\/index.php\/producto\/renacer\/","og_locale":"es_ES","og_type":"article","og_title":"RENACER - Gaya Essence","og_description":"RENACER Sum\u00e9rgete en RENACER, una fragancia delicada y femenina que envuelve tus sentidos en un bouquet floral y afrutado. Ideal para momentos de calma, inspiraci\u00f3n y [\u2026]","og_url":"https:\/\/gayaessence.com\/index.php\/producto\/renacer\/","og_site_name":"Gaya Essence","article_modified_time":"2026-01-21T18:17:26+00:00","og_image":[{"width":1439,"height":2560,"url":"https:\/\/gayaessence.com\/wp-content\/uploads\/2025\/10\/64f37cc2-e771-4656-bc55-edb65dcf0ee1-1-scaled.jpg","type":"image\/jpeg"}],"twitter_card":"summary_large_image","twitter_misc":{"Tiempo de lectura":"1 minuto"},"schema":{"@context":"https:\/\/schema.org","@graph":[{"@type":"WebPage","@id":"https:\/\/gayaessence.com\/index.php\/producto\/renacer\/","url":"https:\/\/gayaessence.com\/index.php\/producto\/renacer\/","name":"RENACER - Gaya Essence","isPartOf":{"@id":"https:\/\/gayaessence.com\/#website"},"primaryImageOfPage":{"@id":"https:\/\/gayaessence.com\/index.php\/producto\/renacer\/#primaryimage"},"image":{"@id":"https:\/\/gayaessence.com\/index.php\/producto\/renacer\/#primaryimage"},"thumbnailUrl":"https:\/\/gayaessence.com\/wp-content\/uploads\/2025\/10\/64f37cc2-e771-4656-bc55-edb65dcf0ee1-1-scaled.jpg","datePublished":"2025-10-14T21:41:09+00:00","dateModified":"2026-01-21T18:17:26+00:00","breadcrumb":{"@id":"https:\/\/gayaessence.com\/index.php\/producto\/renacer\/#breadcrumb"},"inLanguage":"es","potentialAction":[{"@type":"ReadAction","target":["https:\/\/gayaessence.com\/index.php\/producto\/renacer\/"]}]},{"@type":"ImageObject","inLanguage":"es","@id":"https:\/\/gayaessence.com\/index.php\/producto\/renacer\/#primaryimage","url":"https:\/\/gayaessence.com\/wp-content\/uploads\/2025\/10\/64f37cc2-e771-4656-bc55-edb65dcf0ee1-1-scaled.jpg","contentUrl":"https:\/\/gayaessence.com\/wp-content\/uploads\/2025\/10\/64f37cc2-e771-4656-bc55-edb65dcf0ee1-1-scaled.jpg","width":1439,"height":2560},{"@type":"BreadcrumbList","@id":"https:\/\/gayaessence.com\/index.php\/producto\/renacer\/#breadcrumb","itemListElement":[{"@type":"ListItem","position":1,"name":"Portada","item":"https:\/\/gayaessence.com\/"},{"@type":"ListItem","position":2,"name":"Tienda","item":"https:\/\/gayaessence.com\/index.php\/shop\/"},{"@type":"ListItem","position":3,"name":"RENACER"}]},{"@type":"WebSite","@id":"https:\/\/gayaessence.com\/#website","url":"https:\/\/gayaessence.com\/","name":"Gaya Essence","description":"Cuida, Protege y Eleva tu Vibraci\u00f3n","publisher":{"@id":"https:\/\/gayaessence.com\/#organization"},"potentialAction":[{"@type":"SearchAction","target":{"@type":"EntryPoint","urlTemplate":"https:\/\/gayaessence.com\/?s={search_term_string}"},"query-input":{"@type":"PropertyValueSpecification","valueRequired":true,"valueName":"search_term_string"}}],"inLanguage":"es"},{"@type":"Organization","@id":"https:\/\/gayaessence.com\/#organization","name":"Gaya Essence","url":"https:\/\/gayaessence.com\/","logo":{"@type":"ImageObject","inLanguage":"es","@id":"https:\/\/gayaessence.com\/#\/schema\/logo\/image\/","url":"https:\/\/gayaessence.com\/wp-content\/uploads\/2024\/10\/cropped-logo-transp-1.png","contentUrl":"https:\/\/gayaessence.com\/wp-content\/uploads\/2024\/10\/cropped-logo-transp-1.png","width":500,"height":196,"caption":"Gaya Essence"},"image":{"@id":"https:\/\/gayaessence.com\/#\/schema\/logo\/image\/"}}]}},"jetpack_sharing_enabled":true,"_links":{"self":[{"href":"https:\/\/gayaessence.com\/index.php\/wp-json\/wp\/v2\/product\/4669","targetHints":{"allow":["GET"]}}],"collection":[{"href":"https:\/\/gayaessence.com\/index.php\/wp-json\/wp\/v2\/product"}],"about":[{"href":"https:\/\/gayaessence.com\/index.php\/wp-json\/wp\/v2\/types\/product"}],"version-history":[{"count":9,"href":"https:\/\/gayaessence.com\/index.php\/wp-json\/wp\/v2\/product\/4669\/revisions"}],"predecessor-version":[{"id":5151,"href":"https:\/\/gayaessence.com\/index.php\/wp-json\/wp\/v2\/product\/4669\/revisions\/5151"}],"wp:featuredmedia":[{"embeddable":true,"href":"https:\/\/gayaessence.com\/index.php\/wp-json\/wp\/v2\/media\/4706"}],"wp:attachment":[{"href":"https:\/\/gayaessence.com\/index.php\/wp-json\/wp\/v2\/media?parent=4669"}],"wp:term":[{"taxonomy":"product_brand","embeddable":true,"href":"https:\/\/gayaessence.com\/index.php\/wp-json\/wp\/v2\/product_brand?post=4669"},{"taxonomy":"product_cat","embeddable":true,"href":"https:\/\/gayaessence.com\/index.php\/wp-json\/wp\/v2\/product_cat?post=4669"},{"taxonomy":"product_tag","embeddable":true,"href":"https:\/\/gayaessence.com\/index.php\/wp-json\/wp\/v2\/product_tag?post=4669"}],"curies":[{"name":"wp","href":"https:\/\/api.w.org\/{rel}","templated":true}]}}