{"id":4652,"date":"2025-10-14T21:33:00","date_gmt":"2025-10-14T21:33:00","guid":{"rendered":"https:\/\/gayaessence.com\/?post_type=product&#038;p=4652"},"modified":"2026-01-21T17:50:41","modified_gmt":"2026-01-21T17:50:41","slug":"sabiduria-ancestral","status":"publish","type":"product","link":"https:\/\/gayaessence.com\/index.php\/producto\/sabiduria-ancestral\/","title":{"rendered":"SABIDUR\u00cdA ANCESTRAL"},"content":{"rendered":"\t\t<div data-elementor-type=\"wp-post\" data-elementor-id=\"4652\" class=\"elementor elementor-4652\">\n\t\t\t\t\t\t<section class=\"elementor-section elementor-top-section elementor-element elementor-element-ba79a43 elementor-section-boxed elementor-section-height-default elementor-section-height-default\" data-id=\"ba79a43\" data-element_type=\"section\">\n\t\t\t\t\t\t<div class=\"elementor-container elementor-column-gap-default\">\n\t\t\t\t\t<div class=\"elementor-column elementor-col-100 elementor-top-column elementor-element elementor-element-183df69\" data-id=\"183df69\" data-element_type=\"column\">\n\t\t\t<div class=\"elementor-widget-wrap elementor-element-populated\">\n\t\t\t\t\t\t<section class=\"elementor-section elementor-inner-section elementor-element elementor-element-f5dfea0 elementor-section-boxed elementor-section-height-default elementor-section-height-default\" data-id=\"f5dfea0\" data-element_type=\"section\">\n\t\t\t\t\t\t<div class=\"elementor-container elementor-column-gap-default\">\n\t\t\t\t\t<div class=\"elementor-column elementor-col-50 elementor-inner-column elementor-element elementor-element-a5c31cf\" data-id=\"a5c31cf\" data-element_type=\"column\">\n\t\t\t<div class=\"elementor-widget-wrap elementor-element-populated\">\n\t\t\t\t\t\t<div class=\"elementor-element elementor-element-88efd13 elementor-widget elementor-widget-heading\" data-id=\"88efd13\" data-element_type=\"widget\" data-widget_type=\"heading.default\">\n\t\t\t\t<div class=\"elementor-widget-container\">\n\t\t\t<h3 class=\"elementor-heading-title elementor-size-default\">SABIDUR\u00cdA ANCESTRAL<\/h3>\t\t<\/div>\n\t\t\t\t<\/div>\n\t\t\t\t<div class=\"elementor-element elementor-element-d4da46a elementor-widget elementor-widget-text-editor\" data-id=\"d4da46a\" data-element_type=\"widget\" data-widget_type=\"text-editor.default\">\n\t\t\t\t<div class=\"elementor-widget-container\">\n\t\t\t\t\t\t\t<h5 data-start=\"103\" data-end=\"131\"><span style=\"font-size: 14px\">Sum\u00e9rgete en <\/span><strong style=\"font-size: 14px\" data-start=\"146\" data-end=\"169\">SABIDUR\u00cdA ANCESTRAL<\/strong><span style=\"font-size: 14px\">, una fragancia profunda y envolvente que conecta con la introspecci\u00f3n, la concentraci\u00f3n y la conexi\u00f3n con la sabidur\u00eda interior. Ideal para momentos de meditaci\u00f3n, estudio o rituales de enfoque y claridad.<\/span><\/h5><h3 data-start=\"379\" data-end=\"407\"><strong data-start=\"383\" data-end=\"405\">Pir\u00e1mide olfativa:<\/strong><\/h3><ul data-start=\"408\" data-end=\"551\"><li data-start=\"408\" data-end=\"456\"><p data-start=\"410\" data-end=\"456\"><strong data-start=\"410\" data-end=\"431\">Notas de salida:<\/strong> S\u00e1ndalo, Papiro, Cuero<\/p><\/li><li data-start=\"457\" data-end=\"516\"><p data-start=\"459\" data-end=\"516\"><strong data-start=\"459\" data-end=\"476\">Notas medias:<\/strong> Cedro de Virginia, Cardamomo, Violeta<\/p><\/li><li data-start=\"517\" data-end=\"551\"><p data-start=\"519\" data-end=\"551\"><strong data-start=\"519\" data-end=\"537\">Notas de base:<\/strong> Iris, \u00c1mbar<\/p><\/li><\/ul><h3 data-start=\"553\" data-end=\"584\"><strong data-start=\"557\" data-end=\"582\">Formatos disponibles:<\/strong><\/h3><p data-start=\"586\" data-end=\"597\"><strong data-start=\"586\" data-end=\"595\">Velas<\/strong><\/p><ul data-start=\"598\" data-end=\"867\"><li data-start=\"598\" data-end=\"627\"><p data-start=\"600\" data-end=\"627\">Cera de coco 100% natural<\/p><\/li><li data-start=\"628\" data-end=\"694\"><p data-start=\"630\" data-end=\"694\">Mecha de algod\u00f3n: llama limpia, silenciosa y sin humo excesivo<\/p><\/li><li data-start=\"695\" data-end=\"772\"><p data-start=\"697\" data-end=\"772\">Eco-friendly: materiales sostenibles y responsables con el medio ambiente<\/p><\/li><li data-start=\"773\" data-end=\"867\"><p data-start=\"775\" data-end=\"789\"><strong data-start=\"775\" data-end=\"787\">Tama\u00f1os:<\/strong><\/p><ul data-start=\"792\" data-end=\"867\"><li data-start=\"792\" data-end=\"828\"><p data-start=\"794\" data-end=\"828\">160 ml \u2014 hasta 30 horas de quema<\/p><\/li><li data-start=\"831\" data-end=\"867\"><p data-start=\"833\" data-end=\"867\">500 ml \u2014 hasta 60 horas de quema<\/p><\/li><\/ul><\/li><\/ul><p data-start=\"869\" data-end=\"881\"><strong data-start=\"869\" data-end=\"879\">Mikado<\/strong><\/p><ul data-start=\"882\" data-end=\"1089\"><li data-start=\"882\" data-end=\"932\"><p data-start=\"884\" data-end=\"932\">Formato: 125 ml \u2014 incluye 10 varillas de 25 cm<\/p><\/li><li data-start=\"933\" data-end=\"1023\"><p data-start=\"935\" data-end=\"1023\">Fragancia intensa y duradera gracias a la alta concentraci\u00f3n de componentes arom\u00e1ticos<\/p><\/li><li data-start=\"1024\" data-end=\"1089\"><p data-start=\"1026\" data-end=\"1089\">Varillas de microfibra: difusi\u00f3n uniforme e intensa del aroma<\/p><\/li><\/ul>\t\t\t\t\t\t<\/div>\n\t\t\t\t<\/div>\n\t\t\t\t<div class=\"elementor-element elementor-element-0c4e2c2 elementor-widget elementor-widget-text-editor\" data-id=\"0c4e2c2\" data-element_type=\"widget\" data-widget_type=\"text-editor.default\">\n\t\t\t\t<div class=\"elementor-widget-container\">\n\t\t\t\t\t\t\t<p>\u00a0<\/p><p><br style=\"font-weight: 400\" \/><br style=\"font-weight: 400\" \/><\/p>\t\t\t\t\t\t<\/div>\n\t\t\t\t<\/div>\n\t\t\t\t\t<\/div>\n\t\t<\/div>\n\t\t\t\t<div class=\"elementor-column elementor-col-50 elementor-inner-column elementor-element elementor-element-a967996\" data-id=\"a967996\" data-element_type=\"column\">\n\t\t\t<div class=\"elementor-widget-wrap elementor-element-populated\">\n\t\t\t\t\t\t<div class=\"elementor-element elementor-element-38791ca elementor-widget elementor-widget-image\" data-id=\"38791ca\" data-element_type=\"widget\" data-widget_type=\"image.default\">\n\t\t\t\t<div class=\"elementor-widget-container\">\n\t\t\t\t\t\t\t\t\t\t\t\t\t<img fetchpriority=\"high\" decoding=\"async\" width=\"675\" height=\"1200\" src=\"https:\/\/gayaessence.com\/wp-content\/uploads\/2025\/10\/d3a34617-c110-4bca-a895-d27b57dc7d73-675x1200.jpg\" class=\"attachment-large size-large wp-image-4708\" alt=\"\" srcset=\"https:\/\/gayaessence.com\/wp-content\/uploads\/2025\/10\/d3a34617-c110-4bca-a895-d27b57dc7d73-675x1200.jpg 675w, https:\/\/gayaessence.com\/wp-content\/uploads\/2025\/10\/d3a34617-c110-4bca-a895-d27b57dc7d73-281x500.jpg 281w, https:\/\/gayaessence.com\/wp-content\/uploads\/2025\/10\/d3a34617-c110-4bca-a895-d27b57dc7d73-169x300.jpg 169w, https:\/\/gayaessence.com\/wp-content\/uploads\/2025\/10\/d3a34617-c110-4bca-a895-d27b57dc7d73-768x1365.jpg 768w, https:\/\/gayaessence.com\/wp-content\/uploads\/2025\/10\/d3a34617-c110-4bca-a895-d27b57dc7d73-864x1536.jpg 864w, https:\/\/gayaessence.com\/wp-content\/uploads\/2025\/10\/d3a34617-c110-4bca-a895-d27b57dc7d73-1152x2048.jpg 1152w, https:\/\/gayaessence.com\/wp-content\/uploads\/2025\/10\/d3a34617-c110-4bca-a895-d27b57dc7d73-42x75.jpg 42w, https:\/\/gayaessence.com\/wp-content\/uploads\/2025\/10\/d3a34617-c110-4bca-a895-d27b57dc7d73-scaled.jpg 1440w\" sizes=\"(max-width:767px) 480px, 675px\" \/>\t\t\t\t\t\t\t\t\t\t\t\t\t<\/div>\n\t\t\t\t<\/div>\n\t\t\t\t\t<\/div>\n\t\t<\/div>\n\t\t\t\t\t<\/div>\n\t\t<\/section>\n\t\t\t\t\t<\/div>\n\t\t<\/div>\n\t\t\t\t\t<\/div>\n\t\t<\/section>\n\t\t\t\t<\/div>\n\t\t","protected":false},"excerpt":{"rendered":"<p>SABIDUR\u00cdA ANCESTRAL Sum\u00e9rgete en SABIDUR\u00cdA ANCESTRAL, una fragancia profunda y envolvente que conecta con la introspecci\u00f3n, la concentraci\u00f3n y la conexi\u00f3n con la sabidur\u00eda interior. Ideal<span class=\"excerpt-hellip\"> [\u2026]<\/span><\/p>\n","protected":false},"featured_media":4709,"template":"","meta":[],"product_brand":[],"product_cat":[228],"product_tag":[],"class_list":{"0":"post-4652","1":"product","2":"type-product","3":"status-publish","4":"has-post-thumbnail","6":"product_cat-velas-aromaticas","8":"first","9":"instock","10":"shipping-taxable","11":"purchasable","12":"product-type-variable"},"yoast_head":"<!-- This site is optimized with the Yoast SEO plugin v23.9 - https:\/\/yoast.com\/wordpress\/plugins\/seo\/ -->\n<title>SABIDUR\u00cdA ANCESTRAL - Gaya Essence<\/title>\n<meta name=\"robots\" content=\"index, follow, max-snippet:-1, max-image-preview:large, max-video-preview:-1\" \/>\n<link rel=\"canonical\" href=\"https:\/\/gayaessence.com\/index.php\/producto\/sabiduria-ancestral\/\" \/>\n<meta property=\"og:locale\" content=\"es_ES\" \/>\n<meta property=\"og:type\" content=\"article\" \/>\n<meta property=\"og:title\" content=\"SABIDUR\u00cdA ANCESTRAL - Gaya Essence\" \/>\n<meta property=\"og:description\" content=\"SABIDUR\u00cdA ANCESTRAL Sum\u00e9rgete en SABIDUR\u00cdA ANCESTRAL, una fragancia profunda y envolvente que conecta con la introspecci\u00f3n, la concentraci\u00f3n y la conexi\u00f3n con la sabidur\u00eda interior. Ideal [\u2026]\" \/>\n<meta property=\"og:url\" content=\"https:\/\/gayaessence.com\/index.php\/producto\/sabiduria-ancestral\/\" \/>\n<meta property=\"og:site_name\" content=\"Gaya Essence\" \/>\n<meta property=\"article:modified_time\" content=\"2026-01-21T17:50:41+00:00\" \/>\n<meta property=\"og:image\" content=\"https:\/\/gayaessence.com\/wp-content\/uploads\/2025\/10\/d3a34617-c110-4bca-a895-d27b57dc7d73-1-scaled.jpg\" \/>\n\t<meta property=\"og:image:width\" content=\"1440\" \/>\n\t<meta property=\"og:image:height\" content=\"2560\" \/>\n\t<meta property=\"og:image:type\" content=\"image\/jpeg\" \/>\n<meta name=\"twitter:card\" content=\"summary_large_image\" \/>\n<meta name=\"twitter:label1\" content=\"Tiempo de lectura\" \/>\n\t<meta name=\"twitter:data1\" content=\"1 minuto\" \/>\n<script type=\"application\/ld+json\" class=\"yoast-schema-graph\">{\"@context\":\"https:\/\/schema.org\",\"@graph\":[{\"@type\":\"WebPage\",\"@id\":\"https:\/\/gayaessence.com\/index.php\/producto\/sabiduria-ancestral\/\",\"url\":\"https:\/\/gayaessence.com\/index.php\/producto\/sabiduria-ancestral\/\",\"name\":\"SABIDUR\u00cdA ANCESTRAL - Gaya Essence\",\"isPartOf\":{\"@id\":\"https:\/\/gayaessence.com\/#website\"},\"primaryImageOfPage\":{\"@id\":\"https:\/\/gayaessence.com\/index.php\/producto\/sabiduria-ancestral\/#primaryimage\"},\"image\":{\"@id\":\"https:\/\/gayaessence.com\/index.php\/producto\/sabiduria-ancestral\/#primaryimage\"},\"thumbnailUrl\":\"https:\/\/gayaessence.com\/wp-content\/uploads\/2025\/10\/d3a34617-c110-4bca-a895-d27b57dc7d73-1-scaled.jpg\",\"datePublished\":\"2025-10-14T21:33:00+00:00\",\"dateModified\":\"2026-01-21T17:50:41+00:00\",\"breadcrumb\":{\"@id\":\"https:\/\/gayaessence.com\/index.php\/producto\/sabiduria-ancestral\/#breadcrumb\"},\"inLanguage\":\"es\",\"potentialAction\":[{\"@type\":\"ReadAction\",\"target\":[\"https:\/\/gayaessence.com\/index.php\/producto\/sabiduria-ancestral\/\"]}]},{\"@type\":\"ImageObject\",\"inLanguage\":\"es\",\"@id\":\"https:\/\/gayaessence.com\/index.php\/producto\/sabiduria-ancestral\/#primaryimage\",\"url\":\"https:\/\/gayaessence.com\/wp-content\/uploads\/2025\/10\/d3a34617-c110-4bca-a895-d27b57dc7d73-1-scaled.jpg\",\"contentUrl\":\"https:\/\/gayaessence.com\/wp-content\/uploads\/2025\/10\/d3a34617-c110-4bca-a895-d27b57dc7d73-1-scaled.jpg\",\"width\":1440,\"height\":2560},{\"@type\":\"BreadcrumbList\",\"@id\":\"https:\/\/gayaessence.com\/index.php\/producto\/sabiduria-ancestral\/#breadcrumb\",\"itemListElement\":[{\"@type\":\"ListItem\",\"position\":1,\"name\":\"Portada\",\"item\":\"https:\/\/gayaessence.com\/\"},{\"@type\":\"ListItem\",\"position\":2,\"name\":\"Tienda\",\"item\":\"https:\/\/gayaessence.com\/index.php\/shop\/\"},{\"@type\":\"ListItem\",\"position\":3,\"name\":\"SABIDUR\u00cdA ANCESTRAL\"}]},{\"@type\":\"WebSite\",\"@id\":\"https:\/\/gayaessence.com\/#website\",\"url\":\"https:\/\/gayaessence.com\/\",\"name\":\"Gaya Essence\",\"description\":\"Cuida, Protege y Eleva tu Vibraci\u00f3n\",\"publisher\":{\"@id\":\"https:\/\/gayaessence.com\/#organization\"},\"potentialAction\":[{\"@type\":\"SearchAction\",\"target\":{\"@type\":\"EntryPoint\",\"urlTemplate\":\"https:\/\/gayaessence.com\/?s={search_term_string}\"},\"query-input\":{\"@type\":\"PropertyValueSpecification\",\"valueRequired\":true,\"valueName\":\"search_term_string\"}}],\"inLanguage\":\"es\"},{\"@type\":\"Organization\",\"@id\":\"https:\/\/gayaessence.com\/#organization\",\"name\":\"Gaya Essence\",\"url\":\"https:\/\/gayaessence.com\/\",\"logo\":{\"@type\":\"ImageObject\",\"inLanguage\":\"es\",\"@id\":\"https:\/\/gayaessence.com\/#\/schema\/logo\/image\/\",\"url\":\"https:\/\/gayaessence.com\/wp-content\/uploads\/2024\/10\/cropped-logo-transp-1.png\",\"contentUrl\":\"https:\/\/gayaessence.com\/wp-content\/uploads\/2024\/10\/cropped-logo-transp-1.png\",\"width\":500,\"height\":196,\"caption\":\"Gaya Essence\"},\"image\":{\"@id\":\"https:\/\/gayaessence.com\/#\/schema\/logo\/image\/\"}}]}<\/script>\n<!-- \/ Yoast SEO plugin. -->","yoast_head_json":{"title":"SABIDUR\u00cdA ANCESTRAL - Gaya Essence","robots":{"index":"index","follow":"follow","max-snippet":"max-snippet:-1","max-image-preview":"max-image-preview:large","max-video-preview":"max-video-preview:-1"},"canonical":"https:\/\/gayaessence.com\/index.php\/producto\/sabiduria-ancestral\/","og_locale":"es_ES","og_type":"article","og_title":"SABIDUR\u00cdA ANCESTRAL - Gaya Essence","og_description":"SABIDUR\u00cdA ANCESTRAL Sum\u00e9rgete en SABIDUR\u00cdA ANCESTRAL, una fragancia profunda y envolvente que conecta con la introspecci\u00f3n, la concentraci\u00f3n y la conexi\u00f3n con la sabidur\u00eda interior. Ideal [\u2026]","og_url":"https:\/\/gayaessence.com\/index.php\/producto\/sabiduria-ancestral\/","og_site_name":"Gaya Essence","article_modified_time":"2026-01-21T17:50:41+00:00","og_image":[{"width":1440,"height":2560,"url":"https:\/\/gayaessence.com\/wp-content\/uploads\/2025\/10\/d3a34617-c110-4bca-a895-d27b57dc7d73-1-scaled.jpg","type":"image\/jpeg"}],"twitter_card":"summary_large_image","twitter_misc":{"Tiempo de lectura":"1 minuto"},"schema":{"@context":"https:\/\/schema.org","@graph":[{"@type":"WebPage","@id":"https:\/\/gayaessence.com\/index.php\/producto\/sabiduria-ancestral\/","url":"https:\/\/gayaessence.com\/index.php\/producto\/sabiduria-ancestral\/","name":"SABIDUR\u00cdA ANCESTRAL - Gaya Essence","isPartOf":{"@id":"https:\/\/gayaessence.com\/#website"},"primaryImageOfPage":{"@id":"https:\/\/gayaessence.com\/index.php\/producto\/sabiduria-ancestral\/#primaryimage"},"image":{"@id":"https:\/\/gayaessence.com\/index.php\/producto\/sabiduria-ancestral\/#primaryimage"},"thumbnailUrl":"https:\/\/gayaessence.com\/wp-content\/uploads\/2025\/10\/d3a34617-c110-4bca-a895-d27b57dc7d73-1-scaled.jpg","datePublished":"2025-10-14T21:33:00+00:00","dateModified":"2026-01-21T17:50:41+00:00","breadcrumb":{"@id":"https:\/\/gayaessence.com\/index.php\/producto\/sabiduria-ancestral\/#breadcrumb"},"inLanguage":"es","potentialAction":[{"@type":"ReadAction","target":["https:\/\/gayaessence.com\/index.php\/producto\/sabiduria-ancestral\/"]}]},{"@type":"ImageObject","inLanguage":"es","@id":"https:\/\/gayaessence.com\/index.php\/producto\/sabiduria-ancestral\/#primaryimage","url":"https:\/\/gayaessence.com\/wp-content\/uploads\/2025\/10\/d3a34617-c110-4bca-a895-d27b57dc7d73-1-scaled.jpg","contentUrl":"https:\/\/gayaessence.com\/wp-content\/uploads\/2025\/10\/d3a34617-c110-4bca-a895-d27b57dc7d73-1-scaled.jpg","width":1440,"height":2560},{"@type":"BreadcrumbList","@id":"https:\/\/gayaessence.com\/index.php\/producto\/sabiduria-ancestral\/#breadcrumb","itemListElement":[{"@type":"ListItem","position":1,"name":"Portada","item":"https:\/\/gayaessence.com\/"},{"@type":"ListItem","position":2,"name":"Tienda","item":"https:\/\/gayaessence.com\/index.php\/shop\/"},{"@type":"ListItem","position":3,"name":"SABIDUR\u00cdA ANCESTRAL"}]},{"@type":"WebSite","@id":"https:\/\/gayaessence.com\/#website","url":"https:\/\/gayaessence.com\/","name":"Gaya Essence","description":"Cuida, Protege y Eleva tu Vibraci\u00f3n","publisher":{"@id":"https:\/\/gayaessence.com\/#organization"},"potentialAction":[{"@type":"SearchAction","target":{"@type":"EntryPoint","urlTemplate":"https:\/\/gayaessence.com\/?s={search_term_string}"},"query-input":{"@type":"PropertyValueSpecification","valueRequired":true,"valueName":"search_term_string"}}],"inLanguage":"es"},{"@type":"Organization","@id":"https:\/\/gayaessence.com\/#organization","name":"Gaya Essence","url":"https:\/\/gayaessence.com\/","logo":{"@type":"ImageObject","inLanguage":"es","@id":"https:\/\/gayaessence.com\/#\/schema\/logo\/image\/","url":"https:\/\/gayaessence.com\/wp-content\/uploads\/2024\/10\/cropped-logo-transp-1.png","contentUrl":"https:\/\/gayaessence.com\/wp-content\/uploads\/2024\/10\/cropped-logo-transp-1.png","width":500,"height":196,"caption":"Gaya Essence"},"image":{"@id":"https:\/\/gayaessence.com\/#\/schema\/logo\/image\/"}}]}},"jetpack_sharing_enabled":true,"_links":{"self":[{"href":"https:\/\/gayaessence.com\/index.php\/wp-json\/wp\/v2\/product\/4652","targetHints":{"allow":["GET"]}}],"collection":[{"href":"https:\/\/gayaessence.com\/index.php\/wp-json\/wp\/v2\/product"}],"about":[{"href":"https:\/\/gayaessence.com\/index.php\/wp-json\/wp\/v2\/types\/product"}],"version-history":[{"count":9,"href":"https:\/\/gayaessence.com\/index.php\/wp-json\/wp\/v2\/product\/4652\/revisions"}],"predecessor-version":[{"id":4854,"href":"https:\/\/gayaessence.com\/index.php\/wp-json\/wp\/v2\/product\/4652\/revisions\/4854"}],"wp:featuredmedia":[{"embeddable":true,"href":"https:\/\/gayaessence.com\/index.php\/wp-json\/wp\/v2\/media\/4709"}],"wp:attachment":[{"href":"https:\/\/gayaessence.com\/index.php\/wp-json\/wp\/v2\/media?parent=4652"}],"wp:term":[{"taxonomy":"product_brand","embeddable":true,"href":"https:\/\/gayaessence.com\/index.php\/wp-json\/wp\/v2\/product_brand?post=4652"},{"taxonomy":"product_cat","embeddable":true,"href":"https:\/\/gayaessence.com\/index.php\/wp-json\/wp\/v2\/product_cat?post=4652"},{"taxonomy":"product_tag","embeddable":true,"href":"https:\/\/gayaessence.com\/index.php\/wp-json\/wp\/v2\/product_tag?post=4652"}],"curies":[{"name":"wp","href":"https:\/\/api.w.org\/{rel}","templated":true}]}}