{"id":4643,"date":"2025-10-14T21:30:53","date_gmt":"2025-10-14T21:30:53","guid":{"rendered":"https:\/\/gayaessence.com\/?post_type=product&#038;p=4643"},"modified":"2026-01-21T18:14:38","modified_gmt":"2026-01-21T18:14:38","slug":"armonia","status":"publish","type":"product","link":"https:\/\/gayaessence.com\/index.php\/producto\/armonia\/","title":{"rendered":"ARMON\u00cdA"},"content":{"rendered":"\t\t<div data-elementor-type=\"wp-post\" data-elementor-id=\"4643\" class=\"elementor elementor-4643\">\n\t\t\t\t\t\t<section class=\"elementor-section elementor-top-section elementor-element elementor-element-ba79a43 elementor-section-boxed elementor-section-height-default elementor-section-height-default\" data-id=\"ba79a43\" data-element_type=\"section\">\n\t\t\t\t\t\t<div class=\"elementor-container elementor-column-gap-default\">\n\t\t\t\t\t<div class=\"elementor-column elementor-col-100 elementor-top-column elementor-element elementor-element-183df69\" data-id=\"183df69\" data-element_type=\"column\">\n\t\t\t<div class=\"elementor-widget-wrap elementor-element-populated\">\n\t\t\t\t\t\t<section class=\"elementor-section elementor-inner-section elementor-element elementor-element-f5dfea0 elementor-section-boxed elementor-section-height-default elementor-section-height-default\" data-id=\"f5dfea0\" data-element_type=\"section\">\n\t\t\t\t\t\t<div class=\"elementor-container elementor-column-gap-default\">\n\t\t\t\t\t<div class=\"elementor-column elementor-col-50 elementor-inner-column elementor-element elementor-element-a5c31cf\" data-id=\"a5c31cf\" data-element_type=\"column\">\n\t\t\t<div class=\"elementor-widget-wrap elementor-element-populated\">\n\t\t\t\t\t\t<div class=\"elementor-element elementor-element-88efd13 elementor-widget elementor-widget-heading\" data-id=\"88efd13\" data-element_type=\"widget\" data-widget_type=\"heading.default\">\n\t\t\t\t<div class=\"elementor-widget-container\">\n\t\t\t<h3 class=\"elementor-heading-title elementor-size-default\">ARMON\u00cdA<\/h3>\t\t<\/div>\n\t\t\t\t<\/div>\n\t\t\t\t<div class=\"elementor-element elementor-element-d4da46a elementor-widget elementor-widget-text-editor\" data-id=\"d4da46a\" data-element_type=\"widget\" data-widget_type=\"text-editor.default\">\n\t\t\t\t<div class=\"elementor-widget-container\">\n\t\t\t\t\t\t\t<p data-start=\"178\" data-end=\"444\">Sum\u00e9rgete en <strong data-start=\"191\" data-end=\"202\">ARMON\u00cdA<\/strong>, una fragancia que equilibra y revitaliza tus sentidos. Su aroma c\u00e1lido, floral y especiado crea un ambiente de serenidad y bienestar, ideal para momentos de introspecci\u00f3n, rituales de meditaci\u00f3n o para llenar tu hogar de energ\u00eda positiva.<\/p><h3 data-start=\"446\" data-end=\"474\"><strong data-start=\"450\" data-end=\"472\">Pir\u00e1mide olfativa:<\/strong><\/h3><ul data-start=\"475\" data-end=\"758\"><li data-start=\"475\" data-end=\"533\"><p data-start=\"477\" data-end=\"533\"><strong data-start=\"477\" data-end=\"498\">Notas de salida:<\/strong> Almendra, Caf\u00e9, Bergamota, Lim\u00f3n<\/p><\/li><li data-start=\"534\" data-end=\"616\"><p data-start=\"536\" data-end=\"616\"><strong data-start=\"536\" data-end=\"553\">Notas medias:<\/strong> Jazm\u00edn sambac, Tuberosa, Iris, Rosa b\u00falgara, Flor de naranjo<\/p><\/li><li data-start=\"617\" data-end=\"758\"><p data-start=\"619\" data-end=\"758\"><strong data-start=\"619\" data-end=\"637\">Notas de base:<\/strong> Habas de tonka, Cacao, S\u00e1ndalo, Vainilla, Pralin\u00e9, Canela, Cedro blanco, Madera de cachemira, Pachul\u00ed, \u00c1mbar, Almizcle<\/p><\/li><\/ul><h3 data-start=\"760\" data-end=\"791\"><strong data-start=\"764\" data-end=\"789\">Formatos disponibles:<\/strong><\/h3><p data-start=\"793\" data-end=\"804\"><strong data-start=\"793\" data-end=\"802\">Velas<\/strong><\/p><ul data-start=\"805\" data-end=\"1074\"><li data-start=\"805\" data-end=\"834\"><p data-start=\"807\" data-end=\"834\">Cera de coco 100% natural<\/p><\/li><li data-start=\"835\" data-end=\"901\"><p data-start=\"837\" data-end=\"901\">Mecha de algod\u00f3n: llama limpia, silenciosa y sin humo excesivo<\/p><\/li><li data-start=\"902\" data-end=\"979\"><p data-start=\"904\" data-end=\"979\">Eco-friendly: materiales sostenibles y responsables con el medio ambiente<\/p><\/li><li data-start=\"980\" data-end=\"1074\"><p data-start=\"982\" data-end=\"996\"><strong data-start=\"982\" data-end=\"994\">Tama\u00f1os:<\/strong><\/p><ul data-start=\"999\" data-end=\"1074\"><li data-start=\"999\" data-end=\"1035\"><p data-start=\"1001\" data-end=\"1035\">160 ml \u2014 hasta 30 horas de quema<\/p><\/li><li data-start=\"1038\" data-end=\"1074\"><p data-start=\"1040\" data-end=\"1074\">500 ml \u2014 hasta 60 horas de quema<\/p><\/li><\/ul><\/li><\/ul><p data-start=\"1076\" data-end=\"1088\"><strong data-start=\"1076\" data-end=\"1086\">Mikado<\/strong><\/p><ul data-start=\"1089\" data-end=\"1296\"><li data-start=\"1089\" data-end=\"1139\"><p data-start=\"1091\" data-end=\"1139\">Formato: 125 ml \u2014 incluye 10 varillas de 25 cm<\/p><\/li><li data-start=\"1140\" data-end=\"1230\"><p data-start=\"1142\" data-end=\"1230\">Fragancia intensa y duradera gracias a la alta concentraci\u00f3n de componentes arom\u00e1ticos<\/p><\/li><li data-start=\"1231\" data-end=\"1296\"><p data-start=\"1233\" data-end=\"1296\">Varillas de microfibra: difusi\u00f3n uniforme e intensa del aroma<\/p><\/li><\/ul><p data-start=\"1298\" data-end=\"1309\"><strong data-start=\"1298\" data-end=\"1307\">Bruma<\/strong><\/p><ul data-start=\"1310\" data-end=\"1488\"><li data-start=\"1310\" data-end=\"1328\"><p data-start=\"1312\" data-end=\"1328\">Formato: 50 ml<\/p><\/li><li data-start=\"1329\" data-end=\"1371\"><p data-start=\"1331\" data-end=\"1371\">Perfume ambiental ligero y refrescante<\/p><\/li><li data-start=\"1372\" data-end=\"1488\"><p data-start=\"1374\" data-end=\"1488\">Ideal para rociar en el hogar, ropa de cama o espacios personales, creando una atm\u00f3sfera de equilibrio y armon\u00eda<\/p><\/li><\/ul>\t\t\t\t\t\t<\/div>\n\t\t\t\t<\/div>\n\t\t\t\t<div class=\"elementor-element elementor-element-0c4e2c2 elementor-widget elementor-widget-text-editor\" data-id=\"0c4e2c2\" data-element_type=\"widget\" data-widget_type=\"text-editor.default\">\n\t\t\t\t<div class=\"elementor-widget-container\">\n\t\t\t\t\t\t\t<p>\u00a0<\/p><p><br style=\"font-weight: 400\" \/><br style=\"font-weight: 400\" \/><\/p>\t\t\t\t\t\t<\/div>\n\t\t\t\t<\/div>\n\t\t\t\t\t<\/div>\n\t\t<\/div>\n\t\t\t\t<div class=\"elementor-column elementor-col-50 elementor-inner-column elementor-element elementor-element-a967996\" data-id=\"a967996\" data-element_type=\"column\">\n\t\t\t<div class=\"elementor-widget-wrap elementor-element-populated\">\n\t\t\t\t\t\t<div class=\"elementor-element elementor-element-38791ca elementor-widget elementor-widget-image\" data-id=\"38791ca\" data-element_type=\"widget\" data-widget_type=\"image.default\">\n\t\t\t\t<div class=\"elementor-widget-container\">\n\t\t\t\t\t\t\t\t\t\t\t\t\t<img fetchpriority=\"high\" decoding=\"async\" width=\"675\" height=\"1200\" src=\"https:\/\/gayaessence.com\/wp-content\/uploads\/2025\/10\/d35658f9-e5b9-4c08-979e-8a26f8bb3623-1-675x1200.jpg\" class=\"attachment-large size-large wp-image-4711\" alt=\"\" srcset=\"https:\/\/gayaessence.com\/wp-content\/uploads\/2025\/10\/d35658f9-e5b9-4c08-979e-8a26f8bb3623-1-675x1200.jpg 675w, https:\/\/gayaessence.com\/wp-content\/uploads\/2025\/10\/d35658f9-e5b9-4c08-979e-8a26f8bb3623-1-281x500.jpg 281w, https:\/\/gayaessence.com\/wp-content\/uploads\/2025\/10\/d35658f9-e5b9-4c08-979e-8a26f8bb3623-1-169x300.jpg 169w, https:\/\/gayaessence.com\/wp-content\/uploads\/2025\/10\/d35658f9-e5b9-4c08-979e-8a26f8bb3623-1-768x1365.jpg 768w, https:\/\/gayaessence.com\/wp-content\/uploads\/2025\/10\/d35658f9-e5b9-4c08-979e-8a26f8bb3623-1-864x1536.jpg 864w, https:\/\/gayaessence.com\/wp-content\/uploads\/2025\/10\/d35658f9-e5b9-4c08-979e-8a26f8bb3623-1-1152x2048.jpg 1152w, https:\/\/gayaessence.com\/wp-content\/uploads\/2025\/10\/d35658f9-e5b9-4c08-979e-8a26f8bb3623-1-42x75.jpg 42w, https:\/\/gayaessence.com\/wp-content\/uploads\/2025\/10\/d35658f9-e5b9-4c08-979e-8a26f8bb3623-1-480x853.jpg 480w, https:\/\/gayaessence.com\/wp-content\/uploads\/2025\/10\/d35658f9-e5b9-4c08-979e-8a26f8bb3623-1-800x1422.jpg 800w, https:\/\/gayaessence.com\/wp-content\/uploads\/2025\/10\/d35658f9-e5b9-4c08-979e-8a26f8bb3623-1-scaled.jpg 1440w\" sizes=\"(max-width:767px) 480px, 675px\" \/>\t\t\t\t\t\t\t\t\t\t\t\t\t<\/div>\n\t\t\t\t<\/div>\n\t\t\t\t\t<\/div>\n\t\t<\/div>\n\t\t\t\t\t<\/div>\n\t\t<\/section>\n\t\t\t\t\t<\/div>\n\t\t<\/div>\n\t\t\t\t\t<\/div>\n\t\t<\/section>\n\t\t\t\t<\/div>\n\t\t","protected":false},"excerpt":{"rendered":"<p>ARMON\u00cdA Sum\u00e9rgete en ARMON\u00cdA, una fragancia que equilibra y revitaliza tus sentidos. Su aroma c\u00e1lido, floral y especiado crea un ambiente de serenidad y bienestar, ideal<span class=\"excerpt-hellip\"> [\u2026]<\/span><\/p>\n","protected":false},"featured_media":4711,"template":"","meta":[],"product_brand":[],"product_cat":[228],"product_tag":[],"class_list":{"0":"post-4643","1":"product","2":"type-product","3":"status-publish","4":"has-post-thumbnail","6":"product_cat-velas-aromaticas","8":"first","9":"instock","10":"shipping-taxable","11":"purchasable","12":"product-type-variable"},"yoast_head":"<!-- This site is optimized with the Yoast SEO plugin v23.9 - https:\/\/yoast.com\/wordpress\/plugins\/seo\/ -->\n<title>ARMON\u00cdA - Gaya Essence<\/title>\n<meta name=\"robots\" content=\"index, follow, max-snippet:-1, max-image-preview:large, max-video-preview:-1\" \/>\n<link rel=\"canonical\" href=\"https:\/\/gayaessence.com\/index.php\/producto\/armonia\/\" \/>\n<meta property=\"og:locale\" content=\"es_ES\" \/>\n<meta property=\"og:type\" content=\"article\" \/>\n<meta property=\"og:title\" content=\"ARMON\u00cdA - Gaya Essence\" \/>\n<meta property=\"og:description\" content=\"ARMON\u00cdA Sum\u00e9rgete en ARMON\u00cdA, una fragancia que equilibra y revitaliza tus sentidos. Su aroma c\u00e1lido, floral y especiado crea un ambiente de serenidad y bienestar, ideal [\u2026]\" \/>\n<meta property=\"og:url\" content=\"https:\/\/gayaessence.com\/index.php\/producto\/armonia\/\" \/>\n<meta property=\"og:site_name\" content=\"Gaya Essence\" \/>\n<meta property=\"article:modified_time\" content=\"2026-01-21T18:14:38+00:00\" \/>\n<meta property=\"og:image\" content=\"https:\/\/gayaessence.com\/wp-content\/uploads\/2025\/10\/d35658f9-e5b9-4c08-979e-8a26f8bb3623-1-scaled.jpg\" \/>\n\t<meta property=\"og:image:width\" content=\"1440\" \/>\n\t<meta property=\"og:image:height\" content=\"2560\" \/>\n\t<meta property=\"og:image:type\" content=\"image\/jpeg\" \/>\n<meta name=\"twitter:card\" content=\"summary_large_image\" \/>\n<meta name=\"twitter:label1\" content=\"Tiempo de lectura\" \/>\n\t<meta name=\"twitter:data1\" content=\"2 minutos\" \/>\n<script type=\"application\/ld+json\" class=\"yoast-schema-graph\">{\"@context\":\"https:\/\/schema.org\",\"@graph\":[{\"@type\":\"WebPage\",\"@id\":\"https:\/\/gayaessence.com\/index.php\/producto\/armonia\/\",\"url\":\"https:\/\/gayaessence.com\/index.php\/producto\/armonia\/\",\"name\":\"ARMON\u00cdA - Gaya Essence\",\"isPartOf\":{\"@id\":\"https:\/\/gayaessence.com\/#website\"},\"primaryImageOfPage\":{\"@id\":\"https:\/\/gayaessence.com\/index.php\/producto\/armonia\/#primaryimage\"},\"image\":{\"@id\":\"https:\/\/gayaessence.com\/index.php\/producto\/armonia\/#primaryimage\"},\"thumbnailUrl\":\"https:\/\/gayaessence.com\/wp-content\/uploads\/2025\/10\/d35658f9-e5b9-4c08-979e-8a26f8bb3623-1-scaled.jpg\",\"datePublished\":\"2025-10-14T21:30:53+00:00\",\"dateModified\":\"2026-01-21T18:14:38+00:00\",\"breadcrumb\":{\"@id\":\"https:\/\/gayaessence.com\/index.php\/producto\/armonia\/#breadcrumb\"},\"inLanguage\":\"es\",\"potentialAction\":[{\"@type\":\"ReadAction\",\"target\":[\"https:\/\/gayaessence.com\/index.php\/producto\/armonia\/\"]}]},{\"@type\":\"ImageObject\",\"inLanguage\":\"es\",\"@id\":\"https:\/\/gayaessence.com\/index.php\/producto\/armonia\/#primaryimage\",\"url\":\"https:\/\/gayaessence.com\/wp-content\/uploads\/2025\/10\/d35658f9-e5b9-4c08-979e-8a26f8bb3623-1-scaled.jpg\",\"contentUrl\":\"https:\/\/gayaessence.com\/wp-content\/uploads\/2025\/10\/d35658f9-e5b9-4c08-979e-8a26f8bb3623-1-scaled.jpg\",\"width\":1440,\"height\":2560},{\"@type\":\"BreadcrumbList\",\"@id\":\"https:\/\/gayaessence.com\/index.php\/producto\/armonia\/#breadcrumb\",\"itemListElement\":[{\"@type\":\"ListItem\",\"position\":1,\"name\":\"Portada\",\"item\":\"https:\/\/gayaessence.com\/\"},{\"@type\":\"ListItem\",\"position\":2,\"name\":\"Tienda\",\"item\":\"https:\/\/gayaessence.com\/index.php\/shop\/\"},{\"@type\":\"ListItem\",\"position\":3,\"name\":\"ARMON\u00cdA\"}]},{\"@type\":\"WebSite\",\"@id\":\"https:\/\/gayaessence.com\/#website\",\"url\":\"https:\/\/gayaessence.com\/\",\"name\":\"Gaya Essence\",\"description\":\"Cuida, Protege y Eleva tu Vibraci\u00f3n\",\"publisher\":{\"@id\":\"https:\/\/gayaessence.com\/#organization\"},\"potentialAction\":[{\"@type\":\"SearchAction\",\"target\":{\"@type\":\"EntryPoint\",\"urlTemplate\":\"https:\/\/gayaessence.com\/?s={search_term_string}\"},\"query-input\":{\"@type\":\"PropertyValueSpecification\",\"valueRequired\":true,\"valueName\":\"search_term_string\"}}],\"inLanguage\":\"es\"},{\"@type\":\"Organization\",\"@id\":\"https:\/\/gayaessence.com\/#organization\",\"name\":\"Gaya Essence\",\"url\":\"https:\/\/gayaessence.com\/\",\"logo\":{\"@type\":\"ImageObject\",\"inLanguage\":\"es\",\"@id\":\"https:\/\/gayaessence.com\/#\/schema\/logo\/image\/\",\"url\":\"https:\/\/gayaessence.com\/wp-content\/uploads\/2024\/10\/cropped-logo-transp-1.png\",\"contentUrl\":\"https:\/\/gayaessence.com\/wp-content\/uploads\/2024\/10\/cropped-logo-transp-1.png\",\"width\":500,\"height\":196,\"caption\":\"Gaya Essence\"},\"image\":{\"@id\":\"https:\/\/gayaessence.com\/#\/schema\/logo\/image\/\"}}]}<\/script>\n<!-- \/ Yoast SEO plugin. -->","yoast_head_json":{"title":"ARMON\u00cdA - Gaya Essence","robots":{"index":"index","follow":"follow","max-snippet":"max-snippet:-1","max-image-preview":"max-image-preview:large","max-video-preview":"max-video-preview:-1"},"canonical":"https:\/\/gayaessence.com\/index.php\/producto\/armonia\/","og_locale":"es_ES","og_type":"article","og_title":"ARMON\u00cdA - Gaya Essence","og_description":"ARMON\u00cdA Sum\u00e9rgete en ARMON\u00cdA, una fragancia que equilibra y revitaliza tus sentidos. Su aroma c\u00e1lido, floral y especiado crea un ambiente de serenidad y bienestar, ideal [\u2026]","og_url":"https:\/\/gayaessence.com\/index.php\/producto\/armonia\/","og_site_name":"Gaya Essence","article_modified_time":"2026-01-21T18:14:38+00:00","og_image":[{"width":1440,"height":2560,"url":"https:\/\/gayaessence.com\/wp-content\/uploads\/2025\/10\/d35658f9-e5b9-4c08-979e-8a26f8bb3623-1-scaled.jpg","type":"image\/jpeg"}],"twitter_card":"summary_large_image","twitter_misc":{"Tiempo de lectura":"2 minutos"},"schema":{"@context":"https:\/\/schema.org","@graph":[{"@type":"WebPage","@id":"https:\/\/gayaessence.com\/index.php\/producto\/armonia\/","url":"https:\/\/gayaessence.com\/index.php\/producto\/armonia\/","name":"ARMON\u00cdA - Gaya Essence","isPartOf":{"@id":"https:\/\/gayaessence.com\/#website"},"primaryImageOfPage":{"@id":"https:\/\/gayaessence.com\/index.php\/producto\/armonia\/#primaryimage"},"image":{"@id":"https:\/\/gayaessence.com\/index.php\/producto\/armonia\/#primaryimage"},"thumbnailUrl":"https:\/\/gayaessence.com\/wp-content\/uploads\/2025\/10\/d35658f9-e5b9-4c08-979e-8a26f8bb3623-1-scaled.jpg","datePublished":"2025-10-14T21:30:53+00:00","dateModified":"2026-01-21T18:14:38+00:00","breadcrumb":{"@id":"https:\/\/gayaessence.com\/index.php\/producto\/armonia\/#breadcrumb"},"inLanguage":"es","potentialAction":[{"@type":"ReadAction","target":["https:\/\/gayaessence.com\/index.php\/producto\/armonia\/"]}]},{"@type":"ImageObject","inLanguage":"es","@id":"https:\/\/gayaessence.com\/index.php\/producto\/armonia\/#primaryimage","url":"https:\/\/gayaessence.com\/wp-content\/uploads\/2025\/10\/d35658f9-e5b9-4c08-979e-8a26f8bb3623-1-scaled.jpg","contentUrl":"https:\/\/gayaessence.com\/wp-content\/uploads\/2025\/10\/d35658f9-e5b9-4c08-979e-8a26f8bb3623-1-scaled.jpg","width":1440,"height":2560},{"@type":"BreadcrumbList","@id":"https:\/\/gayaessence.com\/index.php\/producto\/armonia\/#breadcrumb","itemListElement":[{"@type":"ListItem","position":1,"name":"Portada","item":"https:\/\/gayaessence.com\/"},{"@type":"ListItem","position":2,"name":"Tienda","item":"https:\/\/gayaessence.com\/index.php\/shop\/"},{"@type":"ListItem","position":3,"name":"ARMON\u00cdA"}]},{"@type":"WebSite","@id":"https:\/\/gayaessence.com\/#website","url":"https:\/\/gayaessence.com\/","name":"Gaya Essence","description":"Cuida, Protege y Eleva tu Vibraci\u00f3n","publisher":{"@id":"https:\/\/gayaessence.com\/#organization"},"potentialAction":[{"@type":"SearchAction","target":{"@type":"EntryPoint","urlTemplate":"https:\/\/gayaessence.com\/?s={search_term_string}"},"query-input":{"@type":"PropertyValueSpecification","valueRequired":true,"valueName":"search_term_string"}}],"inLanguage":"es"},{"@type":"Organization","@id":"https:\/\/gayaessence.com\/#organization","name":"Gaya Essence","url":"https:\/\/gayaessence.com\/","logo":{"@type":"ImageObject","inLanguage":"es","@id":"https:\/\/gayaessence.com\/#\/schema\/logo\/image\/","url":"https:\/\/gayaessence.com\/wp-content\/uploads\/2024\/10\/cropped-logo-transp-1.png","contentUrl":"https:\/\/gayaessence.com\/wp-content\/uploads\/2024\/10\/cropped-logo-transp-1.png","width":500,"height":196,"caption":"Gaya Essence"},"image":{"@id":"https:\/\/gayaessence.com\/#\/schema\/logo\/image\/"}}]}},"jetpack_sharing_enabled":true,"_links":{"self":[{"href":"https:\/\/gayaessence.com\/index.php\/wp-json\/wp\/v2\/product\/4643","targetHints":{"allow":["GET"]}}],"collection":[{"href":"https:\/\/gayaessence.com\/index.php\/wp-json\/wp\/v2\/product"}],"about":[{"href":"https:\/\/gayaessence.com\/index.php\/wp-json\/wp\/v2\/types\/product"}],"version-history":[{"count":9,"href":"https:\/\/gayaessence.com\/index.php\/wp-json\/wp\/v2\/product\/4643\/revisions"}],"predecessor-version":[{"id":5153,"href":"https:\/\/gayaessence.com\/index.php\/wp-json\/wp\/v2\/product\/4643\/revisions\/5153"}],"wp:featuredmedia":[{"embeddable":true,"href":"https:\/\/gayaessence.com\/index.php\/wp-json\/wp\/v2\/media\/4711"}],"wp:attachment":[{"href":"https:\/\/gayaessence.com\/index.php\/wp-json\/wp\/v2\/media?parent=4643"}],"wp:term":[{"taxonomy":"product_brand","embeddable":true,"href":"https:\/\/gayaessence.com\/index.php\/wp-json\/wp\/v2\/product_brand?post=4643"},{"taxonomy":"product_cat","embeddable":true,"href":"https:\/\/gayaessence.com\/index.php\/wp-json\/wp\/v2\/product_cat?post=4643"},{"taxonomy":"product_tag","embeddable":true,"href":"https:\/\/gayaessence.com\/index.php\/wp-json\/wp\/v2\/product_tag?post=4643"}],"curies":[{"name":"wp","href":"https:\/\/api.w.org\/{rel}","templated":true}]}}