{"id":4634,"date":"2025-10-14T21:28:13","date_gmt":"2025-10-14T21:28:13","guid":{"rendered":"https:\/\/gayaessence.com\/?post_type=product&#038;p=4634"},"modified":"2026-02-25T14:42:14","modified_gmt":"2026-02-25T14:42:14","slug":"oasis-mistico","status":"publish","type":"product","link":"https:\/\/gayaessence.com\/index.php\/producto\/oasis-mistico\/","title":{"rendered":"OASIS M\u00cdSTICO"},"content":{"rendered":"\t\t<div data-elementor-type=\"wp-post\" data-elementor-id=\"4634\" class=\"elementor elementor-4634\">\n\t\t\t\t\t\t<section class=\"elementor-section elementor-top-section elementor-element elementor-element-ba79a43 elementor-section-boxed elementor-section-height-default elementor-section-height-default\" data-id=\"ba79a43\" data-element_type=\"section\">\n\t\t\t\t\t\t<div class=\"elementor-container elementor-column-gap-default\">\n\t\t\t\t\t<div class=\"elementor-column elementor-col-100 elementor-top-column elementor-element elementor-element-183df69\" data-id=\"183df69\" data-element_type=\"column\">\n\t\t\t<div class=\"elementor-widget-wrap elementor-element-populated\">\n\t\t\t\t\t\t<section class=\"elementor-section elementor-inner-section elementor-element elementor-element-f5dfea0 elementor-section-boxed elementor-section-height-default elementor-section-height-default\" data-id=\"f5dfea0\" data-element_type=\"section\">\n\t\t\t\t\t\t<div class=\"elementor-container elementor-column-gap-default\">\n\t\t\t\t\t<div class=\"elementor-column elementor-col-50 elementor-inner-column elementor-element elementor-element-a5c31cf\" data-id=\"a5c31cf\" data-element_type=\"column\">\n\t\t\t<div class=\"elementor-widget-wrap elementor-element-populated\">\n\t\t\t\t\t\t<div class=\"elementor-element elementor-element-88efd13 elementor-widget elementor-widget-heading\" data-id=\"88efd13\" data-element_type=\"widget\" data-widget_type=\"heading.default\">\n\t\t\t\t<div class=\"elementor-widget-container\">\n\t\t\t<h3 class=\"elementor-heading-title elementor-size-default\">OASIS M\u00cdSTICO<\/h3>\t\t<\/div>\n\t\t\t\t<\/div>\n\t\t\t\t<div class=\"elementor-element elementor-element-d4da46a elementor-widget elementor-widget-text-editor\" data-id=\"d4da46a\" data-element_type=\"widget\" data-widget_type=\"text-editor.default\">\n\t\t\t\t<div class=\"elementor-widget-container\">\n\t\t\t\t\t\t\t<p data-start=\"172\" data-end=\"427\">Sum\u00e9rgete en <strong data-start=\"185\" data-end=\"202\">OASIS M\u00cdSTICO<\/strong>, una fragancia envolvente y sofisticada que transporta tus sentidos a un espacio de calma, misterio y equilibrio. Ideal para momentos de introspecci\u00f3n, rituales de conexi\u00f3n y para llenar tu hogar de energ\u00eda transformadora.<\/p><h3 data-start=\"429\" data-end=\"457\"><strong data-start=\"433\" data-end=\"455\">Pir\u00e1mide olfativa:<\/strong><\/h3><ul data-start=\"458\" data-end=\"594\"><li data-start=\"458\" data-end=\"500\"><p data-start=\"460\" data-end=\"500\"><strong data-start=\"460\" data-end=\"481\">Notas de salida:<\/strong> Geranio, Violeta<\/p><\/li><li data-start=\"501\" data-end=\"557\"><p data-start=\"503\" data-end=\"557\"><strong data-start=\"503\" data-end=\"520\">Notas medias:<\/strong> Canela, Rosa damascena, Rosa turca<\/p><\/li><li data-start=\"558\" data-end=\"594\"><p data-start=\"560\" data-end=\"594\"><strong data-start=\"560\" data-end=\"578\">Notas de base:<\/strong> Oud, Vainilla<\/p><\/li><\/ul><h3 data-start=\"596\" data-end=\"627\"><strong data-start=\"600\" data-end=\"625\">Formatos disponibles:<\/strong><\/h3><p data-start=\"629\" data-end=\"640\"><strong data-start=\"629\" data-end=\"638\">Velas<\/strong><\/p><ul data-start=\"641\" data-end=\"910\"><li data-start=\"641\" data-end=\"670\"><p data-start=\"643\" data-end=\"670\">Cera de coco 100% natural<\/p><\/li><li data-start=\"671\" data-end=\"737\"><p data-start=\"673\" data-end=\"737\">Mecha de algod\u00f3n: llama limpia, silenciosa y sin humo excesivo<\/p><\/li><li data-start=\"738\" data-end=\"815\"><p data-start=\"740\" data-end=\"815\">Eco-friendly: materiales sostenibles y responsables con el medio ambiente<\/p><\/li><li data-start=\"816\" data-end=\"910\"><p data-start=\"818\" data-end=\"832\"><strong data-start=\"818\" data-end=\"830\">Tama\u00f1os:<\/strong><\/p><ul data-start=\"835\" data-end=\"910\"><li data-start=\"835\" data-end=\"871\"><p data-start=\"837\" data-end=\"871\">160 ml \u2014 hasta 30 horas de quema<\/p><\/li><li data-start=\"874\" data-end=\"910\"><p data-start=\"876\" data-end=\"910\">500 ml \u2014 hasta 60 horas de quema<\/p><\/li><\/ul><\/li><\/ul><p data-start=\"912\" data-end=\"924\"><strong data-start=\"912\" data-end=\"922\">Mikado<\/strong><\/p><ul data-start=\"925\" data-end=\"1132\"><li data-start=\"925\" data-end=\"975\"><p data-start=\"927\" data-end=\"975\">Formato: 125 ml \u2014 incluye 10 varillas de 25 cm<\/p><\/li><li data-start=\"976\" data-end=\"1066\"><p data-start=\"978\" data-end=\"1066\">Fragancia intensa y duradera gracias a la alta concentraci\u00f3n de componentes arom\u00e1ticos<\/p><\/li><li data-start=\"1067\" data-end=\"1132\"><p data-start=\"1069\" data-end=\"1132\">Varillas de microfibra: difusi\u00f3n uniforme e intensa del aroma<\/p><\/li><\/ul><p data-start=\"1134\" data-end=\"1145\"><strong data-start=\"1134\" data-end=\"1143\">Bruma<\/strong><\/p><ul data-start=\"1146\" data-end=\"1322\"><li data-start=\"1146\" data-end=\"1164\"><p data-start=\"1148\" data-end=\"1164\">Formato: 50 ml<\/p><\/li><li data-start=\"1165\" data-end=\"1207\"><p data-start=\"1167\" data-end=\"1207\">Perfume ambiental ligero y refrescante<\/p><\/li><li data-start=\"1208\" data-end=\"1322\"><p data-start=\"1210\" data-end=\"1322\">Ideal para rociar en el hogar, ropa de cama o espacios personales, creando un ambiente de misterio y serenidad<\/p><\/li><\/ul>\t\t\t\t\t\t<\/div>\n\t\t\t\t<\/div>\n\t\t\t\t<div class=\"elementor-element elementor-element-0c4e2c2 elementor-widget elementor-widget-text-editor\" data-id=\"0c4e2c2\" data-element_type=\"widget\" data-widget_type=\"text-editor.default\">\n\t\t\t\t<div class=\"elementor-widget-container\">\n\t\t\t\t\t\t\t<p>\u00a0<\/p><p><br style=\"font-weight: 400\" \/><br style=\"font-weight: 400\" \/><\/p>\t\t\t\t\t\t<\/div>\n\t\t\t\t<\/div>\n\t\t\t\t\t<\/div>\n\t\t<\/div>\n\t\t\t\t<div class=\"elementor-column elementor-col-50 elementor-inner-column elementor-element elementor-element-a967996\" data-id=\"a967996\" data-element_type=\"column\">\n\t\t\t<div class=\"elementor-widget-wrap elementor-element-populated\">\n\t\t\t\t\t\t<div class=\"elementor-element elementor-element-38791ca elementor-widget elementor-widget-image\" data-id=\"38791ca\" data-element_type=\"widget\" data-widget_type=\"image.default\">\n\t\t\t\t<div class=\"elementor-widget-container\">\n\t\t\t\t\t\t\t\t\t\t\t\t\t<img fetchpriority=\"high\" decoding=\"async\" width=\"675\" height=\"1200\" src=\"https:\/\/gayaessence.com\/wp-content\/uploads\/2025\/10\/b85f3391-d31e-4b06-a9b1-0a0ee0d562eb-675x1200.jpg\" class=\"attachment-large size-large wp-image-4712\" alt=\"\" srcset=\"https:\/\/gayaessence.com\/wp-content\/uploads\/2025\/10\/b85f3391-d31e-4b06-a9b1-0a0ee0d562eb-675x1200.jpg 675w, https:\/\/gayaessence.com\/wp-content\/uploads\/2025\/10\/b85f3391-d31e-4b06-a9b1-0a0ee0d562eb-281x500.jpg 281w, https:\/\/gayaessence.com\/wp-content\/uploads\/2025\/10\/b85f3391-d31e-4b06-a9b1-0a0ee0d562eb-169x300.jpg 169w, https:\/\/gayaessence.com\/wp-content\/uploads\/2025\/10\/b85f3391-d31e-4b06-a9b1-0a0ee0d562eb-768x1366.jpg 768w, https:\/\/gayaessence.com\/wp-content\/uploads\/2025\/10\/b85f3391-d31e-4b06-a9b1-0a0ee0d562eb-864x1536.jpg 864w, https:\/\/gayaessence.com\/wp-content\/uploads\/2025\/10\/b85f3391-d31e-4b06-a9b1-0a0ee0d562eb-1151x2048.jpg 1151w, https:\/\/gayaessence.com\/wp-content\/uploads\/2025\/10\/b85f3391-d31e-4b06-a9b1-0a0ee0d562eb-42x75.jpg 42w, https:\/\/gayaessence.com\/wp-content\/uploads\/2025\/10\/b85f3391-d31e-4b06-a9b1-0a0ee0d562eb-480x854.jpg 480w, https:\/\/gayaessence.com\/wp-content\/uploads\/2025\/10\/b85f3391-d31e-4b06-a9b1-0a0ee0d562eb-800x1423.jpg 800w, https:\/\/gayaessence.com\/wp-content\/uploads\/2025\/10\/b85f3391-d31e-4b06-a9b1-0a0ee0d562eb-scaled.jpg 1439w\" sizes=\"(max-width:767px) 480px, 675px\" \/>\t\t\t\t\t\t\t\t\t\t\t\t\t<\/div>\n\t\t\t\t<\/div>\n\t\t\t\t\t<\/div>\n\t\t<\/div>\n\t\t\t\t\t<\/div>\n\t\t<\/section>\n\t\t\t\t\t<\/div>\n\t\t<\/div>\n\t\t\t\t\t<\/div>\n\t\t<\/section>\n\t\t\t\t<\/div>\n\t\t","protected":false},"excerpt":{"rendered":"<p>OASIS M\u00cdSTICO Sum\u00e9rgete en OASIS M\u00cdSTICO, una fragancia envolvente y sofisticada que transporta tus sentidos a un espacio de calma, misterio y equilibrio. Ideal para momentos<span class=\"excerpt-hellip\"> [\u2026]<\/span><\/p>\n","protected":false},"featured_media":4712,"template":"","meta":[],"product_brand":[],"product_cat":[228],"product_tag":[],"class_list":{"0":"post-4634","1":"product","2":"type-product","3":"status-publish","4":"has-post-thumbnail","6":"product_cat-velas-aromaticas","8":"first","9":"instock","10":"shipping-taxable","11":"purchasable","12":"product-type-variable"},"yoast_head":"<!-- This site is optimized with the Yoast SEO plugin v23.9 - https:\/\/yoast.com\/wordpress\/plugins\/seo\/ -->\n<title>OASIS M\u00cdSTICO - Gaya Essence<\/title>\n<meta name=\"robots\" content=\"index, follow, max-snippet:-1, max-image-preview:large, max-video-preview:-1\" \/>\n<link rel=\"canonical\" href=\"https:\/\/gayaessence.com\/index.php\/producto\/oasis-mistico\/\" \/>\n<meta property=\"og:locale\" content=\"es_ES\" \/>\n<meta property=\"og:type\" content=\"article\" \/>\n<meta property=\"og:title\" content=\"OASIS M\u00cdSTICO - Gaya Essence\" \/>\n<meta property=\"og:description\" content=\"OASIS M\u00cdSTICO Sum\u00e9rgete en OASIS M\u00cdSTICO, una fragancia envolvente y sofisticada que transporta tus sentidos a un espacio de calma, misterio y equilibrio. Ideal para momentos [\u2026]\" \/>\n<meta property=\"og:url\" content=\"https:\/\/gayaessence.com\/index.php\/producto\/oasis-mistico\/\" \/>\n<meta property=\"og:site_name\" content=\"Gaya Essence\" \/>\n<meta property=\"article:modified_time\" content=\"2026-02-25T14:42:14+00:00\" \/>\n<meta property=\"og:image\" content=\"https:\/\/gayaessence.com\/wp-content\/uploads\/2025\/10\/b85f3391-d31e-4b06-a9b1-0a0ee0d562eb-scaled.jpg\" \/>\n\t<meta property=\"og:image:width\" content=\"1439\" \/>\n\t<meta property=\"og:image:height\" content=\"2560\" \/>\n\t<meta property=\"og:image:type\" content=\"image\/jpeg\" \/>\n<meta name=\"twitter:card\" content=\"summary_large_image\" \/>\n<meta name=\"twitter:label1\" content=\"Tiempo de lectura\" \/>\n\t<meta name=\"twitter:data1\" content=\"2 minutos\" \/>\n<script type=\"application\/ld+json\" class=\"yoast-schema-graph\">{\"@context\":\"https:\/\/schema.org\",\"@graph\":[{\"@type\":\"WebPage\",\"@id\":\"https:\/\/gayaessence.com\/index.php\/producto\/oasis-mistico\/\",\"url\":\"https:\/\/gayaessence.com\/index.php\/producto\/oasis-mistico\/\",\"name\":\"OASIS M\u00cdSTICO - Gaya Essence\",\"isPartOf\":{\"@id\":\"https:\/\/gayaessence.com\/#website\"},\"primaryImageOfPage\":{\"@id\":\"https:\/\/gayaessence.com\/index.php\/producto\/oasis-mistico\/#primaryimage\"},\"image\":{\"@id\":\"https:\/\/gayaessence.com\/index.php\/producto\/oasis-mistico\/#primaryimage\"},\"thumbnailUrl\":\"https:\/\/gayaessence.com\/wp-content\/uploads\/2025\/10\/b85f3391-d31e-4b06-a9b1-0a0ee0d562eb-scaled.jpg\",\"datePublished\":\"2025-10-14T21:28:13+00:00\",\"dateModified\":\"2026-02-25T14:42:14+00:00\",\"breadcrumb\":{\"@id\":\"https:\/\/gayaessence.com\/index.php\/producto\/oasis-mistico\/#breadcrumb\"},\"inLanguage\":\"es\",\"potentialAction\":[{\"@type\":\"ReadAction\",\"target\":[\"https:\/\/gayaessence.com\/index.php\/producto\/oasis-mistico\/\"]}]},{\"@type\":\"ImageObject\",\"inLanguage\":\"es\",\"@id\":\"https:\/\/gayaessence.com\/index.php\/producto\/oasis-mistico\/#primaryimage\",\"url\":\"https:\/\/gayaessence.com\/wp-content\/uploads\/2025\/10\/b85f3391-d31e-4b06-a9b1-0a0ee0d562eb-scaled.jpg\",\"contentUrl\":\"https:\/\/gayaessence.com\/wp-content\/uploads\/2025\/10\/b85f3391-d31e-4b06-a9b1-0a0ee0d562eb-scaled.jpg\",\"width\":1439,\"height\":2560},{\"@type\":\"BreadcrumbList\",\"@id\":\"https:\/\/gayaessence.com\/index.php\/producto\/oasis-mistico\/#breadcrumb\",\"itemListElement\":[{\"@type\":\"ListItem\",\"position\":1,\"name\":\"Portada\",\"item\":\"https:\/\/gayaessence.com\/\"},{\"@type\":\"ListItem\",\"position\":2,\"name\":\"Tienda\",\"item\":\"https:\/\/gayaessence.com\/index.php\/shop\/\"},{\"@type\":\"ListItem\",\"position\":3,\"name\":\"OASIS M\u00cdSTICO\"}]},{\"@type\":\"WebSite\",\"@id\":\"https:\/\/gayaessence.com\/#website\",\"url\":\"https:\/\/gayaessence.com\/\",\"name\":\"Gaya Essence\",\"description\":\"Cuida, Protege y Eleva tu Vibraci\u00f3n\",\"publisher\":{\"@id\":\"https:\/\/gayaessence.com\/#organization\"},\"potentialAction\":[{\"@type\":\"SearchAction\",\"target\":{\"@type\":\"EntryPoint\",\"urlTemplate\":\"https:\/\/gayaessence.com\/?s={search_term_string}\"},\"query-input\":{\"@type\":\"PropertyValueSpecification\",\"valueRequired\":true,\"valueName\":\"search_term_string\"}}],\"inLanguage\":\"es\"},{\"@type\":\"Organization\",\"@id\":\"https:\/\/gayaessence.com\/#organization\",\"name\":\"Gaya Essence\",\"url\":\"https:\/\/gayaessence.com\/\",\"logo\":{\"@type\":\"ImageObject\",\"inLanguage\":\"es\",\"@id\":\"https:\/\/gayaessence.com\/#\/schema\/logo\/image\/\",\"url\":\"https:\/\/gayaessence.com\/wp-content\/uploads\/2024\/10\/cropped-logo-transp-1.png\",\"contentUrl\":\"https:\/\/gayaessence.com\/wp-content\/uploads\/2024\/10\/cropped-logo-transp-1.png\",\"width\":500,\"height\":196,\"caption\":\"Gaya Essence\"},\"image\":{\"@id\":\"https:\/\/gayaessence.com\/#\/schema\/logo\/image\/\"}}]}<\/script>\n<!-- \/ Yoast SEO plugin. -->","yoast_head_json":{"title":"OASIS M\u00cdSTICO - Gaya Essence","robots":{"index":"index","follow":"follow","max-snippet":"max-snippet:-1","max-image-preview":"max-image-preview:large","max-video-preview":"max-video-preview:-1"},"canonical":"https:\/\/gayaessence.com\/index.php\/producto\/oasis-mistico\/","og_locale":"es_ES","og_type":"article","og_title":"OASIS M\u00cdSTICO - Gaya Essence","og_description":"OASIS M\u00cdSTICO Sum\u00e9rgete en OASIS M\u00cdSTICO, una fragancia envolvente y sofisticada que transporta tus sentidos a un espacio de calma, misterio y equilibrio. Ideal para momentos [\u2026]","og_url":"https:\/\/gayaessence.com\/index.php\/producto\/oasis-mistico\/","og_site_name":"Gaya Essence","article_modified_time":"2026-02-25T14:42:14+00:00","og_image":[{"width":1439,"height":2560,"url":"https:\/\/gayaessence.com\/wp-content\/uploads\/2025\/10\/b85f3391-d31e-4b06-a9b1-0a0ee0d562eb-scaled.jpg","type":"image\/jpeg"}],"twitter_card":"summary_large_image","twitter_misc":{"Tiempo de lectura":"2 minutos"},"schema":{"@context":"https:\/\/schema.org","@graph":[{"@type":"WebPage","@id":"https:\/\/gayaessence.com\/index.php\/producto\/oasis-mistico\/","url":"https:\/\/gayaessence.com\/index.php\/producto\/oasis-mistico\/","name":"OASIS M\u00cdSTICO - Gaya Essence","isPartOf":{"@id":"https:\/\/gayaessence.com\/#website"},"primaryImageOfPage":{"@id":"https:\/\/gayaessence.com\/index.php\/producto\/oasis-mistico\/#primaryimage"},"image":{"@id":"https:\/\/gayaessence.com\/index.php\/producto\/oasis-mistico\/#primaryimage"},"thumbnailUrl":"https:\/\/gayaessence.com\/wp-content\/uploads\/2025\/10\/b85f3391-d31e-4b06-a9b1-0a0ee0d562eb-scaled.jpg","datePublished":"2025-10-14T21:28:13+00:00","dateModified":"2026-02-25T14:42:14+00:00","breadcrumb":{"@id":"https:\/\/gayaessence.com\/index.php\/producto\/oasis-mistico\/#breadcrumb"},"inLanguage":"es","potentialAction":[{"@type":"ReadAction","target":["https:\/\/gayaessence.com\/index.php\/producto\/oasis-mistico\/"]}]},{"@type":"ImageObject","inLanguage":"es","@id":"https:\/\/gayaessence.com\/index.php\/producto\/oasis-mistico\/#primaryimage","url":"https:\/\/gayaessence.com\/wp-content\/uploads\/2025\/10\/b85f3391-d31e-4b06-a9b1-0a0ee0d562eb-scaled.jpg","contentUrl":"https:\/\/gayaessence.com\/wp-content\/uploads\/2025\/10\/b85f3391-d31e-4b06-a9b1-0a0ee0d562eb-scaled.jpg","width":1439,"height":2560},{"@type":"BreadcrumbList","@id":"https:\/\/gayaessence.com\/index.php\/producto\/oasis-mistico\/#breadcrumb","itemListElement":[{"@type":"ListItem","position":1,"name":"Portada","item":"https:\/\/gayaessence.com\/"},{"@type":"ListItem","position":2,"name":"Tienda","item":"https:\/\/gayaessence.com\/index.php\/shop\/"},{"@type":"ListItem","position":3,"name":"OASIS M\u00cdSTICO"}]},{"@type":"WebSite","@id":"https:\/\/gayaessence.com\/#website","url":"https:\/\/gayaessence.com\/","name":"Gaya Essence","description":"Cuida, Protege y Eleva tu Vibraci\u00f3n","publisher":{"@id":"https:\/\/gayaessence.com\/#organization"},"potentialAction":[{"@type":"SearchAction","target":{"@type":"EntryPoint","urlTemplate":"https:\/\/gayaessence.com\/?s={search_term_string}"},"query-input":{"@type":"PropertyValueSpecification","valueRequired":true,"valueName":"search_term_string"}}],"inLanguage":"es"},{"@type":"Organization","@id":"https:\/\/gayaessence.com\/#organization","name":"Gaya Essence","url":"https:\/\/gayaessence.com\/","logo":{"@type":"ImageObject","inLanguage":"es","@id":"https:\/\/gayaessence.com\/#\/schema\/logo\/image\/","url":"https:\/\/gayaessence.com\/wp-content\/uploads\/2024\/10\/cropped-logo-transp-1.png","contentUrl":"https:\/\/gayaessence.com\/wp-content\/uploads\/2024\/10\/cropped-logo-transp-1.png","width":500,"height":196,"caption":"Gaya Essence"},"image":{"@id":"https:\/\/gayaessence.com\/#\/schema\/logo\/image\/"}}]}},"jetpack_sharing_enabled":true,"_links":{"self":[{"href":"https:\/\/gayaessence.com\/index.php\/wp-json\/wp\/v2\/product\/4634","targetHints":{"allow":["GET"]}}],"collection":[{"href":"https:\/\/gayaessence.com\/index.php\/wp-json\/wp\/v2\/product"}],"about":[{"href":"https:\/\/gayaessence.com\/index.php\/wp-json\/wp\/v2\/types\/product"}],"version-history":[{"count":10,"href":"https:\/\/gayaessence.com\/index.php\/wp-json\/wp\/v2\/product\/4634\/revisions"}],"predecessor-version":[{"id":5355,"href":"https:\/\/gayaessence.com\/index.php\/wp-json\/wp\/v2\/product\/4634\/revisions\/5355"}],"wp:featuredmedia":[{"embeddable":true,"href":"https:\/\/gayaessence.com\/index.php\/wp-json\/wp\/v2\/media\/4712"}],"wp:attachment":[{"href":"https:\/\/gayaessence.com\/index.php\/wp-json\/wp\/v2\/media?parent=4634"}],"wp:term":[{"taxonomy":"product_brand","embeddable":true,"href":"https:\/\/gayaessence.com\/index.php\/wp-json\/wp\/v2\/product_brand?post=4634"},{"taxonomy":"product_cat","embeddable":true,"href":"https:\/\/gayaessence.com\/index.php\/wp-json\/wp\/v2\/product_cat?post=4634"},{"taxonomy":"product_tag","embeddable":true,"href":"https:\/\/gayaessence.com\/index.php\/wp-json\/wp\/v2\/product_tag?post=4634"}],"curies":[{"name":"wp","href":"https:\/\/api.w.org\/{rel}","templated":true}]}}