{"id":4548,"date":"2025-09-24T09:24:53","date_gmt":"2025-09-24T09:24:53","guid":{"rendered":"https:\/\/gayaessence.com\/?post_type=product&#038;p=4548"},"modified":"2025-09-24T09:28:36","modified_gmt":"2025-09-24T09:28:36","slug":"atrapasol-pegatina-sin-adhesivo","status":"publish","type":"product","link":"https:\/\/gayaessence.com\/index.php\/producto\/atrapasol-pegatina-sin-adhesivo\/","title":{"rendered":"Atrapasol Fases Lunares \/ Pegatina sin adhesivo"},"content":{"rendered":"\t\t<div data-elementor-type=\"wp-post\" data-elementor-id=\"4548\" class=\"elementor elementor-4548\">\n\t\t\t\t\t\t<section class=\"elementor-section elementor-top-section elementor-element elementor-element-ba79a43 elementor-section-boxed elementor-section-height-default elementor-section-height-default\" data-id=\"ba79a43\" data-element_type=\"section\">\n\t\t\t\t\t\t<div class=\"elementor-container elementor-column-gap-default\">\n\t\t\t\t\t<div class=\"elementor-column elementor-col-100 elementor-top-column elementor-element elementor-element-183df69\" data-id=\"183df69\" data-element_type=\"column\">\n\t\t\t<div class=\"elementor-widget-wrap elementor-element-populated\">\n\t\t\t\t\t\t<section class=\"elementor-section elementor-inner-section elementor-element elementor-element-f5dfea0 elementor-section-boxed elementor-section-height-default elementor-section-height-default\" data-id=\"f5dfea0\" data-element_type=\"section\">\n\t\t\t\t\t\t<div class=\"elementor-container elementor-column-gap-default\">\n\t\t\t\t\t<div class=\"elementor-column elementor-col-50 elementor-inner-column elementor-element elementor-element-a5c31cf\" data-id=\"a5c31cf\" data-element_type=\"column\">\n\t\t\t<div class=\"elementor-widget-wrap elementor-element-populated\">\n\t\t\t\t\t\t<div class=\"elementor-element elementor-element-ae33da0 elementor-widget elementor-widget-heading\" data-id=\"ae33da0\" data-element_type=\"widget\" data-widget_type=\"heading.default\">\n\t\t\t\t<div class=\"elementor-widget-container\">\n\t\t\t<h3 class=\"elementor-heading-title elementor-size-default\">Descripci\u00f3n<\/h3>\t\t<\/div>\n\t\t\t\t<\/div>\n\t\t\t\t<div class=\"elementor-element elementor-element-ae57f90 elementor-widget elementor-widget-text-editor\" data-id=\"ae57f90\" data-element_type=\"widget\" data-widget_type=\"text-editor.default\">\n\t\t\t\t<div class=\"elementor-widget-container\">\n\t\t\t\t\t\t\t<p data-start=\"286\" data-end=\"549\">Cada una de las 7 piezas representa una fase de la luna, iluminando cualquier habitaci\u00f3n con los rayos que captura del sol y creando una sensaci\u00f3n de paz, armon\u00eda y bienestar.<\/p><ul data-start=\"551\" data-end=\"1035\"><li data-start=\"551\" data-end=\"731\"><p data-start=\"553\" data-end=\"731\">F\u00e1cil de colocar: hechas de vinilo transparente con respaldo no adhesivo, se adhieren a superficies de vidrio, cer\u00e1mica o pl\u00e1stico mediante succi\u00f3n y electricidad est\u00e1tica.<\/p><\/li><li data-start=\"732\" data-end=\"875\"><p data-start=\"734\" data-end=\"875\">Sin marcas ni residuos: se retiran y reorganizan con facilidad, permiti\u00e9ndote cambiar la decoraci\u00f3n seg\u00fan tu energ\u00eda o estado de \u00e1nimo.<\/p><\/li><li data-start=\"876\" data-end=\"1035\"><p data-start=\"878\" data-end=\"1035\">Dimensiones: cada pegatina mide 15 cm de altura, ideal para ventanas, espejos o cualquier rinc\u00f3n donde quieras que la luz baile con la magia lunar.<\/p><\/li><\/ul><p data-start=\"1037\" data-end=\"1221\">Un complemento sencillo pero lleno de luz, calma y conexi\u00f3n con la naturaleza c\u00edclica de la luna, perfecto para cualquier hogar que busque armon\u00eda y un toque de energ\u00eda positiva.<\/p>\t\t\t\t\t\t<\/div>\n\t\t\t\t<\/div>\n\t\t\t\t\t<\/div>\n\t\t<\/div>\n\t\t\t\t<div class=\"elementor-column elementor-col-50 elementor-inner-column elementor-element elementor-element-a967996\" data-id=\"a967996\" data-element_type=\"column\">\n\t\t\t<div class=\"elementor-widget-wrap elementor-element-populated\">\n\t\t\t\t\t\t<div class=\"elementor-element elementor-element-38791ca elementor-widget elementor-widget-image\" data-id=\"38791ca\" data-element_type=\"widget\" data-widget_type=\"image.default\">\n\t\t\t\t<div class=\"elementor-widget-container\">\n\t\t\t\t\t\t\t\t\t\t\t\t\t<img decoding=\"async\" src=\"https:\/\/gayaessence.com\/wp-content\/uploads\/2025\/09\/IMG_9724-3.heic\" class=\"attachment-large size-large wp-image-4549\" alt=\"\" \/>\t\t\t\t\t\t\t\t\t\t\t\t\t<\/div>\n\t\t\t\t<\/div>\n\t\t\t\t\t<\/div>\n\t\t<\/div>\n\t\t\t\t\t<\/div>\n\t\t<\/section>\n\t\t\t\t\t<\/div>\n\t\t<\/div>\n\t\t\t\t\t<\/div>\n\t\t<\/section>\n\t\t\t\t<\/div>\n\t\t","protected":false},"excerpt":{"rendered":"<p>Descripci\u00f3n Cada una de las 7 piezas representa una fase de la luna, iluminando cualquier habitaci\u00f3n con los rayos que captura del sol y creando una<span class=\"excerpt-hellip\"> [\u2026]<\/span><\/p>\n","protected":false},"featured_media":4549,"template":"","meta":[],"product_brand":[],"product_cat":[27],"product_tag":[],"class_list":{"0":"post-4548","1":"product","2":"type-product","3":"status-publish","4":"has-post-thumbnail","6":"product_cat-hogar","8":"first","9":"instock","10":"shipping-taxable","11":"purchasable","12":"product-type-simple"},"yoast_head":"<!-- This site is optimized with the Yoast SEO plugin v23.9 - https:\/\/yoast.com\/wordpress\/plugins\/seo\/ -->\n<title>Atrapasol Fases Lunares \/ Pegatina sin adhesivo - Gaya Essence<\/title>\n<meta name=\"robots\" content=\"index, follow, max-snippet:-1, max-image-preview:large, max-video-preview:-1\" \/>\n<link rel=\"canonical\" href=\"https:\/\/gayaessence.com\/index.php\/producto\/atrapasol-pegatina-sin-adhesivo\/\" \/>\n<meta property=\"og:locale\" content=\"es_ES\" \/>\n<meta property=\"og:type\" content=\"article\" \/>\n<meta property=\"og:title\" content=\"Atrapasol Fases Lunares \/ Pegatina sin adhesivo - Gaya Essence\" \/>\n<meta property=\"og:description\" content=\"Descripci\u00f3n Cada una de las 7 piezas representa una fase de la luna, iluminando cualquier habitaci\u00f3n con los rayos que captura del sol y creando una [\u2026]\" \/>\n<meta property=\"og:url\" content=\"https:\/\/gayaessence.com\/index.php\/producto\/atrapasol-pegatina-sin-adhesivo\/\" \/>\n<meta property=\"og:site_name\" content=\"Gaya Essence\" \/>\n<meta property=\"article:modified_time\" content=\"2025-09-24T09:28:36+00:00\" \/>\n<meta name=\"twitter:card\" content=\"summary_large_image\" \/>\n<meta name=\"twitter:label1\" content=\"Tiempo de lectura\" \/>\n\t<meta name=\"twitter:data1\" content=\"1 minuto\" \/>\n<script type=\"application\/ld+json\" class=\"yoast-schema-graph\">{\"@context\":\"https:\/\/schema.org\",\"@graph\":[{\"@type\":\"WebPage\",\"@id\":\"https:\/\/gayaessence.com\/index.php\/producto\/atrapasol-pegatina-sin-adhesivo\/\",\"url\":\"https:\/\/gayaessence.com\/index.php\/producto\/atrapasol-pegatina-sin-adhesivo\/\",\"name\":\"Atrapasol Fases Lunares \/ Pegatina sin adhesivo - Gaya Essence\",\"isPartOf\":{\"@id\":\"https:\/\/gayaessence.com\/#website\"},\"primaryImageOfPage\":{\"@id\":\"https:\/\/gayaessence.com\/index.php\/producto\/atrapasol-pegatina-sin-adhesivo\/#primaryimage\"},\"image\":{\"@id\":\"https:\/\/gayaessence.com\/index.php\/producto\/atrapasol-pegatina-sin-adhesivo\/#primaryimage\"},\"thumbnailUrl\":\"https:\/\/gayaessence.com\/wp-content\/uploads\/2025\/09\/IMG_9724-3.heic\",\"datePublished\":\"2025-09-24T09:24:53+00:00\",\"dateModified\":\"2025-09-24T09:28:36+00:00\",\"breadcrumb\":{\"@id\":\"https:\/\/gayaessence.com\/index.php\/producto\/atrapasol-pegatina-sin-adhesivo\/#breadcrumb\"},\"inLanguage\":\"es\",\"potentialAction\":[{\"@type\":\"ReadAction\",\"target\":[\"https:\/\/gayaessence.com\/index.php\/producto\/atrapasol-pegatina-sin-adhesivo\/\"]}]},{\"@type\":\"ImageObject\",\"inLanguage\":\"es\",\"@id\":\"https:\/\/gayaessence.com\/index.php\/producto\/atrapasol-pegatina-sin-adhesivo\/#primaryimage\",\"url\":\"https:\/\/gayaessence.com\/wp-content\/uploads\/2025\/09\/IMG_9724-3.heic\",\"contentUrl\":\"https:\/\/gayaessence.com\/wp-content\/uploads\/2025\/09\/IMG_9724-3.heic\"},{\"@type\":\"BreadcrumbList\",\"@id\":\"https:\/\/gayaessence.com\/index.php\/producto\/atrapasol-pegatina-sin-adhesivo\/#breadcrumb\",\"itemListElement\":[{\"@type\":\"ListItem\",\"position\":1,\"name\":\"Portada\",\"item\":\"https:\/\/gayaessence.com\/\"},{\"@type\":\"ListItem\",\"position\":2,\"name\":\"Tienda\",\"item\":\"https:\/\/gayaessence.com\/index.php\/shop\/\"},{\"@type\":\"ListItem\",\"position\":3,\"name\":\"Atrapasol Fases Lunares \/ Pegatina sin adhesivo\"}]},{\"@type\":\"WebSite\",\"@id\":\"https:\/\/gayaessence.com\/#website\",\"url\":\"https:\/\/gayaessence.com\/\",\"name\":\"Gaya Essence\",\"description\":\"Cuida, Protege y Eleva tu Vibraci\u00f3n\",\"publisher\":{\"@id\":\"https:\/\/gayaessence.com\/#organization\"},\"potentialAction\":[{\"@type\":\"SearchAction\",\"target\":{\"@type\":\"EntryPoint\",\"urlTemplate\":\"https:\/\/gayaessence.com\/?s={search_term_string}\"},\"query-input\":{\"@type\":\"PropertyValueSpecification\",\"valueRequired\":true,\"valueName\":\"search_term_string\"}}],\"inLanguage\":\"es\"},{\"@type\":\"Organization\",\"@id\":\"https:\/\/gayaessence.com\/#organization\",\"name\":\"Gaya Essence\",\"url\":\"https:\/\/gayaessence.com\/\",\"logo\":{\"@type\":\"ImageObject\",\"inLanguage\":\"es\",\"@id\":\"https:\/\/gayaessence.com\/#\/schema\/logo\/image\/\",\"url\":\"https:\/\/gayaessence.com\/wp-content\/uploads\/2024\/10\/cropped-logo-transp-1.png\",\"contentUrl\":\"https:\/\/gayaessence.com\/wp-content\/uploads\/2024\/10\/cropped-logo-transp-1.png\",\"width\":500,\"height\":196,\"caption\":\"Gaya Essence\"},\"image\":{\"@id\":\"https:\/\/gayaessence.com\/#\/schema\/logo\/image\/\"}}]}<\/script>\n<!-- \/ Yoast SEO plugin. -->","yoast_head_json":{"title":"Atrapasol Fases Lunares \/ Pegatina sin adhesivo - Gaya Essence","robots":{"index":"index","follow":"follow","max-snippet":"max-snippet:-1","max-image-preview":"max-image-preview:large","max-video-preview":"max-video-preview:-1"},"canonical":"https:\/\/gayaessence.com\/index.php\/producto\/atrapasol-pegatina-sin-adhesivo\/","og_locale":"es_ES","og_type":"article","og_title":"Atrapasol Fases Lunares \/ Pegatina sin adhesivo - Gaya Essence","og_description":"Descripci\u00f3n Cada una de las 7 piezas representa una fase de la luna, iluminando cualquier habitaci\u00f3n con los rayos que captura del sol y creando una [\u2026]","og_url":"https:\/\/gayaessence.com\/index.php\/producto\/atrapasol-pegatina-sin-adhesivo\/","og_site_name":"Gaya Essence","article_modified_time":"2025-09-24T09:28:36+00:00","twitter_card":"summary_large_image","twitter_misc":{"Tiempo de lectura":"1 minuto"},"schema":{"@context":"https:\/\/schema.org","@graph":[{"@type":"WebPage","@id":"https:\/\/gayaessence.com\/index.php\/producto\/atrapasol-pegatina-sin-adhesivo\/","url":"https:\/\/gayaessence.com\/index.php\/producto\/atrapasol-pegatina-sin-adhesivo\/","name":"Atrapasol Fases Lunares \/ Pegatina sin adhesivo - Gaya Essence","isPartOf":{"@id":"https:\/\/gayaessence.com\/#website"},"primaryImageOfPage":{"@id":"https:\/\/gayaessence.com\/index.php\/producto\/atrapasol-pegatina-sin-adhesivo\/#primaryimage"},"image":{"@id":"https:\/\/gayaessence.com\/index.php\/producto\/atrapasol-pegatina-sin-adhesivo\/#primaryimage"},"thumbnailUrl":"https:\/\/gayaessence.com\/wp-content\/uploads\/2025\/09\/IMG_9724-3.heic","datePublished":"2025-09-24T09:24:53+00:00","dateModified":"2025-09-24T09:28:36+00:00","breadcrumb":{"@id":"https:\/\/gayaessence.com\/index.php\/producto\/atrapasol-pegatina-sin-adhesivo\/#breadcrumb"},"inLanguage":"es","potentialAction":[{"@type":"ReadAction","target":["https:\/\/gayaessence.com\/index.php\/producto\/atrapasol-pegatina-sin-adhesivo\/"]}]},{"@type":"ImageObject","inLanguage":"es","@id":"https:\/\/gayaessence.com\/index.php\/producto\/atrapasol-pegatina-sin-adhesivo\/#primaryimage","url":"https:\/\/gayaessence.com\/wp-content\/uploads\/2025\/09\/IMG_9724-3.heic","contentUrl":"https:\/\/gayaessence.com\/wp-content\/uploads\/2025\/09\/IMG_9724-3.heic"},{"@type":"BreadcrumbList","@id":"https:\/\/gayaessence.com\/index.php\/producto\/atrapasol-pegatina-sin-adhesivo\/#breadcrumb","itemListElement":[{"@type":"ListItem","position":1,"name":"Portada","item":"https:\/\/gayaessence.com\/"},{"@type":"ListItem","position":2,"name":"Tienda","item":"https:\/\/gayaessence.com\/index.php\/shop\/"},{"@type":"ListItem","position":3,"name":"Atrapasol Fases Lunares \/ Pegatina sin adhesivo"}]},{"@type":"WebSite","@id":"https:\/\/gayaessence.com\/#website","url":"https:\/\/gayaessence.com\/","name":"Gaya Essence","description":"Cuida, Protege y Eleva tu Vibraci\u00f3n","publisher":{"@id":"https:\/\/gayaessence.com\/#organization"},"potentialAction":[{"@type":"SearchAction","target":{"@type":"EntryPoint","urlTemplate":"https:\/\/gayaessence.com\/?s={search_term_string}"},"query-input":{"@type":"PropertyValueSpecification","valueRequired":true,"valueName":"search_term_string"}}],"inLanguage":"es"},{"@type":"Organization","@id":"https:\/\/gayaessence.com\/#organization","name":"Gaya Essence","url":"https:\/\/gayaessence.com\/","logo":{"@type":"ImageObject","inLanguage":"es","@id":"https:\/\/gayaessence.com\/#\/schema\/logo\/image\/","url":"https:\/\/gayaessence.com\/wp-content\/uploads\/2024\/10\/cropped-logo-transp-1.png","contentUrl":"https:\/\/gayaessence.com\/wp-content\/uploads\/2024\/10\/cropped-logo-transp-1.png","width":500,"height":196,"caption":"Gaya Essence"},"image":{"@id":"https:\/\/gayaessence.com\/#\/schema\/logo\/image\/"}}]}},"jetpack_sharing_enabled":true,"_links":{"self":[{"href":"https:\/\/gayaessence.com\/index.php\/wp-json\/wp\/v2\/product\/4548","targetHints":{"allow":["GET"]}}],"collection":[{"href":"https:\/\/gayaessence.com\/index.php\/wp-json\/wp\/v2\/product"}],"about":[{"href":"https:\/\/gayaessence.com\/index.php\/wp-json\/wp\/v2\/types\/product"}],"version-history":[{"count":5,"href":"https:\/\/gayaessence.com\/index.php\/wp-json\/wp\/v2\/product\/4548\/revisions"}],"predecessor-version":[{"id":4554,"href":"https:\/\/gayaessence.com\/index.php\/wp-json\/wp\/v2\/product\/4548\/revisions\/4554"}],"wp:featuredmedia":[{"embeddable":true,"href":"https:\/\/gayaessence.com\/index.php\/wp-json\/wp\/v2\/media\/4549"}],"wp:attachment":[{"href":"https:\/\/gayaessence.com\/index.php\/wp-json\/wp\/v2\/media?parent=4548"}],"wp:term":[{"taxonomy":"product_brand","embeddable":true,"href":"https:\/\/gayaessence.com\/index.php\/wp-json\/wp\/v2\/product_brand?post=4548"},{"taxonomy":"product_cat","embeddable":true,"href":"https:\/\/gayaessence.com\/index.php\/wp-json\/wp\/v2\/product_cat?post=4548"},{"taxonomy":"product_tag","embeddable":true,"href":"https:\/\/gayaessence.com\/index.php\/wp-json\/wp\/v2\/product_tag?post=4548"}],"curies":[{"name":"wp","href":"https:\/\/api.w.org\/{rel}","templated":true}]}}