{"id":4527,"date":"2025-09-24T08:56:13","date_gmt":"2025-09-24T08:56:13","guid":{"rendered":"https:\/\/gayaessence.com\/?post_type=product&#038;p=4527"},"modified":"2025-09-24T09:02:19","modified_gmt":"2025-09-24T09:02:19","slug":"pendientes-de-hoja-dorada-y-piedra-luna","status":"publish","type":"product","link":"https:\/\/gayaessence.com\/index.php\/producto\/pendientes-de-hoja-dorada-y-piedra-luna\/","title":{"rendered":"Pendientes de hoja dorada y piedra luna"},"content":{"rendered":"\t\t<div data-elementor-type=\"wp-post\" data-elementor-id=\"4527\" class=\"elementor elementor-4527\">\n\t\t\t\t\t\t<section class=\"elementor-section elementor-top-section elementor-element elementor-element-ba79a43 elementor-section-boxed elementor-section-height-default elementor-section-height-default\" data-id=\"ba79a43\" data-element_type=\"section\">\n\t\t\t\t\t\t<div class=\"elementor-container elementor-column-gap-default\">\n\t\t\t\t\t<div class=\"elementor-column elementor-col-100 elementor-top-column elementor-element elementor-element-183df69\" data-id=\"183df69\" data-element_type=\"column\">\n\t\t\t<div class=\"elementor-widget-wrap elementor-element-populated\">\n\t\t\t\t\t\t<section class=\"elementor-section elementor-inner-section elementor-element elementor-element-f5dfea0 elementor-section-boxed elementor-section-height-default elementor-section-height-default\" data-id=\"f5dfea0\" data-element_type=\"section\">\n\t\t\t\t\t\t<div class=\"elementor-container elementor-column-gap-default\">\n\t\t\t\t\t<div class=\"elementor-column elementor-col-50 elementor-inner-column elementor-element elementor-element-a5c31cf\" data-id=\"a5c31cf\" data-element_type=\"column\">\n\t\t\t<div class=\"elementor-widget-wrap elementor-element-populated\">\n\t\t\t\t\t\t<div class=\"elementor-element elementor-element-88efd13 elementor-widget elementor-widget-heading\" data-id=\"88efd13\" data-element_type=\"widget\" data-widget_type=\"heading.default\">\n\t\t\t\t<div class=\"elementor-widget-container\">\n\t\t\t<h3 class=\"elementor-heading-title elementor-size-default\">Descripci\u00f3n<\/h3>\t\t<\/div>\n\t\t\t\t<\/div>\n\t\t\t\t<div class=\"elementor-element elementor-element-d4da46a elementor-widget elementor-widget-text-editor\" data-id=\"d4da46a\" data-element_type=\"widget\" data-widget_type=\"text-editor.default\">\n\t\t\t\t<div class=\"elementor-widget-container\">\n\t\t\t\t\t\t\t<p data-start=\"193\" data-end=\"536\">Estos pendientes combinan la forma de hoja con la delicadeza de la piedra lunar, creando un accesorio que irradia armon\u00eda y serenidad.<\/p><p data-start=\"193\" data-end=\"536\">Las hojas, finamente cinceladas en lat\u00f3n dorado con ba\u00f1o de oro fino, capturan la luz con sutileza, aportando una textura org\u00e1nica y luminosa que recuerda la belleza natural. Y la piedra luna conecta con la energ\u00eda femenina y el poder de la mujer.\u00a0<\/p><p data-start=\"538\" data-end=\"723\">Dimensiones: 10 cm de longitud y 8 g de peso.<\/p>\t\t\t\t\t\t<\/div>\n\t\t\t\t<\/div>\n\t\t\t\t\t<\/div>\n\t\t<\/div>\n\t\t\t\t<div class=\"elementor-column elementor-col-50 elementor-inner-column elementor-element elementor-element-a967996\" data-id=\"a967996\" data-element_type=\"column\">\n\t\t\t<div class=\"elementor-widget-wrap elementor-element-populated\">\n\t\t\t\t\t\t<div class=\"elementor-element elementor-element-38791ca elementor-widget elementor-widget-image\" data-id=\"38791ca\" data-element_type=\"widget\" data-widget_type=\"image.default\">\n\t\t\t\t<div class=\"elementor-widget-container\">\n\t\t\t\t\t\t\t\t\t\t\t\t\t<img fetchpriority=\"high\" decoding=\"async\" width=\"800\" height=\"1200\" src=\"https:\/\/gayaessence.com\/wp-content\/uploads\/2025\/09\/ChatGPT-Image-13-sept-2025-21-800x1200.png\" class=\"attachment-large size-large wp-image-4528\" alt=\"\" srcset=\"https:\/\/gayaessence.com\/wp-content\/uploads\/2025\/09\/ChatGPT-Image-13-sept-2025-21-800x1200.png 800w, https:\/\/gayaessence.com\/wp-content\/uploads\/2025\/09\/ChatGPT-Image-13-sept-2025-21-333x500.png 333w, https:\/\/gayaessence.com\/wp-content\/uploads\/2025\/09\/ChatGPT-Image-13-sept-2025-21-200x300.png 200w, https:\/\/gayaessence.com\/wp-content\/uploads\/2025\/09\/ChatGPT-Image-13-sept-2025-21-768x1152.png 768w, https:\/\/gayaessence.com\/wp-content\/uploads\/2025\/09\/ChatGPT-Image-13-sept-2025-21-50x75.png 50w, https:\/\/gayaessence.com\/wp-content\/uploads\/2025\/09\/ChatGPT-Image-13-sept-2025-21-480x720.png 480w, https:\/\/gayaessence.com\/wp-content\/uploads\/2025\/09\/ChatGPT-Image-13-sept-2025-21.png 1024w\" sizes=\"(max-width:767px) 480px, (max-width:800px) 100vw, 800px\" \/>\t\t\t\t\t\t\t\t\t\t\t\t\t<\/div>\n\t\t\t\t<\/div>\n\t\t\t\t\t<\/div>\n\t\t<\/div>\n\t\t\t\t\t<\/div>\n\t\t<\/section>\n\t\t\t\t\t<\/div>\n\t\t<\/div>\n\t\t\t\t\t<\/div>\n\t\t<\/section>\n\t\t\t\t<\/div>\n\t\t","protected":false},"excerpt":{"rendered":"<p>Descripci\u00f3n Estos pendientes combinan la forma de hoja con la delicadeza de la piedra lunar, creando un accesorio que irradia armon\u00eda y serenidad. Las hojas, finamente<span class=\"excerpt-hellip\"> [\u2026]<\/span><\/p>\n","protected":false},"featured_media":4528,"template":"","meta":[],"product_brand":[],"product_cat":[224],"product_tag":[],"class_list":{"0":"post-4527","1":"product","2":"type-product","3":"status-publish","4":"has-post-thumbnail","6":"product_cat-joyas","8":"first","9":"instock","10":"shipping-taxable","11":"purchasable","12":"product-type-simple"},"yoast_head":"<!-- This site is optimized with the Yoast SEO plugin v23.9 - https:\/\/yoast.com\/wordpress\/plugins\/seo\/ -->\n<title>Pendientes de hoja dorada y piedra luna - Gaya Essence<\/title>\n<meta name=\"robots\" content=\"index, follow, max-snippet:-1, max-image-preview:large, max-video-preview:-1\" \/>\n<link rel=\"canonical\" href=\"https:\/\/gayaessence.com\/index.php\/producto\/pendientes-de-hoja-dorada-y-piedra-luna\/\" \/>\n<meta property=\"og:locale\" content=\"es_ES\" \/>\n<meta property=\"og:type\" content=\"article\" \/>\n<meta property=\"og:title\" content=\"Pendientes de hoja dorada y piedra luna - Gaya Essence\" \/>\n<meta property=\"og:description\" content=\"Descripci\u00f3n Estos pendientes combinan la forma de hoja con la delicadeza de la piedra lunar, creando un accesorio que irradia armon\u00eda y serenidad. Las hojas, finamente [\u2026]\" \/>\n<meta property=\"og:url\" content=\"https:\/\/gayaessence.com\/index.php\/producto\/pendientes-de-hoja-dorada-y-piedra-luna\/\" \/>\n<meta property=\"og:site_name\" content=\"Gaya Essence\" \/>\n<meta property=\"article:modified_time\" content=\"2025-09-24T09:02:19+00:00\" \/>\n<meta property=\"og:image\" content=\"https:\/\/gayaessence.com\/wp-content\/uploads\/2025\/09\/ChatGPT-Image-13-sept-2025-21-800x1200.png\" \/>\n\t<meta property=\"og:image:width\" content=\"800\" \/>\n\t<meta property=\"og:image:height\" content=\"1200\" \/>\n\t<meta property=\"og:image:type\" content=\"image\/png\" \/>\n<meta name=\"twitter:card\" content=\"summary_large_image\" \/>\n<meta name=\"twitter:label1\" content=\"Tiempo de lectura\" \/>\n\t<meta name=\"twitter:data1\" content=\"1 minuto\" \/>\n<script type=\"application\/ld+json\" class=\"yoast-schema-graph\">{\"@context\":\"https:\/\/schema.org\",\"@graph\":[{\"@type\":\"WebPage\",\"@id\":\"https:\/\/gayaessence.com\/index.php\/producto\/pendientes-de-hoja-dorada-y-piedra-luna\/\",\"url\":\"https:\/\/gayaessence.com\/index.php\/producto\/pendientes-de-hoja-dorada-y-piedra-luna\/\",\"name\":\"Pendientes de hoja dorada y piedra luna - Gaya Essence\",\"isPartOf\":{\"@id\":\"https:\/\/gayaessence.com\/#website\"},\"primaryImageOfPage\":{\"@id\":\"https:\/\/gayaessence.com\/index.php\/producto\/pendientes-de-hoja-dorada-y-piedra-luna\/#primaryimage\"},\"image\":{\"@id\":\"https:\/\/gayaessence.com\/index.php\/producto\/pendientes-de-hoja-dorada-y-piedra-luna\/#primaryimage\"},\"thumbnailUrl\":\"https:\/\/gayaessence.com\/wp-content\/uploads\/2025\/09\/ChatGPT-Image-13-sept-2025-21.png\",\"datePublished\":\"2025-09-24T08:56:13+00:00\",\"dateModified\":\"2025-09-24T09:02:19+00:00\",\"breadcrumb\":{\"@id\":\"https:\/\/gayaessence.com\/index.php\/producto\/pendientes-de-hoja-dorada-y-piedra-luna\/#breadcrumb\"},\"inLanguage\":\"es\",\"potentialAction\":[{\"@type\":\"ReadAction\",\"target\":[\"https:\/\/gayaessence.com\/index.php\/producto\/pendientes-de-hoja-dorada-y-piedra-luna\/\"]}]},{\"@type\":\"ImageObject\",\"inLanguage\":\"es\",\"@id\":\"https:\/\/gayaessence.com\/index.php\/producto\/pendientes-de-hoja-dorada-y-piedra-luna\/#primaryimage\",\"url\":\"https:\/\/gayaessence.com\/wp-content\/uploads\/2025\/09\/ChatGPT-Image-13-sept-2025-21.png\",\"contentUrl\":\"https:\/\/gayaessence.com\/wp-content\/uploads\/2025\/09\/ChatGPT-Image-13-sept-2025-21.png\",\"width\":1024,\"height\":1536},{\"@type\":\"BreadcrumbList\",\"@id\":\"https:\/\/gayaessence.com\/index.php\/producto\/pendientes-de-hoja-dorada-y-piedra-luna\/#breadcrumb\",\"itemListElement\":[{\"@type\":\"ListItem\",\"position\":1,\"name\":\"Portada\",\"item\":\"https:\/\/gayaessence.com\/\"},{\"@type\":\"ListItem\",\"position\":2,\"name\":\"Tienda\",\"item\":\"https:\/\/gayaessence.com\/index.php\/shop\/\"},{\"@type\":\"ListItem\",\"position\":3,\"name\":\"Pendientes de hoja dorada y piedra luna\"}]},{\"@type\":\"WebSite\",\"@id\":\"https:\/\/gayaessence.com\/#website\",\"url\":\"https:\/\/gayaessence.com\/\",\"name\":\"Gaya Essence\",\"description\":\"Cuida, Protege y Eleva tu Vibraci\u00f3n\",\"publisher\":{\"@id\":\"https:\/\/gayaessence.com\/#organization\"},\"potentialAction\":[{\"@type\":\"SearchAction\",\"target\":{\"@type\":\"EntryPoint\",\"urlTemplate\":\"https:\/\/gayaessence.com\/?s={search_term_string}\"},\"query-input\":{\"@type\":\"PropertyValueSpecification\",\"valueRequired\":true,\"valueName\":\"search_term_string\"}}],\"inLanguage\":\"es\"},{\"@type\":\"Organization\",\"@id\":\"https:\/\/gayaessence.com\/#organization\",\"name\":\"Gaya Essence\",\"url\":\"https:\/\/gayaessence.com\/\",\"logo\":{\"@type\":\"ImageObject\",\"inLanguage\":\"es\",\"@id\":\"https:\/\/gayaessence.com\/#\/schema\/logo\/image\/\",\"url\":\"https:\/\/gayaessence.com\/wp-content\/uploads\/2024\/10\/cropped-logo-transp-1.png\",\"contentUrl\":\"https:\/\/gayaessence.com\/wp-content\/uploads\/2024\/10\/cropped-logo-transp-1.png\",\"width\":500,\"height\":196,\"caption\":\"Gaya Essence\"},\"image\":{\"@id\":\"https:\/\/gayaessence.com\/#\/schema\/logo\/image\/\"}}]}<\/script>\n<!-- \/ Yoast SEO plugin. -->","yoast_head_json":{"title":"Pendientes de hoja dorada y piedra luna - Gaya Essence","robots":{"index":"index","follow":"follow","max-snippet":"max-snippet:-1","max-image-preview":"max-image-preview:large","max-video-preview":"max-video-preview:-1"},"canonical":"https:\/\/gayaessence.com\/index.php\/producto\/pendientes-de-hoja-dorada-y-piedra-luna\/","og_locale":"es_ES","og_type":"article","og_title":"Pendientes de hoja dorada y piedra luna - Gaya Essence","og_description":"Descripci\u00f3n Estos pendientes combinan la forma de hoja con la delicadeza de la piedra lunar, creando un accesorio que irradia armon\u00eda y serenidad. Las hojas, finamente [\u2026]","og_url":"https:\/\/gayaessence.com\/index.php\/producto\/pendientes-de-hoja-dorada-y-piedra-luna\/","og_site_name":"Gaya Essence","article_modified_time":"2025-09-24T09:02:19+00:00","og_image":[{"width":800,"height":1200,"url":"https:\/\/gayaessence.com\/wp-content\/uploads\/2025\/09\/ChatGPT-Image-13-sept-2025-21-800x1200.png","type":"image\/png"}],"twitter_card":"summary_large_image","twitter_misc":{"Tiempo de lectura":"1 minuto"},"schema":{"@context":"https:\/\/schema.org","@graph":[{"@type":"WebPage","@id":"https:\/\/gayaessence.com\/index.php\/producto\/pendientes-de-hoja-dorada-y-piedra-luna\/","url":"https:\/\/gayaessence.com\/index.php\/producto\/pendientes-de-hoja-dorada-y-piedra-luna\/","name":"Pendientes de hoja dorada y piedra luna - Gaya Essence","isPartOf":{"@id":"https:\/\/gayaessence.com\/#website"},"primaryImageOfPage":{"@id":"https:\/\/gayaessence.com\/index.php\/producto\/pendientes-de-hoja-dorada-y-piedra-luna\/#primaryimage"},"image":{"@id":"https:\/\/gayaessence.com\/index.php\/producto\/pendientes-de-hoja-dorada-y-piedra-luna\/#primaryimage"},"thumbnailUrl":"https:\/\/gayaessence.com\/wp-content\/uploads\/2025\/09\/ChatGPT-Image-13-sept-2025-21.png","datePublished":"2025-09-24T08:56:13+00:00","dateModified":"2025-09-24T09:02:19+00:00","breadcrumb":{"@id":"https:\/\/gayaessence.com\/index.php\/producto\/pendientes-de-hoja-dorada-y-piedra-luna\/#breadcrumb"},"inLanguage":"es","potentialAction":[{"@type":"ReadAction","target":["https:\/\/gayaessence.com\/index.php\/producto\/pendientes-de-hoja-dorada-y-piedra-luna\/"]}]},{"@type":"ImageObject","inLanguage":"es","@id":"https:\/\/gayaessence.com\/index.php\/producto\/pendientes-de-hoja-dorada-y-piedra-luna\/#primaryimage","url":"https:\/\/gayaessence.com\/wp-content\/uploads\/2025\/09\/ChatGPT-Image-13-sept-2025-21.png","contentUrl":"https:\/\/gayaessence.com\/wp-content\/uploads\/2025\/09\/ChatGPT-Image-13-sept-2025-21.png","width":1024,"height":1536},{"@type":"BreadcrumbList","@id":"https:\/\/gayaessence.com\/index.php\/producto\/pendientes-de-hoja-dorada-y-piedra-luna\/#breadcrumb","itemListElement":[{"@type":"ListItem","position":1,"name":"Portada","item":"https:\/\/gayaessence.com\/"},{"@type":"ListItem","position":2,"name":"Tienda","item":"https:\/\/gayaessence.com\/index.php\/shop\/"},{"@type":"ListItem","position":3,"name":"Pendientes de hoja dorada y piedra luna"}]},{"@type":"WebSite","@id":"https:\/\/gayaessence.com\/#website","url":"https:\/\/gayaessence.com\/","name":"Gaya Essence","description":"Cuida, Protege y Eleva tu Vibraci\u00f3n","publisher":{"@id":"https:\/\/gayaessence.com\/#organization"},"potentialAction":[{"@type":"SearchAction","target":{"@type":"EntryPoint","urlTemplate":"https:\/\/gayaessence.com\/?s={search_term_string}"},"query-input":{"@type":"PropertyValueSpecification","valueRequired":true,"valueName":"search_term_string"}}],"inLanguage":"es"},{"@type":"Organization","@id":"https:\/\/gayaessence.com\/#organization","name":"Gaya Essence","url":"https:\/\/gayaessence.com\/","logo":{"@type":"ImageObject","inLanguage":"es","@id":"https:\/\/gayaessence.com\/#\/schema\/logo\/image\/","url":"https:\/\/gayaessence.com\/wp-content\/uploads\/2024\/10\/cropped-logo-transp-1.png","contentUrl":"https:\/\/gayaessence.com\/wp-content\/uploads\/2024\/10\/cropped-logo-transp-1.png","width":500,"height":196,"caption":"Gaya Essence"},"image":{"@id":"https:\/\/gayaessence.com\/#\/schema\/logo\/image\/"}}]}},"jetpack_sharing_enabled":true,"_links":{"self":[{"href":"https:\/\/gayaessence.com\/index.php\/wp-json\/wp\/v2\/product\/4527","targetHints":{"allow":["GET"]}}],"collection":[{"href":"https:\/\/gayaessence.com\/index.php\/wp-json\/wp\/v2\/product"}],"about":[{"href":"https:\/\/gayaessence.com\/index.php\/wp-json\/wp\/v2\/types\/product"}],"version-history":[{"count":4,"href":"https:\/\/gayaessence.com\/index.php\/wp-json\/wp\/v2\/product\/4527\/revisions"}],"predecessor-version":[{"id":4532,"href":"https:\/\/gayaessence.com\/index.php\/wp-json\/wp\/v2\/product\/4527\/revisions\/4532"}],"wp:featuredmedia":[{"embeddable":true,"href":"https:\/\/gayaessence.com\/index.php\/wp-json\/wp\/v2\/media\/4528"}],"wp:attachment":[{"href":"https:\/\/gayaessence.com\/index.php\/wp-json\/wp\/v2\/media?parent=4527"}],"wp:term":[{"taxonomy":"product_brand","embeddable":true,"href":"https:\/\/gayaessence.com\/index.php\/wp-json\/wp\/v2\/product_brand?post=4527"},{"taxonomy":"product_cat","embeddable":true,"href":"https:\/\/gayaessence.com\/index.php\/wp-json\/wp\/v2\/product_cat?post=4527"},{"taxonomy":"product_tag","embeddable":true,"href":"https:\/\/gayaessence.com\/index.php\/wp-json\/wp\/v2\/product_tag?post=4527"}],"curies":[{"name":"wp","href":"https:\/\/api.w.org\/{rel}","templated":true}]}}