{"id":4508,"date":"2025-09-24T08:34:19","date_gmt":"2025-09-24T08:34:19","guid":{"rendered":"https:\/\/gayaessence.com\/?post_type=product&#038;p=4508"},"modified":"2025-09-24T08:39:16","modified_gmt":"2025-09-24T08:39:16","slug":"altar-de-luna","status":"publish","type":"product","link":"https:\/\/gayaessence.com\/index.php\/producto\/altar-de-luna\/","title":{"rendered":"Altar de Luna"},"content":{"rendered":"\t\t<div data-elementor-type=\"wp-post\" data-elementor-id=\"4508\" class=\"elementor elementor-4508\">\n\t\t\t\t\t\t<section class=\"elementor-section elementor-top-section elementor-element elementor-element-ba79a43 elementor-section-boxed elementor-section-height-default elementor-section-height-default\" data-id=\"ba79a43\" data-element_type=\"section\">\n\t\t\t\t\t\t<div class=\"elementor-container elementor-column-gap-default\">\n\t\t\t\t\t<div class=\"elementor-column elementor-col-100 elementor-top-column elementor-element elementor-element-183df69\" data-id=\"183df69\" data-element_type=\"column\">\n\t\t\t<div class=\"elementor-widget-wrap elementor-element-populated\">\n\t\t\t\t\t\t<section class=\"elementor-section elementor-inner-section elementor-element elementor-element-f5dfea0 elementor-section-boxed elementor-section-height-default elementor-section-height-default\" data-id=\"f5dfea0\" data-element_type=\"section\">\n\t\t\t\t\t\t<div class=\"elementor-container elementor-column-gap-default\">\n\t\t\t\t\t<div class=\"elementor-column elementor-col-50 elementor-inner-column elementor-element elementor-element-a5c31cf\" data-id=\"a5c31cf\" data-element_type=\"column\">\n\t\t\t<div class=\"elementor-widget-wrap elementor-element-populated\">\n\t\t\t\t\t\t<div class=\"elementor-element elementor-element-ae33da0 elementor-widget elementor-widget-heading\" data-id=\"ae33da0\" data-element_type=\"widget\" data-widget_type=\"heading.default\">\n\t\t\t\t<div class=\"elementor-widget-container\">\n\t\t\t<h3 class=\"elementor-heading-title elementor-size-default\">Descripci\u00f3n<\/h3>\t\t<\/div>\n\t\t\t\t<\/div>\n\t\t\t\t<div class=\"elementor-element elementor-element-ae57f90 elementor-widget elementor-widget-text-editor\" data-id=\"ae57f90\" data-element_type=\"widget\" data-widget_type=\"text-editor.default\">\n\t\t\t\t<div class=\"elementor-widget-container\">\n\t\t\t\t\t\t\t<p data-start=\"211\" data-end=\"572\">Este encantador estante con forma de luna creciente es mucho m\u00e1s que un soporte: es un peque\u00f1o ALTAR donde tus cristales, plantas y tesoros favoritos cobran vida.<\/p><p data-start=\"211\" data-end=\"572\">Sus delicados recortes y el efecto de vetas de madera clara aportan un toque m\u00e1gico y elegante, creando un espacio de calma y conexi\u00f3n dentro de tu hogar.<\/p><p data-start=\"574\" data-end=\"812\">Con unas medidas de 12 x 38 x 44 cm, este estante se adapta f\u00e1cilmente a cualquier pared, convirti\u00e9ndose en un centro de armon\u00eda y energ\u00eda positiva.\u00a0<\/p>\t\t\t\t\t\t<\/div>\n\t\t\t\t<\/div>\n\t\t\t\t\t<\/div>\n\t\t<\/div>\n\t\t\t\t<div class=\"elementor-column elementor-col-50 elementor-inner-column elementor-element elementor-element-a967996\" data-id=\"a967996\" data-element_type=\"column\">\n\t\t\t<div class=\"elementor-widget-wrap elementor-element-populated\">\n\t\t\t\t\t\t<div class=\"elementor-element elementor-element-38791ca elementor-widget elementor-widget-image\" data-id=\"38791ca\" data-element_type=\"widget\" data-widget_type=\"image.default\">\n\t\t\t\t<div class=\"elementor-widget-container\">\n\t\t\t\t\t\t\t\t\t\t\t\t\t<img fetchpriority=\"high\" decoding=\"async\" width=\"675\" height=\"1200\" src=\"https:\/\/gayaessence.com\/wp-content\/uploads\/2025\/09\/PHOTO-2025-09-24-10-27-06-675x1200.jpg\" class=\"attachment-large size-large wp-image-4509\" alt=\"\" srcset=\"https:\/\/gayaessence.com\/wp-content\/uploads\/2025\/09\/PHOTO-2025-09-24-10-27-06-675x1200.jpg 675w, https:\/\/gayaessence.com\/wp-content\/uploads\/2025\/09\/PHOTO-2025-09-24-10-27-06-281x500.jpg 281w, https:\/\/gayaessence.com\/wp-content\/uploads\/2025\/09\/PHOTO-2025-09-24-10-27-06-169x300.jpg 169w, https:\/\/gayaessence.com\/wp-content\/uploads\/2025\/09\/PHOTO-2025-09-24-10-27-06-768x1365.jpg 768w, https:\/\/gayaessence.com\/wp-content\/uploads\/2025\/09\/PHOTO-2025-09-24-10-27-06-864x1536.jpg 864w, https:\/\/gayaessence.com\/wp-content\/uploads\/2025\/09\/PHOTO-2025-09-24-10-27-06-42x75.jpg 42w, https:\/\/gayaessence.com\/wp-content\/uploads\/2025\/09\/PHOTO-2025-09-24-10-27-06-480x853.jpg 480w, https:\/\/gayaessence.com\/wp-content\/uploads\/2025\/09\/PHOTO-2025-09-24-10-27-06-800x1422.jpg 800w, https:\/\/gayaessence.com\/wp-content\/uploads\/2025\/09\/PHOTO-2025-09-24-10-27-06.jpg 1152w\" sizes=\"(max-width:767px) 480px, 675px\" \/>\t\t\t\t\t\t\t\t\t\t\t\t\t<\/div>\n\t\t\t\t<\/div>\n\t\t\t\t\t<\/div>\n\t\t<\/div>\n\t\t\t\t\t<\/div>\n\t\t<\/section>\n\t\t\t\t\t<\/div>\n\t\t<\/div>\n\t\t\t\t\t<\/div>\n\t\t<\/section>\n\t\t\t\t<\/div>\n\t\t","protected":false},"excerpt":{"rendered":"<p>Descripci\u00f3n Este encantador estante con forma de luna creciente es mucho m\u00e1s que un soporte: es un peque\u00f1o ALTAR donde tus cristales, plantas y tesoros favoritos<span class=\"excerpt-hellip\"> [\u2026]<\/span><\/p>\n","protected":false},"featured_media":4509,"template":"","meta":[],"product_brand":[],"product_cat":[27],"product_tag":[],"class_list":{"0":"post-4508","1":"product","2":"type-product","3":"status-publish","4":"has-post-thumbnail","6":"product_cat-hogar","8":"first","9":"instock","10":"shipping-taxable","11":"purchasable","12":"product-type-simple"},"yoast_head":"<!-- This site is optimized with the Yoast SEO plugin v23.9 - https:\/\/yoast.com\/wordpress\/plugins\/seo\/ -->\n<title>Altar de Luna - Gaya Essence<\/title>\n<meta name=\"robots\" content=\"index, follow, max-snippet:-1, max-image-preview:large, max-video-preview:-1\" \/>\n<link rel=\"canonical\" href=\"https:\/\/gayaessence.com\/index.php\/producto\/altar-de-luna\/\" \/>\n<meta property=\"og:locale\" content=\"es_ES\" \/>\n<meta property=\"og:type\" content=\"article\" \/>\n<meta property=\"og:title\" content=\"Altar de Luna - Gaya Essence\" \/>\n<meta property=\"og:description\" content=\"Descripci\u00f3n Este encantador estante con forma de luna creciente es mucho m\u00e1s que un soporte: es un peque\u00f1o ALTAR donde tus cristales, plantas y tesoros favoritos [\u2026]\" \/>\n<meta property=\"og:url\" content=\"https:\/\/gayaessence.com\/index.php\/producto\/altar-de-luna\/\" \/>\n<meta property=\"og:site_name\" content=\"Gaya Essence\" \/>\n<meta property=\"article:modified_time\" content=\"2025-09-24T08:39:16+00:00\" \/>\n<meta property=\"og:image\" content=\"https:\/\/gayaessence.com\/wp-content\/uploads\/2025\/09\/PHOTO-2025-09-24-10-27-06.jpg\" \/>\n\t<meta property=\"og:image:width\" content=\"1152\" \/>\n\t<meta property=\"og:image:height\" content=\"2048\" \/>\n\t<meta property=\"og:image:type\" content=\"image\/jpeg\" \/>\n<meta name=\"twitter:card\" content=\"summary_large_image\" \/>\n<meta name=\"twitter:label1\" content=\"Tiempo de lectura\" \/>\n\t<meta name=\"twitter:data1\" content=\"1 minuto\" \/>\n<script type=\"application\/ld+json\" class=\"yoast-schema-graph\">{\"@context\":\"https:\/\/schema.org\",\"@graph\":[{\"@type\":\"WebPage\",\"@id\":\"https:\/\/gayaessence.com\/index.php\/producto\/altar-de-luna\/\",\"url\":\"https:\/\/gayaessence.com\/index.php\/producto\/altar-de-luna\/\",\"name\":\"Altar de Luna - Gaya Essence\",\"isPartOf\":{\"@id\":\"https:\/\/gayaessence.com\/#website\"},\"primaryImageOfPage\":{\"@id\":\"https:\/\/gayaessence.com\/index.php\/producto\/altar-de-luna\/#primaryimage\"},\"image\":{\"@id\":\"https:\/\/gayaessence.com\/index.php\/producto\/altar-de-luna\/#primaryimage\"},\"thumbnailUrl\":\"https:\/\/gayaessence.com\/wp-content\/uploads\/2025\/09\/PHOTO-2025-09-24-10-27-06.jpg\",\"datePublished\":\"2025-09-24T08:34:19+00:00\",\"dateModified\":\"2025-09-24T08:39:16+00:00\",\"breadcrumb\":{\"@id\":\"https:\/\/gayaessence.com\/index.php\/producto\/altar-de-luna\/#breadcrumb\"},\"inLanguage\":\"es\",\"potentialAction\":[{\"@type\":\"ReadAction\",\"target\":[\"https:\/\/gayaessence.com\/index.php\/producto\/altar-de-luna\/\"]}]},{\"@type\":\"ImageObject\",\"inLanguage\":\"es\",\"@id\":\"https:\/\/gayaessence.com\/index.php\/producto\/altar-de-luna\/#primaryimage\",\"url\":\"https:\/\/gayaessence.com\/wp-content\/uploads\/2025\/09\/PHOTO-2025-09-24-10-27-06.jpg\",\"contentUrl\":\"https:\/\/gayaessence.com\/wp-content\/uploads\/2025\/09\/PHOTO-2025-09-24-10-27-06.jpg\",\"width\":1152,\"height\":2048},{\"@type\":\"BreadcrumbList\",\"@id\":\"https:\/\/gayaessence.com\/index.php\/producto\/altar-de-luna\/#breadcrumb\",\"itemListElement\":[{\"@type\":\"ListItem\",\"position\":1,\"name\":\"Portada\",\"item\":\"https:\/\/gayaessence.com\/\"},{\"@type\":\"ListItem\",\"position\":2,\"name\":\"Tienda\",\"item\":\"https:\/\/gayaessence.com\/index.php\/shop\/\"},{\"@type\":\"ListItem\",\"position\":3,\"name\":\"Altar de Luna\"}]},{\"@type\":\"WebSite\",\"@id\":\"https:\/\/gayaessence.com\/#website\",\"url\":\"https:\/\/gayaessence.com\/\",\"name\":\"Gaya Essence\",\"description\":\"Cuida, Protege y Eleva tu Vibraci\u00f3n\",\"publisher\":{\"@id\":\"https:\/\/gayaessence.com\/#organization\"},\"potentialAction\":[{\"@type\":\"SearchAction\",\"target\":{\"@type\":\"EntryPoint\",\"urlTemplate\":\"https:\/\/gayaessence.com\/?s={search_term_string}\"},\"query-input\":{\"@type\":\"PropertyValueSpecification\",\"valueRequired\":true,\"valueName\":\"search_term_string\"}}],\"inLanguage\":\"es\"},{\"@type\":\"Organization\",\"@id\":\"https:\/\/gayaessence.com\/#organization\",\"name\":\"Gaya Essence\",\"url\":\"https:\/\/gayaessence.com\/\",\"logo\":{\"@type\":\"ImageObject\",\"inLanguage\":\"es\",\"@id\":\"https:\/\/gayaessence.com\/#\/schema\/logo\/image\/\",\"url\":\"https:\/\/gayaessence.com\/wp-content\/uploads\/2024\/10\/cropped-logo-transp-1.png\",\"contentUrl\":\"https:\/\/gayaessence.com\/wp-content\/uploads\/2024\/10\/cropped-logo-transp-1.png\",\"width\":500,\"height\":196,\"caption\":\"Gaya Essence\"},\"image\":{\"@id\":\"https:\/\/gayaessence.com\/#\/schema\/logo\/image\/\"}}]}<\/script>\n<!-- \/ Yoast SEO plugin. -->","yoast_head_json":{"title":"Altar de Luna - Gaya Essence","robots":{"index":"index","follow":"follow","max-snippet":"max-snippet:-1","max-image-preview":"max-image-preview:large","max-video-preview":"max-video-preview:-1"},"canonical":"https:\/\/gayaessence.com\/index.php\/producto\/altar-de-luna\/","og_locale":"es_ES","og_type":"article","og_title":"Altar de Luna - Gaya Essence","og_description":"Descripci\u00f3n Este encantador estante con forma de luna creciente es mucho m\u00e1s que un soporte: es un peque\u00f1o ALTAR donde tus cristales, plantas y tesoros favoritos [\u2026]","og_url":"https:\/\/gayaessence.com\/index.php\/producto\/altar-de-luna\/","og_site_name":"Gaya Essence","article_modified_time":"2025-09-24T08:39:16+00:00","og_image":[{"width":1152,"height":2048,"url":"https:\/\/gayaessence.com\/wp-content\/uploads\/2025\/09\/PHOTO-2025-09-24-10-27-06.jpg","type":"image\/jpeg"}],"twitter_card":"summary_large_image","twitter_misc":{"Tiempo de lectura":"1 minuto"},"schema":{"@context":"https:\/\/schema.org","@graph":[{"@type":"WebPage","@id":"https:\/\/gayaessence.com\/index.php\/producto\/altar-de-luna\/","url":"https:\/\/gayaessence.com\/index.php\/producto\/altar-de-luna\/","name":"Altar de Luna - Gaya Essence","isPartOf":{"@id":"https:\/\/gayaessence.com\/#website"},"primaryImageOfPage":{"@id":"https:\/\/gayaessence.com\/index.php\/producto\/altar-de-luna\/#primaryimage"},"image":{"@id":"https:\/\/gayaessence.com\/index.php\/producto\/altar-de-luna\/#primaryimage"},"thumbnailUrl":"https:\/\/gayaessence.com\/wp-content\/uploads\/2025\/09\/PHOTO-2025-09-24-10-27-06.jpg","datePublished":"2025-09-24T08:34:19+00:00","dateModified":"2025-09-24T08:39:16+00:00","breadcrumb":{"@id":"https:\/\/gayaessence.com\/index.php\/producto\/altar-de-luna\/#breadcrumb"},"inLanguage":"es","potentialAction":[{"@type":"ReadAction","target":["https:\/\/gayaessence.com\/index.php\/producto\/altar-de-luna\/"]}]},{"@type":"ImageObject","inLanguage":"es","@id":"https:\/\/gayaessence.com\/index.php\/producto\/altar-de-luna\/#primaryimage","url":"https:\/\/gayaessence.com\/wp-content\/uploads\/2025\/09\/PHOTO-2025-09-24-10-27-06.jpg","contentUrl":"https:\/\/gayaessence.com\/wp-content\/uploads\/2025\/09\/PHOTO-2025-09-24-10-27-06.jpg","width":1152,"height":2048},{"@type":"BreadcrumbList","@id":"https:\/\/gayaessence.com\/index.php\/producto\/altar-de-luna\/#breadcrumb","itemListElement":[{"@type":"ListItem","position":1,"name":"Portada","item":"https:\/\/gayaessence.com\/"},{"@type":"ListItem","position":2,"name":"Tienda","item":"https:\/\/gayaessence.com\/index.php\/shop\/"},{"@type":"ListItem","position":3,"name":"Altar de Luna"}]},{"@type":"WebSite","@id":"https:\/\/gayaessence.com\/#website","url":"https:\/\/gayaessence.com\/","name":"Gaya Essence","description":"Cuida, Protege y Eleva tu Vibraci\u00f3n","publisher":{"@id":"https:\/\/gayaessence.com\/#organization"},"potentialAction":[{"@type":"SearchAction","target":{"@type":"EntryPoint","urlTemplate":"https:\/\/gayaessence.com\/?s={search_term_string}"},"query-input":{"@type":"PropertyValueSpecification","valueRequired":true,"valueName":"search_term_string"}}],"inLanguage":"es"},{"@type":"Organization","@id":"https:\/\/gayaessence.com\/#organization","name":"Gaya Essence","url":"https:\/\/gayaessence.com\/","logo":{"@type":"ImageObject","inLanguage":"es","@id":"https:\/\/gayaessence.com\/#\/schema\/logo\/image\/","url":"https:\/\/gayaessence.com\/wp-content\/uploads\/2024\/10\/cropped-logo-transp-1.png","contentUrl":"https:\/\/gayaessence.com\/wp-content\/uploads\/2024\/10\/cropped-logo-transp-1.png","width":500,"height":196,"caption":"Gaya Essence"},"image":{"@id":"https:\/\/gayaessence.com\/#\/schema\/logo\/image\/"}}]}},"jetpack_sharing_enabled":true,"_links":{"self":[{"href":"https:\/\/gayaessence.com\/index.php\/wp-json\/wp\/v2\/product\/4508","targetHints":{"allow":["GET"]}}],"collection":[{"href":"https:\/\/gayaessence.com\/index.php\/wp-json\/wp\/v2\/product"}],"about":[{"href":"https:\/\/gayaessence.com\/index.php\/wp-json\/wp\/v2\/types\/product"}],"version-history":[{"count":4,"href":"https:\/\/gayaessence.com\/index.php\/wp-json\/wp\/v2\/product\/4508\/revisions"}],"predecessor-version":[{"id":4514,"href":"https:\/\/gayaessence.com\/index.php\/wp-json\/wp\/v2\/product\/4508\/revisions\/4514"}],"wp:featuredmedia":[{"embeddable":true,"href":"https:\/\/gayaessence.com\/index.php\/wp-json\/wp\/v2\/media\/4509"}],"wp:attachment":[{"href":"https:\/\/gayaessence.com\/index.php\/wp-json\/wp\/v2\/media?parent=4508"}],"wp:term":[{"taxonomy":"product_brand","embeddable":true,"href":"https:\/\/gayaessence.com\/index.php\/wp-json\/wp\/v2\/product_brand?post=4508"},{"taxonomy":"product_cat","embeddable":true,"href":"https:\/\/gayaessence.com\/index.php\/wp-json\/wp\/v2\/product_cat?post=4508"},{"taxonomy":"product_tag","embeddable":true,"href":"https:\/\/gayaessence.com\/index.php\/wp-json\/wp\/v2\/product_tag?post=4508"}],"curies":[{"name":"wp","href":"https:\/\/api.w.org\/{rel}","templated":true}]}}