{"id":4495,"date":"2025-09-24T08:27:51","date_gmt":"2025-09-24T08:27:51","guid":{"rendered":"https:\/\/gayaessence.com\/?post_type=product&#038;p=4495"},"modified":"2025-09-24T08:33:46","modified_gmt":"2025-09-24T08:33:46","slug":"alas-de-angel","status":"publish","type":"product","link":"https:\/\/gayaessence.com\/index.php\/producto\/alas-de-angel\/","title":{"rendered":"Alas de \u00c1ngel"},"content":{"rendered":"\t\t<div data-elementor-type=\"wp-post\" data-elementor-id=\"4495\" class=\"elementor elementor-4495\">\n\t\t\t\t\t\t<section class=\"elementor-section elementor-top-section elementor-element elementor-element-ba79a43 elementor-section-boxed elementor-section-height-default elementor-section-height-default\" data-id=\"ba79a43\" data-element_type=\"section\">\n\t\t\t\t\t\t<div class=\"elementor-container elementor-column-gap-default\">\n\t\t\t\t\t<div class=\"elementor-column elementor-col-100 elementor-top-column elementor-element elementor-element-183df69\" data-id=\"183df69\" data-element_type=\"column\">\n\t\t\t<div class=\"elementor-widget-wrap elementor-element-populated\">\n\t\t\t\t\t\t<section class=\"elementor-section elementor-inner-section elementor-element elementor-element-f5dfea0 elementor-section-boxed elementor-section-height-default elementor-section-height-default\" data-id=\"f5dfea0\" data-element_type=\"section\">\n\t\t\t\t\t\t<div class=\"elementor-container elementor-column-gap-default\">\n\t\t\t\t\t<div class=\"elementor-column elementor-col-50 elementor-inner-column elementor-element elementor-element-a5c31cf\" data-id=\"a5c31cf\" data-element_type=\"column\">\n\t\t\t<div class=\"elementor-widget-wrap elementor-element-populated\">\n\t\t\t\t\t\t<div class=\"elementor-element elementor-element-ae33da0 elementor-widget elementor-widget-heading\" data-id=\"ae33da0\" data-element_type=\"widget\" data-widget_type=\"heading.default\">\n\t\t\t\t<div class=\"elementor-widget-container\">\n\t\t\t<h3 class=\"elementor-heading-title elementor-size-default\">Descripci\u00f3n<\/h3>\t\t<\/div>\n\t\t\t\t<\/div>\n\t\t\t\t<div class=\"elementor-element elementor-element-ae57f90 elementor-widget elementor-widget-text-editor\" data-id=\"ae57f90\" data-element_type=\"widget\" data-widget_type=\"text-editor.default\">\n\t\t\t\t<div class=\"elementor-widget-container\">\n\t\t\t\t\t\t\t<p data-start=\"215\" data-end=\"567\">Estas impresionantes alas de \u00e1ngel son mucho m\u00e1s que un simple objeto decorativo: son una pieza que invita a la <strong data-start=\"327\" data-end=\"378\">armon\u00eda, la energ\u00eda positiva y la belleza sutil<\/strong> en cualquier espacio. Su color blanco, cubierto con purpurina transparente, crea un efecto casi iridiscente que refleja la luz de manera delicada, aportando un <strong data-start=\"539\" data-end=\"564\">toque m\u00e1gico y sereno<\/strong>.<\/p><p data-start=\"569\" data-end=\"788\">Cada ala mide <strong data-start=\"583\" data-end=\"638\">54 cm de alto, 21 cm de ancho y 5 cm de profundidad<\/strong>, con un <strong data-start=\"647\" data-end=\"699\">gancho de metal resistente en la parte posterior<\/strong> para colgarlas con facilidad, adapt\u00e1ndose a la energ\u00eda de tu hogar sin complicaciones.<\/p><p data-start=\"790\" data-end=\"1003\">Dise\u00f1adas pensando en el equilibrio y la est\u00e9tica hol\u00edstica, estas alas se convierten en el centro de atenci\u00f3n y de armon\u00eda de cualquier habitaci\u00f3n, conectando decoraci\u00f3n y bienestar en un mismo espacio.<\/p><p data-start=\"790\" data-end=\"1003\">Dimensiones de las ALAS PEQUE\u00d1AS:<\/p><p data-pm-slice=\"1 1 []\">4 x 28 x 7 cm<\/p>\t\t\t\t\t\t<\/div>\n\t\t\t\t<\/div>\n\t\t\t\t\t<\/div>\n\t\t<\/div>\n\t\t\t\t<div class=\"elementor-column elementor-col-50 elementor-inner-column elementor-element elementor-element-a967996\" data-id=\"a967996\" data-element_type=\"column\">\n\t\t\t<div class=\"elementor-widget-wrap elementor-element-populated\">\n\t\t\t\t\t\t<div class=\"elementor-element elementor-element-38791ca elementor-widget elementor-widget-image\" data-id=\"38791ca\" data-element_type=\"widget\" data-widget_type=\"image.default\">\n\t\t\t\t<div class=\"elementor-widget-container\">\n\t\t\t\t\t\t\t\t\t\t\t\t\t<img fetchpriority=\"high\" decoding=\"async\" width=\"689\" height=\"1200\" src=\"https:\/\/gayaessence.com\/wp-content\/uploads\/2025\/09\/IMG_1905-689x1200.jpg\" class=\"attachment-large size-large wp-image-4499\" alt=\"\" srcset=\"https:\/\/gayaessence.com\/wp-content\/uploads\/2025\/09\/IMG_1905-689x1200.jpg 689w, https:\/\/gayaessence.com\/wp-content\/uploads\/2025\/09\/IMG_1905-287x500.jpg 287w, https:\/\/gayaessence.com\/wp-content\/uploads\/2025\/09\/IMG_1905-172x300.jpg 172w, https:\/\/gayaessence.com\/wp-content\/uploads\/2025\/09\/IMG_1905-768x1337.jpg 768w, https:\/\/gayaessence.com\/wp-content\/uploads\/2025\/09\/IMG_1905-882x1536.jpg 882w, https:\/\/gayaessence.com\/wp-content\/uploads\/2025\/09\/IMG_1905-1176x2048.jpg 1176w, https:\/\/gayaessence.com\/wp-content\/uploads\/2025\/09\/IMG_1905-43x75.jpg 43w, https:\/\/gayaessence.com\/wp-content\/uploads\/2025\/09\/IMG_1905-480x836.jpg 480w, https:\/\/gayaessence.com\/wp-content\/uploads\/2025\/09\/IMG_1905-800x1393.jpg 800w, https:\/\/gayaessence.com\/wp-content\/uploads\/2025\/09\/IMG_1905.jpg 1206w\" sizes=\"(max-width:767px) 480px, 689px\" \/>\t\t\t\t\t\t\t\t\t\t\t\t\t<\/div>\n\t\t\t\t<\/div>\n\t\t\t\t\t<\/div>\n\t\t<\/div>\n\t\t\t\t\t<\/div>\n\t\t<\/section>\n\t\t\t\t\t<\/div>\n\t\t<\/div>\n\t\t\t\t\t<\/div>\n\t\t<\/section>\n\t\t\t\t<\/div>\n\t\t","protected":false},"excerpt":{"rendered":"<p>Descripci\u00f3n Estas impresionantes alas de \u00e1ngel son mucho m\u00e1s que un simple objeto decorativo: son una pieza que invita a la armon\u00eda, la energ\u00eda positiva y<span class=\"excerpt-hellip\"> [\u2026]<\/span><\/p>\n","protected":false},"featured_media":4498,"template":"","meta":[],"product_brand":[],"product_cat":[27],"product_tag":[],"class_list":{"0":"post-4495","1":"product","2":"type-product","3":"status-publish","4":"has-post-thumbnail","6":"product_cat-hogar","8":"first","9":"instock","10":"shipping-taxable","11":"purchasable","12":"product-type-variable"},"yoast_head":"<!-- This site is optimized with the Yoast SEO plugin v23.9 - https:\/\/yoast.com\/wordpress\/plugins\/seo\/ -->\n<title>Alas de \u00c1ngel - Gaya Essence<\/title>\n<meta name=\"robots\" content=\"index, follow, max-snippet:-1, max-image-preview:large, max-video-preview:-1\" \/>\n<link rel=\"canonical\" href=\"https:\/\/gayaessence.com\/index.php\/producto\/alas-de-angel\/\" \/>\n<meta property=\"og:locale\" content=\"es_ES\" \/>\n<meta property=\"og:type\" content=\"article\" \/>\n<meta property=\"og:title\" content=\"Alas de \u00c1ngel - Gaya Essence\" \/>\n<meta property=\"og:description\" content=\"Descripci\u00f3n Estas impresionantes alas de \u00e1ngel son mucho m\u00e1s que un simple objeto decorativo: son una pieza que invita a la armon\u00eda, la energ\u00eda positiva y [\u2026]\" \/>\n<meta property=\"og:url\" content=\"https:\/\/gayaessence.com\/index.php\/producto\/alas-de-angel\/\" \/>\n<meta property=\"og:site_name\" content=\"Gaya Essence\" \/>\n<meta property=\"article:modified_time\" content=\"2025-09-24T08:33:46+00:00\" \/>\n<meta property=\"og:image\" content=\"https:\/\/gayaessence.com\/wp-content\/uploads\/2025\/09\/IMG_1904-1.jpg\" \/>\n\t<meta property=\"og:image:width\" content=\"1206\" \/>\n\t<meta property=\"og:image:height\" content=\"1583\" \/>\n\t<meta property=\"og:image:type\" content=\"image\/jpeg\" \/>\n<meta name=\"twitter:card\" content=\"summary_large_image\" \/>\n<meta name=\"twitter:label1\" content=\"Tiempo de lectura\" \/>\n\t<meta name=\"twitter:data1\" content=\"1 minuto\" \/>\n<script type=\"application\/ld+json\" class=\"yoast-schema-graph\">{\"@context\":\"https:\/\/schema.org\",\"@graph\":[{\"@type\":\"WebPage\",\"@id\":\"https:\/\/gayaessence.com\/index.php\/producto\/alas-de-angel\/\",\"url\":\"https:\/\/gayaessence.com\/index.php\/producto\/alas-de-angel\/\",\"name\":\"Alas de \u00c1ngel - Gaya Essence\",\"isPartOf\":{\"@id\":\"https:\/\/gayaessence.com\/#website\"},\"primaryImageOfPage\":{\"@id\":\"https:\/\/gayaessence.com\/index.php\/producto\/alas-de-angel\/#primaryimage\"},\"image\":{\"@id\":\"https:\/\/gayaessence.com\/index.php\/producto\/alas-de-angel\/#primaryimage\"},\"thumbnailUrl\":\"https:\/\/gayaessence.com\/wp-content\/uploads\/2025\/09\/IMG_1904-1.jpg\",\"datePublished\":\"2025-09-24T08:27:51+00:00\",\"dateModified\":\"2025-09-24T08:33:46+00:00\",\"breadcrumb\":{\"@id\":\"https:\/\/gayaessence.com\/index.php\/producto\/alas-de-angel\/#breadcrumb\"},\"inLanguage\":\"es\",\"potentialAction\":[{\"@type\":\"ReadAction\",\"target\":[\"https:\/\/gayaessence.com\/index.php\/producto\/alas-de-angel\/\"]}]},{\"@type\":\"ImageObject\",\"inLanguage\":\"es\",\"@id\":\"https:\/\/gayaessence.com\/index.php\/producto\/alas-de-angel\/#primaryimage\",\"url\":\"https:\/\/gayaessence.com\/wp-content\/uploads\/2025\/09\/IMG_1904-1.jpg\",\"contentUrl\":\"https:\/\/gayaessence.com\/wp-content\/uploads\/2025\/09\/IMG_1904-1.jpg\",\"width\":1206,\"height\":1583},{\"@type\":\"BreadcrumbList\",\"@id\":\"https:\/\/gayaessence.com\/index.php\/producto\/alas-de-angel\/#breadcrumb\",\"itemListElement\":[{\"@type\":\"ListItem\",\"position\":1,\"name\":\"Portada\",\"item\":\"https:\/\/gayaessence.com\/\"},{\"@type\":\"ListItem\",\"position\":2,\"name\":\"Tienda\",\"item\":\"https:\/\/gayaessence.com\/index.php\/shop\/\"},{\"@type\":\"ListItem\",\"position\":3,\"name\":\"Alas de \u00c1ngel\"}]},{\"@type\":\"WebSite\",\"@id\":\"https:\/\/gayaessence.com\/#website\",\"url\":\"https:\/\/gayaessence.com\/\",\"name\":\"Gaya Essence\",\"description\":\"Cuida, Protege y Eleva tu Vibraci\u00f3n\",\"publisher\":{\"@id\":\"https:\/\/gayaessence.com\/#organization\"},\"potentialAction\":[{\"@type\":\"SearchAction\",\"target\":{\"@type\":\"EntryPoint\",\"urlTemplate\":\"https:\/\/gayaessence.com\/?s={search_term_string}\"},\"query-input\":{\"@type\":\"PropertyValueSpecification\",\"valueRequired\":true,\"valueName\":\"search_term_string\"}}],\"inLanguage\":\"es\"},{\"@type\":\"Organization\",\"@id\":\"https:\/\/gayaessence.com\/#organization\",\"name\":\"Gaya Essence\",\"url\":\"https:\/\/gayaessence.com\/\",\"logo\":{\"@type\":\"ImageObject\",\"inLanguage\":\"es\",\"@id\":\"https:\/\/gayaessence.com\/#\/schema\/logo\/image\/\",\"url\":\"https:\/\/gayaessence.com\/wp-content\/uploads\/2024\/10\/cropped-logo-transp-1.png\",\"contentUrl\":\"https:\/\/gayaessence.com\/wp-content\/uploads\/2024\/10\/cropped-logo-transp-1.png\",\"width\":500,\"height\":196,\"caption\":\"Gaya Essence\"},\"image\":{\"@id\":\"https:\/\/gayaessence.com\/#\/schema\/logo\/image\/\"}}]}<\/script>\n<!-- \/ Yoast SEO plugin. -->","yoast_head_json":{"title":"Alas de \u00c1ngel - Gaya Essence","robots":{"index":"index","follow":"follow","max-snippet":"max-snippet:-1","max-image-preview":"max-image-preview:large","max-video-preview":"max-video-preview:-1"},"canonical":"https:\/\/gayaessence.com\/index.php\/producto\/alas-de-angel\/","og_locale":"es_ES","og_type":"article","og_title":"Alas de \u00c1ngel - Gaya Essence","og_description":"Descripci\u00f3n Estas impresionantes alas de \u00e1ngel son mucho m\u00e1s que un simple objeto decorativo: son una pieza que invita a la armon\u00eda, la energ\u00eda positiva y [\u2026]","og_url":"https:\/\/gayaessence.com\/index.php\/producto\/alas-de-angel\/","og_site_name":"Gaya Essence","article_modified_time":"2025-09-24T08:33:46+00:00","og_image":[{"width":1206,"height":1583,"url":"https:\/\/gayaessence.com\/wp-content\/uploads\/2025\/09\/IMG_1904-1.jpg","type":"image\/jpeg"}],"twitter_card":"summary_large_image","twitter_misc":{"Tiempo de lectura":"1 minuto"},"schema":{"@context":"https:\/\/schema.org","@graph":[{"@type":"WebPage","@id":"https:\/\/gayaessence.com\/index.php\/producto\/alas-de-angel\/","url":"https:\/\/gayaessence.com\/index.php\/producto\/alas-de-angel\/","name":"Alas de \u00c1ngel - Gaya Essence","isPartOf":{"@id":"https:\/\/gayaessence.com\/#website"},"primaryImageOfPage":{"@id":"https:\/\/gayaessence.com\/index.php\/producto\/alas-de-angel\/#primaryimage"},"image":{"@id":"https:\/\/gayaessence.com\/index.php\/producto\/alas-de-angel\/#primaryimage"},"thumbnailUrl":"https:\/\/gayaessence.com\/wp-content\/uploads\/2025\/09\/IMG_1904-1.jpg","datePublished":"2025-09-24T08:27:51+00:00","dateModified":"2025-09-24T08:33:46+00:00","breadcrumb":{"@id":"https:\/\/gayaessence.com\/index.php\/producto\/alas-de-angel\/#breadcrumb"},"inLanguage":"es","potentialAction":[{"@type":"ReadAction","target":["https:\/\/gayaessence.com\/index.php\/producto\/alas-de-angel\/"]}]},{"@type":"ImageObject","inLanguage":"es","@id":"https:\/\/gayaessence.com\/index.php\/producto\/alas-de-angel\/#primaryimage","url":"https:\/\/gayaessence.com\/wp-content\/uploads\/2025\/09\/IMG_1904-1.jpg","contentUrl":"https:\/\/gayaessence.com\/wp-content\/uploads\/2025\/09\/IMG_1904-1.jpg","width":1206,"height":1583},{"@type":"BreadcrumbList","@id":"https:\/\/gayaessence.com\/index.php\/producto\/alas-de-angel\/#breadcrumb","itemListElement":[{"@type":"ListItem","position":1,"name":"Portada","item":"https:\/\/gayaessence.com\/"},{"@type":"ListItem","position":2,"name":"Tienda","item":"https:\/\/gayaessence.com\/index.php\/shop\/"},{"@type":"ListItem","position":3,"name":"Alas de \u00c1ngel"}]},{"@type":"WebSite","@id":"https:\/\/gayaessence.com\/#website","url":"https:\/\/gayaessence.com\/","name":"Gaya Essence","description":"Cuida, Protege y Eleva tu Vibraci\u00f3n","publisher":{"@id":"https:\/\/gayaessence.com\/#organization"},"potentialAction":[{"@type":"SearchAction","target":{"@type":"EntryPoint","urlTemplate":"https:\/\/gayaessence.com\/?s={search_term_string}"},"query-input":{"@type":"PropertyValueSpecification","valueRequired":true,"valueName":"search_term_string"}}],"inLanguage":"es"},{"@type":"Organization","@id":"https:\/\/gayaessence.com\/#organization","name":"Gaya Essence","url":"https:\/\/gayaessence.com\/","logo":{"@type":"ImageObject","inLanguage":"es","@id":"https:\/\/gayaessence.com\/#\/schema\/logo\/image\/","url":"https:\/\/gayaessence.com\/wp-content\/uploads\/2024\/10\/cropped-logo-transp-1.png","contentUrl":"https:\/\/gayaessence.com\/wp-content\/uploads\/2024\/10\/cropped-logo-transp-1.png","width":500,"height":196,"caption":"Gaya Essence"},"image":{"@id":"https:\/\/gayaessence.com\/#\/schema\/logo\/image\/"}}]}},"jetpack_sharing_enabled":true,"_links":{"self":[{"href":"https:\/\/gayaessence.com\/index.php\/wp-json\/wp\/v2\/product\/4495","targetHints":{"allow":["GET"]}}],"collection":[{"href":"https:\/\/gayaessence.com\/index.php\/wp-json\/wp\/v2\/product"}],"about":[{"href":"https:\/\/gayaessence.com\/index.php\/wp-json\/wp\/v2\/types\/product"}],"version-history":[{"count":4,"href":"https:\/\/gayaessence.com\/index.php\/wp-json\/wp\/v2\/product\/4495\/revisions"}],"predecessor-version":[{"id":4503,"href":"https:\/\/gayaessence.com\/index.php\/wp-json\/wp\/v2\/product\/4495\/revisions\/4503"}],"wp:featuredmedia":[{"embeddable":true,"href":"https:\/\/gayaessence.com\/index.php\/wp-json\/wp\/v2\/media\/4498"}],"wp:attachment":[{"href":"https:\/\/gayaessence.com\/index.php\/wp-json\/wp\/v2\/media?parent=4495"}],"wp:term":[{"taxonomy":"product_brand","embeddable":true,"href":"https:\/\/gayaessence.com\/index.php\/wp-json\/wp\/v2\/product_brand?post=4495"},{"taxonomy":"product_cat","embeddable":true,"href":"https:\/\/gayaessence.com\/index.php\/wp-json\/wp\/v2\/product_cat?post=4495"},{"taxonomy":"product_tag","embeddable":true,"href":"https:\/\/gayaessence.com\/index.php\/wp-json\/wp\/v2\/product_tag?post=4495"}],"curies":[{"name":"wp","href":"https:\/\/api.w.org\/{rel}","templated":true}]}}