{"id":4454,"date":"2025-09-20T11:22:06","date_gmt":"2025-09-20T11:22:06","guid":{"rendered":"https:\/\/gayaessence.com\/?post_type=product&#038;p=4454"},"modified":"2026-02-20T18:57:39","modified_gmt":"2026-02-20T18:57:39","slug":"oraculo-del-tercer-ojo","status":"publish","type":"product","link":"https:\/\/gayaessence.com\/index.php\/producto\/oraculo-del-tercer-ojo\/","title":{"rendered":"Or\u00e1culo del Tercer Ojo"},"content":{"rendered":"\t\t<div data-elementor-type=\"wp-post\" data-elementor-id=\"4454\" class=\"elementor elementor-4454\">\n\t\t\t\t\t\t<section class=\"elementor-section elementor-top-section elementor-element elementor-element-ba79a43 elementor-section-boxed elementor-section-height-default elementor-section-height-default\" data-id=\"ba79a43\" data-element_type=\"section\">\n\t\t\t\t\t\t<div class=\"elementor-container elementor-column-gap-default\">\n\t\t\t\t\t<div class=\"elementor-column elementor-col-100 elementor-top-column elementor-element elementor-element-183df69\" data-id=\"183df69\" data-element_type=\"column\">\n\t\t\t<div class=\"elementor-widget-wrap elementor-element-populated\">\n\t\t\t\t\t\t<section class=\"elementor-section elementor-inner-section elementor-element elementor-element-f5dfea0 elementor-section-boxed elementor-section-height-default elementor-section-height-default\" data-id=\"f5dfea0\" data-element_type=\"section\">\n\t\t\t\t\t\t<div class=\"elementor-container elementor-column-gap-default\">\n\t\t\t\t\t<div class=\"elementor-column elementor-col-50 elementor-inner-column elementor-element elementor-element-a5c31cf\" data-id=\"a5c31cf\" data-element_type=\"column\">\n\t\t\t<div class=\"elementor-widget-wrap elementor-element-populated\">\n\t\t\t\t\t\t<div class=\"elementor-element elementor-element-ae33da0 elementor-widget elementor-widget-heading\" data-id=\"ae33da0\" data-element_type=\"widget\" data-widget_type=\"heading.default\">\n\t\t\t\t<div class=\"elementor-widget-container\">\n\t\t\t<h3 class=\"elementor-heading-title elementor-size-default\">Descripci\u00f3n<\/h3>\t\t<\/div>\n\t\t\t\t<\/div>\n\t\t\t\t<div class=\"elementor-element elementor-element-d4da46a elementor-widget elementor-widget-text-editor\" data-id=\"d4da46a\" data-element_type=\"widget\" data-widget_type=\"text-editor.default\">\n\t\t\t\t<div class=\"elementor-widget-container\">\n\t\t\t\t\t\t\t<p>40 cartas para desarrollar tu intuici\u00f3n Abre tu tercer ojo El chakra del tercer ojo est\u00e1 vinculado a la clarividencia.<\/p><p>Gracias a \u00e9l, podemos revelar nuestra magia interior y escuchar por fin esa vocecita que nos murmura al o\u00eddo.<\/p><p>Este or\u00e1culo te propone abrir las puertas de tu consciente y descubrir as\u00ed todas las bellas capacidades intuitivas que dormitan en ti.<\/p><p>Cada una de las 40 cartas magn\u00edficamente ilustradas ha sido creada para acompa\u00f1arte en tu introspecci\u00f3n. Divididas en cuatro categor\u00edas (\u00abPreguntas\u00bb, \u00abCapacidades intuitivas\u00bb, \u00abBloqueos\u00bb y \u00abSoluciones\u00bb), te ayudar\u00e1n a afirmarte y mostrar tu capacidad de discernimiento en tu vida diaria.<\/p><p>\u00a1Tu b\u00fasqueda espiritual no ha hecho m\u00e1s que empezar!<\/p>\t\t\t\t\t\t<\/div>\n\t\t\t\t<\/div>\n\t\t\t\t\t<\/div>\n\t\t<\/div>\n\t\t\t\t<div class=\"elementor-column elementor-col-50 elementor-inner-column elementor-element elementor-element-a967996\" data-id=\"a967996\" data-element_type=\"column\">\n\t\t\t<div class=\"elementor-widget-wrap elementor-element-populated\">\n\t\t\t\t\t\t<div class=\"elementor-element elementor-element-38791ca elementor-widget elementor-widget-image\" data-id=\"38791ca\" data-element_type=\"widget\" data-widget_type=\"image.default\">\n\t\t\t\t<div class=\"elementor-widget-container\">\n\t\t\t\t\t\t\t\t\t\t\t\t\t<img fetchpriority=\"high\" decoding=\"async\" width=\"901\" height=\"1200\" src=\"https:\/\/gayaessence.com\/wp-content\/uploads\/2025\/09\/Captura-de-pantalla-2025-09-20-a-las-13.00.01-901x1200.png\" class=\"attachment-large size-large wp-image-4455\" alt=\"\" srcset=\"https:\/\/gayaessence.com\/wp-content\/uploads\/2025\/09\/Captura-de-pantalla-2025-09-20-a-las-13.00.01-901x1200.png 901w, https:\/\/gayaessence.com\/wp-content\/uploads\/2025\/09\/Captura-de-pantalla-2025-09-20-a-las-13.00.01-376x500.png 376w, https:\/\/gayaessence.com\/wp-content\/uploads\/2025\/09\/Captura-de-pantalla-2025-09-20-a-las-13.00.01-225x300.png 225w, https:\/\/gayaessence.com\/wp-content\/uploads\/2025\/09\/Captura-de-pantalla-2025-09-20-a-las-13.00.01-768x1023.png 768w, https:\/\/gayaessence.com\/wp-content\/uploads\/2025\/09\/Captura-de-pantalla-2025-09-20-a-las-13.00.01-56x75.png 56w, https:\/\/gayaessence.com\/wp-content\/uploads\/2025\/09\/Captura-de-pantalla-2025-09-20-a-las-13.00.01-480x639.png 480w, https:\/\/gayaessence.com\/wp-content\/uploads\/2025\/09\/Captura-de-pantalla-2025-09-20-a-las-13.00.01-800x1065.png 800w, https:\/\/gayaessence.com\/wp-content\/uploads\/2025\/09\/Captura-de-pantalla-2025-09-20-a-las-13.00.01.png 1032w\" sizes=\"(max-width:767px) 480px, (max-width:901px) 100vw, 901px\" \/>\t\t\t\t\t\t\t\t\t\t\t\t\t<\/div>\n\t\t\t\t<\/div>\n\t\t\t\t\t<\/div>\n\t\t<\/div>\n\t\t\t\t\t<\/div>\n\t\t<\/section>\n\t\t\t\t\t<\/div>\n\t\t<\/div>\n\t\t\t\t\t<\/div>\n\t\t<\/section>\n\t\t\t\t<\/div>\n\t\t","protected":false},"excerpt":{"rendered":"<p>Descripci\u00f3n 40 cartas para desarrollar tu intuici\u00f3n Abre tu tercer ojo El chakra del tercer ojo est\u00e1 vinculado a la clarividencia. Gracias a \u00e9l, podemos revelar<span class=\"excerpt-hellip\"> [\u2026]<\/span><\/p>\n","protected":false},"featured_media":5331,"template":"","meta":[],"product_brand":[],"product_cat":[32],"product_tag":[],"class_list":{"0":"post-4454","1":"product","2":"type-product","3":"status-publish","4":"has-post-thumbnail","6":"product_cat-libros-oraculos","8":"first","9":"instock","10":"shipping-taxable","11":"purchasable","12":"product-type-simple"},"yoast_head":"<!-- This site is optimized with the Yoast SEO plugin v23.9 - https:\/\/yoast.com\/wordpress\/plugins\/seo\/ -->\n<title>Or\u00e1culo del Tercer Ojo - Gaya Essence<\/title>\n<meta name=\"robots\" content=\"index, follow, max-snippet:-1, max-image-preview:large, max-video-preview:-1\" \/>\n<link rel=\"canonical\" href=\"https:\/\/gayaessence.com\/index.php\/producto\/oraculo-del-tercer-ojo\/\" \/>\n<meta property=\"og:locale\" content=\"es_ES\" \/>\n<meta property=\"og:type\" content=\"article\" \/>\n<meta property=\"og:title\" content=\"Or\u00e1culo del Tercer Ojo - Gaya Essence\" \/>\n<meta property=\"og:description\" content=\"Descripci\u00f3n 40 cartas para desarrollar tu intuici\u00f3n Abre tu tercer ojo El chakra del tercer ojo est\u00e1 vinculado a la clarividencia. Gracias a \u00e9l, podemos revelar [\u2026]\" \/>\n<meta property=\"og:url\" content=\"https:\/\/gayaessence.com\/index.php\/producto\/oraculo-del-tercer-ojo\/\" \/>\n<meta property=\"og:site_name\" content=\"Gaya Essence\" \/>\n<meta property=\"article:modified_time\" content=\"2026-02-20T18:57:39+00:00\" \/>\n<meta property=\"og:image\" content=\"https:\/\/gayaessence.com\/wp-content\/uploads\/2025\/09\/9.png\" \/>\n\t<meta property=\"og:image:width\" content=\"500\" \/>\n\t<meta property=\"og:image:height\" content=\"500\" \/>\n\t<meta property=\"og:image:type\" content=\"image\/png\" \/>\n<meta name=\"twitter:card\" content=\"summary_large_image\" \/>\n<meta name=\"twitter:label1\" content=\"Tiempo de lectura\" \/>\n\t<meta name=\"twitter:data1\" content=\"1 minuto\" \/>\n<script type=\"application\/ld+json\" class=\"yoast-schema-graph\">{\"@context\":\"https:\/\/schema.org\",\"@graph\":[{\"@type\":\"WebPage\",\"@id\":\"https:\/\/gayaessence.com\/index.php\/producto\/oraculo-del-tercer-ojo\/\",\"url\":\"https:\/\/gayaessence.com\/index.php\/producto\/oraculo-del-tercer-ojo\/\",\"name\":\"Or\u00e1culo del Tercer Ojo - Gaya Essence\",\"isPartOf\":{\"@id\":\"https:\/\/gayaessence.com\/#website\"},\"primaryImageOfPage\":{\"@id\":\"https:\/\/gayaessence.com\/index.php\/producto\/oraculo-del-tercer-ojo\/#primaryimage\"},\"image\":{\"@id\":\"https:\/\/gayaessence.com\/index.php\/producto\/oraculo-del-tercer-ojo\/#primaryimage\"},\"thumbnailUrl\":\"https:\/\/gayaessence.com\/wp-content\/uploads\/2025\/09\/9.png\",\"datePublished\":\"2025-09-20T11:22:06+00:00\",\"dateModified\":\"2026-02-20T18:57:39+00:00\",\"breadcrumb\":{\"@id\":\"https:\/\/gayaessence.com\/index.php\/producto\/oraculo-del-tercer-ojo\/#breadcrumb\"},\"inLanguage\":\"es\",\"potentialAction\":[{\"@type\":\"ReadAction\",\"target\":[\"https:\/\/gayaessence.com\/index.php\/producto\/oraculo-del-tercer-ojo\/\"]}]},{\"@type\":\"ImageObject\",\"inLanguage\":\"es\",\"@id\":\"https:\/\/gayaessence.com\/index.php\/producto\/oraculo-del-tercer-ojo\/#primaryimage\",\"url\":\"https:\/\/gayaessence.com\/wp-content\/uploads\/2025\/09\/9.png\",\"contentUrl\":\"https:\/\/gayaessence.com\/wp-content\/uploads\/2025\/09\/9.png\",\"width\":500,\"height\":500},{\"@type\":\"BreadcrumbList\",\"@id\":\"https:\/\/gayaessence.com\/index.php\/producto\/oraculo-del-tercer-ojo\/#breadcrumb\",\"itemListElement\":[{\"@type\":\"ListItem\",\"position\":1,\"name\":\"Portada\",\"item\":\"https:\/\/gayaessence.com\/\"},{\"@type\":\"ListItem\",\"position\":2,\"name\":\"Tienda\",\"item\":\"https:\/\/gayaessence.com\/index.php\/shop\/\"},{\"@type\":\"ListItem\",\"position\":3,\"name\":\"Or\u00e1culo del Tercer Ojo\"}]},{\"@type\":\"WebSite\",\"@id\":\"https:\/\/gayaessence.com\/#website\",\"url\":\"https:\/\/gayaessence.com\/\",\"name\":\"Gaya Essence\",\"description\":\"Cuida, Protege y Eleva tu Vibraci\u00f3n\",\"publisher\":{\"@id\":\"https:\/\/gayaessence.com\/#organization\"},\"potentialAction\":[{\"@type\":\"SearchAction\",\"target\":{\"@type\":\"EntryPoint\",\"urlTemplate\":\"https:\/\/gayaessence.com\/?s={search_term_string}\"},\"query-input\":{\"@type\":\"PropertyValueSpecification\",\"valueRequired\":true,\"valueName\":\"search_term_string\"}}],\"inLanguage\":\"es\"},{\"@type\":\"Organization\",\"@id\":\"https:\/\/gayaessence.com\/#organization\",\"name\":\"Gaya Essence\",\"url\":\"https:\/\/gayaessence.com\/\",\"logo\":{\"@type\":\"ImageObject\",\"inLanguage\":\"es\",\"@id\":\"https:\/\/gayaessence.com\/#\/schema\/logo\/image\/\",\"url\":\"https:\/\/gayaessence.com\/wp-content\/uploads\/2024\/10\/cropped-logo-transp-1.png\",\"contentUrl\":\"https:\/\/gayaessence.com\/wp-content\/uploads\/2024\/10\/cropped-logo-transp-1.png\",\"width\":500,\"height\":196,\"caption\":\"Gaya Essence\"},\"image\":{\"@id\":\"https:\/\/gayaessence.com\/#\/schema\/logo\/image\/\"}}]}<\/script>\n<!-- \/ Yoast SEO plugin. -->","yoast_head_json":{"title":"Or\u00e1culo del Tercer Ojo - Gaya Essence","robots":{"index":"index","follow":"follow","max-snippet":"max-snippet:-1","max-image-preview":"max-image-preview:large","max-video-preview":"max-video-preview:-1"},"canonical":"https:\/\/gayaessence.com\/index.php\/producto\/oraculo-del-tercer-ojo\/","og_locale":"es_ES","og_type":"article","og_title":"Or\u00e1culo del Tercer Ojo - Gaya Essence","og_description":"Descripci\u00f3n 40 cartas para desarrollar tu intuici\u00f3n Abre tu tercer ojo El chakra del tercer ojo est\u00e1 vinculado a la clarividencia. Gracias a \u00e9l, podemos revelar [\u2026]","og_url":"https:\/\/gayaessence.com\/index.php\/producto\/oraculo-del-tercer-ojo\/","og_site_name":"Gaya Essence","article_modified_time":"2026-02-20T18:57:39+00:00","og_image":[{"width":500,"height":500,"url":"https:\/\/gayaessence.com\/wp-content\/uploads\/2025\/09\/9.png","type":"image\/png"}],"twitter_card":"summary_large_image","twitter_misc":{"Tiempo de lectura":"1 minuto"},"schema":{"@context":"https:\/\/schema.org","@graph":[{"@type":"WebPage","@id":"https:\/\/gayaessence.com\/index.php\/producto\/oraculo-del-tercer-ojo\/","url":"https:\/\/gayaessence.com\/index.php\/producto\/oraculo-del-tercer-ojo\/","name":"Or\u00e1culo del Tercer Ojo - Gaya Essence","isPartOf":{"@id":"https:\/\/gayaessence.com\/#website"},"primaryImageOfPage":{"@id":"https:\/\/gayaessence.com\/index.php\/producto\/oraculo-del-tercer-ojo\/#primaryimage"},"image":{"@id":"https:\/\/gayaessence.com\/index.php\/producto\/oraculo-del-tercer-ojo\/#primaryimage"},"thumbnailUrl":"https:\/\/gayaessence.com\/wp-content\/uploads\/2025\/09\/9.png","datePublished":"2025-09-20T11:22:06+00:00","dateModified":"2026-02-20T18:57:39+00:00","breadcrumb":{"@id":"https:\/\/gayaessence.com\/index.php\/producto\/oraculo-del-tercer-ojo\/#breadcrumb"},"inLanguage":"es","potentialAction":[{"@type":"ReadAction","target":["https:\/\/gayaessence.com\/index.php\/producto\/oraculo-del-tercer-ojo\/"]}]},{"@type":"ImageObject","inLanguage":"es","@id":"https:\/\/gayaessence.com\/index.php\/producto\/oraculo-del-tercer-ojo\/#primaryimage","url":"https:\/\/gayaessence.com\/wp-content\/uploads\/2025\/09\/9.png","contentUrl":"https:\/\/gayaessence.com\/wp-content\/uploads\/2025\/09\/9.png","width":500,"height":500},{"@type":"BreadcrumbList","@id":"https:\/\/gayaessence.com\/index.php\/producto\/oraculo-del-tercer-ojo\/#breadcrumb","itemListElement":[{"@type":"ListItem","position":1,"name":"Portada","item":"https:\/\/gayaessence.com\/"},{"@type":"ListItem","position":2,"name":"Tienda","item":"https:\/\/gayaessence.com\/index.php\/shop\/"},{"@type":"ListItem","position":3,"name":"Or\u00e1culo del Tercer Ojo"}]},{"@type":"WebSite","@id":"https:\/\/gayaessence.com\/#website","url":"https:\/\/gayaessence.com\/","name":"Gaya Essence","description":"Cuida, Protege y Eleva tu Vibraci\u00f3n","publisher":{"@id":"https:\/\/gayaessence.com\/#organization"},"potentialAction":[{"@type":"SearchAction","target":{"@type":"EntryPoint","urlTemplate":"https:\/\/gayaessence.com\/?s={search_term_string}"},"query-input":{"@type":"PropertyValueSpecification","valueRequired":true,"valueName":"search_term_string"}}],"inLanguage":"es"},{"@type":"Organization","@id":"https:\/\/gayaessence.com\/#organization","name":"Gaya Essence","url":"https:\/\/gayaessence.com\/","logo":{"@type":"ImageObject","inLanguage":"es","@id":"https:\/\/gayaessence.com\/#\/schema\/logo\/image\/","url":"https:\/\/gayaessence.com\/wp-content\/uploads\/2024\/10\/cropped-logo-transp-1.png","contentUrl":"https:\/\/gayaessence.com\/wp-content\/uploads\/2024\/10\/cropped-logo-transp-1.png","width":500,"height":196,"caption":"Gaya Essence"},"image":{"@id":"https:\/\/gayaessence.com\/#\/schema\/logo\/image\/"}}]}},"jetpack_sharing_enabled":true,"_links":{"self":[{"href":"https:\/\/gayaessence.com\/index.php\/wp-json\/wp\/v2\/product\/4454","targetHints":{"allow":["GET"]}}],"collection":[{"href":"https:\/\/gayaessence.com\/index.php\/wp-json\/wp\/v2\/product"}],"about":[{"href":"https:\/\/gayaessence.com\/index.php\/wp-json\/wp\/v2\/types\/product"}],"version-history":[{"count":5,"href":"https:\/\/gayaessence.com\/index.php\/wp-json\/wp\/v2\/product\/4454\/revisions"}],"predecessor-version":[{"id":5332,"href":"https:\/\/gayaessence.com\/index.php\/wp-json\/wp\/v2\/product\/4454\/revisions\/5332"}],"wp:featuredmedia":[{"embeddable":true,"href":"https:\/\/gayaessence.com\/index.php\/wp-json\/wp\/v2\/media\/5331"}],"wp:attachment":[{"href":"https:\/\/gayaessence.com\/index.php\/wp-json\/wp\/v2\/media?parent=4454"}],"wp:term":[{"taxonomy":"product_brand","embeddable":true,"href":"https:\/\/gayaessence.com\/index.php\/wp-json\/wp\/v2\/product_brand?post=4454"},{"taxonomy":"product_cat","embeddable":true,"href":"https:\/\/gayaessence.com\/index.php\/wp-json\/wp\/v2\/product_cat?post=4454"},{"taxonomy":"product_tag","embeddable":true,"href":"https:\/\/gayaessence.com\/index.php\/wp-json\/wp\/v2\/product_tag?post=4454"}],"curies":[{"name":"wp","href":"https:\/\/api.w.org\/{rel}","templated":true}]}}