{"id":4341,"date":"2025-07-30T10:12:16","date_gmt":"2025-07-30T10:12:16","guid":{"rendered":"https:\/\/gayaessence.com\/?post_type=product&#038;p=4341"},"modified":"2025-12-05T05:38:02","modified_gmt":"2025-12-05T05:38:02","slug":"kit-la-voz-del-fuego","status":"publish","type":"product","link":"https:\/\/gayaessence.com\/index.php\/producto\/kit-la-voz-del-fuego\/","title":{"rendered":"Kit la Voz del Fuego &#8211; Manual Digital"},"content":{"rendered":"\t\t<div data-elementor-type=\"wp-post\" data-elementor-id=\"4341\" class=\"elementor elementor-4341\">\n\t\t\t\t\t\t<section class=\"elementor-section elementor-top-section elementor-element elementor-element-ba79a43 elementor-section-boxed elementor-section-height-default elementor-section-height-default\" data-id=\"ba79a43\" data-element_type=\"section\">\n\t\t\t\t\t\t<div class=\"elementor-container elementor-column-gap-default\">\n\t\t\t\t\t<div class=\"elementor-column elementor-col-100 elementor-top-column elementor-element elementor-element-183df69\" data-id=\"183df69\" data-element_type=\"column\">\n\t\t\t<div class=\"elementor-widget-wrap elementor-element-populated\">\n\t\t\t\t\t\t<section class=\"elementor-section elementor-inner-section elementor-element elementor-element-f5dfea0 elementor-section-boxed elementor-section-height-default elementor-section-height-default\" data-id=\"f5dfea0\" data-element_type=\"section\">\n\t\t\t\t\t\t<div class=\"elementor-container elementor-column-gap-default\">\n\t\t\t\t\t<div class=\"elementor-column elementor-col-50 elementor-inner-column elementor-element elementor-element-a5c31cf\" data-id=\"a5c31cf\" data-element_type=\"column\">\n\t\t\t<div class=\"elementor-widget-wrap elementor-element-populated\">\n\t\t\t\t\t\t<div class=\"elementor-element elementor-element-ae33da0 elementor-widget elementor-widget-heading\" data-id=\"ae33da0\" data-element_type=\"widget\" data-widget_type=\"heading.default\">\n\t\t\t\t<div class=\"elementor-widget-container\">\n\t\t\t<h3 class=\"elementor-heading-title elementor-size-default\">Prop\u00f3sito<\/h3>\t\t<\/div>\n\t\t\t\t<\/div>\n\t\t\t\t<div class=\"elementor-element elementor-element-96035f9 elementor-widget elementor-widget-text-editor\" data-id=\"96035f9\" data-element_type=\"widget\" data-widget_type=\"text-editor.default\">\n\t\t\t\t<div class=\"elementor-widget-container\">\n\t\t\t\t\t\t\t<p data-start=\"187\" data-end=\"293\"><strong data-start=\"187\" data-end=\"293\">Un kit para quienes sienten el llamado de trabajar con velas como herramienta energ\u00e9tica y espiritual.<\/strong><\/p><p data-start=\"295\" data-end=\"615\">Este kit ha sido creado para ayudarte a conectar con la energ\u00eda del fuego de forma consciente e intencionada. Las velas no solo iluminan: hablan, gu\u00edan y revelan. A trav\u00e9s de sus llamas y de los restos que dejan al consumirse, puedes obtener mensajes, activar energ\u00edas y acompa\u00f1ar tus procesos personales y espirituales.<\/p><p data-start=\"617\" data-end=\"625\">Incluye:<\/p><p data-start=\"627\" data-end=\"783\">\ud83d\udd6f\ufe0f <strong data-start=\"631\" data-end=\"656\">1 Vela de los Chakras<\/strong><br data-start=\"656\" data-end=\"659\" \/>Representa los 7 centros energ\u00e9ticos. Sus restos pueden ayudarte a identificar bloqueos o desequilibrios a nivel energ\u00e9tico.<\/p><p data-start=\"785\" data-end=\"980\">\ud83d\udd6f\ufe0f <strong data-start=\"789\" data-end=\"828\">1 Vela Abrecaminos \/ Vela Anal\u00edtica<\/strong><br data-start=\"828\" data-end=\"831\" \/>Con todos los colores, esta vela es una potente herramienta de apertura y tambi\u00e9n de an\u00e1lisis energ\u00e9tico, seg\u00fan la intenci\u00f3n con la que la enciendas.<\/p><p data-start=\"982\" data-end=\"1091\">\ud83d\udcd8 <strong data-start=\"985\" data-end=\"1027\">Gu\u00eda completa sobre velas ritualizadas<\/strong> (formato digital)<br data-start=\"1045\" data-end=\"1048\" \/>Un manual detallado donde te compartimos:<\/p><ul data-start=\"1092\" data-end=\"1266\"><li data-start=\"1092\" data-end=\"1135\"><p data-start=\"1094\" data-end=\"1135\">El significado energ\u00e9tico de cada color<\/p><\/li><li data-start=\"1136\" data-end=\"1181\"><p data-start=\"1138\" data-end=\"1181\">C\u00f3mo combinar velas seg\u00fan tus intenciones<\/p><\/li><li data-start=\"1182\" data-end=\"1223\"><p data-start=\"1184\" data-end=\"1223\">C\u00f3mo incorporar las velas en rituales<\/p><\/li><li data-start=\"1224\" data-end=\"1266\"><p data-start=\"1226\" data-end=\"1266\">C\u00f3mo interpretar sus restos y mensajes<\/p><\/li><\/ul><p data-start=\"1268\" data-end=\"1443\">Una vez realizado tu pedido, podr\u00e1s descargar el manual directamente.<\/p><p data-start=\"1268\" data-end=\"1443\">Y si deseas recibirlo en <strong data-start=\"1365\" data-end=\"1399\">formato impreso y encuadernado<\/strong>, escr\u00edbenos y te contamos c\u00f3mo solicitarlo.<\/p>\t\t\t\t\t\t<\/div>\n\t\t\t\t<\/div>\n\t\t\t\t\t<\/div>\n\t\t<\/div>\n\t\t\t\t<div class=\"elementor-column elementor-col-50 elementor-inner-column elementor-element elementor-element-a967996\" data-id=\"a967996\" data-element_type=\"column\">\n\t\t\t<div class=\"elementor-widget-wrap elementor-element-populated\">\n\t\t\t\t\t\t<div class=\"elementor-element elementor-element-38791ca elementor-widget elementor-widget-image\" data-id=\"38791ca\" data-element_type=\"widget\" data-widget_type=\"image.default\">\n\t\t\t\t<div class=\"elementor-widget-container\">\n\t\t\t\t\t\t\t\t\t\t\t\t\t<img fetchpriority=\"high\" decoding=\"async\" width=\"928\" height=\"1200\" src=\"https:\/\/gayaessence.com\/wp-content\/uploads\/2025\/07\/IMG_9572-928x1200.jpg\" class=\"attachment-large size-large wp-image-4342\" alt=\"\" srcset=\"https:\/\/gayaessence.com\/wp-content\/uploads\/2025\/07\/IMG_9572-928x1200.jpg 928w, https:\/\/gayaessence.com\/wp-content\/uploads\/2025\/07\/IMG_9572-387x500.jpg 387w, https:\/\/gayaessence.com\/wp-content\/uploads\/2025\/07\/IMG_9572-232x300.jpg 232w, https:\/\/gayaessence.com\/wp-content\/uploads\/2025\/07\/IMG_9572-768x993.jpg 768w, https:\/\/gayaessence.com\/wp-content\/uploads\/2025\/07\/IMG_9572-1187x1536.jpg 1187w, https:\/\/gayaessence.com\/wp-content\/uploads\/2025\/07\/IMG_9572-58x75.jpg 58w, https:\/\/gayaessence.com\/wp-content\/uploads\/2025\/07\/IMG_9572-480x621.jpg 480w, https:\/\/gayaessence.com\/wp-content\/uploads\/2025\/07\/IMG_9572-800x1035.jpg 800w, https:\/\/gayaessence.com\/wp-content\/uploads\/2025\/07\/IMG_9572.jpg 1206w\" sizes=\"(max-width:767px) 480px, (max-width:928px) 100vw, 928px\" \/>\t\t\t\t\t\t\t\t\t\t\t\t\t<\/div>\n\t\t\t\t<\/div>\n\t\t\t\t\t<\/div>\n\t\t<\/div>\n\t\t\t\t\t<\/div>\n\t\t<\/section>\n\t\t\t\t\t<\/div>\n\t\t<\/div>\n\t\t\t\t\t<\/div>\n\t\t<\/section>\n\t\t\t\t<\/div>\n\t\t","protected":false},"excerpt":{"rendered":"<p>Prop\u00f3sito Un kit para quienes sienten el llamado de trabajar con velas como herramienta energ\u00e9tica y espiritual. Este kit ha sido creado para ayudarte a conectar<span class=\"excerpt-hellip\"> [\u2026]<\/span><\/p>\n","protected":false},"featured_media":4342,"template":"","meta":[],"product_brand":[],"product_cat":[26,181],"product_tag":[],"class_list":{"0":"post-4341","1":"product","2":"type-product","3":"status-publish","4":"has-post-thumbnail","6":"product_cat-kits","7":"product_cat-nadal","9":"first","10":"instock","11":"shipping-taxable","12":"purchasable","13":"product-type-simple"},"yoast_head":"<!-- This site is optimized with the Yoast SEO plugin v23.9 - https:\/\/yoast.com\/wordpress\/plugins\/seo\/ -->\n<title>Kit la Voz del Fuego - Manual Digital - Gaya Essence<\/title>\n<meta name=\"robots\" content=\"index, follow, max-snippet:-1, max-image-preview:large, max-video-preview:-1\" \/>\n<link rel=\"canonical\" href=\"https:\/\/gayaessence.com\/index.php\/producto\/kit-la-voz-del-fuego\/\" \/>\n<meta property=\"og:locale\" content=\"es_ES\" \/>\n<meta property=\"og:type\" content=\"article\" \/>\n<meta property=\"og:title\" content=\"Kit la Voz del Fuego - Manual Digital - Gaya Essence\" \/>\n<meta property=\"og:description\" content=\"Prop\u00f3sito Un kit para quienes sienten el llamado de trabajar con velas como herramienta energ\u00e9tica y espiritual. Este kit ha sido creado para ayudarte a conectar [\u2026]\" \/>\n<meta property=\"og:url\" content=\"https:\/\/gayaessence.com\/index.php\/producto\/kit-la-voz-del-fuego\/\" \/>\n<meta property=\"og:site_name\" content=\"Gaya Essence\" \/>\n<meta property=\"article:modified_time\" content=\"2025-12-05T05:38:02+00:00\" \/>\n<meta property=\"og:image\" content=\"https:\/\/gayaessence.com\/wp-content\/uploads\/2025\/07\/IMG_9572.jpg\" \/>\n\t<meta property=\"og:image:width\" content=\"1206\" \/>\n\t<meta property=\"og:image:height\" content=\"1560\" \/>\n\t<meta property=\"og:image:type\" content=\"image\/jpeg\" \/>\n<meta name=\"twitter:card\" content=\"summary_large_image\" \/>\n<meta name=\"twitter:label1\" content=\"Tiempo de lectura\" \/>\n\t<meta name=\"twitter:data1\" content=\"2 minutos\" \/>\n<script type=\"application\/ld+json\" class=\"yoast-schema-graph\">{\"@context\":\"https:\/\/schema.org\",\"@graph\":[{\"@type\":\"WebPage\",\"@id\":\"https:\/\/gayaessence.com\/index.php\/producto\/kit-la-voz-del-fuego\/\",\"url\":\"https:\/\/gayaessence.com\/index.php\/producto\/kit-la-voz-del-fuego\/\",\"name\":\"Kit la Voz del Fuego - Manual Digital - Gaya Essence\",\"isPartOf\":{\"@id\":\"https:\/\/gayaessence.com\/#website\"},\"primaryImageOfPage\":{\"@id\":\"https:\/\/gayaessence.com\/index.php\/producto\/kit-la-voz-del-fuego\/#primaryimage\"},\"image\":{\"@id\":\"https:\/\/gayaessence.com\/index.php\/producto\/kit-la-voz-del-fuego\/#primaryimage\"},\"thumbnailUrl\":\"https:\/\/gayaessence.com\/wp-content\/uploads\/2025\/07\/IMG_9572.jpg\",\"datePublished\":\"2025-07-30T10:12:16+00:00\",\"dateModified\":\"2025-12-05T05:38:02+00:00\",\"breadcrumb\":{\"@id\":\"https:\/\/gayaessence.com\/index.php\/producto\/kit-la-voz-del-fuego\/#breadcrumb\"},\"inLanguage\":\"es\",\"potentialAction\":[{\"@type\":\"ReadAction\",\"target\":[\"https:\/\/gayaessence.com\/index.php\/producto\/kit-la-voz-del-fuego\/\"]}]},{\"@type\":\"ImageObject\",\"inLanguage\":\"es\",\"@id\":\"https:\/\/gayaessence.com\/index.php\/producto\/kit-la-voz-del-fuego\/#primaryimage\",\"url\":\"https:\/\/gayaessence.com\/wp-content\/uploads\/2025\/07\/IMG_9572.jpg\",\"contentUrl\":\"https:\/\/gayaessence.com\/wp-content\/uploads\/2025\/07\/IMG_9572.jpg\",\"width\":1206,\"height\":1560},{\"@type\":\"BreadcrumbList\",\"@id\":\"https:\/\/gayaessence.com\/index.php\/producto\/kit-la-voz-del-fuego\/#breadcrumb\",\"itemListElement\":[{\"@type\":\"ListItem\",\"position\":1,\"name\":\"Portada\",\"item\":\"https:\/\/gayaessence.com\/\"},{\"@type\":\"ListItem\",\"position\":2,\"name\":\"Tienda\",\"item\":\"https:\/\/gayaessence.com\/index.php\/shop\/\"},{\"@type\":\"ListItem\",\"position\":3,\"name\":\"Kit la Voz del Fuego &#8211; Manual Digital\"}]},{\"@type\":\"WebSite\",\"@id\":\"https:\/\/gayaessence.com\/#website\",\"url\":\"https:\/\/gayaessence.com\/\",\"name\":\"Gaya Essence\",\"description\":\"Cuida, Protege y Eleva tu Vibraci\u00f3n\",\"publisher\":{\"@id\":\"https:\/\/gayaessence.com\/#organization\"},\"potentialAction\":[{\"@type\":\"SearchAction\",\"target\":{\"@type\":\"EntryPoint\",\"urlTemplate\":\"https:\/\/gayaessence.com\/?s={search_term_string}\"},\"query-input\":{\"@type\":\"PropertyValueSpecification\",\"valueRequired\":true,\"valueName\":\"search_term_string\"}}],\"inLanguage\":\"es\"},{\"@type\":\"Organization\",\"@id\":\"https:\/\/gayaessence.com\/#organization\",\"name\":\"Gaya Essence\",\"url\":\"https:\/\/gayaessence.com\/\",\"logo\":{\"@type\":\"ImageObject\",\"inLanguage\":\"es\",\"@id\":\"https:\/\/gayaessence.com\/#\/schema\/logo\/image\/\",\"url\":\"https:\/\/gayaessence.com\/wp-content\/uploads\/2024\/10\/cropped-logo-transp-1.png\",\"contentUrl\":\"https:\/\/gayaessence.com\/wp-content\/uploads\/2024\/10\/cropped-logo-transp-1.png\",\"width\":500,\"height\":196,\"caption\":\"Gaya Essence\"},\"image\":{\"@id\":\"https:\/\/gayaessence.com\/#\/schema\/logo\/image\/\"}}]}<\/script>\n<!-- \/ Yoast SEO plugin. -->","yoast_head_json":{"title":"Kit la Voz del Fuego - Manual Digital - Gaya Essence","robots":{"index":"index","follow":"follow","max-snippet":"max-snippet:-1","max-image-preview":"max-image-preview:large","max-video-preview":"max-video-preview:-1"},"canonical":"https:\/\/gayaessence.com\/index.php\/producto\/kit-la-voz-del-fuego\/","og_locale":"es_ES","og_type":"article","og_title":"Kit la Voz del Fuego - Manual Digital - Gaya Essence","og_description":"Prop\u00f3sito Un kit para quienes sienten el llamado de trabajar con velas como herramienta energ\u00e9tica y espiritual. Este kit ha sido creado para ayudarte a conectar [\u2026]","og_url":"https:\/\/gayaessence.com\/index.php\/producto\/kit-la-voz-del-fuego\/","og_site_name":"Gaya Essence","article_modified_time":"2025-12-05T05:38:02+00:00","og_image":[{"width":1206,"height":1560,"url":"https:\/\/gayaessence.com\/wp-content\/uploads\/2025\/07\/IMG_9572.jpg","type":"image\/jpeg"}],"twitter_card":"summary_large_image","twitter_misc":{"Tiempo de lectura":"2 minutos"},"schema":{"@context":"https:\/\/schema.org","@graph":[{"@type":"WebPage","@id":"https:\/\/gayaessence.com\/index.php\/producto\/kit-la-voz-del-fuego\/","url":"https:\/\/gayaessence.com\/index.php\/producto\/kit-la-voz-del-fuego\/","name":"Kit la Voz del Fuego - Manual Digital - Gaya Essence","isPartOf":{"@id":"https:\/\/gayaessence.com\/#website"},"primaryImageOfPage":{"@id":"https:\/\/gayaessence.com\/index.php\/producto\/kit-la-voz-del-fuego\/#primaryimage"},"image":{"@id":"https:\/\/gayaessence.com\/index.php\/producto\/kit-la-voz-del-fuego\/#primaryimage"},"thumbnailUrl":"https:\/\/gayaessence.com\/wp-content\/uploads\/2025\/07\/IMG_9572.jpg","datePublished":"2025-07-30T10:12:16+00:00","dateModified":"2025-12-05T05:38:02+00:00","breadcrumb":{"@id":"https:\/\/gayaessence.com\/index.php\/producto\/kit-la-voz-del-fuego\/#breadcrumb"},"inLanguage":"es","potentialAction":[{"@type":"ReadAction","target":["https:\/\/gayaessence.com\/index.php\/producto\/kit-la-voz-del-fuego\/"]}]},{"@type":"ImageObject","inLanguage":"es","@id":"https:\/\/gayaessence.com\/index.php\/producto\/kit-la-voz-del-fuego\/#primaryimage","url":"https:\/\/gayaessence.com\/wp-content\/uploads\/2025\/07\/IMG_9572.jpg","contentUrl":"https:\/\/gayaessence.com\/wp-content\/uploads\/2025\/07\/IMG_9572.jpg","width":1206,"height":1560},{"@type":"BreadcrumbList","@id":"https:\/\/gayaessence.com\/index.php\/producto\/kit-la-voz-del-fuego\/#breadcrumb","itemListElement":[{"@type":"ListItem","position":1,"name":"Portada","item":"https:\/\/gayaessence.com\/"},{"@type":"ListItem","position":2,"name":"Tienda","item":"https:\/\/gayaessence.com\/index.php\/shop\/"},{"@type":"ListItem","position":3,"name":"Kit la Voz del Fuego &#8211; Manual Digital"}]},{"@type":"WebSite","@id":"https:\/\/gayaessence.com\/#website","url":"https:\/\/gayaessence.com\/","name":"Gaya Essence","description":"Cuida, Protege y Eleva tu Vibraci\u00f3n","publisher":{"@id":"https:\/\/gayaessence.com\/#organization"},"potentialAction":[{"@type":"SearchAction","target":{"@type":"EntryPoint","urlTemplate":"https:\/\/gayaessence.com\/?s={search_term_string}"},"query-input":{"@type":"PropertyValueSpecification","valueRequired":true,"valueName":"search_term_string"}}],"inLanguage":"es"},{"@type":"Organization","@id":"https:\/\/gayaessence.com\/#organization","name":"Gaya Essence","url":"https:\/\/gayaessence.com\/","logo":{"@type":"ImageObject","inLanguage":"es","@id":"https:\/\/gayaessence.com\/#\/schema\/logo\/image\/","url":"https:\/\/gayaessence.com\/wp-content\/uploads\/2024\/10\/cropped-logo-transp-1.png","contentUrl":"https:\/\/gayaessence.com\/wp-content\/uploads\/2024\/10\/cropped-logo-transp-1.png","width":500,"height":196,"caption":"Gaya Essence"},"image":{"@id":"https:\/\/gayaessence.com\/#\/schema\/logo\/image\/"}}]}},"jetpack_sharing_enabled":true,"_links":{"self":[{"href":"https:\/\/gayaessence.com\/index.php\/wp-json\/wp\/v2\/product\/4341","targetHints":{"allow":["GET"]}}],"collection":[{"href":"https:\/\/gayaessence.com\/index.php\/wp-json\/wp\/v2\/product"}],"about":[{"href":"https:\/\/gayaessence.com\/index.php\/wp-json\/wp\/v2\/types\/product"}],"version-history":[{"count":5,"href":"https:\/\/gayaessence.com\/index.php\/wp-json\/wp\/v2\/product\/4341\/revisions"}],"predecessor-version":[{"id":4890,"href":"https:\/\/gayaessence.com\/index.php\/wp-json\/wp\/v2\/product\/4341\/revisions\/4890"}],"wp:featuredmedia":[{"embeddable":true,"href":"https:\/\/gayaessence.com\/index.php\/wp-json\/wp\/v2\/media\/4342"}],"wp:attachment":[{"href":"https:\/\/gayaessence.com\/index.php\/wp-json\/wp\/v2\/media?parent=4341"}],"wp:term":[{"taxonomy":"product_brand","embeddable":true,"href":"https:\/\/gayaessence.com\/index.php\/wp-json\/wp\/v2\/product_brand?post=4341"},{"taxonomy":"product_cat","embeddable":true,"href":"https:\/\/gayaessence.com\/index.php\/wp-json\/wp\/v2\/product_cat?post=4341"},{"taxonomy":"product_tag","embeddable":true,"href":"https:\/\/gayaessence.com\/index.php\/wp-json\/wp\/v2\/product_tag?post=4341"}],"curies":[{"name":"wp","href":"https:\/\/api.w.org\/{rel}","templated":true}]}}