{"id":3684,"date":"2025-04-16T11:28:04","date_gmt":"2025-04-16T11:28:04","guid":{"rendered":"https:\/\/gayaessence.com\/?post_type=product&#038;p=3684"},"modified":"2025-08-18T00:00:15","modified_gmt":"2025-08-18T00:00:15","slug":"kit-12-velas-de-te-de-soja","status":"publish","type":"product","link":"https:\/\/gayaessence.com\/index.php\/producto\/kit-12-velas-de-te-de-soja\/","title":{"rendered":"Kit 12 Velas de Te de Soja"},"content":{"rendered":"\t\t<div data-elementor-type=\"wp-post\" data-elementor-id=\"3684\" class=\"elementor elementor-3684\">\n\t\t\t\t\t\t<section class=\"elementor-section elementor-top-section elementor-element elementor-element-ba79a43 elementor-section-boxed elementor-section-height-default elementor-section-height-default\" data-id=\"ba79a43\" data-element_type=\"section\">\n\t\t\t\t\t\t<div class=\"elementor-container elementor-column-gap-default\">\n\t\t\t\t\t<div class=\"elementor-column elementor-col-100 elementor-top-column elementor-element elementor-element-183df69\" data-id=\"183df69\" data-element_type=\"column\">\n\t\t\t<div class=\"elementor-widget-wrap elementor-element-populated\">\n\t\t\t\t\t\t<section class=\"elementor-section elementor-inner-section elementor-element elementor-element-f5dfea0 elementor-section-boxed elementor-section-height-default elementor-section-height-default\" data-id=\"f5dfea0\" data-element_type=\"section\">\n\t\t\t\t\t\t<div class=\"elementor-container elementor-column-gap-default\">\n\t\t\t\t\t<div class=\"elementor-column elementor-col-50 elementor-inner-column elementor-element elementor-element-a5c31cf\" data-id=\"a5c31cf\" data-element_type=\"column\">\n\t\t\t<div class=\"elementor-widget-wrap elementor-element-populated\">\n\t\t\t\t\t\t<div class=\"elementor-element elementor-element-ae33da0 elementor-widget elementor-widget-heading\" data-id=\"ae33da0\" data-element_type=\"widget\" data-widget_type=\"heading.default\">\n\t\t\t\t<div class=\"elementor-widget-container\">\n\t\t\t<h3 class=\"elementor-heading-title elementor-size-default\">Descripci\u00f3n<\/h3>\t\t<\/div>\n\t\t\t\t<\/div>\n\t\t\t\t<div class=\"elementor-element elementor-element-ae57f90 elementor-widget elementor-widget-text-editor\" data-id=\"ae57f90\" data-element_type=\"widget\" data-widget_type=\"text-editor.default\">\n\t\t\t\t<div class=\"elementor-widget-container\">\n\t\t\t\t\t\t\t<p class=\"\" data-start=\"93\" data-end=\"153\"><strong data-start=\"93\" data-end=\"153\">Caja de 12 Velas de T\u00e9 de Soja \u2013 Artesanales y sin aroma<\/strong><\/p><p class=\"\" data-start=\"155\" data-end=\"397\">Crea un ambiente c\u00e1lido y natural con nuestra <strong data-start=\"201\" data-end=\"270\">caja de 12 velas de t\u00e9 elaboradas artesanalmente con cera de soja<\/strong> y mecha de algod\u00f3n. Sin aditivos ni fragancias, son ideales para quienes buscan una opci\u00f3n m\u00e1s pura, ecol\u00f3gica y consciente.<\/p><p class=\"\" data-start=\"399\" data-end=\"613\">Gracias a su combusti\u00f3n limpia y duradera, estas velas son perfectas para acompa\u00f1ar pr\u00e1cticas de meditaci\u00f3n, sesiones de relajaci\u00f3n, rituales o simplemente para ambientar tus espacios con una luz suave y armoniosa.<\/p><p class=\"\" data-start=\"615\" data-end=\"637\">\u2728 <strong data-start=\"617\" data-end=\"637\">Caracter\u00edsticas:<\/strong><\/p><ul data-start=\"638\" data-end=\"913\"><li class=\"\" data-start=\"638\" data-end=\"685\"><p class=\"\" data-start=\"640\" data-end=\"685\">Hechas a mano con cera de soja 100% natural<\/p><\/li><li class=\"\" data-start=\"686\" data-end=\"723\"><p class=\"\" data-start=\"688\" data-end=\"723\">Mecha de algod\u00f3n libre de metales<\/p><\/li><li class=\"\" data-start=\"724\" data-end=\"801\"><p class=\"\" data-start=\"726\" data-end=\"801\">Sin aroma: perfectas para espacios sensibles o aromaterapia personalizada<\/p><\/li><li class=\"\" data-start=\"802\" data-end=\"840\"><p class=\"\" data-start=\"804\" data-end=\"840\">Combusti\u00f3n limpia, sin humo t\u00f3xico<\/p><\/li><li class=\"\" data-start=\"841\" data-end=\"875\"><p class=\"\" data-start=\"843\" data-end=\"875\">Duraci\u00f3n: 4 a 5 horas por vela<\/p><\/li><li class=\"\" data-start=\"876\" data-end=\"913\"><p class=\"\" data-start=\"878\" data-end=\"913\">Presentaci\u00f3n: caja de 12 unidades<\/p><\/li><\/ul><p class=\"\" data-start=\"915\" data-end=\"1034\">S\u00famalas a tu rutina diaria o comb\u00ednalas con nuestros portavelas artesanales para una experiencia completa y consciente.<\/p>\t\t\t\t\t\t<\/div>\n\t\t\t\t<\/div>\n\t\t\t\t\t<\/div>\n\t\t<\/div>\n\t\t\t\t<div class=\"elementor-column elementor-col-50 elementor-inner-column elementor-element elementor-element-a967996\" data-id=\"a967996\" data-element_type=\"column\">\n\t\t\t<div class=\"elementor-widget-wrap elementor-element-populated\">\n\t\t\t\t\t\t<div class=\"elementor-element elementor-element-38791ca elementor-widget elementor-widget-image\" data-id=\"38791ca\" data-element_type=\"widget\" data-widget_type=\"image.default\">\n\t\t\t\t<div class=\"elementor-widget-container\">\n\t\t\t\t\t\t\t\t\t\t\t\t\t<img fetchpriority=\"high\" decoding=\"async\" width=\"928\" height=\"1010\" src=\"https:\/\/gayaessence.com\/wp-content\/uploads\/2025\/04\/Captura-de-pantalla-2025-04-16-a-las-13.13.15.png\" class=\"attachment-large size-large wp-image-3685\" alt=\"\" srcset=\"https:\/\/gayaessence.com\/wp-content\/uploads\/2025\/04\/Captura-de-pantalla-2025-04-16-a-las-13.13.15.png 928w, https:\/\/gayaessence.com\/wp-content\/uploads\/2025\/04\/Captura-de-pantalla-2025-04-16-a-las-13.13.15-459x500.png 459w, https:\/\/gayaessence.com\/wp-content\/uploads\/2025\/04\/Captura-de-pantalla-2025-04-16-a-las-13.13.15-276x300.png 276w, https:\/\/gayaessence.com\/wp-content\/uploads\/2025\/04\/Captura-de-pantalla-2025-04-16-a-las-13.13.15-768x836.png 768w, https:\/\/gayaessence.com\/wp-content\/uploads\/2025\/04\/Captura-de-pantalla-2025-04-16-a-las-13.13.15-69x75.png 69w, https:\/\/gayaessence.com\/wp-content\/uploads\/2025\/04\/Captura-de-pantalla-2025-04-16-a-las-13.13.15-480x522.png 480w, https:\/\/gayaessence.com\/wp-content\/uploads\/2025\/04\/Captura-de-pantalla-2025-04-16-a-las-13.13.15-800x871.png 800w\" sizes=\"(max-width:767px) 480px, (max-width:928px) 100vw, 928px\" \/>\t\t\t\t\t\t\t\t\t\t\t\t\t<\/div>\n\t\t\t\t<\/div>\n\t\t\t\t\t<\/div>\n\t\t<\/div>\n\t\t\t\t\t<\/div>\n\t\t<\/section>\n\t\t\t\t\t<\/div>\n\t\t<\/div>\n\t\t\t\t\t<\/div>\n\t\t<\/section>\n\t\t\t\t<\/div>\n\t\t","protected":false},"excerpt":{"rendered":"<p>Descripci\u00f3n Caja de 12 Velas de T\u00e9 de Soja \u2013 Artesanales y sin aroma Crea un ambiente c\u00e1lido y natural con nuestra caja de 12 velas<span class=\"excerpt-hellip\"> [\u2026]<\/span><\/p>\n","protected":false},"featured_media":3685,"template":"","meta":[],"product_brand":[],"product_cat":[27],"product_tag":[],"class_list":{"0":"post-3684","1":"product","2":"type-product","3":"status-publish","4":"has-post-thumbnail","6":"product_cat-hogar","8":"first","9":"instock","10":"shipping-taxable","11":"purchasable","12":"product-type-simple"},"yoast_head":"<!-- This site is optimized with the Yoast SEO plugin v23.9 - https:\/\/yoast.com\/wordpress\/plugins\/seo\/ -->\n<title>Kit 12 Velas de Te de Soja - Gaya Essence<\/title>\n<meta name=\"robots\" content=\"index, follow, max-snippet:-1, max-image-preview:large, max-video-preview:-1\" \/>\n<link rel=\"canonical\" href=\"https:\/\/gayaessence.com\/index.php\/producto\/kit-12-velas-de-te-de-soja\/\" \/>\n<meta property=\"og:locale\" content=\"es_ES\" \/>\n<meta property=\"og:type\" content=\"article\" \/>\n<meta property=\"og:title\" content=\"Kit 12 Velas de Te de Soja - Gaya Essence\" \/>\n<meta property=\"og:description\" content=\"Descripci\u00f3n Caja de 12 Velas de T\u00e9 de Soja \u2013 Artesanales y sin aroma Crea un ambiente c\u00e1lido y natural con nuestra caja de 12 velas [\u2026]\" \/>\n<meta property=\"og:url\" content=\"https:\/\/gayaessence.com\/index.php\/producto\/kit-12-velas-de-te-de-soja\/\" \/>\n<meta property=\"og:site_name\" content=\"Gaya Essence\" \/>\n<meta property=\"article:modified_time\" content=\"2025-08-18T00:00:15+00:00\" \/>\n<meta property=\"og:image\" content=\"https:\/\/gayaessence.com\/wp-content\/uploads\/2025\/04\/Captura-de-pantalla-2025-04-16-a-las-13.13.15.png\" \/>\n\t<meta property=\"og:image:width\" content=\"928\" \/>\n\t<meta property=\"og:image:height\" content=\"1010\" \/>\n\t<meta property=\"og:image:type\" content=\"image\/png\" \/>\n<meta name=\"twitter:card\" content=\"summary_large_image\" \/>\n<meta name=\"twitter:label1\" content=\"Tiempo de lectura\" \/>\n\t<meta name=\"twitter:data1\" content=\"2 minutos\" \/>\n<script type=\"application\/ld+json\" class=\"yoast-schema-graph\">{\"@context\":\"https:\/\/schema.org\",\"@graph\":[{\"@type\":\"WebPage\",\"@id\":\"https:\/\/gayaessence.com\/index.php\/producto\/kit-12-velas-de-te-de-soja\/\",\"url\":\"https:\/\/gayaessence.com\/index.php\/producto\/kit-12-velas-de-te-de-soja\/\",\"name\":\"Kit 12 Velas de Te de Soja - Gaya Essence\",\"isPartOf\":{\"@id\":\"https:\/\/gayaessence.com\/#website\"},\"primaryImageOfPage\":{\"@id\":\"https:\/\/gayaessence.com\/index.php\/producto\/kit-12-velas-de-te-de-soja\/#primaryimage\"},\"image\":{\"@id\":\"https:\/\/gayaessence.com\/index.php\/producto\/kit-12-velas-de-te-de-soja\/#primaryimage\"},\"thumbnailUrl\":\"https:\/\/gayaessence.com\/wp-content\/uploads\/2025\/04\/Captura-de-pantalla-2025-04-16-a-las-13.13.15.png\",\"datePublished\":\"2025-04-16T11:28:04+00:00\",\"dateModified\":\"2025-08-18T00:00:15+00:00\",\"breadcrumb\":{\"@id\":\"https:\/\/gayaessence.com\/index.php\/producto\/kit-12-velas-de-te-de-soja\/#breadcrumb\"},\"inLanguage\":\"es\",\"potentialAction\":[{\"@type\":\"ReadAction\",\"target\":[\"https:\/\/gayaessence.com\/index.php\/producto\/kit-12-velas-de-te-de-soja\/\"]}]},{\"@type\":\"ImageObject\",\"inLanguage\":\"es\",\"@id\":\"https:\/\/gayaessence.com\/index.php\/producto\/kit-12-velas-de-te-de-soja\/#primaryimage\",\"url\":\"https:\/\/gayaessence.com\/wp-content\/uploads\/2025\/04\/Captura-de-pantalla-2025-04-16-a-las-13.13.15.png\",\"contentUrl\":\"https:\/\/gayaessence.com\/wp-content\/uploads\/2025\/04\/Captura-de-pantalla-2025-04-16-a-las-13.13.15.png\",\"width\":928,\"height\":1010},{\"@type\":\"BreadcrumbList\",\"@id\":\"https:\/\/gayaessence.com\/index.php\/producto\/kit-12-velas-de-te-de-soja\/#breadcrumb\",\"itemListElement\":[{\"@type\":\"ListItem\",\"position\":1,\"name\":\"Portada\",\"item\":\"https:\/\/gayaessence.com\/\"},{\"@type\":\"ListItem\",\"position\":2,\"name\":\"Tienda\",\"item\":\"https:\/\/gayaessence.com\/index.php\/shop\/\"},{\"@type\":\"ListItem\",\"position\":3,\"name\":\"Kit 12 Velas de Te de Soja\"}]},{\"@type\":\"WebSite\",\"@id\":\"https:\/\/gayaessence.com\/#website\",\"url\":\"https:\/\/gayaessence.com\/\",\"name\":\"Gaya Essence\",\"description\":\"Cuida, Protege y Eleva tu Vibraci\u00f3n\",\"publisher\":{\"@id\":\"https:\/\/gayaessence.com\/#organization\"},\"potentialAction\":[{\"@type\":\"SearchAction\",\"target\":{\"@type\":\"EntryPoint\",\"urlTemplate\":\"https:\/\/gayaessence.com\/?s={search_term_string}\"},\"query-input\":{\"@type\":\"PropertyValueSpecification\",\"valueRequired\":true,\"valueName\":\"search_term_string\"}}],\"inLanguage\":\"es\"},{\"@type\":\"Organization\",\"@id\":\"https:\/\/gayaessence.com\/#organization\",\"name\":\"Gaya Essence\",\"url\":\"https:\/\/gayaessence.com\/\",\"logo\":{\"@type\":\"ImageObject\",\"inLanguage\":\"es\",\"@id\":\"https:\/\/gayaessence.com\/#\/schema\/logo\/image\/\",\"url\":\"https:\/\/gayaessence.com\/wp-content\/uploads\/2024\/10\/cropped-logo-transp-1.png\",\"contentUrl\":\"https:\/\/gayaessence.com\/wp-content\/uploads\/2024\/10\/cropped-logo-transp-1.png\",\"width\":500,\"height\":196,\"caption\":\"Gaya Essence\"},\"image\":{\"@id\":\"https:\/\/gayaessence.com\/#\/schema\/logo\/image\/\"}}]}<\/script>\n<!-- \/ Yoast SEO plugin. -->","yoast_head_json":{"title":"Kit 12 Velas de Te de Soja - Gaya Essence","robots":{"index":"index","follow":"follow","max-snippet":"max-snippet:-1","max-image-preview":"max-image-preview:large","max-video-preview":"max-video-preview:-1"},"canonical":"https:\/\/gayaessence.com\/index.php\/producto\/kit-12-velas-de-te-de-soja\/","og_locale":"es_ES","og_type":"article","og_title":"Kit 12 Velas de Te de Soja - Gaya Essence","og_description":"Descripci\u00f3n Caja de 12 Velas de T\u00e9 de Soja \u2013 Artesanales y sin aroma Crea un ambiente c\u00e1lido y natural con nuestra caja de 12 velas [\u2026]","og_url":"https:\/\/gayaessence.com\/index.php\/producto\/kit-12-velas-de-te-de-soja\/","og_site_name":"Gaya Essence","article_modified_time":"2025-08-18T00:00:15+00:00","og_image":[{"width":928,"height":1010,"url":"https:\/\/gayaessence.com\/wp-content\/uploads\/2025\/04\/Captura-de-pantalla-2025-04-16-a-las-13.13.15.png","type":"image\/png"}],"twitter_card":"summary_large_image","twitter_misc":{"Tiempo de lectura":"2 minutos"},"schema":{"@context":"https:\/\/schema.org","@graph":[{"@type":"WebPage","@id":"https:\/\/gayaessence.com\/index.php\/producto\/kit-12-velas-de-te-de-soja\/","url":"https:\/\/gayaessence.com\/index.php\/producto\/kit-12-velas-de-te-de-soja\/","name":"Kit 12 Velas de Te de Soja - Gaya Essence","isPartOf":{"@id":"https:\/\/gayaessence.com\/#website"},"primaryImageOfPage":{"@id":"https:\/\/gayaessence.com\/index.php\/producto\/kit-12-velas-de-te-de-soja\/#primaryimage"},"image":{"@id":"https:\/\/gayaessence.com\/index.php\/producto\/kit-12-velas-de-te-de-soja\/#primaryimage"},"thumbnailUrl":"https:\/\/gayaessence.com\/wp-content\/uploads\/2025\/04\/Captura-de-pantalla-2025-04-16-a-las-13.13.15.png","datePublished":"2025-04-16T11:28:04+00:00","dateModified":"2025-08-18T00:00:15+00:00","breadcrumb":{"@id":"https:\/\/gayaessence.com\/index.php\/producto\/kit-12-velas-de-te-de-soja\/#breadcrumb"},"inLanguage":"es","potentialAction":[{"@type":"ReadAction","target":["https:\/\/gayaessence.com\/index.php\/producto\/kit-12-velas-de-te-de-soja\/"]}]},{"@type":"ImageObject","inLanguage":"es","@id":"https:\/\/gayaessence.com\/index.php\/producto\/kit-12-velas-de-te-de-soja\/#primaryimage","url":"https:\/\/gayaessence.com\/wp-content\/uploads\/2025\/04\/Captura-de-pantalla-2025-04-16-a-las-13.13.15.png","contentUrl":"https:\/\/gayaessence.com\/wp-content\/uploads\/2025\/04\/Captura-de-pantalla-2025-04-16-a-las-13.13.15.png","width":928,"height":1010},{"@type":"BreadcrumbList","@id":"https:\/\/gayaessence.com\/index.php\/producto\/kit-12-velas-de-te-de-soja\/#breadcrumb","itemListElement":[{"@type":"ListItem","position":1,"name":"Portada","item":"https:\/\/gayaessence.com\/"},{"@type":"ListItem","position":2,"name":"Tienda","item":"https:\/\/gayaessence.com\/index.php\/shop\/"},{"@type":"ListItem","position":3,"name":"Kit 12 Velas de Te de Soja"}]},{"@type":"WebSite","@id":"https:\/\/gayaessence.com\/#website","url":"https:\/\/gayaessence.com\/","name":"Gaya Essence","description":"Cuida, Protege y Eleva tu Vibraci\u00f3n","publisher":{"@id":"https:\/\/gayaessence.com\/#organization"},"potentialAction":[{"@type":"SearchAction","target":{"@type":"EntryPoint","urlTemplate":"https:\/\/gayaessence.com\/?s={search_term_string}"},"query-input":{"@type":"PropertyValueSpecification","valueRequired":true,"valueName":"search_term_string"}}],"inLanguage":"es"},{"@type":"Organization","@id":"https:\/\/gayaessence.com\/#organization","name":"Gaya Essence","url":"https:\/\/gayaessence.com\/","logo":{"@type":"ImageObject","inLanguage":"es","@id":"https:\/\/gayaessence.com\/#\/schema\/logo\/image\/","url":"https:\/\/gayaessence.com\/wp-content\/uploads\/2024\/10\/cropped-logo-transp-1.png","contentUrl":"https:\/\/gayaessence.com\/wp-content\/uploads\/2024\/10\/cropped-logo-transp-1.png","width":500,"height":196,"caption":"Gaya Essence"},"image":{"@id":"https:\/\/gayaessence.com\/#\/schema\/logo\/image\/"}}]}},"jetpack_sharing_enabled":true,"_links":{"self":[{"href":"https:\/\/gayaessence.com\/index.php\/wp-json\/wp\/v2\/product\/3684","targetHints":{"allow":["GET"]}}],"collection":[{"href":"https:\/\/gayaessence.com\/index.php\/wp-json\/wp\/v2\/product"}],"about":[{"href":"https:\/\/gayaessence.com\/index.php\/wp-json\/wp\/v2\/types\/product"}],"version-history":[{"count":5,"href":"https:\/\/gayaessence.com\/index.php\/wp-json\/wp\/v2\/product\/3684\/revisions"}],"predecessor-version":[{"id":4195,"href":"https:\/\/gayaessence.com\/index.php\/wp-json\/wp\/v2\/product\/3684\/revisions\/4195"}],"wp:featuredmedia":[{"embeddable":true,"href":"https:\/\/gayaessence.com\/index.php\/wp-json\/wp\/v2\/media\/3685"}],"wp:attachment":[{"href":"https:\/\/gayaessence.com\/index.php\/wp-json\/wp\/v2\/media?parent=3684"}],"wp:term":[{"taxonomy":"product_brand","embeddable":true,"href":"https:\/\/gayaessence.com\/index.php\/wp-json\/wp\/v2\/product_brand?post=3684"},{"taxonomy":"product_cat","embeddable":true,"href":"https:\/\/gayaessence.com\/index.php\/wp-json\/wp\/v2\/product_cat?post=3684"},{"taxonomy":"product_tag","embeddable":true,"href":"https:\/\/gayaessence.com\/index.php\/wp-json\/wp\/v2\/product_tag?post=3684"}],"curies":[{"name":"wp","href":"https:\/\/api.w.org\/{rel}","templated":true}]}}