{"id":3633,"date":"2025-04-16T10:03:13","date_gmt":"2025-04-16T10:03:13","guid":{"rendered":"https:\/\/gayaessence.com\/?post_type=product&#038;p=3633"},"modified":"2025-05-22T09:09:29","modified_gmt":"2025-05-22T09:09:29","slug":"collar-fluorita-2","status":"publish","type":"product","link":"https:\/\/gayaessence.com\/index.php\/producto\/collar-fluorita-2\/","title":{"rendered":"Collar Fluorita"},"content":{"rendered":"\t\t<div data-elementor-type=\"wp-post\" data-elementor-id=\"3633\" class=\"elementor elementor-3633\">\n\t\t\t\t\t\t<section class=\"elementor-section elementor-top-section elementor-element elementor-element-ba79a43 elementor-section-boxed elementor-section-height-default elementor-section-height-default\" data-id=\"ba79a43\" data-element_type=\"section\">\n\t\t\t\t\t\t<div class=\"elementor-container elementor-column-gap-default\">\n\t\t\t\t\t<div class=\"elementor-column elementor-col-100 elementor-top-column elementor-element elementor-element-183df69\" data-id=\"183df69\" data-element_type=\"column\">\n\t\t\t<div class=\"elementor-widget-wrap elementor-element-populated\">\n\t\t\t\t\t\t<section class=\"elementor-section elementor-inner-section elementor-element elementor-element-f5dfea0 elementor-section-boxed elementor-section-height-default elementor-section-height-default\" data-id=\"f5dfea0\" data-element_type=\"section\">\n\t\t\t\t\t\t<div class=\"elementor-container elementor-column-gap-default\">\n\t\t\t\t\t<div class=\"elementor-column elementor-col-50 elementor-inner-column elementor-element elementor-element-a5c31cf\" data-id=\"a5c31cf\" data-element_type=\"column\">\n\t\t\t<div class=\"elementor-widget-wrap elementor-element-populated\">\n\t\t\t\t\t\t<div class=\"elementor-element elementor-element-88efd13 elementor-widget elementor-widget-heading\" data-id=\"88efd13\" data-element_type=\"widget\" data-widget_type=\"heading.default\">\n\t\t\t\t<div class=\"elementor-widget-container\">\n\t\t\t<h3 class=\"elementor-heading-title elementor-size-default\">Descripci\u00f3n<\/h3>\t\t<\/div>\n\t\t\t\t<\/div>\n\t\t\t\t<div class=\"elementor-element elementor-element-d4da46a elementor-widget elementor-widget-text-editor\" data-id=\"d4da46a\" data-element_type=\"widget\" data-widget_type=\"text-editor.default\">\n\t\t\t\t<div class=\"elementor-widget-container\">\n\t\t\t\t\t\t\t<p><span style=\"font-weight: 400\">El collar fluorita est\u00e1 elaborado en acero inoxidable y compuesto por una delicada combinaci\u00f3n de dijes de fluorita, amatista y detalles en oro, creando una pieza luminosa y llena de intenci\u00f3n.<\/span><\/p><p><span style=\"font-weight: 400\">Cada piedra ha sido elegida no solo por su belleza natural, sino por sus propiedades energ\u00e9ticas:<\/span><span style=\"font-weight: 400\"><br \/><\/span><span style=\"font-weight: 400\">\u2022 Fluorita: claridad mental, protecci\u00f3n y concentraci\u00f3n.<\/span><span style=\"font-weight: 400\"><br \/><\/span><span style=\"font-weight: 400\">\u2022 Amatista: calma, intuici\u00f3n y conexi\u00f3n espiritual.<\/span><\/p><p><span style=\"font-weight: 400\">Con su dise\u00f1o armonioso y vibrante, el collar Aurora se convierte en un amuleto moderno que acompa\u00f1a tu estilo con elegancia y significado.<\/span><\/p><p><span style=\"font-weight: 400\">Ideal para quienes buscan una joya sutil pero poderosa y con un aire m\u00edstico.<\/span><\/p>\t\t\t\t\t\t<\/div>\n\t\t\t\t<\/div>\n\t\t\t\t\t<\/div>\n\t\t<\/div>\n\t\t\t\t<div class=\"elementor-column elementor-col-50 elementor-inner-column elementor-element elementor-element-a967996\" data-id=\"a967996\" data-element_type=\"column\">\n\t\t\t<div class=\"elementor-widget-wrap elementor-element-populated\">\n\t\t\t\t\t\t<div class=\"elementor-element elementor-element-38791ca elementor-widget elementor-widget-image\" data-id=\"38791ca\" data-element_type=\"widget\" data-widget_type=\"image.default\">\n\t\t\t\t<div class=\"elementor-widget-container\">\n\t\t\t\t\t\t\t\t\t\t\t\t\t<img fetchpriority=\"high\" decoding=\"async\" width=\"1165\" height=\"1200\" src=\"https:\/\/gayaessence.com\/wp-content\/uploads\/2025\/04\/Captura-de-pantalla-2025-04-16-a-las-9.43.37-1165x1200.png\" class=\"attachment-large size-large wp-image-3622\" alt=\"\" srcset=\"https:\/\/gayaessence.com\/wp-content\/uploads\/2025\/04\/Captura-de-pantalla-2025-04-16-a-las-9.43.37-1165x1200.png 1165w, https:\/\/gayaessence.com\/wp-content\/uploads\/2025\/04\/Captura-de-pantalla-2025-04-16-a-las-9.43.37-486x500.png 486w, https:\/\/gayaessence.com\/wp-content\/uploads\/2025\/04\/Captura-de-pantalla-2025-04-16-a-las-9.43.37-291x300.png 291w, https:\/\/gayaessence.com\/wp-content\/uploads\/2025\/04\/Captura-de-pantalla-2025-04-16-a-las-9.43.37-768x791.png 768w, https:\/\/gayaessence.com\/wp-content\/uploads\/2025\/04\/Captura-de-pantalla-2025-04-16-a-las-9.43.37-1492x1536.png 1492w, https:\/\/gayaessence.com\/wp-content\/uploads\/2025\/04\/Captura-de-pantalla-2025-04-16-a-las-9.43.37-73x75.png 73w, https:\/\/gayaessence.com\/wp-content\/uploads\/2025\/04\/Captura-de-pantalla-2025-04-16-a-las-9.43.37-480x494.png 480w, https:\/\/gayaessence.com\/wp-content\/uploads\/2025\/04\/Captura-de-pantalla-2025-04-16-a-las-9.43.37-800x824.png 800w, https:\/\/gayaessence.com\/wp-content\/uploads\/2025\/04\/Captura-de-pantalla-2025-04-16-a-las-9.43.37.png 1748w\" sizes=\"(max-width:767px) 480px, (max-width:1165px) 100vw, 1165px\" \/>\t\t\t\t\t\t\t\t\t\t\t\t\t<\/div>\n\t\t\t\t<\/div>\n\t\t\t\t\t<\/div>\n\t\t<\/div>\n\t\t\t\t\t<\/div>\n\t\t<\/section>\n\t\t\t\t\t<\/div>\n\t\t<\/div>\n\t\t\t\t\t<\/div>\n\t\t<\/section>\n\t\t\t\t<\/div>\n\t\t","protected":false},"excerpt":{"rendered":"<p>Descripci\u00f3n El collar fluorita est\u00e1 elaborado en acero inoxidable y compuesto por una delicada combinaci\u00f3n de dijes de fluorita, amatista y detalles en oro, creando una<span class=\"excerpt-hellip\"> [\u2026]<\/span><\/p>\n","protected":false},"featured_media":3622,"template":"","meta":[],"product_brand":[],"product_cat":[224],"product_tag":[],"class_list":{"0":"post-3633","1":"product","2":"type-product","3":"status-publish","4":"has-post-thumbnail","6":"product_cat-joyas","8":"first","9":"outofstock","10":"shipping-taxable","11":"purchasable","12":"product-type-simple"},"yoast_head":"<!-- This site is optimized with the Yoast SEO plugin v23.9 - https:\/\/yoast.com\/wordpress\/plugins\/seo\/ -->\n<title>Collar Fluorita - Gaya Essence<\/title>\n<meta name=\"robots\" content=\"index, follow, max-snippet:-1, max-image-preview:large, max-video-preview:-1\" \/>\n<link rel=\"canonical\" href=\"https:\/\/gayaessence.com\/index.php\/producto\/collar-fluorita-2\/\" \/>\n<meta property=\"og:locale\" content=\"es_ES\" \/>\n<meta property=\"og:type\" content=\"article\" \/>\n<meta property=\"og:title\" content=\"Collar Fluorita - Gaya Essence\" \/>\n<meta property=\"og:description\" content=\"Descripci\u00f3n El collar fluorita est\u00e1 elaborado en acero inoxidable y compuesto por una delicada combinaci\u00f3n de dijes de fluorita, amatista y detalles en oro, creando una [\u2026]\" \/>\n<meta property=\"og:url\" content=\"https:\/\/gayaessence.com\/index.php\/producto\/collar-fluorita-2\/\" \/>\n<meta property=\"og:site_name\" content=\"Gaya Essence\" \/>\n<meta property=\"article:modified_time\" content=\"2025-05-22T09:09:29+00:00\" \/>\n<meta property=\"og:image\" content=\"https:\/\/gayaessence.com\/wp-content\/uploads\/2025\/04\/Captura-de-pantalla-2025-04-16-a-las-9.43.37-768x791.png\" \/>\n\t<meta property=\"og:image:width\" content=\"768\" \/>\n\t<meta property=\"og:image:height\" content=\"791\" \/>\n\t<meta property=\"og:image:type\" content=\"image\/png\" \/>\n<meta name=\"twitter:card\" content=\"summary_large_image\" \/>\n<meta name=\"twitter:label1\" content=\"Tiempo de lectura\" \/>\n\t<meta name=\"twitter:data1\" content=\"1 minuto\" \/>\n<script type=\"application\/ld+json\" class=\"yoast-schema-graph\">{\"@context\":\"https:\/\/schema.org\",\"@graph\":[{\"@type\":\"WebPage\",\"@id\":\"https:\/\/gayaessence.com\/index.php\/producto\/collar-fluorita-2\/\",\"url\":\"https:\/\/gayaessence.com\/index.php\/producto\/collar-fluorita-2\/\",\"name\":\"Collar Fluorita - Gaya Essence\",\"isPartOf\":{\"@id\":\"https:\/\/gayaessence.com\/#website\"},\"primaryImageOfPage\":{\"@id\":\"https:\/\/gayaessence.com\/index.php\/producto\/collar-fluorita-2\/#primaryimage\"},\"image\":{\"@id\":\"https:\/\/gayaessence.com\/index.php\/producto\/collar-fluorita-2\/#primaryimage\"},\"thumbnailUrl\":\"https:\/\/gayaessence.com\/wp-content\/uploads\/2025\/04\/Captura-de-pantalla-2025-04-16-a-las-9.43.37.png\",\"datePublished\":\"2025-04-16T10:03:13+00:00\",\"dateModified\":\"2025-05-22T09:09:29+00:00\",\"breadcrumb\":{\"@id\":\"https:\/\/gayaessence.com\/index.php\/producto\/collar-fluorita-2\/#breadcrumb\"},\"inLanguage\":\"es\",\"potentialAction\":[{\"@type\":\"ReadAction\",\"target\":[\"https:\/\/gayaessence.com\/index.php\/producto\/collar-fluorita-2\/\"]}]},{\"@type\":\"ImageObject\",\"inLanguage\":\"es\",\"@id\":\"https:\/\/gayaessence.com\/index.php\/producto\/collar-fluorita-2\/#primaryimage\",\"url\":\"https:\/\/gayaessence.com\/wp-content\/uploads\/2025\/04\/Captura-de-pantalla-2025-04-16-a-las-9.43.37.png\",\"contentUrl\":\"https:\/\/gayaessence.com\/wp-content\/uploads\/2025\/04\/Captura-de-pantalla-2025-04-16-a-las-9.43.37.png\",\"width\":1748,\"height\":1800},{\"@type\":\"BreadcrumbList\",\"@id\":\"https:\/\/gayaessence.com\/index.php\/producto\/collar-fluorita-2\/#breadcrumb\",\"itemListElement\":[{\"@type\":\"ListItem\",\"position\":1,\"name\":\"Portada\",\"item\":\"https:\/\/gayaessence.com\/\"},{\"@type\":\"ListItem\",\"position\":2,\"name\":\"Tienda\",\"item\":\"https:\/\/gayaessence.com\/index.php\/shop\/\"},{\"@type\":\"ListItem\",\"position\":3,\"name\":\"Collar Fluorita\"}]},{\"@type\":\"WebSite\",\"@id\":\"https:\/\/gayaessence.com\/#website\",\"url\":\"https:\/\/gayaessence.com\/\",\"name\":\"Gaya Essence\",\"description\":\"Cuida, Protege y Eleva tu Vibraci\u00f3n\",\"publisher\":{\"@id\":\"https:\/\/gayaessence.com\/#organization\"},\"potentialAction\":[{\"@type\":\"SearchAction\",\"target\":{\"@type\":\"EntryPoint\",\"urlTemplate\":\"https:\/\/gayaessence.com\/?s={search_term_string}\"},\"query-input\":{\"@type\":\"PropertyValueSpecification\",\"valueRequired\":true,\"valueName\":\"search_term_string\"}}],\"inLanguage\":\"es\"},{\"@type\":\"Organization\",\"@id\":\"https:\/\/gayaessence.com\/#organization\",\"name\":\"Gaya Essence\",\"url\":\"https:\/\/gayaessence.com\/\",\"logo\":{\"@type\":\"ImageObject\",\"inLanguage\":\"es\",\"@id\":\"https:\/\/gayaessence.com\/#\/schema\/logo\/image\/\",\"url\":\"https:\/\/gayaessence.com\/wp-content\/uploads\/2024\/10\/cropped-logo-transp-1.png\",\"contentUrl\":\"https:\/\/gayaessence.com\/wp-content\/uploads\/2024\/10\/cropped-logo-transp-1.png\",\"width\":500,\"height\":196,\"caption\":\"Gaya Essence\"},\"image\":{\"@id\":\"https:\/\/gayaessence.com\/#\/schema\/logo\/image\/\"}}]}<\/script>\n<!-- \/ Yoast SEO plugin. -->","yoast_head_json":{"title":"Collar Fluorita - Gaya Essence","robots":{"index":"index","follow":"follow","max-snippet":"max-snippet:-1","max-image-preview":"max-image-preview:large","max-video-preview":"max-video-preview:-1"},"canonical":"https:\/\/gayaessence.com\/index.php\/producto\/collar-fluorita-2\/","og_locale":"es_ES","og_type":"article","og_title":"Collar Fluorita - Gaya Essence","og_description":"Descripci\u00f3n El collar fluorita est\u00e1 elaborado en acero inoxidable y compuesto por una delicada combinaci\u00f3n de dijes de fluorita, amatista y detalles en oro, creando una [\u2026]","og_url":"https:\/\/gayaessence.com\/index.php\/producto\/collar-fluorita-2\/","og_site_name":"Gaya Essence","article_modified_time":"2025-05-22T09:09:29+00:00","og_image":[{"width":768,"height":791,"url":"https:\/\/gayaessence.com\/wp-content\/uploads\/2025\/04\/Captura-de-pantalla-2025-04-16-a-las-9.43.37-768x791.png","type":"image\/png"}],"twitter_card":"summary_large_image","twitter_misc":{"Tiempo de lectura":"1 minuto"},"schema":{"@context":"https:\/\/schema.org","@graph":[{"@type":"WebPage","@id":"https:\/\/gayaessence.com\/index.php\/producto\/collar-fluorita-2\/","url":"https:\/\/gayaessence.com\/index.php\/producto\/collar-fluorita-2\/","name":"Collar Fluorita - Gaya Essence","isPartOf":{"@id":"https:\/\/gayaessence.com\/#website"},"primaryImageOfPage":{"@id":"https:\/\/gayaessence.com\/index.php\/producto\/collar-fluorita-2\/#primaryimage"},"image":{"@id":"https:\/\/gayaessence.com\/index.php\/producto\/collar-fluorita-2\/#primaryimage"},"thumbnailUrl":"https:\/\/gayaessence.com\/wp-content\/uploads\/2025\/04\/Captura-de-pantalla-2025-04-16-a-las-9.43.37.png","datePublished":"2025-04-16T10:03:13+00:00","dateModified":"2025-05-22T09:09:29+00:00","breadcrumb":{"@id":"https:\/\/gayaessence.com\/index.php\/producto\/collar-fluorita-2\/#breadcrumb"},"inLanguage":"es","potentialAction":[{"@type":"ReadAction","target":["https:\/\/gayaessence.com\/index.php\/producto\/collar-fluorita-2\/"]}]},{"@type":"ImageObject","inLanguage":"es","@id":"https:\/\/gayaessence.com\/index.php\/producto\/collar-fluorita-2\/#primaryimage","url":"https:\/\/gayaessence.com\/wp-content\/uploads\/2025\/04\/Captura-de-pantalla-2025-04-16-a-las-9.43.37.png","contentUrl":"https:\/\/gayaessence.com\/wp-content\/uploads\/2025\/04\/Captura-de-pantalla-2025-04-16-a-las-9.43.37.png","width":1748,"height":1800},{"@type":"BreadcrumbList","@id":"https:\/\/gayaessence.com\/index.php\/producto\/collar-fluorita-2\/#breadcrumb","itemListElement":[{"@type":"ListItem","position":1,"name":"Portada","item":"https:\/\/gayaessence.com\/"},{"@type":"ListItem","position":2,"name":"Tienda","item":"https:\/\/gayaessence.com\/index.php\/shop\/"},{"@type":"ListItem","position":3,"name":"Collar Fluorita"}]},{"@type":"WebSite","@id":"https:\/\/gayaessence.com\/#website","url":"https:\/\/gayaessence.com\/","name":"Gaya Essence","description":"Cuida, Protege y Eleva tu Vibraci\u00f3n","publisher":{"@id":"https:\/\/gayaessence.com\/#organization"},"potentialAction":[{"@type":"SearchAction","target":{"@type":"EntryPoint","urlTemplate":"https:\/\/gayaessence.com\/?s={search_term_string}"},"query-input":{"@type":"PropertyValueSpecification","valueRequired":true,"valueName":"search_term_string"}}],"inLanguage":"es"},{"@type":"Organization","@id":"https:\/\/gayaessence.com\/#organization","name":"Gaya Essence","url":"https:\/\/gayaessence.com\/","logo":{"@type":"ImageObject","inLanguage":"es","@id":"https:\/\/gayaessence.com\/#\/schema\/logo\/image\/","url":"https:\/\/gayaessence.com\/wp-content\/uploads\/2024\/10\/cropped-logo-transp-1.png","contentUrl":"https:\/\/gayaessence.com\/wp-content\/uploads\/2024\/10\/cropped-logo-transp-1.png","width":500,"height":196,"caption":"Gaya Essence"},"image":{"@id":"https:\/\/gayaessence.com\/#\/schema\/logo\/image\/"}}]}},"jetpack_sharing_enabled":true,"_links":{"self":[{"href":"https:\/\/gayaessence.com\/index.php\/wp-json\/wp\/v2\/product\/3633","targetHints":{"allow":["GET"]}}],"collection":[{"href":"https:\/\/gayaessence.com\/index.php\/wp-json\/wp\/v2\/product"}],"about":[{"href":"https:\/\/gayaessence.com\/index.php\/wp-json\/wp\/v2\/types\/product"}],"version-history":[{"count":4,"href":"https:\/\/gayaessence.com\/index.php\/wp-json\/wp\/v2\/product\/3633\/revisions"}],"predecessor-version":[{"id":3637,"href":"https:\/\/gayaessence.com\/index.php\/wp-json\/wp\/v2\/product\/3633\/revisions\/3637"}],"wp:featuredmedia":[{"embeddable":true,"href":"https:\/\/gayaessence.com\/index.php\/wp-json\/wp\/v2\/media\/3622"}],"wp:attachment":[{"href":"https:\/\/gayaessence.com\/index.php\/wp-json\/wp\/v2\/media?parent=3633"}],"wp:term":[{"taxonomy":"product_brand","embeddable":true,"href":"https:\/\/gayaessence.com\/index.php\/wp-json\/wp\/v2\/product_brand?post=3633"},{"taxonomy":"product_cat","embeddable":true,"href":"https:\/\/gayaessence.com\/index.php\/wp-json\/wp\/v2\/product_cat?post=3633"},{"taxonomy":"product_tag","embeddable":true,"href":"https:\/\/gayaessence.com\/index.php\/wp-json\/wp\/v2\/product_tag?post=3633"}],"curies":[{"name":"wp","href":"https:\/\/api.w.org\/{rel}","templated":true}]}}