{"id":3621,"date":"2025-04-16T09:56:44","date_gmt":"2025-04-16T09:56:44","guid":{"rendered":"https:\/\/gayaessence.com\/?post_type=product&#038;p=3621"},"modified":"2026-02-12T19:57:33","modified_gmt":"2026-02-12T19:57:33","slug":"collar-fluorita","status":"publish","type":"product","link":"https:\/\/gayaessence.com\/index.php\/producto\/collar-fluorita\/","title":{"rendered":"Collar Luna"},"content":{"rendered":"\t\t<div data-elementor-type=\"wp-post\" data-elementor-id=\"3621\" class=\"elementor elementor-3621\">\n\t\t\t\t\t\t<section class=\"elementor-section elementor-top-section elementor-element elementor-element-ba79a43 elementor-section-boxed elementor-section-height-default elementor-section-height-default\" data-id=\"ba79a43\" data-element_type=\"section\">\n\t\t\t\t\t\t<div class=\"elementor-container elementor-column-gap-default\">\n\t\t\t\t\t<div class=\"elementor-column elementor-col-100 elementor-top-column elementor-element elementor-element-183df69\" data-id=\"183df69\" data-element_type=\"column\">\n\t\t\t<div class=\"elementor-widget-wrap elementor-element-populated\">\n\t\t\t\t\t\t<section class=\"elementor-section elementor-inner-section elementor-element elementor-element-f5dfea0 elementor-section-boxed elementor-section-height-default elementor-section-height-default\" data-id=\"f5dfea0\" data-element_type=\"section\">\n\t\t\t\t\t\t<div class=\"elementor-container elementor-column-gap-default\">\n\t\t\t\t\t<div class=\"elementor-column elementor-col-50 elementor-inner-column elementor-element elementor-element-a5c31cf\" data-id=\"a5c31cf\" data-element_type=\"column\">\n\t\t\t<div class=\"elementor-widget-wrap elementor-element-populated\">\n\t\t\t\t\t\t<div class=\"elementor-element elementor-element-88efd13 elementor-widget elementor-widget-heading\" data-id=\"88efd13\" data-element_type=\"widget\" data-widget_type=\"heading.default\">\n\t\t\t\t<div class=\"elementor-widget-container\">\n\t\t\t<h3 class=\"elementor-heading-title elementor-size-default\">Descripci\u00f3n<\/h3>\t\t<\/div>\n\t\t\t\t<\/div>\n\t\t\t\t<div class=\"elementor-element elementor-element-d4da46a elementor-widget elementor-widget-text-editor\" data-id=\"d4da46a\" data-element_type=\"widget\" data-widget_type=\"text-editor.default\">\n\t\t\t\t<div class=\"elementor-widget-container\">\n\t\t\t\t\t\t\t<p><span style=\"font-weight: 400\">La belleza de la luna, el s\u00edmbolo de la feminidad y la renovaci\u00f3n.<\/span><span style=\"font-weight: 400\"><br \/><\/span><span style=\"font-weight: 400\">El collar Luna est\u00e1 creado en acero inoxidable y adornado con una piedra lunar arco\u00edris, una joya que captura la esencia et\u00e9rea de la luna en todo su esplendor.<\/span><\/p><p><span style=\"font-weight: 400\">La piedra lunar arco\u00edris, con sus destellos iridiscentes, simboliza la feminidad, la intuici\u00f3n y el ciclo de renovaci\u00f3n constante. Cada piedra, con su brillo \u00fanico y tonalidades suaves, conecta profundamente con la energ\u00eda lunar, invitando a la reflexi\u00f3n, la calma y la transformaci\u00f3n interna.<\/span><\/p><p>Y la labradorita, por su parte,\u00a0se dice que es un poderoso amuleto de protecci\u00f3n, que promueve la intuici\u00f3n y el crecimiento personal. Con su iridiscencia \u00fanica, se asocia a la magia y la transformaci\u00f3n.<\/p><p><span style=\"font-weight: 400\">Este collar es perfecto para quienes buscan una pieza elegante, llena de significado y con un toque m\u00edstico que resalta la energ\u00eda femenina que todas llevamos dentro.<\/span><\/p>\t\t\t\t\t\t<\/div>\n\t\t\t\t<\/div>\n\t\t\t\t\t<\/div>\n\t\t<\/div>\n\t\t\t\t<div class=\"elementor-column elementor-col-50 elementor-inner-column elementor-element elementor-element-a967996\" data-id=\"a967996\" data-element_type=\"column\">\n\t\t\t<div class=\"elementor-widget-wrap elementor-element-populated\">\n\t\t\t\t\t\t<div class=\"elementor-element elementor-element-38791ca elementor-widget elementor-widget-image\" data-id=\"38791ca\" data-element_type=\"widget\" data-widget_type=\"image.default\">\n\t\t\t\t<div class=\"elementor-widget-container\">\n\t\t\t\t\t\t\t\t\t\t\t\t\t<img fetchpriority=\"high\" decoding=\"async\" width=\"1200\" height=\"1188\" src=\"https:\/\/gayaessence.com\/wp-content\/uploads\/2025\/04\/Captura-de-pantalla-2025-04-16-a-las-9.44.04-1200x1188.png\" class=\"attachment-large size-large wp-image-3627\" alt=\"\" srcset=\"https:\/\/gayaessence.com\/wp-content\/uploads\/2025\/04\/Captura-de-pantalla-2025-04-16-a-las-9.44.04-1200x1188.png 1200w, https:\/\/gayaessence.com\/wp-content\/uploads\/2025\/04\/Captura-de-pantalla-2025-04-16-a-las-9.44.04-500x495.png 500w, https:\/\/gayaessence.com\/wp-content\/uploads\/2025\/04\/Captura-de-pantalla-2025-04-16-a-las-9.44.04-300x297.png 300w, https:\/\/gayaessence.com\/wp-content\/uploads\/2025\/04\/Captura-de-pantalla-2025-04-16-a-las-9.44.04-768x760.png 768w, https:\/\/gayaessence.com\/wp-content\/uploads\/2025\/04\/Captura-de-pantalla-2025-04-16-a-las-9.44.04-1536x1520.png 1536w, https:\/\/gayaessence.com\/wp-content\/uploads\/2025\/04\/Captura-de-pantalla-2025-04-16-a-las-9.44.04-150x150.png 150w, https:\/\/gayaessence.com\/wp-content\/uploads\/2025\/04\/Captura-de-pantalla-2025-04-16-a-las-9.44.04-76x75.png 76w, https:\/\/gayaessence.com\/wp-content\/uploads\/2025\/04\/Captura-de-pantalla-2025-04-16-a-las-9.44.04-480x475.png 480w, https:\/\/gayaessence.com\/wp-content\/uploads\/2025\/04\/Captura-de-pantalla-2025-04-16-a-las-9.44.04-800x792.png 800w, https:\/\/gayaessence.com\/wp-content\/uploads\/2025\/04\/Captura-de-pantalla-2025-04-16-a-las-9.44.04.png 1752w\" sizes=\"(max-width:767px) 480px, (max-width:1200px) 100vw, 1200px\" \/>\t\t\t\t\t\t\t\t\t\t\t\t\t<\/div>\n\t\t\t\t<\/div>\n\t\t\t\t\t<\/div>\n\t\t<\/div>\n\t\t\t\t\t<\/div>\n\t\t<\/section>\n\t\t\t\t\t<\/div>\n\t\t<\/div>\n\t\t\t\t\t<\/div>\n\t\t<\/section>\n\t\t\t\t<\/div>\n\t\t","protected":false},"excerpt":{"rendered":"<p>Descripci\u00f3n La belleza de la luna, el s\u00edmbolo de la feminidad y la renovaci\u00f3n. El collar Luna est\u00e1 creado en acero inoxidable y adornado con una<span class=\"excerpt-hellip\"> [\u2026]<\/span><\/p>\n","protected":false},"featured_media":3627,"template":"","meta":[],"product_brand":[],"product_cat":[224],"product_tag":[],"class_list":{"0":"post-3621","1":"product","2":"type-product","3":"status-publish","4":"has-post-thumbnail","6":"product_cat-joyas","8":"first","9":"instock","10":"shipping-taxable","11":"purchasable","12":"product-type-variable"},"yoast_head":"<!-- This site is optimized with the Yoast SEO plugin v23.9 - https:\/\/yoast.com\/wordpress\/plugins\/seo\/ -->\n<title>Collar Luna - Gaya Essence<\/title>\n<meta name=\"robots\" content=\"index, follow, max-snippet:-1, max-image-preview:large, max-video-preview:-1\" \/>\n<link rel=\"canonical\" href=\"https:\/\/gayaessence.com\/index.php\/producto\/collar-fluorita\/\" \/>\n<meta property=\"og:locale\" content=\"es_ES\" \/>\n<meta property=\"og:type\" content=\"article\" \/>\n<meta property=\"og:title\" content=\"Collar Luna - Gaya Essence\" \/>\n<meta property=\"og:description\" content=\"Descripci\u00f3n La belleza de la luna, el s\u00edmbolo de la feminidad y la renovaci\u00f3n. El collar Luna est\u00e1 creado en acero inoxidable y adornado con una [\u2026]\" \/>\n<meta property=\"og:url\" content=\"https:\/\/gayaessence.com\/index.php\/producto\/collar-fluorita\/\" \/>\n<meta property=\"og:site_name\" content=\"Gaya Essence\" \/>\n<meta property=\"article:modified_time\" content=\"2026-02-12T19:57:33+00:00\" \/>\n<meta property=\"og:image\" content=\"https:\/\/gayaessence.com\/wp-content\/uploads\/2025\/04\/Captura-de-pantalla-2025-04-16-a-las-9.44.04-1200x1188.png\" \/>\n\t<meta property=\"og:image:width\" content=\"1200\" \/>\n\t<meta property=\"og:image:height\" content=\"1188\" \/>\n\t<meta property=\"og:image:type\" content=\"image\/png\" \/>\n<meta name=\"twitter:card\" content=\"summary_large_image\" \/>\n<meta name=\"twitter:label1\" content=\"Tiempo de lectura\" \/>\n\t<meta name=\"twitter:data1\" content=\"2 minutos\" \/>\n<script type=\"application\/ld+json\" class=\"yoast-schema-graph\">{\"@context\":\"https:\/\/schema.org\",\"@graph\":[{\"@type\":\"WebPage\",\"@id\":\"https:\/\/gayaessence.com\/index.php\/producto\/collar-fluorita\/\",\"url\":\"https:\/\/gayaessence.com\/index.php\/producto\/collar-fluorita\/\",\"name\":\"Collar Luna - Gaya Essence\",\"isPartOf\":{\"@id\":\"https:\/\/gayaessence.com\/#website\"},\"primaryImageOfPage\":{\"@id\":\"https:\/\/gayaessence.com\/index.php\/producto\/collar-fluorita\/#primaryimage\"},\"image\":{\"@id\":\"https:\/\/gayaessence.com\/index.php\/producto\/collar-fluorita\/#primaryimage\"},\"thumbnailUrl\":\"https:\/\/gayaessence.com\/wp-content\/uploads\/2025\/04\/Captura-de-pantalla-2025-04-16-a-las-9.44.04.png\",\"datePublished\":\"2025-04-16T09:56:44+00:00\",\"dateModified\":\"2026-02-12T19:57:33+00:00\",\"breadcrumb\":{\"@id\":\"https:\/\/gayaessence.com\/index.php\/producto\/collar-fluorita\/#breadcrumb\"},\"inLanguage\":\"es\",\"potentialAction\":[{\"@type\":\"ReadAction\",\"target\":[\"https:\/\/gayaessence.com\/index.php\/producto\/collar-fluorita\/\"]}]},{\"@type\":\"ImageObject\",\"inLanguage\":\"es\",\"@id\":\"https:\/\/gayaessence.com\/index.php\/producto\/collar-fluorita\/#primaryimage\",\"url\":\"https:\/\/gayaessence.com\/wp-content\/uploads\/2025\/04\/Captura-de-pantalla-2025-04-16-a-las-9.44.04.png\",\"contentUrl\":\"https:\/\/gayaessence.com\/wp-content\/uploads\/2025\/04\/Captura-de-pantalla-2025-04-16-a-las-9.44.04.png\",\"width\":1752,\"height\":1734},{\"@type\":\"BreadcrumbList\",\"@id\":\"https:\/\/gayaessence.com\/index.php\/producto\/collar-fluorita\/#breadcrumb\",\"itemListElement\":[{\"@type\":\"ListItem\",\"position\":1,\"name\":\"Portada\",\"item\":\"https:\/\/gayaessence.com\/\"},{\"@type\":\"ListItem\",\"position\":2,\"name\":\"Tienda\",\"item\":\"https:\/\/gayaessence.com\/index.php\/shop\/\"},{\"@type\":\"ListItem\",\"position\":3,\"name\":\"Collar Luna\"}]},{\"@type\":\"WebSite\",\"@id\":\"https:\/\/gayaessence.com\/#website\",\"url\":\"https:\/\/gayaessence.com\/\",\"name\":\"Gaya Essence\",\"description\":\"Cuida, Protege y Eleva tu Vibraci\u00f3n\",\"publisher\":{\"@id\":\"https:\/\/gayaessence.com\/#organization\"},\"potentialAction\":[{\"@type\":\"SearchAction\",\"target\":{\"@type\":\"EntryPoint\",\"urlTemplate\":\"https:\/\/gayaessence.com\/?s={search_term_string}\"},\"query-input\":{\"@type\":\"PropertyValueSpecification\",\"valueRequired\":true,\"valueName\":\"search_term_string\"}}],\"inLanguage\":\"es\"},{\"@type\":\"Organization\",\"@id\":\"https:\/\/gayaessence.com\/#organization\",\"name\":\"Gaya Essence\",\"url\":\"https:\/\/gayaessence.com\/\",\"logo\":{\"@type\":\"ImageObject\",\"inLanguage\":\"es\",\"@id\":\"https:\/\/gayaessence.com\/#\/schema\/logo\/image\/\",\"url\":\"https:\/\/gayaessence.com\/wp-content\/uploads\/2024\/10\/cropped-logo-transp-1.png\",\"contentUrl\":\"https:\/\/gayaessence.com\/wp-content\/uploads\/2024\/10\/cropped-logo-transp-1.png\",\"width\":500,\"height\":196,\"caption\":\"Gaya Essence\"},\"image\":{\"@id\":\"https:\/\/gayaessence.com\/#\/schema\/logo\/image\/\"}}]}<\/script>\n<!-- \/ Yoast SEO plugin. -->","yoast_head_json":{"title":"Collar Luna - Gaya Essence","robots":{"index":"index","follow":"follow","max-snippet":"max-snippet:-1","max-image-preview":"max-image-preview:large","max-video-preview":"max-video-preview:-1"},"canonical":"https:\/\/gayaessence.com\/index.php\/producto\/collar-fluorita\/","og_locale":"es_ES","og_type":"article","og_title":"Collar Luna - Gaya Essence","og_description":"Descripci\u00f3n La belleza de la luna, el s\u00edmbolo de la feminidad y la renovaci\u00f3n. El collar Luna est\u00e1 creado en acero inoxidable y adornado con una [\u2026]","og_url":"https:\/\/gayaessence.com\/index.php\/producto\/collar-fluorita\/","og_site_name":"Gaya Essence","article_modified_time":"2026-02-12T19:57:33+00:00","og_image":[{"width":1200,"height":1188,"url":"https:\/\/gayaessence.com\/wp-content\/uploads\/2025\/04\/Captura-de-pantalla-2025-04-16-a-las-9.44.04-1200x1188.png","type":"image\/png"}],"twitter_card":"summary_large_image","twitter_misc":{"Tiempo de lectura":"2 minutos"},"schema":{"@context":"https:\/\/schema.org","@graph":[{"@type":"WebPage","@id":"https:\/\/gayaessence.com\/index.php\/producto\/collar-fluorita\/","url":"https:\/\/gayaessence.com\/index.php\/producto\/collar-fluorita\/","name":"Collar Luna - Gaya Essence","isPartOf":{"@id":"https:\/\/gayaessence.com\/#website"},"primaryImageOfPage":{"@id":"https:\/\/gayaessence.com\/index.php\/producto\/collar-fluorita\/#primaryimage"},"image":{"@id":"https:\/\/gayaessence.com\/index.php\/producto\/collar-fluorita\/#primaryimage"},"thumbnailUrl":"https:\/\/gayaessence.com\/wp-content\/uploads\/2025\/04\/Captura-de-pantalla-2025-04-16-a-las-9.44.04.png","datePublished":"2025-04-16T09:56:44+00:00","dateModified":"2026-02-12T19:57:33+00:00","breadcrumb":{"@id":"https:\/\/gayaessence.com\/index.php\/producto\/collar-fluorita\/#breadcrumb"},"inLanguage":"es","potentialAction":[{"@type":"ReadAction","target":["https:\/\/gayaessence.com\/index.php\/producto\/collar-fluorita\/"]}]},{"@type":"ImageObject","inLanguage":"es","@id":"https:\/\/gayaessence.com\/index.php\/producto\/collar-fluorita\/#primaryimage","url":"https:\/\/gayaessence.com\/wp-content\/uploads\/2025\/04\/Captura-de-pantalla-2025-04-16-a-las-9.44.04.png","contentUrl":"https:\/\/gayaessence.com\/wp-content\/uploads\/2025\/04\/Captura-de-pantalla-2025-04-16-a-las-9.44.04.png","width":1752,"height":1734},{"@type":"BreadcrumbList","@id":"https:\/\/gayaessence.com\/index.php\/producto\/collar-fluorita\/#breadcrumb","itemListElement":[{"@type":"ListItem","position":1,"name":"Portada","item":"https:\/\/gayaessence.com\/"},{"@type":"ListItem","position":2,"name":"Tienda","item":"https:\/\/gayaessence.com\/index.php\/shop\/"},{"@type":"ListItem","position":3,"name":"Collar Luna"}]},{"@type":"WebSite","@id":"https:\/\/gayaessence.com\/#website","url":"https:\/\/gayaessence.com\/","name":"Gaya Essence","description":"Cuida, Protege y Eleva tu Vibraci\u00f3n","publisher":{"@id":"https:\/\/gayaessence.com\/#organization"},"potentialAction":[{"@type":"SearchAction","target":{"@type":"EntryPoint","urlTemplate":"https:\/\/gayaessence.com\/?s={search_term_string}"},"query-input":{"@type":"PropertyValueSpecification","valueRequired":true,"valueName":"search_term_string"}}],"inLanguage":"es"},{"@type":"Organization","@id":"https:\/\/gayaessence.com\/#organization","name":"Gaya Essence","url":"https:\/\/gayaessence.com\/","logo":{"@type":"ImageObject","inLanguage":"es","@id":"https:\/\/gayaessence.com\/#\/schema\/logo\/image\/","url":"https:\/\/gayaessence.com\/wp-content\/uploads\/2024\/10\/cropped-logo-transp-1.png","contentUrl":"https:\/\/gayaessence.com\/wp-content\/uploads\/2024\/10\/cropped-logo-transp-1.png","width":500,"height":196,"caption":"Gaya Essence"},"image":{"@id":"https:\/\/gayaessence.com\/#\/schema\/logo\/image\/"}}]}},"jetpack_sharing_enabled":true,"_links":{"self":[{"href":"https:\/\/gayaessence.com\/index.php\/wp-json\/wp\/v2\/product\/3621","targetHints":{"allow":["GET"]}}],"collection":[{"href":"https:\/\/gayaessence.com\/index.php\/wp-json\/wp\/v2\/product"}],"about":[{"href":"https:\/\/gayaessence.com\/index.php\/wp-json\/wp\/v2\/types\/product"}],"version-history":[{"count":13,"href":"https:\/\/gayaessence.com\/index.php\/wp-json\/wp\/v2\/product\/3621\/revisions"}],"predecessor-version":[{"id":5176,"href":"https:\/\/gayaessence.com\/index.php\/wp-json\/wp\/v2\/product\/3621\/revisions\/5176"}],"wp:featuredmedia":[{"embeddable":true,"href":"https:\/\/gayaessence.com\/index.php\/wp-json\/wp\/v2\/media\/3627"}],"wp:attachment":[{"href":"https:\/\/gayaessence.com\/index.php\/wp-json\/wp\/v2\/media?parent=3621"}],"wp:term":[{"taxonomy":"product_brand","embeddable":true,"href":"https:\/\/gayaessence.com\/index.php\/wp-json\/wp\/v2\/product_brand?post=3621"},{"taxonomy":"product_cat","embeddable":true,"href":"https:\/\/gayaessence.com\/index.php\/wp-json\/wp\/v2\/product_cat?post=3621"},{"taxonomy":"product_tag","embeddable":true,"href":"https:\/\/gayaessence.com\/index.php\/wp-json\/wp\/v2\/product_tag?post=3621"}],"curies":[{"name":"wp","href":"https:\/\/api.w.org\/{rel}","templated":true}]}}