{"id":3615,"date":"2025-04-16T09:53:38","date_gmt":"2025-04-16T09:53:38","guid":{"rendered":"https:\/\/gayaessence.com\/?post_type=product&#038;p=3615"},"modified":"2025-04-16T09:55:37","modified_gmt":"2025-04-16T09:55:37","slug":"collar-oceano","status":"publish","type":"product","link":"https:\/\/gayaessence.com\/index.php\/producto\/collar-oceano\/","title":{"rendered":"Collar Oceano"},"content":{"rendered":"\t\t<div data-elementor-type=\"wp-post\" data-elementor-id=\"3615\" class=\"elementor elementor-3615\">\n\t\t\t\t\t\t<section class=\"elementor-section elementor-top-section elementor-element elementor-element-ba79a43 elementor-section-boxed elementor-section-height-default elementor-section-height-default\" data-id=\"ba79a43\" data-element_type=\"section\">\n\t\t\t\t\t\t<div class=\"elementor-container elementor-column-gap-default\">\n\t\t\t\t\t<div class=\"elementor-column elementor-col-100 elementor-top-column elementor-element elementor-element-183df69\" data-id=\"183df69\" data-element_type=\"column\">\n\t\t\t<div class=\"elementor-widget-wrap elementor-element-populated\">\n\t\t\t\t\t\t<section class=\"elementor-section elementor-inner-section elementor-element elementor-element-f5dfea0 elementor-section-boxed elementor-section-height-default elementor-section-height-default\" data-id=\"f5dfea0\" data-element_type=\"section\">\n\t\t\t\t\t\t<div class=\"elementor-container elementor-column-gap-default\">\n\t\t\t\t\t<div class=\"elementor-column elementor-col-50 elementor-inner-column elementor-element elementor-element-a5c31cf\" data-id=\"a5c31cf\" data-element_type=\"column\">\n\t\t\t<div class=\"elementor-widget-wrap elementor-element-populated\">\n\t\t\t\t\t\t<div class=\"elementor-element elementor-element-88efd13 elementor-widget elementor-widget-heading\" data-id=\"88efd13\" data-element_type=\"widget\" data-widget_type=\"heading.default\">\n\t\t\t\t<div class=\"elementor-widget-container\">\n\t\t\t<h3 class=\"elementor-heading-title elementor-size-default\">Descripci\u00f3n<\/h3>\t\t<\/div>\n\t\t\t\t<\/div>\n\t\t\t\t<div class=\"elementor-element elementor-element-d4da46a elementor-widget elementor-widget-text-editor\" data-id=\"d4da46a\" data-element_type=\"widget\" data-widget_type=\"text-editor.default\">\n\t\t\t\t<div class=\"elementor-widget-container\">\n\t\t\t\t\t\t\t<p><span style=\"font-weight: 400\">Una joya que refleja la serenidad del mar y la profundidad del alma.<\/span><\/p><p><span style=\"font-weight: 400\"><br \/><\/span><span style=\"font-weight: 400\">El collar Oc\u00e9ano est\u00e1 confeccionado en acero inoxidable, con una piedra de hemimorfita como pieza central. Su medida de 40 cm + 5 cm de extensi\u00f3n permite que se ajuste perfectamente a diferentes estilos y largos, ofreci\u00e9ndote versatilidad y elegancia.<\/span><\/p><p><span style=\"font-weight: 400\">Cada piedra de hemimorfita es \u00fanica, con dimensiones que var\u00edan entre 2 y 3 cm de ancho y 3 a 4 cm de alto, lo que le da un car\u00e1cter exclusivo. Los tonos suaves de la piedra, que van del blanco al azul celeste, evocan la calma del oc\u00e9ano y representan la expresi\u00f3n emocional, la comunicaci\u00f3n clara y la conexi\u00f3n espiritual.<\/span><\/p><p><span style=\"font-weight: 400\">Un collar que destaca por su autenticidad, ideal para quienes buscan una pieza con alma, capaz de inspirar tranquilidad y armon\u00eda en el d\u00eda a d\u00eda.<\/span><\/p>\t\t\t\t\t\t<\/div>\n\t\t\t\t<\/div>\n\t\t\t\t\t<\/div>\n\t\t<\/div>\n\t\t\t\t<div class=\"elementor-column elementor-col-50 elementor-inner-column elementor-element elementor-element-a967996\" data-id=\"a967996\" data-element_type=\"column\">\n\t\t\t<div class=\"elementor-widget-wrap elementor-element-populated\">\n\t\t\t\t\t\t<div class=\"elementor-element elementor-element-38791ca elementor-widget elementor-widget-image\" data-id=\"38791ca\" data-element_type=\"widget\" data-widget_type=\"image.default\">\n\t\t\t\t<div class=\"elementor-widget-container\">\n\t\t\t\t\t\t\t\t\t\t\t\t\t<img fetchpriority=\"high\" decoding=\"async\" width=\"1127\" height=\"1200\" src=\"https:\/\/gayaessence.com\/wp-content\/uploads\/2025\/04\/Captura-de-pantalla-2025-04-16-a-las-9.43.16-1127x1200.png\" class=\"attachment-large size-large wp-image-3616\" alt=\"\" srcset=\"https:\/\/gayaessence.com\/wp-content\/uploads\/2025\/04\/Captura-de-pantalla-2025-04-16-a-las-9.43.16-1127x1200.png 1127w, https:\/\/gayaessence.com\/wp-content\/uploads\/2025\/04\/Captura-de-pantalla-2025-04-16-a-las-9.43.16-469x500.png 469w, https:\/\/gayaessence.com\/wp-content\/uploads\/2025\/04\/Captura-de-pantalla-2025-04-16-a-las-9.43.16-282x300.png 282w, https:\/\/gayaessence.com\/wp-content\/uploads\/2025\/04\/Captura-de-pantalla-2025-04-16-a-las-9.43.16-768x818.png 768w, https:\/\/gayaessence.com\/wp-content\/uploads\/2025\/04\/Captura-de-pantalla-2025-04-16-a-las-9.43.16-1442x1536.png 1442w, https:\/\/gayaessence.com\/wp-content\/uploads\/2025\/04\/Captura-de-pantalla-2025-04-16-a-las-9.43.16-70x75.png 70w, https:\/\/gayaessence.com\/wp-content\/uploads\/2025\/04\/Captura-de-pantalla-2025-04-16-a-las-9.43.16-480x511.png 480w, https:\/\/gayaessence.com\/wp-content\/uploads\/2025\/04\/Captura-de-pantalla-2025-04-16-a-las-9.43.16-800x852.png 800w, https:\/\/gayaessence.com\/wp-content\/uploads\/2025\/04\/Captura-de-pantalla-2025-04-16-a-las-9.43.16.png 1688w\" sizes=\"(max-width:767px) 480px, (max-width:1127px) 100vw, 1127px\" \/>\t\t\t\t\t\t\t\t\t\t\t\t\t<\/div>\n\t\t\t\t<\/div>\n\t\t\t\t\t<\/div>\n\t\t<\/div>\n\t\t\t\t\t<\/div>\n\t\t<\/section>\n\t\t\t\t\t<\/div>\n\t\t<\/div>\n\t\t\t\t\t<\/div>\n\t\t<\/section>\n\t\t\t\t<\/div>\n\t\t","protected":false},"excerpt":{"rendered":"<p>Descripci\u00f3n Una joya que refleja la serenidad del mar y la profundidad del alma. El collar Oc\u00e9ano est\u00e1 confeccionado en acero inoxidable, con una piedra de<span class=\"excerpt-hellip\"> [\u2026]<\/span><\/p>\n","protected":false},"featured_media":3616,"template":"","meta":[],"product_brand":[],"product_cat":[224],"product_tag":[],"class_list":{"0":"post-3615","1":"product","2":"type-product","3":"status-publish","4":"has-post-thumbnail","6":"product_cat-joyas","8":"first","9":"instock","10":"shipping-taxable","11":"purchasable","12":"product-type-simple"},"yoast_head":"<!-- This site is optimized with the Yoast SEO plugin v23.9 - https:\/\/yoast.com\/wordpress\/plugins\/seo\/ -->\n<title>Collar Oceano - Gaya Essence<\/title>\n<meta name=\"robots\" content=\"index, follow, max-snippet:-1, max-image-preview:large, max-video-preview:-1\" \/>\n<link rel=\"canonical\" href=\"https:\/\/gayaessence.com\/index.php\/producto\/collar-oceano\/\" \/>\n<meta property=\"og:locale\" content=\"es_ES\" \/>\n<meta property=\"og:type\" content=\"article\" \/>\n<meta property=\"og:title\" content=\"Collar Oceano - Gaya Essence\" \/>\n<meta property=\"og:description\" content=\"Descripci\u00f3n Una joya que refleja la serenidad del mar y la profundidad del alma. El collar Oc\u00e9ano est\u00e1 confeccionado en acero inoxidable, con una piedra de [\u2026]\" \/>\n<meta property=\"og:url\" content=\"https:\/\/gayaessence.com\/index.php\/producto\/collar-oceano\/\" \/>\n<meta property=\"og:site_name\" content=\"Gaya Essence\" \/>\n<meta property=\"article:modified_time\" content=\"2025-04-16T09:55:37+00:00\" \/>\n<meta property=\"og:image\" content=\"https:\/\/gayaessence.com\/wp-content\/uploads\/2025\/04\/Captura-de-pantalla-2025-04-16-a-las-9.43.16-768x818.png\" \/>\n\t<meta property=\"og:image:width\" content=\"768\" \/>\n\t<meta property=\"og:image:height\" content=\"818\" \/>\n\t<meta property=\"og:image:type\" content=\"image\/png\" \/>\n<meta name=\"twitter:card\" content=\"summary_large_image\" \/>\n<meta name=\"twitter:label1\" content=\"Tiempo de lectura\" \/>\n\t<meta name=\"twitter:data1\" content=\"1 minuto\" \/>\n<script type=\"application\/ld+json\" class=\"yoast-schema-graph\">{\"@context\":\"https:\/\/schema.org\",\"@graph\":[{\"@type\":\"WebPage\",\"@id\":\"https:\/\/gayaessence.com\/index.php\/producto\/collar-oceano\/\",\"url\":\"https:\/\/gayaessence.com\/index.php\/producto\/collar-oceano\/\",\"name\":\"Collar Oceano - Gaya Essence\",\"isPartOf\":{\"@id\":\"https:\/\/gayaessence.com\/#website\"},\"primaryImageOfPage\":{\"@id\":\"https:\/\/gayaessence.com\/index.php\/producto\/collar-oceano\/#primaryimage\"},\"image\":{\"@id\":\"https:\/\/gayaessence.com\/index.php\/producto\/collar-oceano\/#primaryimage\"},\"thumbnailUrl\":\"https:\/\/gayaessence.com\/wp-content\/uploads\/2025\/04\/Captura-de-pantalla-2025-04-16-a-las-9.43.16.png\",\"datePublished\":\"2025-04-16T09:53:38+00:00\",\"dateModified\":\"2025-04-16T09:55:37+00:00\",\"breadcrumb\":{\"@id\":\"https:\/\/gayaessence.com\/index.php\/producto\/collar-oceano\/#breadcrumb\"},\"inLanguage\":\"es\",\"potentialAction\":[{\"@type\":\"ReadAction\",\"target\":[\"https:\/\/gayaessence.com\/index.php\/producto\/collar-oceano\/\"]}]},{\"@type\":\"ImageObject\",\"inLanguage\":\"es\",\"@id\":\"https:\/\/gayaessence.com\/index.php\/producto\/collar-oceano\/#primaryimage\",\"url\":\"https:\/\/gayaessence.com\/wp-content\/uploads\/2025\/04\/Captura-de-pantalla-2025-04-16-a-las-9.43.16.png\",\"contentUrl\":\"https:\/\/gayaessence.com\/wp-content\/uploads\/2025\/04\/Captura-de-pantalla-2025-04-16-a-las-9.43.16.png\",\"width\":1688,\"height\":1798},{\"@type\":\"BreadcrumbList\",\"@id\":\"https:\/\/gayaessence.com\/index.php\/producto\/collar-oceano\/#breadcrumb\",\"itemListElement\":[{\"@type\":\"ListItem\",\"position\":1,\"name\":\"Portada\",\"item\":\"https:\/\/gayaessence.com\/\"},{\"@type\":\"ListItem\",\"position\":2,\"name\":\"Tienda\",\"item\":\"https:\/\/gayaessence.com\/index.php\/shop\/\"},{\"@type\":\"ListItem\",\"position\":3,\"name\":\"Collar Oceano\"}]},{\"@type\":\"WebSite\",\"@id\":\"https:\/\/gayaessence.com\/#website\",\"url\":\"https:\/\/gayaessence.com\/\",\"name\":\"Gaya Essence\",\"description\":\"Cuida, Protege y Eleva tu Vibraci\u00f3n\",\"publisher\":{\"@id\":\"https:\/\/gayaessence.com\/#organization\"},\"potentialAction\":[{\"@type\":\"SearchAction\",\"target\":{\"@type\":\"EntryPoint\",\"urlTemplate\":\"https:\/\/gayaessence.com\/?s={search_term_string}\"},\"query-input\":{\"@type\":\"PropertyValueSpecification\",\"valueRequired\":true,\"valueName\":\"search_term_string\"}}],\"inLanguage\":\"es\"},{\"@type\":\"Organization\",\"@id\":\"https:\/\/gayaessence.com\/#organization\",\"name\":\"Gaya Essence\",\"url\":\"https:\/\/gayaessence.com\/\",\"logo\":{\"@type\":\"ImageObject\",\"inLanguage\":\"es\",\"@id\":\"https:\/\/gayaessence.com\/#\/schema\/logo\/image\/\",\"url\":\"https:\/\/gayaessence.com\/wp-content\/uploads\/2024\/10\/cropped-logo-transp-1.png\",\"contentUrl\":\"https:\/\/gayaessence.com\/wp-content\/uploads\/2024\/10\/cropped-logo-transp-1.png\",\"width\":500,\"height\":196,\"caption\":\"Gaya Essence\"},\"image\":{\"@id\":\"https:\/\/gayaessence.com\/#\/schema\/logo\/image\/\"}}]}<\/script>\n<!-- \/ Yoast SEO plugin. -->","yoast_head_json":{"title":"Collar Oceano - Gaya Essence","robots":{"index":"index","follow":"follow","max-snippet":"max-snippet:-1","max-image-preview":"max-image-preview:large","max-video-preview":"max-video-preview:-1"},"canonical":"https:\/\/gayaessence.com\/index.php\/producto\/collar-oceano\/","og_locale":"es_ES","og_type":"article","og_title":"Collar Oceano - Gaya Essence","og_description":"Descripci\u00f3n Una joya que refleja la serenidad del mar y la profundidad del alma. El collar Oc\u00e9ano est\u00e1 confeccionado en acero inoxidable, con una piedra de [\u2026]","og_url":"https:\/\/gayaessence.com\/index.php\/producto\/collar-oceano\/","og_site_name":"Gaya Essence","article_modified_time":"2025-04-16T09:55:37+00:00","og_image":[{"width":768,"height":818,"url":"https:\/\/gayaessence.com\/wp-content\/uploads\/2025\/04\/Captura-de-pantalla-2025-04-16-a-las-9.43.16-768x818.png","type":"image\/png"}],"twitter_card":"summary_large_image","twitter_misc":{"Tiempo de lectura":"1 minuto"},"schema":{"@context":"https:\/\/schema.org","@graph":[{"@type":"WebPage","@id":"https:\/\/gayaessence.com\/index.php\/producto\/collar-oceano\/","url":"https:\/\/gayaessence.com\/index.php\/producto\/collar-oceano\/","name":"Collar Oceano - Gaya Essence","isPartOf":{"@id":"https:\/\/gayaessence.com\/#website"},"primaryImageOfPage":{"@id":"https:\/\/gayaessence.com\/index.php\/producto\/collar-oceano\/#primaryimage"},"image":{"@id":"https:\/\/gayaessence.com\/index.php\/producto\/collar-oceano\/#primaryimage"},"thumbnailUrl":"https:\/\/gayaessence.com\/wp-content\/uploads\/2025\/04\/Captura-de-pantalla-2025-04-16-a-las-9.43.16.png","datePublished":"2025-04-16T09:53:38+00:00","dateModified":"2025-04-16T09:55:37+00:00","breadcrumb":{"@id":"https:\/\/gayaessence.com\/index.php\/producto\/collar-oceano\/#breadcrumb"},"inLanguage":"es","potentialAction":[{"@type":"ReadAction","target":["https:\/\/gayaessence.com\/index.php\/producto\/collar-oceano\/"]}]},{"@type":"ImageObject","inLanguage":"es","@id":"https:\/\/gayaessence.com\/index.php\/producto\/collar-oceano\/#primaryimage","url":"https:\/\/gayaessence.com\/wp-content\/uploads\/2025\/04\/Captura-de-pantalla-2025-04-16-a-las-9.43.16.png","contentUrl":"https:\/\/gayaessence.com\/wp-content\/uploads\/2025\/04\/Captura-de-pantalla-2025-04-16-a-las-9.43.16.png","width":1688,"height":1798},{"@type":"BreadcrumbList","@id":"https:\/\/gayaessence.com\/index.php\/producto\/collar-oceano\/#breadcrumb","itemListElement":[{"@type":"ListItem","position":1,"name":"Portada","item":"https:\/\/gayaessence.com\/"},{"@type":"ListItem","position":2,"name":"Tienda","item":"https:\/\/gayaessence.com\/index.php\/shop\/"},{"@type":"ListItem","position":3,"name":"Collar Oceano"}]},{"@type":"WebSite","@id":"https:\/\/gayaessence.com\/#website","url":"https:\/\/gayaessence.com\/","name":"Gaya Essence","description":"Cuida, Protege y Eleva tu Vibraci\u00f3n","publisher":{"@id":"https:\/\/gayaessence.com\/#organization"},"potentialAction":[{"@type":"SearchAction","target":{"@type":"EntryPoint","urlTemplate":"https:\/\/gayaessence.com\/?s={search_term_string}"},"query-input":{"@type":"PropertyValueSpecification","valueRequired":true,"valueName":"search_term_string"}}],"inLanguage":"es"},{"@type":"Organization","@id":"https:\/\/gayaessence.com\/#organization","name":"Gaya Essence","url":"https:\/\/gayaessence.com\/","logo":{"@type":"ImageObject","inLanguage":"es","@id":"https:\/\/gayaessence.com\/#\/schema\/logo\/image\/","url":"https:\/\/gayaessence.com\/wp-content\/uploads\/2024\/10\/cropped-logo-transp-1.png","contentUrl":"https:\/\/gayaessence.com\/wp-content\/uploads\/2024\/10\/cropped-logo-transp-1.png","width":500,"height":196,"caption":"Gaya Essence"},"image":{"@id":"https:\/\/gayaessence.com\/#\/schema\/logo\/image\/"}}]}},"jetpack_sharing_enabled":true,"_links":{"self":[{"href":"https:\/\/gayaessence.com\/index.php\/wp-json\/wp\/v2\/product\/3615","targetHints":{"allow":["GET"]}}],"collection":[{"href":"https:\/\/gayaessence.com\/index.php\/wp-json\/wp\/v2\/product"}],"about":[{"href":"https:\/\/gayaessence.com\/index.php\/wp-json\/wp\/v2\/types\/product"}],"version-history":[{"count":4,"href":"https:\/\/gayaessence.com\/index.php\/wp-json\/wp\/v2\/product\/3615\/revisions"}],"predecessor-version":[{"id":3620,"href":"https:\/\/gayaessence.com\/index.php\/wp-json\/wp\/v2\/product\/3615\/revisions\/3620"}],"wp:featuredmedia":[{"embeddable":true,"href":"https:\/\/gayaessence.com\/index.php\/wp-json\/wp\/v2\/media\/3616"}],"wp:attachment":[{"href":"https:\/\/gayaessence.com\/index.php\/wp-json\/wp\/v2\/media?parent=3615"}],"wp:term":[{"taxonomy":"product_brand","embeddable":true,"href":"https:\/\/gayaessence.com\/index.php\/wp-json\/wp\/v2\/product_brand?post=3615"},{"taxonomy":"product_cat","embeddable":true,"href":"https:\/\/gayaessence.com\/index.php\/wp-json\/wp\/v2\/product_cat?post=3615"},{"taxonomy":"product_tag","embeddable":true,"href":"https:\/\/gayaessence.com\/index.php\/wp-json\/wp\/v2\/product_tag?post=3615"}],"curies":[{"name":"wp","href":"https:\/\/api.w.org\/{rel}","templated":true}]}}