{"id":3490,"date":"2025-03-25T13:10:19","date_gmt":"2025-03-25T13:10:19","guid":{"rendered":"https:\/\/gayaessence.com\/?post_type=product&#038;p=3490"},"modified":"2026-02-20T18:49:59","modified_gmt":"2026-02-20T18:49:59","slug":"tarot-rider-waite-baraja","status":"publish","type":"product","link":"https:\/\/gayaessence.com\/index.php\/producto\/tarot-rider-waite-baraja\/","title":{"rendered":"Tarot Rider Waite (Baraja)"},"content":{"rendered":"\t\t<div data-elementor-type=\"wp-post\" data-elementor-id=\"3490\" class=\"elementor elementor-3490\">\n\t\t\t\t\t\t<section class=\"elementor-section elementor-top-section elementor-element elementor-element-ba79a43 elementor-section-boxed elementor-section-height-default elementor-section-height-default\" data-id=\"ba79a43\" data-element_type=\"section\">\n\t\t\t\t\t\t<div class=\"elementor-container elementor-column-gap-default\">\n\t\t\t\t\t<div class=\"elementor-column elementor-col-100 elementor-top-column elementor-element elementor-element-183df69\" data-id=\"183df69\" data-element_type=\"column\">\n\t\t\t<div class=\"elementor-widget-wrap elementor-element-populated\">\n\t\t\t\t\t\t<section class=\"elementor-section elementor-inner-section elementor-element elementor-element-f5dfea0 elementor-section-boxed elementor-section-height-default elementor-section-height-default\" data-id=\"f5dfea0\" data-element_type=\"section\">\n\t\t\t\t\t\t<div class=\"elementor-container elementor-column-gap-default\">\n\t\t\t\t\t<div class=\"elementor-column elementor-col-50 elementor-inner-column elementor-element elementor-element-a5c31cf\" data-id=\"a5c31cf\" data-element_type=\"column\">\n\t\t\t<div class=\"elementor-widget-wrap elementor-element-populated\">\n\t\t\t\t\t\t<div class=\"elementor-element elementor-element-ae33da0 elementor-widget elementor-widget-heading\" data-id=\"ae33da0\" data-element_type=\"widget\" data-widget_type=\"heading.default\">\n\t\t\t\t<div class=\"elementor-widget-container\">\n\t\t\t<h3 class=\"elementor-heading-title elementor-size-default\">Descripci\u00f3n<\/h3>\t\t<\/div>\n\t\t\t\t<\/div>\n\t\t\t\t<div class=\"elementor-element elementor-element-d4da46a elementor-widget elementor-widget-text-editor\" data-id=\"d4da46a\" data-element_type=\"widget\" data-widget_type=\"text-editor.default\">\n\t\t\t\t<div class=\"elementor-widget-container\">\n\t\t\t\t\t\t\t<p><span style=\"font-weight: 400\">Conocido tambi\u00e9n como el Tarot Waite\u00ae y el Tarot Rider-Waite\u00ae La \u00fanica y original edici\u00f3n autorizada del famoso Tarot de 78 cartas dise\u00f1ado por Pamela Colman Smith\u2122 bajo la direcci\u00f3n de Arthur Edward Waite.<\/span><\/p>\t\t\t\t\t\t<\/div>\n\t\t\t\t<\/div>\n\t\t\t\t\t<\/div>\n\t\t<\/div>\n\t\t\t\t<div class=\"elementor-column elementor-col-50 elementor-inner-column elementor-element elementor-element-a967996\" data-id=\"a967996\" data-element_type=\"column\">\n\t\t\t<div class=\"elementor-widget-wrap elementor-element-populated\">\n\t\t\t\t\t\t<div class=\"elementor-element elementor-element-38791ca elementor-widget elementor-widget-image\" data-id=\"38791ca\" data-element_type=\"widget\" data-widget_type=\"image.default\">\n\t\t\t\t<div class=\"elementor-widget-container\">\n\t\t\t\t\t\t\t\t\t\t\t\t\t<img fetchpriority=\"high\" decoding=\"async\" width=\"490\" height=\"858\" src=\"https:\/\/gayaessence.com\/wp-content\/uploads\/2025\/03\/Captura-de-pantalla-2025-03-25-a-las-13.55.59.png\" class=\"attachment-large size-large wp-image-3491\" alt=\"\" srcset=\"https:\/\/gayaessence.com\/wp-content\/uploads\/2025\/03\/Captura-de-pantalla-2025-03-25-a-las-13.55.59.png 490w, https:\/\/gayaessence.com\/wp-content\/uploads\/2025\/03\/Captura-de-pantalla-2025-03-25-a-las-13.55.59-286x500.png 286w, https:\/\/gayaessence.com\/wp-content\/uploads\/2025\/03\/Captura-de-pantalla-2025-03-25-a-las-13.55.59-171x300.png 171w, https:\/\/gayaessence.com\/wp-content\/uploads\/2025\/03\/Captura-de-pantalla-2025-03-25-a-las-13.55.59-43x75.png 43w, https:\/\/gayaessence.com\/wp-content\/uploads\/2025\/03\/Captura-de-pantalla-2025-03-25-a-las-13.55.59-480x840.png 480w\" sizes=\"(max-width:767px) 480px, 490px\" \/>\t\t\t\t\t\t\t\t\t\t\t\t\t<\/div>\n\t\t\t\t<\/div>\n\t\t\t\t\t<\/div>\n\t\t<\/div>\n\t\t\t\t\t<\/div>\n\t\t<\/section>\n\t\t\t\t\t<\/div>\n\t\t<\/div>\n\t\t\t\t\t<\/div>\n\t\t<\/section>\n\t\t\t\t<\/div>\n\t\t","protected":false},"excerpt":{"rendered":"<p>Descripci\u00f3n Conocido tambi\u00e9n como el Tarot Waite\u00ae y el Tarot Rider-Waite\u00ae La \u00fanica y original edici\u00f3n autorizada del famoso Tarot de 78 cartas dise\u00f1ado por Pamela<span class=\"excerpt-hellip\"> [\u2026]<\/span><\/p>\n","protected":false},"featured_media":5314,"template":"","meta":[],"product_brand":[],"product_cat":[32],"product_tag":[],"class_list":{"0":"post-3490","1":"product","2":"type-product","3":"status-publish","4":"has-post-thumbnail","6":"product_cat-libros-oraculos","8":"first","9":"instock","10":"shipping-taxable","11":"purchasable","12":"product-type-simple"},"yoast_head":"<!-- This site is optimized with the Yoast SEO plugin v23.9 - https:\/\/yoast.com\/wordpress\/plugins\/seo\/ -->\n<title>Tarot Rider Waite (Baraja) - Gaya Essence<\/title>\n<meta name=\"robots\" content=\"index, follow, max-snippet:-1, max-image-preview:large, max-video-preview:-1\" \/>\n<link rel=\"canonical\" href=\"https:\/\/gayaessence.com\/index.php\/producto\/tarot-rider-waite-baraja\/\" \/>\n<meta property=\"og:locale\" content=\"es_ES\" \/>\n<meta property=\"og:type\" content=\"article\" \/>\n<meta property=\"og:title\" content=\"Tarot Rider Waite (Baraja) - Gaya Essence\" \/>\n<meta property=\"og:description\" content=\"Descripci\u00f3n Conocido tambi\u00e9n como el Tarot Waite\u00ae y el Tarot Rider-Waite\u00ae La \u00fanica y original edici\u00f3n autorizada del famoso Tarot de 78 cartas dise\u00f1ado por Pamela [\u2026]\" \/>\n<meta property=\"og:url\" content=\"https:\/\/gayaessence.com\/index.php\/producto\/tarot-rider-waite-baraja\/\" \/>\n<meta property=\"og:site_name\" content=\"Gaya Essence\" \/>\n<meta property=\"article:modified_time\" content=\"2026-02-20T18:49:59+00:00\" \/>\n<meta property=\"og:image\" content=\"https:\/\/gayaessence.com\/wp-content\/uploads\/2025\/03\/18.png\" \/>\n\t<meta property=\"og:image:width\" content=\"500\" \/>\n\t<meta property=\"og:image:height\" content=\"500\" \/>\n\t<meta property=\"og:image:type\" content=\"image\/png\" \/>\n<meta name=\"twitter:card\" content=\"summary_large_image\" \/>\n<meta name=\"twitter:label1\" content=\"Tiempo de lectura\" \/>\n\t<meta name=\"twitter:data1\" content=\"1 minuto\" \/>\n<script type=\"application\/ld+json\" class=\"yoast-schema-graph\">{\"@context\":\"https:\/\/schema.org\",\"@graph\":[{\"@type\":\"WebPage\",\"@id\":\"https:\/\/gayaessence.com\/index.php\/producto\/tarot-rider-waite-baraja\/\",\"url\":\"https:\/\/gayaessence.com\/index.php\/producto\/tarot-rider-waite-baraja\/\",\"name\":\"Tarot Rider Waite (Baraja) - Gaya Essence\",\"isPartOf\":{\"@id\":\"https:\/\/gayaessence.com\/#website\"},\"primaryImageOfPage\":{\"@id\":\"https:\/\/gayaessence.com\/index.php\/producto\/tarot-rider-waite-baraja\/#primaryimage\"},\"image\":{\"@id\":\"https:\/\/gayaessence.com\/index.php\/producto\/tarot-rider-waite-baraja\/#primaryimage\"},\"thumbnailUrl\":\"https:\/\/gayaessence.com\/wp-content\/uploads\/2025\/03\/18.png\",\"datePublished\":\"2025-03-25T13:10:19+00:00\",\"dateModified\":\"2026-02-20T18:49:59+00:00\",\"breadcrumb\":{\"@id\":\"https:\/\/gayaessence.com\/index.php\/producto\/tarot-rider-waite-baraja\/#breadcrumb\"},\"inLanguage\":\"es\",\"potentialAction\":[{\"@type\":\"ReadAction\",\"target\":[\"https:\/\/gayaessence.com\/index.php\/producto\/tarot-rider-waite-baraja\/\"]}]},{\"@type\":\"ImageObject\",\"inLanguage\":\"es\",\"@id\":\"https:\/\/gayaessence.com\/index.php\/producto\/tarot-rider-waite-baraja\/#primaryimage\",\"url\":\"https:\/\/gayaessence.com\/wp-content\/uploads\/2025\/03\/18.png\",\"contentUrl\":\"https:\/\/gayaessence.com\/wp-content\/uploads\/2025\/03\/18.png\",\"width\":500,\"height\":500},{\"@type\":\"BreadcrumbList\",\"@id\":\"https:\/\/gayaessence.com\/index.php\/producto\/tarot-rider-waite-baraja\/#breadcrumb\",\"itemListElement\":[{\"@type\":\"ListItem\",\"position\":1,\"name\":\"Portada\",\"item\":\"https:\/\/gayaessence.com\/\"},{\"@type\":\"ListItem\",\"position\":2,\"name\":\"Tienda\",\"item\":\"https:\/\/gayaessence.com\/index.php\/shop\/\"},{\"@type\":\"ListItem\",\"position\":3,\"name\":\"Tarot Rider Waite (Baraja)\"}]},{\"@type\":\"WebSite\",\"@id\":\"https:\/\/gayaessence.com\/#website\",\"url\":\"https:\/\/gayaessence.com\/\",\"name\":\"Gaya Essence\",\"description\":\"Cuida, Protege y Eleva tu Vibraci\u00f3n\",\"publisher\":{\"@id\":\"https:\/\/gayaessence.com\/#organization\"},\"potentialAction\":[{\"@type\":\"SearchAction\",\"target\":{\"@type\":\"EntryPoint\",\"urlTemplate\":\"https:\/\/gayaessence.com\/?s={search_term_string}\"},\"query-input\":{\"@type\":\"PropertyValueSpecification\",\"valueRequired\":true,\"valueName\":\"search_term_string\"}}],\"inLanguage\":\"es\"},{\"@type\":\"Organization\",\"@id\":\"https:\/\/gayaessence.com\/#organization\",\"name\":\"Gaya Essence\",\"url\":\"https:\/\/gayaessence.com\/\",\"logo\":{\"@type\":\"ImageObject\",\"inLanguage\":\"es\",\"@id\":\"https:\/\/gayaessence.com\/#\/schema\/logo\/image\/\",\"url\":\"https:\/\/gayaessence.com\/wp-content\/uploads\/2024\/10\/cropped-logo-transp-1.png\",\"contentUrl\":\"https:\/\/gayaessence.com\/wp-content\/uploads\/2024\/10\/cropped-logo-transp-1.png\",\"width\":500,\"height\":196,\"caption\":\"Gaya Essence\"},\"image\":{\"@id\":\"https:\/\/gayaessence.com\/#\/schema\/logo\/image\/\"}}]}<\/script>\n<!-- \/ Yoast SEO plugin. -->","yoast_head_json":{"title":"Tarot Rider Waite (Baraja) - Gaya Essence","robots":{"index":"index","follow":"follow","max-snippet":"max-snippet:-1","max-image-preview":"max-image-preview:large","max-video-preview":"max-video-preview:-1"},"canonical":"https:\/\/gayaessence.com\/index.php\/producto\/tarot-rider-waite-baraja\/","og_locale":"es_ES","og_type":"article","og_title":"Tarot Rider Waite (Baraja) - Gaya Essence","og_description":"Descripci\u00f3n Conocido tambi\u00e9n como el Tarot Waite\u00ae y el Tarot Rider-Waite\u00ae La \u00fanica y original edici\u00f3n autorizada del famoso Tarot de 78 cartas dise\u00f1ado por Pamela [\u2026]","og_url":"https:\/\/gayaessence.com\/index.php\/producto\/tarot-rider-waite-baraja\/","og_site_name":"Gaya Essence","article_modified_time":"2026-02-20T18:49:59+00:00","og_image":[{"width":500,"height":500,"url":"https:\/\/gayaessence.com\/wp-content\/uploads\/2025\/03\/18.png","type":"image\/png"}],"twitter_card":"summary_large_image","twitter_misc":{"Tiempo de lectura":"1 minuto"},"schema":{"@context":"https:\/\/schema.org","@graph":[{"@type":"WebPage","@id":"https:\/\/gayaessence.com\/index.php\/producto\/tarot-rider-waite-baraja\/","url":"https:\/\/gayaessence.com\/index.php\/producto\/tarot-rider-waite-baraja\/","name":"Tarot Rider Waite (Baraja) - Gaya Essence","isPartOf":{"@id":"https:\/\/gayaessence.com\/#website"},"primaryImageOfPage":{"@id":"https:\/\/gayaessence.com\/index.php\/producto\/tarot-rider-waite-baraja\/#primaryimage"},"image":{"@id":"https:\/\/gayaessence.com\/index.php\/producto\/tarot-rider-waite-baraja\/#primaryimage"},"thumbnailUrl":"https:\/\/gayaessence.com\/wp-content\/uploads\/2025\/03\/18.png","datePublished":"2025-03-25T13:10:19+00:00","dateModified":"2026-02-20T18:49:59+00:00","breadcrumb":{"@id":"https:\/\/gayaessence.com\/index.php\/producto\/tarot-rider-waite-baraja\/#breadcrumb"},"inLanguage":"es","potentialAction":[{"@type":"ReadAction","target":["https:\/\/gayaessence.com\/index.php\/producto\/tarot-rider-waite-baraja\/"]}]},{"@type":"ImageObject","inLanguage":"es","@id":"https:\/\/gayaessence.com\/index.php\/producto\/tarot-rider-waite-baraja\/#primaryimage","url":"https:\/\/gayaessence.com\/wp-content\/uploads\/2025\/03\/18.png","contentUrl":"https:\/\/gayaessence.com\/wp-content\/uploads\/2025\/03\/18.png","width":500,"height":500},{"@type":"BreadcrumbList","@id":"https:\/\/gayaessence.com\/index.php\/producto\/tarot-rider-waite-baraja\/#breadcrumb","itemListElement":[{"@type":"ListItem","position":1,"name":"Portada","item":"https:\/\/gayaessence.com\/"},{"@type":"ListItem","position":2,"name":"Tienda","item":"https:\/\/gayaessence.com\/index.php\/shop\/"},{"@type":"ListItem","position":3,"name":"Tarot Rider Waite (Baraja)"}]},{"@type":"WebSite","@id":"https:\/\/gayaessence.com\/#website","url":"https:\/\/gayaessence.com\/","name":"Gaya Essence","description":"Cuida, Protege y Eleva tu Vibraci\u00f3n","publisher":{"@id":"https:\/\/gayaessence.com\/#organization"},"potentialAction":[{"@type":"SearchAction","target":{"@type":"EntryPoint","urlTemplate":"https:\/\/gayaessence.com\/?s={search_term_string}"},"query-input":{"@type":"PropertyValueSpecification","valueRequired":true,"valueName":"search_term_string"}}],"inLanguage":"es"},{"@type":"Organization","@id":"https:\/\/gayaessence.com\/#organization","name":"Gaya Essence","url":"https:\/\/gayaessence.com\/","logo":{"@type":"ImageObject","inLanguage":"es","@id":"https:\/\/gayaessence.com\/#\/schema\/logo\/image\/","url":"https:\/\/gayaessence.com\/wp-content\/uploads\/2024\/10\/cropped-logo-transp-1.png","contentUrl":"https:\/\/gayaessence.com\/wp-content\/uploads\/2024\/10\/cropped-logo-transp-1.png","width":500,"height":196,"caption":"Gaya Essence"},"image":{"@id":"https:\/\/gayaessence.com\/#\/schema\/logo\/image\/"}}]}},"jetpack_sharing_enabled":true,"_links":{"self":[{"href":"https:\/\/gayaessence.com\/index.php\/wp-json\/wp\/v2\/product\/3490","targetHints":{"allow":["GET"]}}],"collection":[{"href":"https:\/\/gayaessence.com\/index.php\/wp-json\/wp\/v2\/product"}],"about":[{"href":"https:\/\/gayaessence.com\/index.php\/wp-json\/wp\/v2\/types\/product"}],"version-history":[{"count":5,"href":"https:\/\/gayaessence.com\/index.php\/wp-json\/wp\/v2\/product\/3490\/revisions"}],"predecessor-version":[{"id":3496,"href":"https:\/\/gayaessence.com\/index.php\/wp-json\/wp\/v2\/product\/3490\/revisions\/3496"}],"wp:featuredmedia":[{"embeddable":true,"href":"https:\/\/gayaessence.com\/index.php\/wp-json\/wp\/v2\/media\/5314"}],"wp:attachment":[{"href":"https:\/\/gayaessence.com\/index.php\/wp-json\/wp\/v2\/media?parent=3490"}],"wp:term":[{"taxonomy":"product_brand","embeddable":true,"href":"https:\/\/gayaessence.com\/index.php\/wp-json\/wp\/v2\/product_brand?post=3490"},{"taxonomy":"product_cat","embeddable":true,"href":"https:\/\/gayaessence.com\/index.php\/wp-json\/wp\/v2\/product_cat?post=3490"},{"taxonomy":"product_tag","embeddable":true,"href":"https:\/\/gayaessence.com\/index.php\/wp-json\/wp\/v2\/product_tag?post=3490"}],"curies":[{"name":"wp","href":"https:\/\/api.w.org\/{rel}","templated":true}]}}