{"id":3418,"date":"2025-03-05T11:33:45","date_gmt":"2025-03-05T11:33:45","guid":{"rendered":"https:\/\/gayaessence.com\/?post_type=product&#038;p=3418"},"modified":"2026-02-20T18:44:50","modified_gmt":"2026-02-20T18:44:50","slug":"el-oraculo-de-la-emprendedora","status":"publish","type":"product","link":"https:\/\/gayaessence.com\/index.php\/producto\/el-oraculo-de-la-emprendedora\/","title":{"rendered":"El Or\u00e1culo de la Emprendedora"},"content":{"rendered":"\t\t<div data-elementor-type=\"wp-post\" data-elementor-id=\"3418\" class=\"elementor elementor-3418\">\n\t\t\t\t\t\t<section class=\"elementor-section elementor-top-section elementor-element elementor-element-ba79a43 elementor-section-boxed elementor-section-height-default elementor-section-height-default\" data-id=\"ba79a43\" data-element_type=\"section\">\n\t\t\t\t\t\t<div class=\"elementor-container elementor-column-gap-default\">\n\t\t\t\t\t<div class=\"elementor-column elementor-col-100 elementor-top-column elementor-element elementor-element-183df69\" data-id=\"183df69\" data-element_type=\"column\">\n\t\t\t<div class=\"elementor-widget-wrap elementor-element-populated\">\n\t\t\t\t\t\t<section class=\"elementor-section elementor-inner-section elementor-element elementor-element-f5dfea0 elementor-section-boxed elementor-section-height-default elementor-section-height-default\" data-id=\"f5dfea0\" data-element_type=\"section\">\n\t\t\t\t\t\t<div class=\"elementor-container elementor-column-gap-default\">\n\t\t\t\t\t<div class=\"elementor-column elementor-col-50 elementor-inner-column elementor-element elementor-element-a5c31cf\" data-id=\"a5c31cf\" data-element_type=\"column\">\n\t\t\t<div class=\"elementor-widget-wrap elementor-element-populated\">\n\t\t\t\t\t\t<div class=\"elementor-element elementor-element-ae33da0 elementor-widget elementor-widget-heading\" data-id=\"ae33da0\" data-element_type=\"widget\" data-widget_type=\"heading.default\">\n\t\t\t\t<div class=\"elementor-widget-container\">\n\t\t\t<h3 class=\"elementor-heading-title elementor-size-default\">Descripci\u00f3n<\/h3>\t\t<\/div>\n\t\t\t\t<\/div>\n\t\t\t\t<div class=\"elementor-element elementor-element-d4da46a elementor-widget elementor-widget-text-editor\" data-id=\"d4da46a\" data-element_type=\"widget\" data-widget_type=\"text-editor.default\">\n\t\t\t\t<div class=\"elementor-widget-container\">\n\t\t\t\t\t\t\t<p><strong>LA CLAVE DEL \u00c9XITO\u00a0DE TU NEGOCIO EST\u00c1 EN TI<\/strong><\/p><p data-pm-slice=\"1 1 []\">44 cartas y libro gu\u00eda<\/p><p>Agripina Carretero, Mar\u00eda Ares, Olga Collado<\/p><p>Emprender es un camino maravilloso de crecimiento\u00a0personal.<br \/>Poner precios, tener presencia en redes, vivir en una incertidumbre constante, sufrir el s\u00edndrome del impostor, no tener clientes, tener demasiados, comprobar que tus ventas est\u00e1n paralizadas porque, quiz\u00e1, tu oferta no resulta tan atractiva como cre\u00edas\u2026 se convierte en un aut\u00e9ntico m\u00e1ster de vida.<br \/>Todo resulta muy intenso e incluso descorazonador,\u00a0pero si cambias tu perspectiva te dar\u00e1s cuenta de que, en\u00a0realidad, lo que est\u00e1s haciendo es <strong>invertir en bienestar<\/strong>.<br \/>Estas cartas te ayudan a reflexionar, a cuestionarte, a hacerte la pregunta exacta en el momento perfecto, a encontrar una respuesta que no esperas o simplemente a olvidarte de un cliente complicado o del mal d\u00eda que llevas.<br \/>Por eso, <em>El or\u00e1culo de la emprendedora<\/em> es la mejor inversi\u00f3n posible para tu negocio.<br \/>No te har\u00e1 facturar m\u00e1s, pero s\u00ed <strong>mejor<\/strong>. \u00a1Garantizado!<\/p>\t\t\t\t\t\t<\/div>\n\t\t\t\t<\/div>\n\t\t\t\t\t<\/div>\n\t\t<\/div>\n\t\t\t\t<div class=\"elementor-column elementor-col-50 elementor-inner-column elementor-element elementor-element-a967996\" data-id=\"a967996\" data-element_type=\"column\">\n\t\t\t<div class=\"elementor-widget-wrap elementor-element-populated\">\n\t\t\t\t\t\t<div class=\"elementor-element elementor-element-38791ca elementor-widget elementor-widget-image\" data-id=\"38791ca\" data-element_type=\"widget\" data-widget_type=\"image.default\">\n\t\t\t\t<div class=\"elementor-widget-container\">\n\t\t\t\t\t\t\t\t\t\t\t\t\t<img fetchpriority=\"high\" decoding=\"async\" width=\"674\" height=\"958\" src=\"https:\/\/gayaessence.com\/wp-content\/uploads\/2025\/03\/Captura-de-pantalla-2025-03-05-a-las-12.33.04.png\" class=\"attachment-large size-large wp-image-3419\" alt=\"\" srcset=\"https:\/\/gayaessence.com\/wp-content\/uploads\/2025\/03\/Captura-de-pantalla-2025-03-05-a-las-12.33.04.png 674w, https:\/\/gayaessence.com\/wp-content\/uploads\/2025\/03\/Captura-de-pantalla-2025-03-05-a-las-12.33.04-352x500.png 352w, https:\/\/gayaessence.com\/wp-content\/uploads\/2025\/03\/Captura-de-pantalla-2025-03-05-a-las-12.33.04-211x300.png 211w, https:\/\/gayaessence.com\/wp-content\/uploads\/2025\/03\/Captura-de-pantalla-2025-03-05-a-las-12.33.04-53x75.png 53w, https:\/\/gayaessence.com\/wp-content\/uploads\/2025\/03\/Captura-de-pantalla-2025-03-05-a-las-12.33.04-480x682.png 480w\" sizes=\"(max-width:767px) 480px, 674px\" \/>\t\t\t\t\t\t\t\t\t\t\t\t\t<\/div>\n\t\t\t\t<\/div>\n\t\t\t\t\t<\/div>\n\t\t<\/div>\n\t\t\t\t\t<\/div>\n\t\t<\/section>\n\t\t\t\t\t<\/div>\n\t\t<\/div>\n\t\t\t\t\t<\/div>\n\t\t<\/section>\n\t\t\t\t<\/div>\n\t\t","protected":false},"excerpt":{"rendered":"<p>Descripci\u00f3n LA CLAVE DEL \u00c9XITO\u00a0DE TU NEGOCIO EST\u00c1 EN TI 44 cartas y libro gu\u00eda Agripina Carretero, Mar\u00eda Ares, Olga Collado Emprender es un camino maravilloso<span class=\"excerpt-hellip\"> [\u2026]<\/span><\/p>\n","protected":false},"featured_media":5303,"template":"","meta":[],"product_brand":[],"product_cat":[32],"product_tag":[],"class_list":{"0":"post-3418","1":"product","2":"type-product","3":"status-publish","4":"has-post-thumbnail","6":"product_cat-libros-oraculos","8":"first","9":"outofstock","10":"shipping-taxable","11":"purchasable","12":"product-type-simple"},"yoast_head":"<!-- This site is optimized with the Yoast SEO plugin v23.9 - https:\/\/yoast.com\/wordpress\/plugins\/seo\/ -->\n<title>El Or\u00e1culo de la Emprendedora - Gaya Essence<\/title>\n<meta name=\"robots\" content=\"index, follow, max-snippet:-1, max-image-preview:large, max-video-preview:-1\" \/>\n<link rel=\"canonical\" href=\"https:\/\/gayaessence.com\/index.php\/producto\/el-oraculo-de-la-emprendedora\/\" \/>\n<meta property=\"og:locale\" content=\"es_ES\" \/>\n<meta property=\"og:type\" content=\"article\" \/>\n<meta property=\"og:title\" content=\"El Or\u00e1culo de la Emprendedora - Gaya Essence\" \/>\n<meta property=\"og:description\" content=\"Descripci\u00f3n LA CLAVE DEL \u00c9XITO\u00a0DE TU NEGOCIO EST\u00c1 EN TI 44 cartas y libro gu\u00eda Agripina Carretero, Mar\u00eda Ares, Olga Collado Emprender es un camino maravilloso [\u2026]\" \/>\n<meta property=\"og:url\" content=\"https:\/\/gayaessence.com\/index.php\/producto\/el-oraculo-de-la-emprendedora\/\" \/>\n<meta property=\"og:site_name\" content=\"Gaya Essence\" \/>\n<meta property=\"article:modified_time\" content=\"2026-02-20T18:44:50+00:00\" \/>\n<meta property=\"og:image\" content=\"https:\/\/gayaessence.com\/wp-content\/uploads\/2025\/03\/23.png\" \/>\n\t<meta property=\"og:image:width\" content=\"500\" \/>\n\t<meta property=\"og:image:height\" content=\"500\" \/>\n\t<meta property=\"og:image:type\" content=\"image\/png\" \/>\n<meta name=\"twitter:card\" content=\"summary_large_image\" \/>\n<meta name=\"twitter:label1\" content=\"Tiempo de lectura\" \/>\n\t<meta name=\"twitter:data1\" content=\"2 minutos\" \/>\n<script type=\"application\/ld+json\" class=\"yoast-schema-graph\">{\"@context\":\"https:\/\/schema.org\",\"@graph\":[{\"@type\":\"WebPage\",\"@id\":\"https:\/\/gayaessence.com\/index.php\/producto\/el-oraculo-de-la-emprendedora\/\",\"url\":\"https:\/\/gayaessence.com\/index.php\/producto\/el-oraculo-de-la-emprendedora\/\",\"name\":\"El Or\u00e1culo de la Emprendedora - Gaya Essence\",\"isPartOf\":{\"@id\":\"https:\/\/gayaessence.com\/#website\"},\"primaryImageOfPage\":{\"@id\":\"https:\/\/gayaessence.com\/index.php\/producto\/el-oraculo-de-la-emprendedora\/#primaryimage\"},\"image\":{\"@id\":\"https:\/\/gayaessence.com\/index.php\/producto\/el-oraculo-de-la-emprendedora\/#primaryimage\"},\"thumbnailUrl\":\"https:\/\/gayaessence.com\/wp-content\/uploads\/2025\/03\/23.png\",\"datePublished\":\"2025-03-05T11:33:45+00:00\",\"dateModified\":\"2026-02-20T18:44:50+00:00\",\"breadcrumb\":{\"@id\":\"https:\/\/gayaessence.com\/index.php\/producto\/el-oraculo-de-la-emprendedora\/#breadcrumb\"},\"inLanguage\":\"es\",\"potentialAction\":[{\"@type\":\"ReadAction\",\"target\":[\"https:\/\/gayaessence.com\/index.php\/producto\/el-oraculo-de-la-emprendedora\/\"]}]},{\"@type\":\"ImageObject\",\"inLanguage\":\"es\",\"@id\":\"https:\/\/gayaessence.com\/index.php\/producto\/el-oraculo-de-la-emprendedora\/#primaryimage\",\"url\":\"https:\/\/gayaessence.com\/wp-content\/uploads\/2025\/03\/23.png\",\"contentUrl\":\"https:\/\/gayaessence.com\/wp-content\/uploads\/2025\/03\/23.png\",\"width\":500,\"height\":500},{\"@type\":\"BreadcrumbList\",\"@id\":\"https:\/\/gayaessence.com\/index.php\/producto\/el-oraculo-de-la-emprendedora\/#breadcrumb\",\"itemListElement\":[{\"@type\":\"ListItem\",\"position\":1,\"name\":\"Portada\",\"item\":\"https:\/\/gayaessence.com\/\"},{\"@type\":\"ListItem\",\"position\":2,\"name\":\"Tienda\",\"item\":\"https:\/\/gayaessence.com\/index.php\/shop\/\"},{\"@type\":\"ListItem\",\"position\":3,\"name\":\"El Or\u00e1culo de la Emprendedora\"}]},{\"@type\":\"WebSite\",\"@id\":\"https:\/\/gayaessence.com\/#website\",\"url\":\"https:\/\/gayaessence.com\/\",\"name\":\"Gaya Essence\",\"description\":\"Cuida, Protege y Eleva tu Vibraci\u00f3n\",\"publisher\":{\"@id\":\"https:\/\/gayaessence.com\/#organization\"},\"potentialAction\":[{\"@type\":\"SearchAction\",\"target\":{\"@type\":\"EntryPoint\",\"urlTemplate\":\"https:\/\/gayaessence.com\/?s={search_term_string}\"},\"query-input\":{\"@type\":\"PropertyValueSpecification\",\"valueRequired\":true,\"valueName\":\"search_term_string\"}}],\"inLanguage\":\"es\"},{\"@type\":\"Organization\",\"@id\":\"https:\/\/gayaessence.com\/#organization\",\"name\":\"Gaya Essence\",\"url\":\"https:\/\/gayaessence.com\/\",\"logo\":{\"@type\":\"ImageObject\",\"inLanguage\":\"es\",\"@id\":\"https:\/\/gayaessence.com\/#\/schema\/logo\/image\/\",\"url\":\"https:\/\/gayaessence.com\/wp-content\/uploads\/2024\/10\/cropped-logo-transp-1.png\",\"contentUrl\":\"https:\/\/gayaessence.com\/wp-content\/uploads\/2024\/10\/cropped-logo-transp-1.png\",\"width\":500,\"height\":196,\"caption\":\"Gaya Essence\"},\"image\":{\"@id\":\"https:\/\/gayaessence.com\/#\/schema\/logo\/image\/\"}}]}<\/script>\n<!-- \/ Yoast SEO plugin. -->","yoast_head_json":{"title":"El Or\u00e1culo de la Emprendedora - Gaya Essence","robots":{"index":"index","follow":"follow","max-snippet":"max-snippet:-1","max-image-preview":"max-image-preview:large","max-video-preview":"max-video-preview:-1"},"canonical":"https:\/\/gayaessence.com\/index.php\/producto\/el-oraculo-de-la-emprendedora\/","og_locale":"es_ES","og_type":"article","og_title":"El Or\u00e1culo de la Emprendedora - Gaya Essence","og_description":"Descripci\u00f3n LA CLAVE DEL \u00c9XITO\u00a0DE TU NEGOCIO EST\u00c1 EN TI 44 cartas y libro gu\u00eda Agripina Carretero, Mar\u00eda Ares, Olga Collado Emprender es un camino maravilloso [\u2026]","og_url":"https:\/\/gayaessence.com\/index.php\/producto\/el-oraculo-de-la-emprendedora\/","og_site_name":"Gaya Essence","article_modified_time":"2026-02-20T18:44:50+00:00","og_image":[{"width":500,"height":500,"url":"https:\/\/gayaessence.com\/wp-content\/uploads\/2025\/03\/23.png","type":"image\/png"}],"twitter_card":"summary_large_image","twitter_misc":{"Tiempo de lectura":"2 minutos"},"schema":{"@context":"https:\/\/schema.org","@graph":[{"@type":"WebPage","@id":"https:\/\/gayaessence.com\/index.php\/producto\/el-oraculo-de-la-emprendedora\/","url":"https:\/\/gayaessence.com\/index.php\/producto\/el-oraculo-de-la-emprendedora\/","name":"El Or\u00e1culo de la Emprendedora - Gaya Essence","isPartOf":{"@id":"https:\/\/gayaessence.com\/#website"},"primaryImageOfPage":{"@id":"https:\/\/gayaessence.com\/index.php\/producto\/el-oraculo-de-la-emprendedora\/#primaryimage"},"image":{"@id":"https:\/\/gayaessence.com\/index.php\/producto\/el-oraculo-de-la-emprendedora\/#primaryimage"},"thumbnailUrl":"https:\/\/gayaessence.com\/wp-content\/uploads\/2025\/03\/23.png","datePublished":"2025-03-05T11:33:45+00:00","dateModified":"2026-02-20T18:44:50+00:00","breadcrumb":{"@id":"https:\/\/gayaessence.com\/index.php\/producto\/el-oraculo-de-la-emprendedora\/#breadcrumb"},"inLanguage":"es","potentialAction":[{"@type":"ReadAction","target":["https:\/\/gayaessence.com\/index.php\/producto\/el-oraculo-de-la-emprendedora\/"]}]},{"@type":"ImageObject","inLanguage":"es","@id":"https:\/\/gayaessence.com\/index.php\/producto\/el-oraculo-de-la-emprendedora\/#primaryimage","url":"https:\/\/gayaessence.com\/wp-content\/uploads\/2025\/03\/23.png","contentUrl":"https:\/\/gayaessence.com\/wp-content\/uploads\/2025\/03\/23.png","width":500,"height":500},{"@type":"BreadcrumbList","@id":"https:\/\/gayaessence.com\/index.php\/producto\/el-oraculo-de-la-emprendedora\/#breadcrumb","itemListElement":[{"@type":"ListItem","position":1,"name":"Portada","item":"https:\/\/gayaessence.com\/"},{"@type":"ListItem","position":2,"name":"Tienda","item":"https:\/\/gayaessence.com\/index.php\/shop\/"},{"@type":"ListItem","position":3,"name":"El Or\u00e1culo de la Emprendedora"}]},{"@type":"WebSite","@id":"https:\/\/gayaessence.com\/#website","url":"https:\/\/gayaessence.com\/","name":"Gaya Essence","description":"Cuida, Protege y Eleva tu Vibraci\u00f3n","publisher":{"@id":"https:\/\/gayaessence.com\/#organization"},"potentialAction":[{"@type":"SearchAction","target":{"@type":"EntryPoint","urlTemplate":"https:\/\/gayaessence.com\/?s={search_term_string}"},"query-input":{"@type":"PropertyValueSpecification","valueRequired":true,"valueName":"search_term_string"}}],"inLanguage":"es"},{"@type":"Organization","@id":"https:\/\/gayaessence.com\/#organization","name":"Gaya Essence","url":"https:\/\/gayaessence.com\/","logo":{"@type":"ImageObject","inLanguage":"es","@id":"https:\/\/gayaessence.com\/#\/schema\/logo\/image\/","url":"https:\/\/gayaessence.com\/wp-content\/uploads\/2024\/10\/cropped-logo-transp-1.png","contentUrl":"https:\/\/gayaessence.com\/wp-content\/uploads\/2024\/10\/cropped-logo-transp-1.png","width":500,"height":196,"caption":"Gaya Essence"},"image":{"@id":"https:\/\/gayaessence.com\/#\/schema\/logo\/image\/"}}]}},"jetpack_sharing_enabled":true,"_links":{"self":[{"href":"https:\/\/gayaessence.com\/index.php\/wp-json\/wp\/v2\/product\/3418","targetHints":{"allow":["GET"]}}],"collection":[{"href":"https:\/\/gayaessence.com\/index.php\/wp-json\/wp\/v2\/product"}],"about":[{"href":"https:\/\/gayaessence.com\/index.php\/wp-json\/wp\/v2\/types\/product"}],"version-history":[{"count":5,"href":"https:\/\/gayaessence.com\/index.php\/wp-json\/wp\/v2\/product\/3418\/revisions"}],"predecessor-version":[{"id":5304,"href":"https:\/\/gayaessence.com\/index.php\/wp-json\/wp\/v2\/product\/3418\/revisions\/5304"}],"wp:featuredmedia":[{"embeddable":true,"href":"https:\/\/gayaessence.com\/index.php\/wp-json\/wp\/v2\/media\/5303"}],"wp:attachment":[{"href":"https:\/\/gayaessence.com\/index.php\/wp-json\/wp\/v2\/media?parent=3418"}],"wp:term":[{"taxonomy":"product_brand","embeddable":true,"href":"https:\/\/gayaessence.com\/index.php\/wp-json\/wp\/v2\/product_brand?post=3418"},{"taxonomy":"product_cat","embeddable":true,"href":"https:\/\/gayaessence.com\/index.php\/wp-json\/wp\/v2\/product_cat?post=3418"},{"taxonomy":"product_tag","embeddable":true,"href":"https:\/\/gayaessence.com\/index.php\/wp-json\/wp\/v2\/product_tag?post=3418"}],"curies":[{"name":"wp","href":"https:\/\/api.w.org\/{rel}","templated":true}]}}