{"id":3348,"date":"2025-02-24T11:44:38","date_gmt":"2025-02-24T11:44:38","guid":{"rendered":"https:\/\/gayaessence.com\/?post_type=product&#038;p=3348"},"modified":"2026-02-06T19:18:43","modified_gmt":"2026-02-06T19:18:43","slug":"pendulo-de-opalina","status":"publish","type":"product","link":"https:\/\/gayaessence.com\/index.php\/producto\/pendulo-de-opalina\/","title":{"rendered":"P\u00e9ndulo de Opalina"},"content":{"rendered":"\t\t<div data-elementor-type=\"wp-post\" data-elementor-id=\"3348\" class=\"elementor elementor-3348\">\n\t\t\t\t\t\t<section class=\"elementor-section elementor-top-section elementor-element elementor-element-ba79a43 elementor-section-boxed elementor-section-height-default elementor-section-height-default\" data-id=\"ba79a43\" data-element_type=\"section\">\n\t\t\t\t\t\t<div class=\"elementor-container elementor-column-gap-default\">\n\t\t\t\t\t<div class=\"elementor-column elementor-col-100 elementor-top-column elementor-element elementor-element-183df69\" data-id=\"183df69\" data-element_type=\"column\">\n\t\t\t<div class=\"elementor-widget-wrap elementor-element-populated\">\n\t\t\t\t\t\t<section class=\"elementor-section elementor-inner-section elementor-element elementor-element-f5dfea0 elementor-section-boxed elementor-section-height-default elementor-section-height-default\" data-id=\"f5dfea0\" data-element_type=\"section\">\n\t\t\t\t\t\t<div class=\"elementor-container elementor-column-gap-default\">\n\t\t\t\t\t<div class=\"elementor-column elementor-col-50 elementor-inner-column elementor-element elementor-element-a5c31cf\" data-id=\"a5c31cf\" data-element_type=\"column\">\n\t\t\t<div class=\"elementor-widget-wrap elementor-element-populated\">\n\t\t\t\t\t\t<div class=\"elementor-element elementor-element-ae33da0 elementor-widget elementor-widget-heading\" data-id=\"ae33da0\" data-element_type=\"widget\" data-widget_type=\"heading.default\">\n\t\t\t\t<div class=\"elementor-widget-container\">\n\t\t\t<h3 class=\"elementor-heading-title elementor-size-default\">Descripci\u00f3n<\/h3>\t\t<\/div>\n\t\t\t\t<\/div>\n\t\t\t\t<div class=\"elementor-element elementor-element-ae57f90 elementor-widget elementor-widget-text-editor\" data-id=\"ae57f90\" data-element_type=\"widget\" data-widget_type=\"text-editor.default\">\n\t\t\t\t<div class=\"elementor-widget-container\">\n\t\t\t\t\t\t\t<p><span style=\"font-weight: 400\">El p\u00e9ndulo es una herramienta esencial que toda \u00abbruji\u00bb lleva en su vida. Perfecto para aquellas que buscan respuestas claras, conectar con su intuici\u00f3n y armonizar su energ\u00eda. Los p\u00e9ndulos te permiten testear la energ\u00eda de tu entorno, tomar decisiones m\u00e1s acertadas y equilibrar tus centros energ\u00e9ticos, convirti\u00e9ndolo en un amuleto perfecto para tu d\u00eda a d\u00eda.<\/span><\/p><p><span style=\"font-weight: 400\">Este <\/span><b>p\u00e9ndulo de Opalina<\/b><span style=\"font-weight: 400\"> tiene propiedades \u00fanicas que te ayudar\u00e1n a:<\/span><\/p><p><span style=\"font-weight: 400\">\u2728 <\/span><b>Fomentar la claridad mental<\/b><span style=\"font-weight: 400\">: La Opalina es conocida por su capacidad para abrir el chakra del tercer ojo, proporcionando mayor intuici\u00f3n y percepci\u00f3n.<\/span><span style=\"font-weight: 400\"><br \/><\/span><span style=\"font-weight: 400\">\ud83c\udf3f <\/span><b>Equilibrar las emociones<\/b><span style=\"font-weight: 400\">: Ayuda a liberar bloqueos emocionales y fomenta la paz interior.<\/span><span style=\"font-weight: 400\"><br \/><\/span><span style=\"font-weight: 400\">\ud83d\udcab <\/span><b>Atraer energ\u00eda positiva<\/b><span style=\"font-weight: 400\">: Al ser una piedra de armonizaci\u00f3n, potencia las vibraciones de amor, paz y serenidad a tu alrededor.<\/span><span style=\"font-weight: 400\"><br \/><\/span><span style=\"font-weight: 400\">\ud83c\udf19 <\/span><b>Potenciar tu conexi\u00f3n espiritual<\/b><span style=\"font-weight: 400\">: Perfecto para tus rituales, meditaciones y momentos de introspecci\u00f3n, elevando tu energ\u00eda y conciencia.<\/span><\/p><p><span style=\"font-weight: 400\">Este p\u00e9ndulo no solo es una herramienta poderosa, sino tambi\u00e9n un amuleto que te acompa\u00f1ar\u00e1 en tu camino hacia el autoconocimiento, la claridad y el bienestar.<\/span><\/p>\t\t\t\t\t\t<\/div>\n\t\t\t\t<\/div>\n\t\t\t\t\t<\/div>\n\t\t<\/div>\n\t\t\t\t<div class=\"elementor-column elementor-col-50 elementor-inner-column elementor-element elementor-element-a967996\" data-id=\"a967996\" data-element_type=\"column\">\n\t\t\t<div class=\"elementor-widget-wrap elementor-element-populated\">\n\t\t\t\t\t\t<div class=\"elementor-element elementor-element-38791ca elementor-widget elementor-widget-image\" data-id=\"38791ca\" data-element_type=\"widget\" data-widget_type=\"image.default\">\n\t\t\t\t<div class=\"elementor-widget-container\">\n\t\t\t\t\t\t\t\t\t\t\t\t\t<img fetchpriority=\"high\" decoding=\"async\" width=\"900\" height=\"1200\" src=\"https:\/\/gayaessence.com\/wp-content\/uploads\/2025\/02\/IMG_1504-2-900x1200.jpg\" class=\"attachment-large size-large wp-image-3350\" alt=\"\" srcset=\"https:\/\/gayaessence.com\/wp-content\/uploads\/2025\/02\/IMG_1504-2-900x1200.jpg 900w, https:\/\/gayaessence.com\/wp-content\/uploads\/2025\/02\/IMG_1504-2-375x500.jpg 375w, https:\/\/gayaessence.com\/wp-content\/uploads\/2025\/02\/IMG_1504-2-225x300.jpg 225w, https:\/\/gayaessence.com\/wp-content\/uploads\/2025\/02\/IMG_1504-2-768x1024.jpg 768w, https:\/\/gayaessence.com\/wp-content\/uploads\/2025\/02\/IMG_1504-2-1152x1536.jpg 1152w, https:\/\/gayaessence.com\/wp-content\/uploads\/2025\/02\/IMG_1504-2-1536x2048.jpg 1536w, https:\/\/gayaessence.com\/wp-content\/uploads\/2025\/02\/IMG_1504-2-56x75.jpg 56w, https:\/\/gayaessence.com\/wp-content\/uploads\/2025\/02\/IMG_1504-2-480x640.jpg 480w, https:\/\/gayaessence.com\/wp-content\/uploads\/2025\/02\/IMG_1504-2-800x1067.jpg 800w, https:\/\/gayaessence.com\/wp-content\/uploads\/2025\/02\/IMG_1504-2-scaled.jpg 1920w\" sizes=\"(max-width:767px) 480px, (max-width:900px) 100vw, 900px\" \/>\t\t\t\t\t\t\t\t\t\t\t\t\t<\/div>\n\t\t\t\t<\/div>\n\t\t\t\t\t<\/div>\n\t\t<\/div>\n\t\t\t\t\t<\/div>\n\t\t<\/section>\n\t\t\t\t\t<\/div>\n\t\t<\/div>\n\t\t\t\t\t<\/div>\n\t\t<\/section>\n\t\t\t\t<\/div>\n\t\t","protected":false},"excerpt":{"rendered":"<p>Descripci\u00f3n El p\u00e9ndulo es una herramienta esencial que toda \u00abbruji\u00bb lleva en su vida. Perfecto para aquellas que buscan respuestas claras, conectar con su intuici\u00f3n y<span class=\"excerpt-hellip\"> [\u2026]<\/span><\/p>\n","protected":false},"featured_media":3350,"template":"","meta":[],"product_brand":[],"product_cat":[30],"product_tag":[],"class_list":{"0":"post-3348","1":"product","2":"type-product","3":"status-publish","4":"has-post-thumbnail","6":"product_cat-cristales","8":"first","9":"outofstock","10":"shipping-taxable","11":"purchasable","12":"product-type-simple"},"yoast_head":"<!-- This site is optimized with the Yoast SEO plugin v23.9 - https:\/\/yoast.com\/wordpress\/plugins\/seo\/ -->\n<title>P\u00e9ndulo de Opalina - Gaya Essence<\/title>\n<meta name=\"robots\" content=\"index, follow, max-snippet:-1, max-image-preview:large, max-video-preview:-1\" \/>\n<link rel=\"canonical\" href=\"https:\/\/gayaessence.com\/index.php\/producto\/pendulo-de-opalina\/\" \/>\n<meta property=\"og:locale\" content=\"es_ES\" \/>\n<meta property=\"og:type\" content=\"article\" \/>\n<meta property=\"og:title\" content=\"P\u00e9ndulo de Opalina - Gaya Essence\" \/>\n<meta property=\"og:description\" content=\"Descripci\u00f3n El p\u00e9ndulo es una herramienta esencial que toda \u00abbruji\u00bb lleva en su vida. Perfecto para aquellas que buscan respuestas claras, conectar con su intuici\u00f3n y [\u2026]\" \/>\n<meta property=\"og:url\" content=\"https:\/\/gayaessence.com\/index.php\/producto\/pendulo-de-opalina\/\" \/>\n<meta property=\"og:site_name\" content=\"Gaya Essence\" \/>\n<meta property=\"article:modified_time\" content=\"2026-02-06T19:18:43+00:00\" \/>\n<meta name=\"twitter:card\" content=\"summary_large_image\" \/>\n<meta name=\"twitter:label1\" content=\"Tiempo de lectura\" \/>\n\t<meta name=\"twitter:data1\" content=\"2 minutos\" \/>\n<script type=\"application\/ld+json\" class=\"yoast-schema-graph\">{\"@context\":\"https:\/\/schema.org\",\"@graph\":[{\"@type\":\"WebPage\",\"@id\":\"https:\/\/gayaessence.com\/index.php\/producto\/pendulo-de-opalina\/\",\"url\":\"https:\/\/gayaessence.com\/index.php\/producto\/pendulo-de-opalina\/\",\"name\":\"P\u00e9ndulo de Opalina - Gaya Essence\",\"isPartOf\":{\"@id\":\"https:\/\/gayaessence.com\/#website\"},\"primaryImageOfPage\":{\"@id\":\"https:\/\/gayaessence.com\/index.php\/producto\/pendulo-de-opalina\/#primaryimage\"},\"image\":{\"@id\":\"https:\/\/gayaessence.com\/index.php\/producto\/pendulo-de-opalina\/#primaryimage\"},\"thumbnailUrl\":\"https:\/\/gayaessence.com\/wp-content\/uploads\/2025\/02\/IMG_1504-2-scaled.jpg\",\"datePublished\":\"2025-02-24T11:44:38+00:00\",\"dateModified\":\"2026-02-06T19:18:43+00:00\",\"breadcrumb\":{\"@id\":\"https:\/\/gayaessence.com\/index.php\/producto\/pendulo-de-opalina\/#breadcrumb\"},\"inLanguage\":\"es\",\"potentialAction\":[{\"@type\":\"ReadAction\",\"target\":[\"https:\/\/gayaessence.com\/index.php\/producto\/pendulo-de-opalina\/\"]}]},{\"@type\":\"ImageObject\",\"inLanguage\":\"es\",\"@id\":\"https:\/\/gayaessence.com\/index.php\/producto\/pendulo-de-opalina\/#primaryimage\",\"url\":\"https:\/\/gayaessence.com\/wp-content\/uploads\/2025\/02\/IMG_1504-2-scaled.jpg\",\"contentUrl\":\"https:\/\/gayaessence.com\/wp-content\/uploads\/2025\/02\/IMG_1504-2-scaled.jpg\",\"width\":1920,\"height\":2560},{\"@type\":\"BreadcrumbList\",\"@id\":\"https:\/\/gayaessence.com\/index.php\/producto\/pendulo-de-opalina\/#breadcrumb\",\"itemListElement\":[{\"@type\":\"ListItem\",\"position\":1,\"name\":\"Portada\",\"item\":\"https:\/\/gayaessence.com\/\"},{\"@type\":\"ListItem\",\"position\":2,\"name\":\"Tienda\",\"item\":\"https:\/\/gayaessence.com\/index.php\/shop\/\"},{\"@type\":\"ListItem\",\"position\":3,\"name\":\"P\u00e9ndulo de Opalina\"}]},{\"@type\":\"WebSite\",\"@id\":\"https:\/\/gayaessence.com\/#website\",\"url\":\"https:\/\/gayaessence.com\/\",\"name\":\"Gaya Essence\",\"description\":\"Cuida, Protege y Eleva tu Vibraci\u00f3n\",\"publisher\":{\"@id\":\"https:\/\/gayaessence.com\/#organization\"},\"potentialAction\":[{\"@type\":\"SearchAction\",\"target\":{\"@type\":\"EntryPoint\",\"urlTemplate\":\"https:\/\/gayaessence.com\/?s={search_term_string}\"},\"query-input\":{\"@type\":\"PropertyValueSpecification\",\"valueRequired\":true,\"valueName\":\"search_term_string\"}}],\"inLanguage\":\"es\"},{\"@type\":\"Organization\",\"@id\":\"https:\/\/gayaessence.com\/#organization\",\"name\":\"Gaya Essence\",\"url\":\"https:\/\/gayaessence.com\/\",\"logo\":{\"@type\":\"ImageObject\",\"inLanguage\":\"es\",\"@id\":\"https:\/\/gayaessence.com\/#\/schema\/logo\/image\/\",\"url\":\"https:\/\/gayaessence.com\/wp-content\/uploads\/2024\/10\/cropped-logo-transp-1.png\",\"contentUrl\":\"https:\/\/gayaessence.com\/wp-content\/uploads\/2024\/10\/cropped-logo-transp-1.png\",\"width\":500,\"height\":196,\"caption\":\"Gaya Essence\"},\"image\":{\"@id\":\"https:\/\/gayaessence.com\/#\/schema\/logo\/image\/\"}}]}<\/script>\n<!-- \/ Yoast SEO plugin. -->","yoast_head_json":{"title":"P\u00e9ndulo de Opalina - Gaya Essence","robots":{"index":"index","follow":"follow","max-snippet":"max-snippet:-1","max-image-preview":"max-image-preview:large","max-video-preview":"max-video-preview:-1"},"canonical":"https:\/\/gayaessence.com\/index.php\/producto\/pendulo-de-opalina\/","og_locale":"es_ES","og_type":"article","og_title":"P\u00e9ndulo de Opalina - Gaya Essence","og_description":"Descripci\u00f3n El p\u00e9ndulo es una herramienta esencial que toda \u00abbruji\u00bb lleva en su vida. Perfecto para aquellas que buscan respuestas claras, conectar con su intuici\u00f3n y [\u2026]","og_url":"https:\/\/gayaessence.com\/index.php\/producto\/pendulo-de-opalina\/","og_site_name":"Gaya Essence","article_modified_time":"2026-02-06T19:18:43+00:00","twitter_card":"summary_large_image","twitter_misc":{"Tiempo de lectura":"2 minutos"},"schema":{"@context":"https:\/\/schema.org","@graph":[{"@type":"WebPage","@id":"https:\/\/gayaessence.com\/index.php\/producto\/pendulo-de-opalina\/","url":"https:\/\/gayaessence.com\/index.php\/producto\/pendulo-de-opalina\/","name":"P\u00e9ndulo de Opalina - Gaya Essence","isPartOf":{"@id":"https:\/\/gayaessence.com\/#website"},"primaryImageOfPage":{"@id":"https:\/\/gayaessence.com\/index.php\/producto\/pendulo-de-opalina\/#primaryimage"},"image":{"@id":"https:\/\/gayaessence.com\/index.php\/producto\/pendulo-de-opalina\/#primaryimage"},"thumbnailUrl":"https:\/\/gayaessence.com\/wp-content\/uploads\/2025\/02\/IMG_1504-2-scaled.jpg","datePublished":"2025-02-24T11:44:38+00:00","dateModified":"2026-02-06T19:18:43+00:00","breadcrumb":{"@id":"https:\/\/gayaessence.com\/index.php\/producto\/pendulo-de-opalina\/#breadcrumb"},"inLanguage":"es","potentialAction":[{"@type":"ReadAction","target":["https:\/\/gayaessence.com\/index.php\/producto\/pendulo-de-opalina\/"]}]},{"@type":"ImageObject","inLanguage":"es","@id":"https:\/\/gayaessence.com\/index.php\/producto\/pendulo-de-opalina\/#primaryimage","url":"https:\/\/gayaessence.com\/wp-content\/uploads\/2025\/02\/IMG_1504-2-scaled.jpg","contentUrl":"https:\/\/gayaessence.com\/wp-content\/uploads\/2025\/02\/IMG_1504-2-scaled.jpg","width":1920,"height":2560},{"@type":"BreadcrumbList","@id":"https:\/\/gayaessence.com\/index.php\/producto\/pendulo-de-opalina\/#breadcrumb","itemListElement":[{"@type":"ListItem","position":1,"name":"Portada","item":"https:\/\/gayaessence.com\/"},{"@type":"ListItem","position":2,"name":"Tienda","item":"https:\/\/gayaessence.com\/index.php\/shop\/"},{"@type":"ListItem","position":3,"name":"P\u00e9ndulo de Opalina"}]},{"@type":"WebSite","@id":"https:\/\/gayaessence.com\/#website","url":"https:\/\/gayaessence.com\/","name":"Gaya Essence","description":"Cuida, Protege y Eleva tu Vibraci\u00f3n","publisher":{"@id":"https:\/\/gayaessence.com\/#organization"},"potentialAction":[{"@type":"SearchAction","target":{"@type":"EntryPoint","urlTemplate":"https:\/\/gayaessence.com\/?s={search_term_string}"},"query-input":{"@type":"PropertyValueSpecification","valueRequired":true,"valueName":"search_term_string"}}],"inLanguage":"es"},{"@type":"Organization","@id":"https:\/\/gayaessence.com\/#organization","name":"Gaya Essence","url":"https:\/\/gayaessence.com\/","logo":{"@type":"ImageObject","inLanguage":"es","@id":"https:\/\/gayaessence.com\/#\/schema\/logo\/image\/","url":"https:\/\/gayaessence.com\/wp-content\/uploads\/2024\/10\/cropped-logo-transp-1.png","contentUrl":"https:\/\/gayaessence.com\/wp-content\/uploads\/2024\/10\/cropped-logo-transp-1.png","width":500,"height":196,"caption":"Gaya Essence"},"image":{"@id":"https:\/\/gayaessence.com\/#\/schema\/logo\/image\/"}}]}},"jetpack_sharing_enabled":true,"_links":{"self":[{"href":"https:\/\/gayaessence.com\/index.php\/wp-json\/wp\/v2\/product\/3348","targetHints":{"allow":["GET"]}}],"collection":[{"href":"https:\/\/gayaessence.com\/index.php\/wp-json\/wp\/v2\/product"}],"about":[{"href":"https:\/\/gayaessence.com\/index.php\/wp-json\/wp\/v2\/types\/product"}],"version-history":[{"count":5,"href":"https:\/\/gayaessence.com\/index.php\/wp-json\/wp\/v2\/product\/3348\/revisions"}],"predecessor-version":[{"id":4241,"href":"https:\/\/gayaessence.com\/index.php\/wp-json\/wp\/v2\/product\/3348\/revisions\/4241"}],"wp:featuredmedia":[{"embeddable":true,"href":"https:\/\/gayaessence.com\/index.php\/wp-json\/wp\/v2\/media\/3350"}],"wp:attachment":[{"href":"https:\/\/gayaessence.com\/index.php\/wp-json\/wp\/v2\/media?parent=3348"}],"wp:term":[{"taxonomy":"product_brand","embeddable":true,"href":"https:\/\/gayaessence.com\/index.php\/wp-json\/wp\/v2\/product_brand?post=3348"},{"taxonomy":"product_cat","embeddable":true,"href":"https:\/\/gayaessence.com\/index.php\/wp-json\/wp\/v2\/product_cat?post=3348"},{"taxonomy":"product_tag","embeddable":true,"href":"https:\/\/gayaessence.com\/index.php\/wp-json\/wp\/v2\/product_tag?post=3348"}],"curies":[{"name":"wp","href":"https:\/\/api.w.org\/{rel}","templated":true}]}}