{"id":3341,"date":"2025-02-24T11:39:18","date_gmt":"2025-02-24T11:39:18","guid":{"rendered":"https:\/\/gayaessence.com\/?post_type=product&#038;p=3341"},"modified":"2025-09-24T09:49:20","modified_gmt":"2025-09-24T09:49:20","slug":"set-de-7-piedras-chakras-copia","status":"publish","type":"product","link":"https:\/\/gayaessence.com\/index.php\/producto\/set-de-7-piedras-chakras-copia\/","title":{"rendered":"Drusa de Celestina"},"content":{"rendered":"\t\t<div data-elementor-type=\"wp-post\" data-elementor-id=\"3341\" class=\"elementor elementor-3341\">\n\t\t\t\t\t\t<section class=\"elementor-section elementor-top-section elementor-element elementor-element-ba79a43 elementor-section-boxed elementor-section-height-default elementor-section-height-default\" data-id=\"ba79a43\" data-element_type=\"section\">\n\t\t\t\t\t\t<div class=\"elementor-container elementor-column-gap-default\">\n\t\t\t\t\t<div class=\"elementor-column elementor-col-100 elementor-top-column elementor-element elementor-element-183df69\" data-id=\"183df69\" data-element_type=\"column\">\n\t\t\t<div class=\"elementor-widget-wrap elementor-element-populated\">\n\t\t\t\t\t\t<section class=\"elementor-section elementor-inner-section elementor-element elementor-element-f5dfea0 elementor-section-boxed elementor-section-height-default elementor-section-height-default\" data-id=\"f5dfea0\" data-element_type=\"section\">\n\t\t\t\t\t\t<div class=\"elementor-container elementor-column-gap-default\">\n\t\t\t\t\t<div class=\"elementor-column elementor-col-50 elementor-inner-column elementor-element elementor-element-a5c31cf\" data-id=\"a5c31cf\" data-element_type=\"column\">\n\t\t\t<div class=\"elementor-widget-wrap elementor-element-populated\">\n\t\t\t\t\t\t<div class=\"elementor-element elementor-element-ae33da0 elementor-widget elementor-widget-heading\" data-id=\"ae33da0\" data-element_type=\"widget\" data-widget_type=\"heading.default\">\n\t\t\t\t<div class=\"elementor-widget-container\">\n\t\t\t<h3 class=\"elementor-heading-title elementor-size-default\">Descripci\u00f3n<\/h3>\t\t<\/div>\n\t\t\t\t<\/div>\n\t\t\t\t<div class=\"elementor-element elementor-element-ae57f90 elementor-widget elementor-widget-text-editor\" data-id=\"ae57f90\" data-element_type=\"widget\" data-widget_type=\"text-editor.default\">\n\t\t\t\t<div class=\"elementor-widget-container\">\n\t\t\t\t\t\t\t<p><span style=\"font-weight: 400\">La <\/span><b>Drusa de Celestina<\/b><span style=\"font-weight: 400\"> es una joya natural llena de vibraciones altas y energ\u00eda pura. Ideal para quienes buscan paz, equilibrio y una conexi\u00f3n m\u00e1s profunda con su ser interior y el universo. Esta piedra te invita a abrazar la serenidad, iluminando tu espacio con su luz suave y energ\u00e9tica.<\/span><\/p><p><span style=\"font-weight: 400\">La <\/span><b>Celestina<\/b><span style=\"font-weight: 400\">, proveniente de Madagascar, es conocida por sus maravillosas propiedades que te ayudar\u00e1n a:<\/span><\/p><p><span style=\"font-weight: 400\">\u2728 <\/span><b>Elevar tu frecuencia energ\u00e9tica<\/b><span style=\"font-weight: 400\">: La Celestina es una piedra con una vibraci\u00f3n muy alta, perfecta para conectar con planos espirituales elevados y abrirte a nuevas dimensiones de consciencia.<\/span><span style=\"font-weight: 400\"><br \/><\/span><span style=\"font-weight: 400\">\ud83c\udf3f <\/span><b>Promover la calma y la paz<\/b><span style=\"font-weight: 400\">: Ayuda a liberar tensiones, calmar la mente y fomentar un estado de tranquilidad profunda.<\/span><span style=\"font-weight: 400\"><br \/><\/span><span style=\"font-weight: 400\">\ud83d\udcab <\/span><b>Fortalecer la comunicaci\u00f3n espiritual<\/b><span style=\"font-weight: 400\">: Su energ\u00eda favorece la conexi\u00f3n con gu\u00edas espirituales y el acceso a la sabidur\u00eda del alma, especialmente en momentos de meditaci\u00f3n o rituales.<\/span><span style=\"font-weight: 400\"><br \/><\/span><span style=\"font-weight: 400\">\ud83c\udf19 <\/span><b>Equilibrar las emociones<\/b><span style=\"font-weight: 400\">: La Celestina te ayuda a mantener un estado emocional armonioso, protegiendo tu energ\u00eda de influencias externas.<\/span><\/p><p><b>Peso:<\/b><span style=\"font-weight: 400\"> 500 g<\/span><\/p><p><span style=\"font-weight: 400\">Esta Drusa de Celestina no solo es una pieza de belleza \u00fanica, sino un potente amuleto que ilumina tu camino con su energ\u00eda celestial y sanadora. Su origen en Madagascar y su tama\u00f1o generoso la convierten en un elemento perfecto para agregar luz y calma a tu hogar o espacio de meditaci\u00f3n.<\/span><\/p>\t\t\t\t\t\t<\/div>\n\t\t\t\t<\/div>\n\t\t\t\t\t<\/div>\n\t\t<\/div>\n\t\t\t\t<div class=\"elementor-column elementor-col-50 elementor-inner-column elementor-element elementor-element-a967996\" data-id=\"a967996\" data-element_type=\"column\">\n\t\t\t<div class=\"elementor-widget-wrap elementor-element-populated\">\n\t\t\t\t\t\t<div class=\"elementor-element elementor-element-38791ca elementor-widget elementor-widget-image\" data-id=\"38791ca\" data-element_type=\"widget\" data-widget_type=\"image.default\">\n\t\t\t\t<div class=\"elementor-widget-container\">\n\t\t\t\t\t\t\t\t\t\t\t\t\t<img fetchpriority=\"high\" decoding=\"async\" width=\"900\" height=\"1200\" src=\"https:\/\/gayaessence.com\/wp-content\/uploads\/2025\/02\/IMG_1512-2-900x1200.jpg\" class=\"attachment-large size-large wp-image-3343\" alt=\"\" srcset=\"https:\/\/gayaessence.com\/wp-content\/uploads\/2025\/02\/IMG_1512-2-900x1200.jpg 900w, https:\/\/gayaessence.com\/wp-content\/uploads\/2025\/02\/IMG_1512-2-375x500.jpg 375w, https:\/\/gayaessence.com\/wp-content\/uploads\/2025\/02\/IMG_1512-2-225x300.jpg 225w, https:\/\/gayaessence.com\/wp-content\/uploads\/2025\/02\/IMG_1512-2-768x1024.jpg 768w, https:\/\/gayaessence.com\/wp-content\/uploads\/2025\/02\/IMG_1512-2-1152x1536.jpg 1152w, https:\/\/gayaessence.com\/wp-content\/uploads\/2025\/02\/IMG_1512-2-1536x2048.jpg 1536w, https:\/\/gayaessence.com\/wp-content\/uploads\/2025\/02\/IMG_1512-2-56x75.jpg 56w, https:\/\/gayaessence.com\/wp-content\/uploads\/2025\/02\/IMG_1512-2-480x640.jpg 480w, https:\/\/gayaessence.com\/wp-content\/uploads\/2025\/02\/IMG_1512-2-800x1067.jpg 800w, https:\/\/gayaessence.com\/wp-content\/uploads\/2025\/02\/IMG_1512-2-scaled.jpg 1920w\" sizes=\"(max-width:767px) 480px, (max-width:900px) 100vw, 900px\" \/>\t\t\t\t\t\t\t\t\t\t\t\t\t<\/div>\n\t\t\t\t<\/div>\n\t\t\t\t\t<\/div>\n\t\t<\/div>\n\t\t\t\t\t<\/div>\n\t\t<\/section>\n\t\t\t\t\t<\/div>\n\t\t<\/div>\n\t\t\t\t\t<\/div>\n\t\t<\/section>\n\t\t\t\t<\/div>\n\t\t","protected":false},"excerpt":{"rendered":"<p>Descripci\u00f3n La Drusa de Celestina es una joya natural llena de vibraciones altas y energ\u00eda pura. Ideal para quienes buscan paz, equilibrio y una conexi\u00f3n m\u00e1s<span class=\"excerpt-hellip\"> [\u2026]<\/span><\/p>\n","protected":false},"featured_media":3343,"template":"","meta":[],"product_brand":[],"product_cat":[30],"product_tag":[],"class_list":{"0":"post-3341","1":"product","2":"type-product","3":"status-publish","4":"has-post-thumbnail","6":"product_cat-cristales","8":"first","9":"instock","10":"shipping-taxable","11":"purchasable","12":"product-type-simple"},"yoast_head":"<!-- This site is optimized with the Yoast SEO plugin v23.9 - https:\/\/yoast.com\/wordpress\/plugins\/seo\/ -->\n<title>Drusa de Celestina - Gaya Essence<\/title>\n<meta name=\"robots\" content=\"index, follow, max-snippet:-1, max-image-preview:large, max-video-preview:-1\" \/>\n<link rel=\"canonical\" href=\"https:\/\/gayaessence.com\/index.php\/producto\/set-de-7-piedras-chakras-copia\/\" \/>\n<meta property=\"og:locale\" content=\"es_ES\" \/>\n<meta property=\"og:type\" content=\"article\" \/>\n<meta property=\"og:title\" content=\"Drusa de Celestina - Gaya Essence\" \/>\n<meta property=\"og:description\" content=\"Descripci\u00f3n La Drusa de Celestina es una joya natural llena de vibraciones altas y energ\u00eda pura. Ideal para quienes buscan paz, equilibrio y una conexi\u00f3n m\u00e1s [\u2026]\" \/>\n<meta property=\"og:url\" content=\"https:\/\/gayaessence.com\/index.php\/producto\/set-de-7-piedras-chakras-copia\/\" \/>\n<meta property=\"og:site_name\" content=\"Gaya Essence\" \/>\n<meta property=\"article:modified_time\" content=\"2025-09-24T09:49:20+00:00\" \/>\n<meta name=\"twitter:card\" content=\"summary_large_image\" \/>\n<meta name=\"twitter:label1\" content=\"Tiempo de lectura\" \/>\n\t<meta name=\"twitter:data1\" content=\"2 minutos\" \/>\n<script type=\"application\/ld+json\" class=\"yoast-schema-graph\">{\"@context\":\"https:\/\/schema.org\",\"@graph\":[{\"@type\":\"WebPage\",\"@id\":\"https:\/\/gayaessence.com\/index.php\/producto\/set-de-7-piedras-chakras-copia\/\",\"url\":\"https:\/\/gayaessence.com\/index.php\/producto\/set-de-7-piedras-chakras-copia\/\",\"name\":\"Drusa de Celestina - Gaya Essence\",\"isPartOf\":{\"@id\":\"https:\/\/gayaessence.com\/#website\"},\"primaryImageOfPage\":{\"@id\":\"https:\/\/gayaessence.com\/index.php\/producto\/set-de-7-piedras-chakras-copia\/#primaryimage\"},\"image\":{\"@id\":\"https:\/\/gayaessence.com\/index.php\/producto\/set-de-7-piedras-chakras-copia\/#primaryimage\"},\"thumbnailUrl\":\"https:\/\/gayaessence.com\/wp-content\/uploads\/2025\/02\/IMG_1512-2-scaled.jpg\",\"datePublished\":\"2025-02-24T11:39:18+00:00\",\"dateModified\":\"2025-09-24T09:49:20+00:00\",\"breadcrumb\":{\"@id\":\"https:\/\/gayaessence.com\/index.php\/producto\/set-de-7-piedras-chakras-copia\/#breadcrumb\"},\"inLanguage\":\"es\",\"potentialAction\":[{\"@type\":\"ReadAction\",\"target\":[\"https:\/\/gayaessence.com\/index.php\/producto\/set-de-7-piedras-chakras-copia\/\"]}]},{\"@type\":\"ImageObject\",\"inLanguage\":\"es\",\"@id\":\"https:\/\/gayaessence.com\/index.php\/producto\/set-de-7-piedras-chakras-copia\/#primaryimage\",\"url\":\"https:\/\/gayaessence.com\/wp-content\/uploads\/2025\/02\/IMG_1512-2-scaled.jpg\",\"contentUrl\":\"https:\/\/gayaessence.com\/wp-content\/uploads\/2025\/02\/IMG_1512-2-scaled.jpg\",\"width\":1920,\"height\":2560},{\"@type\":\"BreadcrumbList\",\"@id\":\"https:\/\/gayaessence.com\/index.php\/producto\/set-de-7-piedras-chakras-copia\/#breadcrumb\",\"itemListElement\":[{\"@type\":\"ListItem\",\"position\":1,\"name\":\"Portada\",\"item\":\"https:\/\/gayaessence.com\/\"},{\"@type\":\"ListItem\",\"position\":2,\"name\":\"Tienda\",\"item\":\"https:\/\/gayaessence.com\/index.php\/shop\/\"},{\"@type\":\"ListItem\",\"position\":3,\"name\":\"Drusa de Celestina\"}]},{\"@type\":\"WebSite\",\"@id\":\"https:\/\/gayaessence.com\/#website\",\"url\":\"https:\/\/gayaessence.com\/\",\"name\":\"Gaya Essence\",\"description\":\"Cuida, Protege y Eleva tu Vibraci\u00f3n\",\"publisher\":{\"@id\":\"https:\/\/gayaessence.com\/#organization\"},\"potentialAction\":[{\"@type\":\"SearchAction\",\"target\":{\"@type\":\"EntryPoint\",\"urlTemplate\":\"https:\/\/gayaessence.com\/?s={search_term_string}\"},\"query-input\":{\"@type\":\"PropertyValueSpecification\",\"valueRequired\":true,\"valueName\":\"search_term_string\"}}],\"inLanguage\":\"es\"},{\"@type\":\"Organization\",\"@id\":\"https:\/\/gayaessence.com\/#organization\",\"name\":\"Gaya Essence\",\"url\":\"https:\/\/gayaessence.com\/\",\"logo\":{\"@type\":\"ImageObject\",\"inLanguage\":\"es\",\"@id\":\"https:\/\/gayaessence.com\/#\/schema\/logo\/image\/\",\"url\":\"https:\/\/gayaessence.com\/wp-content\/uploads\/2024\/10\/cropped-logo-transp-1.png\",\"contentUrl\":\"https:\/\/gayaessence.com\/wp-content\/uploads\/2024\/10\/cropped-logo-transp-1.png\",\"width\":500,\"height\":196,\"caption\":\"Gaya Essence\"},\"image\":{\"@id\":\"https:\/\/gayaessence.com\/#\/schema\/logo\/image\/\"}}]}<\/script>\n<!-- \/ Yoast SEO plugin. -->","yoast_head_json":{"title":"Drusa de Celestina - Gaya Essence","robots":{"index":"index","follow":"follow","max-snippet":"max-snippet:-1","max-image-preview":"max-image-preview:large","max-video-preview":"max-video-preview:-1"},"canonical":"https:\/\/gayaessence.com\/index.php\/producto\/set-de-7-piedras-chakras-copia\/","og_locale":"es_ES","og_type":"article","og_title":"Drusa de Celestina - Gaya Essence","og_description":"Descripci\u00f3n La Drusa de Celestina es una joya natural llena de vibraciones altas y energ\u00eda pura. Ideal para quienes buscan paz, equilibrio y una conexi\u00f3n m\u00e1s [\u2026]","og_url":"https:\/\/gayaessence.com\/index.php\/producto\/set-de-7-piedras-chakras-copia\/","og_site_name":"Gaya Essence","article_modified_time":"2025-09-24T09:49:20+00:00","twitter_card":"summary_large_image","twitter_misc":{"Tiempo de lectura":"2 minutos"},"schema":{"@context":"https:\/\/schema.org","@graph":[{"@type":"WebPage","@id":"https:\/\/gayaessence.com\/index.php\/producto\/set-de-7-piedras-chakras-copia\/","url":"https:\/\/gayaessence.com\/index.php\/producto\/set-de-7-piedras-chakras-copia\/","name":"Drusa de Celestina - Gaya Essence","isPartOf":{"@id":"https:\/\/gayaessence.com\/#website"},"primaryImageOfPage":{"@id":"https:\/\/gayaessence.com\/index.php\/producto\/set-de-7-piedras-chakras-copia\/#primaryimage"},"image":{"@id":"https:\/\/gayaessence.com\/index.php\/producto\/set-de-7-piedras-chakras-copia\/#primaryimage"},"thumbnailUrl":"https:\/\/gayaessence.com\/wp-content\/uploads\/2025\/02\/IMG_1512-2-scaled.jpg","datePublished":"2025-02-24T11:39:18+00:00","dateModified":"2025-09-24T09:49:20+00:00","breadcrumb":{"@id":"https:\/\/gayaessence.com\/index.php\/producto\/set-de-7-piedras-chakras-copia\/#breadcrumb"},"inLanguage":"es","potentialAction":[{"@type":"ReadAction","target":["https:\/\/gayaessence.com\/index.php\/producto\/set-de-7-piedras-chakras-copia\/"]}]},{"@type":"ImageObject","inLanguage":"es","@id":"https:\/\/gayaessence.com\/index.php\/producto\/set-de-7-piedras-chakras-copia\/#primaryimage","url":"https:\/\/gayaessence.com\/wp-content\/uploads\/2025\/02\/IMG_1512-2-scaled.jpg","contentUrl":"https:\/\/gayaessence.com\/wp-content\/uploads\/2025\/02\/IMG_1512-2-scaled.jpg","width":1920,"height":2560},{"@type":"BreadcrumbList","@id":"https:\/\/gayaessence.com\/index.php\/producto\/set-de-7-piedras-chakras-copia\/#breadcrumb","itemListElement":[{"@type":"ListItem","position":1,"name":"Portada","item":"https:\/\/gayaessence.com\/"},{"@type":"ListItem","position":2,"name":"Tienda","item":"https:\/\/gayaessence.com\/index.php\/shop\/"},{"@type":"ListItem","position":3,"name":"Drusa de Celestina"}]},{"@type":"WebSite","@id":"https:\/\/gayaessence.com\/#website","url":"https:\/\/gayaessence.com\/","name":"Gaya Essence","description":"Cuida, Protege y Eleva tu Vibraci\u00f3n","publisher":{"@id":"https:\/\/gayaessence.com\/#organization"},"potentialAction":[{"@type":"SearchAction","target":{"@type":"EntryPoint","urlTemplate":"https:\/\/gayaessence.com\/?s={search_term_string}"},"query-input":{"@type":"PropertyValueSpecification","valueRequired":true,"valueName":"search_term_string"}}],"inLanguage":"es"},{"@type":"Organization","@id":"https:\/\/gayaessence.com\/#organization","name":"Gaya Essence","url":"https:\/\/gayaessence.com\/","logo":{"@type":"ImageObject","inLanguage":"es","@id":"https:\/\/gayaessence.com\/#\/schema\/logo\/image\/","url":"https:\/\/gayaessence.com\/wp-content\/uploads\/2024\/10\/cropped-logo-transp-1.png","contentUrl":"https:\/\/gayaessence.com\/wp-content\/uploads\/2024\/10\/cropped-logo-transp-1.png","width":500,"height":196,"caption":"Gaya Essence"},"image":{"@id":"https:\/\/gayaessence.com\/#\/schema\/logo\/image\/"}}]}},"jetpack_sharing_enabled":true,"_links":{"self":[{"href":"https:\/\/gayaessence.com\/index.php\/wp-json\/wp\/v2\/product\/3341","targetHints":{"allow":["GET"]}}],"collection":[{"href":"https:\/\/gayaessence.com\/index.php\/wp-json\/wp\/v2\/product"}],"about":[{"href":"https:\/\/gayaessence.com\/index.php\/wp-json\/wp\/v2\/types\/product"}],"version-history":[{"count":4,"href":"https:\/\/gayaessence.com\/index.php\/wp-json\/wp\/v2\/product\/3341\/revisions"}],"predecessor-version":[{"id":3347,"href":"https:\/\/gayaessence.com\/index.php\/wp-json\/wp\/v2\/product\/3341\/revisions\/3347"}],"wp:featuredmedia":[{"embeddable":true,"href":"https:\/\/gayaessence.com\/index.php\/wp-json\/wp\/v2\/media\/3343"}],"wp:attachment":[{"href":"https:\/\/gayaessence.com\/index.php\/wp-json\/wp\/v2\/media?parent=3341"}],"wp:term":[{"taxonomy":"product_brand","embeddable":true,"href":"https:\/\/gayaessence.com\/index.php\/wp-json\/wp\/v2\/product_brand?post=3341"},{"taxonomy":"product_cat","embeddable":true,"href":"https:\/\/gayaessence.com\/index.php\/wp-json\/wp\/v2\/product_cat?post=3341"},{"taxonomy":"product_tag","embeddable":true,"href":"https:\/\/gayaessence.com\/index.php\/wp-json\/wp\/v2\/product_tag?post=3341"}],"curies":[{"name":"wp","href":"https:\/\/api.w.org\/{rel}","templated":true}]}}