{"id":3309,"date":"2025-02-10T12:07:02","date_gmt":"2025-02-10T12:07:02","guid":{"rendered":"https:\/\/gayaessence.com\/?post_type=product&#038;p=3309"},"modified":"2025-08-18T00:00:26","modified_gmt":"2025-08-18T00:00:26","slug":"bandeja-posavelas-bubble","status":"publish","type":"product","link":"https:\/\/gayaessence.com\/index.php\/producto\/bandeja-posavelas-bubble\/","title":{"rendered":"Bandeja Posavelas Bubble"},"content":{"rendered":"\t\t<div data-elementor-type=\"wp-post\" data-elementor-id=\"3309\" class=\"elementor elementor-3309\">\n\t\t\t\t\t\t<section class=\"elementor-section elementor-top-section elementor-element elementor-element-ba79a43 elementor-section-boxed elementor-section-height-default elementor-section-height-default\" data-id=\"ba79a43\" data-element_type=\"section\">\n\t\t\t\t\t\t<div class=\"elementor-container elementor-column-gap-default\">\n\t\t\t\t\t<div class=\"elementor-column elementor-col-100 elementor-top-column elementor-element elementor-element-183df69\" data-id=\"183df69\" data-element_type=\"column\">\n\t\t\t<div class=\"elementor-widget-wrap elementor-element-populated\">\n\t\t\t\t\t\t<section class=\"elementor-section elementor-inner-section elementor-element elementor-element-f5dfea0 elementor-section-boxed elementor-section-height-default elementor-section-height-default\" data-id=\"f5dfea0\" data-element_type=\"section\">\n\t\t\t\t\t\t<div class=\"elementor-container elementor-column-gap-default\">\n\t\t\t\t\t<div class=\"elementor-column elementor-col-50 elementor-inner-column elementor-element elementor-element-a5c31cf\" data-id=\"a5c31cf\" data-element_type=\"column\">\n\t\t\t<div class=\"elementor-widget-wrap elementor-element-populated\">\n\t\t\t\t\t\t<div class=\"elementor-element elementor-element-ae33da0 elementor-widget elementor-widget-heading\" data-id=\"ae33da0\" data-element_type=\"widget\" data-widget_type=\"heading.default\">\n\t\t\t\t<div class=\"elementor-widget-container\">\n\t\t\t<h3 class=\"elementor-heading-title elementor-size-default\">Descripci\u00f3n<\/h3>\t\t<\/div>\n\t\t\t\t<\/div>\n\t\t\t\t<div class=\"elementor-element elementor-element-ae57f90 elementor-widget elementor-widget-text-editor\" data-id=\"ae57f90\" data-element_type=\"widget\" data-widget_type=\"text-editor.default\">\n\t\t\t\t<div class=\"elementor-widget-container\">\n\t\t\t\t\t\t\t<p><span style=\"font-weight: 400\">Te presentamos nuestras elegantes bandejas o posavelas de cer\u00e1mica hechas a mano, una opci\u00f3n perfecta para acompa\u00f1ar tus velas y darle un toque \u00fanico a tus espacios. \ud83c\udf3f\u2728<\/span><\/p><p><span style=\"font-weight: 400\">Disponibles en dos hermosos colores a elegir: <\/span><b>beige<\/b><span style=\"font-weight: 400\"> o <\/span><b>malva<\/b><span style=\"font-weight: 400\">, cada pieza es una obra artesanal que refleja la delicadeza y el toque \u00fanico de la cer\u00e1mica hecha a mano. Con un peso de <\/span><b>240gr<\/b><span style=\"font-weight: 400\">, son lo suficientemente resistentes para soportar tus velas de forma segura, mientras a\u00f1ades una pieza decorativa a tu hogar.<\/span><\/p><p><span style=\"font-weight: 400\">Perfectas para decorar tus rincones especiales, usarlas en tus rituales de autocuidado o como un bonito detalle en cualquier habitaci\u00f3n. \ud83c\udf38<\/span><\/p><p><span style=\"font-weight: 400\">\u00a1Elige tu color favorito y dale un toque personal a tu espacio!<\/span><\/p><p><br style=\"font-weight: 400\" \/><br style=\"font-weight: 400\" \/><\/p>\t\t\t\t\t\t<\/div>\n\t\t\t\t<\/div>\n\t\t\t\t\t<\/div>\n\t\t<\/div>\n\t\t\t\t<div class=\"elementor-column elementor-col-50 elementor-inner-column elementor-element elementor-element-a967996\" data-id=\"a967996\" data-element_type=\"column\">\n\t\t\t<div class=\"elementor-widget-wrap elementor-element-populated\">\n\t\t\t\t\t\t<div class=\"elementor-element elementor-element-38791ca elementor-widget elementor-widget-image\" data-id=\"38791ca\" data-element_type=\"widget\" data-widget_type=\"image.default\">\n\t\t\t\t<div class=\"elementor-widget-container\">\n\t\t\t\t\t\t\t\t\t\t\t\t\t<img fetchpriority=\"high\" decoding=\"async\" width=\"692\" height=\"722\" src=\"https:\/\/gayaessence.com\/wp-content\/uploads\/2025\/02\/Captura-de-pantalla-2025-02-10-a-las-11.29.32-1.png\" class=\"attachment-large size-large wp-image-3312\" alt=\"\" srcset=\"https:\/\/gayaessence.com\/wp-content\/uploads\/2025\/02\/Captura-de-pantalla-2025-02-10-a-las-11.29.32-1.png 692w, https:\/\/gayaessence.com\/wp-content\/uploads\/2025\/02\/Captura-de-pantalla-2025-02-10-a-las-11.29.32-1-479x500.png 479w, https:\/\/gayaessence.com\/wp-content\/uploads\/2025\/02\/Captura-de-pantalla-2025-02-10-a-las-11.29.32-1-288x300.png 288w, https:\/\/gayaessence.com\/wp-content\/uploads\/2025\/02\/Captura-de-pantalla-2025-02-10-a-las-11.29.32-1-72x75.png 72w, https:\/\/gayaessence.com\/wp-content\/uploads\/2025\/02\/Captura-de-pantalla-2025-02-10-a-las-11.29.32-1-480x501.png 480w\" sizes=\"(max-width:767px) 480px, 692px\" \/>\t\t\t\t\t\t\t\t\t\t\t\t\t<\/div>\n\t\t\t\t<\/div>\n\t\t\t\t\t<\/div>\n\t\t<\/div>\n\t\t\t\t\t<\/div>\n\t\t<\/section>\n\t\t\t\t\t<\/div>\n\t\t<\/div>\n\t\t\t\t\t<\/div>\n\t\t<\/section>\n\t\t\t\t<\/div>\n\t\t","protected":false},"excerpt":{"rendered":"<p>Descripci\u00f3n Te presentamos nuestras elegantes bandejas o posavelas de cer\u00e1mica hechas a mano, una opci\u00f3n perfecta para acompa\u00f1ar tus velas y darle un toque \u00fanico a<span class=\"excerpt-hellip\"> [\u2026]<\/span><\/p>\n","protected":false},"featured_media":3312,"template":"","meta":[],"product_brand":[],"product_cat":[27],"product_tag":[],"class_list":{"0":"post-3309","1":"product","2":"type-product","3":"status-publish","4":"has-post-thumbnail","6":"product_cat-hogar","8":"first","9":"instock","10":"shipping-taxable","11":"purchasable","12":"product-type-variable"},"yoast_head":"<!-- This site is optimized with the Yoast SEO plugin v23.9 - https:\/\/yoast.com\/wordpress\/plugins\/seo\/ -->\n<title>Bandeja Posavelas Bubble - Gaya Essence<\/title>\n<meta name=\"robots\" content=\"index, follow, max-snippet:-1, max-image-preview:large, max-video-preview:-1\" \/>\n<link rel=\"canonical\" href=\"https:\/\/gayaessence.com\/index.php\/producto\/bandeja-posavelas-bubble\/\" \/>\n<meta property=\"og:locale\" content=\"es_ES\" \/>\n<meta property=\"og:type\" content=\"article\" \/>\n<meta property=\"og:title\" content=\"Bandeja Posavelas Bubble - Gaya Essence\" \/>\n<meta property=\"og:description\" content=\"Descripci\u00f3n Te presentamos nuestras elegantes bandejas o posavelas de cer\u00e1mica hechas a mano, una opci\u00f3n perfecta para acompa\u00f1ar tus velas y darle un toque \u00fanico a [\u2026]\" \/>\n<meta property=\"og:url\" content=\"https:\/\/gayaessence.com\/index.php\/producto\/bandeja-posavelas-bubble\/\" \/>\n<meta property=\"og:site_name\" content=\"Gaya Essence\" \/>\n<meta property=\"article:modified_time\" content=\"2025-08-18T00:00:26+00:00\" \/>\n<meta property=\"og:image\" content=\"https:\/\/gayaessence.com\/wp-content\/uploads\/2025\/02\/Captura-de-pantalla-2025-02-10-a-las-11.29.32-1.png\" \/>\n\t<meta property=\"og:image:width\" content=\"692\" \/>\n\t<meta property=\"og:image:height\" content=\"722\" \/>\n\t<meta property=\"og:image:type\" content=\"image\/png\" \/>\n<meta name=\"twitter:card\" content=\"summary_large_image\" \/>\n<meta name=\"twitter:label1\" content=\"Tiempo de lectura\" \/>\n\t<meta name=\"twitter:data1\" content=\"1 minuto\" \/>\n<script type=\"application\/ld+json\" class=\"yoast-schema-graph\">{\"@context\":\"https:\/\/schema.org\",\"@graph\":[{\"@type\":\"WebPage\",\"@id\":\"https:\/\/gayaessence.com\/index.php\/producto\/bandeja-posavelas-bubble\/\",\"url\":\"https:\/\/gayaessence.com\/index.php\/producto\/bandeja-posavelas-bubble\/\",\"name\":\"Bandeja Posavelas Bubble - Gaya Essence\",\"isPartOf\":{\"@id\":\"https:\/\/gayaessence.com\/#website\"},\"primaryImageOfPage\":{\"@id\":\"https:\/\/gayaessence.com\/index.php\/producto\/bandeja-posavelas-bubble\/#primaryimage\"},\"image\":{\"@id\":\"https:\/\/gayaessence.com\/index.php\/producto\/bandeja-posavelas-bubble\/#primaryimage\"},\"thumbnailUrl\":\"https:\/\/gayaessence.com\/wp-content\/uploads\/2025\/02\/Captura-de-pantalla-2025-02-10-a-las-11.29.32-1.png\",\"datePublished\":\"2025-02-10T12:07:02+00:00\",\"dateModified\":\"2025-08-18T00:00:26+00:00\",\"breadcrumb\":{\"@id\":\"https:\/\/gayaessence.com\/index.php\/producto\/bandeja-posavelas-bubble\/#breadcrumb\"},\"inLanguage\":\"es\",\"potentialAction\":[{\"@type\":\"ReadAction\",\"target\":[\"https:\/\/gayaessence.com\/index.php\/producto\/bandeja-posavelas-bubble\/\"]}]},{\"@type\":\"ImageObject\",\"inLanguage\":\"es\",\"@id\":\"https:\/\/gayaessence.com\/index.php\/producto\/bandeja-posavelas-bubble\/#primaryimage\",\"url\":\"https:\/\/gayaessence.com\/wp-content\/uploads\/2025\/02\/Captura-de-pantalla-2025-02-10-a-las-11.29.32-1.png\",\"contentUrl\":\"https:\/\/gayaessence.com\/wp-content\/uploads\/2025\/02\/Captura-de-pantalla-2025-02-10-a-las-11.29.32-1.png\",\"width\":692,\"height\":722},{\"@type\":\"BreadcrumbList\",\"@id\":\"https:\/\/gayaessence.com\/index.php\/producto\/bandeja-posavelas-bubble\/#breadcrumb\",\"itemListElement\":[{\"@type\":\"ListItem\",\"position\":1,\"name\":\"Portada\",\"item\":\"https:\/\/gayaessence.com\/\"},{\"@type\":\"ListItem\",\"position\":2,\"name\":\"Tienda\",\"item\":\"https:\/\/gayaessence.com\/index.php\/shop\/\"},{\"@type\":\"ListItem\",\"position\":3,\"name\":\"Bandeja Posavelas Bubble\"}]},{\"@type\":\"WebSite\",\"@id\":\"https:\/\/gayaessence.com\/#website\",\"url\":\"https:\/\/gayaessence.com\/\",\"name\":\"Gaya Essence\",\"description\":\"Cuida, Protege y Eleva tu Vibraci\u00f3n\",\"publisher\":{\"@id\":\"https:\/\/gayaessence.com\/#organization\"},\"potentialAction\":[{\"@type\":\"SearchAction\",\"target\":{\"@type\":\"EntryPoint\",\"urlTemplate\":\"https:\/\/gayaessence.com\/?s={search_term_string}\"},\"query-input\":{\"@type\":\"PropertyValueSpecification\",\"valueRequired\":true,\"valueName\":\"search_term_string\"}}],\"inLanguage\":\"es\"},{\"@type\":\"Organization\",\"@id\":\"https:\/\/gayaessence.com\/#organization\",\"name\":\"Gaya Essence\",\"url\":\"https:\/\/gayaessence.com\/\",\"logo\":{\"@type\":\"ImageObject\",\"inLanguage\":\"es\",\"@id\":\"https:\/\/gayaessence.com\/#\/schema\/logo\/image\/\",\"url\":\"https:\/\/gayaessence.com\/wp-content\/uploads\/2024\/10\/cropped-logo-transp-1.png\",\"contentUrl\":\"https:\/\/gayaessence.com\/wp-content\/uploads\/2024\/10\/cropped-logo-transp-1.png\",\"width\":500,\"height\":196,\"caption\":\"Gaya Essence\"},\"image\":{\"@id\":\"https:\/\/gayaessence.com\/#\/schema\/logo\/image\/\"}}]}<\/script>\n<!-- \/ Yoast SEO plugin. -->","yoast_head_json":{"title":"Bandeja Posavelas Bubble - Gaya Essence","robots":{"index":"index","follow":"follow","max-snippet":"max-snippet:-1","max-image-preview":"max-image-preview:large","max-video-preview":"max-video-preview:-1"},"canonical":"https:\/\/gayaessence.com\/index.php\/producto\/bandeja-posavelas-bubble\/","og_locale":"es_ES","og_type":"article","og_title":"Bandeja Posavelas Bubble - Gaya Essence","og_description":"Descripci\u00f3n Te presentamos nuestras elegantes bandejas o posavelas de cer\u00e1mica hechas a mano, una opci\u00f3n perfecta para acompa\u00f1ar tus velas y darle un toque \u00fanico a [\u2026]","og_url":"https:\/\/gayaessence.com\/index.php\/producto\/bandeja-posavelas-bubble\/","og_site_name":"Gaya Essence","article_modified_time":"2025-08-18T00:00:26+00:00","og_image":[{"width":692,"height":722,"url":"https:\/\/gayaessence.com\/wp-content\/uploads\/2025\/02\/Captura-de-pantalla-2025-02-10-a-las-11.29.32-1.png","type":"image\/png"}],"twitter_card":"summary_large_image","twitter_misc":{"Tiempo de lectura":"1 minuto"},"schema":{"@context":"https:\/\/schema.org","@graph":[{"@type":"WebPage","@id":"https:\/\/gayaessence.com\/index.php\/producto\/bandeja-posavelas-bubble\/","url":"https:\/\/gayaessence.com\/index.php\/producto\/bandeja-posavelas-bubble\/","name":"Bandeja Posavelas Bubble - Gaya Essence","isPartOf":{"@id":"https:\/\/gayaessence.com\/#website"},"primaryImageOfPage":{"@id":"https:\/\/gayaessence.com\/index.php\/producto\/bandeja-posavelas-bubble\/#primaryimage"},"image":{"@id":"https:\/\/gayaessence.com\/index.php\/producto\/bandeja-posavelas-bubble\/#primaryimage"},"thumbnailUrl":"https:\/\/gayaessence.com\/wp-content\/uploads\/2025\/02\/Captura-de-pantalla-2025-02-10-a-las-11.29.32-1.png","datePublished":"2025-02-10T12:07:02+00:00","dateModified":"2025-08-18T00:00:26+00:00","breadcrumb":{"@id":"https:\/\/gayaessence.com\/index.php\/producto\/bandeja-posavelas-bubble\/#breadcrumb"},"inLanguage":"es","potentialAction":[{"@type":"ReadAction","target":["https:\/\/gayaessence.com\/index.php\/producto\/bandeja-posavelas-bubble\/"]}]},{"@type":"ImageObject","inLanguage":"es","@id":"https:\/\/gayaessence.com\/index.php\/producto\/bandeja-posavelas-bubble\/#primaryimage","url":"https:\/\/gayaessence.com\/wp-content\/uploads\/2025\/02\/Captura-de-pantalla-2025-02-10-a-las-11.29.32-1.png","contentUrl":"https:\/\/gayaessence.com\/wp-content\/uploads\/2025\/02\/Captura-de-pantalla-2025-02-10-a-las-11.29.32-1.png","width":692,"height":722},{"@type":"BreadcrumbList","@id":"https:\/\/gayaessence.com\/index.php\/producto\/bandeja-posavelas-bubble\/#breadcrumb","itemListElement":[{"@type":"ListItem","position":1,"name":"Portada","item":"https:\/\/gayaessence.com\/"},{"@type":"ListItem","position":2,"name":"Tienda","item":"https:\/\/gayaessence.com\/index.php\/shop\/"},{"@type":"ListItem","position":3,"name":"Bandeja Posavelas Bubble"}]},{"@type":"WebSite","@id":"https:\/\/gayaessence.com\/#website","url":"https:\/\/gayaessence.com\/","name":"Gaya Essence","description":"Cuida, Protege y Eleva tu Vibraci\u00f3n","publisher":{"@id":"https:\/\/gayaessence.com\/#organization"},"potentialAction":[{"@type":"SearchAction","target":{"@type":"EntryPoint","urlTemplate":"https:\/\/gayaessence.com\/?s={search_term_string}"},"query-input":{"@type":"PropertyValueSpecification","valueRequired":true,"valueName":"search_term_string"}}],"inLanguage":"es"},{"@type":"Organization","@id":"https:\/\/gayaessence.com\/#organization","name":"Gaya Essence","url":"https:\/\/gayaessence.com\/","logo":{"@type":"ImageObject","inLanguage":"es","@id":"https:\/\/gayaessence.com\/#\/schema\/logo\/image\/","url":"https:\/\/gayaessence.com\/wp-content\/uploads\/2024\/10\/cropped-logo-transp-1.png","contentUrl":"https:\/\/gayaessence.com\/wp-content\/uploads\/2024\/10\/cropped-logo-transp-1.png","width":500,"height":196,"caption":"Gaya Essence"},"image":{"@id":"https:\/\/gayaessence.com\/#\/schema\/logo\/image\/"}}]}},"jetpack_sharing_enabled":true,"_links":{"self":[{"href":"https:\/\/gayaessence.com\/index.php\/wp-json\/wp\/v2\/product\/3309","targetHints":{"allow":["GET"]}}],"collection":[{"href":"https:\/\/gayaessence.com\/index.php\/wp-json\/wp\/v2\/product"}],"about":[{"href":"https:\/\/gayaessence.com\/index.php\/wp-json\/wp\/v2\/types\/product"}],"version-history":[{"count":5,"href":"https:\/\/gayaessence.com\/index.php\/wp-json\/wp\/v2\/product\/3309\/revisions"}],"predecessor-version":[{"id":4197,"href":"https:\/\/gayaessence.com\/index.php\/wp-json\/wp\/v2\/product\/3309\/revisions\/4197"}],"wp:featuredmedia":[{"embeddable":true,"href":"https:\/\/gayaessence.com\/index.php\/wp-json\/wp\/v2\/media\/3312"}],"wp:attachment":[{"href":"https:\/\/gayaessence.com\/index.php\/wp-json\/wp\/v2\/media?parent=3309"}],"wp:term":[{"taxonomy":"product_brand","embeddable":true,"href":"https:\/\/gayaessence.com\/index.php\/wp-json\/wp\/v2\/product_brand?post=3309"},{"taxonomy":"product_cat","embeddable":true,"href":"https:\/\/gayaessence.com\/index.php\/wp-json\/wp\/v2\/product_cat?post=3309"},{"taxonomy":"product_tag","embeddable":true,"href":"https:\/\/gayaessence.com\/index.php\/wp-json\/wp\/v2\/product_tag?post=3309"}],"curies":[{"name":"wp","href":"https:\/\/api.w.org\/{rel}","templated":true}]}}