{"id":3296,"date":"2025-02-10T11:56:34","date_gmt":"2025-02-10T11:56:34","guid":{"rendered":"https:\/\/gayaessence.com\/?post_type=product&#038;p=3296"},"modified":"2025-08-18T00:00:16","modified_gmt":"2025-08-18T00:00:16","slug":"portavelas-de-ceramica","status":"publish","type":"product","link":"https:\/\/gayaessence.com\/index.php\/producto\/portavelas-de-ceramica\/","title":{"rendered":"Portavelas de cer\u00e1mica"},"content":{"rendered":"\t\t<div data-elementor-type=\"wp-post\" data-elementor-id=\"3296\" class=\"elementor elementor-3296\">\n\t\t\t\t\t\t<section class=\"elementor-section elementor-top-section elementor-element elementor-element-ba79a43 elementor-section-boxed elementor-section-height-default elementor-section-height-default\" data-id=\"ba79a43\" data-element_type=\"section\">\n\t\t\t\t\t\t<div class=\"elementor-container elementor-column-gap-default\">\n\t\t\t\t\t<div class=\"elementor-column elementor-col-100 elementor-top-column elementor-element elementor-element-183df69\" data-id=\"183df69\" data-element_type=\"column\">\n\t\t\t<div class=\"elementor-widget-wrap elementor-element-populated\">\n\t\t\t\t\t\t<section class=\"elementor-section elementor-inner-section elementor-element elementor-element-f5dfea0 elementor-section-boxed elementor-section-height-default elementor-section-height-default\" data-id=\"f5dfea0\" data-element_type=\"section\">\n\t\t\t\t\t\t<div class=\"elementor-container elementor-column-gap-default\">\n\t\t\t\t\t<div class=\"elementor-column elementor-col-50 elementor-inner-column elementor-element elementor-element-a5c31cf\" data-id=\"a5c31cf\" data-element_type=\"column\">\n\t\t\t<div class=\"elementor-widget-wrap elementor-element-populated\">\n\t\t\t\t\t\t<div class=\"elementor-element elementor-element-ae33da0 elementor-widget elementor-widget-heading\" data-id=\"ae33da0\" data-element_type=\"widget\" data-widget_type=\"heading.default\">\n\t\t\t\t<div class=\"elementor-widget-container\">\n\t\t\t<h3 class=\"elementor-heading-title elementor-size-default\">Descripci\u00f3n<\/h3>\t\t<\/div>\n\t\t\t\t<\/div>\n\t\t\t\t<div class=\"elementor-element elementor-element-ae57f90 elementor-widget elementor-widget-text-editor\" data-id=\"ae57f90\" data-element_type=\"widget\" data-widget_type=\"text-editor.default\">\n\t\t\t\t<div class=\"elementor-widget-container\">\n\t\t\t\t\t\t\t<p><span style=\"font-weight: 400\">Te presentamos nuestros <\/span><b>portavelas de cer\u00e1mica<\/b><span style=\"font-weight: 400\">, elaborados a mano con cari\u00f1o y dedicaci\u00f3n para ofrecerte una pieza \u00fanica y especial. \ud83d\udd6f\ufe0f\u2728<\/span><\/p><p><span style=\"font-weight: 400\">Con un dise\u00f1o delicado en color <\/span><b>blanco<\/b><span style=\"font-weight: 400\">, este portavela es ideal para tus cirios y velas de cera de abeja, creando un ambiente acogedor y c\u00e1lido en tu hogar. Su peso de <\/span><b>110gr<\/b><span style=\"font-weight: 400\"> lo hace perfecto para mantener tus velas de forma segura y elegante.<\/span><\/p><p><span style=\"font-weight: 400\">Este portavela no solo es funcional, sino tambi\u00e9n una pieza decorativa que aporta armon\u00eda y estilo a cualquier espacio. Ideal para tus rituales, momentos de relajaci\u00f3n o simplemente para a\u00f1adir un toque de magia a tus rincones m\u00e1s especiales. \ud83c\udf19<\/span><\/p><p><span style=\"font-weight: 400\">\u00a1Hazlo tuyo y convierte tus velas en el centro de atenci\u00f3n de tu hogar!<\/span><\/p><p><br style=\"font-weight: 400\" \/><br style=\"font-weight: 400\" \/><\/p>\t\t\t\t\t\t<\/div>\n\t\t\t\t<\/div>\n\t\t\t\t\t<\/div>\n\t\t<\/div>\n\t\t\t\t<div class=\"elementor-column elementor-col-50 elementor-inner-column elementor-element elementor-element-a967996\" data-id=\"a967996\" data-element_type=\"column\">\n\t\t\t<div class=\"elementor-widget-wrap elementor-element-populated\">\n\t\t\t\t\t\t<div class=\"elementor-element elementor-element-38791ca elementor-widget elementor-widget-image\" data-id=\"38791ca\" data-element_type=\"widget\" data-widget_type=\"image.default\">\n\t\t\t\t<div class=\"elementor-widget-container\">\n\t\t\t\t\t\t\t\t\t\t\t\t\t<img fetchpriority=\"high\" decoding=\"async\" width=\"597\" height=\"1200\" src=\"https:\/\/gayaessence.com\/wp-content\/uploads\/2025\/02\/Captura-de-pantalla-2025-02-10-a-las-11.29.49-597x1200.png\" class=\"attachment-large size-large wp-image-3304\" alt=\"\" srcset=\"https:\/\/gayaessence.com\/wp-content\/uploads\/2025\/02\/Captura-de-pantalla-2025-02-10-a-las-11.29.49-597x1200.png 597w, https:\/\/gayaessence.com\/wp-content\/uploads\/2025\/02\/Captura-de-pantalla-2025-02-10-a-las-11.29.49-249x500.png 249w, https:\/\/gayaessence.com\/wp-content\/uploads\/2025\/02\/Captura-de-pantalla-2025-02-10-a-las-11.29.49-149x300.png 149w, https:\/\/gayaessence.com\/wp-content\/uploads\/2025\/02\/Captura-de-pantalla-2025-02-10-a-las-11.29.49-37x75.png 37w, https:\/\/gayaessence.com\/wp-content\/uploads\/2025\/02\/Captura-de-pantalla-2025-02-10-a-las-11.29.49-477x960.png 477w, https:\/\/gayaessence.com\/wp-content\/uploads\/2025\/02\/Captura-de-pantalla-2025-02-10-a-las-11.29.49.png 684w\" sizes=\"(max-width:767px) 480px, 597px\" \/>\t\t\t\t\t\t\t\t\t\t\t\t\t<\/div>\n\t\t\t\t<\/div>\n\t\t\t\t\t<\/div>\n\t\t<\/div>\n\t\t\t\t\t<\/div>\n\t\t<\/section>\n\t\t\t\t\t<\/div>\n\t\t<\/div>\n\t\t\t\t\t<\/div>\n\t\t<\/section>\n\t\t\t\t<\/div>\n\t\t","protected":false},"excerpt":{"rendered":"<p>Descripci\u00f3n Te presentamos nuestros portavelas de cer\u00e1mica, elaborados a mano con cari\u00f1o y dedicaci\u00f3n para ofrecerte una pieza \u00fanica y especial. \ud83d\udd6f\ufe0f\u2728 Con un dise\u00f1o delicado<span class=\"excerpt-hellip\"> [\u2026]<\/span><\/p>\n","protected":false},"featured_media":3303,"template":"","meta":[],"product_brand":[],"product_cat":[27],"product_tag":[],"class_list":{"0":"post-3296","1":"product","2":"type-product","3":"status-publish","4":"has-post-thumbnail","6":"product_cat-hogar","8":"first","9":"instock","10":"shipping-taxable","11":"purchasable","12":"product-type-simple"},"yoast_head":"<!-- This site is optimized with the Yoast SEO plugin v23.9 - https:\/\/yoast.com\/wordpress\/plugins\/seo\/ -->\n<title>Portavelas de cer\u00e1mica - Gaya Essence<\/title>\n<meta name=\"robots\" content=\"index, follow, max-snippet:-1, max-image-preview:large, max-video-preview:-1\" \/>\n<link rel=\"canonical\" href=\"https:\/\/gayaessence.com\/index.php\/producto\/portavelas-de-ceramica\/\" \/>\n<meta property=\"og:locale\" content=\"es_ES\" \/>\n<meta property=\"og:type\" content=\"article\" \/>\n<meta property=\"og:title\" content=\"Portavelas de cer\u00e1mica - Gaya Essence\" \/>\n<meta property=\"og:description\" content=\"Descripci\u00f3n Te presentamos nuestros portavelas de cer\u00e1mica, elaborados a mano con cari\u00f1o y dedicaci\u00f3n para ofrecerte una pieza \u00fanica y especial. \ud83d\udd6f\ufe0f\u2728 Con un dise\u00f1o delicado [\u2026]\" \/>\n<meta property=\"og:url\" content=\"https:\/\/gayaessence.com\/index.php\/producto\/portavelas-de-ceramica\/\" \/>\n<meta property=\"og:site_name\" content=\"Gaya Essence\" \/>\n<meta property=\"article:modified_time\" content=\"2025-08-18T00:00:16+00:00\" \/>\n<meta property=\"og:image\" content=\"https:\/\/gayaessence.com\/wp-content\/uploads\/2025\/02\/Captura-de-pantalla-2025-02-10-a-las-11.29.56.png\" \/>\n\t<meta property=\"og:image:width\" content=\"502\" \/>\n\t<meta property=\"og:image:height\" content=\"578\" \/>\n\t<meta property=\"og:image:type\" content=\"image\/png\" \/>\n<meta name=\"twitter:card\" content=\"summary_large_image\" \/>\n<meta name=\"twitter:label1\" content=\"Tiempo de lectura\" \/>\n\t<meta name=\"twitter:data1\" content=\"1 minuto\" \/>\n<script type=\"application\/ld+json\" class=\"yoast-schema-graph\">{\"@context\":\"https:\/\/schema.org\",\"@graph\":[{\"@type\":\"WebPage\",\"@id\":\"https:\/\/gayaessence.com\/index.php\/producto\/portavelas-de-ceramica\/\",\"url\":\"https:\/\/gayaessence.com\/index.php\/producto\/portavelas-de-ceramica\/\",\"name\":\"Portavelas de cer\u00e1mica - Gaya Essence\",\"isPartOf\":{\"@id\":\"https:\/\/gayaessence.com\/#website\"},\"primaryImageOfPage\":{\"@id\":\"https:\/\/gayaessence.com\/index.php\/producto\/portavelas-de-ceramica\/#primaryimage\"},\"image\":{\"@id\":\"https:\/\/gayaessence.com\/index.php\/producto\/portavelas-de-ceramica\/#primaryimage\"},\"thumbnailUrl\":\"https:\/\/gayaessence.com\/wp-content\/uploads\/2025\/02\/Captura-de-pantalla-2025-02-10-a-las-11.29.56.png\",\"datePublished\":\"2025-02-10T11:56:34+00:00\",\"dateModified\":\"2025-08-18T00:00:16+00:00\",\"breadcrumb\":{\"@id\":\"https:\/\/gayaessence.com\/index.php\/producto\/portavelas-de-ceramica\/#breadcrumb\"},\"inLanguage\":\"es\",\"potentialAction\":[{\"@type\":\"ReadAction\",\"target\":[\"https:\/\/gayaessence.com\/index.php\/producto\/portavelas-de-ceramica\/\"]}]},{\"@type\":\"ImageObject\",\"inLanguage\":\"es\",\"@id\":\"https:\/\/gayaessence.com\/index.php\/producto\/portavelas-de-ceramica\/#primaryimage\",\"url\":\"https:\/\/gayaessence.com\/wp-content\/uploads\/2025\/02\/Captura-de-pantalla-2025-02-10-a-las-11.29.56.png\",\"contentUrl\":\"https:\/\/gayaessence.com\/wp-content\/uploads\/2025\/02\/Captura-de-pantalla-2025-02-10-a-las-11.29.56.png\",\"width\":502,\"height\":578},{\"@type\":\"BreadcrumbList\",\"@id\":\"https:\/\/gayaessence.com\/index.php\/producto\/portavelas-de-ceramica\/#breadcrumb\",\"itemListElement\":[{\"@type\":\"ListItem\",\"position\":1,\"name\":\"Portada\",\"item\":\"https:\/\/gayaessence.com\/\"},{\"@type\":\"ListItem\",\"position\":2,\"name\":\"Tienda\",\"item\":\"https:\/\/gayaessence.com\/index.php\/shop\/\"},{\"@type\":\"ListItem\",\"position\":3,\"name\":\"Portavelas de cer\u00e1mica\"}]},{\"@type\":\"WebSite\",\"@id\":\"https:\/\/gayaessence.com\/#website\",\"url\":\"https:\/\/gayaessence.com\/\",\"name\":\"Gaya Essence\",\"description\":\"Cuida, Protege y Eleva tu Vibraci\u00f3n\",\"publisher\":{\"@id\":\"https:\/\/gayaessence.com\/#organization\"},\"potentialAction\":[{\"@type\":\"SearchAction\",\"target\":{\"@type\":\"EntryPoint\",\"urlTemplate\":\"https:\/\/gayaessence.com\/?s={search_term_string}\"},\"query-input\":{\"@type\":\"PropertyValueSpecification\",\"valueRequired\":true,\"valueName\":\"search_term_string\"}}],\"inLanguage\":\"es\"},{\"@type\":\"Organization\",\"@id\":\"https:\/\/gayaessence.com\/#organization\",\"name\":\"Gaya Essence\",\"url\":\"https:\/\/gayaessence.com\/\",\"logo\":{\"@type\":\"ImageObject\",\"inLanguage\":\"es\",\"@id\":\"https:\/\/gayaessence.com\/#\/schema\/logo\/image\/\",\"url\":\"https:\/\/gayaessence.com\/wp-content\/uploads\/2024\/10\/cropped-logo-transp-1.png\",\"contentUrl\":\"https:\/\/gayaessence.com\/wp-content\/uploads\/2024\/10\/cropped-logo-transp-1.png\",\"width\":500,\"height\":196,\"caption\":\"Gaya Essence\"},\"image\":{\"@id\":\"https:\/\/gayaessence.com\/#\/schema\/logo\/image\/\"}}]}<\/script>\n<!-- \/ Yoast SEO plugin. -->","yoast_head_json":{"title":"Portavelas de cer\u00e1mica - Gaya Essence","robots":{"index":"index","follow":"follow","max-snippet":"max-snippet:-1","max-image-preview":"max-image-preview:large","max-video-preview":"max-video-preview:-1"},"canonical":"https:\/\/gayaessence.com\/index.php\/producto\/portavelas-de-ceramica\/","og_locale":"es_ES","og_type":"article","og_title":"Portavelas de cer\u00e1mica - Gaya Essence","og_description":"Descripci\u00f3n Te presentamos nuestros portavelas de cer\u00e1mica, elaborados a mano con cari\u00f1o y dedicaci\u00f3n para ofrecerte una pieza \u00fanica y especial. \ud83d\udd6f\ufe0f\u2728 Con un dise\u00f1o delicado [\u2026]","og_url":"https:\/\/gayaessence.com\/index.php\/producto\/portavelas-de-ceramica\/","og_site_name":"Gaya Essence","article_modified_time":"2025-08-18T00:00:16+00:00","og_image":[{"width":502,"height":578,"url":"https:\/\/gayaessence.com\/wp-content\/uploads\/2025\/02\/Captura-de-pantalla-2025-02-10-a-las-11.29.56.png","type":"image\/png"}],"twitter_card":"summary_large_image","twitter_misc":{"Tiempo de lectura":"1 minuto"},"schema":{"@context":"https:\/\/schema.org","@graph":[{"@type":"WebPage","@id":"https:\/\/gayaessence.com\/index.php\/producto\/portavelas-de-ceramica\/","url":"https:\/\/gayaessence.com\/index.php\/producto\/portavelas-de-ceramica\/","name":"Portavelas de cer\u00e1mica - Gaya Essence","isPartOf":{"@id":"https:\/\/gayaessence.com\/#website"},"primaryImageOfPage":{"@id":"https:\/\/gayaessence.com\/index.php\/producto\/portavelas-de-ceramica\/#primaryimage"},"image":{"@id":"https:\/\/gayaessence.com\/index.php\/producto\/portavelas-de-ceramica\/#primaryimage"},"thumbnailUrl":"https:\/\/gayaessence.com\/wp-content\/uploads\/2025\/02\/Captura-de-pantalla-2025-02-10-a-las-11.29.56.png","datePublished":"2025-02-10T11:56:34+00:00","dateModified":"2025-08-18T00:00:16+00:00","breadcrumb":{"@id":"https:\/\/gayaessence.com\/index.php\/producto\/portavelas-de-ceramica\/#breadcrumb"},"inLanguage":"es","potentialAction":[{"@type":"ReadAction","target":["https:\/\/gayaessence.com\/index.php\/producto\/portavelas-de-ceramica\/"]}]},{"@type":"ImageObject","inLanguage":"es","@id":"https:\/\/gayaessence.com\/index.php\/producto\/portavelas-de-ceramica\/#primaryimage","url":"https:\/\/gayaessence.com\/wp-content\/uploads\/2025\/02\/Captura-de-pantalla-2025-02-10-a-las-11.29.56.png","contentUrl":"https:\/\/gayaessence.com\/wp-content\/uploads\/2025\/02\/Captura-de-pantalla-2025-02-10-a-las-11.29.56.png","width":502,"height":578},{"@type":"BreadcrumbList","@id":"https:\/\/gayaessence.com\/index.php\/producto\/portavelas-de-ceramica\/#breadcrumb","itemListElement":[{"@type":"ListItem","position":1,"name":"Portada","item":"https:\/\/gayaessence.com\/"},{"@type":"ListItem","position":2,"name":"Tienda","item":"https:\/\/gayaessence.com\/index.php\/shop\/"},{"@type":"ListItem","position":3,"name":"Portavelas de cer\u00e1mica"}]},{"@type":"WebSite","@id":"https:\/\/gayaessence.com\/#website","url":"https:\/\/gayaessence.com\/","name":"Gaya Essence","description":"Cuida, Protege y Eleva tu Vibraci\u00f3n","publisher":{"@id":"https:\/\/gayaessence.com\/#organization"},"potentialAction":[{"@type":"SearchAction","target":{"@type":"EntryPoint","urlTemplate":"https:\/\/gayaessence.com\/?s={search_term_string}"},"query-input":{"@type":"PropertyValueSpecification","valueRequired":true,"valueName":"search_term_string"}}],"inLanguage":"es"},{"@type":"Organization","@id":"https:\/\/gayaessence.com\/#organization","name":"Gaya Essence","url":"https:\/\/gayaessence.com\/","logo":{"@type":"ImageObject","inLanguage":"es","@id":"https:\/\/gayaessence.com\/#\/schema\/logo\/image\/","url":"https:\/\/gayaessence.com\/wp-content\/uploads\/2024\/10\/cropped-logo-transp-1.png","contentUrl":"https:\/\/gayaessence.com\/wp-content\/uploads\/2024\/10\/cropped-logo-transp-1.png","width":500,"height":196,"caption":"Gaya Essence"},"image":{"@id":"https:\/\/gayaessence.com\/#\/schema\/logo\/image\/"}}]}},"jetpack_sharing_enabled":true,"_links":{"self":[{"href":"https:\/\/gayaessence.com\/index.php\/wp-json\/wp\/v2\/product\/3296","targetHints":{"allow":["GET"]}}],"collection":[{"href":"https:\/\/gayaessence.com\/index.php\/wp-json\/wp\/v2\/product"}],"about":[{"href":"https:\/\/gayaessence.com\/index.php\/wp-json\/wp\/v2\/types\/product"}],"version-history":[{"count":5,"href":"https:\/\/gayaessence.com\/index.php\/wp-json\/wp\/v2\/product\/3296\/revisions"}],"predecessor-version":[{"id":4198,"href":"https:\/\/gayaessence.com\/index.php\/wp-json\/wp\/v2\/product\/3296\/revisions\/4198"}],"wp:featuredmedia":[{"embeddable":true,"href":"https:\/\/gayaessence.com\/index.php\/wp-json\/wp\/v2\/media\/3303"}],"wp:attachment":[{"href":"https:\/\/gayaessence.com\/index.php\/wp-json\/wp\/v2\/media?parent=3296"}],"wp:term":[{"taxonomy":"product_brand","embeddable":true,"href":"https:\/\/gayaessence.com\/index.php\/wp-json\/wp\/v2\/product_brand?post=3296"},{"taxonomy":"product_cat","embeddable":true,"href":"https:\/\/gayaessence.com\/index.php\/wp-json\/wp\/v2\/product_cat?post=3296"},{"taxonomy":"product_tag","embeddable":true,"href":"https:\/\/gayaessence.com\/index.php\/wp-json\/wp\/v2\/product_tag?post=3296"}],"curies":[{"name":"wp","href":"https:\/\/api.w.org\/{rel}","templated":true}]}}