{"id":3278,"date":"2025-02-10T10:19:11","date_gmt":"2025-02-10T10:19:11","guid":{"rendered":"https:\/\/gayaessence.com\/?post_type=product&#038;p=3278"},"modified":"2025-08-18T00:00:22","modified_gmt":"2025-08-18T00:00:22","slug":"set-de-7-piedras-chakras","status":"publish","type":"product","link":"https:\/\/gayaessence.com\/index.php\/producto\/set-de-7-piedras-chakras\/","title":{"rendered":"Set de 7 piedras Chakras"},"content":{"rendered":"\t\t<div data-elementor-type=\"wp-post\" data-elementor-id=\"3278\" class=\"elementor elementor-3278\">\n\t\t\t\t\t\t<section class=\"elementor-section elementor-top-section elementor-element elementor-element-ba79a43 elementor-section-boxed elementor-section-height-default elementor-section-height-default\" data-id=\"ba79a43\" data-element_type=\"section\">\n\t\t\t\t\t\t<div class=\"elementor-container elementor-column-gap-default\">\n\t\t\t\t\t<div class=\"elementor-column elementor-col-100 elementor-top-column elementor-element elementor-element-183df69\" data-id=\"183df69\" data-element_type=\"column\">\n\t\t\t<div class=\"elementor-widget-wrap elementor-element-populated\">\n\t\t\t\t\t\t<section class=\"elementor-section elementor-inner-section elementor-element elementor-element-f5dfea0 elementor-section-boxed elementor-section-height-default elementor-section-height-default\" data-id=\"f5dfea0\" data-element_type=\"section\">\n\t\t\t\t\t\t<div class=\"elementor-container elementor-column-gap-default\">\n\t\t\t\t\t<div class=\"elementor-column elementor-col-50 elementor-inner-column elementor-element elementor-element-a5c31cf\" data-id=\"a5c31cf\" data-element_type=\"column\">\n\t\t\t<div class=\"elementor-widget-wrap elementor-element-populated\">\n\t\t\t\t\t\t<div class=\"elementor-element elementor-element-ae33da0 elementor-widget elementor-widget-heading\" data-id=\"ae33da0\" data-element_type=\"widget\" data-widget_type=\"heading.default\">\n\t\t\t\t<div class=\"elementor-widget-container\">\n\t\t\t<h3 class=\"elementor-heading-title elementor-size-default\">Descripci\u00f3n<\/h3>\t\t<\/div>\n\t\t\t\t<\/div>\n\t\t\t\t<div class=\"elementor-element elementor-element-ae57f90 elementor-widget elementor-widget-text-editor\" data-id=\"ae57f90\" data-element_type=\"widget\" data-widget_type=\"text-editor.default\">\n\t\t\t\t<div class=\"elementor-widget-container\">\n\t\t\t\t\t\t\t<p><span style=\"font-weight: 400\">Con nuestro <\/span><b>Set de 7 Piedras Chakras<\/b><span style=\"font-weight: 400\">, podr\u00e1s conectar y equilibrar tus centros energ\u00e9ticos, facilitando la armon\u00eda y el bienestar integral. Cada piedra de este set ha sido seleccionada especialmente para trabajar en un chakra espec\u00edfico, promoviendo una vibraci\u00f3n m\u00e1s alta y ayudando a sanar tanto a nivel f\u00edsico como emocional. \ud83c\udf1f<\/span><\/p><p><span style=\"font-weight: 400\">\ud83d\udc96 <\/span><b>Ra\u00edz (Primer Chakra)<\/b><span style=\"font-weight: 400\">: Esta energ\u00eda te conecta con la tierra, proporcionando estabilidad, seguridad y un fuerte sentido de pertenencia. Es la base sobre la que se construye tu confianza y bienestar.<\/span><\/p><p><span style=\"font-weight: 400\">\ud83e\udde1 <\/span><b>Sacral (Segundo Chakra)<\/b><span style=\"font-weight: 400\">: Este chakra se asocia con la creatividad, la pasi\u00f3n y el disfrute de la vida. A trav\u00e9s de su equilibrio, puedes liberar bloqueos emocionales y desbloquear todo tu potencial creativo.<\/span><\/p><p><span style=\"font-weight: 400\">\ud83d\udc9b <\/span><b>Plexo Solar (Tercer Chakra)<\/b><span style=\"font-weight: 400\">: Relacionado con el poder personal, la autoestima y la voluntad. El equilibrio en este chakra te permite sentirte empoderado, tomar decisiones con claridad y actuar con confianza.<\/span><\/p><p><span style=\"font-weight: 400\">\ud83d\udc9a <\/span><b>Coraz\u00f3n (Cuarto Chakra)<\/b><span style=\"font-weight: 400\">: El centro del amor incondicional y la compasi\u00f3n, tanto hacia uno mismo como hacia los dem\u00e1s. Este chakra permite que la energ\u00eda fluya en tus relaciones y fortalece tu capacidad de dar y recibir amor.<\/span><\/p><p><span style=\"font-weight: 400\">\ud83d\udc99 <\/span><b>Garganta (Quinto Chakra)<\/b><span style=\"font-weight: 400\">: Este chakra es el centro de la comunicaci\u00f3n y la autoexpresi\u00f3n. Con un equilibrio adecuado, te permite comunicar tu verdad de manera clara, aut\u00e9ntica y sin miedo.<\/span><\/p><p><span style=\"font-weight: 400\">\ud83d\udc96 <\/span><b>Harmoniza cuerpo, mente y alma<\/b><span style=\"font-weight: 400\"> con este set de piedras poderosas que te ayudar\u00e1n a alcanzar una profunda conexi\u00f3n con tu esencia m\u00e1s aut\u00e9ntica. \u00a1Siente la magia de cada piedra y desbloquea todo tu potencial energ\u00e9tico! \u2728\ud83c\udf1f<\/span><\/p>\t\t\t\t\t\t<\/div>\n\t\t\t\t<\/div>\n\t\t\t\t\t<\/div>\n\t\t<\/div>\n\t\t\t\t<div class=\"elementor-column elementor-col-50 elementor-inner-column elementor-element elementor-element-a967996\" data-id=\"a967996\" data-element_type=\"column\">\n\t\t\t<div class=\"elementor-widget-wrap elementor-element-populated\">\n\t\t\t\t\t\t<div class=\"elementor-element elementor-element-38791ca elementor-widget elementor-widget-image\" data-id=\"38791ca\" data-element_type=\"widget\" data-widget_type=\"image.default\">\n\t\t\t\t<div class=\"elementor-widget-container\">\n\t\t\t\t\t\t\t\t\t\t\t\t\t<img fetchpriority=\"high\" decoding=\"async\" width=\"752\" height=\"760\" src=\"https:\/\/gayaessence.com\/wp-content\/uploads\/2025\/02\/Captura-de-pantalla-2025-02-09-a-las-11.36.32.png\" class=\"attachment-large size-large wp-image-3280\" alt=\"\" srcset=\"https:\/\/gayaessence.com\/wp-content\/uploads\/2025\/02\/Captura-de-pantalla-2025-02-09-a-las-11.36.32.png 752w, https:\/\/gayaessence.com\/wp-content\/uploads\/2025\/02\/Captura-de-pantalla-2025-02-09-a-las-11.36.32-495x500.png 495w, https:\/\/gayaessence.com\/wp-content\/uploads\/2025\/02\/Captura-de-pantalla-2025-02-09-a-las-11.36.32-297x300.png 297w, https:\/\/gayaessence.com\/wp-content\/uploads\/2025\/02\/Captura-de-pantalla-2025-02-09-a-las-11.36.32-74x75.png 74w, https:\/\/gayaessence.com\/wp-content\/uploads\/2025\/02\/Captura-de-pantalla-2025-02-09-a-las-11.36.32-480x485.png 480w\" sizes=\"(max-width:767px) 480px, 752px\" \/>\t\t\t\t\t\t\t\t\t\t\t\t\t<\/div>\n\t\t\t\t<\/div>\n\t\t\t\t\t<\/div>\n\t\t<\/div>\n\t\t\t\t\t<\/div>\n\t\t<\/section>\n\t\t\t\t\t<\/div>\n\t\t<\/div>\n\t\t\t\t\t<\/div>\n\t\t<\/section>\n\t\t\t\t<\/div>\n\t\t","protected":false},"excerpt":{"rendered":"<p>Descripci\u00f3n Con nuestro Set de 7 Piedras Chakras, podr\u00e1s conectar y equilibrar tus centros energ\u00e9ticos, facilitando la armon\u00eda y el bienestar integral. Cada piedra de este<span class=\"excerpt-hellip\"> [\u2026]<\/span><\/p>\n","protected":false},"featured_media":3287,"template":"","meta":[],"product_brand":[],"product_cat":[30],"product_tag":[],"class_list":{"0":"post-3278","1":"product","2":"type-product","3":"status-publish","4":"has-post-thumbnail","6":"product_cat-cristales","8":"first","9":"instock","10":"shipping-taxable","11":"purchasable","12":"product-type-simple"},"yoast_head":"<!-- This site is optimized with the Yoast SEO plugin v23.9 - https:\/\/yoast.com\/wordpress\/plugins\/seo\/ -->\n<title>Set de 7 piedras Chakras - Gaya Essence<\/title>\n<meta name=\"robots\" content=\"index, follow, max-snippet:-1, max-image-preview:large, max-video-preview:-1\" \/>\n<link rel=\"canonical\" href=\"https:\/\/gayaessence.com\/index.php\/producto\/set-de-7-piedras-chakras\/\" \/>\n<meta property=\"og:locale\" content=\"es_ES\" \/>\n<meta property=\"og:type\" content=\"article\" \/>\n<meta property=\"og:title\" content=\"Set de 7 piedras Chakras - Gaya Essence\" \/>\n<meta property=\"og:description\" content=\"Descripci\u00f3n Con nuestro Set de 7 Piedras Chakras, podr\u00e1s conectar y equilibrar tus centros energ\u00e9ticos, facilitando la armon\u00eda y el bienestar integral. Cada piedra de este [\u2026]\" \/>\n<meta property=\"og:url\" content=\"https:\/\/gayaessence.com\/index.php\/producto\/set-de-7-piedras-chakras\/\" \/>\n<meta property=\"og:site_name\" content=\"Gaya Essence\" \/>\n<meta property=\"article:modified_time\" content=\"2025-08-18T00:00:22+00:00\" \/>\n<meta property=\"og:image\" content=\"https:\/\/gayaessence.com\/wp-content\/uploads\/2025\/02\/IMG_0830-1-1076x1200.jpg\" \/>\n\t<meta property=\"og:image:width\" content=\"1076\" \/>\n\t<meta property=\"og:image:height\" content=\"1200\" \/>\n\t<meta property=\"og:image:type\" content=\"image\/jpeg\" \/>\n<meta name=\"twitter:card\" content=\"summary_large_image\" \/>\n<meta name=\"twitter:label1\" content=\"Tiempo de lectura\" \/>\n\t<meta name=\"twitter:data1\" content=\"2 minutos\" \/>\n<script type=\"application\/ld+json\" class=\"yoast-schema-graph\">{\"@context\":\"https:\/\/schema.org\",\"@graph\":[{\"@type\":\"WebPage\",\"@id\":\"https:\/\/gayaessence.com\/index.php\/producto\/set-de-7-piedras-chakras\/\",\"url\":\"https:\/\/gayaessence.com\/index.php\/producto\/set-de-7-piedras-chakras\/\",\"name\":\"Set de 7 piedras Chakras - Gaya Essence\",\"isPartOf\":{\"@id\":\"https:\/\/gayaessence.com\/#website\"},\"primaryImageOfPage\":{\"@id\":\"https:\/\/gayaessence.com\/index.php\/producto\/set-de-7-piedras-chakras\/#primaryimage\"},\"image\":{\"@id\":\"https:\/\/gayaessence.com\/index.php\/producto\/set-de-7-piedras-chakras\/#primaryimage\"},\"thumbnailUrl\":\"https:\/\/gayaessence.com\/wp-content\/uploads\/2025\/02\/IMG_0830-1.jpg\",\"datePublished\":\"2025-02-10T10:19:11+00:00\",\"dateModified\":\"2025-08-18T00:00:22+00:00\",\"breadcrumb\":{\"@id\":\"https:\/\/gayaessence.com\/index.php\/producto\/set-de-7-piedras-chakras\/#breadcrumb\"},\"inLanguage\":\"es\",\"potentialAction\":[{\"@type\":\"ReadAction\",\"target\":[\"https:\/\/gayaessence.com\/index.php\/producto\/set-de-7-piedras-chakras\/\"]}]},{\"@type\":\"ImageObject\",\"inLanguage\":\"es\",\"@id\":\"https:\/\/gayaessence.com\/index.php\/producto\/set-de-7-piedras-chakras\/#primaryimage\",\"url\":\"https:\/\/gayaessence.com\/wp-content\/uploads\/2025\/02\/IMG_0830-1.jpg\",\"contentUrl\":\"https:\/\/gayaessence.com\/wp-content\/uploads\/2025\/02\/IMG_0830-1.jpg\",\"width\":1170,\"height\":1305},{\"@type\":\"BreadcrumbList\",\"@id\":\"https:\/\/gayaessence.com\/index.php\/producto\/set-de-7-piedras-chakras\/#breadcrumb\",\"itemListElement\":[{\"@type\":\"ListItem\",\"position\":1,\"name\":\"Portada\",\"item\":\"https:\/\/gayaessence.com\/\"},{\"@type\":\"ListItem\",\"position\":2,\"name\":\"Tienda\",\"item\":\"https:\/\/gayaessence.com\/index.php\/shop\/\"},{\"@type\":\"ListItem\",\"position\":3,\"name\":\"Set de 7 piedras Chakras\"}]},{\"@type\":\"WebSite\",\"@id\":\"https:\/\/gayaessence.com\/#website\",\"url\":\"https:\/\/gayaessence.com\/\",\"name\":\"Gaya Essence\",\"description\":\"Cuida, Protege y Eleva tu Vibraci\u00f3n\",\"publisher\":{\"@id\":\"https:\/\/gayaessence.com\/#organization\"},\"potentialAction\":[{\"@type\":\"SearchAction\",\"target\":{\"@type\":\"EntryPoint\",\"urlTemplate\":\"https:\/\/gayaessence.com\/?s={search_term_string}\"},\"query-input\":{\"@type\":\"PropertyValueSpecification\",\"valueRequired\":true,\"valueName\":\"search_term_string\"}}],\"inLanguage\":\"es\"},{\"@type\":\"Organization\",\"@id\":\"https:\/\/gayaessence.com\/#organization\",\"name\":\"Gaya Essence\",\"url\":\"https:\/\/gayaessence.com\/\",\"logo\":{\"@type\":\"ImageObject\",\"inLanguage\":\"es\",\"@id\":\"https:\/\/gayaessence.com\/#\/schema\/logo\/image\/\",\"url\":\"https:\/\/gayaessence.com\/wp-content\/uploads\/2024\/10\/cropped-logo-transp-1.png\",\"contentUrl\":\"https:\/\/gayaessence.com\/wp-content\/uploads\/2024\/10\/cropped-logo-transp-1.png\",\"width\":500,\"height\":196,\"caption\":\"Gaya Essence\"},\"image\":{\"@id\":\"https:\/\/gayaessence.com\/#\/schema\/logo\/image\/\"}}]}<\/script>\n<!-- \/ Yoast SEO plugin. -->","yoast_head_json":{"title":"Set de 7 piedras Chakras - Gaya Essence","robots":{"index":"index","follow":"follow","max-snippet":"max-snippet:-1","max-image-preview":"max-image-preview:large","max-video-preview":"max-video-preview:-1"},"canonical":"https:\/\/gayaessence.com\/index.php\/producto\/set-de-7-piedras-chakras\/","og_locale":"es_ES","og_type":"article","og_title":"Set de 7 piedras Chakras - Gaya Essence","og_description":"Descripci\u00f3n Con nuestro Set de 7 Piedras Chakras, podr\u00e1s conectar y equilibrar tus centros energ\u00e9ticos, facilitando la armon\u00eda y el bienestar integral. Cada piedra de este [\u2026]","og_url":"https:\/\/gayaessence.com\/index.php\/producto\/set-de-7-piedras-chakras\/","og_site_name":"Gaya Essence","article_modified_time":"2025-08-18T00:00:22+00:00","og_image":[{"width":1076,"height":1200,"url":"https:\/\/gayaessence.com\/wp-content\/uploads\/2025\/02\/IMG_0830-1-1076x1200.jpg","type":"image\/jpeg"}],"twitter_card":"summary_large_image","twitter_misc":{"Tiempo de lectura":"2 minutos"},"schema":{"@context":"https:\/\/schema.org","@graph":[{"@type":"WebPage","@id":"https:\/\/gayaessence.com\/index.php\/producto\/set-de-7-piedras-chakras\/","url":"https:\/\/gayaessence.com\/index.php\/producto\/set-de-7-piedras-chakras\/","name":"Set de 7 piedras Chakras - Gaya Essence","isPartOf":{"@id":"https:\/\/gayaessence.com\/#website"},"primaryImageOfPage":{"@id":"https:\/\/gayaessence.com\/index.php\/producto\/set-de-7-piedras-chakras\/#primaryimage"},"image":{"@id":"https:\/\/gayaessence.com\/index.php\/producto\/set-de-7-piedras-chakras\/#primaryimage"},"thumbnailUrl":"https:\/\/gayaessence.com\/wp-content\/uploads\/2025\/02\/IMG_0830-1.jpg","datePublished":"2025-02-10T10:19:11+00:00","dateModified":"2025-08-18T00:00:22+00:00","breadcrumb":{"@id":"https:\/\/gayaessence.com\/index.php\/producto\/set-de-7-piedras-chakras\/#breadcrumb"},"inLanguage":"es","potentialAction":[{"@type":"ReadAction","target":["https:\/\/gayaessence.com\/index.php\/producto\/set-de-7-piedras-chakras\/"]}]},{"@type":"ImageObject","inLanguage":"es","@id":"https:\/\/gayaessence.com\/index.php\/producto\/set-de-7-piedras-chakras\/#primaryimage","url":"https:\/\/gayaessence.com\/wp-content\/uploads\/2025\/02\/IMG_0830-1.jpg","contentUrl":"https:\/\/gayaessence.com\/wp-content\/uploads\/2025\/02\/IMG_0830-1.jpg","width":1170,"height":1305},{"@type":"BreadcrumbList","@id":"https:\/\/gayaessence.com\/index.php\/producto\/set-de-7-piedras-chakras\/#breadcrumb","itemListElement":[{"@type":"ListItem","position":1,"name":"Portada","item":"https:\/\/gayaessence.com\/"},{"@type":"ListItem","position":2,"name":"Tienda","item":"https:\/\/gayaessence.com\/index.php\/shop\/"},{"@type":"ListItem","position":3,"name":"Set de 7 piedras Chakras"}]},{"@type":"WebSite","@id":"https:\/\/gayaessence.com\/#website","url":"https:\/\/gayaessence.com\/","name":"Gaya Essence","description":"Cuida, Protege y Eleva tu Vibraci\u00f3n","publisher":{"@id":"https:\/\/gayaessence.com\/#organization"},"potentialAction":[{"@type":"SearchAction","target":{"@type":"EntryPoint","urlTemplate":"https:\/\/gayaessence.com\/?s={search_term_string}"},"query-input":{"@type":"PropertyValueSpecification","valueRequired":true,"valueName":"search_term_string"}}],"inLanguage":"es"},{"@type":"Organization","@id":"https:\/\/gayaessence.com\/#organization","name":"Gaya Essence","url":"https:\/\/gayaessence.com\/","logo":{"@type":"ImageObject","inLanguage":"es","@id":"https:\/\/gayaessence.com\/#\/schema\/logo\/image\/","url":"https:\/\/gayaessence.com\/wp-content\/uploads\/2024\/10\/cropped-logo-transp-1.png","contentUrl":"https:\/\/gayaessence.com\/wp-content\/uploads\/2024\/10\/cropped-logo-transp-1.png","width":500,"height":196,"caption":"Gaya Essence"},"image":{"@id":"https:\/\/gayaessence.com\/#\/schema\/logo\/image\/"}}]}},"jetpack_sharing_enabled":true,"_links":{"self":[{"href":"https:\/\/gayaessence.com\/index.php\/wp-json\/wp\/v2\/product\/3278","targetHints":{"allow":["GET"]}}],"collection":[{"href":"https:\/\/gayaessence.com\/index.php\/wp-json\/wp\/v2\/product"}],"about":[{"href":"https:\/\/gayaessence.com\/index.php\/wp-json\/wp\/v2\/types\/product"}],"version-history":[{"count":4,"href":"https:\/\/gayaessence.com\/index.php\/wp-json\/wp\/v2\/product\/3278\/revisions"}],"predecessor-version":[{"id":3288,"href":"https:\/\/gayaessence.com\/index.php\/wp-json\/wp\/v2\/product\/3278\/revisions\/3288"}],"wp:featuredmedia":[{"embeddable":true,"href":"https:\/\/gayaessence.com\/index.php\/wp-json\/wp\/v2\/media\/3287"}],"wp:attachment":[{"href":"https:\/\/gayaessence.com\/index.php\/wp-json\/wp\/v2\/media?parent=3278"}],"wp:term":[{"taxonomy":"product_brand","embeddable":true,"href":"https:\/\/gayaessence.com\/index.php\/wp-json\/wp\/v2\/product_brand?post=3278"},{"taxonomy":"product_cat","embeddable":true,"href":"https:\/\/gayaessence.com\/index.php\/wp-json\/wp\/v2\/product_cat?post=3278"},{"taxonomy":"product_tag","embeddable":true,"href":"https:\/\/gayaessence.com\/index.php\/wp-json\/wp\/v2\/product_tag?post=3278"}],"curies":[{"name":"wp","href":"https:\/\/api.w.org\/{rel}","templated":true}]}}