{"id":3268,"date":"2025-02-09T16:48:02","date_gmt":"2025-02-09T16:48:02","guid":{"rendered":"https:\/\/gayaessence.com\/?post_type=product&#038;p=3268"},"modified":"2025-07-13T12:39:20","modified_gmt":"2025-07-13T12:39:20","slug":"caldero-bruji","status":"publish","type":"product","link":"https:\/\/gayaessence.com\/index.php\/producto\/caldero-bruji\/","title":{"rendered":"Caldero Bruji"},"content":{"rendered":"\t\t<div data-elementor-type=\"wp-post\" data-elementor-id=\"3268\" class=\"elementor elementor-3268\">\n\t\t\t\t\t\t<section class=\"elementor-section elementor-top-section elementor-element elementor-element-ba79a43 elementor-section-boxed elementor-section-height-default elementor-section-height-default\" data-id=\"ba79a43\" data-element_type=\"section\">\n\t\t\t\t\t\t<div class=\"elementor-container elementor-column-gap-default\">\n\t\t\t\t\t<div class=\"elementor-column elementor-col-100 elementor-top-column elementor-element elementor-element-183df69\" data-id=\"183df69\" data-element_type=\"column\">\n\t\t\t<div class=\"elementor-widget-wrap elementor-element-populated\">\n\t\t\t\t\t\t<section class=\"elementor-section elementor-inner-section elementor-element elementor-element-f5dfea0 elementor-section-boxed elementor-section-height-default elementor-section-height-default\" data-id=\"f5dfea0\" data-element_type=\"section\">\n\t\t\t\t\t\t<div class=\"elementor-container elementor-column-gap-default\">\n\t\t\t\t\t<div class=\"elementor-column elementor-col-50 elementor-inner-column elementor-element elementor-element-a5c31cf\" data-id=\"a5c31cf\" data-element_type=\"column\">\n\t\t\t<div class=\"elementor-widget-wrap elementor-element-populated\">\n\t\t\t\t\t\t<div class=\"elementor-element elementor-element-ae33da0 elementor-widget elementor-widget-heading\" data-id=\"ae33da0\" data-element_type=\"widget\" data-widget_type=\"heading.default\">\n\t\t\t\t<div class=\"elementor-widget-container\">\n\t\t\t<h3 class=\"elementor-heading-title elementor-size-default\">Descripci\u00f3n<\/h3>\t\t<\/div>\n\t\t\t\t<\/div>\n\t\t\t\t<div class=\"elementor-element elementor-element-ae57f90 elementor-widget elementor-widget-text-editor\" data-id=\"ae57f90\" data-element_type=\"widget\" data-widget_type=\"text-editor.default\">\n\t\t\t\t<div class=\"elementor-widget-container\">\n\t\t\t\t\t\t\t<p><span style=\"font-weight: 400\">\u2728 Caldero de Hierro Fundido con Triple Luna \u2013 11x13cm \ud83c\udf19<\/span><\/p><p><span style=\"font-weight: 400\">Te presentamos nuestra colecci\u00f3n encantada de calderos rituales de hierro fundido, pensada especialmente para a\u00f1adir un toque de m\u00edstica a tus pr\u00e1cticas espirituales. Cada caldero es mucho m\u00e1s que una herramienta: es una manifestaci\u00f3n de magia atemporal que fusiona la artesan\u00eda tradicional con un toque moderno, perfecto para cualquier espacio que desees consagrar a lo divino. \ud83d\udd2e\u2728<\/span><\/p><p><span style=\"font-weight: 400\">\ud83c\udf3f Material Duradero: Fabricado con hierro fundido de alta calidad, este caldero est\u00e1 dise\u00f1ado para resistir el paso del tiempo, ofreciendo una gran durabilidad y resistencia, lo que lo convierte en el compa\u00f1ero perfecto para tus rituales.<\/span><\/p><p><span style=\"font-weight: 400\">\ud83c\udf19 Triple Luna: El grabado de la Triple Luna en su dise\u00f1o es s\u00edmbolo de la trinidad femenina y la conexi\u00f3n con las fases de la Luna, representando el ciclo continuo de nacimiento, vida y transformaci\u00f3n. Un recordatorio constante de los poderes c\u00edclicos y naturales que gobiernan el universo. \ud83c\udf15<\/span><\/p><p><span style=\"font-weight: 400\">\ud83d\udcab Usos Espirituales y Decorativos: Perfecto para sahumar tus hierbas, inciensos o resinas en rituales de purificaci\u00f3n, protecci\u00f3n y elevaci\u00f3n de tu vibraci\u00f3n. Adem\u00e1s, su hermoso dise\u00f1o har\u00e1 que se convierta en un elemento decorativolleno de energ\u00eda y misterio para tus espacios brujis. \ud83d\udd25<\/span><\/p><p><span style=\"font-weight: 400\">Con este caldero, no solo potenciar\u00e1s tus pr\u00e1cticas espirituales, sino que tambi\u00e9n a\u00f1adir\u00e1s magia, armon\u00eda y protecci\u00f3n a tu hogar. \u00a1Que su energ\u00eda te acompa\u00f1e en cada paso de tu camino! \ud83c\udf19\ud83d\udda4<\/span><\/p><p><br style=\"font-weight: 400\" \/><br style=\"font-weight: 400\" \/><\/p>\t\t\t\t\t\t<\/div>\n\t\t\t\t<\/div>\n\t\t\t\t\t<\/div>\n\t\t<\/div>\n\t\t\t\t<div class=\"elementor-column elementor-col-50 elementor-inner-column elementor-element elementor-element-a967996\" data-id=\"a967996\" data-element_type=\"column\">\n\t\t\t<div class=\"elementor-widget-wrap elementor-element-populated\">\n\t\t\t\t\t\t<div class=\"elementor-element elementor-element-38791ca elementor-widget elementor-widget-image\" data-id=\"38791ca\" data-element_type=\"widget\" data-widget_type=\"image.default\">\n\t\t\t\t<div class=\"elementor-widget-container\">\n\t\t\t\t\t\t\t\t\t\t\t\t\t<img fetchpriority=\"high\" decoding=\"async\" width=\"718\" height=\"678\" src=\"https:\/\/gayaessence.com\/wp-content\/uploads\/2025\/02\/Captura-de-pantalla-2025-02-09-a-las-11.36.02.png\" class=\"attachment-large size-large wp-image-3271\" alt=\"\" srcset=\"https:\/\/gayaessence.com\/wp-content\/uploads\/2025\/02\/Captura-de-pantalla-2025-02-09-a-las-11.36.02.png 718w, https:\/\/gayaessence.com\/wp-content\/uploads\/2025\/02\/Captura-de-pantalla-2025-02-09-a-las-11.36.02-500x472.png 500w, https:\/\/gayaessence.com\/wp-content\/uploads\/2025\/02\/Captura-de-pantalla-2025-02-09-a-las-11.36.02-300x283.png 300w, https:\/\/gayaessence.com\/wp-content\/uploads\/2025\/02\/Captura-de-pantalla-2025-02-09-a-las-11.36.02-79x75.png 79w, https:\/\/gayaessence.com\/wp-content\/uploads\/2025\/02\/Captura-de-pantalla-2025-02-09-a-las-11.36.02-480x453.png 480w\" sizes=\"(max-width:767px) 480px, 718px\" \/>\t\t\t\t\t\t\t\t\t\t\t\t\t<\/div>\n\t\t\t\t<\/div>\n\t\t\t\t\t<\/div>\n\t\t<\/div>\n\t\t\t\t\t<\/div>\n\t\t<\/section>\n\t\t\t\t\t<\/div>\n\t\t<\/div>\n\t\t\t\t\t<\/div>\n\t\t<\/section>\n\t\t\t\t<\/div>\n\t\t","protected":false},"excerpt":{"rendered":"<p>Descripci\u00f3n \u2728 Caldero de Hierro Fundido con Triple Luna \u2013 11x13cm \ud83c\udf19 Te presentamos nuestra colecci\u00f3n encantada de calderos rituales de hierro fundido, pensada especialmente para<span class=\"excerpt-hellip\"> [\u2026]<\/span><\/p>\n","protected":false},"featured_media":3275,"template":"","meta":[],"product_brand":[],"product_cat":[27],"product_tag":[],"class_list":{"0":"post-3268","1":"product","2":"type-product","3":"status-publish","4":"has-post-thumbnail","6":"product_cat-hogar","8":"first","9":"outofstock","10":"shipping-taxable","11":"purchasable","12":"product-type-simple"},"yoast_head":"<!-- This site is optimized with the Yoast SEO plugin v23.9 - https:\/\/yoast.com\/wordpress\/plugins\/seo\/ -->\n<title>Caldero Bruji - Gaya Essence<\/title>\n<meta name=\"robots\" content=\"index, follow, max-snippet:-1, max-image-preview:large, max-video-preview:-1\" \/>\n<link rel=\"canonical\" href=\"https:\/\/gayaessence.com\/index.php\/producto\/caldero-bruji\/\" \/>\n<meta property=\"og:locale\" content=\"es_ES\" \/>\n<meta property=\"og:type\" content=\"article\" \/>\n<meta property=\"og:title\" content=\"Caldero Bruji - Gaya Essence\" \/>\n<meta property=\"og:description\" content=\"Descripci\u00f3n \u2728 Caldero de Hierro Fundido con Triple Luna \u2013 11x13cm \ud83c\udf19 Te presentamos nuestra colecci\u00f3n encantada de calderos rituales de hierro fundido, pensada especialmente para [\u2026]\" \/>\n<meta property=\"og:url\" content=\"https:\/\/gayaessence.com\/index.php\/producto\/caldero-bruji\/\" \/>\n<meta property=\"og:site_name\" content=\"Gaya Essence\" \/>\n<meta property=\"article:modified_time\" content=\"2025-07-13T12:39:20+00:00\" \/>\n<meta property=\"og:image\" content=\"https:\/\/gayaessence.com\/wp-content\/uploads\/2025\/02\/IMG_0831-1.jpg\" \/>\n\t<meta property=\"og:image:width\" content=\"1170\" \/>\n\t<meta property=\"og:image:height\" content=\"1221\" \/>\n\t<meta property=\"og:image:type\" content=\"image\/jpeg\" \/>\n<meta name=\"twitter:card\" content=\"summary_large_image\" \/>\n<meta name=\"twitter:label1\" content=\"Tiempo de lectura\" \/>\n\t<meta name=\"twitter:data1\" content=\"2 minutos\" \/>\n<script type=\"application\/ld+json\" class=\"yoast-schema-graph\">{\"@context\":\"https:\/\/schema.org\",\"@graph\":[{\"@type\":\"WebPage\",\"@id\":\"https:\/\/gayaessence.com\/index.php\/producto\/caldero-bruji\/\",\"url\":\"https:\/\/gayaessence.com\/index.php\/producto\/caldero-bruji\/\",\"name\":\"Caldero Bruji - Gaya Essence\",\"isPartOf\":{\"@id\":\"https:\/\/gayaessence.com\/#website\"},\"primaryImageOfPage\":{\"@id\":\"https:\/\/gayaessence.com\/index.php\/producto\/caldero-bruji\/#primaryimage\"},\"image\":{\"@id\":\"https:\/\/gayaessence.com\/index.php\/producto\/caldero-bruji\/#primaryimage\"},\"thumbnailUrl\":\"https:\/\/gayaessence.com\/wp-content\/uploads\/2025\/02\/IMG_0831-1.jpg\",\"datePublished\":\"2025-02-09T16:48:02+00:00\",\"dateModified\":\"2025-07-13T12:39:20+00:00\",\"breadcrumb\":{\"@id\":\"https:\/\/gayaessence.com\/index.php\/producto\/caldero-bruji\/#breadcrumb\"},\"inLanguage\":\"es\",\"potentialAction\":[{\"@type\":\"ReadAction\",\"target\":[\"https:\/\/gayaessence.com\/index.php\/producto\/caldero-bruji\/\"]}]},{\"@type\":\"ImageObject\",\"inLanguage\":\"es\",\"@id\":\"https:\/\/gayaessence.com\/index.php\/producto\/caldero-bruji\/#primaryimage\",\"url\":\"https:\/\/gayaessence.com\/wp-content\/uploads\/2025\/02\/IMG_0831-1.jpg\",\"contentUrl\":\"https:\/\/gayaessence.com\/wp-content\/uploads\/2025\/02\/IMG_0831-1.jpg\",\"width\":1170,\"height\":1221},{\"@type\":\"BreadcrumbList\",\"@id\":\"https:\/\/gayaessence.com\/index.php\/producto\/caldero-bruji\/#breadcrumb\",\"itemListElement\":[{\"@type\":\"ListItem\",\"position\":1,\"name\":\"Portada\",\"item\":\"https:\/\/gayaessence.com\/\"},{\"@type\":\"ListItem\",\"position\":2,\"name\":\"Tienda\",\"item\":\"https:\/\/gayaessence.com\/index.php\/shop\/\"},{\"@type\":\"ListItem\",\"position\":3,\"name\":\"Caldero Bruji\"}]},{\"@type\":\"WebSite\",\"@id\":\"https:\/\/gayaessence.com\/#website\",\"url\":\"https:\/\/gayaessence.com\/\",\"name\":\"Gaya Essence\",\"description\":\"Cuida, Protege y Eleva tu Vibraci\u00f3n\",\"publisher\":{\"@id\":\"https:\/\/gayaessence.com\/#organization\"},\"potentialAction\":[{\"@type\":\"SearchAction\",\"target\":{\"@type\":\"EntryPoint\",\"urlTemplate\":\"https:\/\/gayaessence.com\/?s={search_term_string}\"},\"query-input\":{\"@type\":\"PropertyValueSpecification\",\"valueRequired\":true,\"valueName\":\"search_term_string\"}}],\"inLanguage\":\"es\"},{\"@type\":\"Organization\",\"@id\":\"https:\/\/gayaessence.com\/#organization\",\"name\":\"Gaya Essence\",\"url\":\"https:\/\/gayaessence.com\/\",\"logo\":{\"@type\":\"ImageObject\",\"inLanguage\":\"es\",\"@id\":\"https:\/\/gayaessence.com\/#\/schema\/logo\/image\/\",\"url\":\"https:\/\/gayaessence.com\/wp-content\/uploads\/2024\/10\/cropped-logo-transp-1.png\",\"contentUrl\":\"https:\/\/gayaessence.com\/wp-content\/uploads\/2024\/10\/cropped-logo-transp-1.png\",\"width\":500,\"height\":196,\"caption\":\"Gaya Essence\"},\"image\":{\"@id\":\"https:\/\/gayaessence.com\/#\/schema\/logo\/image\/\"}}]}<\/script>\n<!-- \/ Yoast SEO plugin. -->","yoast_head_json":{"title":"Caldero Bruji - Gaya Essence","robots":{"index":"index","follow":"follow","max-snippet":"max-snippet:-1","max-image-preview":"max-image-preview:large","max-video-preview":"max-video-preview:-1"},"canonical":"https:\/\/gayaessence.com\/index.php\/producto\/caldero-bruji\/","og_locale":"es_ES","og_type":"article","og_title":"Caldero Bruji - Gaya Essence","og_description":"Descripci\u00f3n \u2728 Caldero de Hierro Fundido con Triple Luna \u2013 11x13cm \ud83c\udf19 Te presentamos nuestra colecci\u00f3n encantada de calderos rituales de hierro fundido, pensada especialmente para [\u2026]","og_url":"https:\/\/gayaessence.com\/index.php\/producto\/caldero-bruji\/","og_site_name":"Gaya Essence","article_modified_time":"2025-07-13T12:39:20+00:00","og_image":[{"width":1170,"height":1221,"url":"https:\/\/gayaessence.com\/wp-content\/uploads\/2025\/02\/IMG_0831-1.jpg","type":"image\/jpeg"}],"twitter_card":"summary_large_image","twitter_misc":{"Tiempo de lectura":"2 minutos"},"schema":{"@context":"https:\/\/schema.org","@graph":[{"@type":"WebPage","@id":"https:\/\/gayaessence.com\/index.php\/producto\/caldero-bruji\/","url":"https:\/\/gayaessence.com\/index.php\/producto\/caldero-bruji\/","name":"Caldero Bruji - Gaya Essence","isPartOf":{"@id":"https:\/\/gayaessence.com\/#website"},"primaryImageOfPage":{"@id":"https:\/\/gayaessence.com\/index.php\/producto\/caldero-bruji\/#primaryimage"},"image":{"@id":"https:\/\/gayaessence.com\/index.php\/producto\/caldero-bruji\/#primaryimage"},"thumbnailUrl":"https:\/\/gayaessence.com\/wp-content\/uploads\/2025\/02\/IMG_0831-1.jpg","datePublished":"2025-02-09T16:48:02+00:00","dateModified":"2025-07-13T12:39:20+00:00","breadcrumb":{"@id":"https:\/\/gayaessence.com\/index.php\/producto\/caldero-bruji\/#breadcrumb"},"inLanguage":"es","potentialAction":[{"@type":"ReadAction","target":["https:\/\/gayaessence.com\/index.php\/producto\/caldero-bruji\/"]}]},{"@type":"ImageObject","inLanguage":"es","@id":"https:\/\/gayaessence.com\/index.php\/producto\/caldero-bruji\/#primaryimage","url":"https:\/\/gayaessence.com\/wp-content\/uploads\/2025\/02\/IMG_0831-1.jpg","contentUrl":"https:\/\/gayaessence.com\/wp-content\/uploads\/2025\/02\/IMG_0831-1.jpg","width":1170,"height":1221},{"@type":"BreadcrumbList","@id":"https:\/\/gayaessence.com\/index.php\/producto\/caldero-bruji\/#breadcrumb","itemListElement":[{"@type":"ListItem","position":1,"name":"Portada","item":"https:\/\/gayaessence.com\/"},{"@type":"ListItem","position":2,"name":"Tienda","item":"https:\/\/gayaessence.com\/index.php\/shop\/"},{"@type":"ListItem","position":3,"name":"Caldero Bruji"}]},{"@type":"WebSite","@id":"https:\/\/gayaessence.com\/#website","url":"https:\/\/gayaessence.com\/","name":"Gaya Essence","description":"Cuida, Protege y Eleva tu Vibraci\u00f3n","publisher":{"@id":"https:\/\/gayaessence.com\/#organization"},"potentialAction":[{"@type":"SearchAction","target":{"@type":"EntryPoint","urlTemplate":"https:\/\/gayaessence.com\/?s={search_term_string}"},"query-input":{"@type":"PropertyValueSpecification","valueRequired":true,"valueName":"search_term_string"}}],"inLanguage":"es"},{"@type":"Organization","@id":"https:\/\/gayaessence.com\/#organization","name":"Gaya Essence","url":"https:\/\/gayaessence.com\/","logo":{"@type":"ImageObject","inLanguage":"es","@id":"https:\/\/gayaessence.com\/#\/schema\/logo\/image\/","url":"https:\/\/gayaessence.com\/wp-content\/uploads\/2024\/10\/cropped-logo-transp-1.png","contentUrl":"https:\/\/gayaessence.com\/wp-content\/uploads\/2024\/10\/cropped-logo-transp-1.png","width":500,"height":196,"caption":"Gaya Essence"},"image":{"@id":"https:\/\/gayaessence.com\/#\/schema\/logo\/image\/"}}]}},"jetpack_sharing_enabled":true,"_links":{"self":[{"href":"https:\/\/gayaessence.com\/index.php\/wp-json\/wp\/v2\/product\/3268","targetHints":{"allow":["GET"]}}],"collection":[{"href":"https:\/\/gayaessence.com\/index.php\/wp-json\/wp\/v2\/product"}],"about":[{"href":"https:\/\/gayaessence.com\/index.php\/wp-json\/wp\/v2\/types\/product"}],"version-history":[{"count":4,"href":"https:\/\/gayaessence.com\/index.php\/wp-json\/wp\/v2\/product\/3268\/revisions"}],"predecessor-version":[{"id":3276,"href":"https:\/\/gayaessence.com\/index.php\/wp-json\/wp\/v2\/product\/3268\/revisions\/3276"}],"wp:featuredmedia":[{"embeddable":true,"href":"https:\/\/gayaessence.com\/index.php\/wp-json\/wp\/v2\/media\/3275"}],"wp:attachment":[{"href":"https:\/\/gayaessence.com\/index.php\/wp-json\/wp\/v2\/media?parent=3268"}],"wp:term":[{"taxonomy":"product_brand","embeddable":true,"href":"https:\/\/gayaessence.com\/index.php\/wp-json\/wp\/v2\/product_brand?post=3268"},{"taxonomy":"product_cat","embeddable":true,"href":"https:\/\/gayaessence.com\/index.php\/wp-json\/wp\/v2\/product_cat?post=3268"},{"taxonomy":"product_tag","embeddable":true,"href":"https:\/\/gayaessence.com\/index.php\/wp-json\/wp\/v2\/product_tag?post=3268"}],"curies":[{"name":"wp","href":"https:\/\/api.w.org\/{rel}","templated":true}]}}