{"id":3256,"date":"2025-02-09T10:51:32","date_gmt":"2025-02-09T10:51:32","guid":{"rendered":"https:\/\/gayaessence.com\/?post_type=product&#038;p=3256"},"modified":"2026-02-06T19:15:05","modified_gmt":"2026-02-06T19:15:05","slug":"cuenco-tibetano","status":"publish","type":"product","link":"https:\/\/gayaessence.com\/index.php\/producto\/cuenco-tibetano\/","title":{"rendered":"Cuenco Tibetano"},"content":{"rendered":"\t\t<div data-elementor-type=\"wp-post\" data-elementor-id=\"3256\" class=\"elementor elementor-3256\">\n\t\t\t\t\t\t<section class=\"elementor-section elementor-top-section elementor-element elementor-element-ba79a43 elementor-section-boxed elementor-section-height-default elementor-section-height-default\" data-id=\"ba79a43\" data-element_type=\"section\">\n\t\t\t\t\t\t<div class=\"elementor-container elementor-column-gap-default\">\n\t\t\t\t\t<div class=\"elementor-column elementor-col-100 elementor-top-column elementor-element elementor-element-183df69\" data-id=\"183df69\" data-element_type=\"column\">\n\t\t\t<div class=\"elementor-widget-wrap elementor-element-populated\">\n\t\t\t\t\t\t<section class=\"elementor-section elementor-inner-section elementor-element elementor-element-f5dfea0 elementor-section-boxed elementor-section-height-default elementor-section-height-default\" data-id=\"f5dfea0\" data-element_type=\"section\">\n\t\t\t\t\t\t<div class=\"elementor-container elementor-column-gap-default\">\n\t\t\t\t\t<div class=\"elementor-column elementor-col-50 elementor-inner-column elementor-element elementor-element-a5c31cf\" data-id=\"a5c31cf\" data-element_type=\"column\">\n\t\t\t<div class=\"elementor-widget-wrap elementor-element-populated\">\n\t\t\t\t\t\t<div class=\"elementor-element elementor-element-ae33da0 elementor-widget elementor-widget-heading\" data-id=\"ae33da0\" data-element_type=\"widget\" data-widget_type=\"heading.default\">\n\t\t\t\t<div class=\"elementor-widget-container\">\n\t\t\t<h3 class=\"elementor-heading-title elementor-size-default\">Descripci\u00f3n<\/h3>\t\t<\/div>\n\t\t\t\t<\/div>\n\t\t\t\t<div class=\"elementor-element elementor-element-ae57f90 elementor-widget elementor-widget-text-editor\" data-id=\"ae57f90\" data-element_type=\"widget\" data-widget_type=\"text-editor.default\">\n\t\t\t\t<div class=\"elementor-widget-container\">\n\t\t\t\t\t\t\t<p dir=\"ltr\" style=\"line-height: 1.38;margin-top: 12pt;margin-bottom: 0pt;padding: 0pt 0pt 12pt\"><span style=\"font-size: 11pt;font-family: Roboto, sans-serif;background-color: transparent;font-weight: 400;font-style: normal;text-decoration: none;vertical-align: baseline\">\ud83d\udd49\ufe0f <\/span><span style=\"font-size: 11pt;font-family: Roboto, sans-serif;background-color: transparent;font-weight: 700;font-style: normal;text-decoration: none;vertical-align: baseline\">Cuenco Tibetano 5 Budas Lat\u00f3n<\/span><span style=\"font-size: 11pt;font-family: Roboto, sans-serif;background-color: transparent;font-weight: 400;font-style: normal;text-decoration: none;vertical-align: baseline\"> \ud83c\udf1f<\/span><\/p><p dir=\"ltr\" style=\"line-height: 1.38;margin-top: 0pt;margin-bottom: 0pt;padding: 0pt 0pt 12pt\"><span style=\"font-size: 11pt;font-family: Roboto, sans-serif;background-color: transparent;font-weight: 400;font-style: normal;text-decoration: none;vertical-align: baseline\">Este <\/span><span style=\"font-size: 11pt;font-family: Roboto, sans-serif;background-color: transparent;font-weight: 700;font-style: normal;text-decoration: none;vertical-align: baseline\">hermoso cuenco tibetano de lat\u00f3n<\/span><span style=\"font-size: 11pt;font-family: Roboto, sans-serif;background-color: transparent;font-weight: 400;font-style: normal;text-decoration: none;vertical-align: baseline\"> es una pieza \u00fanica que lleva consigo la esencia de la espiritualidad y la paz. En su interior, podr\u00e1s encontrar un dise\u00f1o detallado de los <\/span><span style=\"font-size: 11pt;font-family: Roboto, sans-serif;background-color: transparent;font-weight: 700;font-style: normal;text-decoration: none;vertical-align: baseline\">Cinco Budas<\/span><span style=\"font-size: 11pt;font-family: Roboto, sans-serif;background-color: transparent;font-weight: 400;font-style: normal;text-decoration: none;vertical-align: baseline\">, representando sabidur\u00eda, compasi\u00f3n y equilibrio, mientras que su exterior est\u00e1 adornado con un patr\u00f3n cultural lleno de simbolismo y profundidad. \ud83c\udf38\u2728<\/span><\/p><p dir=\"ltr\" style=\"line-height: 1.38;margin-top: 0pt;margin-bottom: 0pt;padding: 0pt 0pt 12pt\"><span style=\"font-size: 11pt;font-family: Roboto, sans-serif;background-color: transparent;font-weight: 400;font-style: normal;text-decoration: none;vertical-align: baseline\">En la pr\u00e1ctica budista, los cuencos tibetanos son herramientas esenciales para la meditaci\u00f3n, la inducci\u00f3n al trance y la oraci\u00f3n. Su sonido vibrante y resonante no solo ayuda a centrar la mente, sino que tambi\u00e9n limpia y eleva la energ\u00eda de tu entorno. \ud83d\udd49\ufe0f\ud83d\udcab<\/span><\/p><p dir=\"ltr\" style=\"line-height: 1.38;margin-top: 0pt;margin-bottom: 12pt\"><span style=\"font-size: 11pt;font-family: Roboto, sans-serif;background-color: transparent;font-weight: 400;font-style: normal;text-decoration: none;vertical-align: baseline\">\ud83d\udd2e <\/span><span style=\"font-size: 11pt;font-family: Roboto, sans-serif;background-color: transparent;font-weight: 700;font-style: normal;text-decoration: none;vertical-align: baseline\">Beneficios de este Cuenco Tibetano<\/span><span style=\"font-size: 11pt;font-family: Roboto, sans-serif;background-color: transparent;font-weight: 400;font-style: normal;text-decoration: none;vertical-align: baseline\">:<\/span><\/p><ul style=\"margin-top: 0px;margin-bottom: 0px;padding-inline-start: 48px\"><li dir=\"ltr\" style=\"list-style-type: disc;font-size: 11pt;font-family: Roboto, sans-serif;background-color: transparent;font-weight: 400;font-style: normal;text-decoration: none;vertical-align: baseline\"><p dir=\"ltr\" role=\"presentation\" style=\"line-height: 1.38;margin-top: 12pt;margin-bottom: 0pt\"><span style=\"font-size: 11pt;font-family: Roboto, sans-serif;background-color: transparent;font-weight: 700;font-style: normal;text-decoration: none;vertical-align: baseline\">Meditaci\u00f3n y concentraci\u00f3n<\/span><span style=\"font-size: 11pt;font-family: Roboto, sans-serif;background-color: transparent;font-weight: 400;font-style: normal;text-decoration: none;vertical-align: baseline\">: El sonido profundo y armonioso del cuenco te guiar\u00e1 hacia una meditaci\u00f3n m\u00e1s profunda, ayudando a calmar tu mente y enfocarte en el momento presente.<\/span><\/p><\/li><li dir=\"ltr\" style=\"list-style-type: disc;font-size: 11pt;font-family: Roboto, sans-serif;background-color: transparent;font-weight: 400;font-style: normal;text-decoration: none;vertical-align: baseline\"><p dir=\"ltr\" role=\"presentation\" style=\"line-height: 1.38;margin-top: 0pt;margin-bottom: 0pt\"><span style=\"font-size: 11pt;font-family: Roboto, sans-serif;background-color: transparent;font-weight: 700;font-style: normal;text-decoration: none;vertical-align: baseline\">Purificaci\u00f3n energ\u00e9tica<\/span><span style=\"font-size: 11pt;font-family: Roboto, sans-serif;background-color: transparent;font-weight: 400;font-style: normal;text-decoration: none;vertical-align: baseline\">: Su vibraci\u00f3n tiene la capacidad de limpiar y renovar la energ\u00eda de los espacios, creando un ambiente de calma y serenidad.<\/span><\/p><\/li><li dir=\"ltr\" style=\"list-style-type: disc;font-size: 11pt;font-family: Roboto, sans-serif;background-color: transparent;font-weight: 400;font-style: normal;text-decoration: none;vertical-align: baseline\"><p dir=\"ltr\" role=\"presentation\" style=\"line-height: 1.38;margin-top: 0pt;margin-bottom: 12pt\"><span style=\"font-size: 11pt;font-family: Roboto, sans-serif;background-color: transparent;font-weight: 700;font-style: normal;text-decoration: none;vertical-align: baseline\">Inducci\u00f3n al trance y la oraci\u00f3n<\/span><span style=\"font-size: 11pt;font-family: Roboto, sans-serif;background-color: transparent;font-weight: 400;font-style: normal;text-decoration: none;vertical-align: baseline\">: Este cuenco es ideal para facilitar un estado meditativo profundo, acompa\u00f1ando tus oraciones o pr\u00e1cticas espirituales con una energ\u00eda pura y transformadora.<\/span><\/p><\/li><\/ul><p dir=\"ltr\" style=\"line-height: 1.38;margin-top: 12pt;margin-bottom: 0pt;padding: 0pt 0pt 12pt\"><span style=\"font-size: 11pt;font-family: Roboto, sans-serif;background-color: transparent;font-weight: 400;font-style: normal;text-decoration: none;vertical-align: baseline\">\ud83c\udf3f <\/span><span style=\"font-size: 11pt;font-family: Roboto, sans-serif;background-color: transparent;font-weight: 700;font-style: normal;text-decoration: none;vertical-align: baseline\">Dise\u00f1o \u00fanico y cargado de simbolismo<\/span><span style=\"font-size: 11pt;font-family: Roboto, sans-serif;background-color: transparent;font-weight: 400;font-style: normal;text-decoration: none;vertical-align: baseline\">: El cuenco representa los Cinco Budas, los cuales aportan equilibrio y protecci\u00f3n en tu pr\u00e1ctica, mientras que su patr\u00f3n cultural te conecta con la tradici\u00f3n ancestral tibetana.<\/span><\/p><p><span id=\"docs-internal-guid-28c54e40-7fff-4cff-ede0-e578c99bd31b\" style=\"font-style: normal\"><span style=\"font-size: 11pt;font-family: Roboto, sans-serif;font-style: normal\">Con el <\/span><span style=\"font-size: 11pt;font-family: Roboto, sans-serif;font-weight: 700;font-style: normal\">Cuenco Tibetano 5 Budas Lat\u00f3n<\/span><span style=\"font-size: 11pt;font-family: Roboto, sans-serif;font-style: normal\">, no solo traer\u00e1s a tu vida un instrumento espiritual, sino tambi\u00e9n una obra de arte que llena de energ\u00eda positiva tu espacio. \ud83c\udf1f\ud83d\udc96<\/span><\/span><br><\/p>\t\t\t\t\t\t<\/div>\n\t\t\t\t<\/div>\n\t\t\t\t\t<\/div>\n\t\t<\/div>\n\t\t\t\t<div class=\"elementor-column elementor-col-50 elementor-inner-column elementor-element elementor-element-a967996\" data-id=\"a967996\" data-element_type=\"column\">\n\t\t\t<div class=\"elementor-widget-wrap elementor-element-populated\">\n\t\t\t\t\t\t<div class=\"elementor-element elementor-element-38791ca elementor-widget elementor-widget-image\" data-id=\"38791ca\" data-element_type=\"widget\" data-widget_type=\"image.default\">\n\t\t\t\t<div class=\"elementor-widget-container\">\n\t\t\t\t\t\t\t\t\t\t\t\t\t<img fetchpriority=\"high\" decoding=\"async\" width=\"1200\" height=\"1078\" src=\"https:\/\/gayaessence.com\/wp-content\/uploads\/2025\/02\/Captura-de-pantalla-2025-02-09-a-las-11.46.07-1200x1078.png\" class=\"attachment-large size-large wp-image-3257\" alt=\"\" srcset=\"https:\/\/gayaessence.com\/wp-content\/uploads\/2025\/02\/Captura-de-pantalla-2025-02-09-a-las-11.46.07-1200x1078.png 1200w, https:\/\/gayaessence.com\/wp-content\/uploads\/2025\/02\/Captura-de-pantalla-2025-02-09-a-las-11.46.07-500x449.png 500w, https:\/\/gayaessence.com\/wp-content\/uploads\/2025\/02\/Captura-de-pantalla-2025-02-09-a-las-11.46.07-300x269.png 300w, https:\/\/gayaessence.com\/wp-content\/uploads\/2025\/02\/Captura-de-pantalla-2025-02-09-a-las-11.46.07-768x690.png 768w, https:\/\/gayaessence.com\/wp-content\/uploads\/2025\/02\/Captura-de-pantalla-2025-02-09-a-las-11.46.07-84x75.png 84w, https:\/\/gayaessence.com\/wp-content\/uploads\/2025\/02\/Captura-de-pantalla-2025-02-09-a-las-11.46.07-480x431.png 480w, https:\/\/gayaessence.com\/wp-content\/uploads\/2025\/02\/Captura-de-pantalla-2025-02-09-a-las-11.46.07-800x718.png 800w, https:\/\/gayaessence.com\/wp-content\/uploads\/2025\/02\/Captura-de-pantalla-2025-02-09-a-las-11.46.07.png 1490w\" sizes=\"(max-width:767px) 480px, (max-width:1200px) 100vw, 1200px\" \/>\t\t\t\t\t\t\t\t\t\t\t\t\t<\/div>\n\t\t\t\t<\/div>\n\t\t\t\t\t<\/div>\n\t\t<\/div>\n\t\t\t\t\t<\/div>\n\t\t<\/section>\n\t\t\t\t\t<\/div>\n\t\t<\/div>\n\t\t\t\t\t<\/div>\n\t\t<\/section>\n\t\t\t\t<\/div>\n\t\t","protected":false},"excerpt":{"rendered":"<p>Descripci\u00f3n \ud83d\udd49\ufe0f Cuenco Tibetano 5 Budas Lat\u00f3n \ud83c\udf1f Este hermoso cuenco tibetano de lat\u00f3n es una pieza \u00fanica que lleva consigo la esencia de la espiritualidad<span class=\"excerpt-hellip\"> [\u2026]<\/span><\/p>\n","protected":false},"featured_media":3258,"template":"","meta":[],"product_brand":[],"product_cat":[27],"product_tag":[],"class_list":{"0":"post-3256","1":"product","2":"type-product","3":"status-publish","4":"has-post-thumbnail","6":"product_cat-hogar","8":"first","9":"outofstock","10":"shipping-taxable","11":"purchasable","12":"product-type-simple"},"yoast_head":"<!-- This site is optimized with the Yoast SEO plugin v23.9 - https:\/\/yoast.com\/wordpress\/plugins\/seo\/ -->\n<title>Cuenco Tibetano - Gaya Essence<\/title>\n<meta name=\"robots\" content=\"index, follow, max-snippet:-1, max-image-preview:large, max-video-preview:-1\" \/>\n<link rel=\"canonical\" href=\"https:\/\/gayaessence.com\/index.php\/producto\/cuenco-tibetano\/\" \/>\n<meta property=\"og:locale\" content=\"es_ES\" \/>\n<meta property=\"og:type\" content=\"article\" \/>\n<meta property=\"og:title\" content=\"Cuenco Tibetano - Gaya Essence\" \/>\n<meta property=\"og:description\" content=\"Descripci\u00f3n \ud83d\udd49\ufe0f Cuenco Tibetano 5 Budas Lat\u00f3n \ud83c\udf1f Este hermoso cuenco tibetano de lat\u00f3n es una pieza \u00fanica que lleva consigo la esencia de la espiritualidad [\u2026]\" \/>\n<meta property=\"og:url\" content=\"https:\/\/gayaessence.com\/index.php\/producto\/cuenco-tibetano\/\" \/>\n<meta property=\"og:site_name\" content=\"Gaya Essence\" \/>\n<meta property=\"article:modified_time\" content=\"2026-02-06T19:15:05+00:00\" \/>\n<meta property=\"og:image\" content=\"https:\/\/gayaessence.com\/wp-content\/uploads\/2025\/02\/IMG_0829.jpg\" \/>\n\t<meta property=\"og:image:width\" content=\"1170\" \/>\n\t<meta property=\"og:image:height\" content=\"1571\" \/>\n\t<meta property=\"og:image:type\" content=\"image\/jpeg\" \/>\n<meta name=\"twitter:card\" content=\"summary_large_image\" \/>\n<meta name=\"twitter:label1\" content=\"Tiempo de lectura\" \/>\n\t<meta name=\"twitter:data1\" content=\"2 minutos\" \/>\n<script type=\"application\/ld+json\" class=\"yoast-schema-graph\">{\"@context\":\"https:\/\/schema.org\",\"@graph\":[{\"@type\":\"WebPage\",\"@id\":\"https:\/\/gayaessence.com\/index.php\/producto\/cuenco-tibetano\/\",\"url\":\"https:\/\/gayaessence.com\/index.php\/producto\/cuenco-tibetano\/\",\"name\":\"Cuenco Tibetano - Gaya Essence\",\"isPartOf\":{\"@id\":\"https:\/\/gayaessence.com\/#website\"},\"primaryImageOfPage\":{\"@id\":\"https:\/\/gayaessence.com\/index.php\/producto\/cuenco-tibetano\/#primaryimage\"},\"image\":{\"@id\":\"https:\/\/gayaessence.com\/index.php\/producto\/cuenco-tibetano\/#primaryimage\"},\"thumbnailUrl\":\"https:\/\/gayaessence.com\/wp-content\/uploads\/2025\/02\/IMG_0829.jpg\",\"datePublished\":\"2025-02-09T10:51:32+00:00\",\"dateModified\":\"2026-02-06T19:15:05+00:00\",\"breadcrumb\":{\"@id\":\"https:\/\/gayaessence.com\/index.php\/producto\/cuenco-tibetano\/#breadcrumb\"},\"inLanguage\":\"es\",\"potentialAction\":[{\"@type\":\"ReadAction\",\"target\":[\"https:\/\/gayaessence.com\/index.php\/producto\/cuenco-tibetano\/\"]}]},{\"@type\":\"ImageObject\",\"inLanguage\":\"es\",\"@id\":\"https:\/\/gayaessence.com\/index.php\/producto\/cuenco-tibetano\/#primaryimage\",\"url\":\"https:\/\/gayaessence.com\/wp-content\/uploads\/2025\/02\/IMG_0829.jpg\",\"contentUrl\":\"https:\/\/gayaessence.com\/wp-content\/uploads\/2025\/02\/IMG_0829.jpg\",\"width\":1170,\"height\":1571},{\"@type\":\"BreadcrumbList\",\"@id\":\"https:\/\/gayaessence.com\/index.php\/producto\/cuenco-tibetano\/#breadcrumb\",\"itemListElement\":[{\"@type\":\"ListItem\",\"position\":1,\"name\":\"Portada\",\"item\":\"https:\/\/gayaessence.com\/\"},{\"@type\":\"ListItem\",\"position\":2,\"name\":\"Tienda\",\"item\":\"https:\/\/gayaessence.com\/index.php\/shop\/\"},{\"@type\":\"ListItem\",\"position\":3,\"name\":\"Cuenco Tibetano\"}]},{\"@type\":\"WebSite\",\"@id\":\"https:\/\/gayaessence.com\/#website\",\"url\":\"https:\/\/gayaessence.com\/\",\"name\":\"Gaya Essence\",\"description\":\"Cuida, Protege y Eleva tu Vibraci\u00f3n\",\"publisher\":{\"@id\":\"https:\/\/gayaessence.com\/#organization\"},\"potentialAction\":[{\"@type\":\"SearchAction\",\"target\":{\"@type\":\"EntryPoint\",\"urlTemplate\":\"https:\/\/gayaessence.com\/?s={search_term_string}\"},\"query-input\":{\"@type\":\"PropertyValueSpecification\",\"valueRequired\":true,\"valueName\":\"search_term_string\"}}],\"inLanguage\":\"es\"},{\"@type\":\"Organization\",\"@id\":\"https:\/\/gayaessence.com\/#organization\",\"name\":\"Gaya Essence\",\"url\":\"https:\/\/gayaessence.com\/\",\"logo\":{\"@type\":\"ImageObject\",\"inLanguage\":\"es\",\"@id\":\"https:\/\/gayaessence.com\/#\/schema\/logo\/image\/\",\"url\":\"https:\/\/gayaessence.com\/wp-content\/uploads\/2024\/10\/cropped-logo-transp-1.png\",\"contentUrl\":\"https:\/\/gayaessence.com\/wp-content\/uploads\/2024\/10\/cropped-logo-transp-1.png\",\"width\":500,\"height\":196,\"caption\":\"Gaya Essence\"},\"image\":{\"@id\":\"https:\/\/gayaessence.com\/#\/schema\/logo\/image\/\"}}]}<\/script>\n<!-- \/ Yoast SEO plugin. -->","yoast_head_json":{"title":"Cuenco Tibetano - Gaya Essence","robots":{"index":"index","follow":"follow","max-snippet":"max-snippet:-1","max-image-preview":"max-image-preview:large","max-video-preview":"max-video-preview:-1"},"canonical":"https:\/\/gayaessence.com\/index.php\/producto\/cuenco-tibetano\/","og_locale":"es_ES","og_type":"article","og_title":"Cuenco Tibetano - Gaya Essence","og_description":"Descripci\u00f3n \ud83d\udd49\ufe0f Cuenco Tibetano 5 Budas Lat\u00f3n \ud83c\udf1f Este hermoso cuenco tibetano de lat\u00f3n es una pieza \u00fanica que lleva consigo la esencia de la espiritualidad [\u2026]","og_url":"https:\/\/gayaessence.com\/index.php\/producto\/cuenco-tibetano\/","og_site_name":"Gaya Essence","article_modified_time":"2026-02-06T19:15:05+00:00","og_image":[{"width":1170,"height":1571,"url":"https:\/\/gayaessence.com\/wp-content\/uploads\/2025\/02\/IMG_0829.jpg","type":"image\/jpeg"}],"twitter_card":"summary_large_image","twitter_misc":{"Tiempo de lectura":"2 minutos"},"schema":{"@context":"https:\/\/schema.org","@graph":[{"@type":"WebPage","@id":"https:\/\/gayaessence.com\/index.php\/producto\/cuenco-tibetano\/","url":"https:\/\/gayaessence.com\/index.php\/producto\/cuenco-tibetano\/","name":"Cuenco Tibetano - Gaya Essence","isPartOf":{"@id":"https:\/\/gayaessence.com\/#website"},"primaryImageOfPage":{"@id":"https:\/\/gayaessence.com\/index.php\/producto\/cuenco-tibetano\/#primaryimage"},"image":{"@id":"https:\/\/gayaessence.com\/index.php\/producto\/cuenco-tibetano\/#primaryimage"},"thumbnailUrl":"https:\/\/gayaessence.com\/wp-content\/uploads\/2025\/02\/IMG_0829.jpg","datePublished":"2025-02-09T10:51:32+00:00","dateModified":"2026-02-06T19:15:05+00:00","breadcrumb":{"@id":"https:\/\/gayaessence.com\/index.php\/producto\/cuenco-tibetano\/#breadcrumb"},"inLanguage":"es","potentialAction":[{"@type":"ReadAction","target":["https:\/\/gayaessence.com\/index.php\/producto\/cuenco-tibetano\/"]}]},{"@type":"ImageObject","inLanguage":"es","@id":"https:\/\/gayaessence.com\/index.php\/producto\/cuenco-tibetano\/#primaryimage","url":"https:\/\/gayaessence.com\/wp-content\/uploads\/2025\/02\/IMG_0829.jpg","contentUrl":"https:\/\/gayaessence.com\/wp-content\/uploads\/2025\/02\/IMG_0829.jpg","width":1170,"height":1571},{"@type":"BreadcrumbList","@id":"https:\/\/gayaessence.com\/index.php\/producto\/cuenco-tibetano\/#breadcrumb","itemListElement":[{"@type":"ListItem","position":1,"name":"Portada","item":"https:\/\/gayaessence.com\/"},{"@type":"ListItem","position":2,"name":"Tienda","item":"https:\/\/gayaessence.com\/index.php\/shop\/"},{"@type":"ListItem","position":3,"name":"Cuenco Tibetano"}]},{"@type":"WebSite","@id":"https:\/\/gayaessence.com\/#website","url":"https:\/\/gayaessence.com\/","name":"Gaya Essence","description":"Cuida, Protege y Eleva tu Vibraci\u00f3n","publisher":{"@id":"https:\/\/gayaessence.com\/#organization"},"potentialAction":[{"@type":"SearchAction","target":{"@type":"EntryPoint","urlTemplate":"https:\/\/gayaessence.com\/?s={search_term_string}"},"query-input":{"@type":"PropertyValueSpecification","valueRequired":true,"valueName":"search_term_string"}}],"inLanguage":"es"},{"@type":"Organization","@id":"https:\/\/gayaessence.com\/#organization","name":"Gaya Essence","url":"https:\/\/gayaessence.com\/","logo":{"@type":"ImageObject","inLanguage":"es","@id":"https:\/\/gayaessence.com\/#\/schema\/logo\/image\/","url":"https:\/\/gayaessence.com\/wp-content\/uploads\/2024\/10\/cropped-logo-transp-1.png","contentUrl":"https:\/\/gayaessence.com\/wp-content\/uploads\/2024\/10\/cropped-logo-transp-1.png","width":500,"height":196,"caption":"Gaya Essence"},"image":{"@id":"https:\/\/gayaessence.com\/#\/schema\/logo\/image\/"}}]}},"jetpack_sharing_enabled":true,"_links":{"self":[{"href":"https:\/\/gayaessence.com\/index.php\/wp-json\/wp\/v2\/product\/3256","targetHints":{"allow":["GET"]}}],"collection":[{"href":"https:\/\/gayaessence.com\/index.php\/wp-json\/wp\/v2\/product"}],"about":[{"href":"https:\/\/gayaessence.com\/index.php\/wp-json\/wp\/v2\/types\/product"}],"version-history":[{"count":8,"href":"https:\/\/gayaessence.com\/index.php\/wp-json\/wp\/v2\/product\/3256\/revisions"}],"predecessor-version":[{"id":4200,"href":"https:\/\/gayaessence.com\/index.php\/wp-json\/wp\/v2\/product\/3256\/revisions\/4200"}],"wp:featuredmedia":[{"embeddable":true,"href":"https:\/\/gayaessence.com\/index.php\/wp-json\/wp\/v2\/media\/3258"}],"wp:attachment":[{"href":"https:\/\/gayaessence.com\/index.php\/wp-json\/wp\/v2\/media?parent=3256"}],"wp:term":[{"taxonomy":"product_brand","embeddable":true,"href":"https:\/\/gayaessence.com\/index.php\/wp-json\/wp\/v2\/product_brand?post=3256"},{"taxonomy":"product_cat","embeddable":true,"href":"https:\/\/gayaessence.com\/index.php\/wp-json\/wp\/v2\/product_cat?post=3256"},{"taxonomy":"product_tag","embeddable":true,"href":"https:\/\/gayaessence.com\/index.php\/wp-json\/wp\/v2\/product_tag?post=3256"}],"curies":[{"name":"wp","href":"https:\/\/api.w.org\/{rel}","templated":true}]}}