{"id":3242,"date":"2025-02-09T09:49:22","date_gmt":"2025-02-09T09:49:22","guid":{"rendered":"https:\/\/gayaessence.com\/?post_type=product&#038;p=3242"},"modified":"2026-01-22T09:52:42","modified_gmt":"2026-01-22T09:52:42","slug":"vela-atenea","status":"publish","type":"product","link":"https:\/\/gayaessence.com\/index.php\/producto\/vela-atenea\/","title":{"rendered":"ALQUIMIA"},"content":{"rendered":"\t\t<div data-elementor-type=\"wp-post\" data-elementor-id=\"3242\" class=\"elementor elementor-3242\">\n\t\t\t\t\t\t<section class=\"elementor-section elementor-top-section elementor-element elementor-element-ba79a43 elementor-section-boxed elementor-section-height-default elementor-section-height-default\" data-id=\"ba79a43\" data-element_type=\"section\">\n\t\t\t\t\t\t<div class=\"elementor-container elementor-column-gap-default\">\n\t\t\t\t\t<div class=\"elementor-column elementor-col-100 elementor-top-column elementor-element elementor-element-183df69\" data-id=\"183df69\" data-element_type=\"column\">\n\t\t\t<div class=\"elementor-widget-wrap elementor-element-populated\">\n\t\t\t\t\t\t<section class=\"elementor-section elementor-inner-section elementor-element elementor-element-f5dfea0 elementor-section-boxed elementor-section-height-default elementor-section-height-default\" data-id=\"f5dfea0\" data-element_type=\"section\">\n\t\t\t\t\t\t<div class=\"elementor-container elementor-column-gap-default\">\n\t\t\t\t\t<div class=\"elementor-column elementor-col-50 elementor-inner-column elementor-element elementor-element-a5c31cf\" data-id=\"a5c31cf\" data-element_type=\"column\">\n\t\t\t<div class=\"elementor-widget-wrap elementor-element-populated\">\n\t\t\t\t\t\t<div class=\"elementor-element elementor-element-88efd13 elementor-widget elementor-widget-heading\" data-id=\"88efd13\" data-element_type=\"widget\" data-widget_type=\"heading.default\">\n\t\t\t\t<div class=\"elementor-widget-container\">\n\t\t\t<h3 class=\"elementor-heading-title elementor-size-default\">ALQUIMIA<\/h3>\t\t<\/div>\n\t\t\t\t<\/div>\n\t\t\t\t<div class=\"elementor-element elementor-element-d4da46a elementor-widget elementor-widget-text-editor\" data-id=\"d4da46a\" data-element_type=\"widget\" data-widget_type=\"text-editor.default\">\n\t\t\t\t<div class=\"elementor-widget-container\">\n\t\t\t\t\t\t\t<p data-start=\"136\" data-end=\"416\">Sum\u00e9rgete en <strong data-start=\"149\" data-end=\"161\">ALQUIMIA<\/strong>, una fragancia intensa y envolvente que combina la dulzura del az\u00facar quemado con la profundidad de las resinas y maderas nobles. Ideal para momentos de introspecci\u00f3n, rituales de transformaci\u00f3n y para llenar tu hogar de energ\u00eda c\u00e1lida y reconfortante.<\/p><h3 data-start=\"418\" data-end=\"446\"><strong data-start=\"422\" data-end=\"444\">Pir\u00e1mide olfativa:<\/strong><\/h3><ul data-start=\"447\" data-end=\"578\"><li data-start=\"447\" data-end=\"488\"><p data-start=\"449\" data-end=\"488\"><strong data-start=\"449\" data-end=\"470\">Notas de salida:<\/strong> Jazm\u00edn, Azafr\u00e1n<\/p><\/li><li data-start=\"489\" data-end=\"526\"><p data-start=\"491\" data-end=\"526\"><strong data-start=\"491\" data-end=\"508\">Notas medias:<\/strong> \u00c1mbar de madera<\/p><\/li><li data-start=\"527\" data-end=\"578\"><p data-start=\"529\" data-end=\"578\"><strong data-start=\"529\" data-end=\"547\">Notas de base:<\/strong> Cedro blanco, Resina de pino<\/p><\/li><\/ul><h3 data-start=\"580\" data-end=\"611\"><strong data-start=\"584\" data-end=\"609\">Formatos disponibles:<\/strong><\/h3><p data-start=\"613\" data-end=\"624\"><strong data-start=\"613\" data-end=\"622\">Velas<\/strong><\/p><ul data-start=\"625\" data-end=\"894\"><li data-start=\"625\" data-end=\"654\"><p data-start=\"627\" data-end=\"654\">Cera vegetal de coco 100% natural<\/p><\/li><li data-start=\"655\" data-end=\"721\"><p data-start=\"657\" data-end=\"721\">Mecha de algod\u00f3n: llama limpia, silenciosa y sin humo excesivo<\/p><\/li><li data-start=\"722\" data-end=\"799\"><p data-start=\"724\" data-end=\"799\">Eco-friendly: materiales sostenibles y responsables con el medio ambiente<\/p><\/li><li data-start=\"800\" data-end=\"894\"><p data-start=\"802\" data-end=\"816\"><strong data-start=\"802\" data-end=\"814\">Tama\u00f1os:<\/strong><\/p><ul data-start=\"819\" data-end=\"894\"><li data-start=\"819\" data-end=\"855\"><p data-start=\"821\" data-end=\"855\">160 ml \u2014 hasta 30 horas de quema<\/p><\/li><li data-start=\"858\" data-end=\"894\"><p data-start=\"860\" data-end=\"894\">500 ml \u2014 hasta 60 horas de quema<\/p><\/li><\/ul><\/li><\/ul><p data-start=\"896\" data-end=\"908\"><strong data-start=\"896\" data-end=\"906\">Mikado<\/strong><\/p><ul data-start=\"909\" data-end=\"1116\"><li data-start=\"909\" data-end=\"959\"><p data-start=\"911\" data-end=\"959\">Formato: 125 ml \u2014 incluye 10 varillas de 25 cm<\/p><\/li><li data-start=\"960\" data-end=\"1050\"><p data-start=\"962\" data-end=\"1050\">Fragancia intensa y duradera gracias a la alta concentraci\u00f3n de componentes arom\u00e1ticos<\/p><\/li><li data-start=\"1051\" data-end=\"1116\"><p data-start=\"1053\" data-end=\"1116\">Varillas de microfibra: difusi\u00f3n uniforme e intensa del aroma<\/p><\/li><\/ul><p data-start=\"1118\" data-end=\"1129\"><strong data-start=\"1118\" data-end=\"1127\">Bruma<\/strong><\/p><ul data-start=\"1130\" data-end=\"1305\"><li data-start=\"1130\" data-end=\"1148\"><p data-start=\"1132\" data-end=\"1148\">Formato: 50 ml<\/p><\/li><li data-start=\"1149\" data-end=\"1191\"><p data-start=\"1151\" data-end=\"1191\">Perfume ambiental ligero y refrescante<\/p><\/li><li data-start=\"1192\" data-end=\"1305\"><p data-start=\"1194\" data-end=\"1305\">Ideal para rociar en el hogar, ropa de cama o espacios personales, creando un ambiente c\u00e1lido y transformador<\/p><\/li><\/ul>\t\t\t\t\t\t<\/div>\n\t\t\t\t<\/div>\n\t\t\t\t<div class=\"elementor-element elementor-element-0c4e2c2 elementor-widget elementor-widget-text-editor\" data-id=\"0c4e2c2\" data-element_type=\"widget\" data-widget_type=\"text-editor.default\">\n\t\t\t\t<div class=\"elementor-widget-container\">\n\t\t\t\t\t\t\t<p>\u00a0<\/p><p><br style=\"font-weight: 400\" \/><br style=\"font-weight: 400\" \/><\/p>\t\t\t\t\t\t<\/div>\n\t\t\t\t<\/div>\n\t\t\t\t\t<\/div>\n\t\t<\/div>\n\t\t\t\t<div class=\"elementor-column elementor-col-50 elementor-inner-column elementor-element elementor-element-a967996\" data-id=\"a967996\" data-element_type=\"column\">\n\t\t\t<div class=\"elementor-widget-wrap elementor-element-populated\">\n\t\t\t\t\t\t<div class=\"elementor-element elementor-element-38791ca elementor-widget elementor-widget-image\" data-id=\"38791ca\" data-element_type=\"widget\" data-widget_type=\"image.default\">\n\t\t\t\t<div class=\"elementor-widget-container\">\n\t\t\t\t\t\t\t\t\t\t\t\t\t<img fetchpriority=\"high\" decoding=\"async\" width=\"675\" height=\"1200\" src=\"https:\/\/gayaessence.com\/wp-content\/uploads\/2025\/02\/7a6bc4f8-9c26-436e-b7f7-beff755dd478-675x1200.jpg\" class=\"attachment-large size-large wp-image-4713\" alt=\"\" srcset=\"https:\/\/gayaessence.com\/wp-content\/uploads\/2025\/02\/7a6bc4f8-9c26-436e-b7f7-beff755dd478-675x1200.jpg 675w, https:\/\/gayaessence.com\/wp-content\/uploads\/2025\/02\/7a6bc4f8-9c26-436e-b7f7-beff755dd478-281x500.jpg 281w, https:\/\/gayaessence.com\/wp-content\/uploads\/2025\/02\/7a6bc4f8-9c26-436e-b7f7-beff755dd478-169x300.jpg 169w, https:\/\/gayaessence.com\/wp-content\/uploads\/2025\/02\/7a6bc4f8-9c26-436e-b7f7-beff755dd478-768x1365.jpg 768w, https:\/\/gayaessence.com\/wp-content\/uploads\/2025\/02\/7a6bc4f8-9c26-436e-b7f7-beff755dd478-864x1536.jpg 864w, https:\/\/gayaessence.com\/wp-content\/uploads\/2025\/02\/7a6bc4f8-9c26-436e-b7f7-beff755dd478-1152x2048.jpg 1152w, https:\/\/gayaessence.com\/wp-content\/uploads\/2025\/02\/7a6bc4f8-9c26-436e-b7f7-beff755dd478-42x75.jpg 42w, https:\/\/gayaessence.com\/wp-content\/uploads\/2025\/02\/7a6bc4f8-9c26-436e-b7f7-beff755dd478-480x853.jpg 480w, https:\/\/gayaessence.com\/wp-content\/uploads\/2025\/02\/7a6bc4f8-9c26-436e-b7f7-beff755dd478-800x1422.jpg 800w, https:\/\/gayaessence.com\/wp-content\/uploads\/2025\/02\/7a6bc4f8-9c26-436e-b7f7-beff755dd478-scaled.jpg 1440w\" sizes=\"(max-width:767px) 480px, 675px\" \/>\t\t\t\t\t\t\t\t\t\t\t\t\t<\/div>\n\t\t\t\t<\/div>\n\t\t\t\t\t<\/div>\n\t\t<\/div>\n\t\t\t\t\t<\/div>\n\t\t<\/section>\n\t\t\t\t\t<\/div>\n\t\t<\/div>\n\t\t\t\t\t<\/div>\n\t\t<\/section>\n\t\t\t\t<\/div>\n\t\t","protected":false},"excerpt":{"rendered":"<p>ALQUIMIA Sum\u00e9rgete en ALQUIMIA, una fragancia intensa y envolvente que combina la dulzura del az\u00facar quemado con la profundidad de las resinas y maderas nobles. Ideal<span class=\"excerpt-hellip\"> [\u2026]<\/span><\/p>\n","protected":false},"featured_media":4713,"template":"","meta":[],"product_brand":[],"product_cat":[228],"product_tag":[],"class_list":{"0":"post-3242","1":"product","2":"type-product","3":"status-publish","4":"has-post-thumbnail","6":"product_cat-velas-aromaticas","8":"first","9":"instock","10":"shipping-taxable","11":"purchasable","12":"product-type-variable"},"yoast_head":"<!-- This site is optimized with the Yoast SEO plugin v23.9 - https:\/\/yoast.com\/wordpress\/plugins\/seo\/ -->\n<title>ALQUIMIA - Gaya Essence<\/title>\n<meta name=\"robots\" content=\"index, follow, max-snippet:-1, max-image-preview:large, max-video-preview:-1\" \/>\n<link rel=\"canonical\" href=\"https:\/\/gayaessence.com\/index.php\/producto\/vela-atenea\/\" \/>\n<meta property=\"og:locale\" content=\"es_ES\" \/>\n<meta property=\"og:type\" content=\"article\" \/>\n<meta property=\"og:title\" content=\"ALQUIMIA - Gaya Essence\" \/>\n<meta property=\"og:description\" content=\"ALQUIMIA Sum\u00e9rgete en ALQUIMIA, una fragancia intensa y envolvente que combina la dulzura del az\u00facar quemado con la profundidad de las resinas y maderas nobles. Ideal [\u2026]\" \/>\n<meta property=\"og:url\" content=\"https:\/\/gayaessence.com\/index.php\/producto\/vela-atenea\/\" \/>\n<meta property=\"og:site_name\" content=\"Gaya Essence\" \/>\n<meta property=\"article:modified_time\" content=\"2026-01-22T09:52:42+00:00\" \/>\n<meta property=\"og:image\" content=\"https:\/\/gayaessence.com\/wp-content\/uploads\/2025\/02\/7a6bc4f8-9c26-436e-b7f7-beff755dd478-scaled.jpg\" \/>\n\t<meta property=\"og:image:width\" content=\"1440\" \/>\n\t<meta property=\"og:image:height\" content=\"2560\" \/>\n\t<meta property=\"og:image:type\" content=\"image\/jpeg\" \/>\n<meta name=\"twitter:card\" content=\"summary_large_image\" \/>\n<meta name=\"twitter:label1\" content=\"Tiempo de lectura\" \/>\n\t<meta name=\"twitter:data1\" content=\"2 minutos\" \/>\n<script type=\"application\/ld+json\" class=\"yoast-schema-graph\">{\"@context\":\"https:\/\/schema.org\",\"@graph\":[{\"@type\":\"WebPage\",\"@id\":\"https:\/\/gayaessence.com\/index.php\/producto\/vela-atenea\/\",\"url\":\"https:\/\/gayaessence.com\/index.php\/producto\/vela-atenea\/\",\"name\":\"ALQUIMIA - Gaya Essence\",\"isPartOf\":{\"@id\":\"https:\/\/gayaessence.com\/#website\"},\"primaryImageOfPage\":{\"@id\":\"https:\/\/gayaessence.com\/index.php\/producto\/vela-atenea\/#primaryimage\"},\"image\":{\"@id\":\"https:\/\/gayaessence.com\/index.php\/producto\/vela-atenea\/#primaryimage\"},\"thumbnailUrl\":\"https:\/\/gayaessence.com\/wp-content\/uploads\/2025\/02\/7a6bc4f8-9c26-436e-b7f7-beff755dd478-scaled.jpg\",\"datePublished\":\"2025-02-09T09:49:22+00:00\",\"dateModified\":\"2026-01-22T09:52:42+00:00\",\"breadcrumb\":{\"@id\":\"https:\/\/gayaessence.com\/index.php\/producto\/vela-atenea\/#breadcrumb\"},\"inLanguage\":\"es\",\"potentialAction\":[{\"@type\":\"ReadAction\",\"target\":[\"https:\/\/gayaessence.com\/index.php\/producto\/vela-atenea\/\"]}]},{\"@type\":\"ImageObject\",\"inLanguage\":\"es\",\"@id\":\"https:\/\/gayaessence.com\/index.php\/producto\/vela-atenea\/#primaryimage\",\"url\":\"https:\/\/gayaessence.com\/wp-content\/uploads\/2025\/02\/7a6bc4f8-9c26-436e-b7f7-beff755dd478-scaled.jpg\",\"contentUrl\":\"https:\/\/gayaessence.com\/wp-content\/uploads\/2025\/02\/7a6bc4f8-9c26-436e-b7f7-beff755dd478-scaled.jpg\",\"width\":1440,\"height\":2560},{\"@type\":\"BreadcrumbList\",\"@id\":\"https:\/\/gayaessence.com\/index.php\/producto\/vela-atenea\/#breadcrumb\",\"itemListElement\":[{\"@type\":\"ListItem\",\"position\":1,\"name\":\"Portada\",\"item\":\"https:\/\/gayaessence.com\/\"},{\"@type\":\"ListItem\",\"position\":2,\"name\":\"Tienda\",\"item\":\"https:\/\/gayaessence.com\/index.php\/shop\/\"},{\"@type\":\"ListItem\",\"position\":3,\"name\":\"ALQUIMIA\"}]},{\"@type\":\"WebSite\",\"@id\":\"https:\/\/gayaessence.com\/#website\",\"url\":\"https:\/\/gayaessence.com\/\",\"name\":\"Gaya Essence\",\"description\":\"Cuida, Protege y Eleva tu Vibraci\u00f3n\",\"publisher\":{\"@id\":\"https:\/\/gayaessence.com\/#organization\"},\"potentialAction\":[{\"@type\":\"SearchAction\",\"target\":{\"@type\":\"EntryPoint\",\"urlTemplate\":\"https:\/\/gayaessence.com\/?s={search_term_string}\"},\"query-input\":{\"@type\":\"PropertyValueSpecification\",\"valueRequired\":true,\"valueName\":\"search_term_string\"}}],\"inLanguage\":\"es\"},{\"@type\":\"Organization\",\"@id\":\"https:\/\/gayaessence.com\/#organization\",\"name\":\"Gaya Essence\",\"url\":\"https:\/\/gayaessence.com\/\",\"logo\":{\"@type\":\"ImageObject\",\"inLanguage\":\"es\",\"@id\":\"https:\/\/gayaessence.com\/#\/schema\/logo\/image\/\",\"url\":\"https:\/\/gayaessence.com\/wp-content\/uploads\/2024\/10\/cropped-logo-transp-1.png\",\"contentUrl\":\"https:\/\/gayaessence.com\/wp-content\/uploads\/2024\/10\/cropped-logo-transp-1.png\",\"width\":500,\"height\":196,\"caption\":\"Gaya Essence\"},\"image\":{\"@id\":\"https:\/\/gayaessence.com\/#\/schema\/logo\/image\/\"}}]}<\/script>\n<!-- \/ Yoast SEO plugin. -->","yoast_head_json":{"title":"ALQUIMIA - Gaya Essence","robots":{"index":"index","follow":"follow","max-snippet":"max-snippet:-1","max-image-preview":"max-image-preview:large","max-video-preview":"max-video-preview:-1"},"canonical":"https:\/\/gayaessence.com\/index.php\/producto\/vela-atenea\/","og_locale":"es_ES","og_type":"article","og_title":"ALQUIMIA - Gaya Essence","og_description":"ALQUIMIA Sum\u00e9rgete en ALQUIMIA, una fragancia intensa y envolvente que combina la dulzura del az\u00facar quemado con la profundidad de las resinas y maderas nobles. Ideal [\u2026]","og_url":"https:\/\/gayaessence.com\/index.php\/producto\/vela-atenea\/","og_site_name":"Gaya Essence","article_modified_time":"2026-01-22T09:52:42+00:00","og_image":[{"width":1440,"height":2560,"url":"https:\/\/gayaessence.com\/wp-content\/uploads\/2025\/02\/7a6bc4f8-9c26-436e-b7f7-beff755dd478-scaled.jpg","type":"image\/jpeg"}],"twitter_card":"summary_large_image","twitter_misc":{"Tiempo de lectura":"2 minutos"},"schema":{"@context":"https:\/\/schema.org","@graph":[{"@type":"WebPage","@id":"https:\/\/gayaessence.com\/index.php\/producto\/vela-atenea\/","url":"https:\/\/gayaessence.com\/index.php\/producto\/vela-atenea\/","name":"ALQUIMIA - Gaya Essence","isPartOf":{"@id":"https:\/\/gayaessence.com\/#website"},"primaryImageOfPage":{"@id":"https:\/\/gayaessence.com\/index.php\/producto\/vela-atenea\/#primaryimage"},"image":{"@id":"https:\/\/gayaessence.com\/index.php\/producto\/vela-atenea\/#primaryimage"},"thumbnailUrl":"https:\/\/gayaessence.com\/wp-content\/uploads\/2025\/02\/7a6bc4f8-9c26-436e-b7f7-beff755dd478-scaled.jpg","datePublished":"2025-02-09T09:49:22+00:00","dateModified":"2026-01-22T09:52:42+00:00","breadcrumb":{"@id":"https:\/\/gayaessence.com\/index.php\/producto\/vela-atenea\/#breadcrumb"},"inLanguage":"es","potentialAction":[{"@type":"ReadAction","target":["https:\/\/gayaessence.com\/index.php\/producto\/vela-atenea\/"]}]},{"@type":"ImageObject","inLanguage":"es","@id":"https:\/\/gayaessence.com\/index.php\/producto\/vela-atenea\/#primaryimage","url":"https:\/\/gayaessence.com\/wp-content\/uploads\/2025\/02\/7a6bc4f8-9c26-436e-b7f7-beff755dd478-scaled.jpg","contentUrl":"https:\/\/gayaessence.com\/wp-content\/uploads\/2025\/02\/7a6bc4f8-9c26-436e-b7f7-beff755dd478-scaled.jpg","width":1440,"height":2560},{"@type":"BreadcrumbList","@id":"https:\/\/gayaessence.com\/index.php\/producto\/vela-atenea\/#breadcrumb","itemListElement":[{"@type":"ListItem","position":1,"name":"Portada","item":"https:\/\/gayaessence.com\/"},{"@type":"ListItem","position":2,"name":"Tienda","item":"https:\/\/gayaessence.com\/index.php\/shop\/"},{"@type":"ListItem","position":3,"name":"ALQUIMIA"}]},{"@type":"WebSite","@id":"https:\/\/gayaessence.com\/#website","url":"https:\/\/gayaessence.com\/","name":"Gaya Essence","description":"Cuida, Protege y Eleva tu Vibraci\u00f3n","publisher":{"@id":"https:\/\/gayaessence.com\/#organization"},"potentialAction":[{"@type":"SearchAction","target":{"@type":"EntryPoint","urlTemplate":"https:\/\/gayaessence.com\/?s={search_term_string}"},"query-input":{"@type":"PropertyValueSpecification","valueRequired":true,"valueName":"search_term_string"}}],"inLanguage":"es"},{"@type":"Organization","@id":"https:\/\/gayaessence.com\/#organization","name":"Gaya Essence","url":"https:\/\/gayaessence.com\/","logo":{"@type":"ImageObject","inLanguage":"es","@id":"https:\/\/gayaessence.com\/#\/schema\/logo\/image\/","url":"https:\/\/gayaessence.com\/wp-content\/uploads\/2024\/10\/cropped-logo-transp-1.png","contentUrl":"https:\/\/gayaessence.com\/wp-content\/uploads\/2024\/10\/cropped-logo-transp-1.png","width":500,"height":196,"caption":"Gaya Essence"},"image":{"@id":"https:\/\/gayaessence.com\/#\/schema\/logo\/image\/"}}]}},"jetpack_sharing_enabled":true,"_links":{"self":[{"href":"https:\/\/gayaessence.com\/index.php\/wp-json\/wp\/v2\/product\/3242","targetHints":{"allow":["GET"]}}],"collection":[{"href":"https:\/\/gayaessence.com\/index.php\/wp-json\/wp\/v2\/product"}],"about":[{"href":"https:\/\/gayaessence.com\/index.php\/wp-json\/wp\/v2\/types\/product"}],"version-history":[{"count":17,"href":"https:\/\/gayaessence.com\/index.php\/wp-json\/wp\/v2\/product\/3242\/revisions"}],"predecessor-version":[{"id":5156,"href":"https:\/\/gayaessence.com\/index.php\/wp-json\/wp\/v2\/product\/3242\/revisions\/5156"}],"wp:featuredmedia":[{"embeddable":true,"href":"https:\/\/gayaessence.com\/index.php\/wp-json\/wp\/v2\/media\/4713"}],"wp:attachment":[{"href":"https:\/\/gayaessence.com\/index.php\/wp-json\/wp\/v2\/media?parent=3242"}],"wp:term":[{"taxonomy":"product_brand","embeddable":true,"href":"https:\/\/gayaessence.com\/index.php\/wp-json\/wp\/v2\/product_brand?post=3242"},{"taxonomy":"product_cat","embeddable":true,"href":"https:\/\/gayaessence.com\/index.php\/wp-json\/wp\/v2\/product_cat?post=3242"},{"taxonomy":"product_tag","embeddable":true,"href":"https:\/\/gayaessence.com\/index.php\/wp-json\/wp\/v2\/product_tag?post=3242"}],"curies":[{"name":"wp","href":"https:\/\/api.w.org\/{rel}","templated":true}]}}