{"id":3160,"date":"2025-01-09T10:57:19","date_gmt":"2025-01-09T10:57:19","guid":{"rendered":"https:\/\/gayaessence.com\/?post_type=product&#038;p=3160"},"modified":"2026-02-13T11:35:53","modified_gmt":"2026-02-13T11:35:53","slug":"collar-afrodita","status":"publish","type":"product","link":"https:\/\/gayaessence.com\/index.php\/producto\/collar-afrodita\/","title":{"rendered":"Collar Afrodita"},"content":{"rendered":"\t\t<div data-elementor-type=\"wp-post\" data-elementor-id=\"3160\" class=\"elementor elementor-3160\">\n\t\t\t\t\t\t<section class=\"elementor-section elementor-top-section elementor-element elementor-element-ba79a43 elementor-section-boxed elementor-section-height-default elementor-section-height-default\" data-id=\"ba79a43\" data-element_type=\"section\">\n\t\t\t\t\t\t<div class=\"elementor-container elementor-column-gap-default\">\n\t\t\t\t\t<div class=\"elementor-column elementor-col-100 elementor-top-column elementor-element elementor-element-183df69\" data-id=\"183df69\" data-element_type=\"column\">\n\t\t\t<div class=\"elementor-widget-wrap elementor-element-populated\">\n\t\t\t\t\t\t<section class=\"elementor-section elementor-inner-section elementor-element elementor-element-f5dfea0 elementor-section-boxed elementor-section-height-default elementor-section-height-default\" data-id=\"f5dfea0\" data-element_type=\"section\">\n\t\t\t\t\t\t<div class=\"elementor-container elementor-column-gap-default\">\n\t\t\t\t\t<div class=\"elementor-column elementor-col-50 elementor-inner-column elementor-element elementor-element-a5c31cf\" data-id=\"a5c31cf\" data-element_type=\"column\">\n\t\t\t<div class=\"elementor-widget-wrap elementor-element-populated\">\n\t\t\t\t\t\t<div class=\"elementor-element elementor-element-88efd13 elementor-widget elementor-widget-heading\" data-id=\"88efd13\" data-element_type=\"widget\" data-widget_type=\"heading.default\">\n\t\t\t\t<div class=\"elementor-widget-container\">\n\t\t\t<h3 class=\"elementor-heading-title elementor-size-default\">Descripci\u00f3n<\/h3>\t\t<\/div>\n\t\t\t\t<\/div>\n\t\t\t\t<div class=\"elementor-element elementor-element-d4da46a elementor-widget elementor-widget-text-editor\" data-id=\"d4da46a\" data-element_type=\"widget\" data-widget_type=\"text-editor.default\">\n\t\t\t\t<div class=\"elementor-widget-container\">\n\t\t\t\t\t\t\t<p>Eleva tu energ\u00eda con nuestro <strong data-start=\"219\" data-end=\"249\">collar de acero inoxidable<\/strong>, una pieza resistente, delicada y perfecta para acompa\u00f1arte cada d\u00eda. Su medida aproximada es de <strong data-start=\"347\" data-end=\"356\">42 cm<\/strong>, ideal para lucir cerca del coraz\u00f3n y potenciar la conexi\u00f3n con la piedra que elijas.<\/p>\t\t\t\t\t\t<\/div>\n\t\t\t\t<\/div>\n\t\t\t\t<div class=\"elementor-element elementor-element-4ebfd10 elementor-widget elementor-widget-heading\" data-id=\"4ebfd10\" data-element_type=\"widget\" data-widget_type=\"heading.default\">\n\t\t\t\t<div class=\"elementor-widget-container\">\n\t\t\t<h3 class=\"elementor-heading-title elementor-size-default\">Tipos<\/h3>\t\t<\/div>\n\t\t\t\t<\/div>\n\t\t\t\t<div class=\"elementor-element elementor-element-150fcab elementor-widget elementor-widget-text-editor\" data-id=\"150fcab\" data-element_type=\"widget\" data-widget_type=\"text-editor.default\">\n\t\t\t\t<div class=\"elementor-widget-container\">\n\t\t\t\t\t\t\t<p data-start=\"444\" data-end=\"535\">Disponible en diferentes cristales naturales, cada uno con su propia vibraci\u00f3n y prop\u00f3sito:<\/p><p data-start=\"537\" data-end=\"1217\">\u2728 <strong data-start=\"539\" data-end=\"555\">Ojo de Tigre<\/strong> \u2013 Piedra de protecci\u00f3n, fuerza interior y enfoque. Te ayuda a mantenerte firme, seguro y con claridad en tus decisiones.<br data-start=\"676\" data-end=\"679\" \/>\ud83d\udc97 <strong data-start=\"682\" data-end=\"697\">Cuarzo Rosa<\/strong> \u2013 Energ\u00eda de amor, dulzura y sanaci\u00f3n emocional. Abre el coraz\u00f3n a relaciones armoniosas y a la autoaceptaci\u00f3n.<br data-start=\"809\" data-end=\"812\" \/>\ud83c\udf3f <strong data-start=\"815\" data-end=\"828\">Amazonita<\/strong> \u2013 Calma, equilibrio y comunicaci\u00f3n sincera. Ideal para aliviar tensiones y expresar tu verdad con suavidad.<br data-start=\"936\" data-end=\"939\" \/>\ud83c\udf0c <strong data-start=\"942\" data-end=\"957\" data-is-only-node=\"\">Labradorita<\/strong> \u2013 Piedra m\u00edstica que protege el aura y despierta la intuici\u00f3n. Te conecta con tu magia interior y tu sabidur\u00eda profunda.<br data-start=\"1078\" data-end=\"1081\" \/>\ud83c\udf19 <strong data-start=\"1084\" data-end=\"1099\">Piedra Luna<\/strong> \u2013 Energ\u00eda femenina, suave y luminosa. Acompa\u00f1a los nuevos ciclos, potencia la intuici\u00f3n y aporta serenidad emocional.<\/p>\t\t\t\t\t\t<\/div>\n\t\t\t\t<\/div>\n\t\t\t\t<div class=\"elementor-element elementor-element-92f8e29 elementor-widget elementor-widget-heading\" data-id=\"92f8e29\" data-element_type=\"widget\" data-widget_type=\"heading.default\">\n\t\t\t\t<div class=\"elementor-widget-container\">\n\t\t\t<h3 class=\"elementor-heading-title elementor-size-default\">Nota importante<\/h3>\t\t<\/div>\n\t\t\t\t<\/div>\n\t\t\t\t<div class=\"elementor-element elementor-element-783f46a elementor-widget elementor-widget-text-editor\" data-id=\"783f46a\" data-element_type=\"widget\" data-widget_type=\"text-editor.default\">\n\t\t\t\t<div class=\"elementor-widget-container\">\n\t\t\t\t\t\t\t<p>Cada una de estas joyas con cristales est\u00e1 hecha con piedras naturales, por lo que cada pieza es \u00fanica. Esto significa que los colores, formas y matices pueden variar ligeramente con respecto a la imagen. \u00a1As\u00ed cada joya ser\u00e1 tan especial como t\u00fa!<\/p>\t\t\t\t\t\t<\/div>\n\t\t\t\t<\/div>\n\t\t\t\t\t<\/div>\n\t\t<\/div>\n\t\t\t\t<div class=\"elementor-column elementor-col-50 elementor-inner-column elementor-element elementor-element-a967996\" data-id=\"a967996\" data-element_type=\"column\">\n\t\t\t<div class=\"elementor-widget-wrap elementor-element-populated\">\n\t\t\t\t\t\t<div class=\"elementor-element elementor-element-38791ca elementor-widget elementor-widget-image\" data-id=\"38791ca\" data-element_type=\"widget\" data-widget_type=\"image.default\">\n\t\t\t\t<div class=\"elementor-widget-container\">\n\t\t\t\t\t\t\t\t\t\t\t\t\t<img fetchpriority=\"high\" decoding=\"async\" width=\"1200\" height=\"1195\" src=\"https:\/\/gayaessence.com\/wp-content\/uploads\/2025\/12\/Captura-de-pantalla-2025-12-11-a-las-20.49.52-1200x1195.png\" class=\"attachment-large size-large wp-image-4930\" alt=\"\" srcset=\"https:\/\/gayaessence.com\/wp-content\/uploads\/2025\/12\/Captura-de-pantalla-2025-12-11-a-las-20.49.52-1200x1195.png 1200w, https:\/\/gayaessence.com\/wp-content\/uploads\/2025\/12\/Captura-de-pantalla-2025-12-11-a-las-20.49.52-500x498.png 500w, https:\/\/gayaessence.com\/wp-content\/uploads\/2025\/12\/Captura-de-pantalla-2025-12-11-a-las-20.49.52-300x300.png 300w, https:\/\/gayaessence.com\/wp-content\/uploads\/2025\/12\/Captura-de-pantalla-2025-12-11-a-las-20.49.52-768x765.png 768w, https:\/\/gayaessence.com\/wp-content\/uploads\/2025\/12\/Captura-de-pantalla-2025-12-11-a-las-20.49.52-150x150.png 150w, https:\/\/gayaessence.com\/wp-content\/uploads\/2025\/12\/Captura-de-pantalla-2025-12-11-a-las-20.49.52-75x75.png 75w, https:\/\/gayaessence.com\/wp-content\/uploads\/2025\/12\/Captura-de-pantalla-2025-12-11-a-las-20.49.52-480x478.png 480w, https:\/\/gayaessence.com\/wp-content\/uploads\/2025\/12\/Captura-de-pantalla-2025-12-11-a-las-20.49.52-800x797.png 800w, https:\/\/gayaessence.com\/wp-content\/uploads\/2025\/12\/Captura-de-pantalla-2025-12-11-a-las-20.49.52.png 1472w\" sizes=\"(max-width:767px) 480px, (max-width:1200px) 100vw, 1200px\" \/>\t\t\t\t\t\t\t\t\t\t\t\t\t<\/div>\n\t\t\t\t<\/div>\n\t\t\t\t\t<\/div>\n\t\t<\/div>\n\t\t\t\t\t<\/div>\n\t\t<\/section>\n\t\t\t\t\t<\/div>\n\t\t<\/div>\n\t\t\t\t\t<\/div>\n\t\t<\/section>\n\t\t\t\t<\/div>\n\t\t","protected":false},"excerpt":{"rendered":"<p>Descripci\u00f3n Eleva tu energ\u00eda con nuestro collar de acero inoxidable, una pieza resistente, delicada y perfecta para acompa\u00f1arte cada d\u00eda. Su medida aproximada es de 42<span class=\"excerpt-hellip\"> [\u2026]<\/span><\/p>\n","protected":false},"featured_media":4928,"template":"","meta":[],"product_brand":[],"product_cat":[224],"product_tag":[],"class_list":{"0":"post-3160","1":"product","2":"type-product","3":"status-publish","4":"has-post-thumbnail","6":"product_cat-joyas","8":"first","9":"instock","10":"shipping-taxable","11":"purchasable","12":"product-type-variable"},"yoast_head":"<!-- This site is optimized with the Yoast SEO plugin v23.9 - https:\/\/yoast.com\/wordpress\/plugins\/seo\/ -->\n<title>Collar Afrodita - Gaya Essence<\/title>\n<meta name=\"robots\" content=\"index, follow, max-snippet:-1, max-image-preview:large, max-video-preview:-1\" \/>\n<link rel=\"canonical\" href=\"https:\/\/gayaessence.com\/index.php\/producto\/collar-afrodita\/\" \/>\n<meta property=\"og:locale\" content=\"es_ES\" \/>\n<meta property=\"og:type\" content=\"article\" \/>\n<meta property=\"og:title\" content=\"Collar Afrodita - Gaya Essence\" \/>\n<meta property=\"og:description\" content=\"Descripci\u00f3n Eleva tu energ\u00eda con nuestro collar de acero inoxidable, una pieza resistente, delicada y perfecta para acompa\u00f1arte cada d\u00eda. Su medida aproximada es de 42 [\u2026]\" \/>\n<meta property=\"og:url\" content=\"https:\/\/gayaessence.com\/index.php\/producto\/collar-afrodita\/\" \/>\n<meta property=\"og:site_name\" content=\"Gaya Essence\" \/>\n<meta property=\"article:modified_time\" content=\"2026-02-13T11:35:53+00:00\" \/>\n<meta property=\"og:image\" content=\"https:\/\/gayaessence.com\/wp-content\/uploads\/2025\/12\/Captura-de-pantalla-2025-12-11-a-las-20.49.44.png\" \/>\n\t<meta property=\"og:image:width\" content=\"1402\" \/>\n\t<meta property=\"og:image:height\" content=\"1474\" \/>\n\t<meta property=\"og:image:type\" content=\"image\/png\" \/>\n<meta name=\"twitter:card\" content=\"summary_large_image\" \/>\n<meta name=\"twitter:label1\" content=\"Tiempo de lectura\" \/>\n\t<meta name=\"twitter:data1\" content=\"2 minutos\" \/>\n<script type=\"application\/ld+json\" class=\"yoast-schema-graph\">{\"@context\":\"https:\/\/schema.org\",\"@graph\":[{\"@type\":\"WebPage\",\"@id\":\"https:\/\/gayaessence.com\/index.php\/producto\/collar-afrodita\/\",\"url\":\"https:\/\/gayaessence.com\/index.php\/producto\/collar-afrodita\/\",\"name\":\"Collar Afrodita - Gaya Essence\",\"isPartOf\":{\"@id\":\"https:\/\/gayaessence.com\/#website\"},\"primaryImageOfPage\":{\"@id\":\"https:\/\/gayaessence.com\/index.php\/producto\/collar-afrodita\/#primaryimage\"},\"image\":{\"@id\":\"https:\/\/gayaessence.com\/index.php\/producto\/collar-afrodita\/#primaryimage\"},\"thumbnailUrl\":\"https:\/\/gayaessence.com\/wp-content\/uploads\/2025\/12\/Captura-de-pantalla-2025-12-11-a-las-20.49.44.png\",\"datePublished\":\"2025-01-09T10:57:19+00:00\",\"dateModified\":\"2026-02-13T11:35:53+00:00\",\"breadcrumb\":{\"@id\":\"https:\/\/gayaessence.com\/index.php\/producto\/collar-afrodita\/#breadcrumb\"},\"inLanguage\":\"es\",\"potentialAction\":[{\"@type\":\"ReadAction\",\"target\":[\"https:\/\/gayaessence.com\/index.php\/producto\/collar-afrodita\/\"]}]},{\"@type\":\"ImageObject\",\"inLanguage\":\"es\",\"@id\":\"https:\/\/gayaessence.com\/index.php\/producto\/collar-afrodita\/#primaryimage\",\"url\":\"https:\/\/gayaessence.com\/wp-content\/uploads\/2025\/12\/Captura-de-pantalla-2025-12-11-a-las-20.49.44.png\",\"contentUrl\":\"https:\/\/gayaessence.com\/wp-content\/uploads\/2025\/12\/Captura-de-pantalla-2025-12-11-a-las-20.49.44.png\",\"width\":1402,\"height\":1474},{\"@type\":\"BreadcrumbList\",\"@id\":\"https:\/\/gayaessence.com\/index.php\/producto\/collar-afrodita\/#breadcrumb\",\"itemListElement\":[{\"@type\":\"ListItem\",\"position\":1,\"name\":\"Portada\",\"item\":\"https:\/\/gayaessence.com\/\"},{\"@type\":\"ListItem\",\"position\":2,\"name\":\"Tienda\",\"item\":\"https:\/\/gayaessence.com\/index.php\/shop\/\"},{\"@type\":\"ListItem\",\"position\":3,\"name\":\"Collar Afrodita\"}]},{\"@type\":\"WebSite\",\"@id\":\"https:\/\/gayaessence.com\/#website\",\"url\":\"https:\/\/gayaessence.com\/\",\"name\":\"Gaya Essence\",\"description\":\"Cuida, Protege y Eleva tu Vibraci\u00f3n\",\"publisher\":{\"@id\":\"https:\/\/gayaessence.com\/#organization\"},\"potentialAction\":[{\"@type\":\"SearchAction\",\"target\":{\"@type\":\"EntryPoint\",\"urlTemplate\":\"https:\/\/gayaessence.com\/?s={search_term_string}\"},\"query-input\":{\"@type\":\"PropertyValueSpecification\",\"valueRequired\":true,\"valueName\":\"search_term_string\"}}],\"inLanguage\":\"es\"},{\"@type\":\"Organization\",\"@id\":\"https:\/\/gayaessence.com\/#organization\",\"name\":\"Gaya Essence\",\"url\":\"https:\/\/gayaessence.com\/\",\"logo\":{\"@type\":\"ImageObject\",\"inLanguage\":\"es\",\"@id\":\"https:\/\/gayaessence.com\/#\/schema\/logo\/image\/\",\"url\":\"https:\/\/gayaessence.com\/wp-content\/uploads\/2024\/10\/cropped-logo-transp-1.png\",\"contentUrl\":\"https:\/\/gayaessence.com\/wp-content\/uploads\/2024\/10\/cropped-logo-transp-1.png\",\"width\":500,\"height\":196,\"caption\":\"Gaya Essence\"},\"image\":{\"@id\":\"https:\/\/gayaessence.com\/#\/schema\/logo\/image\/\"}}]}<\/script>\n<!-- \/ Yoast SEO plugin. -->","yoast_head_json":{"title":"Collar Afrodita - Gaya Essence","robots":{"index":"index","follow":"follow","max-snippet":"max-snippet:-1","max-image-preview":"max-image-preview:large","max-video-preview":"max-video-preview:-1"},"canonical":"https:\/\/gayaessence.com\/index.php\/producto\/collar-afrodita\/","og_locale":"es_ES","og_type":"article","og_title":"Collar Afrodita - Gaya Essence","og_description":"Descripci\u00f3n Eleva tu energ\u00eda con nuestro collar de acero inoxidable, una pieza resistente, delicada y perfecta para acompa\u00f1arte cada d\u00eda. Su medida aproximada es de 42 [\u2026]","og_url":"https:\/\/gayaessence.com\/index.php\/producto\/collar-afrodita\/","og_site_name":"Gaya Essence","article_modified_time":"2026-02-13T11:35:53+00:00","og_image":[{"width":1402,"height":1474,"url":"https:\/\/gayaessence.com\/wp-content\/uploads\/2025\/12\/Captura-de-pantalla-2025-12-11-a-las-20.49.44.png","type":"image\/png"}],"twitter_card":"summary_large_image","twitter_misc":{"Tiempo de lectura":"2 minutos"},"schema":{"@context":"https:\/\/schema.org","@graph":[{"@type":"WebPage","@id":"https:\/\/gayaessence.com\/index.php\/producto\/collar-afrodita\/","url":"https:\/\/gayaessence.com\/index.php\/producto\/collar-afrodita\/","name":"Collar Afrodita - Gaya Essence","isPartOf":{"@id":"https:\/\/gayaessence.com\/#website"},"primaryImageOfPage":{"@id":"https:\/\/gayaessence.com\/index.php\/producto\/collar-afrodita\/#primaryimage"},"image":{"@id":"https:\/\/gayaessence.com\/index.php\/producto\/collar-afrodita\/#primaryimage"},"thumbnailUrl":"https:\/\/gayaessence.com\/wp-content\/uploads\/2025\/12\/Captura-de-pantalla-2025-12-11-a-las-20.49.44.png","datePublished":"2025-01-09T10:57:19+00:00","dateModified":"2026-02-13T11:35:53+00:00","breadcrumb":{"@id":"https:\/\/gayaessence.com\/index.php\/producto\/collar-afrodita\/#breadcrumb"},"inLanguage":"es","potentialAction":[{"@type":"ReadAction","target":["https:\/\/gayaessence.com\/index.php\/producto\/collar-afrodita\/"]}]},{"@type":"ImageObject","inLanguage":"es","@id":"https:\/\/gayaessence.com\/index.php\/producto\/collar-afrodita\/#primaryimage","url":"https:\/\/gayaessence.com\/wp-content\/uploads\/2025\/12\/Captura-de-pantalla-2025-12-11-a-las-20.49.44.png","contentUrl":"https:\/\/gayaessence.com\/wp-content\/uploads\/2025\/12\/Captura-de-pantalla-2025-12-11-a-las-20.49.44.png","width":1402,"height":1474},{"@type":"BreadcrumbList","@id":"https:\/\/gayaessence.com\/index.php\/producto\/collar-afrodita\/#breadcrumb","itemListElement":[{"@type":"ListItem","position":1,"name":"Portada","item":"https:\/\/gayaessence.com\/"},{"@type":"ListItem","position":2,"name":"Tienda","item":"https:\/\/gayaessence.com\/index.php\/shop\/"},{"@type":"ListItem","position":3,"name":"Collar Afrodita"}]},{"@type":"WebSite","@id":"https:\/\/gayaessence.com\/#website","url":"https:\/\/gayaessence.com\/","name":"Gaya Essence","description":"Cuida, Protege y Eleva tu Vibraci\u00f3n","publisher":{"@id":"https:\/\/gayaessence.com\/#organization"},"potentialAction":[{"@type":"SearchAction","target":{"@type":"EntryPoint","urlTemplate":"https:\/\/gayaessence.com\/?s={search_term_string}"},"query-input":{"@type":"PropertyValueSpecification","valueRequired":true,"valueName":"search_term_string"}}],"inLanguage":"es"},{"@type":"Organization","@id":"https:\/\/gayaessence.com\/#organization","name":"Gaya Essence","url":"https:\/\/gayaessence.com\/","logo":{"@type":"ImageObject","inLanguage":"es","@id":"https:\/\/gayaessence.com\/#\/schema\/logo\/image\/","url":"https:\/\/gayaessence.com\/wp-content\/uploads\/2024\/10\/cropped-logo-transp-1.png","contentUrl":"https:\/\/gayaessence.com\/wp-content\/uploads\/2024\/10\/cropped-logo-transp-1.png","width":500,"height":196,"caption":"Gaya Essence"},"image":{"@id":"https:\/\/gayaessence.com\/#\/schema\/logo\/image\/"}}]}},"jetpack_sharing_enabled":true,"_links":{"self":[{"href":"https:\/\/gayaessence.com\/index.php\/wp-json\/wp\/v2\/product\/3160","targetHints":{"allow":["GET"]}}],"collection":[{"href":"https:\/\/gayaessence.com\/index.php\/wp-json\/wp\/v2\/product"}],"about":[{"href":"https:\/\/gayaessence.com\/index.php\/wp-json\/wp\/v2\/types\/product"}],"version-history":[{"count":8,"href":"https:\/\/gayaessence.com\/index.php\/wp-json\/wp\/v2\/product\/3160\/revisions"}],"predecessor-version":[{"id":5255,"href":"https:\/\/gayaessence.com\/index.php\/wp-json\/wp\/v2\/product\/3160\/revisions\/5255"}],"wp:featuredmedia":[{"embeddable":true,"href":"https:\/\/gayaessence.com\/index.php\/wp-json\/wp\/v2\/media\/4928"}],"wp:attachment":[{"href":"https:\/\/gayaessence.com\/index.php\/wp-json\/wp\/v2\/media?parent=3160"}],"wp:term":[{"taxonomy":"product_brand","embeddable":true,"href":"https:\/\/gayaessence.com\/index.php\/wp-json\/wp\/v2\/product_brand?post=3160"},{"taxonomy":"product_cat","embeddable":true,"href":"https:\/\/gayaessence.com\/index.php\/wp-json\/wp\/v2\/product_cat?post=3160"},{"taxonomy":"product_tag","embeddable":true,"href":"https:\/\/gayaessence.com\/index.php\/wp-json\/wp\/v2\/product_tag?post=3160"}],"curies":[{"name":"wp","href":"https:\/\/api.w.org\/{rel}","templated":true}]}}