{"id":3157,"date":"2025-01-09T10:54:24","date_gmt":"2025-01-09T10:54:24","guid":{"rendered":"https:\/\/gayaessence.com\/?post_type=product&#038;p=3157"},"modified":"2026-02-13T11:36:12","modified_gmt":"2026-02-13T11:36:12","slug":"collar-vesta","status":"publish","type":"product","link":"https:\/\/gayaessence.com\/index.php\/producto\/collar-vesta\/","title":{"rendered":"Collar Vesta"},"content":{"rendered":"\t\t<div data-elementor-type=\"wp-post\" data-elementor-id=\"3157\" class=\"elementor elementor-3157\">\n\t\t\t\t\t\t<section class=\"elementor-section elementor-top-section elementor-element elementor-element-ba79a43 elementor-section-boxed elementor-section-height-default elementor-section-height-default\" data-id=\"ba79a43\" data-element_type=\"section\">\n\t\t\t\t\t\t<div class=\"elementor-container elementor-column-gap-default\">\n\t\t\t\t\t<div class=\"elementor-column elementor-col-100 elementor-top-column elementor-element elementor-element-183df69\" data-id=\"183df69\" data-element_type=\"column\">\n\t\t\t<div class=\"elementor-widget-wrap elementor-element-populated\">\n\t\t\t\t\t\t<section class=\"elementor-section elementor-inner-section elementor-element elementor-element-f5dfea0 elementor-section-boxed elementor-section-height-default elementor-section-height-default\" data-id=\"f5dfea0\" data-element_type=\"section\">\n\t\t\t\t\t\t<div class=\"elementor-container elementor-column-gap-default\">\n\t\t\t\t\t<div class=\"elementor-column elementor-col-50 elementor-inner-column elementor-element elementor-element-a5c31cf\" data-id=\"a5c31cf\" data-element_type=\"column\">\n\t\t\t<div class=\"elementor-widget-wrap elementor-element-populated\">\n\t\t\t\t\t\t<div class=\"elementor-element elementor-element-88efd13 elementor-widget elementor-widget-heading\" data-id=\"88efd13\" data-element_type=\"widget\" data-widget_type=\"heading.default\">\n\t\t\t\t<div class=\"elementor-widget-container\">\n\t\t\t<h3 class=\"elementor-heading-title elementor-size-default\">Descripci\u00f3n<\/h3>\t\t<\/div>\n\t\t\t\t<\/div>\n\t\t\t\t<div class=\"elementor-element elementor-element-d4da46a elementor-widget elementor-widget-text-editor\" data-id=\"d4da46a\" data-element_type=\"widget\" data-widget_type=\"text-editor.default\">\n\t\t\t\t<div class=\"elementor-widget-container\">\n\t\t\t\t\t\t\t<p>Collar de <strong data-start=\"132\" data-end=\"152\">acero inoxidable<\/strong> de 50 cm<\/p>\t\t\t\t\t\t<\/div>\n\t\t\t\t<\/div>\n\t\t\t\t<div class=\"elementor-element elementor-element-4ebfd10 elementor-widget elementor-widget-heading\" data-id=\"4ebfd10\" data-element_type=\"widget\" data-widget_type=\"heading.default\">\n\t\t\t\t<div class=\"elementor-widget-container\">\n\t\t\t<h3 class=\"elementor-heading-title elementor-size-default\">Tipos<\/h3>\t\t<\/div>\n\t\t\t\t<\/div>\n\t\t\t\t<div class=\"elementor-element elementor-element-150fcab elementor-widget elementor-widget-text-editor\" data-id=\"150fcab\" data-element_type=\"widget\" data-widget_type=\"text-editor.default\">\n\t\t\t\t<div class=\"elementor-widget-container\">\n\t\t\t\t\t\t\t<p data-start=\"295\" data-end=\"435\">\ud83c\udf19 <strong data-start=\"298\" data-end=\"313\">Piedra Luna<\/strong> \u2013 Asociada a la intuici\u00f3n, la calma y los nuevos comienzos. Aporta equilibrio emocional y una energ\u00eda suave y femenina.<\/p><p data-start=\"437\" data-end=\"605\">\ud83c\udf0c <strong data-start=\"440\" data-end=\"455\">Labradorita<\/strong> \u2013 Conocida por su capacidad de protecci\u00f3n energ\u00e9tica y conexi\u00f3n con la intuici\u00f3n. Ayuda a mantener el aura limpia y a potenciar la claridad interior.<\/p><p data-start=\"437\" data-end=\"605\"><strong data-start=\"27\" data-end=\"45\">\ud83e\udd0eCuarzo Ahumado<\/strong> \u2013 ancla la energ\u00eda, disipa la negatividad y aporta estabilidad emocional. Favorece la claridad mental, ayuda a soltar cargas del pasado y fortalece la conexi\u00f3n con la tierra, brindando protecci\u00f3n y seguridad en momentos de cambio.<\/p><p data-start=\"437\" data-end=\"605\"><strong data-start=\"73\" data-end=\"84\">\ud83c\udf1eCitrino<\/strong> \u2013 irradia energ\u00eda positiva, potencia la abundancia y estimula la confianza personal. Activa la creatividad, fortalece la autoestima y atrae prosperidad, impulsando la motivaci\u00f3n y la alegr\u00eda de vivir.\u00a0<\/p>\t\t\t\t\t\t<\/div>\n\t\t\t\t<\/div>\n\t\t\t\t<div class=\"elementor-element elementor-element-92f8e29 elementor-widget elementor-widget-heading\" data-id=\"92f8e29\" data-element_type=\"widget\" data-widget_type=\"heading.default\">\n\t\t\t\t<div class=\"elementor-widget-container\">\n\t\t\t<h3 class=\"elementor-heading-title elementor-size-default\">Nota importante<\/h3>\t\t<\/div>\n\t\t\t\t<\/div>\n\t\t\t\t<div class=\"elementor-element elementor-element-783f46a elementor-widget elementor-widget-text-editor\" data-id=\"783f46a\" data-element_type=\"widget\" data-widget_type=\"text-editor.default\">\n\t\t\t\t<div class=\"elementor-widget-container\">\n\t\t\t\t\t\t\t<p>Cada una de nuestras joyas con cristales est\u00e1 hecha con piedras naturales, por lo que cada pieza es \u00fanica. Esto significa que los colores, formas y matices pueden variar ligeramente con respecto a la imagen. \u00a1As\u00ed cada joya ser\u00e1 tan especial como t\u00fa!<\/p>\t\t\t\t\t\t<\/div>\n\t\t\t\t<\/div>\n\t\t\t\t\t<\/div>\n\t\t<\/div>\n\t\t\t\t<div class=\"elementor-column elementor-col-50 elementor-inner-column elementor-element elementor-element-a967996\" data-id=\"a967996\" data-element_type=\"column\">\n\t\t\t<div class=\"elementor-widget-wrap elementor-element-populated\">\n\t\t\t\t\t\t<div class=\"elementor-element elementor-element-38791ca elementor-widget elementor-widget-image\" data-id=\"38791ca\" data-element_type=\"widget\" data-widget_type=\"image.default\">\n\t\t\t\t<div class=\"elementor-widget-container\">\n\t\t\t\t\t\t\t\t\t\t\t\t\t<img fetchpriority=\"high\" decoding=\"async\" width=\"1200\" height=\"1187\" src=\"https:\/\/gayaessence.com\/wp-content\/uploads\/2025\/01\/Captura-de-pantalla-2025-12-12-a-las-12.42.28-1200x1187.png\" class=\"attachment-large size-large wp-image-4935\" alt=\"\" srcset=\"https:\/\/gayaessence.com\/wp-content\/uploads\/2025\/01\/Captura-de-pantalla-2025-12-12-a-las-12.42.28-1200x1187.png 1200w, https:\/\/gayaessence.com\/wp-content\/uploads\/2025\/01\/Captura-de-pantalla-2025-12-12-a-las-12.42.28-500x494.png 500w, https:\/\/gayaessence.com\/wp-content\/uploads\/2025\/01\/Captura-de-pantalla-2025-12-12-a-las-12.42.28-300x297.png 300w, https:\/\/gayaessence.com\/wp-content\/uploads\/2025\/01\/Captura-de-pantalla-2025-12-12-a-las-12.42.28-768x760.png 768w, https:\/\/gayaessence.com\/wp-content\/uploads\/2025\/01\/Captura-de-pantalla-2025-12-12-a-las-12.42.28-1536x1519.png 1536w, https:\/\/gayaessence.com\/wp-content\/uploads\/2025\/01\/Captura-de-pantalla-2025-12-12-a-las-12.42.28-76x75.png 76w, https:\/\/gayaessence.com\/wp-content\/uploads\/2025\/01\/Captura-de-pantalla-2025-12-12-a-las-12.42.28-480x475.png 480w, https:\/\/gayaessence.com\/wp-content\/uploads\/2025\/01\/Captura-de-pantalla-2025-12-12-a-las-12.42.28-800x791.png 800w, https:\/\/gayaessence.com\/wp-content\/uploads\/2025\/01\/Captura-de-pantalla-2025-12-12-a-las-12.42.28.png 1810w\" sizes=\"(max-width:767px) 480px, (max-width:1200px) 100vw, 1200px\" \/>\t\t\t\t\t\t\t\t\t\t\t\t\t<\/div>\n\t\t\t\t<\/div>\n\t\t\t\t\t<\/div>\n\t\t<\/div>\n\t\t\t\t\t<\/div>\n\t\t<\/section>\n\t\t\t\t\t<\/div>\n\t\t<\/div>\n\t\t\t\t\t<\/div>\n\t\t<\/section>\n\t\t\t\t<\/div>\n\t\t","protected":false},"excerpt":{"rendered":"<p>Descripci\u00f3n Collar de acero inoxidable de 50 cm Tipos \ud83c\udf19 Piedra Luna \u2013 Asociada a la intuici\u00f3n, la calma y los nuevos comienzos. Aporta equilibrio emocional<span class=\"excerpt-hellip\"> [\u2026]<\/span><\/p>\n","protected":false},"featured_media":3158,"template":"","meta":[],"product_brand":[],"product_cat":[224],"product_tag":[],"class_list":{"0":"post-3157","1":"product","2":"type-product","3":"status-publish","4":"has-post-thumbnail","6":"product_cat-joyas","8":"first","9":"instock","10":"shipping-taxable","11":"purchasable","12":"product-type-variable"},"yoast_head":"<!-- This site is optimized with the Yoast SEO plugin v23.9 - https:\/\/yoast.com\/wordpress\/plugins\/seo\/ -->\n<title>Collar Vesta - Gaya Essence<\/title>\n<meta name=\"robots\" content=\"index, follow, max-snippet:-1, max-image-preview:large, max-video-preview:-1\" \/>\n<link rel=\"canonical\" href=\"https:\/\/gayaessence.com\/index.php\/producto\/collar-vesta\/\" \/>\n<meta property=\"og:locale\" content=\"es_ES\" \/>\n<meta property=\"og:type\" content=\"article\" \/>\n<meta property=\"og:title\" content=\"Collar Vesta - Gaya Essence\" \/>\n<meta property=\"og:description\" content=\"Descripci\u00f3n Collar de acero inoxidable de 50 cm Tipos \ud83c\udf19 Piedra Luna \u2013 Asociada a la intuici\u00f3n, la calma y los nuevos comienzos. Aporta equilibrio emocional [\u2026]\" \/>\n<meta property=\"og:url\" content=\"https:\/\/gayaessence.com\/index.php\/producto\/collar-vesta\/\" \/>\n<meta property=\"og:site_name\" content=\"Gaya Essence\" \/>\n<meta property=\"article:modified_time\" content=\"2026-02-13T11:36:12+00:00\" \/>\n<meta property=\"og:image\" content=\"https:\/\/gayaessence.com\/wp-content\/uploads\/2025\/01\/Captura-de-pantalla-2025-01-07-a-las-10.03.09-1200x1162.png\" \/>\n\t<meta property=\"og:image:width\" content=\"1200\" \/>\n\t<meta property=\"og:image:height\" content=\"1162\" \/>\n\t<meta property=\"og:image:type\" content=\"image\/png\" \/>\n<meta name=\"twitter:card\" content=\"summary_large_image\" \/>\n<meta name=\"twitter:label1\" content=\"Tiempo de lectura\" \/>\n\t<meta name=\"twitter:data1\" content=\"2 minutos\" \/>\n<script type=\"application\/ld+json\" class=\"yoast-schema-graph\">{\"@context\":\"https:\/\/schema.org\",\"@graph\":[{\"@type\":\"WebPage\",\"@id\":\"https:\/\/gayaessence.com\/index.php\/producto\/collar-vesta\/\",\"url\":\"https:\/\/gayaessence.com\/index.php\/producto\/collar-vesta\/\",\"name\":\"Collar Vesta - Gaya Essence\",\"isPartOf\":{\"@id\":\"https:\/\/gayaessence.com\/#website\"},\"primaryImageOfPage\":{\"@id\":\"https:\/\/gayaessence.com\/index.php\/producto\/collar-vesta\/#primaryimage\"},\"image\":{\"@id\":\"https:\/\/gayaessence.com\/index.php\/producto\/collar-vesta\/#primaryimage\"},\"thumbnailUrl\":\"https:\/\/gayaessence.com\/wp-content\/uploads\/2025\/01\/Captura-de-pantalla-2025-01-07-a-las-10.03.09.png\",\"datePublished\":\"2025-01-09T10:54:24+00:00\",\"dateModified\":\"2026-02-13T11:36:12+00:00\",\"breadcrumb\":{\"@id\":\"https:\/\/gayaessence.com\/index.php\/producto\/collar-vesta\/#breadcrumb\"},\"inLanguage\":\"es\",\"potentialAction\":[{\"@type\":\"ReadAction\",\"target\":[\"https:\/\/gayaessence.com\/index.php\/producto\/collar-vesta\/\"]}]},{\"@type\":\"ImageObject\",\"inLanguage\":\"es\",\"@id\":\"https:\/\/gayaessence.com\/index.php\/producto\/collar-vesta\/#primaryimage\",\"url\":\"https:\/\/gayaessence.com\/wp-content\/uploads\/2025\/01\/Captura-de-pantalla-2025-01-07-a-las-10.03.09.png\",\"contentUrl\":\"https:\/\/gayaessence.com\/wp-content\/uploads\/2025\/01\/Captura-de-pantalla-2025-01-07-a-las-10.03.09.png\",\"width\":1456,\"height\":1410},{\"@type\":\"BreadcrumbList\",\"@id\":\"https:\/\/gayaessence.com\/index.php\/producto\/collar-vesta\/#breadcrumb\",\"itemListElement\":[{\"@type\":\"ListItem\",\"position\":1,\"name\":\"Portada\",\"item\":\"https:\/\/gayaessence.com\/\"},{\"@type\":\"ListItem\",\"position\":2,\"name\":\"Tienda\",\"item\":\"https:\/\/gayaessence.com\/index.php\/shop\/\"},{\"@type\":\"ListItem\",\"position\":3,\"name\":\"Collar Vesta\"}]},{\"@type\":\"WebSite\",\"@id\":\"https:\/\/gayaessence.com\/#website\",\"url\":\"https:\/\/gayaessence.com\/\",\"name\":\"Gaya Essence\",\"description\":\"Cuida, Protege y Eleva tu Vibraci\u00f3n\",\"publisher\":{\"@id\":\"https:\/\/gayaessence.com\/#organization\"},\"potentialAction\":[{\"@type\":\"SearchAction\",\"target\":{\"@type\":\"EntryPoint\",\"urlTemplate\":\"https:\/\/gayaessence.com\/?s={search_term_string}\"},\"query-input\":{\"@type\":\"PropertyValueSpecification\",\"valueRequired\":true,\"valueName\":\"search_term_string\"}}],\"inLanguage\":\"es\"},{\"@type\":\"Organization\",\"@id\":\"https:\/\/gayaessence.com\/#organization\",\"name\":\"Gaya Essence\",\"url\":\"https:\/\/gayaessence.com\/\",\"logo\":{\"@type\":\"ImageObject\",\"inLanguage\":\"es\",\"@id\":\"https:\/\/gayaessence.com\/#\/schema\/logo\/image\/\",\"url\":\"https:\/\/gayaessence.com\/wp-content\/uploads\/2024\/10\/cropped-logo-transp-1.png\",\"contentUrl\":\"https:\/\/gayaessence.com\/wp-content\/uploads\/2024\/10\/cropped-logo-transp-1.png\",\"width\":500,\"height\":196,\"caption\":\"Gaya Essence\"},\"image\":{\"@id\":\"https:\/\/gayaessence.com\/#\/schema\/logo\/image\/\"}}]}<\/script>\n<!-- \/ Yoast SEO plugin. -->","yoast_head_json":{"title":"Collar Vesta - Gaya Essence","robots":{"index":"index","follow":"follow","max-snippet":"max-snippet:-1","max-image-preview":"max-image-preview:large","max-video-preview":"max-video-preview:-1"},"canonical":"https:\/\/gayaessence.com\/index.php\/producto\/collar-vesta\/","og_locale":"es_ES","og_type":"article","og_title":"Collar Vesta - Gaya Essence","og_description":"Descripci\u00f3n Collar de acero inoxidable de 50 cm Tipos \ud83c\udf19 Piedra Luna \u2013 Asociada a la intuici\u00f3n, la calma y los nuevos comienzos. Aporta equilibrio emocional [\u2026]","og_url":"https:\/\/gayaessence.com\/index.php\/producto\/collar-vesta\/","og_site_name":"Gaya Essence","article_modified_time":"2026-02-13T11:36:12+00:00","og_image":[{"width":1200,"height":1162,"url":"https:\/\/gayaessence.com\/wp-content\/uploads\/2025\/01\/Captura-de-pantalla-2025-01-07-a-las-10.03.09-1200x1162.png","type":"image\/png"}],"twitter_card":"summary_large_image","twitter_misc":{"Tiempo de lectura":"2 minutos"},"schema":{"@context":"https:\/\/schema.org","@graph":[{"@type":"WebPage","@id":"https:\/\/gayaessence.com\/index.php\/producto\/collar-vesta\/","url":"https:\/\/gayaessence.com\/index.php\/producto\/collar-vesta\/","name":"Collar Vesta - Gaya Essence","isPartOf":{"@id":"https:\/\/gayaessence.com\/#website"},"primaryImageOfPage":{"@id":"https:\/\/gayaessence.com\/index.php\/producto\/collar-vesta\/#primaryimage"},"image":{"@id":"https:\/\/gayaessence.com\/index.php\/producto\/collar-vesta\/#primaryimage"},"thumbnailUrl":"https:\/\/gayaessence.com\/wp-content\/uploads\/2025\/01\/Captura-de-pantalla-2025-01-07-a-las-10.03.09.png","datePublished":"2025-01-09T10:54:24+00:00","dateModified":"2026-02-13T11:36:12+00:00","breadcrumb":{"@id":"https:\/\/gayaessence.com\/index.php\/producto\/collar-vesta\/#breadcrumb"},"inLanguage":"es","potentialAction":[{"@type":"ReadAction","target":["https:\/\/gayaessence.com\/index.php\/producto\/collar-vesta\/"]}]},{"@type":"ImageObject","inLanguage":"es","@id":"https:\/\/gayaessence.com\/index.php\/producto\/collar-vesta\/#primaryimage","url":"https:\/\/gayaessence.com\/wp-content\/uploads\/2025\/01\/Captura-de-pantalla-2025-01-07-a-las-10.03.09.png","contentUrl":"https:\/\/gayaessence.com\/wp-content\/uploads\/2025\/01\/Captura-de-pantalla-2025-01-07-a-las-10.03.09.png","width":1456,"height":1410},{"@type":"BreadcrumbList","@id":"https:\/\/gayaessence.com\/index.php\/producto\/collar-vesta\/#breadcrumb","itemListElement":[{"@type":"ListItem","position":1,"name":"Portada","item":"https:\/\/gayaessence.com\/"},{"@type":"ListItem","position":2,"name":"Tienda","item":"https:\/\/gayaessence.com\/index.php\/shop\/"},{"@type":"ListItem","position":3,"name":"Collar Vesta"}]},{"@type":"WebSite","@id":"https:\/\/gayaessence.com\/#website","url":"https:\/\/gayaessence.com\/","name":"Gaya Essence","description":"Cuida, Protege y Eleva tu Vibraci\u00f3n","publisher":{"@id":"https:\/\/gayaessence.com\/#organization"},"potentialAction":[{"@type":"SearchAction","target":{"@type":"EntryPoint","urlTemplate":"https:\/\/gayaessence.com\/?s={search_term_string}"},"query-input":{"@type":"PropertyValueSpecification","valueRequired":true,"valueName":"search_term_string"}}],"inLanguage":"es"},{"@type":"Organization","@id":"https:\/\/gayaessence.com\/#organization","name":"Gaya Essence","url":"https:\/\/gayaessence.com\/","logo":{"@type":"ImageObject","inLanguage":"es","@id":"https:\/\/gayaessence.com\/#\/schema\/logo\/image\/","url":"https:\/\/gayaessence.com\/wp-content\/uploads\/2024\/10\/cropped-logo-transp-1.png","contentUrl":"https:\/\/gayaessence.com\/wp-content\/uploads\/2024\/10\/cropped-logo-transp-1.png","width":500,"height":196,"caption":"Gaya Essence"},"image":{"@id":"https:\/\/gayaessence.com\/#\/schema\/logo\/image\/"}}]}},"jetpack_sharing_enabled":true,"_links":{"self":[{"href":"https:\/\/gayaessence.com\/index.php\/wp-json\/wp\/v2\/product\/3157","targetHints":{"allow":["GET"]}}],"collection":[{"href":"https:\/\/gayaessence.com\/index.php\/wp-json\/wp\/v2\/product"}],"about":[{"href":"https:\/\/gayaessence.com\/index.php\/wp-json\/wp\/v2\/types\/product"}],"version-history":[{"count":9,"href":"https:\/\/gayaessence.com\/index.php\/wp-json\/wp\/v2\/product\/3157\/revisions"}],"predecessor-version":[{"id":5256,"href":"https:\/\/gayaessence.com\/index.php\/wp-json\/wp\/v2\/product\/3157\/revisions\/5256"}],"wp:featuredmedia":[{"embeddable":true,"href":"https:\/\/gayaessence.com\/index.php\/wp-json\/wp\/v2\/media\/3158"}],"wp:attachment":[{"href":"https:\/\/gayaessence.com\/index.php\/wp-json\/wp\/v2\/media?parent=3157"}],"wp:term":[{"taxonomy":"product_brand","embeddable":true,"href":"https:\/\/gayaessence.com\/index.php\/wp-json\/wp\/v2\/product_brand?post=3157"},{"taxonomy":"product_cat","embeddable":true,"href":"https:\/\/gayaessence.com\/index.php\/wp-json\/wp\/v2\/product_cat?post=3157"},{"taxonomy":"product_tag","embeddable":true,"href":"https:\/\/gayaessence.com\/index.php\/wp-json\/wp\/v2\/product_tag?post=3157"}],"curies":[{"name":"wp","href":"https:\/\/api.w.org\/{rel}","templated":true}]}}