{"id":3146,"date":"2025-01-09T10:37:18","date_gmt":"2025-01-09T10:37:18","guid":{"rendered":"https:\/\/gayaessence.com\/?post_type=product&#038;p=3146"},"modified":"2025-12-24T10:17:38","modified_gmt":"2025-12-24T10:17:38","slug":"anillo-luna","status":"publish","type":"product","link":"https:\/\/gayaessence.com\/index.php\/producto\/anillo-luna\/","title":{"rendered":"Anillo Luna"},"content":{"rendered":"\t\t<div data-elementor-type=\"wp-post\" data-elementor-id=\"3146\" class=\"elementor elementor-3146\">\n\t\t\t\t\t\t<section class=\"elementor-section elementor-top-section elementor-element elementor-element-ba79a43 elementor-section-boxed elementor-section-height-default elementor-section-height-default\" data-id=\"ba79a43\" data-element_type=\"section\">\n\t\t\t\t\t\t<div class=\"elementor-container elementor-column-gap-default\">\n\t\t\t\t\t<div class=\"elementor-column elementor-col-100 elementor-top-column elementor-element elementor-element-183df69\" data-id=\"183df69\" data-element_type=\"column\">\n\t\t\t<div class=\"elementor-widget-wrap elementor-element-populated\">\n\t\t\t\t\t\t<section class=\"elementor-section elementor-inner-section elementor-element elementor-element-f5dfea0 elementor-section-boxed elementor-section-height-default elementor-section-height-default\" data-id=\"f5dfea0\" data-element_type=\"section\">\n\t\t\t\t\t\t<div class=\"elementor-container elementor-column-gap-default\">\n\t\t\t\t\t<div class=\"elementor-column elementor-col-50 elementor-inner-column elementor-element elementor-element-a5c31cf\" data-id=\"a5c31cf\" data-element_type=\"column\">\n\t\t\t<div class=\"elementor-widget-wrap elementor-element-populated\">\n\t\t\t\t\t\t<div class=\"elementor-element elementor-element-88efd13 elementor-widget elementor-widget-heading\" data-id=\"88efd13\" data-element_type=\"widget\" data-widget_type=\"heading.default\">\n\t\t\t\t<div class=\"elementor-widget-container\">\n\t\t\t<h3 class=\"elementor-heading-title elementor-size-default\">Descripci\u00f3n<\/h3>\t\t<\/div>\n\t\t\t\t<\/div>\n\t\t\t\t<div class=\"elementor-element elementor-element-d4da46a elementor-widget elementor-widget-text-editor\" data-id=\"d4da46a\" data-element_type=\"widget\" data-widget_type=\"text-editor.default\">\n\t\t\t\t<div class=\"elementor-widget-container\">\n\t\t\t\t\t\t\t<p>Anillo ajustable en <strong data-start=\"188\" data-end=\"238\">lat\u00f3n chapado en oro de 18 quilates (2 micras)<\/strong>, dise\u00f1ado con una <strong data-start=\"257\" data-end=\"282\">piedra lunar arco\u00edris<\/strong> tallada en forma de <strong data-start=\"303\" data-end=\"316\">luna lisa<\/strong>. La banda presenta un acabado <strong data-start=\"347\" data-end=\"361\">martillado<\/strong>, lo que le da un estilo artesanal y aut\u00e9ntico.<br data-start=\"408\" data-end=\"411\" \/>Se ajusta c\u00f3modamente de la <strong data-start=\"439\" data-end=\"459\">talla 54 a la 60<\/strong>.<\/p>\t\t\t\t\t\t<\/div>\n\t\t\t\t<\/div>\n\t\t\t\t<div class=\"elementor-element elementor-element-4ebfd10 elementor-widget elementor-widget-heading\" data-id=\"4ebfd10\" data-element_type=\"widget\" data-widget_type=\"heading.default\">\n\t\t\t\t<div class=\"elementor-widget-container\">\n\t\t\t<h3 class=\"elementor-heading-title elementor-size-default\">Tipos<\/h3>\t\t<\/div>\n\t\t\t\t<\/div>\n\t\t\t\t<div class=\"elementor-element elementor-element-150fcab elementor-widget elementor-widget-text-editor\" data-id=\"150fcab\" data-element_type=\"widget\" data-widget_type=\"text-editor.default\">\n\t\t\t\t<div class=\"elementor-widget-container\">\n\t\t\t\t\t\t\t<p data-start=\"697\" data-end=\"727\">\ud83c\udf19 <strong data-start=\"700\" data-end=\"725\">Piedra lunar arco\u00edris<\/strong><\/p><ul data-start=\"728\" data-end=\"978\"><li data-start=\"728\" data-end=\"764\"><p data-start=\"730\" data-end=\"764\">Se alinea con los ciclos lunares<\/p><\/li><li data-start=\"765\" data-end=\"812\"><p data-start=\"767\" data-end=\"812\">Refuerza la intuici\u00f3n y la energ\u00eda femenina<\/p><\/li><li data-start=\"813\" data-end=\"844\"><p data-start=\"815\" data-end=\"844\">Aporta equilibrio emocional<\/p><\/li><li data-start=\"845\" data-end=\"874\"><p data-start=\"847\" data-end=\"874\">Favorece nuevos comienzos<\/p><\/li><li data-start=\"875\" data-end=\"950\"><p data-start=\"877\" data-end=\"950\">Apoya la fertilidad en un sentido amplio (creatividad, proyectos, vida)<\/p><\/li><li data-start=\"951\" data-end=\"978\"><p data-start=\"953\" data-end=\"978\">Transmite calma y confort<\/p><\/li><\/ul><p data-start=\"980\" data-end=\"1007\">\ud83c\udf15 <strong data-start=\"983\" data-end=\"1005\">S\u00edmbolo de la Luna<\/strong><\/p><ul data-start=\"1008\" data-end=\"1156\"><li data-start=\"1008\" data-end=\"1060\"><p data-start=\"1010\" data-end=\"1060\">Representa la aceptaci\u00f3n de los ciclos naturales<\/p><\/li><li data-start=\"1061\" data-end=\"1095\"><p data-start=\"1063\" data-end=\"1095\">Honra lo femenino y lo sagrado<\/p><\/li><li data-start=\"1096\" data-end=\"1156\"><p data-start=\"1098\" data-end=\"1156\">Recuerda que es natural cambiar, evolucionar y renovarse<\/p><\/li><\/ul><p data-start=\"1158\" data-end=\"1248\">Un anillo que combina simbolismo, energ\u00eda y dise\u00f1o para acompa\u00f1arte en tus propios ciclos.<\/p>\t\t\t\t\t\t<\/div>\n\t\t\t\t<\/div>\n\t\t\t\t<div class=\"elementor-element elementor-element-92f8e29 elementor-widget elementor-widget-heading\" data-id=\"92f8e29\" data-element_type=\"widget\" data-widget_type=\"heading.default\">\n\t\t\t\t<div class=\"elementor-widget-container\">\n\t\t\t<h3 class=\"elementor-heading-title elementor-size-default\">Nota importante<\/h3>\t\t<\/div>\n\t\t\t\t<\/div>\n\t\t\t\t<div class=\"elementor-element elementor-element-783f46a elementor-widget elementor-widget-text-editor\" data-id=\"783f46a\" data-element_type=\"widget\" data-widget_type=\"text-editor.default\">\n\t\t\t\t<div class=\"elementor-widget-container\">\n\t\t\t\t\t\t\t<p>Cada una de estas joyas con cristales est\u00e1 hecha con piedras naturales, por lo que cada pieza es \u00fanica. Esto significa que los colores, formas y matices pueden variar ligeramente con respecto a la imagen. \u00a1As\u00ed cada joya ser\u00e1 tan especial como t\u00fa!<\/p>\t\t\t\t\t\t<\/div>\n\t\t\t\t<\/div>\n\t\t\t\t\t<\/div>\n\t\t<\/div>\n\t\t\t\t<div class=\"elementor-column elementor-col-50 elementor-inner-column elementor-element elementor-element-a967996\" data-id=\"a967996\" data-element_type=\"column\">\n\t\t\t<div class=\"elementor-widget-wrap elementor-element-populated\">\n\t\t\t\t\t\t<div class=\"elementor-element elementor-element-38791ca elementor-widget elementor-widget-image\" data-id=\"38791ca\" data-element_type=\"widget\" data-widget_type=\"image.default\">\n\t\t\t\t<div class=\"elementor-widget-container\">\n\t\t\t\t\t\t\t\t\t\t\t\t\t<img fetchpriority=\"high\" decoding=\"async\" width=\"1200\" height=\"1144\" src=\"https:\/\/gayaessence.com\/wp-content\/uploads\/2025\/01\/Captura-de-pantalla-2025-12-11-a-las-20.48.25-2-1200x1144.png\" class=\"attachment-large size-large wp-image-4943\" alt=\"\" srcset=\"https:\/\/gayaessence.com\/wp-content\/uploads\/2025\/01\/Captura-de-pantalla-2025-12-11-a-las-20.48.25-2-1200x1144.png 1200w, https:\/\/gayaessence.com\/wp-content\/uploads\/2025\/01\/Captura-de-pantalla-2025-12-11-a-las-20.48.25-2-500x477.png 500w, https:\/\/gayaessence.com\/wp-content\/uploads\/2025\/01\/Captura-de-pantalla-2025-12-11-a-las-20.48.25-2-300x286.png 300w, https:\/\/gayaessence.com\/wp-content\/uploads\/2025\/01\/Captura-de-pantalla-2025-12-11-a-las-20.48.25-2-768x732.png 768w, https:\/\/gayaessence.com\/wp-content\/uploads\/2025\/01\/Captura-de-pantalla-2025-12-11-a-las-20.48.25-2-79x75.png 79w, https:\/\/gayaessence.com\/wp-content\/uploads\/2025\/01\/Captura-de-pantalla-2025-12-11-a-las-20.48.25-2-480x458.png 480w, https:\/\/gayaessence.com\/wp-content\/uploads\/2025\/01\/Captura-de-pantalla-2025-12-11-a-las-20.48.25-2-800x763.png 800w, https:\/\/gayaessence.com\/wp-content\/uploads\/2025\/01\/Captura-de-pantalla-2025-12-11-a-las-20.48.25-2.png 1508w\" sizes=\"(max-width:767px) 480px, (max-width:1200px) 100vw, 1200px\" \/>\t\t\t\t\t\t\t\t\t\t\t\t\t<\/div>\n\t\t\t\t<\/div>\n\t\t\t\t\t<\/div>\n\t\t<\/div>\n\t\t\t\t\t<\/div>\n\t\t<\/section>\n\t\t\t\t\t<\/div>\n\t\t<\/div>\n\t\t\t\t\t<\/div>\n\t\t<\/section>\n\t\t\t\t<\/div>\n\t\t","protected":false},"excerpt":{"rendered":"<p>Descripci\u00f3n Anillo ajustable en lat\u00f3n chapado en oro de 18 quilates (2 micras), dise\u00f1ado con una piedra lunar arco\u00edris tallada en forma de luna lisa. La<span class=\"excerpt-hellip\"> [\u2026]<\/span><\/p>\n","protected":false},"featured_media":4943,"template":"","meta":[],"product_brand":[],"product_cat":[224],"product_tag":[],"class_list":{"0":"post-3146","1":"product","2":"type-product","3":"status-publish","4":"has-post-thumbnail","6":"product_cat-joyas","8":"first","9":"outofstock","10":"shipping-taxable","11":"purchasable","12":"product-type-simple"},"yoast_head":"<!-- This site is optimized with the Yoast SEO plugin v23.9 - https:\/\/yoast.com\/wordpress\/plugins\/seo\/ -->\n<title>Anillo Luna - Gaya Essence<\/title>\n<meta name=\"robots\" content=\"index, follow, max-snippet:-1, max-image-preview:large, max-video-preview:-1\" \/>\n<link rel=\"canonical\" href=\"https:\/\/gayaessence.com\/index.php\/producto\/anillo-luna\/\" \/>\n<meta property=\"og:locale\" content=\"es_ES\" \/>\n<meta property=\"og:type\" content=\"article\" \/>\n<meta property=\"og:title\" content=\"Anillo Luna - Gaya Essence\" \/>\n<meta property=\"og:description\" content=\"Descripci\u00f3n Anillo ajustable en lat\u00f3n chapado en oro de 18 quilates (2 micras), dise\u00f1ado con una piedra lunar arco\u00edris tallada en forma de luna lisa. La [\u2026]\" \/>\n<meta property=\"og:url\" content=\"https:\/\/gayaessence.com\/index.php\/producto\/anillo-luna\/\" \/>\n<meta property=\"og:site_name\" content=\"Gaya Essence\" \/>\n<meta property=\"article:modified_time\" content=\"2025-12-24T10:17:38+00:00\" \/>\n<meta property=\"og:image\" content=\"https:\/\/gayaessence.com\/wp-content\/uploads\/2025\/01\/Captura-de-pantalla-2025-12-11-a-las-20.48.25-2.png\" \/>\n\t<meta property=\"og:image:width\" content=\"1508\" \/>\n\t<meta property=\"og:image:height\" content=\"1438\" \/>\n\t<meta property=\"og:image:type\" content=\"image\/png\" \/>\n<meta name=\"twitter:card\" content=\"summary_large_image\" \/>\n<meta name=\"twitter:label1\" content=\"Tiempo de lectura\" \/>\n\t<meta name=\"twitter:data1\" content=\"2 minutos\" \/>\n<script type=\"application\/ld+json\" class=\"yoast-schema-graph\">{\"@context\":\"https:\/\/schema.org\",\"@graph\":[{\"@type\":\"WebPage\",\"@id\":\"https:\/\/gayaessence.com\/index.php\/producto\/anillo-luna\/\",\"url\":\"https:\/\/gayaessence.com\/index.php\/producto\/anillo-luna\/\",\"name\":\"Anillo Luna - Gaya Essence\",\"isPartOf\":{\"@id\":\"https:\/\/gayaessence.com\/#website\"},\"primaryImageOfPage\":{\"@id\":\"https:\/\/gayaessence.com\/index.php\/producto\/anillo-luna\/#primaryimage\"},\"image\":{\"@id\":\"https:\/\/gayaessence.com\/index.php\/producto\/anillo-luna\/#primaryimage\"},\"thumbnailUrl\":\"https:\/\/gayaessence.com\/wp-content\/uploads\/2025\/01\/Captura-de-pantalla-2025-12-11-a-las-20.48.25-2.png\",\"datePublished\":\"2025-01-09T10:37:18+00:00\",\"dateModified\":\"2025-12-24T10:17:38+00:00\",\"breadcrumb\":{\"@id\":\"https:\/\/gayaessence.com\/index.php\/producto\/anillo-luna\/#breadcrumb\"},\"inLanguage\":\"es\",\"potentialAction\":[{\"@type\":\"ReadAction\",\"target\":[\"https:\/\/gayaessence.com\/index.php\/producto\/anillo-luna\/\"]}]},{\"@type\":\"ImageObject\",\"inLanguage\":\"es\",\"@id\":\"https:\/\/gayaessence.com\/index.php\/producto\/anillo-luna\/#primaryimage\",\"url\":\"https:\/\/gayaessence.com\/wp-content\/uploads\/2025\/01\/Captura-de-pantalla-2025-12-11-a-las-20.48.25-2.png\",\"contentUrl\":\"https:\/\/gayaessence.com\/wp-content\/uploads\/2025\/01\/Captura-de-pantalla-2025-12-11-a-las-20.48.25-2.png\",\"width\":1508,\"height\":1438},{\"@type\":\"BreadcrumbList\",\"@id\":\"https:\/\/gayaessence.com\/index.php\/producto\/anillo-luna\/#breadcrumb\",\"itemListElement\":[{\"@type\":\"ListItem\",\"position\":1,\"name\":\"Portada\",\"item\":\"https:\/\/gayaessence.com\/\"},{\"@type\":\"ListItem\",\"position\":2,\"name\":\"Tienda\",\"item\":\"https:\/\/gayaessence.com\/index.php\/shop\/\"},{\"@type\":\"ListItem\",\"position\":3,\"name\":\"Anillo Luna\"}]},{\"@type\":\"WebSite\",\"@id\":\"https:\/\/gayaessence.com\/#website\",\"url\":\"https:\/\/gayaessence.com\/\",\"name\":\"Gaya Essence\",\"description\":\"Cuida, Protege y Eleva tu Vibraci\u00f3n\",\"publisher\":{\"@id\":\"https:\/\/gayaessence.com\/#organization\"},\"potentialAction\":[{\"@type\":\"SearchAction\",\"target\":{\"@type\":\"EntryPoint\",\"urlTemplate\":\"https:\/\/gayaessence.com\/?s={search_term_string}\"},\"query-input\":{\"@type\":\"PropertyValueSpecification\",\"valueRequired\":true,\"valueName\":\"search_term_string\"}}],\"inLanguage\":\"es\"},{\"@type\":\"Organization\",\"@id\":\"https:\/\/gayaessence.com\/#organization\",\"name\":\"Gaya Essence\",\"url\":\"https:\/\/gayaessence.com\/\",\"logo\":{\"@type\":\"ImageObject\",\"inLanguage\":\"es\",\"@id\":\"https:\/\/gayaessence.com\/#\/schema\/logo\/image\/\",\"url\":\"https:\/\/gayaessence.com\/wp-content\/uploads\/2024\/10\/cropped-logo-transp-1.png\",\"contentUrl\":\"https:\/\/gayaessence.com\/wp-content\/uploads\/2024\/10\/cropped-logo-transp-1.png\",\"width\":500,\"height\":196,\"caption\":\"Gaya Essence\"},\"image\":{\"@id\":\"https:\/\/gayaessence.com\/#\/schema\/logo\/image\/\"}}]}<\/script>\n<!-- \/ Yoast SEO plugin. -->","yoast_head_json":{"title":"Anillo Luna - Gaya Essence","robots":{"index":"index","follow":"follow","max-snippet":"max-snippet:-1","max-image-preview":"max-image-preview:large","max-video-preview":"max-video-preview:-1"},"canonical":"https:\/\/gayaessence.com\/index.php\/producto\/anillo-luna\/","og_locale":"es_ES","og_type":"article","og_title":"Anillo Luna - Gaya Essence","og_description":"Descripci\u00f3n Anillo ajustable en lat\u00f3n chapado en oro de 18 quilates (2 micras), dise\u00f1ado con una piedra lunar arco\u00edris tallada en forma de luna lisa. La [\u2026]","og_url":"https:\/\/gayaessence.com\/index.php\/producto\/anillo-luna\/","og_site_name":"Gaya Essence","article_modified_time":"2025-12-24T10:17:38+00:00","og_image":[{"width":1508,"height":1438,"url":"https:\/\/gayaessence.com\/wp-content\/uploads\/2025\/01\/Captura-de-pantalla-2025-12-11-a-las-20.48.25-2.png","type":"image\/png"}],"twitter_card":"summary_large_image","twitter_misc":{"Tiempo de lectura":"2 minutos"},"schema":{"@context":"https:\/\/schema.org","@graph":[{"@type":"WebPage","@id":"https:\/\/gayaessence.com\/index.php\/producto\/anillo-luna\/","url":"https:\/\/gayaessence.com\/index.php\/producto\/anillo-luna\/","name":"Anillo Luna - Gaya Essence","isPartOf":{"@id":"https:\/\/gayaessence.com\/#website"},"primaryImageOfPage":{"@id":"https:\/\/gayaessence.com\/index.php\/producto\/anillo-luna\/#primaryimage"},"image":{"@id":"https:\/\/gayaessence.com\/index.php\/producto\/anillo-luna\/#primaryimage"},"thumbnailUrl":"https:\/\/gayaessence.com\/wp-content\/uploads\/2025\/01\/Captura-de-pantalla-2025-12-11-a-las-20.48.25-2.png","datePublished":"2025-01-09T10:37:18+00:00","dateModified":"2025-12-24T10:17:38+00:00","breadcrumb":{"@id":"https:\/\/gayaessence.com\/index.php\/producto\/anillo-luna\/#breadcrumb"},"inLanguage":"es","potentialAction":[{"@type":"ReadAction","target":["https:\/\/gayaessence.com\/index.php\/producto\/anillo-luna\/"]}]},{"@type":"ImageObject","inLanguage":"es","@id":"https:\/\/gayaessence.com\/index.php\/producto\/anillo-luna\/#primaryimage","url":"https:\/\/gayaessence.com\/wp-content\/uploads\/2025\/01\/Captura-de-pantalla-2025-12-11-a-las-20.48.25-2.png","contentUrl":"https:\/\/gayaessence.com\/wp-content\/uploads\/2025\/01\/Captura-de-pantalla-2025-12-11-a-las-20.48.25-2.png","width":1508,"height":1438},{"@type":"BreadcrumbList","@id":"https:\/\/gayaessence.com\/index.php\/producto\/anillo-luna\/#breadcrumb","itemListElement":[{"@type":"ListItem","position":1,"name":"Portada","item":"https:\/\/gayaessence.com\/"},{"@type":"ListItem","position":2,"name":"Tienda","item":"https:\/\/gayaessence.com\/index.php\/shop\/"},{"@type":"ListItem","position":3,"name":"Anillo Luna"}]},{"@type":"WebSite","@id":"https:\/\/gayaessence.com\/#website","url":"https:\/\/gayaessence.com\/","name":"Gaya Essence","description":"Cuida, Protege y Eleva tu Vibraci\u00f3n","publisher":{"@id":"https:\/\/gayaessence.com\/#organization"},"potentialAction":[{"@type":"SearchAction","target":{"@type":"EntryPoint","urlTemplate":"https:\/\/gayaessence.com\/?s={search_term_string}"},"query-input":{"@type":"PropertyValueSpecification","valueRequired":true,"valueName":"search_term_string"}}],"inLanguage":"es"},{"@type":"Organization","@id":"https:\/\/gayaessence.com\/#organization","name":"Gaya Essence","url":"https:\/\/gayaessence.com\/","logo":{"@type":"ImageObject","inLanguage":"es","@id":"https:\/\/gayaessence.com\/#\/schema\/logo\/image\/","url":"https:\/\/gayaessence.com\/wp-content\/uploads\/2024\/10\/cropped-logo-transp-1.png","contentUrl":"https:\/\/gayaessence.com\/wp-content\/uploads\/2024\/10\/cropped-logo-transp-1.png","width":500,"height":196,"caption":"Gaya Essence"},"image":{"@id":"https:\/\/gayaessence.com\/#\/schema\/logo\/image\/"}}]}},"jetpack_sharing_enabled":true,"_links":{"self":[{"href":"https:\/\/gayaessence.com\/index.php\/wp-json\/wp\/v2\/product\/3146","targetHints":{"allow":["GET"]}}],"collection":[{"href":"https:\/\/gayaessence.com\/index.php\/wp-json\/wp\/v2\/product"}],"about":[{"href":"https:\/\/gayaessence.com\/index.php\/wp-json\/wp\/v2\/types\/product"}],"version-history":[{"count":5,"href":"https:\/\/gayaessence.com\/index.php\/wp-json\/wp\/v2\/product\/3146\/revisions"}],"predecessor-version":[{"id":4947,"href":"https:\/\/gayaessence.com\/index.php\/wp-json\/wp\/v2\/product\/3146\/revisions\/4947"}],"wp:featuredmedia":[{"embeddable":true,"href":"https:\/\/gayaessence.com\/index.php\/wp-json\/wp\/v2\/media\/4943"}],"wp:attachment":[{"href":"https:\/\/gayaessence.com\/index.php\/wp-json\/wp\/v2\/media?parent=3146"}],"wp:term":[{"taxonomy":"product_brand","embeddable":true,"href":"https:\/\/gayaessence.com\/index.php\/wp-json\/wp\/v2\/product_brand?post=3146"},{"taxonomy":"product_cat","embeddable":true,"href":"https:\/\/gayaessence.com\/index.php\/wp-json\/wp\/v2\/product_cat?post=3146"},{"taxonomy":"product_tag","embeddable":true,"href":"https:\/\/gayaessence.com\/index.php\/wp-json\/wp\/v2\/product_tag?post=3146"}],"curies":[{"name":"wp","href":"https:\/\/api.w.org\/{rel}","templated":true}]}}