{"id":3134,"date":"2025-01-09T10:13:51","date_gmt":"2025-01-09T10:13:51","guid":{"rendered":"https:\/\/gayaessence.com\/?post_type=product&#038;p=3134"},"modified":"2025-10-01T08:59:44","modified_gmt":"2025-10-01T08:59:44","slug":"anillo-aura","status":"publish","type":"product","link":"https:\/\/gayaessence.com\/index.php\/producto\/anillo-aura\/","title":{"rendered":"Anillo Aura"},"content":{"rendered":"<h3>Descripci\u00f3n<\/h3>\n<p>Anillo ba\u00f1ado en oro de 2 micras con un hermoso efecto martillado. Su dise\u00f1o ajustable permite adaptarse a tallas desde la 54 hasta la 60<span style=\"font-weight: 400\">. <\/span><\/p>\n<h3>Tipos<\/h3>\n<ul>\n<li dir=\"ltr\">\u00a0<b>Piedra Luna<\/b><span style=\"font-weight: 400\">: Esta piedra se asocia con la intuici\u00f3n, la calma y la conexi\u00f3n con las energ\u00edas femeninas. Se cree que la piedra luna ayuda a equilibrar las emociones y a promover la paz interior.<\/span><\/li>\n<li dir=\"ltr\"><b>Labradorita<\/b><span style=\"font-weight: 400\">: Considerada un poderoso amuleto de protecci\u00f3n, la labradorita fomenta la intuici\u00f3n y el crecimiento personal. Con su iridiscencia \u00fanica, se vincula con la magia y la transformaci\u00f3n.<\/span><\/li>\n<\/ul>\n<h3>Nota importante<\/h3>\n<p>Cada una de nuestras joyas con cristales est\u00e1 hecha con piedras naturales, por lo que cada pieza es \u00fanica. Esto significa que los colores, formas y matices pueden variar ligeramente con respecto a la imagen. \u00a1As\u00ed cada joya ser\u00e1 tan especial como t\u00fa!<\/p>\n<p>&nbsp;<\/p>\n","protected":false},"excerpt":{"rendered":"<p>Descripci\u00f3n Anillo ba\u00f1ado en oro de 2 micras con un hermoso efecto martillado. Su dise\u00f1o ajustable permite adaptarse a tallas desde la 54 hasta la 60.<span class=\"excerpt-hellip\"> [\u2026]<\/span><\/p>\n","protected":false},"featured_media":3139,"template":"","meta":[],"product_brand":[],"product_cat":[224],"product_tag":[],"class_list":{"0":"post-3134","1":"product","2":"type-product","3":"status-publish","4":"has-post-thumbnail","6":"product_cat-joyas","8":"first","9":"instock","10":"shipping-taxable","11":"purchasable","12":"product-type-variable"},"yoast_head":"<!-- This site is optimized with the Yoast SEO plugin v23.9 - https:\/\/yoast.com\/wordpress\/plugins\/seo\/ -->\n<title>Anillo Aura - Gaya Essence<\/title>\n<meta name=\"robots\" content=\"index, follow, max-snippet:-1, max-image-preview:large, max-video-preview:-1\" \/>\n<link rel=\"canonical\" href=\"https:\/\/gayaessence.com\/index.php\/producto\/anillo-aura\/\" \/>\n<meta property=\"og:locale\" content=\"es_ES\" \/>\n<meta property=\"og:type\" content=\"article\" \/>\n<meta property=\"og:title\" content=\"Anillo Aura - Gaya Essence\" \/>\n<meta property=\"og:description\" content=\"Descripci\u00f3n Anillo ba\u00f1ado en oro de 2 micras con un hermoso efecto martillado. Su dise\u00f1o ajustable permite adaptarse a tallas desde la 54 hasta la 60. [\u2026]\" \/>\n<meta property=\"og:url\" content=\"https:\/\/gayaessence.com\/index.php\/producto\/anillo-aura\/\" \/>\n<meta property=\"og:site_name\" content=\"Gaya Essence\" \/>\n<meta property=\"article:modified_time\" content=\"2025-10-01T08:59:44+00:00\" \/>\n<meta property=\"og:image\" content=\"https:\/\/gayaessence.com\/wp-content\/uploads\/2025\/01\/Captura-de-pantalla-2025-01-07-a-las-9.56.26-1-1129x1200.png\" \/>\n\t<meta property=\"og:image:width\" content=\"1129\" \/>\n\t<meta property=\"og:image:height\" content=\"1200\" \/>\n\t<meta property=\"og:image:type\" content=\"image\/png\" \/>\n<meta name=\"twitter:card\" content=\"summary_large_image\" \/>\n<meta name=\"twitter:label1\" content=\"Tiempo de lectura\" \/>\n\t<meta name=\"twitter:data1\" content=\"1 minuto\" \/>\n<script type=\"application\/ld+json\" class=\"yoast-schema-graph\">{\"@context\":\"https:\/\/schema.org\",\"@graph\":[{\"@type\":\"WebPage\",\"@id\":\"https:\/\/gayaessence.com\/index.php\/producto\/anillo-aura\/\",\"url\":\"https:\/\/gayaessence.com\/index.php\/producto\/anillo-aura\/\",\"name\":\"Anillo Aura - Gaya Essence\",\"isPartOf\":{\"@id\":\"https:\/\/gayaessence.com\/#website\"},\"primaryImageOfPage\":{\"@id\":\"https:\/\/gayaessence.com\/index.php\/producto\/anillo-aura\/#primaryimage\"},\"image\":{\"@id\":\"https:\/\/gayaessence.com\/index.php\/producto\/anillo-aura\/#primaryimage\"},\"thumbnailUrl\":\"https:\/\/gayaessence.com\/wp-content\/uploads\/2025\/01\/Captura-de-pantalla-2025-01-07-a-las-9.56.26-1.png\",\"datePublished\":\"2025-01-09T10:13:51+00:00\",\"dateModified\":\"2025-10-01T08:59:44+00:00\",\"breadcrumb\":{\"@id\":\"https:\/\/gayaessence.com\/index.php\/producto\/anillo-aura\/#breadcrumb\"},\"inLanguage\":\"es\",\"potentialAction\":[{\"@type\":\"ReadAction\",\"target\":[\"https:\/\/gayaessence.com\/index.php\/producto\/anillo-aura\/\"]}]},{\"@type\":\"ImageObject\",\"inLanguage\":\"es\",\"@id\":\"https:\/\/gayaessence.com\/index.php\/producto\/anillo-aura\/#primaryimage\",\"url\":\"https:\/\/gayaessence.com\/wp-content\/uploads\/2025\/01\/Captura-de-pantalla-2025-01-07-a-las-9.56.26-1.png\",\"contentUrl\":\"https:\/\/gayaessence.com\/wp-content\/uploads\/2025\/01\/Captura-de-pantalla-2025-01-07-a-las-9.56.26-1.png\",\"width\":1306,\"height\":1388},{\"@type\":\"BreadcrumbList\",\"@id\":\"https:\/\/gayaessence.com\/index.php\/producto\/anillo-aura\/#breadcrumb\",\"itemListElement\":[{\"@type\":\"ListItem\",\"position\":1,\"name\":\"Portada\",\"item\":\"https:\/\/gayaessence.com\/\"},{\"@type\":\"ListItem\",\"position\":2,\"name\":\"Tienda\",\"item\":\"https:\/\/gayaessence.com\/index.php\/shop\/\"},{\"@type\":\"ListItem\",\"position\":3,\"name\":\"Anillo Aura\"}]},{\"@type\":\"WebSite\",\"@id\":\"https:\/\/gayaessence.com\/#website\",\"url\":\"https:\/\/gayaessence.com\/\",\"name\":\"Gaya Essence\",\"description\":\"Cuida, Protege y Eleva tu Vibraci\u00f3n\",\"publisher\":{\"@id\":\"https:\/\/gayaessence.com\/#organization\"},\"potentialAction\":[{\"@type\":\"SearchAction\",\"target\":{\"@type\":\"EntryPoint\",\"urlTemplate\":\"https:\/\/gayaessence.com\/?s={search_term_string}\"},\"query-input\":{\"@type\":\"PropertyValueSpecification\",\"valueRequired\":true,\"valueName\":\"search_term_string\"}}],\"inLanguage\":\"es\"},{\"@type\":\"Organization\",\"@id\":\"https:\/\/gayaessence.com\/#organization\",\"name\":\"Gaya Essence\",\"url\":\"https:\/\/gayaessence.com\/\",\"logo\":{\"@type\":\"ImageObject\",\"inLanguage\":\"es\",\"@id\":\"https:\/\/gayaessence.com\/#\/schema\/logo\/image\/\",\"url\":\"https:\/\/gayaessence.com\/wp-content\/uploads\/2024\/10\/cropped-logo-transp-1.png\",\"contentUrl\":\"https:\/\/gayaessence.com\/wp-content\/uploads\/2024\/10\/cropped-logo-transp-1.png\",\"width\":500,\"height\":196,\"caption\":\"Gaya Essence\"},\"image\":{\"@id\":\"https:\/\/gayaessence.com\/#\/schema\/logo\/image\/\"}}]}<\/script>\n<!-- \/ Yoast SEO plugin. -->","yoast_head_json":{"title":"Anillo Aura - Gaya Essence","robots":{"index":"index","follow":"follow","max-snippet":"max-snippet:-1","max-image-preview":"max-image-preview:large","max-video-preview":"max-video-preview:-1"},"canonical":"https:\/\/gayaessence.com\/index.php\/producto\/anillo-aura\/","og_locale":"es_ES","og_type":"article","og_title":"Anillo Aura - Gaya Essence","og_description":"Descripci\u00f3n Anillo ba\u00f1ado en oro de 2 micras con un hermoso efecto martillado. Su dise\u00f1o ajustable permite adaptarse a tallas desde la 54 hasta la 60. [\u2026]","og_url":"https:\/\/gayaessence.com\/index.php\/producto\/anillo-aura\/","og_site_name":"Gaya Essence","article_modified_time":"2025-10-01T08:59:44+00:00","og_image":[{"width":1129,"height":1200,"url":"https:\/\/gayaessence.com\/wp-content\/uploads\/2025\/01\/Captura-de-pantalla-2025-01-07-a-las-9.56.26-1-1129x1200.png","type":"image\/png"}],"twitter_card":"summary_large_image","twitter_misc":{"Tiempo de lectura":"1 minuto"},"schema":{"@context":"https:\/\/schema.org","@graph":[{"@type":"WebPage","@id":"https:\/\/gayaessence.com\/index.php\/producto\/anillo-aura\/","url":"https:\/\/gayaessence.com\/index.php\/producto\/anillo-aura\/","name":"Anillo Aura - Gaya Essence","isPartOf":{"@id":"https:\/\/gayaessence.com\/#website"},"primaryImageOfPage":{"@id":"https:\/\/gayaessence.com\/index.php\/producto\/anillo-aura\/#primaryimage"},"image":{"@id":"https:\/\/gayaessence.com\/index.php\/producto\/anillo-aura\/#primaryimage"},"thumbnailUrl":"https:\/\/gayaessence.com\/wp-content\/uploads\/2025\/01\/Captura-de-pantalla-2025-01-07-a-las-9.56.26-1.png","datePublished":"2025-01-09T10:13:51+00:00","dateModified":"2025-10-01T08:59:44+00:00","breadcrumb":{"@id":"https:\/\/gayaessence.com\/index.php\/producto\/anillo-aura\/#breadcrumb"},"inLanguage":"es","potentialAction":[{"@type":"ReadAction","target":["https:\/\/gayaessence.com\/index.php\/producto\/anillo-aura\/"]}]},{"@type":"ImageObject","inLanguage":"es","@id":"https:\/\/gayaessence.com\/index.php\/producto\/anillo-aura\/#primaryimage","url":"https:\/\/gayaessence.com\/wp-content\/uploads\/2025\/01\/Captura-de-pantalla-2025-01-07-a-las-9.56.26-1.png","contentUrl":"https:\/\/gayaessence.com\/wp-content\/uploads\/2025\/01\/Captura-de-pantalla-2025-01-07-a-las-9.56.26-1.png","width":1306,"height":1388},{"@type":"BreadcrumbList","@id":"https:\/\/gayaessence.com\/index.php\/producto\/anillo-aura\/#breadcrumb","itemListElement":[{"@type":"ListItem","position":1,"name":"Portada","item":"https:\/\/gayaessence.com\/"},{"@type":"ListItem","position":2,"name":"Tienda","item":"https:\/\/gayaessence.com\/index.php\/shop\/"},{"@type":"ListItem","position":3,"name":"Anillo Aura"}]},{"@type":"WebSite","@id":"https:\/\/gayaessence.com\/#website","url":"https:\/\/gayaessence.com\/","name":"Gaya Essence","description":"Cuida, Protege y Eleva tu Vibraci\u00f3n","publisher":{"@id":"https:\/\/gayaessence.com\/#organization"},"potentialAction":[{"@type":"SearchAction","target":{"@type":"EntryPoint","urlTemplate":"https:\/\/gayaessence.com\/?s={search_term_string}"},"query-input":{"@type":"PropertyValueSpecification","valueRequired":true,"valueName":"search_term_string"}}],"inLanguage":"es"},{"@type":"Organization","@id":"https:\/\/gayaessence.com\/#organization","name":"Gaya Essence","url":"https:\/\/gayaessence.com\/","logo":{"@type":"ImageObject","inLanguage":"es","@id":"https:\/\/gayaessence.com\/#\/schema\/logo\/image\/","url":"https:\/\/gayaessence.com\/wp-content\/uploads\/2024\/10\/cropped-logo-transp-1.png","contentUrl":"https:\/\/gayaessence.com\/wp-content\/uploads\/2024\/10\/cropped-logo-transp-1.png","width":500,"height":196,"caption":"Gaya Essence"},"image":{"@id":"https:\/\/gayaessence.com\/#\/schema\/logo\/image\/"}}]}},"jetpack_sharing_enabled":true,"_links":{"self":[{"href":"https:\/\/gayaessence.com\/index.php\/wp-json\/wp\/v2\/product\/3134","targetHints":{"allow":["GET"]}}],"collection":[{"href":"https:\/\/gayaessence.com\/index.php\/wp-json\/wp\/v2\/product"}],"about":[{"href":"https:\/\/gayaessence.com\/index.php\/wp-json\/wp\/v2\/types\/product"}],"version-history":[{"count":3,"href":"https:\/\/gayaessence.com\/index.php\/wp-json\/wp\/v2\/product\/3134\/revisions"}],"predecessor-version":[{"id":3748,"href":"https:\/\/gayaessence.com\/index.php\/wp-json\/wp\/v2\/product\/3134\/revisions\/3748"}],"wp:featuredmedia":[{"embeddable":true,"href":"https:\/\/gayaessence.com\/index.php\/wp-json\/wp\/v2\/media\/3139"}],"wp:attachment":[{"href":"https:\/\/gayaessence.com\/index.php\/wp-json\/wp\/v2\/media?parent=3134"}],"wp:term":[{"taxonomy":"product_brand","embeddable":true,"href":"https:\/\/gayaessence.com\/index.php\/wp-json\/wp\/v2\/product_brand?post=3134"},{"taxonomy":"product_cat","embeddable":true,"href":"https:\/\/gayaessence.com\/index.php\/wp-json\/wp\/v2\/product_cat?post=3134"},{"taxonomy":"product_tag","embeddable":true,"href":"https:\/\/gayaessence.com\/index.php\/wp-json\/wp\/v2\/product_tag?post=3134"}],"curies":[{"name":"wp","href":"https:\/\/api.w.org\/{rel}","templated":true}]}}