{"id":2983,"date":"2024-12-06T12:34:05","date_gmt":"2024-12-06T12:34:05","guid":{"rendered":"https:\/\/gayaessence.com\/?post_type=product&#038;p=2983"},"modified":"2026-02-20T18:40:41","modified_gmt":"2026-02-20T18:40:41","slug":"oraculo-la-magia-de-la-gestalt","status":"publish","type":"product","link":"https:\/\/gayaessence.com\/index.php\/producto\/oraculo-la-magia-de-la-gestalt\/","title":{"rendered":"Or\u00e1culo la magia de la Gestalt"},"content":{"rendered":"\t\t<div data-elementor-type=\"wp-post\" data-elementor-id=\"2983\" class=\"elementor elementor-2983\">\n\t\t\t\t\t\t<section class=\"elementor-section elementor-top-section elementor-element elementor-element-ba79a43 elementor-section-boxed elementor-section-height-default elementor-section-height-default\" data-id=\"ba79a43\" data-element_type=\"section\">\n\t\t\t\t\t\t<div class=\"elementor-container elementor-column-gap-default\">\n\t\t\t\t\t<div class=\"elementor-column elementor-col-100 elementor-top-column elementor-element elementor-element-183df69\" data-id=\"183df69\" data-element_type=\"column\">\n\t\t\t<div class=\"elementor-widget-wrap elementor-element-populated\">\n\t\t\t\t\t\t<section class=\"elementor-section elementor-inner-section elementor-element elementor-element-f5dfea0 elementor-section-boxed elementor-section-height-default elementor-section-height-default\" data-id=\"f5dfea0\" data-element_type=\"section\">\n\t\t\t\t\t\t<div class=\"elementor-container elementor-column-gap-default\">\n\t\t\t\t\t<div class=\"elementor-column elementor-col-50 elementor-inner-column elementor-element elementor-element-a5c31cf\" data-id=\"a5c31cf\" data-element_type=\"column\">\n\t\t\t<div class=\"elementor-widget-wrap elementor-element-populated\">\n\t\t\t\t\t\t<div class=\"elementor-element elementor-element-ae33da0 elementor-widget elementor-widget-heading\" data-id=\"ae33da0\" data-element_type=\"widget\" data-widget_type=\"heading.default\">\n\t\t\t\t<div class=\"elementor-widget-container\">\n\t\t\t<h3 class=\"elementor-heading-title elementor-size-default\">Descripci\u00f3n<\/h3>\t\t<\/div>\n\t\t\t\t<\/div>\n\t\t\t\t<div class=\"elementor-element elementor-element-d4da46a elementor-widget elementor-widget-text-editor\" data-id=\"d4da46a\" data-element_type=\"widget\" data-widget_type=\"text-editor.default\">\n\t\t\t\t<div class=\"elementor-widget-container\">\n\t\t\t\t\t\t\t<p><span style=\"font-weight: 400\">QUIM MESALLES BISBE y YOLANDA RAMOS<\/span><\/p><p><span style=\"font-weight: 400\">Esta caja que tienes entre tus manos es el resultado de una inspiraci\u00f3n guiada por algo m\u00e1s grande que acompa\u00f1a al ser humano desde tiempos ancestrales. Las cartas y el libro que las acompa\u00f1an est\u00e1n creados tanto para personas que no conocen la Gestalt como para las que s\u00ed la conocen y que les gustar\u00eda tener a mano una gu\u00eda sencilla y pr\u00e1ctica. Encontrar\u00e1s principios filos\u00f3ficos y espirituales con la idea de que te orienten para mejorar tu vida en todos los aspectos.La magia de la Gestalt intenta ser un faro en la oscuridad en tus momentos dif\u00edciles.La Gestalt propone alquimizar lo terrenal y lo espiritual, ayudando a transformar el sufrimiento en belleza: \u00e9sta es la magia de la Gestalt.Este libro es una gu\u00eda viva que te propone que visualices la imagen de cada carta y leas su texto, dej\u00e1ndote llevar por tu intuici\u00f3n, de manera que cada vez que las uses ser\u00e1 diferente. Hay 33 cartas maravillosamente ilustradas y la explicaci\u00f3n detallada de cada una de ellas de manera simple y clara. \u00bfQu\u00e9 tiene que ver esto con la psicoterapia Gestalt? Lo bello y lo bueno son valores intr\u00ednsecos a la propia experiencia. No est\u00e1n ni dentro de nosotros ni fuera, en el mundo. Ocurren, espont\u00e1neamente, en el hacer de la experiencia. Esto, en la psicoterapia Gestalt, sucede en la frontera de contacto<\/span><\/p>\t\t\t\t\t\t<\/div>\n\t\t\t\t<\/div>\n\t\t\t\t\t<\/div>\n\t\t<\/div>\n\t\t\t\t<div class=\"elementor-column elementor-col-50 elementor-inner-column elementor-element elementor-element-a967996\" data-id=\"a967996\" data-element_type=\"column\">\n\t\t\t<div class=\"elementor-widget-wrap elementor-element-populated\">\n\t\t\t\t\t\t<div class=\"elementor-element elementor-element-38791ca elementor-widget elementor-widget-image\" data-id=\"38791ca\" data-element_type=\"widget\" data-widget_type=\"image.default\">\n\t\t\t\t<div class=\"elementor-widget-container\">\n\t\t\t\t\t\t\t\t\t\t\t\t\t<img fetchpriority=\"high\" decoding=\"async\" width=\"1080\" height=\"1080\" src=\"https:\/\/gayaessence.com\/wp-content\/uploads\/2024\/12\/ORACULO-RELACIONES-1.png\" class=\"attachment-large size-large wp-image-2984\" alt=\"\" srcset=\"https:\/\/gayaessence.com\/wp-content\/uploads\/2024\/12\/ORACULO-RELACIONES-1.png 1080w, https:\/\/gayaessence.com\/wp-content\/uploads\/2024\/12\/ORACULO-RELACIONES-1-500x500.png 500w, https:\/\/gayaessence.com\/wp-content\/uploads\/2024\/12\/ORACULO-RELACIONES-1-300x300.png 300w, https:\/\/gayaessence.com\/wp-content\/uploads\/2024\/12\/ORACULO-RELACIONES-1-768x768.png 768w, https:\/\/gayaessence.com\/wp-content\/uploads\/2024\/12\/ORACULO-RELACIONES-1-150x150.png 150w, https:\/\/gayaessence.com\/wp-content\/uploads\/2024\/12\/ORACULO-RELACIONES-1-75x75.png 75w, https:\/\/gayaessence.com\/wp-content\/uploads\/2024\/12\/ORACULO-RELACIONES-1-480x480.png 480w, https:\/\/gayaessence.com\/wp-content\/uploads\/2024\/12\/ORACULO-RELACIONES-1-800x800.png 800w\" sizes=\"(max-width:767px) 480px, (max-width:1080px) 100vw, 1080px\" \/>\t\t\t\t\t\t\t\t\t\t\t\t\t<\/div>\n\t\t\t\t<\/div>\n\t\t\t\t\t<\/div>\n\t\t<\/div>\n\t\t\t\t\t<\/div>\n\t\t<\/section>\n\t\t\t\t\t<\/div>\n\t\t<\/div>\n\t\t\t\t\t<\/div>\n\t\t<\/section>\n\t\t\t\t<\/div>\n\t\t","protected":false},"excerpt":{"rendered":"<p>Descripci\u00f3n QUIM MESALLES BISBE y YOLANDA RAMOS Esta caja que tienes entre tus manos es el resultado de una inspiraci\u00f3n guiada por algo m\u00e1s grande que<span class=\"excerpt-hellip\"> [\u2026]<\/span><\/p>\n","protected":false},"featured_media":5296,"template":"","meta":[],"product_brand":[],"product_cat":[32],"product_tag":[],"class_list":{"0":"post-2983","1":"product","2":"type-product","3":"status-publish","4":"has-post-thumbnail","6":"product_cat-libros-oraculos","8":"first","9":"instock","10":"shipping-taxable","11":"purchasable","12":"product-type-simple"},"yoast_head":"<!-- This site is optimized with the Yoast SEO plugin v23.9 - https:\/\/yoast.com\/wordpress\/plugins\/seo\/ -->\n<title>Or\u00e1culo la magia de la Gestalt - Gaya Essence<\/title>\n<meta name=\"robots\" content=\"index, follow, max-snippet:-1, max-image-preview:large, max-video-preview:-1\" \/>\n<link rel=\"canonical\" href=\"https:\/\/gayaessence.com\/index.php\/producto\/oraculo-la-magia-de-la-gestalt\/\" \/>\n<meta property=\"og:locale\" content=\"es_ES\" \/>\n<meta property=\"og:type\" content=\"article\" \/>\n<meta property=\"og:title\" content=\"Or\u00e1culo la magia de la Gestalt - Gaya Essence\" \/>\n<meta property=\"og:description\" content=\"Descripci\u00f3n QUIM MESALLES BISBE y YOLANDA RAMOS Esta caja que tienes entre tus manos es el resultado de una inspiraci\u00f3n guiada por algo m\u00e1s grande que [\u2026]\" \/>\n<meta property=\"og:url\" content=\"https:\/\/gayaessence.com\/index.php\/producto\/oraculo-la-magia-de-la-gestalt\/\" \/>\n<meta property=\"og:site_name\" content=\"Gaya Essence\" \/>\n<meta property=\"article:modified_time\" content=\"2026-02-20T18:40:41+00:00\" \/>\n<meta property=\"og:image\" content=\"https:\/\/gayaessence.com\/wp-content\/uploads\/2024\/12\/27.png\" \/>\n\t<meta property=\"og:image:width\" content=\"500\" \/>\n\t<meta property=\"og:image:height\" content=\"500\" \/>\n\t<meta property=\"og:image:type\" content=\"image\/png\" \/>\n<meta name=\"twitter:card\" content=\"summary_large_image\" \/>\n<meta name=\"twitter:label1\" content=\"Tiempo de lectura\" \/>\n\t<meta name=\"twitter:data1\" content=\"2 minutos\" \/>\n<script type=\"application\/ld+json\" class=\"yoast-schema-graph\">{\"@context\":\"https:\/\/schema.org\",\"@graph\":[{\"@type\":\"WebPage\",\"@id\":\"https:\/\/gayaessence.com\/index.php\/producto\/oraculo-la-magia-de-la-gestalt\/\",\"url\":\"https:\/\/gayaessence.com\/index.php\/producto\/oraculo-la-magia-de-la-gestalt\/\",\"name\":\"Or\u00e1culo la magia de la Gestalt - Gaya Essence\",\"isPartOf\":{\"@id\":\"https:\/\/gayaessence.com\/#website\"},\"primaryImageOfPage\":{\"@id\":\"https:\/\/gayaessence.com\/index.php\/producto\/oraculo-la-magia-de-la-gestalt\/#primaryimage\"},\"image\":{\"@id\":\"https:\/\/gayaessence.com\/index.php\/producto\/oraculo-la-magia-de-la-gestalt\/#primaryimage\"},\"thumbnailUrl\":\"https:\/\/gayaessence.com\/wp-content\/uploads\/2024\/12\/27.png\",\"datePublished\":\"2024-12-06T12:34:05+00:00\",\"dateModified\":\"2026-02-20T18:40:41+00:00\",\"breadcrumb\":{\"@id\":\"https:\/\/gayaessence.com\/index.php\/producto\/oraculo-la-magia-de-la-gestalt\/#breadcrumb\"},\"inLanguage\":\"es\",\"potentialAction\":[{\"@type\":\"ReadAction\",\"target\":[\"https:\/\/gayaessence.com\/index.php\/producto\/oraculo-la-magia-de-la-gestalt\/\"]}]},{\"@type\":\"ImageObject\",\"inLanguage\":\"es\",\"@id\":\"https:\/\/gayaessence.com\/index.php\/producto\/oraculo-la-magia-de-la-gestalt\/#primaryimage\",\"url\":\"https:\/\/gayaessence.com\/wp-content\/uploads\/2024\/12\/27.png\",\"contentUrl\":\"https:\/\/gayaessence.com\/wp-content\/uploads\/2024\/12\/27.png\",\"width\":500,\"height\":500},{\"@type\":\"BreadcrumbList\",\"@id\":\"https:\/\/gayaessence.com\/index.php\/producto\/oraculo-la-magia-de-la-gestalt\/#breadcrumb\",\"itemListElement\":[{\"@type\":\"ListItem\",\"position\":1,\"name\":\"Portada\",\"item\":\"https:\/\/gayaessence.com\/\"},{\"@type\":\"ListItem\",\"position\":2,\"name\":\"Tienda\",\"item\":\"https:\/\/gayaessence.com\/index.php\/shop\/\"},{\"@type\":\"ListItem\",\"position\":3,\"name\":\"Or\u00e1culo la magia de la Gestalt\"}]},{\"@type\":\"WebSite\",\"@id\":\"https:\/\/gayaessence.com\/#website\",\"url\":\"https:\/\/gayaessence.com\/\",\"name\":\"Gaya Essence\",\"description\":\"Cuida, Protege y Eleva tu Vibraci\u00f3n\",\"publisher\":{\"@id\":\"https:\/\/gayaessence.com\/#organization\"},\"potentialAction\":[{\"@type\":\"SearchAction\",\"target\":{\"@type\":\"EntryPoint\",\"urlTemplate\":\"https:\/\/gayaessence.com\/?s={search_term_string}\"},\"query-input\":{\"@type\":\"PropertyValueSpecification\",\"valueRequired\":true,\"valueName\":\"search_term_string\"}}],\"inLanguage\":\"es\"},{\"@type\":\"Organization\",\"@id\":\"https:\/\/gayaessence.com\/#organization\",\"name\":\"Gaya Essence\",\"url\":\"https:\/\/gayaessence.com\/\",\"logo\":{\"@type\":\"ImageObject\",\"inLanguage\":\"es\",\"@id\":\"https:\/\/gayaessence.com\/#\/schema\/logo\/image\/\",\"url\":\"https:\/\/gayaessence.com\/wp-content\/uploads\/2024\/10\/cropped-logo-transp-1.png\",\"contentUrl\":\"https:\/\/gayaessence.com\/wp-content\/uploads\/2024\/10\/cropped-logo-transp-1.png\",\"width\":500,\"height\":196,\"caption\":\"Gaya Essence\"},\"image\":{\"@id\":\"https:\/\/gayaessence.com\/#\/schema\/logo\/image\/\"}}]}<\/script>\n<!-- \/ Yoast SEO plugin. -->","yoast_head_json":{"title":"Or\u00e1culo la magia de la Gestalt - Gaya Essence","robots":{"index":"index","follow":"follow","max-snippet":"max-snippet:-1","max-image-preview":"max-image-preview:large","max-video-preview":"max-video-preview:-1"},"canonical":"https:\/\/gayaessence.com\/index.php\/producto\/oraculo-la-magia-de-la-gestalt\/","og_locale":"es_ES","og_type":"article","og_title":"Or\u00e1culo la magia de la Gestalt - Gaya Essence","og_description":"Descripci\u00f3n QUIM MESALLES BISBE y YOLANDA RAMOS Esta caja que tienes entre tus manos es el resultado de una inspiraci\u00f3n guiada por algo m\u00e1s grande que [\u2026]","og_url":"https:\/\/gayaessence.com\/index.php\/producto\/oraculo-la-magia-de-la-gestalt\/","og_site_name":"Gaya Essence","article_modified_time":"2026-02-20T18:40:41+00:00","og_image":[{"width":500,"height":500,"url":"https:\/\/gayaessence.com\/wp-content\/uploads\/2024\/12\/27.png","type":"image\/png"}],"twitter_card":"summary_large_image","twitter_misc":{"Tiempo de lectura":"2 minutos"},"schema":{"@context":"https:\/\/schema.org","@graph":[{"@type":"WebPage","@id":"https:\/\/gayaessence.com\/index.php\/producto\/oraculo-la-magia-de-la-gestalt\/","url":"https:\/\/gayaessence.com\/index.php\/producto\/oraculo-la-magia-de-la-gestalt\/","name":"Or\u00e1culo la magia de la Gestalt - Gaya Essence","isPartOf":{"@id":"https:\/\/gayaessence.com\/#website"},"primaryImageOfPage":{"@id":"https:\/\/gayaessence.com\/index.php\/producto\/oraculo-la-magia-de-la-gestalt\/#primaryimage"},"image":{"@id":"https:\/\/gayaessence.com\/index.php\/producto\/oraculo-la-magia-de-la-gestalt\/#primaryimage"},"thumbnailUrl":"https:\/\/gayaessence.com\/wp-content\/uploads\/2024\/12\/27.png","datePublished":"2024-12-06T12:34:05+00:00","dateModified":"2026-02-20T18:40:41+00:00","breadcrumb":{"@id":"https:\/\/gayaessence.com\/index.php\/producto\/oraculo-la-magia-de-la-gestalt\/#breadcrumb"},"inLanguage":"es","potentialAction":[{"@type":"ReadAction","target":["https:\/\/gayaessence.com\/index.php\/producto\/oraculo-la-magia-de-la-gestalt\/"]}]},{"@type":"ImageObject","inLanguage":"es","@id":"https:\/\/gayaessence.com\/index.php\/producto\/oraculo-la-magia-de-la-gestalt\/#primaryimage","url":"https:\/\/gayaessence.com\/wp-content\/uploads\/2024\/12\/27.png","contentUrl":"https:\/\/gayaessence.com\/wp-content\/uploads\/2024\/12\/27.png","width":500,"height":500},{"@type":"BreadcrumbList","@id":"https:\/\/gayaessence.com\/index.php\/producto\/oraculo-la-magia-de-la-gestalt\/#breadcrumb","itemListElement":[{"@type":"ListItem","position":1,"name":"Portada","item":"https:\/\/gayaessence.com\/"},{"@type":"ListItem","position":2,"name":"Tienda","item":"https:\/\/gayaessence.com\/index.php\/shop\/"},{"@type":"ListItem","position":3,"name":"Or\u00e1culo la magia de la Gestalt"}]},{"@type":"WebSite","@id":"https:\/\/gayaessence.com\/#website","url":"https:\/\/gayaessence.com\/","name":"Gaya Essence","description":"Cuida, Protege y Eleva tu Vibraci\u00f3n","publisher":{"@id":"https:\/\/gayaessence.com\/#organization"},"potentialAction":[{"@type":"SearchAction","target":{"@type":"EntryPoint","urlTemplate":"https:\/\/gayaessence.com\/?s={search_term_string}"},"query-input":{"@type":"PropertyValueSpecification","valueRequired":true,"valueName":"search_term_string"}}],"inLanguage":"es"},{"@type":"Organization","@id":"https:\/\/gayaessence.com\/#organization","name":"Gaya Essence","url":"https:\/\/gayaessence.com\/","logo":{"@type":"ImageObject","inLanguage":"es","@id":"https:\/\/gayaessence.com\/#\/schema\/logo\/image\/","url":"https:\/\/gayaessence.com\/wp-content\/uploads\/2024\/10\/cropped-logo-transp-1.png","contentUrl":"https:\/\/gayaessence.com\/wp-content\/uploads\/2024\/10\/cropped-logo-transp-1.png","width":500,"height":196,"caption":"Gaya Essence"},"image":{"@id":"https:\/\/gayaessence.com\/#\/schema\/logo\/image\/"}}]}},"jetpack_sharing_enabled":true,"_links":{"self":[{"href":"https:\/\/gayaessence.com\/index.php\/wp-json\/wp\/v2\/product\/2983","targetHints":{"allow":["GET"]}}],"collection":[{"href":"https:\/\/gayaessence.com\/index.php\/wp-json\/wp\/v2\/product"}],"about":[{"href":"https:\/\/gayaessence.com\/index.php\/wp-json\/wp\/v2\/types\/product"}],"version-history":[{"count":5,"href":"https:\/\/gayaessence.com\/index.php\/wp-json\/wp\/v2\/product\/2983\/revisions"}],"predecessor-version":[{"id":5297,"href":"https:\/\/gayaessence.com\/index.php\/wp-json\/wp\/v2\/product\/2983\/revisions\/5297"}],"wp:featuredmedia":[{"embeddable":true,"href":"https:\/\/gayaessence.com\/index.php\/wp-json\/wp\/v2\/media\/5296"}],"wp:attachment":[{"href":"https:\/\/gayaessence.com\/index.php\/wp-json\/wp\/v2\/media?parent=2983"}],"wp:term":[{"taxonomy":"product_brand","embeddable":true,"href":"https:\/\/gayaessence.com\/index.php\/wp-json\/wp\/v2\/product_brand?post=2983"},{"taxonomy":"product_cat","embeddable":true,"href":"https:\/\/gayaessence.com\/index.php\/wp-json\/wp\/v2\/product_cat?post=2983"},{"taxonomy":"product_tag","embeddable":true,"href":"https:\/\/gayaessence.com\/index.php\/wp-json\/wp\/v2\/product_tag?post=2983"}],"curies":[{"name":"wp","href":"https:\/\/api.w.org\/{rel}","templated":true}]}}