{"id":2501,"date":"2024-11-24T15:56:26","date_gmt":"2024-11-24T15:56:26","guid":{"rendered":"https:\/\/gayaessence.com\/?post_type=product&#038;p=2501"},"modified":"2025-08-18T00:00:27","modified_gmt":"2025-08-18T00:00:27","slug":"grimorios","status":"publish","type":"product","link":"https:\/\/gayaessence.com\/index.php\/producto\/grimorios\/","title":{"rendered":"Grimorios"},"content":{"rendered":"\t\t<div data-elementor-type=\"wp-post\" data-elementor-id=\"2501\" class=\"elementor elementor-2501\">\n\t\t\t\t\t\t<section class=\"elementor-section elementor-top-section elementor-element elementor-element-ba79a43 elementor-section-boxed elementor-section-height-default elementor-section-height-default\" data-id=\"ba79a43\" data-element_type=\"section\">\n\t\t\t\t\t\t<div class=\"elementor-container elementor-column-gap-default\">\n\t\t\t\t\t<div class=\"elementor-column elementor-col-100 elementor-top-column elementor-element elementor-element-183df69\" data-id=\"183df69\" data-element_type=\"column\">\n\t\t\t<div class=\"elementor-widget-wrap elementor-element-populated\">\n\t\t\t\t\t\t<section class=\"elementor-section elementor-inner-section elementor-element elementor-element-f5dfea0 elementor-section-boxed elementor-section-height-default elementor-section-height-default\" data-id=\"f5dfea0\" data-element_type=\"section\">\n\t\t\t\t\t\t<div class=\"elementor-container elementor-column-gap-default\">\n\t\t\t\t\t<div class=\"elementor-column elementor-col-50 elementor-inner-column elementor-element elementor-element-a5c31cf\" data-id=\"a5c31cf\" data-element_type=\"column\">\n\t\t\t<div class=\"elementor-widget-wrap elementor-element-populated\">\n\t\t\t\t\t\t<div class=\"elementor-element elementor-element-ae33da0 elementor-widget elementor-widget-heading\" data-id=\"ae33da0\" data-element_type=\"widget\" data-widget_type=\"heading.default\">\n\t\t\t\t<div class=\"elementor-widget-container\">\n\t\t\t<h3 class=\"elementor-heading-title elementor-size-default\">Tipos<\/h3>\t\t<\/div>\n\t\t\t\t<\/div>\n\t\t\t\t<div class=\"elementor-element elementor-element-43554aa elementor-widget elementor-widget-n-accordion\" data-id=\"43554aa\" data-element_type=\"widget\" data-settings=\"{&quot;default_state&quot;:&quot;expanded&quot;,&quot;max_items_expended&quot;:&quot;one&quot;,&quot;n_accordion_animation_duration&quot;:{&quot;unit&quot;:&quot;ms&quot;,&quot;size&quot;:400,&quot;sizes&quot;:[]}}\" data-widget_type=\"nested-accordion.default\">\n\t\t\t\t<div class=\"elementor-widget-container\">\n\t\t\t\t\t<div class=\"e-n-accordion\" aria-label=\"Accordion. Open links with Enter or Space, close with Escape, and navigate with Arrow Keys\">\n\t\t\t\t\t\t<details id=\"e-n-accordion-item-7060\" class=\"e-n-accordion-item\" open>\n\t\t\t\t<summary class=\"e-n-accordion-item-title\" data-accordion-index=\"1\" tabindex=\"0\" aria-expanded=\"true\" aria-controls=\"e-n-accordion-item-7060\" >\n\t\t\t\t\t<span class='e-n-accordion-item-title-header'><div class=\"e-n-accordion-item-title-text\"> Grimorio Luna  <\/div><\/span>\n\t\t\t\t\t\t\t<span class='e-n-accordion-item-title-icon'>\n\t\t\t<span class='e-opened' ><svg aria-hidden=\"true\" class=\"e-font-icon-svg e-fas-minus\" viewBox=\"0 0 448 512\" xmlns=\"http:\/\/www.w3.org\/2000\/svg\"><path d=\"M416 208H32c-17.67 0-32 14.33-32 32v32c0 17.67 14.33 32 32 32h384c17.67 0 32-14.33 32-32v-32c0-17.67-14.33-32-32-32z\"><\/path><\/svg><\/span>\n\t\t\t<span class='e-closed'><svg aria-hidden=\"true\" class=\"e-font-icon-svg e-fas-plus\" viewBox=\"0 0 448 512\" xmlns=\"http:\/\/www.w3.org\/2000\/svg\"><path d=\"M416 208H272V64c0-17.67-14.33-32-32-32h-32c-17.67 0-32 14.33-32 32v144H32c-17.67 0-32 14.33-32 32v32c0 17.67 14.33 32 32 32h144v144c0 17.67 14.33 32 32 32h32c17.67 0 32-14.33 32-32V304h144c17.67 0 32-14.33 32-32v-32c0-17.67-14.33-32-32-32z\"><\/path><\/svg><\/span>\n\t\t<\/span>\n\n\t\t\t\t\t\t<\/summary>\n\t\t\t\t<div role=\"region\" aria-labelledby=\"e-n-accordion-item-7060\" class=\"elementor-element elementor-element-24cff5d e-con-full e-flex e-con e-child\" data-id=\"24cff5d\" data-element_type=\"container\">\n\t\t\t\t<div class=\"elementor-element elementor-element-c37e8a2 elementor-widget elementor-widget-text-editor\" data-id=\"c37e8a2\" data-element_type=\"widget\" data-widget_type=\"text-editor.default\">\n\t\t\t\t<div class=\"elementor-widget-container\">\n\t\t\t\t\t\t\t<ul><li>Propiedades:<\/li><\/ul><p>Estos grimorios son diarios o cuadernos ideales para tener en tu altar y utilizarlos para:<\/p><p>Escribir recetas m\u00e1gicas o especiales para ti.<\/p><p>Escribir todos aquellos rituales que ya hayas hecho o quieras hacer.<\/p><p>Escribir las pr\u00e1cticas espirituales o de autocuidado que m\u00e1s te funcionen o quieras experimentar.<\/p><p>Escribir aquellas lecciones o ideas que te parezcan m\u00e1s importantes de los libros que lees o los audios que escuchas.<\/p><p>Hacer escritura terap\u00e9utica.<\/p><ul><li>Detalles:<\/li><\/ul><p>Dimensiones: 18 x 13 x 4,5 cm<\/p><p>Material: Piel, papel, herramienta en relieve, color carb\u00f3n, cerradura de lat\u00f3n.<\/p><p>El diario vintage est\u00e1 hecho de papel vintage \u00fanico que parece sacado de la historia. Te encantar\u00e1 el papel de algod\u00f3n hecho a mano de aspecto antiguo (200 p\u00e1ginas), que es exclusivo de nuestros diarios antiguos.<\/p><p>\u00a0<\/p><ul><li>Procedencia:<\/li><\/ul><p>India<\/p>\t\t\t\t\t\t<\/div>\n\t\t\t\t<\/div>\n\t\t\t\t<\/div>\n\t\t\t\t\t<\/details>\n\t\t\t\t\t\t<details id=\"e-n-accordion-item-7061\" class=\"e-n-accordion-item\" >\n\t\t\t\t<summary class=\"e-n-accordion-item-title\" data-accordion-index=\"2\" tabindex=\"-1\" aria-expanded=\"false\" aria-controls=\"e-n-accordion-item-7061\" >\n\t\t\t\t\t<span class='e-n-accordion-item-title-header'><div class=\"e-n-accordion-item-title-text\"> Grimorio Triskel  <\/div><\/span>\n\t\t\t\t\t\t\t<span class='e-n-accordion-item-title-icon'>\n\t\t\t<span class='e-opened' ><svg aria-hidden=\"true\" class=\"e-font-icon-svg e-fas-minus\" viewBox=\"0 0 448 512\" xmlns=\"http:\/\/www.w3.org\/2000\/svg\"><path d=\"M416 208H32c-17.67 0-32 14.33-32 32v32c0 17.67 14.33 32 32 32h384c17.67 0 32-14.33 32-32v-32c0-17.67-14.33-32-32-32z\"><\/path><\/svg><\/span>\n\t\t\t<span class='e-closed'><svg aria-hidden=\"true\" class=\"e-font-icon-svg e-fas-plus\" viewBox=\"0 0 448 512\" xmlns=\"http:\/\/www.w3.org\/2000\/svg\"><path d=\"M416 208H272V64c0-17.67-14.33-32-32-32h-32c-17.67 0-32 14.33-32 32v144H32c-17.67 0-32 14.33-32 32v32c0 17.67 14.33 32 32 32h144v144c0 17.67 14.33 32 32 32h32c17.67 0 32-14.33 32-32V304h144c17.67 0 32-14.33 32-32v-32c0-17.67-14.33-32-32-32z\"><\/path><\/svg><\/span>\n\t\t<\/span>\n\n\t\t\t\t\t\t<\/summary>\n\t\t\t\t<div role=\"region\" aria-labelledby=\"e-n-accordion-item-7061\" class=\"elementor-element elementor-element-4248c7a e-con-full e-flex e-con e-child\" data-id=\"4248c7a\" data-element_type=\"container\">\n\t\t\t\t<div class=\"elementor-element elementor-element-df3c40a elementor-widget elementor-widget-text-editor\" data-id=\"df3c40a\" data-element_type=\"widget\" data-widget_type=\"text-editor.default\">\n\t\t\t\t<div class=\"elementor-widget-container\">\n\t\t\t\t\t\t\t<ul><li>Propiedades:<\/li><\/ul><p>Estos grimorios son diarios o cuadernos ideales para tener en tu altar y utilizarlos para:<\/p><p>Escribir recetas m\u00e1gicas o especiales para ti.<\/p><p>Escribir todos aquellos rituales que ya hayas hecho o quieras hacer.<\/p><p>Escribir las pr\u00e1cticas espirituales o de autocuidado que m\u00e1s te funcionen o quieras experimentar.<\/p><p>Escribir aquellas lecciones o ideas que te parezcan m\u00e1s importantes de los libros que lees o los audios que escuchas.<\/p><p>Hacer escritura terap\u00e9utica.<\/p><ul><li>Detalles:<\/li><\/ul><p>Dimensiones: 18 x 13 x 4,5 cm<\/p><p>Material: Piel, papel, herramienta en relieve, color carb\u00f3n, cerradura de lat\u00f3n.<\/p><p>El diario vintage est\u00e1 hecho de papel vintage \u00fanico que parece sacado de la historia. Te encantar\u00e1 el papel de algod\u00f3n hecho a mano de aspecto antiguo (200 p\u00e1ginas), que es exclusivo de nuestros diarios antiguos.<\/p><p>\u00a0<\/p><ul><li>Procedencia:<\/li><\/ul><p>India<\/p>\t\t\t\t\t\t<\/div>\n\t\t\t\t<\/div>\n\t\t\t\t<\/div>\n\t\t\t\t\t<\/details>\n\t\t\t\t\t\t<details id=\"e-n-accordion-item-7062\" class=\"e-n-accordion-item\" >\n\t\t\t\t<summary class=\"e-n-accordion-item-title\" data-accordion-index=\"3\" tabindex=\"-1\" aria-expanded=\"false\" aria-controls=\"e-n-accordion-item-7062\" >\n\t\t\t\t\t<span class='e-n-accordion-item-title-header'><div class=\"e-n-accordion-item-title-text\"> Grimorio Atrapasue\u00f1os <\/div><\/span>\n\t\t\t\t\t\t\t<span class='e-n-accordion-item-title-icon'>\n\t\t\t<span class='e-opened' ><svg aria-hidden=\"true\" class=\"e-font-icon-svg e-fas-minus\" viewBox=\"0 0 448 512\" xmlns=\"http:\/\/www.w3.org\/2000\/svg\"><path d=\"M416 208H32c-17.67 0-32 14.33-32 32v32c0 17.67 14.33 32 32 32h384c17.67 0 32-14.33 32-32v-32c0-17.67-14.33-32-32-32z\"><\/path><\/svg><\/span>\n\t\t\t<span class='e-closed'><svg aria-hidden=\"true\" class=\"e-font-icon-svg e-fas-plus\" viewBox=\"0 0 448 512\" xmlns=\"http:\/\/www.w3.org\/2000\/svg\"><path d=\"M416 208H272V64c0-17.67-14.33-32-32-32h-32c-17.67 0-32 14.33-32 32v144H32c-17.67 0-32 14.33-32 32v32c0 17.67 14.33 32 32 32h144v144c0 17.67 14.33 32 32 32h32c17.67 0 32-14.33 32-32V304h144c17.67 0 32-14.33 32-32v-32c0-17.67-14.33-32-32-32z\"><\/path><\/svg><\/span>\n\t\t<\/span>\n\n\t\t\t\t\t\t<\/summary>\n\t\t\t\t<div role=\"region\" aria-labelledby=\"e-n-accordion-item-7062\" class=\"elementor-element elementor-element-b4ba63d e-con-full e-flex e-con e-child\" data-id=\"b4ba63d\" data-element_type=\"container\">\n\t\t\t\t<div class=\"elementor-element elementor-element-c8d2259 elementor-widget elementor-widget-text-editor\" data-id=\"c8d2259\" data-element_type=\"widget\" data-widget_type=\"text-editor.default\">\n\t\t\t\t<div class=\"elementor-widget-container\">\n\t\t\t\t\t\t\t<ul><li>Propiedades:<\/li><\/ul><p>Estos grimorios son diarios o cuadernos ideales para tener en tu altar y utilizarlos para:<\/p><p>Escribir recetas m\u00e1gicas o especiales para ti.<\/p><p>Escribir todos aquellos rituales que ya hayas hecho o quieras hacer.<\/p><p>Escribir las pr\u00e1cticas espirituales o de autocuidado que m\u00e1s te funcionen o quieras experimentar.<\/p><p>Escribir aquellas lecciones o ideas que te parezcan m\u00e1s importantes de los libros que lees o los audios que escuchas.<\/p><p>Hacer escritura terap\u00e9utica.<\/p><ul><li>Detalles:<\/li><\/ul><p>Dimensiones: 19 x 13 x 4,5 cm<\/p><p>Material: Piel, papel, herramienta en relieve, color carb\u00f3n, cerradura de lat\u00f3n.<\/p><p>Las hojas de papel se fijan con una encuadernaci\u00f3n de cuerda extra\u00edble que permite sustituirlas por papel nuevo una vez utilizadas. En este papel se puede utilizar cualquier tipo de bol\u00edgrafo y l\u00e1piz. 120 p\u00e1ginas (contando 240 p\u00e1ginas por ambas caras).<\/p><ul><li>Procedencia:<\/li><\/ul><p>India<\/p>\t\t\t\t\t\t<\/div>\n\t\t\t\t<\/div>\n\t\t\t\t<\/div>\n\t\t\t\t\t<\/details>\n\t\t\t\t\t<\/div>\n\t\t\t\t\t<script type=\"application\/ld+json\">{\"@context\":\"https:\\\/\\\/schema.org\",\"@type\":\"FAQPage\",\"mainEntity\":[{\"@type\":\"Question\",\"name\":\"Grimorio Luna\",\"acceptedAnswer\":{\"@type\":\"Answer\",\"text\":\"Propiedades:Estos grimorios son diarios o cuadernos ideales para tener en tu altar y utilizarlos para:Escribir recetas m\\u00e1gicas o especiales para ti.Escribir todos aquellos rituales que ya hayas hecho o quieras hacer.Escribir las pr\\u00e1cticas espirituales o de autocuidado que m\\u00e1s te funcionen o quieras experimentar.Escribir aquellas lecciones o ideas que te parezcan m\\u00e1s importantes de los libros que lees o los audios que escuchas.Hacer escritura terap\\u00e9utica.Detalles:Dimensiones: 18 x 13 x 4,5 cmMaterial: Piel, papel, herramienta en relieve, color carb\\u00f3n, cerradura de lat\\u00f3n.El diario vintage est\\u00e1 hecho de papel vintage \\u00fanico que parece sacado de la historia. Te encantar\\u00e1 el papel de algod\\u00f3n hecho a mano de aspecto antiguo (200 p\\u00e1ginas), que es exclusivo de nuestros diarios antiguos.\\u00a0Procedencia:India\"}},{\"@type\":\"Question\",\"name\":\"Grimorio Triskel\",\"acceptedAnswer\":{\"@type\":\"Answer\",\"text\":\"Propiedades:Estos grimorios son diarios o cuadernos ideales para tener en tu altar y utilizarlos para:Escribir recetas m\\u00e1gicas o especiales para ti.Escribir todos aquellos rituales que ya hayas hecho o quieras hacer.Escribir las pr\\u00e1cticas espirituales o de autocuidado que m\\u00e1s te funcionen o quieras experimentar.Escribir aquellas lecciones o ideas que te parezcan m\\u00e1s importantes de los libros que lees o los audios que escuchas.Hacer escritura terap\\u00e9utica.Detalles:Dimensiones: 18 x 13 x 4,5 cmMaterial: Piel, papel, herramienta en relieve, color carb\\u00f3n, cerradura de lat\\u00f3n.El diario vintage est\\u00e1 hecho de papel vintage \\u00fanico que parece sacado de la historia. Te encantar\\u00e1 el papel de algod\\u00f3n hecho a mano de aspecto antiguo (200 p\\u00e1ginas), que es exclusivo de nuestros diarios antiguos.\\u00a0Procedencia:India\"}},{\"@type\":\"Question\",\"name\":\"Grimorio Atrapasue\\u00f1os\",\"acceptedAnswer\":{\"@type\":\"Answer\",\"text\":\"Propiedades:Estos grimorios son diarios o cuadernos ideales para tener en tu altar y utilizarlos para:Escribir recetas m\\u00e1gicas o especiales para ti.Escribir todos aquellos rituales que ya hayas hecho o quieras hacer.Escribir las pr\\u00e1cticas espirituales o de autocuidado que m\\u00e1s te funcionen o quieras experimentar.Escribir aquellas lecciones o ideas que te parezcan m\\u00e1s importantes de los libros que lees o los audios que escuchas.Hacer escritura terap\\u00e9utica.Detalles:Dimensiones: 19 x 13 x 4,5 cmMaterial: Piel, papel, herramienta en relieve, color carb\\u00f3n, cerradura de lat\\u00f3n.Las hojas de papel se fijan con una encuadernaci\\u00f3n de cuerda extra\\u00edble que permite sustituirlas por papel nuevo una vez utilizadas. En este papel se puede utilizar cualquier tipo de bol\\u00edgrafo y l\\u00e1piz. 120 p\\u00e1ginas (contando 240 p\\u00e1ginas por ambas caras).Procedencia:India\"}}]}<\/script>\n\t\t\t\t\t<\/div>\n\t\t\t\t<\/div>\n\t\t\t\t<div class=\"elementor-element elementor-element-93a5535 elementor-widget elementor-widget-heading\" data-id=\"93a5535\" data-element_type=\"widget\" data-widget_type=\"heading.default\">\n\t\t\t\t<div class=\"elementor-widget-container\">\n\t\t\t<h3 class=\"elementor-heading-title elementor-size-default\">Detalles<\/h3>\t\t<\/div>\n\t\t\t\t<\/div>\n\t\t\t\t\t<\/div>\n\t\t<\/div>\n\t\t\t\t<div class=\"elementor-column elementor-col-50 elementor-inner-column elementor-element elementor-element-a967996\" data-id=\"a967996\" data-element_type=\"column\">\n\t\t\t<div class=\"elementor-widget-wrap elementor-element-populated\">\n\t\t\t\t\t\t<div class=\"elementor-element elementor-element-38791ca elementor-widget elementor-widget-image\" data-id=\"38791ca\" data-element_type=\"widget\" data-widget_type=\"image.default\">\n\t\t\t\t<div class=\"elementor-widget-container\">\n\t\t\t\t\t\t\t\t\t\t\t\t\t<img fetchpriority=\"high\" decoding=\"async\" width=\"1080\" height=\"1080\" src=\"https:\/\/gayaessence.com\/wp-content\/uploads\/2024\/11\/ATRAPASOL-CELESTE.png\" class=\"attachment-large size-large wp-image-2489\" alt=\"\" srcset=\"https:\/\/gayaessence.com\/wp-content\/uploads\/2024\/11\/ATRAPASOL-CELESTE.png 1080w, https:\/\/gayaessence.com\/wp-content\/uploads\/2024\/11\/ATRAPASOL-CELESTE-500x500.png 500w, https:\/\/gayaessence.com\/wp-content\/uploads\/2024\/11\/ATRAPASOL-CELESTE-300x300.png 300w, https:\/\/gayaessence.com\/wp-content\/uploads\/2024\/11\/ATRAPASOL-CELESTE-768x768.png 768w, https:\/\/gayaessence.com\/wp-content\/uploads\/2024\/11\/ATRAPASOL-CELESTE-150x150.png 150w, https:\/\/gayaessence.com\/wp-content\/uploads\/2024\/11\/ATRAPASOL-CELESTE-75x75.png 75w, https:\/\/gayaessence.com\/wp-content\/uploads\/2024\/11\/ATRAPASOL-CELESTE-480x480.png 480w, https:\/\/gayaessence.com\/wp-content\/uploads\/2024\/11\/ATRAPASOL-CELESTE-800x800.png 800w\" sizes=\"(max-width:767px) 480px, (max-width:1080px) 100vw, 1080px\" \/>\t\t\t\t\t\t\t\t\t\t\t\t\t<\/div>\n\t\t\t\t<\/div>\n\t\t\t\t\t<\/div>\n\t\t<\/div>\n\t\t\t\t\t<\/div>\n\t\t<\/section>\n\t\t\t\t\t<\/div>\n\t\t<\/div>\n\t\t\t\t\t<\/div>\n\t\t<\/section>\n\t\t\t\t<\/div>\n\t\t","protected":false},"excerpt":{"rendered":"<p>Tipos Grimorio Luna Propiedades: Estos grimorios son diarios o cuadernos ideales para tener en tu altar y utilizarlos para: Escribir recetas m\u00e1gicas o especiales para ti.<span class=\"excerpt-hellip\"> [\u2026]<\/span><\/p>\n","protected":false},"featured_media":2508,"template":"","meta":[],"product_brand":[],"product_cat":[27,177],"product_tag":[],"class_list":{"0":"post-2501","1":"product","2":"type-product","3":"status-publish","4":"has-post-thumbnail","6":"product_cat-hogar","7":"product_cat-top5hogar","9":"first","10":"instock","11":"shipping-taxable","12":"purchasable","13":"product-type-variable"},"yoast_head":"<!-- This site is optimized with the Yoast SEO plugin v23.9 - https:\/\/yoast.com\/wordpress\/plugins\/seo\/ -->\n<title>Grimorios - Gaya Essence<\/title>\n<meta name=\"robots\" content=\"index, follow, max-snippet:-1, max-image-preview:large, max-video-preview:-1\" \/>\n<link rel=\"canonical\" href=\"https:\/\/gayaessence.com\/index.php\/producto\/grimorios\/\" \/>\n<meta property=\"og:locale\" content=\"es_ES\" \/>\n<meta property=\"og:type\" content=\"article\" \/>\n<meta property=\"og:title\" content=\"Grimorios - Gaya Essence\" \/>\n<meta property=\"og:description\" content=\"Tipos Grimorio Luna Propiedades: Estos grimorios son diarios o cuadernos ideales para tener en tu altar y utilizarlos para: Escribir recetas m\u00e1gicas o especiales para ti. [\u2026]\" \/>\n<meta property=\"og:url\" content=\"https:\/\/gayaessence.com\/index.php\/producto\/grimorios\/\" \/>\n<meta property=\"og:site_name\" content=\"Gaya Essence\" \/>\n<meta property=\"article:modified_time\" content=\"2025-08-18T00:00:27+00:00\" \/>\n<meta property=\"og:image\" content=\"https:\/\/gayaessence.com\/wp-content\/uploads\/2024\/11\/GRIMORIO-TRISKEL.png\" \/>\n\t<meta property=\"og:image:width\" content=\"1080\" \/>\n\t<meta property=\"og:image:height\" content=\"1080\" \/>\n\t<meta property=\"og:image:type\" content=\"image\/png\" \/>\n<meta name=\"twitter:card\" content=\"summary_large_image\" \/>\n<meta name=\"twitter:label1\" content=\"Tiempo de lectura\" \/>\n\t<meta name=\"twitter:data1\" content=\"5 minutos\" \/>\n<script type=\"application\/ld+json\" class=\"yoast-schema-graph\">{\"@context\":\"https:\/\/schema.org\",\"@graph\":[{\"@type\":\"WebPage\",\"@id\":\"https:\/\/gayaessence.com\/index.php\/producto\/grimorios\/\",\"url\":\"https:\/\/gayaessence.com\/index.php\/producto\/grimorios\/\",\"name\":\"Grimorios - Gaya Essence\",\"isPartOf\":{\"@id\":\"https:\/\/gayaessence.com\/#website\"},\"primaryImageOfPage\":{\"@id\":\"https:\/\/gayaessence.com\/index.php\/producto\/grimorios\/#primaryimage\"},\"image\":{\"@id\":\"https:\/\/gayaessence.com\/index.php\/producto\/grimorios\/#primaryimage\"},\"thumbnailUrl\":\"https:\/\/gayaessence.com\/wp-content\/uploads\/2024\/11\/GRIMORIO-TRISKEL.png\",\"datePublished\":\"2024-11-24T15:56:26+00:00\",\"dateModified\":\"2025-08-18T00:00:27+00:00\",\"breadcrumb\":{\"@id\":\"https:\/\/gayaessence.com\/index.php\/producto\/grimorios\/#breadcrumb\"},\"inLanguage\":\"es\",\"potentialAction\":[{\"@type\":\"ReadAction\",\"target\":[\"https:\/\/gayaessence.com\/index.php\/producto\/grimorios\/\"]}]},{\"@type\":\"ImageObject\",\"inLanguage\":\"es\",\"@id\":\"https:\/\/gayaessence.com\/index.php\/producto\/grimorios\/#primaryimage\",\"url\":\"https:\/\/gayaessence.com\/wp-content\/uploads\/2024\/11\/GRIMORIO-TRISKEL.png\",\"contentUrl\":\"https:\/\/gayaessence.com\/wp-content\/uploads\/2024\/11\/GRIMORIO-TRISKEL.png\",\"width\":1080,\"height\":1080},{\"@type\":\"BreadcrumbList\",\"@id\":\"https:\/\/gayaessence.com\/index.php\/producto\/grimorios\/#breadcrumb\",\"itemListElement\":[{\"@type\":\"ListItem\",\"position\":1,\"name\":\"Portada\",\"item\":\"https:\/\/gayaessence.com\/\"},{\"@type\":\"ListItem\",\"position\":2,\"name\":\"Tienda\",\"item\":\"https:\/\/gayaessence.com\/index.php\/shop\/\"},{\"@type\":\"ListItem\",\"position\":3,\"name\":\"Grimorios\"}]},{\"@type\":\"WebSite\",\"@id\":\"https:\/\/gayaessence.com\/#website\",\"url\":\"https:\/\/gayaessence.com\/\",\"name\":\"Gaya Essence\",\"description\":\"Cuida, Protege y Eleva tu Vibraci\u00f3n\",\"publisher\":{\"@id\":\"https:\/\/gayaessence.com\/#organization\"},\"potentialAction\":[{\"@type\":\"SearchAction\",\"target\":{\"@type\":\"EntryPoint\",\"urlTemplate\":\"https:\/\/gayaessence.com\/?s={search_term_string}\"},\"query-input\":{\"@type\":\"PropertyValueSpecification\",\"valueRequired\":true,\"valueName\":\"search_term_string\"}}],\"inLanguage\":\"es\"},{\"@type\":\"Organization\",\"@id\":\"https:\/\/gayaessence.com\/#organization\",\"name\":\"Gaya Essence\",\"url\":\"https:\/\/gayaessence.com\/\",\"logo\":{\"@type\":\"ImageObject\",\"inLanguage\":\"es\",\"@id\":\"https:\/\/gayaessence.com\/#\/schema\/logo\/image\/\",\"url\":\"https:\/\/gayaessence.com\/wp-content\/uploads\/2024\/10\/cropped-logo-transp-1.png\",\"contentUrl\":\"https:\/\/gayaessence.com\/wp-content\/uploads\/2024\/10\/cropped-logo-transp-1.png\",\"width\":500,\"height\":196,\"caption\":\"Gaya Essence\"},\"image\":{\"@id\":\"https:\/\/gayaessence.com\/#\/schema\/logo\/image\/\"}}]}<\/script>\n<!-- \/ Yoast SEO plugin. -->","yoast_head_json":{"title":"Grimorios - Gaya Essence","robots":{"index":"index","follow":"follow","max-snippet":"max-snippet:-1","max-image-preview":"max-image-preview:large","max-video-preview":"max-video-preview:-1"},"canonical":"https:\/\/gayaessence.com\/index.php\/producto\/grimorios\/","og_locale":"es_ES","og_type":"article","og_title":"Grimorios - Gaya Essence","og_description":"Tipos Grimorio Luna Propiedades: Estos grimorios son diarios o cuadernos ideales para tener en tu altar y utilizarlos para: Escribir recetas m\u00e1gicas o especiales para ti. [\u2026]","og_url":"https:\/\/gayaessence.com\/index.php\/producto\/grimorios\/","og_site_name":"Gaya Essence","article_modified_time":"2025-08-18T00:00:27+00:00","og_image":[{"width":1080,"height":1080,"url":"https:\/\/gayaessence.com\/wp-content\/uploads\/2024\/11\/GRIMORIO-TRISKEL.png","type":"image\/png"}],"twitter_card":"summary_large_image","twitter_misc":{"Tiempo de lectura":"5 minutos"},"schema":{"@context":"https:\/\/schema.org","@graph":[{"@type":"WebPage","@id":"https:\/\/gayaessence.com\/index.php\/producto\/grimorios\/","url":"https:\/\/gayaessence.com\/index.php\/producto\/grimorios\/","name":"Grimorios - Gaya Essence","isPartOf":{"@id":"https:\/\/gayaessence.com\/#website"},"primaryImageOfPage":{"@id":"https:\/\/gayaessence.com\/index.php\/producto\/grimorios\/#primaryimage"},"image":{"@id":"https:\/\/gayaessence.com\/index.php\/producto\/grimorios\/#primaryimage"},"thumbnailUrl":"https:\/\/gayaessence.com\/wp-content\/uploads\/2024\/11\/GRIMORIO-TRISKEL.png","datePublished":"2024-11-24T15:56:26+00:00","dateModified":"2025-08-18T00:00:27+00:00","breadcrumb":{"@id":"https:\/\/gayaessence.com\/index.php\/producto\/grimorios\/#breadcrumb"},"inLanguage":"es","potentialAction":[{"@type":"ReadAction","target":["https:\/\/gayaessence.com\/index.php\/producto\/grimorios\/"]}]},{"@type":"ImageObject","inLanguage":"es","@id":"https:\/\/gayaessence.com\/index.php\/producto\/grimorios\/#primaryimage","url":"https:\/\/gayaessence.com\/wp-content\/uploads\/2024\/11\/GRIMORIO-TRISKEL.png","contentUrl":"https:\/\/gayaessence.com\/wp-content\/uploads\/2024\/11\/GRIMORIO-TRISKEL.png","width":1080,"height":1080},{"@type":"BreadcrumbList","@id":"https:\/\/gayaessence.com\/index.php\/producto\/grimorios\/#breadcrumb","itemListElement":[{"@type":"ListItem","position":1,"name":"Portada","item":"https:\/\/gayaessence.com\/"},{"@type":"ListItem","position":2,"name":"Tienda","item":"https:\/\/gayaessence.com\/index.php\/shop\/"},{"@type":"ListItem","position":3,"name":"Grimorios"}]},{"@type":"WebSite","@id":"https:\/\/gayaessence.com\/#website","url":"https:\/\/gayaessence.com\/","name":"Gaya Essence","description":"Cuida, Protege y Eleva tu Vibraci\u00f3n","publisher":{"@id":"https:\/\/gayaessence.com\/#organization"},"potentialAction":[{"@type":"SearchAction","target":{"@type":"EntryPoint","urlTemplate":"https:\/\/gayaessence.com\/?s={search_term_string}"},"query-input":{"@type":"PropertyValueSpecification","valueRequired":true,"valueName":"search_term_string"}}],"inLanguage":"es"},{"@type":"Organization","@id":"https:\/\/gayaessence.com\/#organization","name":"Gaya Essence","url":"https:\/\/gayaessence.com\/","logo":{"@type":"ImageObject","inLanguage":"es","@id":"https:\/\/gayaessence.com\/#\/schema\/logo\/image\/","url":"https:\/\/gayaessence.com\/wp-content\/uploads\/2024\/10\/cropped-logo-transp-1.png","contentUrl":"https:\/\/gayaessence.com\/wp-content\/uploads\/2024\/10\/cropped-logo-transp-1.png","width":500,"height":196,"caption":"Gaya Essence"},"image":{"@id":"https:\/\/gayaessence.com\/#\/schema\/logo\/image\/"}}]}},"jetpack_sharing_enabled":true,"_links":{"self":[{"href":"https:\/\/gayaessence.com\/index.php\/wp-json\/wp\/v2\/product\/2501","targetHints":{"allow":["GET"]}}],"collection":[{"href":"https:\/\/gayaessence.com\/index.php\/wp-json\/wp\/v2\/product"}],"about":[{"href":"https:\/\/gayaessence.com\/index.php\/wp-json\/wp\/v2\/types\/product"}],"version-history":[{"count":6,"href":"https:\/\/gayaessence.com\/index.php\/wp-json\/wp\/v2\/product\/2501\/revisions"}],"predecessor-version":[{"id":4205,"href":"https:\/\/gayaessence.com\/index.php\/wp-json\/wp\/v2\/product\/2501\/revisions\/4205"}],"wp:featuredmedia":[{"embeddable":true,"href":"https:\/\/gayaessence.com\/index.php\/wp-json\/wp\/v2\/media\/2508"}],"wp:attachment":[{"href":"https:\/\/gayaessence.com\/index.php\/wp-json\/wp\/v2\/media?parent=2501"}],"wp:term":[{"taxonomy":"product_brand","embeddable":true,"href":"https:\/\/gayaessence.com\/index.php\/wp-json\/wp\/v2\/product_brand?post=2501"},{"taxonomy":"product_cat","embeddable":true,"href":"https:\/\/gayaessence.com\/index.php\/wp-json\/wp\/v2\/product_cat?post=2501"},{"taxonomy":"product_tag","embeddable":true,"href":"https:\/\/gayaessence.com\/index.php\/wp-json\/wp\/v2\/product_tag?post=2501"}],"curies":[{"name":"wp","href":"https:\/\/api.w.org\/{rel}","templated":true}]}}