{"id":2274,"date":"2024-11-25T11:20:48","date_gmt":"2024-11-25T11:20:48","guid":{"rendered":"https:\/\/gayaessence.com\/?post_type=product&#038;p=2274"},"modified":"2025-08-18T00:00:29","modified_gmt":"2025-08-18T00:00:29","slug":"piedra-luna","status":"publish","type":"product","link":"https:\/\/gayaessence.com\/index.php\/producto\/piedra-luna\/","title":{"rendered":"Piedra Luna"},"content":{"rendered":"\t\t<div data-elementor-type=\"wp-post\" data-elementor-id=\"2274\" class=\"elementor elementor-2274\">\n\t\t\t\t\t\t<section class=\"elementor-section elementor-top-section elementor-element elementor-element-ba79a43 elementor-section-boxed elementor-section-height-default elementor-section-height-default\" data-id=\"ba79a43\" data-element_type=\"section\">\n\t\t\t\t\t\t<div class=\"elementor-container elementor-column-gap-default\">\n\t\t\t\t\t<div class=\"elementor-column elementor-col-100 elementor-top-column elementor-element elementor-element-183df69\" data-id=\"183df69\" data-element_type=\"column\">\n\t\t\t<div class=\"elementor-widget-wrap elementor-element-populated\">\n\t\t\t\t\t\t<section class=\"elementor-section elementor-inner-section elementor-element elementor-element-f5dfea0 elementor-section-boxed elementor-section-height-default elementor-section-height-default\" data-id=\"f5dfea0\" data-element_type=\"section\">\n\t\t\t\t\t\t<div class=\"elementor-container elementor-column-gap-default\">\n\t\t\t\t\t<div class=\"elementor-column elementor-col-50 elementor-inner-column elementor-element elementor-element-a5c31cf\" data-id=\"a5c31cf\" data-element_type=\"column\">\n\t\t\t<div class=\"elementor-widget-wrap elementor-element-populated\">\n\t\t\t\t\t\t<div class=\"elementor-element elementor-element-ae33da0 elementor-widget elementor-widget-heading\" data-id=\"ae33da0\" data-element_type=\"widget\" data-widget_type=\"heading.default\">\n\t\t\t\t<div class=\"elementor-widget-container\">\n\t\t\t<h3 class=\"elementor-heading-title elementor-size-default\">Propiedades<\/h3>\t\t<\/div>\n\t\t\t\t<\/div>\n\t\t\t\t<div class=\"elementor-element elementor-element-ae57f90 elementor-widget elementor-widget-text-editor\" data-id=\"ae57f90\" data-element_type=\"widget\" data-widget_type=\"text-editor.default\">\n\t\t\t\t<div class=\"elementor-widget-container\">\n\t\t\t\t\t\t\t<p>La principal caracter\u00edstica de la luna es que es c\u00edclica y pasa por cuatro fases durante cada lunaci\u00f3n, por eso se dice que la piedra luna nos ayuda a sobrellevar los ciclos, los cambios de la vida y es considerada como el mineral de los nuevos comienzos.<\/p><p>Tambi\u00e9n una piedra que apoya a la mujer en sus diferentes etapas de la vida, ya que se relaciona con los ciclos hormonales y aporta equilibrio, armon\u00eda y estabilidad.<\/p><p>Algunas mujeres llevan la piedra luna encima en caso de dolores menstruales.<\/p><p>Algunas mujeres utilizan la piedra luna para potenciar la fertilidad.<\/p><p>Algunas mujeres utilizan la piedra luna como amuleto protector durante el embarazo.<\/p><p>Algunas mujeres utilizan la piedra luna como aliada durante la lactancia.<\/p><p>Algunas mujeres utilizan la piedra luna como aliada durante la menopausia.<\/p><p>Y adem\u00e1s&#8230; si quieres trabajar en tu energ\u00eda femenina y potenciarla, la piedra luna es una de las mejores opciones que tienes.<\/p>\t\t\t\t\t\t<\/div>\n\t\t\t\t<\/div>\n\t\t\t\t<div class=\"elementor-element elementor-element-8393678 elementor-widget elementor-widget-heading\" data-id=\"8393678\" data-element_type=\"widget\" data-widget_type=\"heading.default\">\n\t\t\t\t<div class=\"elementor-widget-container\">\n\t\t\t<h3 class=\"elementor-heading-title elementor-size-default\">Tipos<\/h3>\t\t<\/div>\n\t\t\t\t<\/div>\n\t\t\t\t<div class=\"elementor-element elementor-element-0918f15 elementor-widget elementor-widget-n-accordion\" data-id=\"0918f15\" data-element_type=\"widget\" data-settings=\"{&quot;default_state&quot;:&quot;expanded&quot;,&quot;max_items_expended&quot;:&quot;one&quot;,&quot;n_accordion_animation_duration&quot;:{&quot;unit&quot;:&quot;ms&quot;,&quot;size&quot;:400,&quot;sizes&quot;:[]}}\" data-widget_type=\"nested-accordion.default\">\n\t\t\t\t<div class=\"elementor-widget-container\">\n\t\t\t\t\t<div class=\"e-n-accordion\" aria-label=\"Accordion. Open links with Enter or Space, close with Escape, and navigate with Arrow Keys\">\n\t\t\t\t\t\t<details id=\"e-n-accordion-item-9530\" class=\"e-n-accordion-item\" open>\n\t\t\t\t<summary class=\"e-n-accordion-item-title\" data-accordion-index=\"1\" tabindex=\"0\" aria-expanded=\"true\" aria-controls=\"e-n-accordion-item-9530\" >\n\t\t\t\t\t<span class='e-n-accordion-item-title-header'><div class=\"e-n-accordion-item-title-text\"> Rodado de piedra luna <\/div><\/span>\n\t\t\t\t\t\t\t<span class='e-n-accordion-item-title-icon'>\n\t\t\t<span class='e-opened' ><svg aria-hidden=\"true\" class=\"e-font-icon-svg e-fas-minus\" viewBox=\"0 0 448 512\" xmlns=\"http:\/\/www.w3.org\/2000\/svg\"><path d=\"M416 208H32c-17.67 0-32 14.33-32 32v32c0 17.67 14.33 32 32 32h384c17.67 0 32-14.33 32-32v-32c0-17.67-14.33-32-32-32z\"><\/path><\/svg><\/span>\n\t\t\t<span class='e-closed'><svg aria-hidden=\"true\" class=\"e-font-icon-svg e-fas-plus\" viewBox=\"0 0 448 512\" xmlns=\"http:\/\/www.w3.org\/2000\/svg\"><path d=\"M416 208H272V64c0-17.67-14.33-32-32-32h-32c-17.67 0-32 14.33-32 32v144H32c-17.67 0-32 14.33-32 32v32c0 17.67 14.33 32 32 32h144v144c0 17.67 14.33 32 32 32h32c17.67 0 32-14.33 32-32V304h144c17.67 0 32-14.33 32-32v-32c0-17.67-14.33-32-32-32z\"><\/path><\/svg><\/span>\n\t\t<\/span>\n\n\t\t\t\t\t\t<\/summary>\n\t\t\t\t<div role=\"region\" aria-labelledby=\"e-n-accordion-item-9530\" class=\"elementor-element elementor-element-7afb089 e-con-full e-flex e-con e-child\" data-id=\"7afb089\" data-element_type=\"container\">\n\t\t\t\t<div class=\"elementor-element elementor-element-9cc882c elementor-widget elementor-widget-text-editor\" data-id=\"9cc882c\" data-element_type=\"widget\" data-widget_type=\"text-editor.default\">\n\t\t\t\t<div class=\"elementor-widget-container\">\n\t\t\t\t\t\t\t<ul><li>Detalles:<\/li><\/ul><p>Tama\u00f1o aproximado: 5cm<\/p><p>Peso aproximado: 40cm<\/p><ul><li>Procedencia:<\/li><\/ul><p>Brasil<\/p>\t\t\t\t\t\t<\/div>\n\t\t\t\t<\/div>\n\t\t\t\t<\/div>\n\t\t\t\t\t<\/details>\n\t\t\t\t\t\t<details id=\"e-n-accordion-item-9531\" class=\"e-n-accordion-item\" >\n\t\t\t\t<summary class=\"e-n-accordion-item-title\" data-accordion-index=\"2\" tabindex=\"-1\" aria-expanded=\"false\" aria-controls=\"e-n-accordion-item-9531\" >\n\t\t\t\t\t<span class='e-n-accordion-item-title-header'><div class=\"e-n-accordion-item-title-text\"> P\u00e9ndulo Mermet con Piedra luna y Chakras en Ba\u00f1o de plata <\/div><\/span>\n\t\t\t\t\t\t\t<span class='e-n-accordion-item-title-icon'>\n\t\t\t<span class='e-opened' ><svg aria-hidden=\"true\" class=\"e-font-icon-svg e-fas-minus\" viewBox=\"0 0 448 512\" xmlns=\"http:\/\/www.w3.org\/2000\/svg\"><path d=\"M416 208H32c-17.67 0-32 14.33-32 32v32c0 17.67 14.33 32 32 32h384c17.67 0 32-14.33 32-32v-32c0-17.67-14.33-32-32-32z\"><\/path><\/svg><\/span>\n\t\t\t<span class='e-closed'><svg aria-hidden=\"true\" class=\"e-font-icon-svg e-fas-plus\" viewBox=\"0 0 448 512\" xmlns=\"http:\/\/www.w3.org\/2000\/svg\"><path d=\"M416 208H272V64c0-17.67-14.33-32-32-32h-32c-17.67 0-32 14.33-32 32v144H32c-17.67 0-32 14.33-32 32v32c0 17.67 14.33 32 32 32h144v144c0 17.67 14.33 32 32 32h32c17.67 0 32-14.33 32-32V304h144c17.67 0 32-14.33 32-32v-32c0-17.67-14.33-32-32-32z\"><\/path><\/svg><\/span>\n\t\t<\/span>\n\n\t\t\t\t\t\t<\/summary>\n\t\t\t\t<div role=\"region\" aria-labelledby=\"e-n-accordion-item-9531\" class=\"elementor-element elementor-element-8499ebc e-con-full e-flex e-con e-child\" data-id=\"8499ebc\" data-element_type=\"container\">\n\t\t\t\t<div class=\"elementor-element elementor-element-c515c91 elementor-widget elementor-widget-text-editor\" data-id=\"c515c91\" data-element_type=\"widget\" data-widget_type=\"text-editor.default\">\n\t\t\t\t<div class=\"elementor-widget-container\">\n\t\t\t\t\t\t\t<p>Los p\u00e9ndulos son peque\u00f1os grandes amuletos que van contigo a cualquier parte, pero tambi\u00e9n son un m\u00e9todo de consulta que te permite hacer preguntas y te da respuestas seg\u00fan la energ\u00eda. Adem\u00e1s, tambi\u00e9n te pueden ayudar a tomar decisiones y son muy \u00fatiles para testear la energ\u00eda de personas, ambientes y objetos.<\/p><ul><li>Detalles:<\/li><\/ul><p>Tama\u00f1o aproximado: 4 cm<\/p><p>Peso aproximado: 22 gr<\/p><p>Minerales Chakras: Jaspe Rojo, Cornalina, Aragonito, Piedra Luna, Cuarzo Verde, Lapisl\u00e1zuli y Amatista<\/p><ul><li>Procedencia:<\/li><\/ul><p>Brasil<\/p>\t\t\t\t\t\t<\/div>\n\t\t\t\t<\/div>\n\t\t\t\t<\/div>\n\t\t\t\t\t<\/details>\n\t\t\t\t\t\t<details id=\"e-n-accordion-item-9532\" class=\"e-n-accordion-item\" >\n\t\t\t\t<summary class=\"e-n-accordion-item-title\" data-accordion-index=\"3\" tabindex=\"-1\" aria-expanded=\"false\" aria-controls=\"e-n-accordion-item-9532\" >\n\t\t\t\t\t<span class='e-n-accordion-item-title-header'><div class=\"e-n-accordion-item-title-text\"> P\u00e9ndulo facetado de Piedra Luna <\/div><\/span>\n\t\t\t\t\t\t\t<span class='e-n-accordion-item-title-icon'>\n\t\t\t<span class='e-opened' ><svg aria-hidden=\"true\" class=\"e-font-icon-svg e-fas-minus\" viewBox=\"0 0 448 512\" xmlns=\"http:\/\/www.w3.org\/2000\/svg\"><path d=\"M416 208H32c-17.67 0-32 14.33-32 32v32c0 17.67 14.33 32 32 32h384c17.67 0 32-14.33 32-32v-32c0-17.67-14.33-32-32-32z\"><\/path><\/svg><\/span>\n\t\t\t<span class='e-closed'><svg aria-hidden=\"true\" class=\"e-font-icon-svg e-fas-plus\" viewBox=\"0 0 448 512\" xmlns=\"http:\/\/www.w3.org\/2000\/svg\"><path d=\"M416 208H272V64c0-17.67-14.33-32-32-32h-32c-17.67 0-32 14.33-32 32v144H32c-17.67 0-32 14.33-32 32v32c0 17.67 14.33 32 32 32h144v144c0 17.67 14.33 32 32 32h32c17.67 0 32-14.33 32-32V304h144c17.67 0 32-14.33 32-32v-32c0-17.67-14.33-32-32-32z\"><\/path><\/svg><\/span>\n\t\t<\/span>\n\n\t\t\t\t\t\t<\/summary>\n\t\t\t\t<div role=\"region\" aria-labelledby=\"e-n-accordion-item-9532\" class=\"elementor-element elementor-element-817b0dc e-con-full e-flex e-con e-child\" data-id=\"817b0dc\" data-element_type=\"container\">\n\t\t\t\t<div class=\"elementor-element elementor-element-0717d26 elementor-widget elementor-widget-text-editor\" data-id=\"0717d26\" data-element_type=\"widget\" data-widget_type=\"text-editor.default\">\n\t\t\t\t<div class=\"elementor-widget-container\">\n\t\t\t\t\t\t\t<p>Los p\u00e9ndulos son peque\u00f1os grandes amuletos que van contigo a cualquier parte, pero tambi\u00e9n son un m\u00e9todo de consulta que te permite hacer preguntas y te da respuestas seg\u00fan la energ\u00eda. Adem\u00e1s, tambi\u00e9n te pueden ayudar a tomar decisiones y son muy \u00fatiles para testear la energ\u00eda de personas, ambientes y objetos.<\/p><ul><li>Detalles:<\/li><\/ul><p>Tama\u00f1o aproximado: 4cm<\/p><p>Peso aproximado: 17 gr<\/p><ul><li>Procedencia:<\/li><\/ul><p>India<\/p>\t\t\t\t\t\t<\/div>\n\t\t\t\t<\/div>\n\t\t\t\t<\/div>\n\t\t\t\t\t<\/details>\n\t\t\t\t\t\t<details id=\"e-n-accordion-item-9533\" class=\"e-n-accordion-item\" >\n\t\t\t\t<summary class=\"e-n-accordion-item-title\" data-accordion-index=\"4\" tabindex=\"-1\" aria-expanded=\"false\" aria-controls=\"e-n-accordion-item-9533\" >\n\t\t\t\t\t<span class='e-n-accordion-item-title-header'><div class=\"e-n-accordion-item-title-text\"> Pulsera facetada de Piedra Luna blanca <\/div><\/span>\n\t\t\t\t\t\t\t<span class='e-n-accordion-item-title-icon'>\n\t\t\t<span class='e-opened' ><svg aria-hidden=\"true\" class=\"e-font-icon-svg e-fas-minus\" viewBox=\"0 0 448 512\" xmlns=\"http:\/\/www.w3.org\/2000\/svg\"><path d=\"M416 208H32c-17.67 0-32 14.33-32 32v32c0 17.67 14.33 32 32 32h384c17.67 0 32-14.33 32-32v-32c0-17.67-14.33-32-32-32z\"><\/path><\/svg><\/span>\n\t\t\t<span class='e-closed'><svg aria-hidden=\"true\" class=\"e-font-icon-svg e-fas-plus\" viewBox=\"0 0 448 512\" xmlns=\"http:\/\/www.w3.org\/2000\/svg\"><path d=\"M416 208H272V64c0-17.67-14.33-32-32-32h-32c-17.67 0-32 14.33-32 32v144H32c-17.67 0-32 14.33-32 32v32c0 17.67 14.33 32 32 32h144v144c0 17.67 14.33 32 32 32h32c17.67 0 32-14.33 32-32V304h144c17.67 0 32-14.33 32-32v-32c0-17.67-14.33-32-32-32z\"><\/path><\/svg><\/span>\n\t\t<\/span>\n\n\t\t\t\t\t\t<\/summary>\n\t\t\t\t<div role=\"region\" aria-labelledby=\"e-n-accordion-item-9533\" class=\"elementor-element elementor-element-5d0d322 e-con-full e-flex e-con e-child\" data-id=\"5d0d322\" data-element_type=\"container\">\n\t\t\t\t<div class=\"elementor-element elementor-element-8809bd7 elementor-widget elementor-widget-text-editor\" data-id=\"8809bd7\" data-element_type=\"widget\" data-widget_type=\"text-editor.default\">\n\t\t\t\t<div class=\"elementor-widget-container\">\n\t\t\t\t\t\t\t<ul><li>Detalles:<\/li><\/ul><p>El hilo es goma el\u00e1stica y tiene un di\u00e1metro aproximado de 5,5 cm.<\/p>\t\t\t\t\t\t<\/div>\n\t\t\t\t<\/div>\n\t\t\t\t<\/div>\n\t\t\t\t\t<\/details>\n\t\t\t\t\t<\/div>\n\t\t\t\t\t<script type=\"application\/ld+json\">{\"@context\":\"https:\\\/\\\/schema.org\",\"@type\":\"FAQPage\",\"mainEntity\":[{\"@type\":\"Question\",\"name\":\"Rodado de piedra luna\",\"acceptedAnswer\":{\"@type\":\"Answer\",\"text\":\"Detalles:Tama\\u00f1o aproximado: 5cmPeso aproximado: 40cmProcedencia:Brasil\"}},{\"@type\":\"Question\",\"name\":\"P\\u00e9ndulo Mermet con Piedra luna y Chakras en Ba\\u00f1o de plata\",\"acceptedAnswer\":{\"@type\":\"Answer\",\"text\":\"Los p\\u00e9ndulos son peque\\u00f1os grandes amuletos que van contigo a cualquier parte, pero tambi\\u00e9n son un m\\u00e9todo de consulta que te permite hacer preguntas y te da respuestas seg\\u00fan la energ\\u00eda. Adem\\u00e1s, tambi\\u00e9n te pueden ayudar a tomar decisiones y son muy \\u00fatiles para testear la energ\\u00eda de personas, ambientes y objetos.Detalles:Tama\\u00f1o aproximado: 4 cmPeso aproximado: 22 grMinerales Chakras: Jaspe Rojo, Cornalina, Aragonito, Piedra Luna, Cuarzo Verde, Lapisl\\u00e1zuli y AmatistaProcedencia:Brasil\"}},{\"@type\":\"Question\",\"name\":\"P\\u00e9ndulo facetado de Piedra Luna\",\"acceptedAnswer\":{\"@type\":\"Answer\",\"text\":\"Los p\\u00e9ndulos son peque\\u00f1os grandes amuletos que van contigo a cualquier parte, pero tambi\\u00e9n son un m\\u00e9todo de consulta que te permite hacer preguntas y te da respuestas seg\\u00fan la energ\\u00eda. Adem\\u00e1s, tambi\\u00e9n te pueden ayudar a tomar decisiones y son muy \\u00fatiles para testear la energ\\u00eda de personas, ambientes y objetos.Detalles:Tama\\u00f1o aproximado: 4cmPeso aproximado: 17 grProcedencia:India\"}},{\"@type\":\"Question\",\"name\":\"Pulsera facetada de Piedra Luna blanca\",\"acceptedAnswer\":{\"@type\":\"Answer\",\"text\":\"Detalles:El hilo es goma el\\u00e1stica y tiene un di\\u00e1metro aproximado de 5,5 cm.\"}}]}<\/script>\n\t\t\t\t\t<\/div>\n\t\t\t\t<\/div>\n\t\t\t\t\t<\/div>\n\t\t<\/div>\n\t\t\t\t<div class=\"elementor-column elementor-col-50 elementor-inner-column elementor-element elementor-element-a967996\" data-id=\"a967996\" data-element_type=\"column\">\n\t\t\t<div class=\"elementor-widget-wrap elementor-element-populated\">\n\t\t\t\t\t\t<div class=\"elementor-element elementor-element-38791ca elementor-widget elementor-widget-image\" data-id=\"38791ca\" data-element_type=\"widget\" data-widget_type=\"image.default\">\n\t\t\t\t<div class=\"elementor-widget-container\">\n\t\t\t\t\t\t\t\t\t\t\t\t\t<img fetchpriority=\"high\" decoding=\"async\" width=\"1080\" height=\"1080\" src=\"https:\/\/gayaessence.com\/wp-content\/uploads\/2024\/11\/RODADO-DE-PIEDRA-LUNA.png\" class=\"attachment-large size-large wp-image-2281\" alt=\"\" srcset=\"https:\/\/gayaessence.com\/wp-content\/uploads\/2024\/11\/RODADO-DE-PIEDRA-LUNA.png 1080w, https:\/\/gayaessence.com\/wp-content\/uploads\/2024\/11\/RODADO-DE-PIEDRA-LUNA-500x500.png 500w, https:\/\/gayaessence.com\/wp-content\/uploads\/2024\/11\/RODADO-DE-PIEDRA-LUNA-300x300.png 300w, https:\/\/gayaessence.com\/wp-content\/uploads\/2024\/11\/RODADO-DE-PIEDRA-LUNA-768x768.png 768w, https:\/\/gayaessence.com\/wp-content\/uploads\/2024\/11\/RODADO-DE-PIEDRA-LUNA-150x150.png 150w, https:\/\/gayaessence.com\/wp-content\/uploads\/2024\/11\/RODADO-DE-PIEDRA-LUNA-75x75.png 75w, https:\/\/gayaessence.com\/wp-content\/uploads\/2024\/11\/RODADO-DE-PIEDRA-LUNA-480x480.png 480w, https:\/\/gayaessence.com\/wp-content\/uploads\/2024\/11\/RODADO-DE-PIEDRA-LUNA-800x800.png 800w\" sizes=\"(max-width:767px) 480px, (max-width:1080px) 100vw, 1080px\" \/>\t\t\t\t\t\t\t\t\t\t\t\t\t<\/div>\n\t\t\t\t<\/div>\n\t\t\t\t\t<\/div>\n\t\t<\/div>\n\t\t\t\t\t<\/div>\n\t\t<\/section>\n\t\t\t\t\t<\/div>\n\t\t<\/div>\n\t\t\t\t\t<\/div>\n\t\t<\/section>\n\t\t\t\t<\/div>\n\t\t","protected":false},"excerpt":{"rendered":"<p>Propiedades La principal caracter\u00edstica de la luna es que es c\u00edclica y pasa por cuatro fases durante cada lunaci\u00f3n, por eso se dice que la piedra<span class=\"excerpt-hellip\"> [\u2026]<\/span><\/p>\n","protected":false},"featured_media":2281,"template":"","meta":[],"product_brand":[],"product_cat":[30,175],"product_tag":[],"class_list":{"0":"post-2274","1":"product","2":"type-product","3":"status-publish","4":"has-post-thumbnail","6":"product_cat-cristales","7":"product_cat-top5cristales","9":"first","10":"instock","11":"shipping-taxable","12":"purchasable","13":"product-type-variable"},"yoast_head":"<!-- This site is optimized with the Yoast SEO plugin v23.9 - https:\/\/yoast.com\/wordpress\/plugins\/seo\/ -->\n<title>Piedra Luna - Gaya Essence<\/title>\n<meta name=\"robots\" content=\"index, follow, max-snippet:-1, max-image-preview:large, max-video-preview:-1\" \/>\n<link rel=\"canonical\" href=\"https:\/\/gayaessence.com\/index.php\/producto\/piedra-luna\/\" \/>\n<meta property=\"og:locale\" content=\"es_ES\" \/>\n<meta property=\"og:type\" content=\"article\" \/>\n<meta property=\"og:title\" content=\"Piedra Luna - Gaya Essence\" \/>\n<meta property=\"og:description\" content=\"Propiedades La principal caracter\u00edstica de la luna es que es c\u00edclica y pasa por cuatro fases durante cada lunaci\u00f3n, por eso se dice que la piedra [\u2026]\" \/>\n<meta property=\"og:url\" content=\"https:\/\/gayaessence.com\/index.php\/producto\/piedra-luna\/\" \/>\n<meta property=\"og:site_name\" content=\"Gaya Essence\" \/>\n<meta property=\"article:modified_time\" content=\"2025-08-18T00:00:29+00:00\" \/>\n<meta property=\"og:image\" content=\"https:\/\/gayaessence.com\/wp-content\/uploads\/2024\/11\/RODADO-DE-PIEDRA-LUNA.png\" \/>\n\t<meta property=\"og:image:width\" content=\"1080\" \/>\n\t<meta property=\"og:image:height\" content=\"1080\" \/>\n\t<meta property=\"og:image:type\" content=\"image\/png\" \/>\n<meta name=\"twitter:card\" content=\"summary_large_image\" \/>\n<meta name=\"twitter:label1\" content=\"Tiempo de lectura\" \/>\n\t<meta name=\"twitter:data1\" content=\"3 minutos\" \/>\n<script type=\"application\/ld+json\" class=\"yoast-schema-graph\">{\"@context\":\"https:\/\/schema.org\",\"@graph\":[{\"@type\":\"WebPage\",\"@id\":\"https:\/\/gayaessence.com\/index.php\/producto\/piedra-luna\/\",\"url\":\"https:\/\/gayaessence.com\/index.php\/producto\/piedra-luna\/\",\"name\":\"Piedra Luna - Gaya Essence\",\"isPartOf\":{\"@id\":\"https:\/\/gayaessence.com\/#website\"},\"primaryImageOfPage\":{\"@id\":\"https:\/\/gayaessence.com\/index.php\/producto\/piedra-luna\/#primaryimage\"},\"image\":{\"@id\":\"https:\/\/gayaessence.com\/index.php\/producto\/piedra-luna\/#primaryimage\"},\"thumbnailUrl\":\"https:\/\/gayaessence.com\/wp-content\/uploads\/2024\/11\/RODADO-DE-PIEDRA-LUNA.png\",\"datePublished\":\"2024-11-25T11:20:48+00:00\",\"dateModified\":\"2025-08-18T00:00:29+00:00\",\"breadcrumb\":{\"@id\":\"https:\/\/gayaessence.com\/index.php\/producto\/piedra-luna\/#breadcrumb\"},\"inLanguage\":\"es\",\"potentialAction\":[{\"@type\":\"ReadAction\",\"target\":[\"https:\/\/gayaessence.com\/index.php\/producto\/piedra-luna\/\"]}]},{\"@type\":\"ImageObject\",\"inLanguage\":\"es\",\"@id\":\"https:\/\/gayaessence.com\/index.php\/producto\/piedra-luna\/#primaryimage\",\"url\":\"https:\/\/gayaessence.com\/wp-content\/uploads\/2024\/11\/RODADO-DE-PIEDRA-LUNA.png\",\"contentUrl\":\"https:\/\/gayaessence.com\/wp-content\/uploads\/2024\/11\/RODADO-DE-PIEDRA-LUNA.png\",\"width\":1080,\"height\":1080},{\"@type\":\"BreadcrumbList\",\"@id\":\"https:\/\/gayaessence.com\/index.php\/producto\/piedra-luna\/#breadcrumb\",\"itemListElement\":[{\"@type\":\"ListItem\",\"position\":1,\"name\":\"Portada\",\"item\":\"https:\/\/gayaessence.com\/\"},{\"@type\":\"ListItem\",\"position\":2,\"name\":\"Tienda\",\"item\":\"https:\/\/gayaessence.com\/index.php\/shop\/\"},{\"@type\":\"ListItem\",\"position\":3,\"name\":\"Piedra Luna\"}]},{\"@type\":\"WebSite\",\"@id\":\"https:\/\/gayaessence.com\/#website\",\"url\":\"https:\/\/gayaessence.com\/\",\"name\":\"Gaya Essence\",\"description\":\"Cuida, Protege y Eleva tu Vibraci\u00f3n\",\"publisher\":{\"@id\":\"https:\/\/gayaessence.com\/#organization\"},\"potentialAction\":[{\"@type\":\"SearchAction\",\"target\":{\"@type\":\"EntryPoint\",\"urlTemplate\":\"https:\/\/gayaessence.com\/?s={search_term_string}\"},\"query-input\":{\"@type\":\"PropertyValueSpecification\",\"valueRequired\":true,\"valueName\":\"search_term_string\"}}],\"inLanguage\":\"es\"},{\"@type\":\"Organization\",\"@id\":\"https:\/\/gayaessence.com\/#organization\",\"name\":\"Gaya Essence\",\"url\":\"https:\/\/gayaessence.com\/\",\"logo\":{\"@type\":\"ImageObject\",\"inLanguage\":\"es\",\"@id\":\"https:\/\/gayaessence.com\/#\/schema\/logo\/image\/\",\"url\":\"https:\/\/gayaessence.com\/wp-content\/uploads\/2024\/10\/cropped-logo-transp-1.png\",\"contentUrl\":\"https:\/\/gayaessence.com\/wp-content\/uploads\/2024\/10\/cropped-logo-transp-1.png\",\"width\":500,\"height\":196,\"caption\":\"Gaya Essence\"},\"image\":{\"@id\":\"https:\/\/gayaessence.com\/#\/schema\/logo\/image\/\"}}]}<\/script>\n<!-- \/ Yoast SEO plugin. -->","yoast_head_json":{"title":"Piedra Luna - Gaya Essence","robots":{"index":"index","follow":"follow","max-snippet":"max-snippet:-1","max-image-preview":"max-image-preview:large","max-video-preview":"max-video-preview:-1"},"canonical":"https:\/\/gayaessence.com\/index.php\/producto\/piedra-luna\/","og_locale":"es_ES","og_type":"article","og_title":"Piedra Luna - Gaya Essence","og_description":"Propiedades La principal caracter\u00edstica de la luna es que es c\u00edclica y pasa por cuatro fases durante cada lunaci\u00f3n, por eso se dice que la piedra [\u2026]","og_url":"https:\/\/gayaessence.com\/index.php\/producto\/piedra-luna\/","og_site_name":"Gaya Essence","article_modified_time":"2025-08-18T00:00:29+00:00","og_image":[{"width":1080,"height":1080,"url":"https:\/\/gayaessence.com\/wp-content\/uploads\/2024\/11\/RODADO-DE-PIEDRA-LUNA.png","type":"image\/png"}],"twitter_card":"summary_large_image","twitter_misc":{"Tiempo de lectura":"3 minutos"},"schema":{"@context":"https:\/\/schema.org","@graph":[{"@type":"WebPage","@id":"https:\/\/gayaessence.com\/index.php\/producto\/piedra-luna\/","url":"https:\/\/gayaessence.com\/index.php\/producto\/piedra-luna\/","name":"Piedra Luna - Gaya Essence","isPartOf":{"@id":"https:\/\/gayaessence.com\/#website"},"primaryImageOfPage":{"@id":"https:\/\/gayaessence.com\/index.php\/producto\/piedra-luna\/#primaryimage"},"image":{"@id":"https:\/\/gayaessence.com\/index.php\/producto\/piedra-luna\/#primaryimage"},"thumbnailUrl":"https:\/\/gayaessence.com\/wp-content\/uploads\/2024\/11\/RODADO-DE-PIEDRA-LUNA.png","datePublished":"2024-11-25T11:20:48+00:00","dateModified":"2025-08-18T00:00:29+00:00","breadcrumb":{"@id":"https:\/\/gayaessence.com\/index.php\/producto\/piedra-luna\/#breadcrumb"},"inLanguage":"es","potentialAction":[{"@type":"ReadAction","target":["https:\/\/gayaessence.com\/index.php\/producto\/piedra-luna\/"]}]},{"@type":"ImageObject","inLanguage":"es","@id":"https:\/\/gayaessence.com\/index.php\/producto\/piedra-luna\/#primaryimage","url":"https:\/\/gayaessence.com\/wp-content\/uploads\/2024\/11\/RODADO-DE-PIEDRA-LUNA.png","contentUrl":"https:\/\/gayaessence.com\/wp-content\/uploads\/2024\/11\/RODADO-DE-PIEDRA-LUNA.png","width":1080,"height":1080},{"@type":"BreadcrumbList","@id":"https:\/\/gayaessence.com\/index.php\/producto\/piedra-luna\/#breadcrumb","itemListElement":[{"@type":"ListItem","position":1,"name":"Portada","item":"https:\/\/gayaessence.com\/"},{"@type":"ListItem","position":2,"name":"Tienda","item":"https:\/\/gayaessence.com\/index.php\/shop\/"},{"@type":"ListItem","position":3,"name":"Piedra Luna"}]},{"@type":"WebSite","@id":"https:\/\/gayaessence.com\/#website","url":"https:\/\/gayaessence.com\/","name":"Gaya Essence","description":"Cuida, Protege y Eleva tu Vibraci\u00f3n","publisher":{"@id":"https:\/\/gayaessence.com\/#organization"},"potentialAction":[{"@type":"SearchAction","target":{"@type":"EntryPoint","urlTemplate":"https:\/\/gayaessence.com\/?s={search_term_string}"},"query-input":{"@type":"PropertyValueSpecification","valueRequired":true,"valueName":"search_term_string"}}],"inLanguage":"es"},{"@type":"Organization","@id":"https:\/\/gayaessence.com\/#organization","name":"Gaya Essence","url":"https:\/\/gayaessence.com\/","logo":{"@type":"ImageObject","inLanguage":"es","@id":"https:\/\/gayaessence.com\/#\/schema\/logo\/image\/","url":"https:\/\/gayaessence.com\/wp-content\/uploads\/2024\/10\/cropped-logo-transp-1.png","contentUrl":"https:\/\/gayaessence.com\/wp-content\/uploads\/2024\/10\/cropped-logo-transp-1.png","width":500,"height":196,"caption":"Gaya Essence"},"image":{"@id":"https:\/\/gayaessence.com\/#\/schema\/logo\/image\/"}}]}},"jetpack_sharing_enabled":true,"_links":{"self":[{"href":"https:\/\/gayaessence.com\/index.php\/wp-json\/wp\/v2\/product\/2274","targetHints":{"allow":["GET"]}}],"collection":[{"href":"https:\/\/gayaessence.com\/index.php\/wp-json\/wp\/v2\/product"}],"about":[{"href":"https:\/\/gayaessence.com\/index.php\/wp-json\/wp\/v2\/types\/product"}],"version-history":[{"count":7,"href":"https:\/\/gayaessence.com\/index.php\/wp-json\/wp\/v2\/product\/2274\/revisions"}],"predecessor-version":[{"id":4243,"href":"https:\/\/gayaessence.com\/index.php\/wp-json\/wp\/v2\/product\/2274\/revisions\/4243"}],"wp:featuredmedia":[{"embeddable":true,"href":"https:\/\/gayaessence.com\/index.php\/wp-json\/wp\/v2\/media\/2281"}],"wp:attachment":[{"href":"https:\/\/gayaessence.com\/index.php\/wp-json\/wp\/v2\/media?parent=2274"}],"wp:term":[{"taxonomy":"product_brand","embeddable":true,"href":"https:\/\/gayaessence.com\/index.php\/wp-json\/wp\/v2\/product_brand?post=2274"},{"taxonomy":"product_cat","embeddable":true,"href":"https:\/\/gayaessence.com\/index.php\/wp-json\/wp\/v2\/product_cat?post=2274"},{"taxonomy":"product_tag","embeddable":true,"href":"https:\/\/gayaessence.com\/index.php\/wp-json\/wp\/v2\/product_tag?post=2274"}],"curies":[{"name":"wp","href":"https:\/\/api.w.org\/{rel}","templated":true}]}}