{"id":2057,"date":"2024-11-24T10:02:15","date_gmt":"2024-11-24T10:02:15","guid":{"rendered":"https:\/\/gayaessence.com\/?post_type=product&#038;p=2057"},"modified":"2025-10-25T20:24:15","modified_gmt":"2025-10-25T20:24:15","slug":"incensario-rejilla","status":"publish","type":"product","link":"https:\/\/gayaessence.com\/index.php\/producto\/incensario-rejilla\/","title":{"rendered":"Incensario rejilla"},"content":{"rendered":"\t\t<div data-elementor-type=\"wp-post\" data-elementor-id=\"2057\" class=\"elementor elementor-2057\">\n\t\t\t\t\t\t<section class=\"elementor-section elementor-top-section elementor-element elementor-element-ba79a43 elementor-section-boxed elementor-section-height-default elementor-section-height-default\" data-id=\"ba79a43\" data-element_type=\"section\">\n\t\t\t\t\t\t<div class=\"elementor-container elementor-column-gap-default\">\n\t\t\t\t\t<div class=\"elementor-column elementor-col-100 elementor-top-column elementor-element elementor-element-183df69\" data-id=\"183df69\" data-element_type=\"column\">\n\t\t\t<div class=\"elementor-widget-wrap elementor-element-populated\">\n\t\t\t\t\t\t<section class=\"elementor-section elementor-inner-section elementor-element elementor-element-f5dfea0 elementor-section-boxed elementor-section-height-default elementor-section-height-default\" data-id=\"f5dfea0\" data-element_type=\"section\">\n\t\t\t\t\t\t<div class=\"elementor-container elementor-column-gap-default\">\n\t\t\t\t\t<div class=\"elementor-column elementor-col-50 elementor-inner-column elementor-element elementor-element-a5c31cf\" data-id=\"a5c31cf\" data-element_type=\"column\">\n\t\t\t<div class=\"elementor-widget-wrap elementor-element-populated\">\n\t\t\t\t\t\t<div class=\"elementor-element elementor-element-2e9e04f elementor-widget elementor-widget-heading\" data-id=\"2e9e04f\" data-element_type=\"widget\" data-widget_type=\"heading.default\">\n\t\t\t\t<div class=\"elementor-widget-container\">\n\t\t\t<h3 class=\"elementor-heading-title elementor-size-default\">Tipos<\/h3>\t\t<\/div>\n\t\t\t\t<\/div>\n\t\t\t\t<div class=\"elementor-element elementor-element-572340d elementor-widget elementor-widget-n-accordion\" data-id=\"572340d\" data-element_type=\"widget\" data-settings=\"{&quot;default_state&quot;:&quot;expanded&quot;,&quot;max_items_expended&quot;:&quot;one&quot;,&quot;n_accordion_animation_duration&quot;:{&quot;unit&quot;:&quot;ms&quot;,&quot;size&quot;:400,&quot;sizes&quot;:[]}}\" data-widget_type=\"nested-accordion.default\">\n\t\t\t\t<div class=\"elementor-widget-container\">\n\t\t\t\t\t<div class=\"e-n-accordion\" aria-label=\"Accordion. Open links with Enter or Space, close with Escape, and navigate with Arrow Keys\">\n\t\t\t\t\t\t<details id=\"e-n-accordion-item-9130\" class=\"e-n-accordion-item\" open>\n\t\t\t\t<summary class=\"e-n-accordion-item-title\" data-accordion-index=\"1\" tabindex=\"0\" aria-expanded=\"true\" aria-controls=\"e-n-accordion-item-9130\" >\n\t\t\t\t\t<span class='e-n-accordion-item-title-header'><div class=\"e-n-accordion-item-title-text\"> Incensario rejilla peque\u00f1a <\/div><\/span>\n\t\t\t\t\t\t\t<span class='e-n-accordion-item-title-icon'>\n\t\t\t<span class='e-opened' ><svg aria-hidden=\"true\" class=\"e-font-icon-svg e-fas-minus\" viewBox=\"0 0 448 512\" xmlns=\"http:\/\/www.w3.org\/2000\/svg\"><path d=\"M416 208H32c-17.67 0-32 14.33-32 32v32c0 17.67 14.33 32 32 32h384c17.67 0 32-14.33 32-32v-32c0-17.67-14.33-32-32-32z\"><\/path><\/svg><\/span>\n\t\t\t<span class='e-closed'><svg aria-hidden=\"true\" class=\"e-font-icon-svg e-fas-plus\" viewBox=\"0 0 448 512\" xmlns=\"http:\/\/www.w3.org\/2000\/svg\"><path d=\"M416 208H272V64c0-17.67-14.33-32-32-32h-32c-17.67 0-32 14.33-32 32v144H32c-17.67 0-32 14.33-32 32v32c0 17.67 14.33 32 32 32h144v144c0 17.67 14.33 32 32 32h32c17.67 0 32-14.33 32-32V304h144c17.67 0 32-14.33 32-32v-32c0-17.67-14.33-32-32-32z\"><\/path><\/svg><\/span>\n\t\t<\/span>\n\n\t\t\t\t\t\t<\/summary>\n\t\t\t\t<div role=\"region\" aria-labelledby=\"e-n-accordion-item-9130\" class=\"elementor-element elementor-element-a24a7b7 e-con-full e-flex e-con e-child\" data-id=\"a24a7b7\" data-element_type=\"container\">\n\t\t\t\t<div class=\"elementor-element elementor-element-e0c398a elementor-widget elementor-widget-text-editor\" data-id=\"e0c398a\" data-element_type=\"widget\" data-widget_type=\"text-editor.default\">\n\t\t\t\t<div class=\"elementor-widget-container\">\n\t\t\t\t\t\t\t<p>Descripci\u00f3n:<\/p><p>Este incensario est\u00e1 hecho de bronce e incluye la base de madera y la rejilla. Es perfecto para quemar tus resinas, incienso en polvo, bombas herbales, conos de incienso, etc.<\/p><p>Detalles:<\/p><p>Tama\u00f1o aproximado de la pieza: 8 x 4cm<\/p><p>Peso aproximado de la pieza: 160gr<\/p>\t\t\t\t\t\t<\/div>\n\t\t\t\t<\/div>\n\t\t\t\t<\/div>\n\t\t\t\t\t<\/details>\n\t\t\t\t\t\t<details id=\"e-n-accordion-item-9131\" class=\"e-n-accordion-item\" >\n\t\t\t\t<summary class=\"e-n-accordion-item-title\" data-accordion-index=\"2\" tabindex=\"-1\" aria-expanded=\"false\" aria-controls=\"e-n-accordion-item-9131\" >\n\t\t\t\t\t<span class='e-n-accordion-item-title-header'><div class=\"e-n-accordion-item-title-text\"> Incensario rejilla grande <\/div><\/span>\n\t\t\t\t\t\t\t<span class='e-n-accordion-item-title-icon'>\n\t\t\t<span class='e-opened' ><svg aria-hidden=\"true\" class=\"e-font-icon-svg e-fas-minus\" viewBox=\"0 0 448 512\" xmlns=\"http:\/\/www.w3.org\/2000\/svg\"><path d=\"M416 208H32c-17.67 0-32 14.33-32 32v32c0 17.67 14.33 32 32 32h384c17.67 0 32-14.33 32-32v-32c0-17.67-14.33-32-32-32z\"><\/path><\/svg><\/span>\n\t\t\t<span class='e-closed'><svg aria-hidden=\"true\" class=\"e-font-icon-svg e-fas-plus\" viewBox=\"0 0 448 512\" xmlns=\"http:\/\/www.w3.org\/2000\/svg\"><path d=\"M416 208H272V64c0-17.67-14.33-32-32-32h-32c-17.67 0-32 14.33-32 32v144H32c-17.67 0-32 14.33-32 32v32c0 17.67 14.33 32 32 32h144v144c0 17.67 14.33 32 32 32h32c17.67 0 32-14.33 32-32V304h144c17.67 0 32-14.33 32-32v-32c0-17.67-14.33-32-32-32z\"><\/path><\/svg><\/span>\n\t\t<\/span>\n\n\t\t\t\t\t\t<\/summary>\n\t\t\t\t<div role=\"region\" aria-labelledby=\"e-n-accordion-item-9131\" class=\"elementor-element elementor-element-d7ad948 e-con-full e-flex e-con e-child\" data-id=\"d7ad948\" data-element_type=\"container\">\n\t\t\t\t<div class=\"elementor-element elementor-element-225f350 elementor-widget elementor-widget-text-editor\" data-id=\"225f350\" data-element_type=\"widget\" data-widget_type=\"text-editor.default\">\n\t\t\t\t<div class=\"elementor-widget-container\">\n\t\t\t\t\t\t\t<p>Descripci\u00f3n:<\/p><p>Este incensario est\u00e1 hecho de bronce e incluye la base de madera y la rejilla. Es perfecto para quemar tus resinas, incienso en polvo, bombas herbales, conos de incienso, etc. Adem\u00e1s, gracias a su altura nos ofrece dos beneficios: por una parte, se ve siempre m\u00e1s limpio aparentemente, y por otra parte, nos permite poner una vela de t\u00e9 en el interior del incensario, colocar el Palo Santo encima de la rejilla y dejar que se vaya consumiendo indirectamente.<\/p><p>Detalles:<\/p><p>Tama\u00f1o aproximado de la pieza: 10 x 8cm<\/p><p>Peso aproximado de la pieza: 300gr<\/p>\t\t\t\t\t\t<\/div>\n\t\t\t\t<\/div>\n\t\t\t\t<\/div>\n\t\t\t\t\t<\/details>\n\t\t\t\t\t<\/div>\n\t\t\t\t\t<script type=\"application\/ld+json\">{\"@context\":\"https:\\\/\\\/schema.org\",\"@type\":\"FAQPage\",\"mainEntity\":[{\"@type\":\"Question\",\"name\":\"Incensario rejilla peque\\u00f1a\",\"acceptedAnswer\":{\"@type\":\"Answer\",\"text\":\"Descripci\\u00f3n:Este incensario est\\u00e1 hecho de bronce e incluye la base de madera y la rejilla. Es perfecto para quemar tus resinas, incienso en polvo, bombas herbales, conos de incienso, etc.Detalles:Tama\\u00f1o aproximado de la pieza: 8 x 4cmPeso aproximado de la pieza: 160gr\"}},{\"@type\":\"Question\",\"name\":\"Incensario rejilla grande\",\"acceptedAnswer\":{\"@type\":\"Answer\",\"text\":\"Descripci\\u00f3n:Este incensario est\\u00e1 hecho de bronce e incluye la base de madera y la rejilla. Es perfecto para quemar tus resinas, incienso en polvo, bombas herbales, conos de incienso, etc. Adem\\u00e1s, gracias a su altura nos ofrece dos beneficios: por una parte, se ve siempre m\\u00e1s limpio aparentemente, y por otra parte, nos permite poner una vela de t\\u00e9 en el interior del incensario, colocar el Palo Santo encima de la rejilla y dejar que se vaya consumiendo indirectamente.Detalles:Tama\\u00f1o aproximado de la pieza: 10 x 8cmPeso aproximado de la pieza: 300gr\"}}]}<\/script>\n\t\t\t\t\t<\/div>\n\t\t\t\t<\/div>\n\t\t\t\t\t<\/div>\n\t\t<\/div>\n\t\t\t\t<div class=\"elementor-column elementor-col-50 elementor-inner-column elementor-element elementor-element-a967996\" data-id=\"a967996\" data-element_type=\"column\">\n\t\t\t<div class=\"elementor-widget-wrap elementor-element-populated\">\n\t\t\t\t\t\t\t<\/div>\n\t\t<\/div>\n\t\t\t\t\t<\/div>\n\t\t<\/section>\n\t\t\t\t\t<\/div>\n\t\t<\/div>\n\t\t\t\t\t<\/div>\n\t\t<\/section>\n\t\t\t\t<\/div>\n\t\t","protected":false},"excerpt":{"rendered":"<p>Tipos Incensario rejilla peque\u00f1a Descripci\u00f3n: Este incensario est\u00e1 hecho de bronce e incluye la base de madera y la rejilla. Es perfecto para quemar tus resinas,<span class=\"excerpt-hellip\"> [\u2026]<\/span><\/p>\n","protected":false},"featured_media":2549,"template":"","meta":[],"product_brand":[],"product_cat":[27],"product_tag":[],"class_list":{"0":"post-2057","1":"product","2":"type-product","3":"status-publish","4":"has-post-thumbnail","6":"product_cat-hogar","8":"first","9":"instock","10":"shipping-taxable","11":"purchasable","12":"product-type-variable"},"yoast_head":"<!-- This site is optimized with the Yoast SEO plugin v23.9 - https:\/\/yoast.com\/wordpress\/plugins\/seo\/ -->\n<title>Incensario rejilla - Gaya Essence<\/title>\n<meta name=\"robots\" content=\"index, follow, max-snippet:-1, max-image-preview:large, max-video-preview:-1\" \/>\n<link rel=\"canonical\" href=\"https:\/\/gayaessence.com\/index.php\/producto\/incensario-rejilla\/\" \/>\n<meta property=\"og:locale\" content=\"es_ES\" \/>\n<meta property=\"og:type\" content=\"article\" \/>\n<meta property=\"og:title\" content=\"Incensario rejilla - Gaya Essence\" \/>\n<meta property=\"og:description\" content=\"Tipos Incensario rejilla peque\u00f1a Descripci\u00f3n: Este incensario est\u00e1 hecho de bronce e incluye la base de madera y la rejilla. Es perfecto para quemar tus resinas, [\u2026]\" \/>\n<meta property=\"og:url\" content=\"https:\/\/gayaessence.com\/index.php\/producto\/incensario-rejilla\/\" \/>\n<meta property=\"og:site_name\" content=\"Gaya Essence\" \/>\n<meta property=\"article:modified_time\" content=\"2025-10-25T20:24:15+00:00\" \/>\n<meta property=\"og:image\" content=\"https:\/\/gayaessence.com\/wp-content\/uploads\/2024\/11\/INCENSARIO-REJILLA-PEQUENO.png\" \/>\n\t<meta property=\"og:image:width\" content=\"1080\" \/>\n\t<meta property=\"og:image:height\" content=\"1080\" \/>\n\t<meta property=\"og:image:type\" content=\"image\/png\" \/>\n<meta name=\"twitter:card\" content=\"summary_large_image\" \/>\n<meta name=\"twitter:label1\" content=\"Tiempo de lectura\" \/>\n\t<meta name=\"twitter:data1\" content=\"2 minutos\" \/>\n<script type=\"application\/ld+json\" class=\"yoast-schema-graph\">{\"@context\":\"https:\/\/schema.org\",\"@graph\":[{\"@type\":\"WebPage\",\"@id\":\"https:\/\/gayaessence.com\/index.php\/producto\/incensario-rejilla\/\",\"url\":\"https:\/\/gayaessence.com\/index.php\/producto\/incensario-rejilla\/\",\"name\":\"Incensario rejilla - Gaya Essence\",\"isPartOf\":{\"@id\":\"https:\/\/gayaessence.com\/#website\"},\"primaryImageOfPage\":{\"@id\":\"https:\/\/gayaessence.com\/index.php\/producto\/incensario-rejilla\/#primaryimage\"},\"image\":{\"@id\":\"https:\/\/gayaessence.com\/index.php\/producto\/incensario-rejilla\/#primaryimage\"},\"thumbnailUrl\":\"https:\/\/gayaessence.com\/wp-content\/uploads\/2024\/11\/INCENSARIO-REJILLA-PEQUENO.png\",\"datePublished\":\"2024-11-24T10:02:15+00:00\",\"dateModified\":\"2025-10-25T20:24:15+00:00\",\"breadcrumb\":{\"@id\":\"https:\/\/gayaessence.com\/index.php\/producto\/incensario-rejilla\/#breadcrumb\"},\"inLanguage\":\"es\",\"potentialAction\":[{\"@type\":\"ReadAction\",\"target\":[\"https:\/\/gayaessence.com\/index.php\/producto\/incensario-rejilla\/\"]}]},{\"@type\":\"ImageObject\",\"inLanguage\":\"es\",\"@id\":\"https:\/\/gayaessence.com\/index.php\/producto\/incensario-rejilla\/#primaryimage\",\"url\":\"https:\/\/gayaessence.com\/wp-content\/uploads\/2024\/11\/INCENSARIO-REJILLA-PEQUENO.png\",\"contentUrl\":\"https:\/\/gayaessence.com\/wp-content\/uploads\/2024\/11\/INCENSARIO-REJILLA-PEQUENO.png\",\"width\":1080,\"height\":1080},{\"@type\":\"BreadcrumbList\",\"@id\":\"https:\/\/gayaessence.com\/index.php\/producto\/incensario-rejilla\/#breadcrumb\",\"itemListElement\":[{\"@type\":\"ListItem\",\"position\":1,\"name\":\"Portada\",\"item\":\"https:\/\/gayaessence.com\/\"},{\"@type\":\"ListItem\",\"position\":2,\"name\":\"Tienda\",\"item\":\"https:\/\/gayaessence.com\/index.php\/shop\/\"},{\"@type\":\"ListItem\",\"position\":3,\"name\":\"Incensario rejilla\"}]},{\"@type\":\"WebSite\",\"@id\":\"https:\/\/gayaessence.com\/#website\",\"url\":\"https:\/\/gayaessence.com\/\",\"name\":\"Gaya Essence\",\"description\":\"Cuida, Protege y Eleva tu Vibraci\u00f3n\",\"publisher\":{\"@id\":\"https:\/\/gayaessence.com\/#organization\"},\"potentialAction\":[{\"@type\":\"SearchAction\",\"target\":{\"@type\":\"EntryPoint\",\"urlTemplate\":\"https:\/\/gayaessence.com\/?s={search_term_string}\"},\"query-input\":{\"@type\":\"PropertyValueSpecification\",\"valueRequired\":true,\"valueName\":\"search_term_string\"}}],\"inLanguage\":\"es\"},{\"@type\":\"Organization\",\"@id\":\"https:\/\/gayaessence.com\/#organization\",\"name\":\"Gaya Essence\",\"url\":\"https:\/\/gayaessence.com\/\",\"logo\":{\"@type\":\"ImageObject\",\"inLanguage\":\"es\",\"@id\":\"https:\/\/gayaessence.com\/#\/schema\/logo\/image\/\",\"url\":\"https:\/\/gayaessence.com\/wp-content\/uploads\/2024\/10\/cropped-logo-transp-1.png\",\"contentUrl\":\"https:\/\/gayaessence.com\/wp-content\/uploads\/2024\/10\/cropped-logo-transp-1.png\",\"width\":500,\"height\":196,\"caption\":\"Gaya Essence\"},\"image\":{\"@id\":\"https:\/\/gayaessence.com\/#\/schema\/logo\/image\/\"}}]}<\/script>\n<!-- \/ Yoast SEO plugin. -->","yoast_head_json":{"title":"Incensario rejilla - Gaya Essence","robots":{"index":"index","follow":"follow","max-snippet":"max-snippet:-1","max-image-preview":"max-image-preview:large","max-video-preview":"max-video-preview:-1"},"canonical":"https:\/\/gayaessence.com\/index.php\/producto\/incensario-rejilla\/","og_locale":"es_ES","og_type":"article","og_title":"Incensario rejilla - Gaya Essence","og_description":"Tipos Incensario rejilla peque\u00f1a Descripci\u00f3n: Este incensario est\u00e1 hecho de bronce e incluye la base de madera y la rejilla. Es perfecto para quemar tus resinas, [\u2026]","og_url":"https:\/\/gayaessence.com\/index.php\/producto\/incensario-rejilla\/","og_site_name":"Gaya Essence","article_modified_time":"2025-10-25T20:24:15+00:00","og_image":[{"width":1080,"height":1080,"url":"https:\/\/gayaessence.com\/wp-content\/uploads\/2024\/11\/INCENSARIO-REJILLA-PEQUENO.png","type":"image\/png"}],"twitter_card":"summary_large_image","twitter_misc":{"Tiempo de lectura":"2 minutos"},"schema":{"@context":"https:\/\/schema.org","@graph":[{"@type":"WebPage","@id":"https:\/\/gayaessence.com\/index.php\/producto\/incensario-rejilla\/","url":"https:\/\/gayaessence.com\/index.php\/producto\/incensario-rejilla\/","name":"Incensario rejilla - Gaya Essence","isPartOf":{"@id":"https:\/\/gayaessence.com\/#website"},"primaryImageOfPage":{"@id":"https:\/\/gayaessence.com\/index.php\/producto\/incensario-rejilla\/#primaryimage"},"image":{"@id":"https:\/\/gayaessence.com\/index.php\/producto\/incensario-rejilla\/#primaryimage"},"thumbnailUrl":"https:\/\/gayaessence.com\/wp-content\/uploads\/2024\/11\/INCENSARIO-REJILLA-PEQUENO.png","datePublished":"2024-11-24T10:02:15+00:00","dateModified":"2025-10-25T20:24:15+00:00","breadcrumb":{"@id":"https:\/\/gayaessence.com\/index.php\/producto\/incensario-rejilla\/#breadcrumb"},"inLanguage":"es","potentialAction":[{"@type":"ReadAction","target":["https:\/\/gayaessence.com\/index.php\/producto\/incensario-rejilla\/"]}]},{"@type":"ImageObject","inLanguage":"es","@id":"https:\/\/gayaessence.com\/index.php\/producto\/incensario-rejilla\/#primaryimage","url":"https:\/\/gayaessence.com\/wp-content\/uploads\/2024\/11\/INCENSARIO-REJILLA-PEQUENO.png","contentUrl":"https:\/\/gayaessence.com\/wp-content\/uploads\/2024\/11\/INCENSARIO-REJILLA-PEQUENO.png","width":1080,"height":1080},{"@type":"BreadcrumbList","@id":"https:\/\/gayaessence.com\/index.php\/producto\/incensario-rejilla\/#breadcrumb","itemListElement":[{"@type":"ListItem","position":1,"name":"Portada","item":"https:\/\/gayaessence.com\/"},{"@type":"ListItem","position":2,"name":"Tienda","item":"https:\/\/gayaessence.com\/index.php\/shop\/"},{"@type":"ListItem","position":3,"name":"Incensario rejilla"}]},{"@type":"WebSite","@id":"https:\/\/gayaessence.com\/#website","url":"https:\/\/gayaessence.com\/","name":"Gaya Essence","description":"Cuida, Protege y Eleva tu Vibraci\u00f3n","publisher":{"@id":"https:\/\/gayaessence.com\/#organization"},"potentialAction":[{"@type":"SearchAction","target":{"@type":"EntryPoint","urlTemplate":"https:\/\/gayaessence.com\/?s={search_term_string}"},"query-input":{"@type":"PropertyValueSpecification","valueRequired":true,"valueName":"search_term_string"}}],"inLanguage":"es"},{"@type":"Organization","@id":"https:\/\/gayaessence.com\/#organization","name":"Gaya Essence","url":"https:\/\/gayaessence.com\/","logo":{"@type":"ImageObject","inLanguage":"es","@id":"https:\/\/gayaessence.com\/#\/schema\/logo\/image\/","url":"https:\/\/gayaessence.com\/wp-content\/uploads\/2024\/10\/cropped-logo-transp-1.png","contentUrl":"https:\/\/gayaessence.com\/wp-content\/uploads\/2024\/10\/cropped-logo-transp-1.png","width":500,"height":196,"caption":"Gaya Essence"},"image":{"@id":"https:\/\/gayaessence.com\/#\/schema\/logo\/image\/"}}]}},"jetpack_sharing_enabled":true,"_links":{"self":[{"href":"https:\/\/gayaessence.com\/index.php\/wp-json\/wp\/v2\/product\/2057","targetHints":{"allow":["GET"]}}],"collection":[{"href":"https:\/\/gayaessence.com\/index.php\/wp-json\/wp\/v2\/product"}],"about":[{"href":"https:\/\/gayaessence.com\/index.php\/wp-json\/wp\/v2\/types\/product"}],"version-history":[{"count":6,"href":"https:\/\/gayaessence.com\/index.php\/wp-json\/wp\/v2\/product\/2057\/revisions"}],"predecessor-version":[{"id":3328,"href":"https:\/\/gayaessence.com\/index.php\/wp-json\/wp\/v2\/product\/2057\/revisions\/3328"}],"wp:featuredmedia":[{"embeddable":true,"href":"https:\/\/gayaessence.com\/index.php\/wp-json\/wp\/v2\/media\/2549"}],"wp:attachment":[{"href":"https:\/\/gayaessence.com\/index.php\/wp-json\/wp\/v2\/media?parent=2057"}],"wp:term":[{"taxonomy":"product_brand","embeddable":true,"href":"https:\/\/gayaessence.com\/index.php\/wp-json\/wp\/v2\/product_brand?post=2057"},{"taxonomy":"product_cat","embeddable":true,"href":"https:\/\/gayaessence.com\/index.php\/wp-json\/wp\/v2\/product_cat?post=2057"},{"taxonomy":"product_tag","embeddable":true,"href":"https:\/\/gayaessence.com\/index.php\/wp-json\/wp\/v2\/product_tag?post=2057"}],"curies":[{"name":"wp","href":"https:\/\/api.w.org\/{rel}","templated":true}]}}