{"id":1970,"date":"2024-11-24T08:57:56","date_gmt":"2024-11-24T08:57:56","guid":{"rendered":"https:\/\/gayaessence.com\/?post_type=product&#038;p=1970"},"modified":"2025-08-18T00:00:14","modified_gmt":"2025-08-18T00:00:14","slug":"bombas-herbales-7-chakras","status":"publish","type":"product","link":"https:\/\/gayaessence.com\/index.php\/producto\/bombas-herbales-7-chakras\/","title":{"rendered":"Bombas herbales 7 chakras"},"content":{"rendered":"\t\t<div data-elementor-type=\"wp-post\" data-elementor-id=\"1970\" class=\"elementor elementor-1970\">\n\t\t\t\t\t\t<section class=\"elementor-section elementor-top-section elementor-element elementor-element-ba79a43 elementor-section-boxed elementor-section-height-default elementor-section-height-default\" data-id=\"ba79a43\" data-element_type=\"section\">\n\t\t\t\t\t\t<div class=\"elementor-container elementor-column-gap-default\">\n\t\t\t\t\t<div class=\"elementor-column elementor-col-100 elementor-top-column elementor-element elementor-element-183df69\" data-id=\"183df69\" data-element_type=\"column\">\n\t\t\t<div class=\"elementor-widget-wrap elementor-element-populated\">\n\t\t\t\t\t\t<section class=\"elementor-section elementor-inner-section elementor-element elementor-element-f5dfea0 elementor-section-boxed elementor-section-height-default elementor-section-height-default\" data-id=\"f5dfea0\" data-element_type=\"section\">\n\t\t\t\t\t\t<div class=\"elementor-container elementor-column-gap-default\">\n\t\t\t\t\t<div class=\"elementor-column elementor-col-50 elementor-inner-column elementor-element elementor-element-a5c31cf\" data-id=\"a5c31cf\" data-element_type=\"column\">\n\t\t\t<div class=\"elementor-widget-wrap elementor-element-populated\">\n\t\t\t\t\t\t<div class=\"elementor-element elementor-element-88efd13 elementor-widget elementor-widget-heading\" data-id=\"88efd13\" data-element_type=\"widget\" data-widget_type=\"heading.default\">\n\t\t\t\t<div class=\"elementor-widget-container\">\n\t\t\t<h3 class=\"elementor-heading-title elementor-size-default\">Composici\u00f3n<\/h3>\t\t<\/div>\n\t\t\t\t<\/div>\n\t\t\t\t<div class=\"elementor-element elementor-element-ae57f90 elementor-widget elementor-widget-text-editor\" data-id=\"ae57f90\" data-element_type=\"widget\" data-widget_type=\"text-editor.default\">\n\t\t\t\t<div class=\"elementor-widget-container\">\n\t\t\t\t\t\t\t<p>Estas bombas herbales son 100% naturales, ecol\u00f3gicas y artesanas. Est\u00e1n compuestas por madera, hierbas, resinas, aceites esenciales y aglutinantes naturales.<\/p>\t\t\t\t\t\t<\/div>\n\t\t\t\t<\/div>\n\t\t\t\t<div class=\"elementor-element elementor-element-93a5535 elementor-widget elementor-widget-heading\" data-id=\"93a5535\" data-element_type=\"widget\" data-widget_type=\"heading.default\">\n\t\t\t\t<div class=\"elementor-widget-container\">\n\t\t\t<h3 class=\"elementor-heading-title elementor-size-default\">Propiedades<\/h3>\t\t<\/div>\n\t\t\t\t<\/div>\n\t\t\t\t<div class=\"elementor-element elementor-element-ad1f8cf elementor-widget elementor-widget-text-editor\" data-id=\"ad1f8cf\" data-element_type=\"widget\" data-widget_type=\"text-editor.default\">\n\t\t\t\t<div class=\"elementor-widget-container\">\n\t\t\t\t\t\t\t<p>Cada bomba herbal est\u00e1 dise\u00f1ada para trabajar la energ\u00eda de cada chakra:<\/p><p>1\u00ba Muladhara: instinto, enraizamiento, seguridad y fuerza.<\/p><p>2\u00ba Svadishthana: sexualidad, pasi\u00f3n, alegr\u00eda y creatividad<\/p><p>3\u00ba Manipura: poder personal, amor propio<\/p><p>4\u00ba Anahata: amor, compasi\u00f3n, perd\u00f3n, sanaci\u00f3n<\/p><p>5\u00ba Vishuda: comunicaci\u00f3n, expresi\u00f3n<\/p><p>6\u00ba Ajna: intuici\u00f3n, percepci\u00f3n<\/p><p>7\u00ba Sahasrara: trascendencia, espiritualidad<\/p>\t\t\t\t\t\t<\/div>\n\t\t\t\t<\/div>\n\t\t\t\t<div class=\"elementor-element elementor-element-2e9e04f elementor-widget elementor-widget-heading\" data-id=\"2e9e04f\" data-element_type=\"widget\" data-widget_type=\"heading.default\">\n\t\t\t\t<div class=\"elementor-widget-container\">\n\t\t\t<h3 class=\"elementor-heading-title elementor-size-default\">Usos<\/h3>\t\t<\/div>\n\t\t\t\t<\/div>\n\t\t\t\t<div class=\"elementor-element elementor-element-87b0164 elementor-widget elementor-widget-text-editor\" data-id=\"87b0164\" data-element_type=\"widget\" data-widget_type=\"text-editor.default\">\n\t\t\t\t<div class=\"elementor-widget-container\">\n\t\t\t\t\t\t\t<p>Las bombas herbales est\u00e1n dise\u00f1adas para hacer trabajos energ\u00e9ticos profundos y rituales. Nosotras las bombas no las recomendamos tanto para el d\u00eda a d\u00eda, sino que las recomendamos para momentos puntuales o para utilizar una vez a la semana.<\/p><p>Este tipo de bomba herbal no requiere del uso de un carb\u00f3n activado para quemarlas ni es necesario a\u00f1adirle hierbas, simplemente se coge con unas pinzas, se acerca a la llama de una vela, se enciende y se deja en un quemador o recipiente resistente al calor para que se pueda quemar.\u00a0 Estas bombas herbales desprenden mucho humo, por lo que recomendamos ventilar los espacios en los que se est\u00e1n utilizando. Una vez se haya quemado por completo, podremos desechar los restos a la madre naturaleza.<\/p>\t\t\t\t\t\t<\/div>\n\t\t\t\t<\/div>\n\t\t\t\t<div class=\"elementor-element elementor-element-7390c18 elementor-widget elementor-widget-heading\" data-id=\"7390c18\" data-element_type=\"widget\" data-widget_type=\"heading.default\">\n\t\t\t\t<div class=\"elementor-widget-container\">\n\t\t\t<h3 class=\"elementor-heading-title elementor-size-default\">Detalles<\/h3>\t\t<\/div>\n\t\t\t\t<\/div>\n\t\t\t\t<div class=\"elementor-element elementor-element-f163e89 elementor-widget elementor-widget-text-editor\" data-id=\"f163e89\" data-element_type=\"widget\" data-widget_type=\"text-editor.default\">\n\t\t\t\t<div class=\"elementor-widget-container\">\n\t\t\t\t\t\t\t<p>Cantidad de bombitas: 7 unidades<\/p><p>Dimensiones: 3 cm. aprox.<\/p><p>Peso neto: 50 gr.<\/p>\t\t\t\t\t\t<\/div>\n\t\t\t\t<\/div>\n\t\t\t\t\t<\/div>\n\t\t<\/div>\n\t\t\t\t<div class=\"elementor-column elementor-col-50 elementor-inner-column elementor-element elementor-element-a967996\" data-id=\"a967996\" data-element_type=\"column\">\n\t\t\t<div class=\"elementor-widget-wrap elementor-element-populated\">\n\t\t\t\t\t\t<div class=\"elementor-element elementor-element-38791ca elementor-widget elementor-widget-image\" data-id=\"38791ca\" data-element_type=\"widget\" data-widget_type=\"image.default\">\n\t\t\t\t<div class=\"elementor-widget-container\">\n\t\t\t\t\t\t\t\t\t\t\t\t\t<img fetchpriority=\"high\" decoding=\"async\" width=\"1080\" height=\"1080\" src=\"https:\/\/gayaessence.com\/wp-content\/uploads\/2024\/11\/BOMBAS-HERBALES-7-CHAKRAS.png\" class=\"attachment-large size-large wp-image-1971\" alt=\"\" srcset=\"https:\/\/gayaessence.com\/wp-content\/uploads\/2024\/11\/BOMBAS-HERBALES-7-CHAKRAS.png 1080w, https:\/\/gayaessence.com\/wp-content\/uploads\/2024\/11\/BOMBAS-HERBALES-7-CHAKRAS-500x500.png 500w, https:\/\/gayaessence.com\/wp-content\/uploads\/2024\/11\/BOMBAS-HERBALES-7-CHAKRAS-300x300.png 300w, https:\/\/gayaessence.com\/wp-content\/uploads\/2024\/11\/BOMBAS-HERBALES-7-CHAKRAS-768x768.png 768w, https:\/\/gayaessence.com\/wp-content\/uploads\/2024\/11\/BOMBAS-HERBALES-7-CHAKRAS-150x150.png 150w, https:\/\/gayaessence.com\/wp-content\/uploads\/2024\/11\/BOMBAS-HERBALES-7-CHAKRAS-75x75.png 75w, https:\/\/gayaessence.com\/wp-content\/uploads\/2024\/11\/BOMBAS-HERBALES-7-CHAKRAS-480x480.png 480w, https:\/\/gayaessence.com\/wp-content\/uploads\/2024\/11\/BOMBAS-HERBALES-7-CHAKRAS-800x800.png 800w\" sizes=\"(max-width:767px) 480px, (max-width:1080px) 100vw, 1080px\" \/>\t\t\t\t\t\t\t\t\t\t\t\t\t<\/div>\n\t\t\t\t<\/div>\n\t\t\t\t\t<\/div>\n\t\t<\/div>\n\t\t\t\t\t<\/div>\n\t\t<\/section>\n\t\t\t\t\t<\/div>\n\t\t<\/div>\n\t\t\t\t\t<\/div>\n\t\t<\/section>\n\t\t\t\t<\/div>\n\t\t","protected":false},"excerpt":{"rendered":"<p>Composici\u00f3n Estas bombas herbales son 100% naturales, ecol\u00f3gicas y artesanas. Est\u00e1n compuestas por madera, hierbas, resinas, aceites esenciales y aglutinantes naturales. Propiedades Cada bomba herbal est\u00e1<span class=\"excerpt-hellip\"> [\u2026]<\/span><\/p>\n","protected":false},"featured_media":1971,"template":"","meta":[],"product_brand":[],"product_cat":[29],"product_tag":[],"class_list":{"0":"post-1970","1":"product","2":"type-product","3":"status-publish","4":"has-post-thumbnail","6":"product_cat-sahumerios","8":"first","9":"instock","10":"shipping-taxable","11":"purchasable","12":"product-type-simple"},"yoast_head":"<!-- This site is optimized with the Yoast SEO plugin v23.9 - https:\/\/yoast.com\/wordpress\/plugins\/seo\/ -->\n<title>Bombas herbales 7 chakras - Gaya Essence<\/title>\n<meta name=\"robots\" content=\"index, follow, max-snippet:-1, max-image-preview:large, max-video-preview:-1\" \/>\n<link rel=\"canonical\" href=\"https:\/\/gayaessence.com\/index.php\/producto\/bombas-herbales-7-chakras\/\" \/>\n<meta property=\"og:locale\" content=\"es_ES\" \/>\n<meta property=\"og:type\" content=\"article\" \/>\n<meta property=\"og:title\" content=\"Bombas herbales 7 chakras - Gaya Essence\" \/>\n<meta property=\"og:description\" content=\"Composici\u00f3n Estas bombas herbales son 100% naturales, ecol\u00f3gicas y artesanas. Est\u00e1n compuestas por madera, hierbas, resinas, aceites esenciales y aglutinantes naturales. Propiedades Cada bomba herbal est\u00e1 [\u2026]\" \/>\n<meta property=\"og:url\" content=\"https:\/\/gayaessence.com\/index.php\/producto\/bombas-herbales-7-chakras\/\" \/>\n<meta property=\"og:site_name\" content=\"Gaya Essence\" \/>\n<meta property=\"article:modified_time\" content=\"2025-08-18T00:00:14+00:00\" \/>\n<meta property=\"og:image\" content=\"https:\/\/gayaessence.com\/wp-content\/uploads\/2024\/11\/BOMBAS-HERBALES-7-CHAKRAS.png\" \/>\n\t<meta property=\"og:image:width\" content=\"1080\" \/>\n\t<meta property=\"og:image:height\" content=\"1080\" \/>\n\t<meta property=\"og:image:type\" content=\"image\/png\" \/>\n<meta name=\"twitter:card\" content=\"summary_large_image\" \/>\n<meta name=\"twitter:label1\" content=\"Tiempo de lectura\" \/>\n\t<meta name=\"twitter:data1\" content=\"2 minutos\" \/>\n<script type=\"application\/ld+json\" class=\"yoast-schema-graph\">{\"@context\":\"https:\/\/schema.org\",\"@graph\":[{\"@type\":\"WebPage\",\"@id\":\"https:\/\/gayaessence.com\/index.php\/producto\/bombas-herbales-7-chakras\/\",\"url\":\"https:\/\/gayaessence.com\/index.php\/producto\/bombas-herbales-7-chakras\/\",\"name\":\"Bombas herbales 7 chakras - Gaya Essence\",\"isPartOf\":{\"@id\":\"https:\/\/gayaessence.com\/#website\"},\"primaryImageOfPage\":{\"@id\":\"https:\/\/gayaessence.com\/index.php\/producto\/bombas-herbales-7-chakras\/#primaryimage\"},\"image\":{\"@id\":\"https:\/\/gayaessence.com\/index.php\/producto\/bombas-herbales-7-chakras\/#primaryimage\"},\"thumbnailUrl\":\"https:\/\/gayaessence.com\/wp-content\/uploads\/2024\/11\/BOMBAS-HERBALES-7-CHAKRAS.png\",\"datePublished\":\"2024-11-24T08:57:56+00:00\",\"dateModified\":\"2025-08-18T00:00:14+00:00\",\"breadcrumb\":{\"@id\":\"https:\/\/gayaessence.com\/index.php\/producto\/bombas-herbales-7-chakras\/#breadcrumb\"},\"inLanguage\":\"es\",\"potentialAction\":[{\"@type\":\"ReadAction\",\"target\":[\"https:\/\/gayaessence.com\/index.php\/producto\/bombas-herbales-7-chakras\/\"]}]},{\"@type\":\"ImageObject\",\"inLanguage\":\"es\",\"@id\":\"https:\/\/gayaessence.com\/index.php\/producto\/bombas-herbales-7-chakras\/#primaryimage\",\"url\":\"https:\/\/gayaessence.com\/wp-content\/uploads\/2024\/11\/BOMBAS-HERBALES-7-CHAKRAS.png\",\"contentUrl\":\"https:\/\/gayaessence.com\/wp-content\/uploads\/2024\/11\/BOMBAS-HERBALES-7-CHAKRAS.png\",\"width\":1080,\"height\":1080},{\"@type\":\"BreadcrumbList\",\"@id\":\"https:\/\/gayaessence.com\/index.php\/producto\/bombas-herbales-7-chakras\/#breadcrumb\",\"itemListElement\":[{\"@type\":\"ListItem\",\"position\":1,\"name\":\"Portada\",\"item\":\"https:\/\/gayaessence.com\/\"},{\"@type\":\"ListItem\",\"position\":2,\"name\":\"Tienda\",\"item\":\"https:\/\/gayaessence.com\/index.php\/shop\/\"},{\"@type\":\"ListItem\",\"position\":3,\"name\":\"Bombas herbales 7 chakras\"}]},{\"@type\":\"WebSite\",\"@id\":\"https:\/\/gayaessence.com\/#website\",\"url\":\"https:\/\/gayaessence.com\/\",\"name\":\"Gaya Essence\",\"description\":\"Cuida, Protege y Eleva tu Vibraci\u00f3n\",\"publisher\":{\"@id\":\"https:\/\/gayaessence.com\/#organization\"},\"potentialAction\":[{\"@type\":\"SearchAction\",\"target\":{\"@type\":\"EntryPoint\",\"urlTemplate\":\"https:\/\/gayaessence.com\/?s={search_term_string}\"},\"query-input\":{\"@type\":\"PropertyValueSpecification\",\"valueRequired\":true,\"valueName\":\"search_term_string\"}}],\"inLanguage\":\"es\"},{\"@type\":\"Organization\",\"@id\":\"https:\/\/gayaessence.com\/#organization\",\"name\":\"Gaya Essence\",\"url\":\"https:\/\/gayaessence.com\/\",\"logo\":{\"@type\":\"ImageObject\",\"inLanguage\":\"es\",\"@id\":\"https:\/\/gayaessence.com\/#\/schema\/logo\/image\/\",\"url\":\"https:\/\/gayaessence.com\/wp-content\/uploads\/2024\/10\/cropped-logo-transp-1.png\",\"contentUrl\":\"https:\/\/gayaessence.com\/wp-content\/uploads\/2024\/10\/cropped-logo-transp-1.png\",\"width\":500,\"height\":196,\"caption\":\"Gaya Essence\"},\"image\":{\"@id\":\"https:\/\/gayaessence.com\/#\/schema\/logo\/image\/\"}}]}<\/script>\n<!-- \/ Yoast SEO plugin. -->","yoast_head_json":{"title":"Bombas herbales 7 chakras - Gaya Essence","robots":{"index":"index","follow":"follow","max-snippet":"max-snippet:-1","max-image-preview":"max-image-preview:large","max-video-preview":"max-video-preview:-1"},"canonical":"https:\/\/gayaessence.com\/index.php\/producto\/bombas-herbales-7-chakras\/","og_locale":"es_ES","og_type":"article","og_title":"Bombas herbales 7 chakras - Gaya Essence","og_description":"Composici\u00f3n Estas bombas herbales son 100% naturales, ecol\u00f3gicas y artesanas. Est\u00e1n compuestas por madera, hierbas, resinas, aceites esenciales y aglutinantes naturales. Propiedades Cada bomba herbal est\u00e1 [\u2026]","og_url":"https:\/\/gayaessence.com\/index.php\/producto\/bombas-herbales-7-chakras\/","og_site_name":"Gaya Essence","article_modified_time":"2025-08-18T00:00:14+00:00","og_image":[{"width":1080,"height":1080,"url":"https:\/\/gayaessence.com\/wp-content\/uploads\/2024\/11\/BOMBAS-HERBALES-7-CHAKRAS.png","type":"image\/png"}],"twitter_card":"summary_large_image","twitter_misc":{"Tiempo de lectura":"2 minutos"},"schema":{"@context":"https:\/\/schema.org","@graph":[{"@type":"WebPage","@id":"https:\/\/gayaessence.com\/index.php\/producto\/bombas-herbales-7-chakras\/","url":"https:\/\/gayaessence.com\/index.php\/producto\/bombas-herbales-7-chakras\/","name":"Bombas herbales 7 chakras - Gaya Essence","isPartOf":{"@id":"https:\/\/gayaessence.com\/#website"},"primaryImageOfPage":{"@id":"https:\/\/gayaessence.com\/index.php\/producto\/bombas-herbales-7-chakras\/#primaryimage"},"image":{"@id":"https:\/\/gayaessence.com\/index.php\/producto\/bombas-herbales-7-chakras\/#primaryimage"},"thumbnailUrl":"https:\/\/gayaessence.com\/wp-content\/uploads\/2024\/11\/BOMBAS-HERBALES-7-CHAKRAS.png","datePublished":"2024-11-24T08:57:56+00:00","dateModified":"2025-08-18T00:00:14+00:00","breadcrumb":{"@id":"https:\/\/gayaessence.com\/index.php\/producto\/bombas-herbales-7-chakras\/#breadcrumb"},"inLanguage":"es","potentialAction":[{"@type":"ReadAction","target":["https:\/\/gayaessence.com\/index.php\/producto\/bombas-herbales-7-chakras\/"]}]},{"@type":"ImageObject","inLanguage":"es","@id":"https:\/\/gayaessence.com\/index.php\/producto\/bombas-herbales-7-chakras\/#primaryimage","url":"https:\/\/gayaessence.com\/wp-content\/uploads\/2024\/11\/BOMBAS-HERBALES-7-CHAKRAS.png","contentUrl":"https:\/\/gayaessence.com\/wp-content\/uploads\/2024\/11\/BOMBAS-HERBALES-7-CHAKRAS.png","width":1080,"height":1080},{"@type":"BreadcrumbList","@id":"https:\/\/gayaessence.com\/index.php\/producto\/bombas-herbales-7-chakras\/#breadcrumb","itemListElement":[{"@type":"ListItem","position":1,"name":"Portada","item":"https:\/\/gayaessence.com\/"},{"@type":"ListItem","position":2,"name":"Tienda","item":"https:\/\/gayaessence.com\/index.php\/shop\/"},{"@type":"ListItem","position":3,"name":"Bombas herbales 7 chakras"}]},{"@type":"WebSite","@id":"https:\/\/gayaessence.com\/#website","url":"https:\/\/gayaessence.com\/","name":"Gaya Essence","description":"Cuida, Protege y Eleva tu Vibraci\u00f3n","publisher":{"@id":"https:\/\/gayaessence.com\/#organization"},"potentialAction":[{"@type":"SearchAction","target":{"@type":"EntryPoint","urlTemplate":"https:\/\/gayaessence.com\/?s={search_term_string}"},"query-input":{"@type":"PropertyValueSpecification","valueRequired":true,"valueName":"search_term_string"}}],"inLanguage":"es"},{"@type":"Organization","@id":"https:\/\/gayaessence.com\/#organization","name":"Gaya Essence","url":"https:\/\/gayaessence.com\/","logo":{"@type":"ImageObject","inLanguage":"es","@id":"https:\/\/gayaessence.com\/#\/schema\/logo\/image\/","url":"https:\/\/gayaessence.com\/wp-content\/uploads\/2024\/10\/cropped-logo-transp-1.png","contentUrl":"https:\/\/gayaessence.com\/wp-content\/uploads\/2024\/10\/cropped-logo-transp-1.png","width":500,"height":196,"caption":"Gaya Essence"},"image":{"@id":"https:\/\/gayaessence.com\/#\/schema\/logo\/image\/"}}]}},"jetpack_sharing_enabled":true,"_links":{"self":[{"href":"https:\/\/gayaessence.com\/index.php\/wp-json\/wp\/v2\/product\/1970","targetHints":{"allow":["GET"]}}],"collection":[{"href":"https:\/\/gayaessence.com\/index.php\/wp-json\/wp\/v2\/product"}],"about":[{"href":"https:\/\/gayaessence.com\/index.php\/wp-json\/wp\/v2\/types\/product"}],"version-history":[{"count":5,"href":"https:\/\/gayaessence.com\/index.php\/wp-json\/wp\/v2\/product\/1970\/revisions"}],"predecessor-version":[{"id":4186,"href":"https:\/\/gayaessence.com\/index.php\/wp-json\/wp\/v2\/product\/1970\/revisions\/4186"}],"wp:featuredmedia":[{"embeddable":true,"href":"https:\/\/gayaessence.com\/index.php\/wp-json\/wp\/v2\/media\/1971"}],"wp:attachment":[{"href":"https:\/\/gayaessence.com\/index.php\/wp-json\/wp\/v2\/media?parent=1970"}],"wp:term":[{"taxonomy":"product_brand","embeddable":true,"href":"https:\/\/gayaessence.com\/index.php\/wp-json\/wp\/v2\/product_brand?post=1970"},{"taxonomy":"product_cat","embeddable":true,"href":"https:\/\/gayaessence.com\/index.php\/wp-json\/wp\/v2\/product_cat?post=1970"},{"taxonomy":"product_tag","embeddable":true,"href":"https:\/\/gayaessence.com\/index.php\/wp-json\/wp\/v2\/product_tag?post=1970"}],"curies":[{"name":"wp","href":"https:\/\/api.w.org\/{rel}","templated":true}]}}