{"id":1138,"date":"2024-11-22T16:33:40","date_gmt":"2024-11-22T16:33:40","guid":{"rendered":"https:\/\/gayaessence.com\/?post_type=product&#038;p=1138"},"modified":"2025-08-18T00:00:26","modified_gmt":"2025-08-18T00:00:26","slug":"kit-chakras","status":"publish","type":"product","link":"https:\/\/gayaessence.com\/index.php\/producto\/kit-chakras\/","title":{"rendered":"Kit 777"},"content":{"rendered":"\t\t<div data-elementor-type=\"wp-post\" data-elementor-id=\"1138\" class=\"elementor elementor-1138\">\n\t\t\t\t\t\t<section class=\"elementor-section elementor-top-section elementor-element elementor-element-ba79a43 elementor-section-boxed elementor-section-height-default elementor-section-height-default\" data-id=\"ba79a43\" data-element_type=\"section\">\n\t\t\t\t\t\t<div class=\"elementor-container elementor-column-gap-default\">\n\t\t\t\t\t<div class=\"elementor-column elementor-col-100 elementor-top-column elementor-element elementor-element-183df69\" data-id=\"183df69\" data-element_type=\"column\">\n\t\t\t<div class=\"elementor-widget-wrap elementor-element-populated\">\n\t\t\t\t\t\t<section class=\"elementor-section elementor-inner-section elementor-element elementor-element-f5dfea0 elementor-section-boxed elementor-section-height-default elementor-section-height-default\" data-id=\"f5dfea0\" data-element_type=\"section\">\n\t\t\t\t\t\t<div class=\"elementor-container elementor-column-gap-default\">\n\t\t\t\t\t<div class=\"elementor-column elementor-col-50 elementor-inner-column elementor-element elementor-element-a5c31cf\" data-id=\"a5c31cf\" data-element_type=\"column\">\n\t\t\t<div class=\"elementor-widget-wrap elementor-element-populated\">\n\t\t\t\t\t\t<div class=\"elementor-element elementor-element-ae33da0 elementor-widget elementor-widget-heading\" data-id=\"ae33da0\" data-element_type=\"widget\" data-widget_type=\"heading.default\">\n\t\t\t\t<div class=\"elementor-widget-container\">\n\t\t\t<h3 class=\"elementor-heading-title elementor-size-default\">Prop\u00f3sito<\/h3>\t\t<\/div>\n\t\t\t\t<\/div>\n\t\t\t\t<div class=\"elementor-element elementor-element-d4da46a elementor-widget elementor-widget-text-editor\" data-id=\"d4da46a\" data-element_type=\"widget\" data-widget_type=\"text-editor.default\">\n\t\t\t\t<div class=\"elementor-widget-container\">\n\t\t\t\t\t\t\t<p>Este kit es ideal para trabajar energ\u00e9ticamente de forma completa con tus chakras.<\/p>\t\t\t\t\t\t<\/div>\n\t\t\t\t<\/div>\n\t\t\t\t<div class=\"elementor-element elementor-element-f50ed2a elementor-widget elementor-widget-heading\" data-id=\"f50ed2a\" data-element_type=\"widget\" data-widget_type=\"heading.default\">\n\t\t\t\t<div class=\"elementor-widget-container\">\n\t\t\t<h3 class=\"elementor-heading-title elementor-size-default\">Incluye<\/h3>\t\t<\/div>\n\t\t\t\t<\/div>\n\t\t\t\t<div class=\"elementor-element elementor-element-bd59c11 elementor-widget elementor-widget-text-editor\" data-id=\"bd59c11\" data-element_type=\"widget\" data-widget_type=\"text-editor.default\">\n\t\t\t\t<div class=\"elementor-widget-container\">\n\t\t\t\t\t\t\t<p>Desbloquearte, alinearte y volver a ti chakra a chakra.<\/p><p><br \/>Esto es lo que hace el Kit 777, que no es solo una caja con productos. <br \/>Es un viaje de 7 semanas para trabajar en tus 7 chakras, uno por semana, desde una mirada cercana, pr\u00e1ctica y transformadora.<\/p><p><br \/>Cada semana te acompa\u00f1amos con:<br \/>\u25ab Una gu\u00eda en papel con explicaciones sencillas para entender la energ\u00eda de cada chakra.<br \/>\u25ab Un test para saber c\u00f3mo se encuentra tu energ\u00eda.<br \/>\u25ab Un calendario con propuestas pr\u00e1cticas para cada d\u00eda: rituales, alimentaci\u00f3n, escritura terap\u00e9utica, colores, movimiento y m\u00e1s.<br \/>\u25ab Productos energ\u00e9ticos seleccionados para acompa\u00f1ar tu proceso.<\/p><p><br \/>Y al finalizar, una \u00faltima semana de integraci\u00f3n con la vela de los 7 chakras, cuya lectura te revelar\u00e1 c\u00f3mo ha quedado el estado de cada uno.<\/p><p><br \/>Si sientes que tu energ\u00eda est\u00e1 desordenada, apagada o bloqueada\u2026 este kit puede ayudarte a volver a ti desde el cuidado, el enfoque y la intenci\u00f3n.<\/p><p><br \/>Est\u00e1 todo pensado para que puedas hacerlo a tu ritmo, con amor y sin complicaciones.<\/p><p><br \/>\u00bfTe unes al viaje?<\/p>\t\t\t\t\t\t<\/div>\n\t\t\t\t<\/div>\n\t\t\t\t\t<\/div>\n\t\t<\/div>\n\t\t\t\t<div class=\"elementor-column elementor-col-50 elementor-inner-column elementor-element elementor-element-a967996\" data-id=\"a967996\" data-element_type=\"column\">\n\t\t\t<div class=\"elementor-widget-wrap elementor-element-populated\">\n\t\t\t\t\t\t<div class=\"elementor-element elementor-element-38791ca elementor-widget elementor-widget-image\" data-id=\"38791ca\" data-element_type=\"widget\" data-widget_type=\"image.default\">\n\t\t\t\t<div class=\"elementor-widget-container\">\n\t\t\t\t\t\t\t\t\t\t\t\t\t<img fetchpriority=\"high\" decoding=\"async\" width=\"675\" height=\"1200\" src=\"https:\/\/gayaessence.com\/wp-content\/uploads\/2024\/11\/PROMO-MANUAL-VR-3-675x1200.png\" class=\"attachment-large size-large wp-image-4258\" alt=\"\" srcset=\"https:\/\/gayaessence.com\/wp-content\/uploads\/2024\/11\/PROMO-MANUAL-VR-3-675x1200.png 675w, https:\/\/gayaessence.com\/wp-content\/uploads\/2024\/11\/PROMO-MANUAL-VR-3-281x500.png 281w, https:\/\/gayaessence.com\/wp-content\/uploads\/2024\/11\/PROMO-MANUAL-VR-3-169x300.png 169w, https:\/\/gayaessence.com\/wp-content\/uploads\/2024\/11\/PROMO-MANUAL-VR-3-768x1365.png 768w, https:\/\/gayaessence.com\/wp-content\/uploads\/2024\/11\/PROMO-MANUAL-VR-3-864x1536.png 864w, https:\/\/gayaessence.com\/wp-content\/uploads\/2024\/11\/PROMO-MANUAL-VR-3-42x75.png 42w, https:\/\/gayaessence.com\/wp-content\/uploads\/2024\/11\/PROMO-MANUAL-VR-3-480x853.png 480w, https:\/\/gayaessence.com\/wp-content\/uploads\/2024\/11\/PROMO-MANUAL-VR-3-800x1422.png 800w, https:\/\/gayaessence.com\/wp-content\/uploads\/2024\/11\/PROMO-MANUAL-VR-3.png 1080w\" sizes=\"(max-width:767px) 480px, 675px\" \/>\t\t\t\t\t\t\t\t\t\t\t\t\t<\/div>\n\t\t\t\t<\/div>\n\t\t\t\t\t<\/div>\n\t\t<\/div>\n\t\t\t\t\t<\/div>\n\t\t<\/section>\n\t\t\t\t\t<\/div>\n\t\t<\/div>\n\t\t\t\t\t<\/div>\n\t\t<\/section>\n\t\t\t\t<\/div>\n\t\t","protected":false},"excerpt":{"rendered":"<p>Prop\u00f3sito Este kit es ideal para trabajar energ\u00e9ticamente de forma completa con tus chakras. Incluye Desbloquearte, alinearte y volver a ti chakra a chakra. Esto es<span class=\"excerpt-hellip\"> [\u2026]<\/span><\/p>\n","protected":false},"featured_media":4256,"template":"","meta":[],"product_brand":[],"product_cat":[26,178],"product_tag":[],"class_list":{"0":"post-1138","1":"product","2":"type-product","3":"status-publish","4":"has-post-thumbnail","6":"product_cat-kits","7":"product_cat-top5kits","9":"first","10":"instock","11":"shipping-taxable","12":"purchasable","13":"product-type-simple"},"yoast_head":"<!-- This site is optimized with the Yoast SEO plugin v23.9 - https:\/\/yoast.com\/wordpress\/plugins\/seo\/ -->\n<title>Kit 777 - Gaya Essence<\/title>\n<meta name=\"robots\" content=\"index, follow, max-snippet:-1, max-image-preview:large, max-video-preview:-1\" \/>\n<link rel=\"canonical\" href=\"https:\/\/gayaessence.com\/index.php\/producto\/kit-chakras\/\" \/>\n<meta property=\"og:locale\" content=\"es_ES\" \/>\n<meta property=\"og:type\" content=\"article\" \/>\n<meta property=\"og:title\" content=\"Kit 777 - Gaya Essence\" \/>\n<meta property=\"og:description\" content=\"Prop\u00f3sito Este kit es ideal para trabajar energ\u00e9ticamente de forma completa con tus chakras. Incluye Desbloquearte, alinearte y volver a ti chakra a chakra. Esto es [\u2026]\" \/>\n<meta property=\"og:url\" content=\"https:\/\/gayaessence.com\/index.php\/producto\/kit-chakras\/\" \/>\n<meta property=\"og:site_name\" content=\"Gaya Essence\" \/>\n<meta property=\"article:modified_time\" content=\"2025-08-18T00:00:26+00:00\" \/>\n<meta name=\"twitter:card\" content=\"summary_large_image\" \/>\n<meta name=\"twitter:label1\" content=\"Tiempo de lectura\" \/>\n\t<meta name=\"twitter:data1\" content=\"2 minutos\" \/>\n<script type=\"application\/ld+json\" class=\"yoast-schema-graph\">{\"@context\":\"https:\/\/schema.org\",\"@graph\":[{\"@type\":\"WebPage\",\"@id\":\"https:\/\/gayaessence.com\/index.php\/producto\/kit-chakras\/\",\"url\":\"https:\/\/gayaessence.com\/index.php\/producto\/kit-chakras\/\",\"name\":\"Kit 777 - Gaya Essence\",\"isPartOf\":{\"@id\":\"https:\/\/gayaessence.com\/#website\"},\"primaryImageOfPage\":{\"@id\":\"https:\/\/gayaessence.com\/index.php\/producto\/kit-chakras\/#primaryimage\"},\"image\":{\"@id\":\"https:\/\/gayaessence.com\/index.php\/producto\/kit-chakras\/#primaryimage\"},\"thumbnailUrl\":\"https:\/\/gayaessence.com\/wp-content\/uploads\/2024\/11\/IMG_8679.heic\",\"datePublished\":\"2024-11-22T16:33:40+00:00\",\"dateModified\":\"2025-08-18T00:00:26+00:00\",\"breadcrumb\":{\"@id\":\"https:\/\/gayaessence.com\/index.php\/producto\/kit-chakras\/#breadcrumb\"},\"inLanguage\":\"es\",\"potentialAction\":[{\"@type\":\"ReadAction\",\"target\":[\"https:\/\/gayaessence.com\/index.php\/producto\/kit-chakras\/\"]}]},{\"@type\":\"ImageObject\",\"inLanguage\":\"es\",\"@id\":\"https:\/\/gayaessence.com\/index.php\/producto\/kit-chakras\/#primaryimage\",\"url\":\"https:\/\/gayaessence.com\/wp-content\/uploads\/2024\/11\/IMG_8679.heic\",\"contentUrl\":\"https:\/\/gayaessence.com\/wp-content\/uploads\/2024\/11\/IMG_8679.heic\"},{\"@type\":\"BreadcrumbList\",\"@id\":\"https:\/\/gayaessence.com\/index.php\/producto\/kit-chakras\/#breadcrumb\",\"itemListElement\":[{\"@type\":\"ListItem\",\"position\":1,\"name\":\"Portada\",\"item\":\"https:\/\/gayaessence.com\/\"},{\"@type\":\"ListItem\",\"position\":2,\"name\":\"Tienda\",\"item\":\"https:\/\/gayaessence.com\/index.php\/shop\/\"},{\"@type\":\"ListItem\",\"position\":3,\"name\":\"Kit 777\"}]},{\"@type\":\"WebSite\",\"@id\":\"https:\/\/gayaessence.com\/#website\",\"url\":\"https:\/\/gayaessence.com\/\",\"name\":\"Gaya Essence\",\"description\":\"Cuida, Protege y Eleva tu Vibraci\u00f3n\",\"publisher\":{\"@id\":\"https:\/\/gayaessence.com\/#organization\"},\"potentialAction\":[{\"@type\":\"SearchAction\",\"target\":{\"@type\":\"EntryPoint\",\"urlTemplate\":\"https:\/\/gayaessence.com\/?s={search_term_string}\"},\"query-input\":{\"@type\":\"PropertyValueSpecification\",\"valueRequired\":true,\"valueName\":\"search_term_string\"}}],\"inLanguage\":\"es\"},{\"@type\":\"Organization\",\"@id\":\"https:\/\/gayaessence.com\/#organization\",\"name\":\"Gaya Essence\",\"url\":\"https:\/\/gayaessence.com\/\",\"logo\":{\"@type\":\"ImageObject\",\"inLanguage\":\"es\",\"@id\":\"https:\/\/gayaessence.com\/#\/schema\/logo\/image\/\",\"url\":\"https:\/\/gayaessence.com\/wp-content\/uploads\/2024\/10\/cropped-logo-transp-1.png\",\"contentUrl\":\"https:\/\/gayaessence.com\/wp-content\/uploads\/2024\/10\/cropped-logo-transp-1.png\",\"width\":500,\"height\":196,\"caption\":\"Gaya Essence\"},\"image\":{\"@id\":\"https:\/\/gayaessence.com\/#\/schema\/logo\/image\/\"}}]}<\/script>\n<!-- \/ Yoast SEO plugin. -->","yoast_head_json":{"title":"Kit 777 - Gaya Essence","robots":{"index":"index","follow":"follow","max-snippet":"max-snippet:-1","max-image-preview":"max-image-preview:large","max-video-preview":"max-video-preview:-1"},"canonical":"https:\/\/gayaessence.com\/index.php\/producto\/kit-chakras\/","og_locale":"es_ES","og_type":"article","og_title":"Kit 777 - Gaya Essence","og_description":"Prop\u00f3sito Este kit es ideal para trabajar energ\u00e9ticamente de forma completa con tus chakras. Incluye Desbloquearte, alinearte y volver a ti chakra a chakra. Esto es [\u2026]","og_url":"https:\/\/gayaessence.com\/index.php\/producto\/kit-chakras\/","og_site_name":"Gaya Essence","article_modified_time":"2025-08-18T00:00:26+00:00","twitter_card":"summary_large_image","twitter_misc":{"Tiempo de lectura":"2 minutos"},"schema":{"@context":"https:\/\/schema.org","@graph":[{"@type":"WebPage","@id":"https:\/\/gayaessence.com\/index.php\/producto\/kit-chakras\/","url":"https:\/\/gayaessence.com\/index.php\/producto\/kit-chakras\/","name":"Kit 777 - Gaya Essence","isPartOf":{"@id":"https:\/\/gayaessence.com\/#website"},"primaryImageOfPage":{"@id":"https:\/\/gayaessence.com\/index.php\/producto\/kit-chakras\/#primaryimage"},"image":{"@id":"https:\/\/gayaessence.com\/index.php\/producto\/kit-chakras\/#primaryimage"},"thumbnailUrl":"https:\/\/gayaessence.com\/wp-content\/uploads\/2024\/11\/IMG_8679.heic","datePublished":"2024-11-22T16:33:40+00:00","dateModified":"2025-08-18T00:00:26+00:00","breadcrumb":{"@id":"https:\/\/gayaessence.com\/index.php\/producto\/kit-chakras\/#breadcrumb"},"inLanguage":"es","potentialAction":[{"@type":"ReadAction","target":["https:\/\/gayaessence.com\/index.php\/producto\/kit-chakras\/"]}]},{"@type":"ImageObject","inLanguage":"es","@id":"https:\/\/gayaessence.com\/index.php\/producto\/kit-chakras\/#primaryimage","url":"https:\/\/gayaessence.com\/wp-content\/uploads\/2024\/11\/IMG_8679.heic","contentUrl":"https:\/\/gayaessence.com\/wp-content\/uploads\/2024\/11\/IMG_8679.heic"},{"@type":"BreadcrumbList","@id":"https:\/\/gayaessence.com\/index.php\/producto\/kit-chakras\/#breadcrumb","itemListElement":[{"@type":"ListItem","position":1,"name":"Portada","item":"https:\/\/gayaessence.com\/"},{"@type":"ListItem","position":2,"name":"Tienda","item":"https:\/\/gayaessence.com\/index.php\/shop\/"},{"@type":"ListItem","position":3,"name":"Kit 777"}]},{"@type":"WebSite","@id":"https:\/\/gayaessence.com\/#website","url":"https:\/\/gayaessence.com\/","name":"Gaya Essence","description":"Cuida, Protege y Eleva tu Vibraci\u00f3n","publisher":{"@id":"https:\/\/gayaessence.com\/#organization"},"potentialAction":[{"@type":"SearchAction","target":{"@type":"EntryPoint","urlTemplate":"https:\/\/gayaessence.com\/?s={search_term_string}"},"query-input":{"@type":"PropertyValueSpecification","valueRequired":true,"valueName":"search_term_string"}}],"inLanguage":"es"},{"@type":"Organization","@id":"https:\/\/gayaessence.com\/#organization","name":"Gaya Essence","url":"https:\/\/gayaessence.com\/","logo":{"@type":"ImageObject","inLanguage":"es","@id":"https:\/\/gayaessence.com\/#\/schema\/logo\/image\/","url":"https:\/\/gayaessence.com\/wp-content\/uploads\/2024\/10\/cropped-logo-transp-1.png","contentUrl":"https:\/\/gayaessence.com\/wp-content\/uploads\/2024\/10\/cropped-logo-transp-1.png","width":500,"height":196,"caption":"Gaya Essence"},"image":{"@id":"https:\/\/gayaessence.com\/#\/schema\/logo\/image\/"}}]}},"jetpack_sharing_enabled":true,"_links":{"self":[{"href":"https:\/\/gayaessence.com\/index.php\/wp-json\/wp\/v2\/product\/1138","targetHints":{"allow":["GET"]}}],"collection":[{"href":"https:\/\/gayaessence.com\/index.php\/wp-json\/wp\/v2\/product"}],"about":[{"href":"https:\/\/gayaessence.com\/index.php\/wp-json\/wp\/v2\/types\/product"}],"version-history":[{"count":10,"href":"https:\/\/gayaessence.com\/index.php\/wp-json\/wp\/v2\/product\/1138\/revisions"}],"predecessor-version":[{"id":4263,"href":"https:\/\/gayaessence.com\/index.php\/wp-json\/wp\/v2\/product\/1138\/revisions\/4263"}],"wp:featuredmedia":[{"embeddable":true,"href":"https:\/\/gayaessence.com\/index.php\/wp-json\/wp\/v2\/media\/4256"}],"wp:attachment":[{"href":"https:\/\/gayaessence.com\/index.php\/wp-json\/wp\/v2\/media?parent=1138"}],"wp:term":[{"taxonomy":"product_brand","embeddable":true,"href":"https:\/\/gayaessence.com\/index.php\/wp-json\/wp\/v2\/product_brand?post=1138"},{"taxonomy":"product_cat","embeddable":true,"href":"https:\/\/gayaessence.com\/index.php\/wp-json\/wp\/v2\/product_cat?post=1138"},{"taxonomy":"product_tag","embeddable":true,"href":"https:\/\/gayaessence.com\/index.php\/wp-json\/wp\/v2\/product_tag?post=1138"}],"curies":[{"name":"wp","href":"https:\/\/api.w.org\/{rel}","templated":true}]}}