{"id":1126,"date":"2024-11-22T15:52:06","date_gmt":"2024-11-22T15:52:06","guid":{"rendered":"https:\/\/gayaessence.com\/?post_type=product&#038;p=1126"},"modified":"2025-08-18T00:00:21","modified_gmt":"2025-08-18T00:00:21","slug":"kit-11-y-22","status":"publish","type":"product","link":"https:\/\/gayaessence.com\/index.php\/producto\/kit-11-y-22\/","title":{"rendered":"Kit 11 y 22"},"content":{"rendered":"\t\t<div data-elementor-type=\"wp-post\" data-elementor-id=\"1126\" class=\"elementor elementor-1126\">\n\t\t\t\t\t\t<section class=\"elementor-section elementor-top-section elementor-element elementor-element-ba79a43 elementor-section-boxed elementor-section-height-default elementor-section-height-default\" data-id=\"ba79a43\" data-element_type=\"section\">\n\t\t\t\t\t\t<div class=\"elementor-container elementor-column-gap-default\">\n\t\t\t\t\t<div class=\"elementor-column elementor-col-100 elementor-top-column elementor-element elementor-element-183df69\" data-id=\"183df69\" data-element_type=\"column\">\n\t\t\t<div class=\"elementor-widget-wrap elementor-element-populated\">\n\t\t\t\t\t\t<section class=\"elementor-section elementor-inner-section elementor-element elementor-element-f5dfea0 elementor-section-boxed elementor-section-height-default elementor-section-height-default\" data-id=\"f5dfea0\" data-element_type=\"section\">\n\t\t\t\t\t\t<div class=\"elementor-container elementor-column-gap-default\">\n\t\t\t\t\t<div class=\"elementor-column elementor-col-50 elementor-inner-column elementor-element elementor-element-a5c31cf\" data-id=\"a5c31cf\" data-element_type=\"column\">\n\t\t\t<div class=\"elementor-widget-wrap elementor-element-populated\">\n\t\t\t\t\t\t<div class=\"elementor-element elementor-element-ae33da0 elementor-widget elementor-widget-heading\" data-id=\"ae33da0\" data-element_type=\"widget\" data-widget_type=\"heading.default\">\n\t\t\t\t<div class=\"elementor-widget-container\">\n\t\t\t<h3 class=\"elementor-heading-title elementor-size-default\">Prop\u00f3sito<\/h3>\t\t<\/div>\n\t\t\t\t<\/div>\n\t\t\t\t<div class=\"elementor-element elementor-element-d4da46a elementor-widget elementor-widget-text-editor\" data-id=\"d4da46a\" data-element_type=\"widget\" data-widget_type=\"text-editor.default\">\n\t\t\t\t<div class=\"elementor-widget-container\">\n\t\t\t\t\t\t\t<p>Los d\u00edas 11 y 22 de cada mes se abren portales energ\u00e9ticos muy poderosos y aprovechamos para encender velas de miel para vibrar en abundancia y realizar rituales de gratitud.<\/p>\t\t\t\t\t\t<\/div>\n\t\t\t\t<\/div>\n\t\t\t\t<div class=\"elementor-element elementor-element-f50ed2a elementor-widget elementor-widget-heading\" data-id=\"f50ed2a\" data-element_type=\"widget\" data-widget_type=\"heading.default\">\n\t\t\t\t<div class=\"elementor-widget-container\">\n\t\t\t<h3 class=\"elementor-heading-title elementor-size-default\">Incluye<\/h3>\t\t<\/div>\n\t\t\t\t<\/div>\n\t\t\t\t<div class=\"elementor-element elementor-element-bd59c11 elementor-widget elementor-widget-text-editor\" data-id=\"bd59c11\" data-element_type=\"widget\" data-widget_type=\"text-editor.default\">\n\t\t\t\t<div class=\"elementor-widget-container\">\n\t\t\t\t\t\t\t<ul><li><p>6 velas de miel medianas<\/p><\/li><\/ul>\t\t\t\t\t\t<\/div>\n\t\t\t\t<\/div>\n\t\t\t\t<div class=\"elementor-element elementor-element-93a5535 elementor-widget elementor-widget-heading\" data-id=\"93a5535\" data-element_type=\"widget\" data-widget_type=\"heading.default\">\n\t\t\t\t<div class=\"elementor-widget-container\">\n\t\t\t<h3 class=\"elementor-heading-title elementor-size-default\">Recuerda<\/h3>\t\t<\/div>\n\t\t\t\t<\/div>\n\t\t\t\t<div class=\"elementor-element elementor-element-ae57f90 elementor-widget elementor-widget-text-editor\" data-id=\"ae57f90\" data-element_type=\"widget\" data-widget_type=\"text-editor.default\">\n\t\t\t\t<div class=\"elementor-widget-container\">\n\t\t\t\t\t\t\t<p>Si quieres personalizar tu kit puedes ponerte en contacto con nosotras directamente y juntas vamos a dise\u00f1ar el kit que mejor se ajuste a lo que necesitas o deseas.<\/p>\t\t\t\t\t\t<\/div>\n\t\t\t\t<\/div>\n\t\t\t\t\t<\/div>\n\t\t<\/div>\n\t\t\t\t<div class=\"elementor-column elementor-col-50 elementor-inner-column elementor-element elementor-element-a967996\" data-id=\"a967996\" data-element_type=\"column\">\n\t\t\t<div class=\"elementor-widget-wrap elementor-element-populated\">\n\t\t\t\t\t\t<div class=\"elementor-element elementor-element-38791ca elementor-widget elementor-widget-image\" data-id=\"38791ca\" data-element_type=\"widget\" data-widget_type=\"image.default\">\n\t\t\t\t<div class=\"elementor-widget-container\">\n\t\t\t\t\t\t\t\t\t\t\t\t\t<img fetchpriority=\"high\" decoding=\"async\" width=\"1080\" height=\"1080\" src=\"https:\/\/gayaessence.com\/wp-content\/uploads\/2024\/11\/KIT-11-Y-22.png\" class=\"attachment-large size-large wp-image-1127\" alt=\"\" srcset=\"https:\/\/gayaessence.com\/wp-content\/uploads\/2024\/11\/KIT-11-Y-22.png 1080w, https:\/\/gayaessence.com\/wp-content\/uploads\/2024\/11\/KIT-11-Y-22-500x500.png 500w, https:\/\/gayaessence.com\/wp-content\/uploads\/2024\/11\/KIT-11-Y-22-300x300.png 300w, https:\/\/gayaessence.com\/wp-content\/uploads\/2024\/11\/KIT-11-Y-22-768x768.png 768w, https:\/\/gayaessence.com\/wp-content\/uploads\/2024\/11\/KIT-11-Y-22-150x150.png 150w, https:\/\/gayaessence.com\/wp-content\/uploads\/2024\/11\/KIT-11-Y-22-75x75.png 75w, https:\/\/gayaessence.com\/wp-content\/uploads\/2024\/11\/KIT-11-Y-22-480x480.png 480w, https:\/\/gayaessence.com\/wp-content\/uploads\/2024\/11\/KIT-11-Y-22-800x800.png 800w\" sizes=\"(max-width:767px) 480px, (max-width:1080px) 100vw, 1080px\" \/>\t\t\t\t\t\t\t\t\t\t\t\t\t<\/div>\n\t\t\t\t<\/div>\n\t\t\t\t\t<\/div>\n\t\t<\/div>\n\t\t\t\t\t<\/div>\n\t\t<\/section>\n\t\t\t\t\t<\/div>\n\t\t<\/div>\n\t\t\t\t\t<\/div>\n\t\t<\/section>\n\t\t\t\t<\/div>\n\t\t","protected":false},"excerpt":{"rendered":"<p>Prop\u00f3sito Los d\u00edas 11 y 22 de cada mes se abren portales energ\u00e9ticos muy poderosos y aprovechamos para encender velas de miel para vibrar en abundancia<span class=\"excerpt-hellip\"> [\u2026]<\/span><\/p>\n","protected":false},"featured_media":1127,"template":"","meta":[],"product_brand":[],"product_cat":[26],"product_tag":[],"class_list":{"0":"post-1126","1":"product","2":"type-product","3":"status-publish","4":"has-post-thumbnail","6":"product_cat-kits","8":"first","9":"instock","10":"shipping-taxable","11":"purchasable","12":"product-type-simple"},"yoast_head":"<!-- This site is optimized with the Yoast SEO plugin v23.9 - https:\/\/yoast.com\/wordpress\/plugins\/seo\/ -->\n<title>Kit 11 y 22 - Gaya Essence<\/title>\n<meta name=\"robots\" content=\"index, follow, max-snippet:-1, max-image-preview:large, max-video-preview:-1\" \/>\n<link rel=\"canonical\" href=\"https:\/\/gayaessence.com\/index.php\/producto\/kit-11-y-22\/\" \/>\n<meta property=\"og:locale\" content=\"es_ES\" \/>\n<meta property=\"og:type\" content=\"article\" \/>\n<meta property=\"og:title\" content=\"Kit 11 y 22 - Gaya Essence\" \/>\n<meta property=\"og:description\" content=\"Prop\u00f3sito Los d\u00edas 11 y 22 de cada mes se abren portales energ\u00e9ticos muy poderosos y aprovechamos para encender velas de miel para vibrar en abundancia [\u2026]\" \/>\n<meta property=\"og:url\" content=\"https:\/\/gayaessence.com\/index.php\/producto\/kit-11-y-22\/\" \/>\n<meta property=\"og:site_name\" content=\"Gaya Essence\" \/>\n<meta property=\"article:modified_time\" content=\"2025-08-18T00:00:21+00:00\" \/>\n<meta property=\"og:image\" content=\"https:\/\/gayaessence.com\/wp-content\/uploads\/2024\/11\/KIT-11-Y-22.png\" \/>\n\t<meta property=\"og:image:width\" content=\"1080\" \/>\n\t<meta property=\"og:image:height\" content=\"1080\" \/>\n\t<meta property=\"og:image:type\" content=\"image\/png\" \/>\n<meta name=\"twitter:card\" content=\"summary_large_image\" \/>\n<meta name=\"twitter:label1\" content=\"Tiempo de lectura\" \/>\n\t<meta name=\"twitter:data1\" content=\"1 minuto\" \/>\n<script type=\"application\/ld+json\" class=\"yoast-schema-graph\">{\"@context\":\"https:\/\/schema.org\",\"@graph\":[{\"@type\":\"WebPage\",\"@id\":\"https:\/\/gayaessence.com\/index.php\/producto\/kit-11-y-22\/\",\"url\":\"https:\/\/gayaessence.com\/index.php\/producto\/kit-11-y-22\/\",\"name\":\"Kit 11 y 22 - Gaya Essence\",\"isPartOf\":{\"@id\":\"https:\/\/gayaessence.com\/#website\"},\"primaryImageOfPage\":{\"@id\":\"https:\/\/gayaessence.com\/index.php\/producto\/kit-11-y-22\/#primaryimage\"},\"image\":{\"@id\":\"https:\/\/gayaessence.com\/index.php\/producto\/kit-11-y-22\/#primaryimage\"},\"thumbnailUrl\":\"https:\/\/gayaessence.com\/wp-content\/uploads\/2024\/11\/KIT-11-Y-22.png\",\"datePublished\":\"2024-11-22T15:52:06+00:00\",\"dateModified\":\"2025-08-18T00:00:21+00:00\",\"breadcrumb\":{\"@id\":\"https:\/\/gayaessence.com\/index.php\/producto\/kit-11-y-22\/#breadcrumb\"},\"inLanguage\":\"es\",\"potentialAction\":[{\"@type\":\"ReadAction\",\"target\":[\"https:\/\/gayaessence.com\/index.php\/producto\/kit-11-y-22\/\"]}]},{\"@type\":\"ImageObject\",\"inLanguage\":\"es\",\"@id\":\"https:\/\/gayaessence.com\/index.php\/producto\/kit-11-y-22\/#primaryimage\",\"url\":\"https:\/\/gayaessence.com\/wp-content\/uploads\/2024\/11\/KIT-11-Y-22.png\",\"contentUrl\":\"https:\/\/gayaessence.com\/wp-content\/uploads\/2024\/11\/KIT-11-Y-22.png\",\"width\":1080,\"height\":1080},{\"@type\":\"BreadcrumbList\",\"@id\":\"https:\/\/gayaessence.com\/index.php\/producto\/kit-11-y-22\/#breadcrumb\",\"itemListElement\":[{\"@type\":\"ListItem\",\"position\":1,\"name\":\"Portada\",\"item\":\"https:\/\/gayaessence.com\/\"},{\"@type\":\"ListItem\",\"position\":2,\"name\":\"Tienda\",\"item\":\"https:\/\/gayaessence.com\/index.php\/shop\/\"},{\"@type\":\"ListItem\",\"position\":3,\"name\":\"Kit 11 y 22\"}]},{\"@type\":\"WebSite\",\"@id\":\"https:\/\/gayaessence.com\/#website\",\"url\":\"https:\/\/gayaessence.com\/\",\"name\":\"Gaya Essence\",\"description\":\"Cuida, Protege y Eleva tu Vibraci\u00f3n\",\"publisher\":{\"@id\":\"https:\/\/gayaessence.com\/#organization\"},\"potentialAction\":[{\"@type\":\"SearchAction\",\"target\":{\"@type\":\"EntryPoint\",\"urlTemplate\":\"https:\/\/gayaessence.com\/?s={search_term_string}\"},\"query-input\":{\"@type\":\"PropertyValueSpecification\",\"valueRequired\":true,\"valueName\":\"search_term_string\"}}],\"inLanguage\":\"es\"},{\"@type\":\"Organization\",\"@id\":\"https:\/\/gayaessence.com\/#organization\",\"name\":\"Gaya Essence\",\"url\":\"https:\/\/gayaessence.com\/\",\"logo\":{\"@type\":\"ImageObject\",\"inLanguage\":\"es\",\"@id\":\"https:\/\/gayaessence.com\/#\/schema\/logo\/image\/\",\"url\":\"https:\/\/gayaessence.com\/wp-content\/uploads\/2024\/10\/cropped-logo-transp-1.png\",\"contentUrl\":\"https:\/\/gayaessence.com\/wp-content\/uploads\/2024\/10\/cropped-logo-transp-1.png\",\"width\":500,\"height\":196,\"caption\":\"Gaya Essence\"},\"image\":{\"@id\":\"https:\/\/gayaessence.com\/#\/schema\/logo\/image\/\"}}]}<\/script>\n<!-- \/ Yoast SEO plugin. -->","yoast_head_json":{"title":"Kit 11 y 22 - Gaya Essence","robots":{"index":"index","follow":"follow","max-snippet":"max-snippet:-1","max-image-preview":"max-image-preview:large","max-video-preview":"max-video-preview:-1"},"canonical":"https:\/\/gayaessence.com\/index.php\/producto\/kit-11-y-22\/","og_locale":"es_ES","og_type":"article","og_title":"Kit 11 y 22 - Gaya Essence","og_description":"Prop\u00f3sito Los d\u00edas 11 y 22 de cada mes se abren portales energ\u00e9ticos muy poderosos y aprovechamos para encender velas de miel para vibrar en abundancia [\u2026]","og_url":"https:\/\/gayaessence.com\/index.php\/producto\/kit-11-y-22\/","og_site_name":"Gaya Essence","article_modified_time":"2025-08-18T00:00:21+00:00","og_image":[{"width":1080,"height":1080,"url":"https:\/\/gayaessence.com\/wp-content\/uploads\/2024\/11\/KIT-11-Y-22.png","type":"image\/png"}],"twitter_card":"summary_large_image","twitter_misc":{"Tiempo de lectura":"1 minuto"},"schema":{"@context":"https:\/\/schema.org","@graph":[{"@type":"WebPage","@id":"https:\/\/gayaessence.com\/index.php\/producto\/kit-11-y-22\/","url":"https:\/\/gayaessence.com\/index.php\/producto\/kit-11-y-22\/","name":"Kit 11 y 22 - Gaya Essence","isPartOf":{"@id":"https:\/\/gayaessence.com\/#website"},"primaryImageOfPage":{"@id":"https:\/\/gayaessence.com\/index.php\/producto\/kit-11-y-22\/#primaryimage"},"image":{"@id":"https:\/\/gayaessence.com\/index.php\/producto\/kit-11-y-22\/#primaryimage"},"thumbnailUrl":"https:\/\/gayaessence.com\/wp-content\/uploads\/2024\/11\/KIT-11-Y-22.png","datePublished":"2024-11-22T15:52:06+00:00","dateModified":"2025-08-18T00:00:21+00:00","breadcrumb":{"@id":"https:\/\/gayaessence.com\/index.php\/producto\/kit-11-y-22\/#breadcrumb"},"inLanguage":"es","potentialAction":[{"@type":"ReadAction","target":["https:\/\/gayaessence.com\/index.php\/producto\/kit-11-y-22\/"]}]},{"@type":"ImageObject","inLanguage":"es","@id":"https:\/\/gayaessence.com\/index.php\/producto\/kit-11-y-22\/#primaryimage","url":"https:\/\/gayaessence.com\/wp-content\/uploads\/2024\/11\/KIT-11-Y-22.png","contentUrl":"https:\/\/gayaessence.com\/wp-content\/uploads\/2024\/11\/KIT-11-Y-22.png","width":1080,"height":1080},{"@type":"BreadcrumbList","@id":"https:\/\/gayaessence.com\/index.php\/producto\/kit-11-y-22\/#breadcrumb","itemListElement":[{"@type":"ListItem","position":1,"name":"Portada","item":"https:\/\/gayaessence.com\/"},{"@type":"ListItem","position":2,"name":"Tienda","item":"https:\/\/gayaessence.com\/index.php\/shop\/"},{"@type":"ListItem","position":3,"name":"Kit 11 y 22"}]},{"@type":"WebSite","@id":"https:\/\/gayaessence.com\/#website","url":"https:\/\/gayaessence.com\/","name":"Gaya Essence","description":"Cuida, Protege y Eleva tu Vibraci\u00f3n","publisher":{"@id":"https:\/\/gayaessence.com\/#organization"},"potentialAction":[{"@type":"SearchAction","target":{"@type":"EntryPoint","urlTemplate":"https:\/\/gayaessence.com\/?s={search_term_string}"},"query-input":{"@type":"PropertyValueSpecification","valueRequired":true,"valueName":"search_term_string"}}],"inLanguage":"es"},{"@type":"Organization","@id":"https:\/\/gayaessence.com\/#organization","name":"Gaya Essence","url":"https:\/\/gayaessence.com\/","logo":{"@type":"ImageObject","inLanguage":"es","@id":"https:\/\/gayaessence.com\/#\/schema\/logo\/image\/","url":"https:\/\/gayaessence.com\/wp-content\/uploads\/2024\/10\/cropped-logo-transp-1.png","contentUrl":"https:\/\/gayaessence.com\/wp-content\/uploads\/2024\/10\/cropped-logo-transp-1.png","width":500,"height":196,"caption":"Gaya Essence"},"image":{"@id":"https:\/\/gayaessence.com\/#\/schema\/logo\/image\/"}}]}},"jetpack_sharing_enabled":true,"_links":{"self":[{"href":"https:\/\/gayaessence.com\/index.php\/wp-json\/wp\/v2\/product\/1126","targetHints":{"allow":["GET"]}}],"collection":[{"href":"https:\/\/gayaessence.com\/index.php\/wp-json\/wp\/v2\/product"}],"about":[{"href":"https:\/\/gayaessence.com\/index.php\/wp-json\/wp\/v2\/types\/product"}],"version-history":[{"count":5,"href":"https:\/\/gayaessence.com\/index.php\/wp-json\/wp\/v2\/product\/1126\/revisions"}],"predecessor-version":[{"id":4228,"href":"https:\/\/gayaessence.com\/index.php\/wp-json\/wp\/v2\/product\/1126\/revisions\/4228"}],"wp:featuredmedia":[{"embeddable":true,"href":"https:\/\/gayaessence.com\/index.php\/wp-json\/wp\/v2\/media\/1127"}],"wp:attachment":[{"href":"https:\/\/gayaessence.com\/index.php\/wp-json\/wp\/v2\/media?parent=1126"}],"wp:term":[{"taxonomy":"product_brand","embeddable":true,"href":"https:\/\/gayaessence.com\/index.php\/wp-json\/wp\/v2\/product_brand?post=1126"},{"taxonomy":"product_cat","embeddable":true,"href":"https:\/\/gayaessence.com\/index.php\/wp-json\/wp\/v2\/product_cat?post=1126"},{"taxonomy":"product_tag","embeddable":true,"href":"https:\/\/gayaessence.com\/index.php\/wp-json\/wp\/v2\/product_tag?post=1126"}],"curies":[{"name":"wp","href":"https:\/\/api.w.org\/{rel}","templated":true}]}}