{"id":8,"date":"2024-11-23T07:27:41","date_gmt":"2024-11-23T07:27:41","guid":{"rendered":"https:\/\/gayaessence.com\/?page_id=8"},"modified":"2024-11-26T19:27:18","modified_gmt":"2024-11-26T19:27:18","slug":"compra-envio-devoluciones","status":"publish","type":"page","link":"https:\/\/gayaessence.com\/index.php\/compra-envio-devoluciones\/","title":{"rendered":"Compra, env\u00edo y pol\u00edtica de devoluciones y reembolsos"},"content":{"rendered":"\n<h2 class=\"wp-block-heading\">Compra, env\u00edo y pol\u00edtica de devoluciones y reembolsos<\/h2>\n\n\n\n<h3 class=\"wp-block-heading\">1.- Procedimiento de compra<\/h3>\n\n\n\n<p>Para solicitar un pedido debe hacerlo a trav\u00e9s de la web y puede hacer cualquier consulta a trav\u00e9s del correo electr\u00f3nico <strong>gayaessence@gmail.com<\/strong> y\/o de los formularios de contacto de la web.<\/p>\n\n\n\n<p>Para confirmar el pedido s\u00f3lo tiene que hacer el pago (m\u00e1s detalles en el punto 2.-Pago y Env\u00edo) y nosotras prepararemos tu producto para enviarlo lo m\u00e1s pronto posible (m\u00e1s detalles en el punto 4.- Tipos de env\u00edos y recogidas).<\/p>\n\n\n\n<h3 class=\"wp-block-heading\">2.- Pago y Env\u00edo:<\/h3>\n\n\n\n<h3>M\u00e9todos de pago<\/h3>\n\n\n\n<p>-Tarjeta: para pasarela de pago on-line. TPV Virtual que acepta cualquier tipo de tarjeta de pago segura VISA, MASTERCARD, etc., con el soporte tecnol\u00f3gico de REDSYS. <\/p>\n\n\n\n<ul class=\"wp-block-list\">\n<li>Comercio: GAYAESSENCE<\/li>\n\n\n\n<li>Responsable: Monica Fragoso S\u00e1nchez<\/li>\n\n\n\n<li>NIF: 77475717X<\/li>\n\n\n\n<li>Direcci\u00f3n: C\/ de Moss\u00e8n Cinto Verdaguer, 3, 08504, Sant Juli\u00e0 de Vilatorta, Barcelona<\/li>\n<\/ul>\n\n\n\n<p>Los precios que encuentras en la web son los precios para productos est\u00e1ndar y no incluyen los gastos de env\u00edo. Estos se pueden ver modificados por diferentes motivos: ofertas por la compra de pack, zona geogr\u00e1fica, etc. Si lo desea, contacte con nosotras en <strong>gayaessence@gmail.com<\/strong> para poder concretar unas condiciones individuales.<\/p>\n\n\n\n<h3 class=\"wp-block-heading\">3.- Tiempo de Entrega:<\/h3>\n\n\n\n<p>Generalmente nuestro env\u00edo se entrega entre 24-48horas laborables.<\/p>\n\n\n\n<h3 class=\"wp-block-heading\">4.- Tipos de env\u00edos y recogidas:<\/h3>\n\n\n\n<p>Recogida local 0\u20ac (a consultar disponibilidad\/stock local)<\/p>\n\n\n\n<p>Env\u00edo Provincial 6,55\u20ac<\/p>\n\n\n\n<p>Env\u00edo Nacional 7,30\u20ac<\/p>\n\n\n\n<p>Env\u00edo Portugal 11,55\u20ac<\/p>\n\n\n\n<p>Env\u00edo Baleares 26,70\u20ac<\/p>\n\n\n\n<p>Env\u00edo Canarias (a consultar)<\/p>\n\n\n\n<p>Trabajamos con env\u00edos certificados a trav\u00e9s de NACEX. Por este motivo podemos garantizar el tiempo de entrega al 100%. En todo momento se podr\u00e1 hacer un seguimiento del estado con el c\u00f3digo de seguimiento del env\u00edo que nos pod\u00e9is solicitar en cualquier momento.<\/p>\n\n\n\n<h3 class=\"wp-block-heading\">5.- Devoluciones:<\/h3>\n\n\n\n<p>Se reconoce al cliente el derecho de desistir del pedido en el plazo de 14 d\u00edas h\u00e1biles a contar desde la recepci\u00f3n del mismo, tal y como recoge el art\u00edculo 44 de la Ley 7\/1996, de 15 de enero, de ordenaci\u00f3n del comercio minorista. Fuera de este plazo no se aceptar\u00e1n revocaciones de pedidos, ni cambios sobre pedidos de subministro de mercanc\u00edas confeccionadas conforme a las especificaciones del cliente o claramente personalizadas, o que, por su propia naturaleza, no puedan ser devueltas o puedan deteriorarse o caducar con rapidez. Para aceptar un producto devuelto es imprescindible que el mismo est\u00e9 intacto.<\/p>\n\n\n\n<p>El Cliente que desiste de la comanda se har\u00e1 cargo del coste de devoluci\u00f3n del env\u00edo del producto que ser\u00e1 mediante NACEX y le tramitaremos la devoluci\u00f3n nosotras mismas. La devoluci\u00f3n del importe se efectuar\u00e1 lo m\u00e1s pronto posible y, en alg\u00fan caso, en un plazo m\u00e1ximo de 30 d\u00edas desde que se ha devuelto el producto, pues necesitamos ordenar la devoluci\u00f3n a trav\u00e9s del banco. El Cliente deber\u00e1 comunicar su desistimiento a GAYAESSENCE mediante correo electr\u00f3nico <strong>gayaessence@gmail.com<\/strong> dentro de dicho plazo de <strong>7 d\u00edas h\u00e1biles<\/strong>.<\/p>\n\n\n\n<p>De esta manera se puede indicar al Cliente el procedimiento de devoluci\u00f3n de la mercanc\u00eda (nombre de devoluci\u00f3n, forma de env\u00edo y direcci\u00f3n de entrega).<\/p>\n\n\n\n<h3 class=\"wp-block-heading\">6.- Aviso:<\/h3>\n\n\n\n<p><strong>GAYAESSENCE<\/strong> es nombre comercial de proyecto de <strong>SONIA AYMERICH FRAGOSO y MONICA FRAGOSO SANCHEZ<\/strong>, ambas son propietarias de esta web, sus im\u00e1genes y su contenido, el cual no se podr\u00e1 reproducir ni de manera parcial ni total sin consentimiento previo. Todos los derechos quedan reservados y para ver m\u00e1s detalles de la <strong>pol\u00edtica de privacidad clica aqu\u00ed<\/strong><\/p>\n","protected":false},"excerpt":{"rendered":"<p>Compra, env\u00edo y pol\u00edtica de devoluciones y reembolsos 1.- Procedimiento de compra Para solicitar un pedido debe hacerlo a trav\u00e9s de la web y puede hacer<span class=\"excerpt-hellip\"> [\u2026]<\/span><\/p>\n","protected":false},"author":1,"featured_media":0,"parent":0,"menu_order":0,"comment_status":"closed","ping_status":"closed","template":"","meta":{"footnotes":""},"class_list":["post-8","page","type-page","status-publish","hentry"],"yoast_head":"<!-- This site is optimized with the Yoast SEO plugin v23.9 - https:\/\/yoast.com\/wordpress\/plugins\/seo\/ -->\n<title>Compra, env\u00edo y pol\u00edtica de devoluciones y reembolsos - Gaya Essence<\/title>\n<meta name=\"robots\" content=\"index, follow, max-snippet:-1, max-image-preview:large, max-video-preview:-1\" \/>\n<link rel=\"canonical\" href=\"https:\/\/gayaessence.com\/index.php\/compra-envio-devoluciones\/\" \/>\n<meta property=\"og:locale\" content=\"es_ES\" \/>\n<meta property=\"og:type\" content=\"article\" \/>\n<meta property=\"og:title\" content=\"Compra, env\u00edo y pol\u00edtica de devoluciones y reembolsos - Gaya Essence\" \/>\n<meta property=\"og:description\" content=\"Compra, env\u00edo y pol\u00edtica de devoluciones y reembolsos 1.- Procedimiento de compra Para solicitar un pedido debe hacerlo a trav\u00e9s de la web y puede hacer [\u2026]\" \/>\n<meta property=\"og:url\" content=\"https:\/\/gayaessence.com\/index.php\/compra-envio-devoluciones\/\" \/>\n<meta property=\"og:site_name\" content=\"Gaya Essence\" \/>\n<meta property=\"article:modified_time\" content=\"2024-11-26T19:27:18+00:00\" \/>\n<meta name=\"twitter:card\" content=\"summary_large_image\" \/>\n<meta name=\"twitter:label1\" content=\"Tiempo de lectura\" \/>\n\t<meta name=\"twitter:data1\" content=\"3 minutos\" \/>\n<script type=\"application\/ld+json\" class=\"yoast-schema-graph\">{\"@context\":\"https:\/\/schema.org\",\"@graph\":[{\"@type\":\"WebPage\",\"@id\":\"https:\/\/gayaessence.com\/index.php\/compra-envio-devoluciones\/\",\"url\":\"https:\/\/gayaessence.com\/index.php\/compra-envio-devoluciones\/\",\"name\":\"Compra, env\u00edo y pol\u00edtica de devoluciones y reembolsos - Gaya Essence\",\"isPartOf\":{\"@id\":\"https:\/\/gayaessence.com\/#website\"},\"datePublished\":\"2024-11-23T07:27:41+00:00\",\"dateModified\":\"2024-11-26T19:27:18+00:00\",\"breadcrumb\":{\"@id\":\"https:\/\/gayaessence.com\/index.php\/compra-envio-devoluciones\/#breadcrumb\"},\"inLanguage\":\"es\",\"potentialAction\":[{\"@type\":\"ReadAction\",\"target\":[\"https:\/\/gayaessence.com\/index.php\/compra-envio-devoluciones\/\"]}]},{\"@type\":\"BreadcrumbList\",\"@id\":\"https:\/\/gayaessence.com\/index.php\/compra-envio-devoluciones\/#breadcrumb\",\"itemListElement\":[{\"@type\":\"ListItem\",\"position\":1,\"name\":\"Portada\",\"item\":\"https:\/\/gayaessence.com\/\"},{\"@type\":\"ListItem\",\"position\":2,\"name\":\"Compra, env\u00edo y pol\u00edtica de devoluciones y reembolsos\"}]},{\"@type\":\"WebSite\",\"@id\":\"https:\/\/gayaessence.com\/#website\",\"url\":\"https:\/\/gayaessence.com\/\",\"name\":\"Gaya Essence\",\"description\":\"Cuida, Protege y Eleva tu Vibraci\u00f3n\",\"publisher\":{\"@id\":\"https:\/\/gayaessence.com\/#organization\"},\"potentialAction\":[{\"@type\":\"SearchAction\",\"target\":{\"@type\":\"EntryPoint\",\"urlTemplate\":\"https:\/\/gayaessence.com\/?s={search_term_string}\"},\"query-input\":{\"@type\":\"PropertyValueSpecification\",\"valueRequired\":true,\"valueName\":\"search_term_string\"}}],\"inLanguage\":\"es\"},{\"@type\":\"Organization\",\"@id\":\"https:\/\/gayaessence.com\/#organization\",\"name\":\"Gaya Essence\",\"url\":\"https:\/\/gayaessence.com\/\",\"logo\":{\"@type\":\"ImageObject\",\"inLanguage\":\"es\",\"@id\":\"https:\/\/gayaessence.com\/#\/schema\/logo\/image\/\",\"url\":\"https:\/\/gayaessence.com\/wp-content\/uploads\/2024\/10\/cropped-logo-transp-1.png\",\"contentUrl\":\"https:\/\/gayaessence.com\/wp-content\/uploads\/2024\/10\/cropped-logo-transp-1.png\",\"width\":500,\"height\":196,\"caption\":\"Gaya Essence\"},\"image\":{\"@id\":\"https:\/\/gayaessence.com\/#\/schema\/logo\/image\/\"}}]}<\/script>\n<!-- \/ Yoast SEO plugin. -->","yoast_head_json":{"title":"Compra, env\u00edo y pol\u00edtica de devoluciones y reembolsos - Gaya Essence","robots":{"index":"index","follow":"follow","max-snippet":"max-snippet:-1","max-image-preview":"max-image-preview:large","max-video-preview":"max-video-preview:-1"},"canonical":"https:\/\/gayaessence.com\/index.php\/compra-envio-devoluciones\/","og_locale":"es_ES","og_type":"article","og_title":"Compra, env\u00edo y pol\u00edtica de devoluciones y reembolsos - Gaya Essence","og_description":"Compra, env\u00edo y pol\u00edtica de devoluciones y reembolsos 1.- Procedimiento de compra Para solicitar un pedido debe hacerlo a trav\u00e9s de la web y puede hacer [\u2026]","og_url":"https:\/\/gayaessence.com\/index.php\/compra-envio-devoluciones\/","og_site_name":"Gaya Essence","article_modified_time":"2024-11-26T19:27:18+00:00","twitter_card":"summary_large_image","twitter_misc":{"Tiempo de lectura":"3 minutos"},"schema":{"@context":"https:\/\/schema.org","@graph":[{"@type":"WebPage","@id":"https:\/\/gayaessence.com\/index.php\/compra-envio-devoluciones\/","url":"https:\/\/gayaessence.com\/index.php\/compra-envio-devoluciones\/","name":"Compra, env\u00edo y pol\u00edtica de devoluciones y reembolsos - Gaya Essence","isPartOf":{"@id":"https:\/\/gayaessence.com\/#website"},"datePublished":"2024-11-23T07:27:41+00:00","dateModified":"2024-11-26T19:27:18+00:00","breadcrumb":{"@id":"https:\/\/gayaessence.com\/index.php\/compra-envio-devoluciones\/#breadcrumb"},"inLanguage":"es","potentialAction":[{"@type":"ReadAction","target":["https:\/\/gayaessence.com\/index.php\/compra-envio-devoluciones\/"]}]},{"@type":"BreadcrumbList","@id":"https:\/\/gayaessence.com\/index.php\/compra-envio-devoluciones\/#breadcrumb","itemListElement":[{"@type":"ListItem","position":1,"name":"Portada","item":"https:\/\/gayaessence.com\/"},{"@type":"ListItem","position":2,"name":"Compra, env\u00edo y pol\u00edtica de devoluciones y reembolsos"}]},{"@type":"WebSite","@id":"https:\/\/gayaessence.com\/#website","url":"https:\/\/gayaessence.com\/","name":"Gaya Essence","description":"Cuida, Protege y Eleva tu Vibraci\u00f3n","publisher":{"@id":"https:\/\/gayaessence.com\/#organization"},"potentialAction":[{"@type":"SearchAction","target":{"@type":"EntryPoint","urlTemplate":"https:\/\/gayaessence.com\/?s={search_term_string}"},"query-input":{"@type":"PropertyValueSpecification","valueRequired":true,"valueName":"search_term_string"}}],"inLanguage":"es"},{"@type":"Organization","@id":"https:\/\/gayaessence.com\/#organization","name":"Gaya Essence","url":"https:\/\/gayaessence.com\/","logo":{"@type":"ImageObject","inLanguage":"es","@id":"https:\/\/gayaessence.com\/#\/schema\/logo\/image\/","url":"https:\/\/gayaessence.com\/wp-content\/uploads\/2024\/10\/cropped-logo-transp-1.png","contentUrl":"https:\/\/gayaessence.com\/wp-content\/uploads\/2024\/10\/cropped-logo-transp-1.png","width":500,"height":196,"caption":"Gaya Essence"},"image":{"@id":"https:\/\/gayaessence.com\/#\/schema\/logo\/image\/"}}]}},"jetpack_sharing_enabled":true,"_links":{"self":[{"href":"https:\/\/gayaessence.com\/index.php\/wp-json\/wp\/v2\/pages\/8","targetHints":{"allow":["GET"]}}],"collection":[{"href":"https:\/\/gayaessence.com\/index.php\/wp-json\/wp\/v2\/pages"}],"about":[{"href":"https:\/\/gayaessence.com\/index.php\/wp-json\/wp\/v2\/types\/page"}],"author":[{"embeddable":true,"href":"https:\/\/gayaessence.com\/index.php\/wp-json\/wp\/v2\/users\/1"}],"replies":[{"embeddable":true,"href":"https:\/\/gayaessence.com\/index.php\/wp-json\/wp\/v2\/comments?post=8"}],"version-history":[{"count":12,"href":"https:\/\/gayaessence.com\/index.php\/wp-json\/wp\/v2\/pages\/8\/revisions"}],"predecessor-version":[{"id":2831,"href":"https:\/\/gayaessence.com\/index.php\/wp-json\/wp\/v2\/pages\/8\/revisions\/2831"}],"wp:attachment":[{"href":"https:\/\/gayaessence.com\/index.php\/wp-json\/wp\/v2\/media?parent=8"}],"curies":[{"name":"wp","href":"https:\/\/api.w.org\/{rel}","templated":true}]}}